{"id":2268,"date":"2025-09-11T05:33:40","date_gmt":"2025-09-11T05:33:40","guid":{"rendered":"https:\/\/weitai2.globaldeepsea.site\/product\/graphite-suscepctor-with-silicon-carbide-coating-barrel-tray\/"},"modified":"2026-04-29T15:28:03","modified_gmt":"2026-04-29T07:28:03","slug":"graphite-suscepctor-with-silicon-carbide-coating-barrel-tray","status":"publish","type":"product","link":"https:\/\/www.cn-semiconductorparts.com\/pl\/product\/graphite-suscepctor-with-silicon-carbide-coating-barrel-tray\/","title":{"rendered":"Graphite Suscepctor with Silicon Carbide Coating Barrel tray"},"content":{"rendered":"<div class=\"fl-builder-content fl-builder-content-2196 fl-builder-content-primary fl-builder-global-templates-locked\" data-post-id=\"2196\">\n<div class=\"fl-row fl-row-full-width fl-row-bg-none fl-node-64c8b476c9324\" data-node=\"64c8b476c9324\">\n<div class=\"fl-row-content-wrap\">\n<div class=\"fl-row-content fl-row-full-width fl-node-content\">\n<div class=\"fl-col-group fl-node-64c8b476c9363\" data-node=\"64c8b476c9363\">\n<div class=\"fl-col fl-node-64c8b476c93a1\" data-node=\"64c8b476c93a1\" style=\"width: 100%;\">\n<div class=\"fl-col-content fl-node-content\">\n<div class=\"fl-module fl-module-heading fl-node-64c8b476c93df pro_tit\" data-animation-delay=\"0.0\" data-node=\"64c8b476c93df\">\n<div class=\"fl-module-content fl-node-content\">\n<h3 class=\"fl-heading\"> <span class=\"fl-heading-text\">Opis<\/span> <\/h3>\n<\/p><\/div>\n<\/p><\/div>\n<\/p><\/div>\n<\/p><\/div>\n<\/p><\/div>\n<div class=\"fl-col-group fl-node-64c8b476c941c\" data-node=\"64c8b476c941c\">\n<div class=\"fl-col fl-node-64c8b476c9459\" data-node=\"64c8b476c9459\" style=\"width: 100%;\">\n<div class=\"fl-col-content fl-node-content\">\n<div class=\"fl-module fl-module-rich-text fl-node-64c8b476c9496\" data-animation-delay=\"0.0\" data-node=\"64c8b476c9496\">\n<div class=\"fl-module-content fl-node-content\">\n<div class=\"fl-rich-text\">\n<p>Our company provides SiC coating process services by CVD method on the surface of graphite, ceramics and other materials, so that special gases containing carbon and silicon react at high temperature to obtain high purity SiC molecules, molecules deposited on the surface of the coated materials, forming SIC protective layer.<\/p>\n<\/p><\/div>\n<\/p><\/div>\n<\/p><\/div>\n<\/p><\/div>\n<\/p><\/div>\n<\/p><\/div>\n<div class=\"fl-col-group fl-node-64c8b476c94d3\" data-node=\"64c8b476c94d3\">\n<div class=\"fl-col fl-node-64c8b476c9511 fl-col-small\" data-node=\"64c8b476c9511\" style=\"width: 50%;\">\n<div class=\"fl-col-content fl-node-content\">\n<div class=\"fl-module fl-module-rich-text fl-node-64c8b476c958b\" data-animation-delay=\"0.0\" data-node=\"64c8b476c958b\">\n<div class=\"fl-module-content fl-node-content\">\n<div class=\"fl-rich-text\">\n<p><img decoding=\"async\" alt=\"about (1)\" class=\"alignnone size-full wp-image-1428\" src=\"\/wp-content\/uploads\/2025\/09\/e5ae680f0d432690.webp\"> <\/img><\/p>\n<\/p><\/div>\n<\/p><\/div>\n<\/p><\/div>\n<\/p><\/div>\n<\/p><\/div>\n<div class=\"fl-col fl-node-64c8b476c95a5 fl-col-small\" data-node=\"64c8b476c95a5\" style=\"width: 50%;\">\n<div class=\"fl-col-content fl-node-content\">\n<div class=\"fl-module fl-module-rich-text fl-node-64c8b476c954e\" data-animation-delay=\"0.0\" data-node=\"64c8b476c954e\">\n<div class=\"fl-module-content fl-node-content\">\n<div class=\"fl-rich-text\">\n<p><img decoding=\"async\" alt=\"about (2)\" class=\"alignnone size-medium wp-image-1429\" src=\"\/wp-content\/uploads\/2025\/09\/d4b62ed10259bfdc.webp\"\/><\/p>\n<\/p><\/div>\n<\/p><\/div>\n<\/p><\/div>\n<\/p><\/div>\n<\/p><\/div>\n<\/p><\/div>\n<\/p><\/div>\n<\/p><\/div>\n<\/p><\/div>\n<div class=\"fl-row fl-row-full-width fl-row-bg-none fl-node-64c8b476c95e2\" data-node=\"64c8b476c95e2\">\n<div class=\"fl-row-content-wrap\">\n<div class=\"fl-row-content fl-row-full-width fl-node-content\">\n<div class=\"fl-col-group fl-node-64c8b476c9620\" data-node=\"64c8b476c9620\">\n<div class=\"fl-col fl-node-64c8b476c965d\" data-node=\"64c8b476c965d\" style=\"width: 100%;\">\n<div class=\"fl-col-content fl-node-content\">\n<div class=\"fl-module fl-module-heading fl-node-64c8b476c969b pro_tit\" data-animation-delay=\"0.0\" data-node=\"64c8b476c969b\">\n<div class=\"fl-module-content fl-node-content\">\n<h3 class=\"fl-heading\"> <span class=\"fl-heading-text\">Main Features<\/span> <\/h3>\n<\/p><\/div>\n<\/p><\/div>\n<\/p><\/div>\n<\/p><\/div>\n<\/p><\/div>\n<div class=\"fl-col-group fl-node-64c8b476c96d7\" data-node=\"64c8b476c96d7\">\n<div class=\"fl-col fl-node-64c8b476c9714\" data-node=\"64c8b476c9714\" style=\"width: 100%;\">\n<div class=\"fl-col-content fl-node-content\">\n<div class=\"fl-module fl-module-rich-text fl-node-64c8b476c9751\" data-animation-delay=\"0.0\" data-node=\"64c8b476c9751\">\n<div class=\"fl-module-content fl-node-content\">\n<div class=\"fl-rich-text\">\n<p>1 .High purity SiC coated graphite<\/p>\n<p>2. Superior heat resistance &amp; thermal uniformity<\/p>\n<p>3. Fine SiC crystal coated for a smooth surface<\/p>\n<p>4. High durability against chemical cleaning<\/p>\n<\/p><\/div>\n<\/p><\/div>\n<\/p><\/div>\n<\/p><\/div>\n<\/p><\/div>\n<\/p><\/div>\n<\/p><\/div>\n<\/p><\/div>\n<\/p><\/div>\n<div class=\"fl-row fl-row-full-width fl-row-bg-none fl-node-64c8b476c978e\" data-node=\"64c8b476c978e\">\n<div class=\"fl-row-content-wrap\">\n<div class=\"fl-row-content fl-row-full-width fl-node-content\">\n<div class=\"fl-col-group fl-node-64c8b476c97cb\" data-node=\"64c8b476c97cb\">\n<div class=\"fl-col fl-node-64c8b476c9809\" data-node=\"64c8b476c9809\" style=\"width: 100%;\">\n<div class=\"fl-col-content fl-node-content\">\n<div class=\"fl-module fl-module-heading fl-node-64c8b476c9846 pro_tit\" data-animation-delay=\"0.0\" data-node=\"64c8b476c9846\">\n<div class=\"fl-module-content fl-node-content\">\n<h3 class=\"fl-heading\"> <span class=\"fl-heading-text\">Main Specifications of CVD-SIC Coating<\/span> <\/h3>\n<\/p><\/div>\n<\/p><\/div>\n<\/p><\/div>\n<\/p><\/div>\n<\/p><\/div>\n<div class=\"fl-col-group fl-node-64c8b476c9882\" data-node=\"64c8b476c9882\">\n<div class=\"fl-col fl-node-64c8b476c98bf\" data-node=\"64c8b476c98bf\" style=\"width: 100%;\">\n<div class=\"fl-col-content fl-node-content\">\n<div class=\"fl-module fl-module-rich-text fl-node-64c8b476c98fc\" data-animation-delay=\"0.0\" data-node=\"64c8b476c98fc\">\n<div class=\"fl-module-content fl-node-content\">\n<div class=\"fl-rich-text\">\n<table border=\"0\" cellspacing=\"0\">\n<tbody>\n<tr>\n<td colspan=\"3\" width=\"620\"> SiC-CVD Properties <\/td>\n<\/tr>\n<tr>\n<td valign=\"center\" width=\"214\">Crystal Structure<\/td>\n<td colspan=\"2\" valign=\"center\" width=\"405\"> FCC\u00a0\u03b2\u00a0phase <\/td>\n<\/tr>\n<tr>\n<td valign=\"center\" width=\"214\">G\u0119sto\u015b\u0107<\/td>\n<td valign=\"center\" width=\"172\">g\/cm\u00a0\u00b3<\/td>\n<td valign=\"center\" width=\"232\">3.21<\/td>\n<\/tr>\n<tr>\n<td valign=\"center\" width=\"214\">Hardness<\/td>\n<td valign=\"center\" width=\"172\">Vickers hardness<\/td>\n<td valign=\"center\" width=\"232\">2500<\/td>\n<\/tr>\n<tr>\n<td valign=\"center\" width=\"214\">Grain Size<\/td>\n<td valign=\"center\" width=\"172\">\u03bcm<\/td>\n<td valign=\"center\" width=\"232\">2~10<\/td>\n<\/tr>\n<tr>\n<td valign=\"center\" width=\"214\">Chemical Purity<\/td>\n<td valign=\"center\" width=\"172\">%<\/td>\n<td valign=\"bottom\" width=\"232\">99.99995<\/td>\n<\/tr>\n<tr>\n<td valign=\"center\" width=\"214\">Heat Capacity<\/td>\n<td valign=\"center\" width=\"172\">J\u00b7kg-1\u00a0\u00b7K-1<\/td>\n<td valign=\"bottom\" width=\"232\">640<\/td>\n<\/tr>\n<tr>\n<td valign=\"center\" width=\"214\">Sublimation Temperature<\/td>\n<td valign=\"center\" width=\"172\">\u2103<\/td>\n<td valign=\"bottom\" width=\"232\">2700<\/td>\n<\/tr>\n<tr>\n<td valign=\"center\" width=\"214\">Felexural Strength<\/td>\n<td valign=\"center\" width=\"172\">MPa\u00a0 (RT 4-point)<\/td>\n<td valign=\"bottom\" width=\"232\">415<\/td>\n<\/tr>\n<tr>\n<td valign=\"center\" width=\"214\">Young\u2019 s Modulus<\/td>\n<td valign=\"center\" width=\"172\">Gpa (4pt bend, 1300\u2103)<\/td>\n<td valign=\"bottom\" width=\"232\">430<\/td>\n<\/tr>\n<tr>\n<td valign=\"center\" width=\"214\">Thermal Expansion (C.T.E)<\/td>\n<td valign=\"center\" width=\"172\">10-6K-1<\/td>\n<td valign=\"bottom\" width=\"232\">4.5<\/td>\n<\/tr>\n<tr>\n<td valign=\"center\" width=\"214\">Przewodno\u015b\u0107 cieplna<\/td>\n<td valign=\"center\" width=\"172\">(W\/mK)<\/td>\n<td valign=\"bottom\" width=\"232\">300<\/td>\n<\/tr>\n<\/tbody>\n<\/table><\/div>\n<\/p><\/div>\n<\/p><\/div>\n<\/p><\/div>\n<\/p><\/div>\n<\/p><\/div>\n<div class=\"fl-col-group fl-node-64c8b476c9c67\" data-node=\"64c8b476c9c67\">\n<div class=\"fl-col fl-node-64c8b476c9ca4\" data-node=\"64c8b476c9ca4\" style=\"width: 100%;\">\n<div class=\"fl-col-content fl-node-content\">\n<div class=\"fl-module fl-module-photo fl-node-64c8b476c9ce1\" data-animation-delay=\"0.0\" data-node=\"64c8b476c9ce1\">\n<div class=\"fl-module-content fl-node-content\">\n<div class=\"fl-photo fl-photo-align-center\" itemscope=\"\" itemtype=\"http:\/\/schema.org\/ImageObject\">\n<div class=\"fl-photo-content fl-photo-img-png\"> <img decoding=\"async\" alt=\"\u56fe\u7247 3\" class=\"fl-photo-img wp-image-2190\" itemprop=\"image\" src=\"\/wp-content\/uploads\/2025\/09\/f7dd94c6df88569d.webp\"> <\/img><\/div>\n<\/p><\/div>\n<\/p><\/div>\n<\/p><\/div>\n<\/p><\/div>\n<\/p><\/div>\n<\/p><\/div>\n<div class=\"fl-col-group fl-node-64c8b476c9d1e\" data-node=\"64c8b476c9d1e\">\n<div class=\"fl-col fl-node-64c8b476c9d5b\" data-node=\"64c8b476c9d5b\" style=\"width: 100%;\">\n<div class=\"fl-col-content fl-node-content\">\n<div class=\"fl-module fl-module-photo fl-node-64c8b476c9d75\" data-animation-delay=\"0.0\" data-node=\"64c8b476c9d75\">\n<div class=\"fl-module-content fl-node-content\">\n<div class=\"fl-photo fl-photo-align-center\" itemscope=\"\" itemtype=\"http:\/\/schema.org\/ImageObject\">\n<div class=\"fl-photo-content fl-photo-img-png\"> <img decoding=\"async\" alt=\"\u56fe\u7247 1\" class=\"fl-photo-img wp-image-2191\" itemprop=\"image\" src=\"\/wp-content\/uploads\/2025\/09\/d5c6668062ba12e1.webp\"> <\/img><\/div>\n<\/p><\/div>\n<\/p><\/div>\n<\/p><\/div>\n<\/p><\/div>\n<\/p><\/div>\n<\/p><\/div>\n<div class=\"fl-col-group fl-node-64c8b476c9db5\" data-node=\"64c8b476c9db5\">\n<div class=\"fl-col fl-node-64c8b476c9df3\" data-node=\"64c8b476c9df3\" style=\"width: 100%;\">\n<div class=\"fl-col-content fl-node-content\">\n<div class=\"fl-module fl-module-photo fl-node-64c8b476c9e32\" data-animation-delay=\"0.0\" data-node=\"64c8b476c9e32\">\n<div class=\"fl-module-content fl-node-content\">\n<div class=\"fl-photo fl-photo-align-center\" itemscope=\"\" itemtype=\"http:\/\/schema.org\/ImageObject\">\n<div class=\"fl-photo-content fl-photo-img-png\"> <img decoding=\"async\" alt=\"\u56fe\u7247 2\" class=\"fl-photo-img wp-image-2192\" itemprop=\"image\" src=\"\/wp-content\/uploads\/2025\/09\/ef40a56229fd89bc.webp\"> <\/img><\/div>\n<\/p><\/div>\n<\/p><\/div>\n<\/p><\/div>\n<div class=\"fl-module fl-module-photo fl-node-64c8b476c9eae\" data-animation-delay=\"0.0\" data-node=\"64c8b476c9eae\">\n<div class=\"fl-module-content fl-node-content\">\n<div class=\"fl-photo fl-photo-align-center\" itemscope=\"\" itemtype=\"http:\/\/schema.org\/ImageObject\">\n<div class=\"fl-photo-content fl-photo-img-png\"> <img decoding=\"async\" alt=\"\u56fe\u7247 4\" class=\"fl-photo-img wp-image-2193\" itemprop=\"image\" src=\"\/wp-content\/uploads\/2025\/09\/ab85824afbb10429.webp\"> <\/img><\/div>\n<\/p><\/div>\n<\/p><\/div>\n<\/p><\/div>\n<div class=\"fl-module fl-module-photo fl-node-64c8b476c9e70\" data-animation-delay=\"0.0\" data-node=\"64c8b476c9e70\">\n<div class=\"fl-module-content fl-node-content\">\n<div class=\"fl-photo fl-photo-align-center\" itemscope=\"\" itemtype=\"http:\/\/schema.org\/ImageObject\">\n<div class=\"fl-photo-content fl-photo-img-png\"> <img decoding=\"async\" alt=\"Zdj\u0119cie 5\" class=\"fl-photo-img wp-image-2194\" itemprop=\"image\" src=\"\/wp-content\/uploads\/2025\/09\/3e32f1f310f087aa.webp\"> <\/img><\/div>\n<\/p><\/div>\n<\/p><\/div>\n<\/p><\/div>\n<\/p><\/div>\n<\/p><\/div>\n<\/p><\/div>\n<div class=\"fl-col-group fl-node-66174b9a877b6\" data-node=\"66174b9a877b6\">\n<div class=\"fl-col fl-node-66174b9a87973\" data-node=\"66174b9a87973\" style=\"width: 100%;\">\n<div class=\"fl-col-content fl-node-content\">\n<div class=\"fl-module fl-module-photo fl-node-66174b9a8762e\" data-animation-delay=\"0.0\" data-node=\"66174b9a8762e\">\n<div class=\"fl-module-content fl-node-content\">\n<div class=\"fl-photo fl-photo-align-center\" itemscope=\"\" itemtype=\"http:\/\/schema.org\/ImageObject\">\n<div class=\"fl-photo-content fl-photo-img-jpg\"> <img decoding=\"async\" alt=\"Miejsce pracy p\u00f3\u0142cesy\" class=\"fl-photo-img wp-image-7286\" itemprop=\"image\" src=\"\/wp-content\/uploads\/2025\/09\/b1dd0bcab1675ff4.webp\"> <\/img><\/div>\n<\/p><\/div>\n<\/p><\/div>\n<\/p><\/div>\n<div class=\"fl-module fl-module-photo fl-node-66174ba7c129f\" data-animation-delay=\"0.0\" data-node=\"66174ba7c129f\">\n<div class=\"fl-module-content fl-node-content\">\n<div class=\"fl-photo fl-photo-align-center\" itemscope=\"\" itemtype=\"http:\/\/schema.org\/ImageObject\">\n<div class=\"fl-photo-content fl-photo-img-jpg\"> <img decoding=\"async\" alt=\"P\u00f3\u0142cera robocza miejsce 2\" class=\"fl-photo-img wp-image-7287\" itemprop=\"image\" src=\"\/wp-content\/uploads\/2025\/09\/2b946d2b4b61306d.webp\"\/> <\/div>\n<\/p><\/div>\n<\/p><\/div>\n<\/p><\/div>\n<div class=\"fl-module fl-module-photo fl-node-66174ba6c1410\" data-animation-delay=\"0.0\" data-node=\"66174ba6c1410\">\n<div class=\"fl-module-content fl-node-content\">\n<div class=\"fl-photo fl-photo-align-center\" itemscope=\"\" itemtype=\"http:\/\/schema.org\/ImageObject\">\n<div class=\"fl-photo-content fl-photo-img-jpg\"> <img decoding=\"async\" alt=\"Maszyna sprz\u0119tu\" class=\"fl-photo-img wp-image-7288\" itemprop=\"image\" src=\"\/wp-content\/uploads\/2025\/09\/081b6529d68ead23.webp\"\/> <\/div>\n<\/p><\/div>\n<\/p><\/div>\n<\/p><\/div>\n<div class=\"fl-module fl-module-photo fl-node-66174ba5318c3\" data-animation-delay=\"0.0\" data-node=\"66174ba5318c3\">\n<div class=\"fl-module-content fl-node-content\">\n<div class=\"fl-photo fl-photo-align-center\" itemscope=\"\" itemtype=\"http:\/\/schema.org\/ImageObject\">\n<div class=\"fl-photo-content fl-photo-img-jpg\"> <img decoding=\"async\" alt=\"Przetwarzanie CNN, czyszczenie chemiczne, pow\u0142oka CVD\" class=\"fl-photo-img wp-image-7289\" itemprop=\"image\" src=\"\/wp-content\/uploads\/2025\/09\/a4132b2b399abbac.webp\"\/> <\/div>\n<\/p><\/div>\n<\/p><\/div>\n<\/p><\/div>\n<div class=\"fl-module fl-module-photo fl-node-66174ba420915\" data-animation-delay=\"0.0\" data-node=\"66174ba420915\">\n<div class=\"fl-module-content fl-node-content\">\n<div class=\"fl-photo fl-photo-align-center\" itemscope=\"\" itemtype=\"http:\/\/schema.org\/ImageObject\">\n<div class=\"fl-photo-content fl-photo-img-jpg\"> <img decoding=\"async\" alt=\"Nasza us\u0142uga\" class=\"fl-photo-img wp-image-7290\" itemprop=\"image\" src=\"\/wp-content\/uploads\/2025\/09\/b07f222c0ec0ab8d.webp\"\/> <\/div>\n<\/p><\/div>\n<\/p><\/div>\n<\/p><\/div>\n<\/p><\/div>\n<\/p><\/div>\n<\/p><\/div>\n<\/p><\/div>\n<\/p><\/div>\n<\/p><\/div>\n<\/div>","protected":false},"excerpt":{"rendered":"<p>Semicera\u00a0offers a comprehensive range of susceptors and graphite components designed for various epitaxy reactors.Through strategic partnerships with industry-leading OEMs, extensive materials expertise, and advanced manufacturing capabilities, Semicera\u00a0delivers tailored designs to meet the specific requirements of your application. Our commitment to excellence ensures that you receive optimal solutions for your epitaxy reactor needs.<\/p>","protected":false},"featured_media":1065,"comment_status":"closed","ping_status":"open","template":"","meta":[],"product_brand":[],"product_cat":[16,17],"product_tag":[],"class_list":{"0":"post-2268","1":"product","2":"type-product","3":"status-publish","4":"has-post-thumbnail","6":"product_cat-cvd-sic","7":"product_cat-si-epitaxial-parts","9":"first","10":"instock","11":"product-type-simple"},"_links":{"self":[{"href":"https:\/\/www.cn-semiconductorparts.com\/pl\/wp-json\/wp\/v2\/product\/2268","targetHints":{"allow":["GET"]}}],"collection":[{"href":"https:\/\/www.cn-semiconductorparts.com\/pl\/wp-json\/wp\/v2\/product"}],"about":[{"href":"https:\/\/www.cn-semiconductorparts.com\/pl\/wp-json\/wp\/v2\/types\/product"}],"replies":[{"embeddable":true,"href":"https:\/\/www.cn-semiconductorparts.com\/pl\/wp-json\/wp\/v2\/comments?post=2268"}],"wp:featuredmedia":[{"embeddable":true,"href":"https:\/\/www.cn-semiconductorparts.com\/pl\/wp-json\/wp\/v2\/media\/1065"}],"wp:attachment":[{"href":"https:\/\/www.cn-semiconductorparts.com\/pl\/wp-json\/wp\/v2\/media?parent=2268"}],"wp:term":[{"taxonomy":"product_brand","embeddable":true,"href":"https:\/\/www.cn-semiconductorparts.com\/pl\/wp-json\/wp\/v2\/product_brand?post=2268"},{"taxonomy":"product_cat","embeddable":true,"href":"https:\/\/www.cn-semiconductorparts.com\/pl\/wp-json\/wp\/v2\/product_cat?post=2268"},{"taxonomy":"product_tag","embeddable":true,"href":"https:\/\/www.cn-semiconductorparts.com\/pl\/wp-json\/wp\/v2\/product_tag?post=2268"}],"curies":[{"name":"WP","href":"https:\/\/api.w.org\/{rel}","templated":true}]}}