{"id":2275,"date":"2025-09-11T13:33:47","date_gmt":"2025-09-11T05:33:47","guid":{"rendered":"https:\/\/weitai2.globaldeepsea.site\/product\/silicon-carbide-microreactive-plate\/"},"modified":"2025-12-05T10:38:39","modified_gmt":"2025-12-05T02:38:39","slug":"silicon-carbide-microreactive-plate","status":"publish","type":"product","link":"https:\/\/www.cn-semiconductorparts.com\/pl\/product\/silicon-carbide-microreactive-plate\/","title":{"rendered":"Silicon carbide microreactive plate"},"content":{"rendered":"<div class=\"fl-builder-content fl-builder-content-2152 fl-builder-content-primary fl-builder-global-templates-locked\" data-post-id=\"2152\">\n<div class=\"fl-row fl-row-full-width fl-row-bg-none fl-node-64c74eae29026\" data-node=\"64c74eae29026\">\n<div class=\"fl-row-content-wrap\">\n<div class=\"fl-row-content fl-row-full-width fl-node-content\">\n<div class=\"fl-col-group fl-node-64c753e348325\" data-node=\"64c753e348325\">\n<div class=\"fl-col fl-node-64c753e3484c0 fl-col-small\" style=\"width: 50%\" data-node=\"64c753e3484c0\">\n<div class=\"fl-col-content fl-node-content\">\n<div class=\"fl-module fl-module-photo fl-node-64c7541f48cbf\" data-animation-delay=\"0.0\" data-node=\"64c7541f48cbf\">\n<div class=\"fl-module-content fl-node-content\">\n<div class=\"fl-photo fl-photo-align-center\">\n<div class=\"fl-photo-content fl-photo-img-jpg\"><img decoding=\"async\" class=\"fl-photo-img wp-image-2156\" src=\"\/wp-content\/uploads\/2025\/09\/2e259ea502cfcc50.webp\" alt=\"Silicon carbide microreactive plate (1)\"><\/div>\n<p>&nbsp;<\/p>\n<\/div>\n<p>&nbsp;<\/p>\n<\/div>\n<p>&nbsp;<\/p>\n<\/div>\n<p>&nbsp;<\/p>\n<\/div>\n<p>&nbsp;<\/p>\n<\/div>\n<div class=\"fl-col fl-node-64c754492fd05 fl-col-small\" style=\"width: 50%\" data-node=\"64c754492fd05\">\n<div class=\"fl-col-content fl-node-content\">\n<div class=\"fl-module fl-module-photo fl-node-64c7543e35d5f\" data-animation-delay=\"0.0\" data-node=\"64c7543e35d5f\">\n<div class=\"fl-module-content fl-node-content\">\n<div class=\"fl-photo fl-photo-align-center\">\n<div class=\"fl-photo-content fl-photo-img-jpg\"><img decoding=\"async\" class=\"fl-photo-img wp-image-2158\" src=\"\/wp-content\/uploads\/2025\/09\/3c91894140f4c475.webp\" alt=\"Silicon carbide microreactive plate (3)\"><\/div>\n<p>&nbsp;<\/p>\n<\/div>\n<p>&nbsp;<\/p>\n<\/div>\n<p>&nbsp;<\/p>\n<\/div>\n<p>&nbsp;<\/p>\n<\/div>\n<p>&nbsp;<\/p>\n<\/div>\n<p>&nbsp;<\/p>\n<\/div>\n<div class=\"fl-col-group fl-node-64c7545686c54\" data-node=\"64c7545686c54\">\n<div class=\"fl-col fl-node-64c7545686e90 fl-col-small\" style=\"width: 50%\" data-node=\"64c7545686e90\">\n<div class=\"fl-col-content fl-node-content\">\n<div class=\"fl-module fl-module-photo fl-node-64c75430a76a0\" data-animation-delay=\"0.0\" data-node=\"64c75430a76a0\">\n<div class=\"fl-module-content fl-node-content\">\n<div class=\"fl-photo fl-photo-align-center\">\n<div class=\"fl-photo-content fl-photo-img-jpg\"><img decoding=\"async\" class=\"fl-photo-img wp-image-2159\" src=\"\/wp-content\/uploads\/2025\/09\/bb13ca8391581e41.webp\" alt=\"Silicon carbide microreactive plate (4)\"><\/div>\n<p>&nbsp;<\/p>\n<\/div>\n<p>&nbsp;<\/p>\n<\/div>\n<p>&nbsp;<\/p>\n<\/div>\n<p>&nbsp;<\/p>\n<\/div>\n<p>&nbsp;<\/p>\n<\/div>\n<div class=\"fl-col fl-node-64c7545a09a25 fl-col-small\" style=\"width: 50%\" data-node=\"64c7545a09a25\">\n<div class=\"fl-col-content fl-node-content\">\n<div class=\"fl-module fl-module-photo fl-node-64c75428536fc\" data-animation-delay=\"0.0\" data-node=\"64c75428536fc\">\n<div class=\"fl-module-content fl-node-content\">\n<div class=\"fl-photo fl-photo-align-center\">\n<div class=\"fl-photo-content fl-photo-img-jpg\"><img decoding=\"async\" class=\"fl-photo-img wp-image-2156\" src=\"\/wp-content\/uploads\/2025\/09\/2e259ea502cfcc50.webp\" alt=\"Silicon carbide microreactive plate (1)\"><\/div>\n<p>&nbsp;<\/p>\n<\/div>\n<p>&nbsp;<\/p>\n<\/div>\n<p>&nbsp;<\/p>\n<\/div>\n<p>&nbsp;<\/p>\n<\/div>\n<p>&nbsp;<\/p>\n<\/div>\n<p>&nbsp;<\/p>\n<\/div>\n<div class=\"fl-col-group fl-node-64c74eae2a478\" data-node=\"64c74eae2a478\">\n<div class=\"fl-col fl-node-64c74eae2a5fa\" style=\"width: 100%\" data-node=\"64c74eae2a5fa\">\n<div class=\"fl-col-content fl-node-content\">\n<div class=\"fl-module fl-module-rich-text fl-node-64c74eae28e47\" data-animation-delay=\"0.0\" data-node=\"64c74eae28e47\">\n<div class=\"fl-module-content fl-node-content\">\n<div class=\"fl-rich-text\">\n<p><span style=\"font-family: Calibri\">Silicon carbide ceramic materials have high temperature strength, good wear resistance, good thermal stability, small thermal expansion coefficient, high thermal conductivity, high hardness, thermal shock resistance and chemical corrosion resistance and other excellent characteristics, in the automotive, mechanical chemical industry, environmental protection, space technology, information electronics, energy and other fields have been increasingly widely used.<\/span>&nbsp;It has become an irreplaceable structural ceramic with excellent performance of other materials in many industrial fields.<\/p>\n<p>&nbsp;<\/p>\n<\/div>\n<p>&nbsp;<\/p>\n<\/div>\n<p>&nbsp;<\/p>\n<\/div>\n<p>&nbsp;<\/p>\n<\/div>\n<p>&nbsp;<\/p>\n<\/div>\n<p>&nbsp;<\/p>\n<\/div>\n<div class=\"fl-col-group fl-node-64c7508ee1f30\" data-node=\"64c7508ee1f30\">\n<div class=\"fl-col fl-node-64c750de56448 fl-col-small\" style=\"width: 32.44%\" data-node=\"64c750de56448\">\n<div class=\"fl-col-content fl-node-content\">\n<div class=\"fl-module fl-module-photo fl-node-64c750de560b6\" data-animation-delay=\"0.0\" data-node=\"64c750de560b6\">\n<div class=\"fl-module-content fl-node-content\">\n<div class=\"fl-photo fl-photo-align-center\">\n<div class=\"fl-photo-content fl-photo-img-jpg\"><img decoding=\"async\" class=\"fl-photo-img wp-image-2155\" src=\"\/wp-content\/uploads\/2025\/09\/c0528ca1d015c6d0.webp\" alt=\"SIC plate-2\"><\/div>\n<p>&nbsp;<\/p>\n<\/div>\n<p>&nbsp;<\/p>\n<\/div>\n<p>&nbsp;<\/p>\n<\/div>\n<p>&nbsp;<\/p>\n<\/div>\n<p>&nbsp;<\/p>\n<\/div>\n<div class=\"fl-col fl-node-64c7508ee20c8\" style=\"width: 67.56%\" data-node=\"64c7508ee20c8\">\n<div class=\"fl-col-content fl-node-content\">\n<div class=\"fl-module fl-module-rich-text fl-node-64c7508ee1e05\" data-animation-delay=\"0.0\" data-node=\"64c7508ee1e05\">\n<div class=\"fl-module-content fl-node-content\">\n<div class=\"fl-rich-text\">\n<p>The advantages of silicon carbide plate:<\/p>\n<p>1, silicon carbide plate resistant to 1900\u2103 high temperature,<\/p>\n<p>2, silicon carbide plate resistance to hydrofluoric acid, sulfuric acid resistance,<\/p>\n<p>3, the strength of silicon carbide plate is higher than quartz,<\/p>\n<p>4, silicon carbide plate thermal conductivity 140W;<\/p>\n<p>5, the bending strength of silicon carbide plate 380Mpa;<\/p>\n<p>&nbsp;<\/p>\n<\/div>\n<p>&nbsp;<\/p>\n<\/div>\n<p>&nbsp;<\/p>\n<\/div>\n<p>&nbsp;<\/p>\n<\/div>\n<p>&nbsp;<\/p>\n<\/div>\n<p>&nbsp;<\/p>\n<\/div>\n<div class=\"fl-col-group fl-node-64c754a7cb3d4\" data-node=\"64c754a7cb3d4\">\n<div class=\"fl-col fl-node-64c754a7cb596\" style=\"width: 100%\" data-node=\"64c754a7cb596\">\n<div class=\"fl-col-content fl-node-content\">\n<div class=\"fl-module fl-module-photo fl-node-64c754a7cb289\" data-animation-delay=\"0.0\" data-node=\"64c754a7cb289\">\n<div class=\"fl-module-content fl-node-content\">\n<div class=\"fl-photo fl-photo-align-center\">\n<div class=\"fl-photo-content fl-photo-img-png\"><img decoding=\"async\" class=\"fl-photo-img wp-image-2082\" src=\"\/wp-content\/uploads\/2025\/09\/56525b05fddbd22a.webp\" alt=\"Por\u00f3wnanie materia\u0142\u00f3w ceramicznych SIC\"><\/div>\n<p>&nbsp;<\/p>\n<\/div>\n<p>&nbsp;<\/p>\n<\/div>\n<p>&nbsp;<\/p>\n<\/div>\n<p>&nbsp;<\/p>\n<\/div>\n<p>&nbsp;<\/p>\n<\/div>\n<p>&nbsp;<\/p>\n<\/div>\n<div class=\"fl-col-group fl-node-64c75483a5227\" data-node=\"64c75483a5227\">\n<div class=\"fl-col fl-node-64c75483a5425\" style=\"width: 100%\" data-node=\"64c75483a5425\">\n<div class=\"fl-col-content fl-node-content\">\n<div class=\"fl-module fl-module-photo fl-node-64c75483a50d8\" data-animation-delay=\"0.0\" data-node=\"64c75483a50d8\">\n<div class=\"fl-module-content fl-node-content\">\n<div class=\"fl-photo fl-photo-align-center\">\n<div class=\"fl-photo-content fl-photo-img-jpg\"><img decoding=\"async\" class=\"fl-photo-img wp-image-2141\" src=\"\/wp-content\/uploads\/2025\/09\/0c7c4964d8c96b79.webp\" alt=\"\u534e\u7f8e\u7cbe\u7ec6\u6280\u672f\u9676\u74f7\"><\/div>\n<p>&nbsp;<\/p>\n<\/div>\n<p>&nbsp;<\/p>\n<\/div>\n<p>&nbsp;<\/p>\n<\/div>\n<p>&nbsp;<\/p>\n<\/div>\n<p>&nbsp;<\/p>\n<\/div>\n<p>&nbsp;<\/p>\n<\/div>\n<div class=\"fl-col-group fl-node-64c7547418b4a\" data-node=\"64c7547418b4a\">\n<div class=\"fl-col fl-node-64c754f713ca7 fl-col-small\" style=\"width: 49.78%\" data-node=\"64c754f713ca7\">\n<div class=\"fl-col-content fl-node-content\">\n<div class=\"fl-module fl-module-rich-text fl-node-64c754f7138a8\" data-animation-delay=\"0.0\" data-node=\"64c754f7138a8\">\n<div class=\"fl-module-content fl-node-content\">\n<div class=\"fl-rich-text\">\n<p>Semicera Energy Technology Co., Ltd is a professional research, development, production and sales of silicon carbide ceramic products. Since its establishment in 2016, Semicera Energy has mastered isostatic pressing molding process, thousand pressing molding process,grouting molding process and vacuum extrusion molding process. Our company uses 6 siliconcarbide ceramic sintering production lines, has 8 CNC, 6 precision grinding machines, can alsoprovide you with silicon carbide ceramic sintered products, but also can provide silicon carbideceramics, alumina ceramics, aluminum nitride ceramics, zirconia ceramics processing services.<\/p>\n<p>&nbsp;<\/p>\n<\/div>\n<p>&nbsp;<\/p>\n<\/div>\n<p>&nbsp;<\/p>\n<\/div>\n<p>&nbsp;<\/p>\n<\/div>\n<p>&nbsp;<\/p>\n<\/div>\n<div class=\"fl-col fl-node-64c7547418cef\" style=\"width: 50.22%\" data-node=\"64c7547418cef\">\n<div class=\"fl-col-content fl-node-content\">\n<div class=\"fl-module fl-module-photo fl-node-64c7547418a04\" data-animation-delay=\"0.0\" data-node=\"64c7547418a04\">\n<div class=\"fl-module-content fl-node-content\">\n<div class=\"fl-photo fl-photo-align-center\">\n<div class=\"fl-photo-content fl-photo-img-jpg\"><img decoding=\"async\" class=\"fl-photo-img wp-image-1414\" src=\"\/wp-content\/uploads\/2025\/09\/051a3b565683c2c8.webp\" alt=\"about\"><\/div>\n<p>&nbsp;<\/p>\n<\/div>\n<p>&nbsp;<\/p>\n<\/div>\n<p>&nbsp;<\/p>\n<\/div>\n<p>&nbsp;<\/p>\n<\/div>\n<p>&nbsp;<\/p>\n<\/div>\n<p>&nbsp;<\/p>\n<\/div>\n<div class=\"fl-col-group fl-node-64c7554210454\" data-node=\"64c7554210454\">\n<div class=\"fl-col fl-node-64c7554210651\" style=\"width: 100%\" data-node=\"64c7554210651\">\n<div class=\"fl-col-content fl-node-content\">\n<div class=\"fl-module fl-module-photo fl-node-64c75542102e5\" data-animation-delay=\"0.0\" data-node=\"64c75542102e5\">\n<div class=\"fl-module-content fl-node-content\">\n<div class=\"fl-photo fl-photo-align-center\">\n<div class=\"fl-photo-content fl-photo-img-png\"><img decoding=\"async\" class=\"fl-photo-img wp-image-1732\" src=\"\/wp-content\/uploads\/2025\/09\/b2c38ce1672f5a38.webp\" alt=\"Adfvzcvxcd\"><\/div>\n<p>&nbsp;<\/p>\n<\/div>\n<p>&nbsp;<\/p>\n<\/div>\n<p>&nbsp;<\/p>\n<\/div>\n<p>&nbsp;<\/p>\n<\/div>\n<p>&nbsp;<\/p>\n<\/div>\n<p>&nbsp;<\/p>\n<\/div>\n<p>&nbsp;<\/p>\n<\/div>\n<p>&nbsp;<\/p>\n<\/div>\n<p>&nbsp;<\/p>\n<\/div>\n<\/div>","protected":false},"excerpt":{"rendered":"<p>Materia\u0142y ceramiczne z w\u0119glika krzemu maj\u0105 wytrzyma\u0142o\u015b\u0107 wysokiej temperatury, dobr\u0105 odporno\u015b\u0107 na zu\u017cycie, dobr\u0105 stabilno\u015b\u0107 termiczn\u0105, ma\u0142y wsp\u00f3\u0142czynnik rozszerzania cieplnego, wysoka przewodno\u015b\u0107 cieplna, wysoka twardo\u015b\u0107, odporno\u015b\u0107 na wstrz\u0105sy cieplne i odporno\u015b\u0107 na korozj\u0119 chemiczn\u0105, a inne doskona\u0142e cechy, w wielu materia\u0142ach przemys\u0142u przemys\u0142owego, przemys\u0142u chemicznego, \u015brodowisku, przestrzeni przestronnej, informacja elektroniczna, energetyka i inne piel. Niezast\u0105piona ceramika strukturalna.<\/p>","protected":false},"featured_media":4575,"comment_status":"closed","ping_status":"open","template":"","meta":[],"product_brand":[],"product_cat":[16,39],"product_tag":[],"class_list":{"0":"post-2275","1":"product","2":"type-product","3":"status-publish","4":"has-post-thumbnail","6":"product_cat-cvd-sic","7":"product_cat-silicon-carbide-plate","9":"first","10":"instock","11":"product-type-simple"},"_links":{"self":[{"href":"https:\/\/www.cn-semiconductorparts.com\/pl\/wp-json\/wp\/v2\/product\/2275","targetHints":{"allow":["GET"]}}],"collection":[{"href":"https:\/\/www.cn-semiconductorparts.com\/pl\/wp-json\/wp\/v2\/product"}],"about":[{"href":"https:\/\/www.cn-semiconductorparts.com\/pl\/wp-json\/wp\/v2\/types\/product"}],"replies":[{"embeddable":true,"href":"https:\/\/www.cn-semiconductorparts.com\/pl\/wp-json\/wp\/v2\/comments?post=2275"}],"wp:featuredmedia":[{"embeddable":true,"href":"https:\/\/www.cn-semiconductorparts.com\/pl\/wp-json\/wp\/v2\/media\/4575"}],"wp:attachment":[{"href":"https:\/\/www.cn-semiconductorparts.com\/pl\/wp-json\/wp\/v2\/media?parent=2275"}],"wp:term":[{"taxonomy":"product_brand","embeddable":true,"href":"https:\/\/www.cn-semiconductorparts.com\/pl\/wp-json\/wp\/v2\/product_brand?post=2275"},{"taxonomy":"product_cat","embeddable":true,"href":"https:\/\/www.cn-semiconductorparts.com\/pl\/wp-json\/wp\/v2\/product_cat?post=2275"},{"taxonomy":"product_tag","embeddable":true,"href":"https:\/\/www.cn-semiconductorparts.com\/pl\/wp-json\/wp\/v2\/product_tag?post=2275"}],"curies":[{"name":"WP","href":"https:\/\/api.w.org\/{rel}","templated":true}]}}