{"id":2285,"date":"2025-09-11T13:33:47","date_gmt":"2025-09-11T05:33:47","guid":{"rendered":"https:\/\/weitai2.globaldeepsea.site\/product\/tantalum-carbide-tac-coatings-with-high-purity-high-temperature-stability-and-high-chemical-resistance\/"},"modified":"2026-04-29T15:27:37","modified_gmt":"2026-04-29T07:27:37","slug":"tantalum-carbide-tac-coatings-with-high-purity-high-temperature-stability-and-high-chemical-resistance","status":"publish","type":"product","link":"https:\/\/www.cn-semiconductorparts.com\/pl\/product\/tantalum-carbide-tac-coatings-with-high-purity-high-temperature-stability-and-high-chemical-resistance\/","title":{"rendered":"Tantalum carbide (TaC) coatings with high purity, high temperature stability and high chemical resistance"},"content":{"rendered":"<p><!--?xml encoding=\"utf-8\" ?--><\/p>\n<div class=\"fl-builder-content fl-builder-content-1882 fl-builder-content-primary fl-builder-global-templates-locked\" data-post-id=\"1882\">\n<div class=\"fl-row fl-row-full-width fl-row-bg-none fl-node-65dd9a719ba5d\" data-node=\"65dd9a719ba5d\">\n<div class=\"fl-row-content-wrap\">\n<div class=\"fl-row-content fl-row-full-width fl-node-content\">\n<div class=\"fl-col-group fl-node-65dd9a719bb5d\" data-node=\"65dd9a719bb5d\">\n<div class=\"fl-col fl-node-65dd9a719bb9c\" style=\"width: 100%\" data-node=\"65dd9a719bb9c\">\n<div class=\"fl-col-content fl-node-content\">\n<div class=\"fl-module fl-module-rich-text fl-node-65dd9a719bbdc\" data-animation-delay=\"0.0\" data-node=\"65dd9a719bbdc\">\n<div class=\"fl-module-content fl-node-content\">\n<div class=\"fl-rich-text\">\n<p><span style=\"font-family: 'Segoe UI'\">Semicera zapewnia specjalistyczne pow\u0142oki w\u0119glika tantalu (TAC) dla r\u00f3\u017cnych element\u00f3w i no\u015bnik\u00f3w.<\/span>&nbsp;Semicera leading coating process enables tantalum carbide (TaC) coatings to achieve high purity, high temperature stability and high chemical tolerance, improving product quality of SIC\/GAN crystals and EPI layers (Graphite coated TaC susceptor), and extending the life of key reactor components. The use of tantalum carbide TaC coating is to solve the edge problem and improve the quality of crystal growth, and Semicera has breakthrough solved the tantalum carbide coating technology (CVD), reaching the international advanced level.<\/p>\n<div id=\"gtx-trans\" style=\"position: absolute;left: 1248px;top: 43.8906px\"><\/div>\n<p>&nbsp;<\/p>\n<\/div>\n<p>&nbsp;<\/p>\n<\/div>\n<p>&nbsp;<\/p>\n<\/div>\n<p>&nbsp;<\/p>\n<\/div>\n<p>&nbsp;<\/p>\n<\/div>\n<p>&nbsp;<\/p>\n<\/div>\n<div class=\"fl-col-group fl-node-65dd9a719bf50\" data-node=\"65dd9a719bf50\">\n<div class=\"fl-col fl-node-65dd9a719bf90\" style=\"width: 100%\" data-node=\"65dd9a719bf90\">\n<div class=\"fl-col-content fl-node-content\">\n<div class=\"fl-module fl-module-rich-text fl-node-65dd9a719bfce\" data-animation-delay=\"0.0\" data-node=\"65dd9a719bfce\">\n<div class=\"fl-module-content fl-node-content\">\n<div class=\"fl-rich-text\">\n<p>After years of development, Semicera has conquered the technology of CVD TaC with the joint efforts of the R&amp;D department. Defects are easy to occur in the growth process of SiC wafers, but after using TaC, the difference is significant. Below is a comparison of wafers with and without TaC, as well as Semicera&#8217; parts for single crystal growth&nbsp;<\/p>\n<p>&nbsp;<\/p>\n<\/div>\n<p>&nbsp;<\/p>\n<\/div>\n<p>&nbsp;<\/p>\n<\/div>\n<p>&nbsp;<\/p>\n<\/div>\n<p>&nbsp;<\/p>\n<\/div>\n<p>&nbsp;<\/p>\n<\/div>\n<div class=\"fl-col-group fl-node-65dd9a719c380\" data-node=\"65dd9a719c380\">\n<div class=\"fl-col fl-node-65dd9a719c47c fl-col-small\" style=\"width: 50%\" data-node=\"65dd9a719c47c\">\n<div class=\"fl-col-content fl-node-content\">\n<div class=\"fl-module fl-module-photo fl-node-65dd9a719c3fe\" data-animation-delay=\"0.0\" data-node=\"65dd9a719c3fe\">\n<div class=\"fl-module-content fl-node-content\">\n<div class=\"fl-photo fl-photo-align-center\">\n<div class=\"fl-photo-content fl-photo-img-jpg\"><img decoding=\"async\" class=\"fl-photo-img wp-image-6551\" src=\"\/wp-content\/uploads\/2025\/09\/4237e668f8b30dd0.webp\" alt=\"b917b6b4-7572-47fe-9074-24d33288257c\"><\/div>\n<p>&nbsp;<\/p>\n<\/div>\n<p>&nbsp;<\/p>\n<\/div>\n<p>&nbsp;<\/p>\n<\/div>\n<div class=\"fl-module fl-module-heading fl-node-65dd9a719c4fb\" data-animation-delay=\"0.0\" data-node=\"65dd9a719c4fb\">\n<div class=\"fl-module-content fl-node-content\">\n<h3 class=\"fl-heading\">Cz\u0119\u015b\u0107 TAC dla wzrostu pojedynczego kryszta\u0142u<\/h3>\n<p>&nbsp;<\/p>\n<\/div>\n<p>&nbsp;<\/p>\n<\/div>\n<p>&nbsp;<\/p>\n<\/div>\n<p>&nbsp;<\/p>\n<\/div>\n<div class=\"fl-col fl-node-65dd9a719c3c0 fl-col-small\" style=\"width: 50%\" data-node=\"65dd9a719c3c0\">\n<div class=\"fl-col-content fl-node-content\">\n<div class=\"fl-module fl-module-photo fl-node-65dd9a719c43d\" data-animation-delay=\"0.0\" data-node=\"65dd9a719c43d\">\n<div class=\"fl-module-content fl-node-content\">\n<div class=\"fl-photo fl-photo-align-center\">\n<div class=\"fl-photo-content fl-photo-img-jpg\"><img decoding=\"async\" class=\"fl-photo-img wp-image-6556\" src=\"\/wp-content\/uploads\/2025\/09\/b649860e6c3b4d4c.webp\" alt=\"Przeciwko ci\u015bnieniowej pow\u0142oka z w\u0119glikiem tantalu_ chroni sprz\u0119t przed zu\u017cyciem i korozj\u0105.\"><\/div>\n<p>&nbsp;<\/p>\n<\/div>\n<p>&nbsp;<\/p>\n<\/div>\n<p>&nbsp;<\/p>\n<\/div>\n<div class=\"fl-module fl-module-heading fl-node-65dd9a719c4bc\" data-animation-delay=\"0.0\" data-node=\"65dd9a719c4bc\">\n<div class=\"fl-module-content fl-node-content\">\n<h3 class=\"fl-heading\">Grafit z pier\u015bcieniem pokrytym TAC<\/h3>\n<p>&nbsp;<\/p>\n<\/div>\n<p>&nbsp;<\/p>\n<\/div>\n<p>&nbsp;<\/p>\n<\/div>\n<p>&nbsp;<\/p>\n<\/div>\n<p>&nbsp;<\/p>\n<\/div>\n<div class=\"fl-col-group fl-node-65dd9a719be15\" data-node=\"65dd9a719be15\">\n<div class=\"fl-col fl-node-65dd9a719bf11 fl-col-small\" style=\"width: 50%\" data-node=\"65dd9a719bf11\">\n<div class=\"fl-col-content fl-node-content\">\n<div class=\"fl-module fl-module-photo fl-node-65dd9a719be94\" data-animation-delay=\"0.0\" data-node=\"65dd9a719be94\">\n<div class=\"fl-module-content fl-node-content\">\n<div class=\"fl-photo fl-photo-align-center\">\n<div class=\"fl-photo-content fl-photo-img-png\"><img decoding=\"async\" class=\"fl-photo-img wp-image-6621\" src=\"\/wp-content\/uploads\/2025\/09\/2cd49ccb4cfabe42.webp\" alt=\"WeChat Picture_20240227150045\"><\/div>\n<p>&nbsp;<\/p>\n<\/div>\n<p>&nbsp;<\/p>\n<\/div>\n<p>&nbsp;<\/p>\n<\/div>\n<div class=\"fl-module fl-module-heading fl-node-65dd9a719c188\" data-animation-delay=\"0.0\" data-node=\"65dd9a719c188\">\n<div class=\"fl-module-content fl-node-content\">\n<h3 class=\"fl-heading\"><span class=\"fl-heading-text\">z TAC i bez<\/span><\/h3>\n<p>&nbsp;<\/p>\n<\/div>\n<p>&nbsp;<\/p>\n<\/div>\n<p>&nbsp;<\/p>\n<\/div>\n<p>&nbsp;<\/p>\n<\/div>\n<div class=\"fl-col fl-node-65dd9a719be54 fl-col-small\" style=\"width: 50%\" data-node=\"65dd9a719be54\">\n<div class=\"fl-col-content fl-node-content\">\n<div class=\"fl-module fl-module-photo fl-node-65dd9a719bed3\" data-animation-delay=\"0.0\" data-node=\"65dd9a719bed3\">\n<div class=\"fl-module-content fl-node-content\">\n<div class=\"fl-photo fl-photo-align-center\">\n<div class=\"fl-photo-content fl-photo-img-png\"><img decoding=\"async\" class=\"fl-photo-img wp-image-6620\" src=\"\/wp-content\/uploads\/2025\/09\/a0422af12a1b298a.webp\" alt=\"WeChat Picture_20240227150053\"><\/div>\n<p>&nbsp;<\/p>\n<\/div>\n<p>&nbsp;<\/p>\n<\/div>\n<p>&nbsp;<\/p>\n<\/div>\n<div class=\"fl-module fl-module-heading fl-node-65dd9a719c149\" data-animation-delay=\"0.0\" data-node=\"65dd9a719c149\">\n<div class=\"fl-module-content fl-node-content\">\n<h3 class=\"fl-heading\"><span class=\"fl-heading-text\">Po u\u017cyciu TAC (po prawej)<\/span><\/h3>\n<p>&nbsp;<\/p>\n<\/div>\n<p>&nbsp;<\/p>\n<\/div>\n<p>&nbsp;<\/p>\n<\/div>\n<p>&nbsp;<\/p>\n<\/div>\n<p>&nbsp;<\/p>\n<\/div>\n<div class=\"fl-col-group fl-node-65dd9a719c04d\" data-node=\"65dd9a719c04d\">\n<div class=\"fl-col fl-node-65dd9a719c08b\" style=\"width: 100%\" data-node=\"65dd9a719c08b\">\n<div class=\"fl-col-content fl-node-content\">\n<div class=\"fl-module fl-module-rich-text fl-node-65dd9a719c00d\" data-animation-delay=\"0.0\" data-node=\"65dd9a719c00d\">\n<div class=\"fl-module-content fl-node-content\">\n<div class=\"fl-rich-text\">\n<p>Ponadto \u017cywotno\u015b\u0107 us\u0142ug powlekania TAC Semicera jest d\u0142u\u017csza i bardziej odporna na wysok\u0105 temperatur\u0119 ni\u017c powlekanie SIC. Po d\u0142ugim czasie laboratoryjnych danych pomiarowych nasz TAC mo\u017ce dzia\u0142a\u0107 przez d\u0142ugi czas w maksymalnie 2300 stopni Celsjusza. Oto niekt\u00f3re z naszych pr\u00f3bek:<\/p>\n<p>&nbsp;<\/p>\n<\/div>\n<p>&nbsp;<\/p>\n<\/div>\n<p>&nbsp;<\/p>\n<\/div>\n<p>&nbsp;<\/p>\n<\/div>\n<p>&nbsp;<\/p>\n<\/div>\n<p>&nbsp;<\/p>\n<\/div>\n<div class=\"fl-col-group fl-node-65dd9a719c1c7\" data-node=\"65dd9a719c1c7\">\n<div class=\"fl-col fl-node-65dd9a719c2c4 fl-col-small\" style=\"width: 50%\" data-node=\"65dd9a719c2c4\">\n<div class=\"fl-col-content fl-node-content\">\n<div class=\"fl-module fl-module-photo fl-node-65dd9a719c245\" data-animation-delay=\"0.0\" data-node=\"65dd9a719c245\">\n<div class=\"fl-module-content fl-node-content\">\n<div class=\"fl-photo fl-photo-align-center\">\n<div class=\"fl-photo-content fl-photo-img-png\"><img decoding=\"async\" class=\"fl-photo-img wp-image-6555\" src=\"\/wp-content\/uploads\/2025\/09\/0ec1a5c315fd7be4.webp\" alt=\"3 (2)\"><\/div>\n<p>&nbsp;<\/p>\n<\/div>\n<p>&nbsp;<\/p>\n<\/div>\n<p>&nbsp;<\/p>\n<\/div>\n<div class=\"fl-module fl-module-heading fl-node-65dd9a719c341\" data-animation-delay=\"0.0\" data-node=\"65dd9a719c341\">\n<div class=\"fl-module-content fl-node-content\">\n<h3 class=\"fl-heading\">TAC powlekana podatnik<\/h3>\n<p>&nbsp;<\/p>\n<\/div>\n<p>&nbsp;<\/p>\n<\/div>\n<p>&nbsp;<\/p>\n<\/div>\n<p>&nbsp;<\/p>\n<\/div>\n<div class=\"fl-col fl-node-65dd9a719c206 fl-col-small\" style=\"width: 50%\" data-node=\"65dd9a719c206\">\n<div class=\"fl-col-content fl-node-content\">\n<div class=\"fl-module fl-module-photo fl-node-65dd9a719c285\" data-animation-delay=\"0.0\" data-node=\"65dd9a719c285\">\n<div class=\"fl-module-content fl-node-content\">\n<div class=\"fl-photo fl-photo-align-center\">\n<div class=\"fl-photo-content fl-photo-img-jpg\"><img decoding=\"async\" class=\"fl-photo-img wp-image-6552\" src=\"\/wp-content\/uploads\/2025\/09\/e4cefcad53c59428.webp\" alt=\"Innowacyjna Technologia powlekania z w\u0119glikiem tantalu_ Zwi\u0119kszenie twardo\u015bci materia\u0142u i oporno\u015b\u0107 w wysokiej temperaturze\"><\/div>\n<p>&nbsp;<\/p>\n<\/div>\n<p>&nbsp;<\/p>\n<\/div>\n<p>&nbsp;<\/p>\n<\/div>\n<div class=\"fl-module fl-module-heading fl-node-65dd9a719c302\" data-animation-delay=\"0.0\" data-node=\"65dd9a719c302\">\n<div class=\"fl-module-content fl-node-content\">\n<h3 class=\"fl-heading\">Grafit z reaktorem pokrytym TAC<\/h3>\n<p>&nbsp;<\/p>\n<\/div>\n<p>&nbsp;<\/p>\n<\/div>\n<p>&nbsp;<\/p>\n<\/div>\n<p>&nbsp;<\/p>\n<\/div>\n<p>&nbsp;<\/p>\n<\/div>\n<div class=\"fl-col-group fl-node-65dd9a719bd97\" data-node=\"65dd9a719bd97\">\n<div class=\"fl-col fl-node-65dd9a719bdd6\" style=\"width: 100%\" data-node=\"65dd9a719bdd6\">\n<div class=\"fl-col-content fl-node-content\">\n<div class=\"fl-module fl-module-photo fl-node-65dd9a719bd18\" data-animation-delay=\"0.0\" data-node=\"65dd9a719bd18\">\n<div class=\"fl-module-content fl-node-content\">\n<div class=\"fl-photo fl-photo-align-center\">\n<div class=\"fl-photo-content fl-photo-img-jpg\"><img decoding=\"async\" class=\"fl-photo-img wp-image-6617\" src=\"\/wp-content\/uploads\/2025\/09\/a78744c3b6b5d143.webp\" alt=\"WeChat Screenshot_20240227145010\"><\/div>\n<p>&nbsp;<\/p>\n<\/div>\n<p>&nbsp;<\/p>\n<\/div>\n<p>&nbsp;<\/p>\n<\/div>\n<div class=\"fl-module fl-module-heading fl-node-65dd9a719bd57\" data-animation-delay=\"0.0\" data-node=\"65dd9a719bd57\">\n<div class=\"fl-module-content fl-node-content\">\n<h3 class=\"fl-heading\"><span class=\"fl-heading-text\">(A) Schemat schematu urz\u0105dzenia uprawnego SIC pojedynczego krystalicznego wlewki metod\u0105 PVT (B) Top TAC powlekany wspornik nasion (w tym nasiona SIC) (C) Pokryty grafitowy pier\u015bcie\u0144 z powleczonym TAC<\/span><\/h3>\n<p>&nbsp;<\/p>\n<\/div>\n<p>&nbsp;<\/p>\n<\/div>\n<p>&nbsp;<\/p>\n<\/div>\n<p>&nbsp;<\/p>\n<\/div>\n<p>&nbsp;<\/p>\n<\/div>\n<div class=\"fl-col-group fl-node-65dd9a719c0ca\" data-node=\"65dd9a719c0ca\">\n<div class=\"fl-col fl-node-65dd9a719c10a\" style=\"width: 100%\" data-node=\"65dd9a719c10a\">\n<div class=\"fl-col-content fl-node-content\">\n<div class=\"fl-module fl-module-photo fl-node-65dd9a719bc1b\" data-animation-delay=\"0.0\" data-node=\"65dd9a719bc1b\">\n<div class=\"fl-module-content fl-node-content\">\n<div class=\"fl-photo fl-photo-align-center\">\n<div class=\"fl-photo-content fl-photo-img-png\"><img decoding=\"async\" class=\"fl-photo-img wp-image-1695\" src=\"\/wp-content\/uploads\/2025\/09\/3af45f659235a2b7.webp\" alt=\"ZDFVZCFV\"><\/div>\n<p>&nbsp;<\/p>\n<\/div>\n<p>&nbsp;<\/p>\n<\/div>\n<p>&nbsp;<\/p>\n<\/div>\n<p>&nbsp;<\/p>\n<\/div>\n<p>&nbsp;<\/p>\n<\/div>\n<p>&nbsp;<\/p>\n<\/div>\n<div class=\"fl-col-group fl-node-65dd9a719baa0\" data-node=\"65dd9a719baa0\">\n<div class=\"fl-col fl-node-65dd9a719badf\" style=\"width: 100%\" data-node=\"65dd9a719badf\">\n<div class=\"fl-col-content fl-node-content\">\n<div class=\"fl-module fl-module-photo fl-node-65dd9a719bb1e\" data-animation-delay=\"0.0\" data-node=\"65dd9a719bb1e\">\n<div class=\"fl-module-content fl-node-content\">\n<div class=\"fl-photo fl-photo-align-center\">\n<div class=\"fl-photo-content fl-photo-img-png\"><img decoding=\"async\" class=\"fl-photo-img wp-image-1693\" src=\"\/wp-content\/uploads\/2025\/09\/5ef7704e93891c45.webp\" alt=\"G\u0142\u00f3wna funkcja\"><\/div>\n<p>&nbsp;<\/p>\n<\/div>\n<p>&nbsp;<\/p>\n<\/div>\n<p>&nbsp;<\/p>\n<\/div>\n<p>&nbsp;<\/p>\n<\/div>\n<p>&nbsp;<\/p>\n<\/div>\n<p>&nbsp;<\/p>\n<\/div>\n<div class=\"fl-col-group fl-node-65dd9a719bc5a\" data-node=\"65dd9a719bc5a\">\n<div class=\"fl-col fl-node-65dd9a719bc99\" style=\"width: 100%\" data-node=\"65dd9a719bc99\">\n<div class=\"fl-col-content fl-node-content\">\n<div class=\"fl-module fl-module-photo fl-node-65dd9a719bcd8\" data-animation-delay=\"0.0\" data-node=\"65dd9a719bcd8\">\n<div class=\"fl-module-content fl-node-content\">\n<div class=\"fl-photo fl-photo-align-center\">\n<div class=\"fl-photo-content fl-photo-img-jpg\"><img decoding=\"async\" class=\"fl-photo-img wp-image-7286\" src=\"\/wp-content\/uploads\/2025\/09\/b1dd0bcab1675ff4.webp\" alt=\"Miejsce pracy p\u00f3\u0142cesy\"><\/div>\n<p>&nbsp;<\/p>\n<\/div>\n<p>&nbsp;<\/p>\n<\/div>\n<p>&nbsp;<\/p>\n<\/div>\n<div class=\"fl-module fl-module-photo fl-node-6617600446d49\" data-animation-delay=\"0.0\" data-node=\"6617600446d49\">\n<div class=\"fl-module-content fl-node-content\">\n<div class=\"fl-photo fl-photo-align-center\">\n<div class=\"fl-photo-content fl-photo-img-jpg\"><img decoding=\"async\" class=\"fl-photo-img wp-image-7287\" src=\"\/wp-content\/uploads\/2025\/09\/2b946d2b4b61306d.webp\" alt=\"P\u00f3\u0142cera robocza miejsce 2\"><\/div>\n<p>&nbsp;<\/p>\n<\/div>\n<p>&nbsp;<\/p>\n<\/div>\n<p>&nbsp;<\/p>\n<\/div>\n<div class=\"fl-module fl-module-photo fl-node-6617600381f06\" data-animation-delay=\"0.0\" data-node=\"6617600381f06\">\n<div class=\"fl-module-content fl-node-content\">\n<div class=\"fl-photo fl-photo-align-center\">\n<div class=\"fl-photo-content fl-photo-img-jpg\"><img decoding=\"async\" class=\"fl-photo-img wp-image-7288\" src=\"\/wp-content\/uploads\/2025\/09\/081b6529d68ead23.webp\" alt=\"Maszyna sprz\u0119tu\"><\/div>\n<p>&nbsp;<\/p>\n<\/div>\n<p>&nbsp;<\/p>\n<\/div>\n<p>&nbsp;<\/p>\n<\/div>\n<div class=\"fl-module fl-module-photo fl-node-66176002b7974\" data-animation-delay=\"0.0\" data-node=\"66176002b7974\">\n<div class=\"fl-module-content fl-node-content\">\n<div class=\"fl-photo fl-photo-align-center\">\n<div class=\"fl-photo-content fl-photo-img-jpg\"><img decoding=\"async\" class=\"fl-photo-img wp-image-7289\" src=\"\/wp-content\/uploads\/2025\/09\/a4132b2b399abbac.webp\" alt=\"Przetwarzanie CNN, czyszczenie chemiczne, pow\u0142oka CVD\"><\/div>\n<p>&nbsp;<\/p>\n<\/div>\n<p>&nbsp;<\/p>\n<\/div>\n<p>&nbsp;<\/p>\n<\/div>\n<div class=\"fl-module fl-module-photo fl-node-66176001ee496\" data-animation-delay=\"0.0\" data-node=\"66176001ee496\">\n<div class=\"fl-module-content fl-node-content\">\n<div class=\"fl-photo fl-photo-align-center\">\n<div class=\"fl-photo-content fl-photo-img-jpg\"><img decoding=\"async\" class=\"fl-photo-img wp-image-7290\" src=\"\/wp-content\/uploads\/2025\/09\/b07f222c0ec0ab8d.webp\" alt=\"Nasza us\u0142uga\"><\/div>\n<p>&nbsp;<\/p>\n<\/div>\n<p>&nbsp;<\/p>\n<\/div>\n<p>&nbsp;<\/p>\n<\/div>\n<p>&nbsp;<\/p>\n<\/div>\n<p>&nbsp;<\/p>\n<\/div>\n<p>&nbsp;<\/p>\n<\/div>\n<p>&nbsp;<\/p>\n<\/div>\n<p>&nbsp;<\/p>\n<\/div>\n<p>&nbsp;<\/p>\n<\/div>\n<\/div>","protected":false},"excerpt":{"rendered":"<p><!--?xml encoding=\"utf-8\" ?--><\/p>\n<p>TaC coating is a new generation of high temperature resistant material, with better high temperature stability than SiC, serving as a corrosion-resistant, oxidation-resistant, and wear-resistant coating, can be used in the environment above 2000\u2103, widely used in aerospace ultra-high temperature hot end parts, the third generation of semiconductor single crystal growth and other fields.<\/p>","protected":false},"featured_media":4580,"comment_status":"closed","ping_status":"open","template":"","meta":[],"product_brand":[],"product_cat":[37],"product_tag":[],"class_list":{"0":"post-2285","1":"product","2":"type-product","3":"status-publish","4":"has-post-thumbnail","6":"product_cat-cvd-tac-coating","8":"first","9":"instock","10":"product-type-simple"},"_links":{"self":[{"href":"https:\/\/www.cn-semiconductorparts.com\/pl\/wp-json\/wp\/v2\/product\/2285","targetHints":{"allow":["GET"]}}],"collection":[{"href":"https:\/\/www.cn-semiconductorparts.com\/pl\/wp-json\/wp\/v2\/product"}],"about":[{"href":"https:\/\/www.cn-semiconductorparts.com\/pl\/wp-json\/wp\/v2\/types\/product"}],"replies":[{"embeddable":true,"href":"https:\/\/www.cn-semiconductorparts.com\/pl\/wp-json\/wp\/v2\/comments?post=2285"}],"wp:featuredmedia":[{"embeddable":true,"href":"https:\/\/www.cn-semiconductorparts.com\/pl\/wp-json\/wp\/v2\/media\/4580"}],"wp:attachment":[{"href":"https:\/\/www.cn-semiconductorparts.com\/pl\/wp-json\/wp\/v2\/media?parent=2285"}],"wp:term":[{"taxonomy":"product_brand","embeddable":true,"href":"https:\/\/www.cn-semiconductorparts.com\/pl\/wp-json\/wp\/v2\/product_brand?post=2285"},{"taxonomy":"product_cat","embeddable":true,"href":"https:\/\/www.cn-semiconductorparts.com\/pl\/wp-json\/wp\/v2\/product_cat?post=2285"},{"taxonomy":"product_tag","embeddable":true,"href":"https:\/\/www.cn-semiconductorparts.com\/pl\/wp-json\/wp\/v2\/product_tag?post=2285"}],"curies":[{"name":"WP","href":"https:\/\/api.w.org\/{rel}","templated":true}]}}