{"id":2289,"date":"2025-09-11T13:33:53","date_gmt":"2025-09-11T05:33:53","guid":{"rendered":"https:\/\/weitai2.globaldeepsea.site\/product\/semiconductor-zirconia-seal-ceramic-arm\/"},"modified":"2026-04-29T15:27:29","modified_gmt":"2026-04-29T07:27:29","slug":"semiconductor-zirconia-seal-ceramic-arm","status":"publish","type":"product","link":"https:\/\/www.cn-semiconductorparts.com\/pl\/product\/semiconductor-zirconia-seal-ceramic-arm\/","title":{"rendered":"Semiconductor zirconia seal ceramic arm"},"content":{"rendered":"<p><!--?xml encoding=\"utf-8\" ?--><\/p>\n<div class=\"fl-builder-content fl-builder-content-1866 fl-builder-content-primary fl-builder-global-templates-locked\" data-post-id=\"1866\">\n<div class=\"fl-row fl-row-full-width fl-row-bg-none fl-node-64b63cd2b31a8\" data-node=\"64b63cd2b31a8\">\n<div class=\"fl-row-content-wrap\">\n<div class=\"fl-row-content fl-row-full-width fl-node-content\">\n<div class=\"fl-col-group fl-node-64b63cd2b31ea\" data-node=\"64b63cd2b31ea\">\n<div class=\"fl-col fl-node-64b63cd2b322a\" style=\"width: 100%\" data-node=\"64b63cd2b322a\">\n<div class=\"fl-col-content fl-node-content\">\n<div class=\"fl-module fl-module-rich-text fl-node-64b63cd2b3269\" data-animation-delay=\"0.0\" data-node=\"64b63cd2b3269\">\n<div class=\"fl-module-content fl-node-content\">\n<div class=\"fl-rich-text\">\n<p>Cyrkon jest materia\u0142em o wysokiej wytrzyma\u0142o\u015bci mechanicznej i wytrzyma\u0142o\u015bci p\u0119kni\u0119\u0107 w temperaturze pokojowej. Nasza cyrkonia (ZRO2) dodaje si\u0119 za pomoc\u0105 cz\u0119\u015bciowej stabilnej cyrkonu (PSZ) 3MOL%Y2O3 (PSZ). Poniewa\u017c \u015brednica cz\u0105stek materia\u0142u PSZ jest niewielka, mo\u017ce by\u0107 przetwarzana z wysok\u0105 precyzj\u0105, a jego zastosowanie w precyzyjnych cz\u0119\u015bciach obr\u00f3bki, takich jak formy. Ponadto mo\u017cna r\u00f3wnie\u017c u\u017cywa\u0107 narz\u0119dzi przemys\u0142owych, cz\u0119\u015bci z\u0142\u0105cza optycznego i medium sprz\u0119tu kruszenia. Wysoka wytrzyma\u0142o\u015b\u0107 PSZ mo\u017ce by\u0107 u\u017cywana do produkcji specjalnych \u017ar\u00f3de\u0142, a tak\u017ce jest szeroko stosowana w domowych no\u017cy ceramicznych, \u015blimakach i innych cz\u0119\u015bciach.<\/p>\n<p>&nbsp;<\/p>\n<\/div>\n<p>&nbsp;<\/p>\n<\/div>\n<p>&nbsp;<\/p>\n<\/div>\n<p>&nbsp;<\/p>\n<\/div>\n<p>&nbsp;<\/p>\n<\/div>\n<p>&nbsp;<\/p>\n<\/div>\n<div class=\"fl-col-group fl-node-64b63cd2b362f\" data-node=\"64b63cd2b362f\">\n<div class=\"fl-col fl-node-64b63cd2b366e fl-col-small\" style=\"width: 50%\" data-node=\"64b63cd2b366e\">\n<div class=\"fl-col-content fl-node-content\">\n<div class=\"fl-module fl-module-rich-text fl-node-64b63cd2b36ae\" data-animation-delay=\"0.0\" data-node=\"64b63cd2b36ae\">\n<div class=\"fl-module-content fl-node-content\">\n<div class=\"fl-rich-text\">\n<p>G\u0142\u00f3wne cechy ceramicznych cz\u0119\u015bci cyrkonu<span style=\"font-family: Calibri\">:<\/span><\/p>\n<p>1. Doskona\u0142a odporno\u015b\u0107 na zu\u017cycie, znacznie wy\u017csza 276 razy ni\u017c stal nierdzewna<br \/>2. Wi\u0119ksza g\u0119sto\u015b\u0107 ni\u017c wi\u0119kszo\u015b\u0107 ceramiki technicznej, ponad 6 g\/cm3<br \/>3. Wysoka twardo\u015b\u0107, ponad 1300 MPa dla Vicker<br \/>4. Can withstand higher temperatures up to 2400&deg;<br \/>5. Niska przewodnictwo cieplne, mniej ni\u017c 3 W\/mk w temperaturze pokojowej<br \/>6. Podobny wsp\u00f3\u0142czynnik rozszerzalno\u015bci cieplnej jako stali nierdzewnej<br \/>7. Wyj\u0105tkowa wytrzyma\u0142o\u015b\u0107 z\u0142amania si\u0119ga do 8 MPa M1\/2<br \/>8. Bezw\u0142adno\u015b\u0107 chemiczna, odporno\u015b\u0107 na starzenie si\u0119, a nie rdz\u0119 na zawsze<br \/>9. Odporno\u015b\u0107 na stopione metale z powodu niezwyk\u0142ej temperatury topnienia<span style=\"font-family: Calibri\">.<\/span><\/p>\n<p>&nbsp;<\/p>\n<\/div>\n<p>&nbsp;<\/p>\n<\/div>\n<p>&nbsp;<\/p>\n<\/div>\n<p>&nbsp;<\/p>\n<\/div>\n<p>&nbsp;<\/p>\n<\/div>\n<div class=\"fl-col fl-node-64b63cd2b36ed fl-col-small\" style=\"width: 50%\" data-node=\"64b63cd2b36ed\">\n<div class=\"fl-col-content fl-node-content\">\n<div class=\"fl-module fl-module-photo fl-node-64b63cd2b372c\" data-animation-delay=\"0.0\" data-node=\"64b63cd2b372c\">\n<div class=\"fl-module-content fl-node-content\">\n<div class=\"fl-photo fl-photo-align-center\">\n<div class=\"fl-photo-content fl-photo-img-png\"><img decoding=\"async\" class=\"fl-photo-img wp-image-1868\" src=\"\/wp-content\/uploads\/2025\/09\/afce11b24a793676.webp\" alt=\"\u534a\u5bfc\u4f53\u5bc6\u5c01\u9676\u74f7\u624b\u81c2\"><\/div>\n<p>&nbsp;<\/p>\n<\/div>\n<p>&nbsp;<\/p>\n<\/div>\n<p>&nbsp;<\/p>\n<\/div>\n<p>&nbsp;<\/p>\n<\/div>\n<p>&nbsp;<\/p>\n<\/div>\n<p>&nbsp;<\/p>\n<\/div>\n<div class=\"fl-col-group fl-node-64b63cd2b34f2\" data-node=\"64b63cd2b34f2\">\n<div class=\"fl-col fl-node-64b63cd2b3531\" style=\"width: 100%\" data-node=\"64b63cd2b3531\">\n<div class=\"fl-col-content fl-node-content\">\n<div class=\"fl-module fl-module-rich-text fl-node-64b63cd2b34e3\" data-animation-delay=\"0.0\" data-node=\"64b63cd2b34e3\">\n<div class=\"fl-module-content fl-node-content\">\n<div class=\"fl-rich-text\">\n<p>Zastosowanie cyrkonu (ZRO2)<\/p>\n<p>Narz\u0119dzia do formy i formy (r\u00f3\u017cne formy, precyzyjne urz\u0105dzenie do pozycjonowania, urz\u0105dzenie izolacyjne); Cz\u0119\u015bci m\u0142yna (klasyfikator, m\u0142yn przep\u0142ywowy, m\u0142yn); Narz\u0119dzie przemys\u0142owe (no\u017cyt przemys\u0142owy, maszyna do \u015blizgania si\u0119, p\u0142aska bolka prasowa); Komponenty z\u0142\u0105cza optyczne (pier\u015bcie\u0144 uszczelniaj\u0105cy, r\u0119kaw, urz\u0105dzenie V-Groove); Spr\u0119\u017cyna specjalna (spr\u0119\u017cyna cewki, spr\u0119\u017cyna p\u0142ytowa); Produkty konsumenckie (ma\u0142y izolowany \u015brubokr\u0119t, n\u00f3\u017c ceramiczny, gro\u017anik).<\/p>\n<p>&nbsp;<\/p>\n<\/div>\n<p>&nbsp;<\/p>\n<\/div>\n<p>&nbsp;<\/p>\n<\/div>\n<p>&nbsp;<\/p>\n<\/div>\n<p>&nbsp;<\/p>\n<\/div>\n<p>&nbsp;<\/p>\n<\/div>\n<div class=\"fl-col-group fl-node-64b63cd2b3367\" data-node=\"64b63cd2b3367\">\n<div class=\"fl-col fl-node-64b63cd2b33a6\" style=\"width: 100%\" data-node=\"64b63cd2b33a6\">\n<div class=\"fl-col-content fl-node-content\">\n<div class=\"fl-module fl-module-gallery fl-node-64b63cd2b33e5\" data-animation-delay=\"0.0\" data-node=\"64b63cd2b33e5\">\n<div class=\"fl-module-content fl-node-content\">\n<div class=\"fl-mosaicflow\">\n<div class=\"fl-mosaicflow-content\">\n<div class=\"fl-mosaicflow-item\">\n<div class=\"fl-photo fl-photo-align-center\">\n<div class=\"fl-photo-content fl-photo-img-png\"><a href=\"\/pl\/uploads\/SDfsdCFTYHJN.webp\/\" target=\"_self\"> <img decoding=\"async\" class=\"fl-photo-img wp-image-1736\" src=\"\/wp-content\/uploads\/2025\/09\/0a5d2007841c9923.webp\" alt=\"Sdfsdcftyhjn\"> <\/a><\/div>\n<p>&nbsp;<\/p>\n<\/div>\n<p>&nbsp;<\/p>\n<\/div>\n<div class=\"fl-mosaicflow-item\">\n<div class=\"fl-photo fl-photo-align-center\">\n<div class=\"fl-photo-content fl-photo-img-png\"><a href=\"\/pl\/uploads\/SFDvSDcfvaq.webp\/\" target=\"_self\"> <img decoding=\"async\" class=\"fl-photo-img wp-image-1737\" src=\"\/wp-content\/uploads\/2025\/09\/5d34c27c40e0923f.webp\" alt=\"SFDVSDCFVAQ\"> <\/a><\/div>\n<p>&nbsp;<\/p>\n<\/div>\n<p>&nbsp;<\/p>\n<\/div>\n<div class=\"fl-mosaicflow-item\">\n<div class=\"fl-photo fl-photo-align-center\">\n<div class=\"fl-photo-content fl-photo-img-png\"><a href=\"\/pl\/uploads\/ZADfvSXCD.webp\/\" target=\"_self\"> <img decoding=\"async\" class=\"fl-photo-img wp-image-1738\" src=\"\/wp-content\/uploads\/2025\/09\/6acb3916de7499d8.webp\" alt=\"Zadfvsxcd\"> <\/a><\/div>\n<p>&nbsp;<\/p>\n<\/div>\n<p>&nbsp;<\/p>\n<\/div>\n<p>&nbsp;<\/p>\n<\/div>\n<div class=\"fl-clear\">&nbsp;<\/div>\n<p>&nbsp;<\/p>\n<\/div>\n<p>&nbsp;<\/p>\n<\/div>\n<p>&nbsp;<\/p>\n<\/div>\n<p>&nbsp;<\/p>\n<\/div>\n<p>&nbsp;<\/p>\n<\/div>\n<p>&nbsp;<\/p>\n<\/div>\n<div class=\"fl-col-group fl-node-64b63cd2b32a9\" data-node=\"64b63cd2b32a9\">\n<div class=\"fl-col fl-node-64b63cd2b32e8\" style=\"width: 100%\" data-node=\"64b63cd2b32e8\">\n<div class=\"fl-col-content fl-node-content\">\n<div class=\"fl-module fl-module-photo fl-node-64b63cd2b3327\" data-animation-delay=\"0.0\" data-node=\"64b63cd2b3327\">\n<div class=\"fl-module-content fl-node-content\">\n<div class=\"fl-photo fl-photo-align-center\">\n<div class=\"fl-photo-content fl-photo-img-png\"><img decoding=\"async\" class=\"fl-photo-img wp-image-1732\" src=\"\/wp-content\/uploads\/2025\/09\/b2c38ce1672f5a38.webp\" alt=\"Adfvzcvxcd\"><\/div>\n<p>&nbsp;<\/p>\n<\/div>\n<p>&nbsp;<\/p>\n<\/div>\n<p>&nbsp;<\/p>\n<\/div>\n<p>&nbsp;<\/p>\n<\/div>\n<p>&nbsp;<\/p>\n<\/div>\n<p>&nbsp;<\/p>\n<\/div>\n<div class=\"fl-col-group fl-node-64b63cd2b3571\" data-node=\"64b63cd2b3571\">\n<div class=\"fl-col fl-node-64b63cd2b35b0\" style=\"width: 100%\" data-node=\"64b63cd2b35b0\">\n<div class=\"fl-col-content fl-node-content\">\n<div class=\"fl-module fl-module-photo fl-node-64b63cd2b35f0\" data-animation-delay=\"0.0\" data-node=\"64b63cd2b35f0\">\n<div class=\"fl-module-content fl-node-content\">\n<div class=\"fl-photo fl-photo-align-center\">\n<div class=\"fl-photo-content fl-photo-img-png\"><img decoding=\"async\" class=\"fl-photo-img wp-image-1809\" src=\"\/wp-content\/uploads\/2025\/09\/5e4f4b955af2d653.webp\" alt=\"zdfgfghj\"><\/div>\n<p>&nbsp;<\/p>\n<\/div>\n<p>&nbsp;<\/p>\n<\/div>\n<p>&nbsp;<\/p>\n<\/div>\n<p>&nbsp;<\/p>\n<\/div>\n<p>&nbsp;<\/p>\n<\/div>\n<p>&nbsp;<\/p>\n<\/div>\n<div class=\"fl-col-group fl-node-66178391a07ab\" data-node=\"66178391a07ab\">\n<div class=\"fl-col fl-node-66178391a095d\" style=\"width: 100%\" data-node=\"66178391a095d\">\n<div class=\"fl-col-content fl-node-content\">\n<div class=\"fl-module fl-module-rich-text fl-node-66178391a0663\" data-animation-delay=\"0.0\" data-node=\"66178391a0663\">\n<div class=\"fl-module-content fl-node-content\">\n<div class=\"fl-rich-text\">\n<p>&nbsp;<\/p>\n<\/div>\n<p>&nbsp;<\/p>\n<\/div>\n<p>&nbsp;<\/p>\n<\/div>\n<p>&nbsp;<\/p>\n<\/div>\n<p>&nbsp;<\/p>\n<\/div>\n<p>&nbsp;<\/p>\n<\/div>\n<p>&nbsp;<\/p>\n<\/div>\n<p>&nbsp;<\/p>\n<\/div>\n<p>&nbsp;<\/p>\n<\/div>\n<\/div>","protected":false},"excerpt":{"rendered":"<p><!--?xml encoding=\"utf-8\" ?--><\/p>\n<p>Cyrkon jest materia\u0142em o wysokiej wytrzyma\u0142o\u015bci mechanicznej i wytrzyma\u0142o\u015bci p\u0119kni\u0119\u0107 w temperaturze pokojowej. Nasza cyrkonia (ZRO2) dodaje si\u0119 za pomoc\u0105 cz\u0119\u015bciowej stabilnej cyrkonu (PSZ) 3MOL%Y2O3 (PSZ). Poniewa\u017c \u015brednica cz\u0105stek materia\u0142u PSZ jest niewielka, mo\u017ce by\u0107 przetwarzana z wysok\u0105 precyzj\u0105, a jego zastosowanie w precyzyjnych cz\u0119\u015bciach obr\u00f3bki, takich jak formy. Ponadto mo\u017cna r\u00f3wnie\u017c u\u017cywa\u0107 narz\u0119dzi przemys\u0142owych, cz\u0119\u015bci z\u0142\u0105cza optycznego i medium sprz\u0119tu kruszenia. Wysoka wytrzyma\u0142o\u015b\u0107 PSZ mo\u017ce by\u0107 u\u017cywana do produkcji specjalnych \u017ar\u00f3de\u0142, a tak\u017ce jest szeroko stosowana w domowych no\u017cy ceramicznych, \u015blimakach i innych cz\u0119\u015bciach.<\/p>","protected":false},"featured_media":4560,"comment_status":"closed","ping_status":"open","template":"","meta":[],"product_brand":[],"product_cat":[31,33],"product_tag":[],"class_list":{"0":"post-2289","1":"product","2":"type-product","3":"status-publish","4":"has-post-thumbnail","6":"product_cat-more-ceramic-products","7":"product_cat-zirconium-oxide-ceramics","9":"first","10":"instock","11":"product-type-simple"},"_links":{"self":[{"href":"https:\/\/www.cn-semiconductorparts.com\/pl\/wp-json\/wp\/v2\/product\/2289","targetHints":{"allow":["GET"]}}],"collection":[{"href":"https:\/\/www.cn-semiconductorparts.com\/pl\/wp-json\/wp\/v2\/product"}],"about":[{"href":"https:\/\/www.cn-semiconductorparts.com\/pl\/wp-json\/wp\/v2\/types\/product"}],"replies":[{"embeddable":true,"href":"https:\/\/www.cn-semiconductorparts.com\/pl\/wp-json\/wp\/v2\/comments?post=2289"}],"wp:featuredmedia":[{"embeddable":true,"href":"https:\/\/www.cn-semiconductorparts.com\/pl\/wp-json\/wp\/v2\/media\/4560"}],"wp:attachment":[{"href":"https:\/\/www.cn-semiconductorparts.com\/pl\/wp-json\/wp\/v2\/media?parent=2289"}],"wp:term":[{"taxonomy":"product_brand","embeddable":true,"href":"https:\/\/www.cn-semiconductorparts.com\/pl\/wp-json\/wp\/v2\/product_brand?post=2289"},{"taxonomy":"product_cat","embeddable":true,"href":"https:\/\/www.cn-semiconductorparts.com\/pl\/wp-json\/wp\/v2\/product_cat?post=2289"},{"taxonomy":"product_tag","embeddable":true,"href":"https:\/\/www.cn-semiconductorparts.com\/pl\/wp-json\/wp\/v2\/product_tag?post=2289"}],"curies":[{"name":"WP","href":"https:\/\/api.w.org\/{rel}","templated":true}]}}