{"id":2298,"date":"2025-09-11T05:33:53","date_gmt":"2025-09-11T05:33:53","guid":{"rendered":"https:\/\/weitai2.globaldeepsea.site\/product\/semiconductor-zirconia-ceramic-accessories\/"},"modified":"2026-04-29T15:27:54","modified_gmt":"2026-04-29T07:27:54","slug":"semiconductor-zirconia-ceramic-accessories","status":"publish","type":"product","link":"https:\/\/www.cn-semiconductorparts.com\/pl\/product\/semiconductor-zirconia-ceramic-accessories\/","title":{"rendered":"Semiconductor zirconia ceramic accessories"},"content":{"rendered":"<p><?xml encoding=\"utf-8\" ?><\/p>\n<div class=\"fl-builder-content fl-builder-content-1834 fl-builder-content-primary fl-builder-global-templates-locked\" data-post-id=\"1834\">\n<div class=\"fl-row fl-row-full-width fl-row-bg-none fl-node-64b61e936045a\" data-node=\"64b61e936045a\">\n<div class=\"fl-row-content-wrap\">\n<div class=\"fl-row-content fl-row-full-width fl-node-content\">\n<div class=\"fl-col-group fl-node-64b61e936049a\" data-node=\"64b61e936049a\">\n<div class=\"fl-col fl-node-64b61e93604cf\" data-node=\"64b61e93604cf\" style=\"width: 100%;\">\n<div class=\"fl-col-content fl-node-content\">\n<div class=\"fl-module fl-module-rich-text fl-node-64b61e936050c\" data-animation-delay=\"0.0\" data-node=\"64b61e936050c\">\n<div class=\"fl-module-content fl-node-content\">\n<div class=\"fl-rich-text\">\n<p>Cyrkon jest materia\u0142em o wysokiej wytrzyma\u0142o\u015bci mechanicznej i wytrzyma\u0142o\u015bci p\u0119kni\u0119\u0107 w temperaturze pokojowej. Nasza cyrkonia (ZRO2) dodaje si\u0119 za pomoc\u0105 cz\u0119\u015bciowej stabilnej cyrkonu (PSZ) 3MOL%Y2O3 (PSZ). Poniewa\u017c \u015brednica cz\u0105stek materia\u0142u PSZ jest niewielka, mo\u017ce by\u0107 przetwarzana z wysok\u0105 precyzj\u0105, a jego zastosowanie w precyzyjnych cz\u0119\u015bciach obr\u00f3bki, takich jak formy. Ponadto mo\u017cna r\u00f3wnie\u017c u\u017cywa\u0107 narz\u0119dzi przemys\u0142owych, cz\u0119\u015bci z\u0142\u0105cza optycznego i medium sprz\u0119tu kruszenia. Wysoka wytrzyma\u0142o\u015b\u0107 PSZ mo\u017ce by\u0107 u\u017cywana do produkcji specjalnych \u017ar\u00f3de\u0142, a tak\u017ce jest szeroko stosowana w domowych no\u017cy ceramicznych, \u015blimakach i innych cz\u0119\u015bciach.<\/p>\n<\/p><\/div>\n<\/p><\/div>\n<\/p><\/div>\n<\/p><\/div>\n<\/p><\/div>\n<\/p><\/div>\n<div class=\"fl-col-group fl-node-64b61ec1e8d54\" data-node=\"64b61ec1e8d54\">\n<div class=\"fl-col fl-node-64b61ec1e8f96 fl-col-small\" data-node=\"64b61ec1e8f96\" style=\"width: 50%;\">\n<div class=\"fl-col-content fl-node-content\">\n<div class=\"fl-module fl-module-rich-text fl-node-64b61eadd07df\" data-animation-delay=\"0.0\" data-node=\"64b61eadd07df\">\n<div class=\"fl-module-content fl-node-content\">\n<div class=\"fl-rich-text\">\n<p>G\u0142\u00f3wne cechy ceramicznych cz\u0119\u015bci cyrkonu<span style=\"font-family: Calibri;\">:<\/span><\/p>\n<p>1. Doskona\u0142a odporno\u015b\u0107 na zu\u017cycie, znacznie wy\u017csza 276 razy ni\u017c stal nierdzewna<br \/> 2. Wi\u0119ksza g\u0119sto\u015b\u0107 ni\u017c wi\u0119kszo\u015b\u0107 ceramiki technicznej, ponad 6 g\/cm3<br \/> 3. Wysoka twardo\u015b\u0107, ponad 1300 MPa dla Vicker<br \/> 4. Can withstand higher temperatures up to 2400&deg;<br \/> 5. Niska przewodnictwo cieplne, mniej ni\u017c 3 W\/mk w temperaturze pokojowej<br \/> 6. Podobny wsp\u00f3\u0142czynnik rozszerzalno\u015bci cieplnej jako stali nierdzewnej<br \/> 7. Wyj\u0105tkowa wytrzyma\u0142o\u015b\u0107 z\u0142amania si\u0119ga do 8 MPa M1\/2<br \/> 8. Bezw\u0142adno\u015b\u0107 chemiczna, odporno\u015b\u0107 na starzenie si\u0119, a nie rdz\u0119 na zawsze<br \/> 9. Odporno\u015b\u0107 na stopione metale z powodu niezwyk\u0142ej temperatury topnienia<span style=\"font-family: Calibri;\">.<\/span><\/p>\n<\/p><\/div>\n<\/p><\/div>\n<\/p><\/div>\n<\/p><\/div>\n<\/p><\/div>\n<div class=\"fl-col fl-node-64b61ec7dce19 fl-col-small\" data-node=\"64b61ec7dce19\" style=\"width: 50%;\">\n<div class=\"fl-col-content fl-node-content\">\n<div class=\"fl-module fl-module-photo fl-node-64b61e936096d\" data-animation-delay=\"0.0\" data-node=\"64b61e936096d\">\n<div class=\"fl-module-content fl-node-content\">\n<div class=\"fl-photo fl-photo-align-center\" itemscope=\"\" itemtype=\"http:\/\/schema.org\/ImageObject\">\n<div class=\"fl-photo-content fl-photo-img-png\"> <img decoding=\"async\" alt=\"&#21322;&#23548;&#20307;&#38518;&#29943;&#37197;&#20214;\" class=\"fl-photo-img wp-image-1836\" itemprop=\"image\" src=\"\/wp-content\/uploads\/2025\/09\/53ac55bab545dc66.webp\"> <\/div>\n<\/p><\/div>\n<\/p><\/div>\n<\/p><\/div>\n<\/p><\/div>\n<\/p><\/div>\n<\/p><\/div>\n<div class=\"fl-col-group fl-node-64b61e93605ff\" data-node=\"64b61e93605ff\">\n<div class=\"fl-col fl-node-64b61e936063c\" data-node=\"64b61e936063c\" style=\"width: 100%;\">\n<div class=\"fl-col-content fl-node-content\">\n<div class=\"fl-module fl-module-rich-text fl-node-64b61e936089f\" data-animation-delay=\"0.0\" data-node=\"64b61e936089f\">\n<div class=\"fl-module-content fl-node-content\">\n<div class=\"fl-rich-text\">\n<p style=\"text-align: center;\">Material Properties<\/p>\n<table border=\"0\" cellspacing=\"0\">\n<tbody>\n<tr>\n<td nowrap valign=\"center\" width=\"99\">Przedmiot<\/td>\n<td valign=\"center\" width=\"73\">95% Alumina<\/td>\n<td valign=\"center\" width=\"80\">99% Alumina<\/td>\n<td valign=\"center\" width=\"71\">Zirconia<\/td>\n<td valign=\"center\" width=\"70\">Silicon carbide<\/td>\n<td valign=\"center\" width=\"70\">Silicon <span style=\"font-family: Arial;\">N<\/span>itride<\/td>\n<td valign=\"center\" width=\"80\">Aluminum <span style=\"font-family: Arial;\">N<\/span>itride<\/td>\n<td valign=\"center\" width=\"81\">Machinable ceramic<\/td>\n<\/tr>\n<tr>\n<td valign=\"center\" width=\"99\">Colour<\/td>\n<td valign=\"center\" width=\"73\">white<\/td>\n<td valign=\"center\" width=\"80\">Light yellow<\/td>\n<td valign=\"center\" width=\"71\">white<\/td>\n<td valign=\"center\" width=\"70\">black<\/td>\n<td valign=\"center\" width=\"70\">black<\/td>\n<td valign=\"center\" width=\"80\">gray<\/td>\n<td valign=\"center\" width=\"81\">white<\/td>\n<\/tr>\n<tr>\n<td valign=\"center\" width=\"99\">Density (g\/cm3)<\/td>\n<td valign=\"center\" width=\"73\">3.7g\/cm3<\/td>\n<td valign=\"center\" width=\"80\">3.9g\/cm3<\/td>\n<td valign=\"center\" width=\"71\">6.02g\/cm3<\/td>\n<td valign=\"center\" width=\"70\">3.2g\/cm3<\/td>\n<td valign=\"center\" width=\"70\">3.25g\/cm3<\/td>\n<td valign=\"center\" width=\"80\">3.2g\/cm3<\/td>\n<td valign=\"center\" width=\"81\">2.48g\/cm3<\/td>\n<\/tr>\n<tr>\n<td valign=\"center\" width=\"99\">Water Absorption<\/td>\n<td valign=\"center\" width=\"73\">0%<\/td>\n<td valign=\"center\" width=\"80\">0%<\/td>\n<td valign=\"center\" width=\"71\">0%<\/td>\n<td valign=\"center\" width=\"70\">0%<\/td>\n<td valign=\"center\" width=\"70\">0%<\/td>\n<td valign=\"center\" width=\"80\">0%<\/td>\n<td valign=\"center\" width=\"81\">0%<\/td>\n<\/tr>\n<tr>\n<td valign=\"center\" width=\"99\">Hardness(HV)<\/td>\n<td valign=\"center\" width=\"73\">23.7<\/td>\n<td valign=\"center\" width=\"80\">23.7<\/td>\n<td valign=\"center\" width=\"71\">16.5<\/td>\n<td valign=\"center\" width=\"70\">33<\/td>\n<td valign=\"center\" width=\"70\">20<\/td>\n<td valign=\"center\" width=\"80\">&#8211;<\/td>\n<td valign=\"center\" width=\"81\">&#8211;<\/td>\n<\/tr>\n<tr>\n<td valign=\"center\" width=\"99\">Flexural Strength(MPa)<\/td>\n<td valign=\"center\" width=\"73\">300MPa<\/td>\n<td valign=\"center\" width=\"80\">400MPa<\/td>\n<td valign=\"center\" width=\"71\">1100MPa<\/td>\n<td valign=\"center\" width=\"70\">450MPa<\/td>\n<td valign=\"center\" width=\"70\">800MPa<\/td>\n<td valign=\"center\" width=\"80\">310MPa<\/td>\n<td valign=\"center\" width=\"81\">91MPa<\/td>\n<\/tr>\n<tr>\n<td valign=\"center\" width=\"99\">Compressive Strength(MPa)<\/td>\n<td valign=\"center\" width=\"73\">2500MPa<\/td>\n<td valign=\"center\" width=\"80\">2800MPa<\/td>\n<td valign=\"center\" width=\"71\">3600MPa<\/td>\n<td valign=\"center\" width=\"70\">2000MPa<\/td>\n<td valign=\"center\" width=\"70\">2600MPa<\/td>\n<td valign=\"center\" width=\"80\">&#8211;<\/td>\n<td valign=\"center\" width=\"81\">340MPa<\/td>\n<\/tr>\n<tr>\n<td valign=\"center\" width=\"99\">Young&#8217;s Modulus Of Elasticity<\/td>\n<td valign=\"center\" width=\"73\">300GPa<\/td>\n<td valign=\"center\" width=\"80\">300GPa<\/td>\n<td valign=\"center\" width=\"71\">320GPa<\/td>\n<td valign=\"center\" width=\"70\">450GPa<\/td>\n<td valign=\"center\" width=\"70\">290GPa<\/td>\n<td valign=\"center\" width=\"80\">310~350GPa<\/td>\n<td valign=\"center\" width=\"81\">65GPa<\/td>\n<\/tr>\n<tr>\n<td valign=\"center\" width=\"99\">Poisson&#8217;s Ratio<\/td>\n<td valign=\"center\" width=\"73\">0.23<\/td>\n<td valign=\"center\" width=\"80\">0.23<\/td>\n<td valign=\"center\" width=\"71\">0.25<\/td>\n<td valign=\"center\" width=\"70\">0.14<\/td>\n<td valign=\"center\" width=\"70\">0.24<\/td>\n<td valign=\"center\" width=\"80\">0.24<\/td>\n<td valign=\"center\" width=\"81\">0.29<\/td>\n<\/tr>\n<tr>\n<td valign=\"center\" width=\"99\">Thermal Conductivity<\/td>\n<td valign=\"center\" width=\"73\">20W\/m&deg;C<\/td>\n<td valign=\"center\" width=\"80\">32W\/m&deg;C<\/td>\n<td valign=\"center\" width=\"71\">3W\/m&deg;C<\/td>\n<td valign=\"center\" width=\"70\">50W\/m&deg;C<\/td>\n<td valign=\"center\" width=\"70\">25W\/m&deg;C<\/td>\n<td valign=\"center\" width=\"80\">150W\/m&deg;C<\/td>\n<td valign=\"center\" width=\"81\">1.46W\/m&deg;C<\/td>\n<\/tr>\n<tr>\n<td valign=\"center\" width=\"99\">Dielectric Strength<\/td>\n<td valign=\"center\" width=\"73\">14KV\/mm<\/td>\n<td valign=\"center\" width=\"80\">14KV\/mm<\/td>\n<td valign=\"center\" width=\"71\">14KV\/mm<\/td>\n<td valign=\"center\" width=\"70\">14KV\/mm<\/td>\n<td valign=\"center\" width=\"70\">14KV\/mm<\/td>\n<td valign=\"center\" width=\"80\">14KV\/mm<\/td>\n<td valign=\"center\" width=\"81\">14KV\/mm<\/td>\n<\/tr>\n<tr>\n<td valign=\"center\" width=\"99\">Volume Resistivity(25&#8451;)<\/td>\n<td nowrap valign=\"center\" width=\"73\">&gt;1014&Omega;&middot;cm<\/td>\n<td nowrap valign=\"center\" width=\"80\">&gt;1014&Omega;&middot;cm<\/td>\n<td nowrap valign=\"center\" width=\"71\">&gt;1014&Omega;&middot;cm<\/td>\n<td nowrap valign=\"center\" width=\"70\">&gt;105&Omega;&middot;cm<\/td>\n<td nowrap valign=\"center\" width=\"70\">&gt;1014&Omega;&middot;cm<\/td>\n<td nowrap valign=\"center\" width=\"80\">&gt;1014&Omega;&middot;cm<\/td>\n<td nowrap valign=\"center\" width=\"81\">&gt;1014&Omega;&middot;cm<\/td>\n<\/tr>\n<\/tbody>\n<\/table><\/div>\n<\/p><\/div>\n<\/p><\/div>\n<\/p><\/div>\n<\/p><\/div>\n<\/p><\/div>\n<div class=\"fl-col-group fl-node-64b61e9360824\" data-node=\"64b61e9360824\">\n<div class=\"fl-col fl-node-64b61e9360862\" data-node=\"64b61e9360862\" style=\"width: 100%;\">\n<div class=\"fl-col-content fl-node-content\">\n<div class=\"fl-module fl-module-rich-text fl-node-64b61e93607e6\" data-animation-delay=\"0.0\" data-node=\"64b61e93607e6\">\n<div class=\"fl-module-content fl-node-content\">\n<div class=\"fl-rich-text\">\n<p>Zastosowanie cyrkonu (ZRO2)<\/p>\n<p>Narz\u0119dzia do formy i formy (r\u00f3\u017cne formy, precyzyjne urz\u0105dzenie do pozycjonowania, urz\u0105dzenie izolacyjne); Cz\u0119\u015bci m\u0142yna (klasyfikator, m\u0142yn przep\u0142ywowy, m\u0142yn); Narz\u0119dzie przemys\u0142owe (no\u017cyt przemys\u0142owy, maszyna do \u015blizgania si\u0119, p\u0142aska bolka prasowa); Komponenty z\u0142\u0105cza optyczne (pier\u015bcie\u0144 uszczelniaj\u0105cy, r\u0119kaw, urz\u0105dzenie V-Groove); Spr\u0119\u017cyna specjalna (spr\u0119\u017cyna cewki, spr\u0119\u017cyna p\u0142ytowa); Produkty konsumenckie (ma\u0142y izolowany \u015brubokr\u0119t, n\u00f3\u017c ceramiczny, gro\u017anik).<\/p>\n<\/p><\/div>\n<\/p><\/div>\n<\/p><\/div>\n<\/p><\/div>\n<\/p><\/div>\n<\/p><\/div>\n<div class=\"fl-col-group fl-node-64b61e9360679\" data-node=\"64b61e9360679\">\n<div class=\"fl-col fl-node-64b61e93606b6\" data-node=\"64b61e93606b6\" style=\"width: 100%;\">\n<div class=\"fl-col-content fl-node-content\">\n<div class=\"fl-module fl-module-gallery fl-node-64b61e93606f3\" data-animation-delay=\"0.0\" data-node=\"64b61e93606f3\">\n<div class=\"fl-module-content fl-node-content\">\n<div class=\"fl-mosaicflow\">\n<div class=\"fl-mosaicflow-content\">\n<div class=\"fl-mosaicflow-item\">\n<div class=\"fl-photo fl-photo-align-center\" itemscope=\"\" itemtype=\"http:\/\/schema.org\/ImageObject\">\n<div class=\"fl-photo-content fl-photo-img-png\"> <a href=\"\/pl\/uploads\/SDfsdCFTYHJN.webp\/\" itemprop=\"url\" target=\"_self\"> <img decoding=\"async\" alt=\"Sdfsdcftyhjn\" class=\"fl-photo-img wp-image-1736\" itemprop=\"image\" src=\"\/wp-content\/uploads\/2025\/09\/0a5d2007841c9923.webp\"> <\/a> <\/div>\n<\/p><\/div>\n<\/p><\/div>\n<div class=\"fl-mosaicflow-item\">\n<div class=\"fl-photo fl-photo-align-center\" itemscope=\"\" itemtype=\"http:\/\/schema.org\/ImageObject\">\n<div class=\"fl-photo-content fl-photo-img-png\"> <a href=\"\/pl\/uploads\/SFDvSDcfvaq.webp\/\" itemprop=\"url\" target=\"_self\"> <img decoding=\"async\" alt=\"SFDVSDCFVAQ\" class=\"fl-photo-img wp-image-1737\" itemprop=\"image\" src=\"\/wp-content\/uploads\/2025\/09\/5d34c27c40e0923f.webp\"> <\/a> <\/div>\n<\/p><\/div>\n<\/p><\/div>\n<div class=\"fl-mosaicflow-item\">\n<div class=\"fl-photo fl-photo-align-center\" itemscope=\"\" itemtype=\"http:\/\/schema.org\/ImageObject\">\n<div class=\"fl-photo-content fl-photo-img-png\"> <a href=\"\/pl\/uploads\/ZADfvSXCD.webp\/\" itemprop=\"url\" target=\"_self\"> <img decoding=\"async\" alt=\"Zadfvsxcd\" class=\"fl-photo-img wp-image-1738\" itemprop=\"image\" src=\"\/wp-content\/uploads\/2025\/09\/6acb3916de7499d8.webp\"> <\/a> <\/div>\n<\/p><\/div>\n<\/p><\/div>\n<\/p><\/div>\n<div class=\"fl-clear\"><\/div>\n<\/p><\/div>\n<\/p><\/div>\n<\/p><\/div>\n<\/p><\/div>\n<\/p><\/div>\n<\/p><\/div>\n<div class=\"fl-col-group fl-node-64b61e9360549\" data-node=\"64b61e9360549\">\n<div class=\"fl-col fl-node-64b61e9360585\" data-node=\"64b61e9360585\" style=\"width: 100%;\">\n<div class=\"fl-col-content fl-node-content\">\n<div class=\"fl-module fl-module-photo fl-node-64b61e93605c2\" data-animation-delay=\"0.0\" data-node=\"64b61e93605c2\">\n<div class=\"fl-module-content fl-node-content\">\n<div class=\"fl-photo fl-photo-align-center\" itemscope=\"\" itemtype=\"http:\/\/schema.org\/ImageObject\">\n<div class=\"fl-photo-content fl-photo-img-png\"> <img decoding=\"async\" alt=\"Adfvzcvxcd\" class=\"fl-photo-img wp-image-1732\" itemprop=\"image\" src=\"\/wp-content\/uploads\/2025\/09\/b2c38ce1672f5a38.webp\"> <\/div>\n<\/p><\/div>\n<\/p><\/div>\n<\/p><\/div>\n<\/p><\/div>\n<\/p><\/div>\n<\/p><\/div>\n<div class=\"fl-col-group fl-node-64b61e9360730\" data-node=\"64b61e9360730\">\n<div class=\"fl-col fl-node-64b61e936076d\" data-node=\"64b61e936076d\" style=\"width: 100%;\">\n<div class=\"fl-col-content fl-node-content\">\n<div class=\"fl-module fl-module-photo fl-node-64b61e93607a9\" data-animation-delay=\"0.0\" data-node=\"64b61e93607a9\">\n<div class=\"fl-module-content fl-node-content\">\n<div class=\"fl-photo fl-photo-align-center\" itemscope=\"\" itemtype=\"http:\/\/schema.org\/ImageObject\">\n<div class=\"fl-photo-content fl-photo-img-png\"> <img decoding=\"async\" alt=\"zdfgfghj\" class=\"fl-photo-img wp-image-1809\" itemprop=\"image\" src=\"\/wp-content\/uploads\/2025\/09\/5e4f4b955af2d653.webp\"> <\/div>\n<\/p><\/div>\n<\/p><\/div>\n<\/p><\/div>\n<\/p><\/div>\n<\/p><\/div>\n<\/p><\/div>\n<div class=\"fl-col-group fl-node-661783d1df644\" data-node=\"661783d1df644\">\n<div class=\"fl-col fl-node-661783d1df80e\" data-node=\"661783d1df80e\" style=\"width: 100%;\">\n<div class=\"fl-col-content fl-node-content\">\n<div class=\"fl-module fl-module-rich-text fl-node-661783d1df4f4\" data-animation-delay=\"0.0\" data-node=\"661783d1df4f4\">\n<div class=\"fl-module-content fl-node-content\">\n<div class=\"fl-rich-text\">\n<\/p><\/div>\n<\/p><\/div>\n<\/p><\/div>\n<\/p><\/div>\n<\/p><\/div>\n<\/p><\/div>\n<\/p><\/div>\n<\/p><\/div>\n<\/p><\/div>\n<\/div>","protected":false},"excerpt":{"rendered":"<p><?xml encoding=\"utf-8\" ?><\/p>\n<p>Cyrkon jest materia\u0142em o wysokiej wytrzyma\u0142o\u015bci mechanicznej i wytrzyma\u0142o\u015bci p\u0119kni\u0119\u0107 w temperaturze pokojowej. Nasza cyrkonia (ZRO2) dodaje si\u0119 za pomoc\u0105 cz\u0119\u015bciowej stabilnej cyrkonu (PSZ) 3MOL%Y2O3 (PSZ). Poniewa\u017c \u015brednica cz\u0105stek materia\u0142u PSZ jest niewielka, mo\u017ce by\u0107 przetwarzana z wysok\u0105 precyzj\u0105, a jego zastosowanie w precyzyjnych cz\u0119\u015bciach obr\u00f3bki, takich jak formy. Ponadto mo\u017cna r\u00f3wnie\u017c u\u017cywa\u0107 narz\u0119dzi przemys\u0142owych, cz\u0119\u015bci z\u0142\u0105cza optycznego i medium sprz\u0119tu kruszenia. Wysoka wytrzyma\u0142o\u015b\u0107 PSZ mo\u017ce by\u0107 u\u017cywana do produkcji specjalnych \u017ar\u00f3de\u0142, a tak\u017ce jest szeroko stosowana w domowych no\u017cy ceramicznych, \u015blimakach i innych cz\u0119\u015bciach.<\/p>","protected":false},"featured_media":1034,"comment_status":"closed","ping_status":"open","template":"","meta":[],"product_brand":[],"product_cat":[31,33],"product_tag":[],"class_list":{"0":"post-2298","1":"product","2":"type-product","3":"status-publish","4":"has-post-thumbnail","6":"product_cat-more-ceramic-products","7":"product_cat-zirconium-oxide-ceramics","9":"first","10":"instock","11":"product-type-simple"},"_links":{"self":[{"href":"https:\/\/www.cn-semiconductorparts.com\/pl\/wp-json\/wp\/v2\/product\/2298","targetHints":{"allow":["GET"]}}],"collection":[{"href":"https:\/\/www.cn-semiconductorparts.com\/pl\/wp-json\/wp\/v2\/product"}],"about":[{"href":"https:\/\/www.cn-semiconductorparts.com\/pl\/wp-json\/wp\/v2\/types\/product"}],"replies":[{"embeddable":true,"href":"https:\/\/www.cn-semiconductorparts.com\/pl\/wp-json\/wp\/v2\/comments?post=2298"}],"wp:featuredmedia":[{"embeddable":true,"href":"https:\/\/www.cn-semiconductorparts.com\/pl\/wp-json\/wp\/v2\/media\/1034"}],"wp:attachment":[{"href":"https:\/\/www.cn-semiconductorparts.com\/pl\/wp-json\/wp\/v2\/media?parent=2298"}],"wp:term":[{"taxonomy":"product_brand","embeddable":true,"href":"https:\/\/www.cn-semiconductorparts.com\/pl\/wp-json\/wp\/v2\/product_brand?post=2298"},{"taxonomy":"product_cat","embeddable":true,"href":"https:\/\/www.cn-semiconductorparts.com\/pl\/wp-json\/wp\/v2\/product_cat?post=2298"},{"taxonomy":"product_tag","embeddable":true,"href":"https:\/\/www.cn-semiconductorparts.com\/pl\/wp-json\/wp\/v2\/product_tag?post=2298"}],"curies":[{"name":"WP","href":"https:\/\/api.w.org\/{rel}","templated":true}]}}