{"id":2304,"date":"2025-09-11T13:33:53","date_gmt":"2025-09-11T05:33:53","guid":{"rendered":"https:\/\/weitai2.globaldeepsea.site\/product\/large-size-recrystallized-silicon-carbide-wafer-boat\/"},"modified":"2026-04-29T15:27:31","modified_gmt":"2026-04-29T07:27:31","slug":"large-size-recrystallized-silicon-carbide-wafer-boat","status":"publish","type":"product","link":"https:\/\/www.cn-semiconductorparts.com\/pl\/product\/large-size-recrystallized-silicon-carbide-wafer-boat\/","title":{"rendered":"Rekrystalizowana krzemowa \u0142\u00f3d\u017a z krzemowa \u0142\u00f3d\u017a"},"content":{"rendered":"<div class=\"fl-builder-content fl-builder-content-1783 fl-builder-content-primary fl-builder-global-templates-locked\" data-post-id=\"1783\">\n<div class=\"fl-row fl-row-full-width fl-row-bg-none fl-node-64b4dab1e167f\" data-node=\"64b4dab1e167f\">\n<div class=\"fl-row-content-wrap\">\n<div class=\"fl-row-content fl-row-full-width fl-node-content\">\n<div class=\"fl-col-group fl-node-65e97b969c045\" data-node=\"65e97b969c045\">\n<div class=\"fl-col fl-node-65e97b969c219\" style=\"width: 100%\" data-node=\"65e97b969c219\">\n<div class=\"fl-col-content fl-node-content\">\n<div class=\"fl-module fl-module-video fl-node-65e97b969bef2\" data-animation-delay=\"0.0\" data-node=\"65e97b969bef2\">\n<div class=\"fl-module-content fl-node-content\">\n<div class=\"fl-video fl-embed-video\"><\/div>\n<p>&nbsp;<\/p>\n<\/div>\n<p>&nbsp;<\/p>\n<\/div>\n<p>&nbsp;<\/p>\n<\/div>\n<p>&nbsp;<\/p>\n<\/div>\n<p>&nbsp;<\/p>\n<\/div>\n<div class=\"fl-col-group fl-node-64b4db3dc806f\" data-node=\"64b4db3dc806f\">\n<div class=\"fl-col fl-node-64b4db3dc82a4\" style=\"width: 100%\" data-node=\"64b4db3dc82a4\">\n<div class=\"fl-col-content fl-node-content\">\n<div class=\"fl-module fl-module-rich-text fl-node-64b4dab1e1542\" data-animation-delay=\"0.0\" data-node=\"64b4dab1e1542\">\n<div class=\"fl-module-content fl-node-content\">\n<div class=\"fl-rich-text\">\n<p data-section=\"0\">W\u0142a\u015bciwo\u015bci rekrystalizowanego w\u0119gliku krzemowego<\/p>\n<p data-section=\"1\">Rekrystalizowany krzemowa w\u0119glik (R-SIC) jest materia\u0142em o wysokiej wydajno\u015bci o twardo\u015bci drugiej tylko do diamentu, kt\u00f3ry powstaje w wysokiej temperaturze powy\u017cej 2000 \u2103. Zachowuje wiele doskona\u0142ych w\u0142a\u015bciwo\u015bci SIC, takich jak wytrzyma\u0142o\u015b\u0107 wysokiej temperatury, silna odporno\u015b\u0107 na korozj\u0119, doskona\u0142a odporno\u015b\u0107 na utlenianie, dobra odporno\u015b\u0107 na wstrz\u0105sy termiczne i tak dalej.<\/p>\n<p data-section=\"2\">\u25cf Doskona\u0142e w\u0142a\u015bciwo\u015bci mechaniczne. Rekrystalizowany w\u0119glik krzemowy ma wy\u017csz\u0105 wytrzyma\u0142o\u015b\u0107 i sztywno\u015b\u0107 ni\u017c w\u0142\u00f3kno w\u0119glowe, du\u017ca odporno\u015b\u0107 na uderzenie, mo\u017ce odgrywa\u0107 dobr\u0105 wydajno\u015b\u0107 w \u015brodowiskach ekstremalnych temperatur, mo\u017ce odgrywa\u0107 lepsz\u0105 wydajno\u015b\u0107 przeciwwagi w r\u00f3\u017cnych sytuacjach. Ponadto ma r\u00f3wnie\u017c dobr\u0105 elastyczno\u015b\u0107 i nie jest \u0142atwo uszkodzony przez rozci\u0105ganie i zginanie, co znacznie poprawia jego wydajno\u015b\u0107.<\/p>\n<p data-section=\"3\">\u25cf Wysoka odporno\u015b\u0107 na korozj\u0119. Rekrystalizowany w\u0119glik krzemowy ma wysok\u0105 odporno\u015b\u0107 na korozj\u0119 na r\u00f3\u017cne media, mo\u017ce zapobiec erozji r\u00f3\u017cnych medi\u00f3w korozyjnych, mo\u017ce utrzyma\u0107 swoje w\u0142a\u015bciwo\u015bci mechaniczne przez d\u0142ugi czas, ma siln\u0105 przyczepno\u015b\u0107, dzi\u0119ki czemu ma d\u0142u\u017csz\u0105 \u017cywotno\u015b\u0107. Ponadto ma r\u00f3wnie\u017c dobr\u0105 stabilno\u015b\u0107 termiczn\u0105, mo\u017ce dostosowa\u0107 si\u0119 do okre\u015blonego zakresu zmian temperatury, poprawi\u0107 efekt zastosowania.<\/p>\n<p data-section=\"4\">\u25cf Spiekanie nie kurczy si\u0119. Poniewa\u017c proces spiekania nie kurczy si\u0119, \u017cadne napr\u0119\u017cenie szcz\u0105tkowe nie spowoduje odkszta\u0142cenia lub p\u0119kania produktu, a cz\u0119\u015bci o z\u0142o\u017conych kszta\u0142tach i wysokiej precyzji mo\u017cna przygotowa\u0107.<\/p>\n<p>&nbsp;<\/p>\n<\/div>\n<p>&nbsp;<\/p>\n<\/div>\n<p>&nbsp;<\/p>\n<\/div>\n<p>&nbsp;<\/p>\n<\/div>\n<p>&nbsp;<\/p>\n<\/div>\n<p>&nbsp;<\/p>\n<\/div>\n<div class=\"fl-col-group fl-node-665d2fec202d9\" data-node=\"665d2fec202d9\">\n<div class=\"fl-col fl-node-665d2fec205d1\" style=\"width: 100%\" data-node=\"665d2fec205d1\">\n<div class=\"fl-col-content fl-node-content\">\n<div class=\"fl-module fl-module-heading fl-node-665d2f77daacd\" data-animation-delay=\"0.0\" data-node=\"665d2f77daacd\">\n<div class=\"fl-module-content fl-node-content\">\n<h3 class=\"fl-heading\"><span class=\"fl-heading-text\">Parametry techniczne:<\/span><\/h3>\n<p>&nbsp;<\/p>\n<\/div>\n<p>&nbsp;<\/p>\n<\/div>\n<div class=\"fl-module fl-module-photo fl-node-665d2f77daa14\" data-animation-delay=\"0.0\" data-node=\"665d2f77daa14\">\n<div class=\"fl-module-content fl-node-content\">\n<div class=\"fl-photo fl-photo-align-center\">\n<div class=\"fl-photo-content fl-photo-img-png\"><img decoding=\"async\" class=\"fl-photo-img wp-image-2332\" src=\"\/wp-content\/uploads\/2025\/09\/d989e2953820a92d.webp\" alt=\"Zdj\u0119cie 2\"><\/div>\n<p>&nbsp;<\/p>\n<\/div>\n<p>&nbsp;<\/p>\n<\/div>\n<p>&nbsp;<\/p>\n<\/div>\n<p>&nbsp;<\/p>\n<\/div>\n<p>&nbsp;<\/p>\n<\/div>\n<p>&nbsp;<\/p>\n<\/div>\n<div class=\"fl-col-group fl-node-665d3005d5168\" data-node=\"665d3005d5168\">\n<div class=\"fl-col fl-node-665d3005d541a\" style=\"width: 100%\" data-node=\"665d3005d541a\">\n<div class=\"fl-col-content fl-node-content\">\n<div class=\"fl-module fl-module-heading fl-node-665d2f77da861\" data-animation-delay=\"0.0\" data-node=\"665d2f77da861\">\n<div class=\"fl-module-content fl-node-content\">\n<h3 class=\"fl-heading\"><span class=\"fl-heading-text\">Materia\u0142 arkusz danych<\/span><\/h3>\n<p>&nbsp;<\/p>\n<\/div>\n<p>&nbsp;<\/p>\n<\/div>\n<div class=\"fl-module fl-module-rich-text fl-node-665d2f77da823\" data-animation-delay=\"0.0\" data-node=\"665d2f77da823\">\n<div class=\"fl-module-content fl-node-content\">\n<div class=\"fl-rich-text\">\n<table border=\"0\" cellspacing=\"0\">\n<tbody>\n<tr>\n<td valign=\"center\" width=\"373\">\n<p><span style=\"font-family: Calibri;color: #000000\">Tworzywo<\/span><\/p>\n<\/td>\n<td valign=\"center\" width=\"294\">\n<p><span style=\"color: #000000\">R-sic<\/span><\/p>\n<\/td>\n<\/tr>\n<tr>\n<td valign=\"center\" width=\"373\">\n<p><span style=\"color: #000000\"><span style=\"font-family: \u5b8b\u4f53\">U\u017cyj temperatury<\/span><span style=\"font-family: Calibri\">Temperatura pracy (<\/span><span style=\"font-family: \u5b8b\u4f53\">&deg;<\/span><span style=\"font-family: Calibri\">C)<\/span><\/span><\/p>\n<\/td>\n<td valign=\"center\" width=\"294\">\n<p><span style=\"color: #000000\">1600&deg;C (&nbsp;<span style=\"font-family: \u5b8b\u4f53\">Atmosfera utleniania<\/span><span style=\"font-family: Calibri\">\u015arodowisko utleniaj\u0105ce)<\/span><\/span><\/p>\n<p><span style=\"color: #000000\">1700&deg;C (&nbsp;<span style=\"font-family: \u5b8b\u4f53\">Przywr\u00f3\u0107 atmosfer\u0119<\/span><span style=\"font-family: Calibri\">Zmniejszenie \u015brodowiska)<\/span><\/span><\/p>\n<\/td>\n<\/tr>\n<tr>\n<td valign=\"center\" width=\"373\">\n<p><span style=\"color: #000000\">Sic<span style=\"font-family: \u5b8b\u4f53\">tre\u015b\u0107<\/span><span style=\"font-family: Calibri\">Tre\u015b\u0107 sic (%)<\/span><\/span><\/p>\n<\/td>\n<td valign=\"center\" width=\"294\">\n<p><span style=\"color: #000000\">&gt; 99<\/span><\/p>\n<\/td>\n<\/tr>\n<tr>\n<td valign=\"center\" width=\"373\">\n<p><span style=\"color: #000000\"><span style=\"font-family: \u5b8b\u4f53\">bezp\u0142atny<\/span><span style=\"font-family: Calibri\">Si&nbsp;<\/span><span style=\"font-family: \u5b8b\u4f53\">tre\u015b\u0107<\/span><span style=\"font-family: Calibri\">Darmowa zawarto\u015b\u0107 SI (%)<\/span><\/span><\/p>\n<\/td>\n<td valign=\"center\" width=\"294\">\n<p><span style=\"color: #000000\">&lt; 0.1<\/span><\/p>\n<\/td>\n<\/tr>\n<tr>\n<td valign=\"center\" width=\"373\">\n<p><span style=\"color: #000000\"><span style=\"font-family: \u5b8b\u4f53\">G\u0119sto\u015b\u0107 obj\u0119to\u015bci<\/span><span style=\"font-family: Calibri\">G\u0119sto\u015b\u0107 luzem (g\/cm3)<\/span><\/span><\/p>\n<\/td>\n<td valign=\"center\" width=\"294\">\n<p><span style=\"color: #000000\">2.60-2.70<\/span><\/p>\n<\/td>\n<\/tr>\n<tr>\n<td valign=\"center\" width=\"373\">\n<p><span style=\"color: #000000\"><span style=\"font-family: \u5b8b\u4f53\">Porowato\u015b\u0107<\/span><span style=\"font-family: Calibri\">Pozorna porowato\u015b\u0107 (%)<\/span><\/span><\/p>\n<\/td>\n<td valign=\"center\" width=\"294\">\n<p><span style=\"color: #000000\">&lt; 16<\/span><\/p>\n<\/td>\n<\/tr>\n<tr>\n<td valign=\"center\" width=\"373\">\n<p><span style=\"color: #000000\"><span style=\"font-family: \u5b8b\u4f53\">Si\u0142a \u015bciskaj\u0105ca<\/span><span style=\"font-family: Calibri\">Si\u0142a kruszenia (MPA)<\/span><\/span><\/p>\n<\/td>\n<td valign=\"center\" width=\"294\">\n<p><span style=\"color: #000000\">&gt; 600<\/span><\/p>\n<\/td>\n<\/tr>\n<tr>\n<td valign=\"center\" width=\"373\">\n<p><span style=\"color: #000000\"><span style=\"font-family: \u5b8b\u4f53\">Si\u0142a zginania w temperaturze pokojowej<\/span><span style=\"font-family: Calibri\">Zimna si\u0142a zginania (MPA)<\/span><\/span><\/p>\n<\/td>\n<td valign=\"center\" width=\"294\">\n<p><span style=\"color: #000000\">80-90 (20&deg;C)<\/span><\/p>\n<\/td>\n<\/tr>\n<tr>\n<td valign=\"center\" width=\"373\">\n<p><span style=\"color: #000000\"><span style=\"font-family: \u5b8b\u4f53\">Wysokiej temperatury si\u0142a zginania<\/span><span style=\"font-family: Calibri\">Gor\u0105ca si\u0142a zginania (MPA)<\/span><\/span><\/p>\n<\/td>\n<td valign=\"center\" width=\"294\">\n<p><span style=\"color: #000000\">90-100 (1400&deg;C)<\/span><\/p>\n<\/td>\n<\/tr>\n<tr>\n<td valign=\"center\" width=\"373\">\n<p><span style=\"font-family: \u5b8b\u4f53;color: #000000\">Wsp\u00f3\u0142czynnik rozszerzalno\u015bci cieplnej<\/span><\/p>\n<p><span style=\"color: #000000\">Thermal expansion coefficient @1500&deg;C (10-6\/&deg;C)<\/span><\/p>\n<\/td>\n<td valign=\"center\" width=\"294\">\n<p><span style=\"color: #000000\">4.70<\/span><\/p>\n<\/td>\n<\/tr>\n<tr>\n<td valign=\"center\" width=\"373\">\n<p><span style=\"color: #000000\"><span style=\"font-family: \u5b8b\u4f53\">Przewodno\u015b\u0107 cieplna<\/span><span style=\"font-family: Calibri\">Przewodnictwo cieplne @1200<\/span><span style=\"font-family: \u5b8b\u4f53\">&deg;<\/span><span style=\"font-family: Calibri\">C (w\/m<\/span><span style=\"font-family: \u5b8b\u4f53\">&bull;<\/span><span style=\"font-family: Calibri\">K)<\/span><\/span><\/p>\n<\/td>\n<td valign=\"center\" width=\"294\">\n<p><span style=\"color: #000000\">23<\/span><\/p>\n<\/td>\n<\/tr>\n<tr>\n<td valign=\"center\" width=\"373\">\n<p><span style=\"color: #000000\"><span style=\"font-family: \u5b8b\u4f53\">Modu\u0142 Younga<\/span><span style=\"font-family: Calibri\">Modu\u0142 spr\u0119\u017cysty (GPA)<\/span><\/span><\/p>\n<\/td>\n<td valign=\"center\" width=\"294\">\n<p><span style=\"color: #000000\">240<\/span><\/p>\n<\/td>\n<\/tr>\n<tr>\n<td valign=\"center\" width=\"373\">\n<p><span style=\"color: #000000\"><span style=\"font-family: \u5b8b\u4f53\">Odporno\u015b\u0107 na wstrz\u0105sy termiczne<\/span><span style=\"font-family: Calibri\">Odporno\u015b\u0107 na wstrz\u0105sy termiczne<\/span><\/span><\/p>\n<\/td>\n<td valign=\"center\" width=\"294\">\n<p><span style=\"color: #000000\"><span style=\"font-family: \u5b8b\u4f53\">bardzo dobry<\/span><span style=\"font-family: Calibri\">Niezwykle dobry<\/span><\/span><\/p>\n<\/td>\n<\/tr>\n<\/tbody>\n<\/table>\n<\/div>\n<p>&nbsp;<\/p>\n<\/div>\n<p>&nbsp;<\/p>\n<\/div>\n<p>&nbsp;<\/p>\n<\/div>\n<p>&nbsp;<\/p>\n<\/div>\n<p>&nbsp;<\/p>\n<\/div>\n<div class=\"fl-col-group fl-node-64b4dae5e81e7\" data-node=\"64b4dae5e81e7\">\n<div class=\"fl-col fl-node-64b4dae5e835b fl-col-small\" style=\"width: 33.33%\" data-node=\"64b4dae5e835b\">\n<div class=\"fl-col-content fl-node-content\">\n<div class=\"fl-module fl-module-photo fl-node-64b4dae5e80bb\" data-animation-delay=\"0.0\" data-node=\"64b4dae5e80bb\">\n<div class=\"fl-module-content fl-node-content\">\n<div class=\"fl-photo fl-photo-align-center\">\n<div class=\"fl-photo-content fl-photo-img-png\"><img decoding=\"async\" class=\"fl-photo-img wp-image-6723\" src=\"\/wp-content\/uploads\/2025\/09\/fbbfff28dabb93a8.webp\" alt=\"Kryszta\u0142owa \u0142\u00f3d\u017a z w\u0119glik\u00f3w krzemowych (2)\"><\/div>\n<p>&nbsp;<\/p>\n<\/div>\n<p>&nbsp;<\/p>\n<\/div>\n<p>&nbsp;<\/p>\n<\/div>\n<p>&nbsp;<\/p>\n<\/div>\n<p>&nbsp;<\/p>\n<\/div>\n<div class=\"fl-col fl-node-64b4daffb0ae6 fl-col-small\" style=\"width: 33.33%\" data-node=\"64b4daffb0ae6\">\n<div class=\"fl-col-content fl-node-content\">\n<div class=\"fl-module fl-module-photo fl-node-64b4dafad4754\" data-animation-delay=\"0.0\" data-node=\"64b4dafad4754\">\n<div class=\"fl-module-content fl-node-content\">\n<div class=\"fl-photo fl-photo-align-center\">\n<div class=\"fl-photo-content fl-photo-img-png\"><img decoding=\"async\" class=\"fl-photo-img wp-image-6722\" src=\"\/wp-content\/uploads\/2025\/09\/11cde673bb007bd9.webp\" alt=\"Kryszta\u0142owa \u0142\u00f3d\u017a z w\u0119glik\u00f3w krzemowych (3)\"><\/div>\n<p>&nbsp;<\/p>\n<\/div>\n<p>&nbsp;<\/p>\n<\/div>\n<p>&nbsp;<\/p>\n<\/div>\n<p>&nbsp;<\/p>\n<\/div>\n<p>&nbsp;<\/p>\n<\/div>\n<div class=\"fl-col fl-node-64b4db03476ea fl-col-small\" style=\"width: 33.33%\" data-node=\"64b4db03476ea\">\n<div class=\"fl-col-content fl-node-content\">\n<div class=\"fl-module fl-module-photo fl-node-64b4daf9c87be\" data-animation-delay=\"0.0\" data-node=\"64b4daf9c87be\">\n<div class=\"fl-module-content fl-node-content\">\n<div class=\"fl-photo fl-photo-align-center\">\n<div class=\"fl-photo-content fl-photo-img-png\"><img decoding=\"async\" class=\"fl-photo-img wp-image-6721\" src=\"\/wp-content\/uploads\/2025\/09\/caf6a84fcfde0859.webp\" alt=\"Kryszta\u0142owa \u0142\u00f3d\u017a z w\u0119glik\u00f3w krzemowych (4)\"><\/div>\n<p>&nbsp;<\/p>\n<\/div>\n<p>&nbsp;<\/p>\n<\/div>\n<p>&nbsp;<\/p>\n<\/div>\n<p>&nbsp;<\/p>\n<\/div>\n<p>&nbsp;<\/p>\n<\/div>\n<p>&nbsp;<\/p>\n<\/div>\n<div class=\"fl-col-group fl-node-65e14b807304b\" data-node=\"65e14b807304b\">\n<div class=\"fl-col fl-node-65e14b97810d3 fl-col-small\" style=\"width: 50%\" data-node=\"65e14b97810d3\">\n<div class=\"fl-col-content fl-node-content\">\n<div class=\"fl-module fl-module-photo fl-node-65e14ba7b024b\" data-animation-delay=\"0.0\" data-node=\"65e14ba7b024b\">\n<div class=\"fl-module-content fl-node-content\">\n<div class=\"fl-photo fl-photo-align-center\">\n<div class=\"fl-photo-content fl-photo-img-png\"><img decoding=\"async\" class=\"fl-photo-img wp-image-6733\" src=\"\/wp-content\/uploads\/2025\/09\/7b068eb516063063.webp\" alt=\"\u0141\u00f3d\u017a waflowa z w\u0119glikiem krzemowym (5)\"><\/div>\n<p>&nbsp;<\/p>\n<\/div>\n<p>&nbsp;<\/p>\n<\/div>\n<p>&nbsp;<\/p>\n<\/div>\n<p>&nbsp;<\/p>\n<\/div>\n<p>&nbsp;<\/p>\n<\/div>\n<div class=\"fl-col fl-node-65e14bcee4eac fl-col-small\" style=\"width: 50%\" data-node=\"65e14bcee4eac\">\n<div class=\"fl-col-content fl-node-content\">\n<div class=\"fl-module fl-module-photo fl-node-65e14bc95c769\" data-animation-delay=\"0.0\" data-node=\"65e14bc95c769\">\n<div class=\"fl-module-content fl-node-content\">\n<div class=\"fl-photo fl-photo-align-center\">\n<div class=\"fl-photo-content fl-photo-img-png\"><img decoding=\"async\" class=\"fl-photo-img wp-image-6732\" src=\"\/wp-content\/uploads\/2025\/09\/40b6d02353f56544.webp\" alt=\"\u0141\u00f3d\u017a waflowa z w\u0119glikiem krzemowym (4)\"><\/div>\n<p>&nbsp;<\/p>\n<\/div>\n<p>&nbsp;<\/p>\n<\/div>\n<p>&nbsp;<\/p>\n<\/div>\n<p>&nbsp;<\/p>\n<\/div>\n<p>&nbsp;<\/p>\n<\/div>\n<p>&nbsp;<\/p>\n<\/div>\n<p>&nbsp;<\/p>\n<\/div>\n<p>&nbsp;<\/p>\n<\/div>\n<p>&nbsp;<\/p>\n<\/div>\n<div class=\"fl-row fl-row-full-width fl-row-bg-none fl-node-665d2f77da7e0\" data-node=\"665d2f77da7e0\">\n<div class=\"fl-row-content-wrap\">\n<div class=\"fl-row-content fl-row-full-width fl-node-content\">\n<div class=\"fl-col-group fl-node-665d2f77dac44\" data-node=\"665d2f77dac44\">\n<div class=\"fl-col fl-node-665d2f77dac85\" style=\"width: 100%\" data-node=\"665d2f77dac85\">\n<div class=\"fl-col-content fl-node-content\">\n<div class=\"fl-module fl-module-photo fl-node-665d2f77dacc6\" data-animation-delay=\"0.0\" data-node=\"665d2f77dacc6\">\n<div class=\"fl-module-content fl-node-content\">\n<div class=\"fl-photo fl-photo-align-center\">\n<div class=\"fl-photo-content fl-photo-img-jpg\"><img decoding=\"async\" class=\"fl-photo-img wp-image-7142\" src=\"\/wp-content\/uploads\/2025\/09\/b1dd0bcab1675ff4.webp\" alt=\"Miejsce pracy p\u00f3\u0142cesy\"><\/div>\n<p>&nbsp;<\/p>\n<\/div>\n<p>&nbsp;<\/p>\n<\/div>\n<p>&nbsp;<\/p>\n<\/div>\n<div class=\"fl-module fl-module-photo fl-node-665d2f77dadc9\" data-animation-delay=\"0.0\" data-node=\"665d2f77dadc9\">\n<div class=\"fl-module-content fl-node-content\">\n<div class=\"fl-photo fl-photo-align-center\">\n<div class=\"fl-photo-content fl-photo-img-jpg\"><img decoding=\"async\" class=\"fl-photo-img wp-image-7141\" src=\"\/wp-content\/uploads\/2025\/09\/2b946d2b4b61306d.webp\" alt=\"P\u00f3\u0142cera robocza miejsce 2\"><\/div>\n<p>&nbsp;<\/p>\n<\/div>\n<p>&nbsp;<\/p>\n<\/div>\n<p>&nbsp;<\/p>\n<\/div>\n<div class=\"fl-module fl-module-photo fl-node-665d2f77dad88\" data-animation-delay=\"0.0\" data-node=\"665d2f77dad88\">\n<div class=\"fl-module-content fl-node-content\">\n<div class=\"fl-photo fl-photo-align-center\">\n<div class=\"fl-photo-content fl-photo-img-jpg\"><img decoding=\"async\" class=\"fl-photo-img wp-image-7138\" src=\"\/wp-content\/uploads\/2025\/09\/081b6529d68ead23.webp\" alt=\"Maszyna sprz\u0119tu\"><\/div>\n<p>&nbsp;<\/p>\n<\/div>\n<p>&nbsp;<\/p>\n<\/div>\n<p>&nbsp;<\/p>\n<\/div>\n<div class=\"fl-module fl-module-photo fl-node-665d2f77dad48\" data-animation-delay=\"0.0\" data-node=\"665d2f77dad48\">\n<div class=\"fl-module-content fl-node-content\">\n<div class=\"fl-photo fl-photo-align-center\">\n<div class=\"fl-photo-content fl-photo-img-jpg\"><img decoding=\"async\" class=\"fl-photo-img wp-image-7137 size-full\" src=\"\/wp-content\/uploads\/2025\/09\/a4132b2b399abbac.webp\" alt=\"Przetwarzanie CNN, czyszczenie chemiczne, pow\u0142oka CVD\"><\/div>\n<p>&nbsp;<\/p>\n<\/div>\n<p>&nbsp;<\/p>\n<\/div>\n<p>&nbsp;<\/p>\n<\/div>\n<div class=\"fl-module fl-module-photo fl-node-665d2f77dad07\" data-animation-delay=\"0.0\" data-node=\"665d2f77dad07\">\n<div class=\"fl-module-content fl-node-content\">\n<div class=\"fl-photo fl-photo-align-center\">\n<div class=\"fl-photo-content fl-photo-img-jpg\"><img decoding=\"async\" class=\"fl-photo-img wp-image-7139\" src=\"\/wp-content\/uploads\/2025\/09\/b07f222c0ec0ab8d.webp\" alt=\"Nasza us\u0142uga\"><\/div>\n<p>&nbsp;<\/p>\n<\/div>\n<p>&nbsp;<\/p>\n<\/div>\n<p>&nbsp;<\/p>\n<\/div>\n<p>&nbsp;<\/p>\n<\/div>\n<p>&nbsp;<\/p>\n<\/div>\n<p>&nbsp;<\/p>\n<\/div>\n<p>&nbsp;<\/p>\n<\/div>\n<p>&nbsp;<\/p>\n<\/div>\n<p>&nbsp;<\/p>\n<\/div>\n<\/div>","protected":false},"excerpt":{"rendered":"<p>Semicera&nbsp;Energy Technology Co., Ltd. is a high-tech enterprise established in China, We are professional supply Semiconductor industry recrystallized silicon carbide crystal boat nufacturer and supplier.<\/p>","protected":false},"featured_media":4567,"comment_status":"closed","ping_status":"open","template":"","meta":[],"product_brand":[],"product_cat":[45,24],"product_tag":[],"class_list":{"0":"post-2304","1":"product","2":"type-product","3":"status-publish","4":"has-post-thumbnail","6":"product_cat-silicon-carbide-boat","7":"product_cat-silicon-carbide-ceramic","9":"first","10":"instock","11":"product-type-simple"},"_links":{"self":[{"href":"https:\/\/www.cn-semiconductorparts.com\/pl\/wp-json\/wp\/v2\/product\/2304","targetHints":{"allow":["GET"]}}],"collection":[{"href":"https:\/\/www.cn-semiconductorparts.com\/pl\/wp-json\/wp\/v2\/product"}],"about":[{"href":"https:\/\/www.cn-semiconductorparts.com\/pl\/wp-json\/wp\/v2\/types\/product"}],"replies":[{"embeddable":true,"href":"https:\/\/www.cn-semiconductorparts.com\/pl\/wp-json\/wp\/v2\/comments?post=2304"}],"wp:featuredmedia":[{"embeddable":true,"href":"https:\/\/www.cn-semiconductorparts.com\/pl\/wp-json\/wp\/v2\/media\/4567"}],"wp:attachment":[{"href":"https:\/\/www.cn-semiconductorparts.com\/pl\/wp-json\/wp\/v2\/media?parent=2304"}],"wp:term":[{"taxonomy":"product_brand","embeddable":true,"href":"https:\/\/www.cn-semiconductorparts.com\/pl\/wp-json\/wp\/v2\/product_brand?post=2304"},{"taxonomy":"product_cat","embeddable":true,"href":"https:\/\/www.cn-semiconductorparts.com\/pl\/wp-json\/wp\/v2\/product_cat?post=2304"},{"taxonomy":"product_tag","embeddable":true,"href":"https:\/\/www.cn-semiconductorparts.com\/pl\/wp-json\/wp\/v2\/product_tag?post=2304"}],"curies":[{"name":"WP","href":"https:\/\/api.w.org\/{rel}","templated":true}]}}