{"id":2306,"date":"2025-09-11T05:33:53","date_gmt":"2025-09-11T05:33:53","guid":{"rendered":"https:\/\/weitai2.globaldeepsea.site\/product\/precision-ceramic-zirconia-ceramic-arm-can-be-customized\/"},"modified":"2026-04-29T15:27:56","modified_gmt":"2026-04-29T07:27:56","slug":"precision-ceramic-zirconia-ceramic-arm-can-be-customized","status":"publish","type":"product","link":"https:\/\/www.cn-semiconductorparts.com\/pl\/product\/precision-ceramic-zirconia-ceramic-arm-can-be-customized\/","title":{"rendered":"Precision ceramic Zirconia ceramic arm can be customized"},"content":{"rendered":"<p><?xml encoding=\"utf-8\" ?><\/p>\n<div class=\"fl-builder-content fl-builder-content-1743 fl-builder-content-primary fl-builder-global-templates-locked\" data-post-id=\"1743\">\n<div class=\"fl-row fl-row-full-width fl-row-bg-none fl-node-64b219ba7b725\" data-node=\"64b219ba7b725\">\n<div class=\"fl-row-content-wrap\">\n<div class=\"fl-row-content fl-row-full-width fl-node-content\">\n<div class=\"fl-col-group fl-node-64b219ba7b764\" data-node=\"64b219ba7b764\">\n<div class=\"fl-col fl-node-64b219ba7b7a2\" data-node=\"64b219ba7b7a2\" style=\"width: 100%;\">\n<div class=\"fl-col-content fl-node-content\">\n<div class=\"fl-module fl-module-rich-text fl-node-64b219ba7b7de\" data-animation-delay=\"0.0\" data-node=\"64b219ba7b7de\">\n<div class=\"fl-module-content fl-node-content\">\n<div class=\"fl-rich-text\">\n<p>Cyrkon jest materia\u0142em o wysokiej wytrzyma\u0142o\u015bci mechanicznej i wytrzyma\u0142o\u015bci p\u0119kni\u0119\u0107 w temperaturze pokojowej. Nasza cyrkonia (ZRO2) dodaje si\u0119 za pomoc\u0105 cz\u0119\u015bciowej stabilnej cyrkonu (PSZ) 3MOL%Y2O3 (PSZ). Poniewa\u017c \u015brednica cz\u0105stek materia\u0142u PSZ jest niewielka, mo\u017ce by\u0107 przetwarzana z wysok\u0105 precyzj\u0105, a jego zastosowanie w precyzyjnych cz\u0119\u015bciach obr\u00f3bki, takich jak formy. Ponadto mo\u017cna r\u00f3wnie\u017c u\u017cywa\u0107 narz\u0119dzi przemys\u0142owych, cz\u0119\u015bci z\u0142\u0105cza optycznego i medium sprz\u0119tu kruszenia. Wysoka wytrzyma\u0142o\u015b\u0107 PSZ mo\u017ce by\u0107 u\u017cywana do produkcji specjalnych \u017ar\u00f3de\u0142, a tak\u017ce jest szeroko stosowana w domowych no\u017cy ceramicznych, \u015blimakach i innych cz\u0119\u015bciach.<\/p>\n<\/p><\/div>\n<\/p><\/div>\n<\/p><\/div>\n<\/p><\/div>\n<\/p><\/div>\n<\/p><\/div>\n<div class=\"fl-col-group fl-node-64b219ba7b8d2\" data-node=\"64b219ba7b8d2\">\n<div class=\"fl-col fl-node-64b219ba7b90e\" data-node=\"64b219ba7b90e\" style=\"width: 100%;\">\n<div class=\"fl-col-content fl-node-content\">\n<div class=\"fl-module fl-module-gallery fl-node-64b219ba7b94c\" data-animation-delay=\"0.0\" data-node=\"64b219ba7b94c\">\n<div class=\"fl-module-content fl-node-content\">\n<div class=\"fl-mosaicflow\">\n<div class=\"fl-mosaicflow-content\">\n<div class=\"fl-mosaicflow-item\">\n<div class=\"fl-photo fl-photo-align-center\" itemscope=\"\" itemtype=\"http:\/\/schema.org\/ImageObject\">\n<div class=\"fl-photo-content fl-photo-img-png\"> <a href=\"\/pl\/uploads\/Alumina-ceramic-arm-11.webp\/\" itemprop=\"url\" target=\"_self\"> <img decoding=\"async\" alt=\"Alumina ceramic arm (1)\" class=\"fl-photo-img wp-image-1778\" itemprop=\"image\" src=\"\/wp-content\/uploads\/2025\/09\/94e8864a93faf42a.webp\"> <\/a> <\/div>\n<\/p><\/div>\n<\/p><\/div>\n<div class=\"fl-mosaicflow-item\">\n<div class=\"fl-photo fl-photo-align-center\" itemscope=\"\" itemtype=\"http:\/\/schema.org\/ImageObject\">\n<div class=\"fl-photo-content fl-photo-img-png\"> <a href=\"\/pl\/uploads\/Alumina-ceramic-arm-21.webp\/\" itemprop=\"url\" target=\"_self\"> <img decoding=\"async\" alt=\"Alumina ceramic arm (2)\" class=\"fl-photo-img wp-image-1779\" itemprop=\"image\" src=\"\/wp-content\/uploads\/2025\/09\/8dc3fd8b3fa63574.webp\"> <\/a> <\/div>\n<\/p><\/div>\n<\/p><\/div>\n<div class=\"fl-mosaicflow-item\">\n<div class=\"fl-photo fl-photo-align-center\" itemscope=\"\" itemtype=\"http:\/\/schema.org\/ImageObject\">\n<div class=\"fl-photo-content fl-photo-img-png\"> <a href=\"\/pl\/uploads\/Alumina-ceramic-arm-31.webp\/\" itemprop=\"url\" target=\"_self\"> <img decoding=\"async\" alt=\"Alumina ceramic arm (3)\" class=\"fl-photo-img wp-image-1780\" itemprop=\"image\" src=\"\/wp-content\/uploads\/2025\/09\/36e394ef07264d94.webp\"> <\/a> <\/div>\n<\/p><\/div>\n<\/p><\/div>\n<\/p><\/div>\n<div class=\"fl-clear\"><\/div>\n<\/p><\/div>\n<\/p><\/div>\n<\/p><\/div>\n<\/p><\/div>\n<\/p><\/div>\n<\/p><\/div>\n<div class=\"fl-col-group fl-node-64b219ba7bb42\" data-node=\"64b219ba7bb42\">\n<div class=\"fl-col fl-node-64b219ba7bb7f\" data-node=\"64b219ba7bb7f\" style=\"width: 100%;\">\n<div class=\"fl-col-content fl-node-content\">\n<div class=\"fl-module fl-module-rich-text fl-node-64b219ba7bb05\" data-animation-delay=\"0.0\" data-node=\"64b219ba7bb05\">\n<div class=\"fl-module-content fl-node-content\">\n<div class=\"fl-rich-text\">\n<p>Zastosowanie cyrkonu (ZRO2)<\/p>\n<p>Narz\u0119dzia do formy i formy (r\u00f3\u017cne formy, precyzyjne urz\u0105dzenie do pozycjonowania, urz\u0105dzenie izolacyjne); Cz\u0119\u015bci m\u0142yna (klasyfikator, m\u0142yn przep\u0142ywowy, m\u0142yn); Narz\u0119dzie przemys\u0142owe (no\u017cyt przemys\u0142owy, maszyna do \u015blizgania si\u0119, p\u0142aska bolka prasowa); Komponenty z\u0142\u0105cza optyczne (pier\u015bcie\u0144 uszczelniaj\u0105cy, r\u0119kaw, urz\u0105dzenie V-Groove); Spr\u0119\u017cyna specjalna (spr\u0119\u017cyna cewki, spr\u0119\u017cyna p\u0142ytowa); Produkty konsumenckie (ma\u0142y izolowany \u015brubokr\u0119t, n\u00f3\u017c ceramiczny, gro\u017anik).<\/p>\n<\/p><\/div>\n<\/p><\/div>\n<\/p><\/div>\n<\/p><\/div>\n<\/p><\/div>\n<\/p><\/div>\n<div class=\"fl-col-group fl-node-64b219ba7b988\" data-node=\"64b219ba7b988\">\n<div class=\"fl-col fl-node-64b219ba7b9c5\" data-node=\"64b219ba7b9c5\" style=\"width: 100%;\">\n<div class=\"fl-col-content fl-node-content\">\n<div class=\"fl-module fl-module-gallery fl-node-64b219ba7ba03\" data-animation-delay=\"0.0\" data-node=\"64b219ba7ba03\">\n<div class=\"fl-module-content fl-node-content\">\n<div class=\"fl-mosaicflow\">\n<div class=\"fl-mosaicflow-content\">\n<div class=\"fl-mosaicflow-item\">\n<div class=\"fl-photo fl-photo-align-center\" itemscope=\"\" itemtype=\"http:\/\/schema.org\/ImageObject\">\n<div class=\"fl-photo-content fl-photo-img-png\"> <a href=\"\/pl\/uploads\/SDfsdCFTYHJN.webp\/\" itemprop=\"url\" target=\"_self\"> <img decoding=\"async\" alt=\"Sdfsdcftyhjn\" class=\"fl-photo-img wp-image-1736\" itemprop=\"image\" src=\"\/wp-content\/uploads\/2025\/09\/0a5d2007841c9923.webp\"> <\/a> <\/div>\n<\/p><\/div>\n<\/p><\/div>\n<div class=\"fl-mosaicflow-item\">\n<div class=\"fl-photo fl-photo-align-center\" itemscope=\"\" itemtype=\"http:\/\/schema.org\/ImageObject\">\n<div class=\"fl-photo-content fl-photo-img-png\"> <a href=\"\/pl\/uploads\/SFDvSDcfvaq.webp\/\" itemprop=\"url\" target=\"_self\"> <img decoding=\"async\" alt=\"SFDVSDCFVAQ\" class=\"fl-photo-img wp-image-1737\" itemprop=\"image\" src=\"\/wp-content\/uploads\/2025\/09\/5d34c27c40e0923f.webp\"> <\/a> <\/div>\n<\/p><\/div>\n<\/p><\/div>\n<div class=\"fl-mosaicflow-item\">\n<div class=\"fl-photo fl-photo-align-center\" itemscope=\"\" itemtype=\"http:\/\/schema.org\/ImageObject\">\n<div class=\"fl-photo-content fl-photo-img-png\"> <a href=\"\/pl\/uploads\/ZADfvSXCD.webp\/\" itemprop=\"url\" target=\"_self\"> <img decoding=\"async\" alt=\"Zadfvsxcd\" class=\"fl-photo-img wp-image-1738\" itemprop=\"image\" src=\"\/wp-content\/uploads\/2025\/09\/6acb3916de7499d8.webp\"> <\/a> <\/div>\n<\/p><\/div>\n<\/p><\/div>\n<\/p><\/div>\n<div class=\"fl-clear\"><\/div>\n<\/p><\/div>\n<\/p><\/div>\n<\/p><\/div>\n<\/p><\/div>\n<\/p><\/div>\n<\/p><\/div>\n<div class=\"fl-col-group fl-node-64b219ba7b81b\" data-node=\"64b219ba7b81b\">\n<div class=\"fl-col fl-node-64b219ba7b858\" data-node=\"64b219ba7b858\" style=\"width: 100%;\">\n<div class=\"fl-col-content fl-node-content\">\n<div class=\"fl-module fl-module-photo fl-node-64b219ba7b895\" data-animation-delay=\"0.0\" data-node=\"64b219ba7b895\">\n<div class=\"fl-module-content fl-node-content\">\n<div class=\"fl-photo fl-photo-align-center\" itemscope=\"\" itemtype=\"http:\/\/schema.org\/ImageObject\">\n<div class=\"fl-photo-content fl-photo-img-png\"> <img decoding=\"async\" alt=\"Adfvzcvxcd\" class=\"fl-photo-img wp-image-1732\" itemprop=\"image\" src=\"\/wp-content\/uploads\/2025\/09\/b2c38ce1672f5a38.webp\"> <\/div>\n<\/p><\/div>\n<\/p><\/div>\n<\/p><\/div>\n<\/p><\/div>\n<\/p><\/div>\n<\/p><\/div>\n<div class=\"fl-col-group fl-node-6617868418a17\" data-node=\"6617868418a17\">\n<div class=\"fl-col fl-node-6617868418bc1\" data-node=\"6617868418bc1\" style=\"width: 100%;\">\n<div class=\"fl-col-content fl-node-content\">\n<div class=\"fl-module fl-module-rich-text fl-node-66178684188d5\" data-animation-delay=\"0.0\" data-node=\"66178684188d5\">\n<div class=\"fl-module-content fl-node-content\">\n<div class=\"fl-rich-text\">\n<\/p><\/div>\n<\/p><\/div>\n<\/p><\/div>\n<\/p><\/div>\n<\/p><\/div>\n<\/p><\/div>\n<\/p><\/div>\n<\/p><\/div>\n<\/p><\/div>\n<\/div>","protected":false},"excerpt":{"rendered":"<p><?xml encoding=\"utf-8\" ?><\/p>\n<p>Zirconia is a material with high mechanical strength and fracture toughness at room temperature. Our zirconia (ZrO2) is a partially stabilized zirconia (PSZ) with 3mol%Y2O3 added. Due to the small particle diameter of PSZ material, it can complete high-precision machining, and its application in the field of precision machining parts such as molds is expanding. In addition, it can also be used as a medium for industrial tools, optical connector parts and crushing equipment. The high fracture toughness of PSZ can be used to make special springs, and it is also widely used in household ceramic knives, slicers and other parts.<\/p>","protected":false},"featured_media":1244,"comment_status":"closed","ping_status":"open","template":"","meta":[],"product_brand":[],"product_cat":[31,33],"product_tag":[],"class_list":{"0":"post-2306","1":"product","2":"type-product","3":"status-publish","4":"has-post-thumbnail","6":"product_cat-more-ceramic-products","7":"product_cat-zirconium-oxide-ceramics","9":"first","10":"instock","11":"product-type-simple"},"_links":{"self":[{"href":"https:\/\/www.cn-semiconductorparts.com\/pl\/wp-json\/wp\/v2\/product\/2306","targetHints":{"allow":["GET"]}}],"collection":[{"href":"https:\/\/www.cn-semiconductorparts.com\/pl\/wp-json\/wp\/v2\/product"}],"about":[{"href":"https:\/\/www.cn-semiconductorparts.com\/pl\/wp-json\/wp\/v2\/types\/product"}],"replies":[{"embeddable":true,"href":"https:\/\/www.cn-semiconductorparts.com\/pl\/wp-json\/wp\/v2\/comments?post=2306"}],"wp:featuredmedia":[{"embeddable":true,"href":"https:\/\/www.cn-semiconductorparts.com\/pl\/wp-json\/wp\/v2\/media\/1244"}],"wp:attachment":[{"href":"https:\/\/www.cn-semiconductorparts.com\/pl\/wp-json\/wp\/v2\/media?parent=2306"}],"wp:term":[{"taxonomy":"product_brand","embeddable":true,"href":"https:\/\/www.cn-semiconductorparts.com\/pl\/wp-json\/wp\/v2\/product_brand?post=2306"},{"taxonomy":"product_cat","embeddable":true,"href":"https:\/\/www.cn-semiconductorparts.com\/pl\/wp-json\/wp\/v2\/product_cat?post=2306"},{"taxonomy":"product_tag","embeddable":true,"href":"https:\/\/www.cn-semiconductorparts.com\/pl\/wp-json\/wp\/v2\/product_tag?post=2306"}],"curies":[{"name":"WP","href":"https:\/\/api.w.org\/{rel}","templated":true}]}}