{"id":2310,"date":"2025-09-11T05:34:00","date_gmt":"2025-09-11T05:34:00","guid":{"rendered":"https:\/\/weitai2.globaldeepsea.site\/product\/long-service-life-sic-coated-graphite-carrier-for-solar-wafer\/"},"modified":"2026-04-29T15:27:50","modified_gmt":"2026-04-29T07:27:50","slug":"long-service-life-sic-coated-graphite-carrier-for-solar-wafer","status":"publish","type":"product","link":"https:\/\/www.cn-semiconductorparts.com\/pl\/product\/long-service-life-sic-coated-graphite-carrier-for-solar-wafer\/","title":{"rendered":"Long Service Life SiC Coated Graphite Carrier For Solar Wafer"},"content":{"rendered":"<div class=\"fl-builder-content fl-builder-content-1261 fl-builder-content-primary fl-builder-global-templates-locked\" data-post-id=\"1261\">\n<div class=\"fl-row fl-row-full-width fl-row-bg-none fl-node-647d90250e634\" data-node=\"647d90250e634\">\n<div class=\"fl-row-content-wrap\">\n<div class=\"fl-row-content fl-row-full-width fl-node-content\">\n<div class=\"fl-col-group fl-node-65e97b7644ee6\" data-node=\"65e97b7644ee6\">\n<div class=\"fl-col fl-node-65e97b7645107\" style=\"width: 100%;\" data-node=\"65e97b7645107\">\n<div class=\"fl-col-content fl-node-content\">\n<div class=\"fl-module fl-module-video fl-node-65e97b7644d3d\" data-animation-delay=\"0.0\" data-node=\"65e97b7644d3d\">\n<div class=\"fl-module-content fl-node-content\">\n<div class=\"fl-video fl-embed-video\"><iframe title=\"Odporny na wysokiej temperatury wspornik \u0142odzi krzemowej w celu ochrony produkcji p\u00f3\u0142przewodnik\u00f3w.\" src=\"https:\/\/www.youtube.com\/embed\/_0YSX-deb0s\" width=\"851\" height=\"479\" frameborder=\"0\" allowfullscreen=\"allowfullscreen\"><\/iframe><\/div>\n<\/div>\n<\/div>\n<\/div>\n<\/div>\n<\/div>\n<div class=\"fl-col-group fl-node-647d9033df7ce\" data-node=\"647d9033df7ce\">\n<div class=\"fl-col fl-node-647d9033df9e1\" style=\"width: 100%;\" data-node=\"647d9033df9e1\">\n<div class=\"fl-col-content fl-node-content\">\n<div class=\"fl-module fl-module-heading fl-node-647d9033df568 pro_tit\" data-animation-delay=\"0.0\" data-node=\"647d9033df568\">\n<div class=\"fl-module-content fl-node-content\">\n<h3 class=\"fl-heading\"><span class=\"fl-heading-text\">Advantages<\/span><\/h3>\n<\/div>\n<\/div>\n<\/div>\n<\/div>\n<\/div>\n<div class=\"fl-col-group fl-node-647d90418a91c fl-col-group-equal-height fl-col-group-align-center\" data-node=\"647d90418a91c\">\n<div class=\"fl-col fl-node-647d90418aae4 fl-col-small\" style=\"width: 33.33%;\" data-node=\"647d90418aae4\">\n<div class=\"fl-col-content fl-node-content\">\n<div class=\"fl-module fl-module-rich-text fl-node-647d90251039c\" data-animation-delay=\"0.0\" data-node=\"647d90251039c\">\n<div class=\"fl-module-content fl-node-content\">\n<div class=\"fl-rich-text\">\n<p>Odporno\u015b\u0107 na utlenianie w wysokiej temperaturze<br \/>\nDoskona\u0142a odporno\u015b\u0107 na korozj\u0119<br \/>\nDobra odporno\u015b\u0107 na \u015bcieranie<br \/>\nWysoki wsp\u00f3\u0142czynnik przewodno\u015bci cieplnej<br \/>\nSamoob\u00f3jstwo, niska g\u0119sto\u015b\u0107<br \/>\nWysoka twardo\u015b\u0107<br \/>\nDostosowany projekt.<\/p>\n<\/div>\n<\/div>\n<\/div>\n<\/div>\n<\/div>\n<div class=\"fl-col fl-node-647d90eef3cc0 fl-col-small\" style=\"width: 33.34%;\" data-node=\"647d90eef3cc0\">\n<div class=\"fl-col-content fl-node-content\">\n<div class=\"fl-module fl-module-photo fl-node-647d910306664\" data-animation-delay=\"0.0\" data-node=\"647d910306664\">\n<div class=\"fl-module-content fl-node-content\">\n<div class=\"fl-photo fl-photo-align-center\">\n<div class=\"fl-photo-content fl-photo-img-png\"><img decoding=\"async\" class=\"fl-photo-img wp-image-1267\" src=\"\/wp-content\/uploads\/2025\/09\/94cfd61b8b47950c.webp\" alt=\"HGF (2)\" \/><\/div>\n<\/div>\n<\/div>\n<\/div>\n<\/div>\n<\/div>\n<div class=\"fl-col fl-node-647d9104df11b fl-col-small\" style=\"width: 33.33%;\" data-node=\"647d9104df11b\">\n<div class=\"fl-col-content fl-node-content\">\n<div class=\"fl-module fl-module-photo fl-node-647d90f2ec646\" data-animation-delay=\"0.0\" data-node=\"647d90f2ec646\">\n<div class=\"fl-module-content fl-node-content\">\n<div class=\"fl-photo fl-photo-align-center\">\n<div class=\"fl-photo-content fl-photo-img-png\"><img decoding=\"async\" class=\"fl-photo-img wp-image-1265\" src=\"\/wp-content\/uploads\/2025\/09\/364ace74f06bb07e.webp\" alt=\"HGF (1)\" \/><\/div>\n<\/div>\n<\/div>\n<\/div>\n<\/div>\n<\/div>\n<\/div>\n<\/div>\n<\/div>\n<\/div>\n<div class=\"fl-row fl-row-full-width fl-row-bg-none fl-node-647d905a58d38\" data-node=\"647d905a58d38\">\n<div class=\"fl-row-content-wrap\">\n<div class=\"fl-row-content fl-row-full-width fl-node-content\">\n<div class=\"fl-col-group fl-node-647d905a590c5\" data-node=\"647d905a590c5\">\n<div class=\"fl-col fl-node-647d905a59105\" style=\"width: 100%;\" data-node=\"647d905a59105\">\n<div class=\"fl-col-content fl-node-content\">\n<div class=\"fl-module fl-module-heading fl-node-647d905a59142 pro_tit\" data-animation-delay=\"0.0\" data-node=\"647d905a59142\">\n<div class=\"fl-module-content fl-node-content\">\n<h3 class=\"fl-heading\"><span class=\"fl-heading-text\">Applications<\/span><\/h3>\n<\/div>\n<\/div>\n<\/div>\n<\/div>\n<\/div>\n<div class=\"fl-col-group fl-node-647d905a59237\" data-node=\"647d905a59237\">\n<div class=\"fl-col fl-node-647d905a59275\" style=\"width: 100%;\" data-node=\"647d905a59275\">\n<div class=\"fl-col-content fl-node-content\">\n<div class=\"fl-module fl-module-rich-text fl-node-647d905a592b2\" data-animation-delay=\"0.0\" data-node=\"647d905a592b2\">\n<div class=\"fl-module-content fl-node-content\">\n<div class=\"fl-rich-text\">\n<p>-Pole odporne na zu\u017cycie: tuleja, talerz, dysz\u0119 piaskow\u0105, podszewka cyklonowa, lufa szlifierska itp.\u2026<br \/>\n-Pole w wysokiej temperaturze: p\u0142yta SIC, rurka do pieca hartuj\u0105ca, rurka promieniowa, tygiel, element grzewczy, wa\u0142ek, wi\u0105zka, wymiennik ciep\u0142a, rura zimnego powietrza, dysza palnika, rura ochronna termopary, \u0142\u00f3d\u017a SIC, struktura samochodu pieca, setter itp.<br \/>\n-Krzemowy p\u00f3\u0142przewodnik: \u0142\u00f3d\u017a waflowa SIC, SIC Chuck, SIC Paddle, SIC Cassette, rurka dyfuzyjna SIC, widelca op\u0142at, p\u0142yta ss\u0105ca, droga prowadz\u0105ca itp.<br \/>\n-Krzemowa piecz\u0119\u0107 z w\u0119glik\u00f3w krzemowych: wszelkiego rodzaju pier\u015bcie\u0144 uszczelniaj\u0105cy, \u0142o\u017cysko, tuleja itp.<br \/>\n-Pole fotowoltaiczne: \u0142opatka wspornikowa, ga\u0142ka szlifierska, wa\u0142ek w\u0119gla krzemu itp.<br \/>\n-Pole baterii litowej<\/p>\n<\/div>\n<\/div>\n<\/div>\n<\/div>\n<\/div>\n<\/div>\n<div class=\"fl-col-group fl-node-647d93083add8\" data-node=\"647d93083add8\">\n<div class=\"fl-col fl-node-647d93083af70 fl-col-small\" style=\"width: 45.11%;\" data-node=\"647d93083af70\">\n<div class=\"fl-col-content fl-node-content\">\n<div class=\"fl-module fl-module-rich-text fl-node-647d931917804\" data-animation-delay=\"0.0\" data-node=\"647d931917804\">\n<div class=\"fl-module-content fl-node-content\">\n<div class=\"fl-rich-text\">\n<p><img decoding=\"async\" src=\"\/wp-content\/uploads\/2025\/09\/38b31a2bbe0f70a1.webp\" alt=\"WAFER (1)\" \/><\/p>\n<\/div>\n<\/div>\n<\/div>\n<\/div>\n<\/div>\n<div class=\"fl-col fl-node-647d931c128ca\" style=\"width: 54.89%;\" data-node=\"647d931c128ca\">\n<div class=\"fl-col-content fl-node-content\">\n<div class=\"fl-module fl-module-rich-text fl-node-647d93083ac99\" data-animation-delay=\"0.0\" data-node=\"647d93083ac99\">\n<div class=\"fl-module-content fl-node-content\">\n<div class=\"fl-rich-text\">\n<p><img decoding=\"async\" src=\"\/wp-content\/uploads\/2025\/09\/89230e2988692255.webp\" alt=\"WAFER (2)\" \/><\/p>\n<\/div>\n<\/div>\n<\/div>\n<\/div>\n<\/div>\n<\/div>\n<\/div>\n<\/div>\n<\/div>\n<div class=\"fl-row fl-row-full-width fl-row-bg-none fl-node-647d906b692f9\" data-node=\"647d906b692f9\">\n<div class=\"fl-row-content-wrap\">\n<div class=\"fl-row-content fl-row-full-width fl-node-content\">\n<div class=\"fl-col-group fl-node-647d906b695ed\" data-node=\"647d906b695ed\">\n<div class=\"fl-col fl-node-647d906b6962c\" style=\"width: 100%;\" data-node=\"647d906b6962c\">\n<div class=\"fl-col-content fl-node-content\">\n<div class=\"fl-module fl-module-heading fl-node-647d906b69669 pro_tit\" data-animation-delay=\"0.0\" data-node=\"647d906b69669\">\n<div class=\"fl-module-content fl-node-content\">\n<h3 class=\"fl-heading\"><span class=\"fl-heading-text\">Physical Properties Of SiC<\/span><\/h3>\n<\/div>\n<\/div>\n<\/div>\n<\/div>\n<\/div>\n<div class=\"fl-col-group fl-node-647d906b696ad\" data-node=\"647d906b696ad\">\n<div class=\"fl-col fl-node-647d906b696eb\" style=\"width: 100%;\" data-node=\"647d906b696eb\">\n<div class=\"fl-col-content fl-node-content\">\n<div class=\"fl-module fl-module-rich-text fl-node-647d906b69729\" data-animation-delay=\"0.0\" data-node=\"647d906b69729\">\n<div class=\"fl-module-content fl-node-content\">\n<div class=\"fl-rich-text\">\n<table border=\"0\" cellspacing=\"0\">\n<tbody>\n<tr>\n<td width=\"218\">Nieruchomo\u015b\u0107<\/td>\n<td width=\"177\">Warto\u015b\u0107<\/td>\n<td width=\"270\">Method<\/td>\n<\/tr>\n<tr>\n<td width=\"218\">G\u0119sto\u015b\u0107<\/td>\n<td width=\"177\">3.21 g\/cc<\/td>\n<td width=\"270\">Sink-float and dimension<\/td>\n<\/tr>\n<tr>\n<td width=\"218\">Specific heat<\/td>\n<td width=\"177\">0.66 J\/g \u00b0K<\/td>\n<td width=\"270\">Pulsed laser flash<\/td>\n<\/tr>\n<tr>\n<td width=\"218\">Flexural strength<\/td>\n<td width=\"177\">450 MPa560 MPa<\/td>\n<td width=\"270\">4 point bend, RT4 point bend, 1300\u00b0<\/td>\n<\/tr>\n<tr>\n<td width=\"218\">Fracture toughness<\/td>\n<td width=\"177\">2.94 MPa m1\/2<\/td>\n<td width=\"270\">Microindentation<\/td>\n<\/tr>\n<tr>\n<td width=\"218\">Hardness<\/td>\n<td width=\"177\">2800<\/td>\n<td width=\"270\">Vicker\u2019s, 500g load<\/td>\n<\/tr>\n<tr>\n<td width=\"218\">Elastic ModulusYoung\u2019s Modulus<\/td>\n<td width=\"177\">450 GPa430 GPa<\/td>\n<td width=\"270\">4 pt bend, RT4 pt bend, 1300 \u00b0C<\/td>\n<\/tr>\n<tr>\n<td width=\"218\">Grain size<\/td>\n<td width=\"177\">2 \u2013 10 \u00b5m<\/td>\n<td width=\"270\">SEM<\/td>\n<\/tr>\n<\/tbody>\n<\/table>\n<\/div>\n<\/div>\n<\/div>\n<\/div>\n<\/div>\n<\/div>\n<\/div>\n<\/div>\n<\/div>\n<div class=\"fl-row fl-row-full-width fl-row-bg-none fl-node-647d909e3dda6\" data-node=\"647d909e3dda6\">\n<div class=\"fl-row-content-wrap\">\n<div class=\"fl-row-content fl-row-full-width fl-node-content\">\n<div class=\"fl-col-group fl-node-647d909e3e0d8\" data-node=\"647d909e3e0d8\">\n<div class=\"fl-col fl-node-647d909e3e117\" style=\"width: 100%;\" data-node=\"647d909e3e117\">\n<div class=\"fl-col-content fl-node-content\">\n<div class=\"fl-module fl-module-heading fl-node-647d909e3e154 pro_tit\" data-animation-delay=\"0.0\" data-node=\"647d909e3e154\">\n<div class=\"fl-module-content fl-node-content\">\n<h3 class=\"fl-heading\"><span class=\"fl-heading-text\">Thermal Properties Of SiC<\/span><\/h3>\n<\/div>\n<\/div>\n<\/div>\n<\/div>\n<\/div>\n<div class=\"fl-col-group fl-node-647d909e3e192\" data-node=\"647d909e3e192\">\n<div class=\"fl-col fl-node-647d909e3e1d0\" style=\"width: 100%;\" data-node=\"647d909e3e1d0\">\n<div class=\"fl-col-content fl-node-content\">\n<div class=\"fl-module fl-module-rich-text fl-node-647d909e3e1f1\" data-animation-delay=\"0.0\" data-node=\"647d909e3e1f1\">\n<div class=\"fl-module-content fl-node-content\">\n<div class=\"fl-rich-text\">\n<table border=\"0\" cellspacing=\"0\">\n<tbody>\n<tr>\n<td width=\"224\">Thermal Conductivity<\/td>\n<td width=\"117\">250 W\/m \u00b0K<\/td>\n<td width=\"333\">Laser flash method, RT<\/td>\n<\/tr>\n<tr>\n<td width=\"224\">Thermal Expansion (CTE)<\/td>\n<td width=\"117\">4.5 x 10-6 \u00b0K<\/td>\n<td width=\"333\">Room temp to 950 \u00b0C, silica dilatometer<\/td>\n<\/tr>\n<\/tbody>\n<\/table>\n<\/div>\n<\/div>\n<\/div>\n<\/div>\n<\/div>\n<\/div>\n<\/div>\n<\/div>\n<\/div>\n<div class=\"fl-row fl-row-full-width fl-row-bg-none fl-node-647d90bf31732\" data-node=\"647d90bf31732\">\n<div class=\"fl-row-content-wrap\">\n<div class=\"fl-row-content fl-row-full-width fl-node-content\">\n<div class=\"fl-col-group fl-node-647d90bf31a84\" data-node=\"647d90bf31a84\">\n<div class=\"fl-col fl-node-647d90bf31ad0\" style=\"width: 100%;\" data-node=\"647d90bf31ad0\">\n<div class=\"fl-col-content fl-node-content\">\n<div class=\"fl-module fl-module-heading fl-node-647d90bf31b17 pro_tit\" data-animation-delay=\"0.0\" data-node=\"647d90bf31b17\">\n<div class=\"fl-module-content fl-node-content\">\n<h3 class=\"fl-heading\"><span class=\"fl-heading-text\">Parametry techniczne<\/span><\/h3>\n<\/div>\n<\/div>\n<\/div>\n<\/div>\n<\/div>\n<div class=\"fl-col-group fl-node-647d90bf31b54\" data-node=\"647d90bf31b54\">\n<div class=\"fl-col fl-node-647d90bf31b92\" style=\"width: 100%;\" data-node=\"647d90bf31b92\">\n<div class=\"fl-col-content fl-node-content\">\n<div class=\"fl-module fl-module-rich-text fl-node-647d90bf31bd0\" data-animation-delay=\"0.0\" data-node=\"647d90bf31bd0\">\n<div class=\"fl-module-content fl-node-content\">\n<div class=\"fl-rich-text\">\n<table border=\"0\" cellspacing=\"0\">\n<tbody>\n<tr>\n<td rowspan=\"2\" width=\"227\">Przedmiot<\/td>\n<td rowspan=\"2\" width=\"76\">Jednostka<\/td>\n<td colspan=\"5\" width=\"381\">Data<\/td>\n<\/tr>\n<tr>\n<td width=\"82\">RBSiC(SiSiC)<\/td>\n<td width=\"70\">NBSiC<\/td>\n<td width=\"70\">SSiC<\/td>\n<td width=\"86\">RSiC<\/td>\n<td width=\"72\">OSiC<\/td>\n<\/tr>\n<tr>\n<td width=\"227\">Tre\u015b\u0107 sic<\/td>\n<td width=\"76\">%<\/td>\n<td width=\"82\">85<\/td>\n<td width=\"70\">75<\/td>\n<td width=\"70\">99<\/td>\n<td width=\"86\">99.9<\/td>\n<td width=\"72\">\u226599<\/td>\n<\/tr>\n<tr>\n<td width=\"227\">Free silicon content<\/td>\n<td width=\"76\">%<\/td>\n<td width=\"82\">15<\/td>\n<td width=\"70\">0<\/td>\n<td width=\"70\">0<\/td>\n<td width=\"86\">0<\/td>\n<td width=\"72\">0<\/td>\n<\/tr>\n<tr>\n<td width=\"227\">Max service temperature<\/td>\n<td width=\"76\">\u2103<\/td>\n<td width=\"82\">1380<\/td>\n<td width=\"70\">1450<\/td>\n<td width=\"70\">1650<\/td>\n<td width=\"86\">1620<\/td>\n<td width=\"72\">1400<\/td>\n<\/tr>\n<tr>\n<td width=\"227\">G\u0119sto\u015b\u0107<\/td>\n<td width=\"76\">g\/cm<sup>3<\/sup><\/td>\n<td width=\"82\">3.02<\/td>\n<td width=\"70\">2.75-2.85<\/td>\n<td width=\"70\">3.08-3.16<\/td>\n<td width=\"86\">2.65-2.75<\/td>\n<td width=\"72\">2.75-2.85<\/td>\n<\/tr>\n<tr>\n<td width=\"227\">Open porosity<\/td>\n<td width=\"76\">%<\/td>\n<td width=\"82\">0<\/td>\n<td width=\"70\">13-15<\/td>\n<td width=\"70\">0<\/td>\n<td width=\"86\">15-18<\/td>\n<td width=\"72\">7-8<\/td>\n<\/tr>\n<tr>\n<td width=\"227\">Bending strength 20\u2103<\/td>\n<td width=\"76\">\u041cpa<\/td>\n<td width=\"82\">250<\/td>\n<td width=\"70\">160<\/td>\n<td width=\"70\">380<\/td>\n<td width=\"86\">100<\/td>\n<td width=\"72\">\/<\/td>\n<\/tr>\n<tr>\n<td width=\"227\">Bending strength 1200\u2103<\/td>\n<td width=\"76\">\u041cpa<\/td>\n<td width=\"82\">280<\/td>\n<td width=\"70\">180<\/td>\n<td width=\"70\">400<\/td>\n<td width=\"86\">120<\/td>\n<td width=\"72\">\/<\/td>\n<\/tr>\n<tr>\n<td width=\"227\">Modulus of elasticity 20\u2103<\/td>\n<td width=\"76\">Gpa<\/td>\n<td width=\"82\">330<\/td>\n<td width=\"70\">580<\/td>\n<td width=\"70\">420<\/td>\n<td width=\"86\">240<\/td>\n<td width=\"72\">\/<\/td>\n<\/tr>\n<tr>\n<td width=\"227\">Modulus of elasticity 1200\u2103<\/td>\n<td width=\"76\">Gpa<\/td>\n<td width=\"82\">300<\/td>\n<td width=\"70\">\/<\/td>\n<td width=\"70\">\/<\/td>\n<td width=\"86\">200<\/td>\n<td width=\"72\">\/<\/td>\n<\/tr>\n<tr>\n<td width=\"227\">Thermal conductivity 1200\u2103<\/td>\n<td width=\"76\">W\/m.K<\/td>\n<td width=\"82\">45<\/td>\n<td width=\"70\">19.6<\/td>\n<td width=\"70\">100-120<\/td>\n<td width=\"86\">36.6<\/td>\n<td width=\"72\">\/<\/td>\n<\/tr>\n<tr>\n<td width=\"227\">Wsp\u00f3\u0142czynnik rozszerzalno\u015bci cieplnej<\/td>\n<td width=\"76\">K<sup>-1<\/sup>X10<sup>-6<\/sup><\/td>\n<td width=\"82\">4.5<\/td>\n<td width=\"70\">4.7<\/td>\n<td width=\"70\">4.1<\/td>\n<td width=\"86\">4.69<\/td>\n<td width=\"72\">\/<\/td>\n<\/tr>\n<tr>\n<td width=\"227\">HV<\/td>\n<td width=\"76\">Kg\/m<sup>m2<\/sup><\/td>\n<td width=\"82\">2115<\/td>\n<td width=\"70\">\/<\/td>\n<td width=\"70\">2800<\/td>\n<td width=\"86\">\/<\/td>\n<td width=\"72\">\/<\/td>\n<\/tr>\n<\/tbody>\n<\/table>\n<p>The CVD silicon carbide coating on the outer surface of recrystallized silicon carbide ceramic products can reach a purity of more than 99.9999% to meet the needs of customers in the semiconductor industry.<\/p>\n<\/div>\n<\/div>\n<\/div>\n<\/div>\n<\/div>\n<\/div>\n<\/div>\n<\/div>\n<\/div>\n<div class=\"fl-row fl-row-full-width fl-row-bg-none fl-node-665d307cdfdd4\" data-node=\"665d307cdfdd4\">\n<div class=\"fl-row-content-wrap\">\n<div class=\"fl-row-content fl-row-full-width fl-node-content\">\n<div class=\"fl-col-group fl-node-665d307ce022c\" data-node=\"665d307ce022c\">\n<div class=\"fl-col fl-node-665d307ce026a\" style=\"width: 100%;\" data-node=\"665d307ce026a\">\n<div class=\"fl-col-content fl-node-content\">\n<div class=\"fl-module fl-module-photo fl-node-665d307ce02a8\" data-animation-delay=\"0.0\" data-node=\"665d307ce02a8\">\n<div class=\"fl-module-content fl-node-content\">\n<div class=\"fl-photo fl-photo-align-center\">\n<div class=\"fl-photo-content fl-photo-img-jpg\"><img decoding=\"async\" class=\"fl-photo-img wp-image-7142\" src=\"\/wp-content\/uploads\/2025\/09\/b1dd0bcab1675ff4.webp\" alt=\"Miejsce pracy p\u00f3\u0142cesy\" \/><\/div>\n<\/div>\n<\/div>\n<\/div>\n<div class=\"fl-module fl-module-photo fl-node-665d307ce03a0\" data-animation-delay=\"0.0\" data-node=\"665d307ce03a0\">\n<div class=\"fl-module-content fl-node-content\">\n<div class=\"fl-photo fl-photo-align-center\">\n<div class=\"fl-photo-content fl-photo-img-jpg\"><img decoding=\"async\" class=\"fl-photo-img wp-image-7141\" src=\"\/wp-content\/uploads\/2025\/09\/2b946d2b4b61306d.webp\" alt=\"P\u00f3\u0142cera robocza miejsce 2\" \/><\/div>\n<\/div>\n<\/div>\n<\/div>\n<div class=\"fl-module fl-module-photo fl-node-665d307ce0362\" data-animation-delay=\"0.0\" data-node=\"665d307ce0362\">\n<div class=\"fl-module-content fl-node-content\">\n<div class=\"fl-photo fl-photo-align-center\">\n<div class=\"fl-photo-content fl-photo-img-jpg\"><img decoding=\"async\" class=\"fl-photo-img wp-image-7138\" src=\"\/wp-content\/uploads\/2025\/09\/081b6529d68ead23.webp\" alt=\"Maszyna sprz\u0119tu\" \/><\/div>\n<\/div>\n<\/div>\n<\/div>\n<div class=\"fl-module fl-module-photo fl-node-665d307ce0324\" data-animation-delay=\"0.0\" data-node=\"665d307ce0324\">\n<div class=\"fl-module-content fl-node-content\">\n<div class=\"fl-photo fl-photo-align-center\">\n<div class=\"fl-photo-content fl-photo-img-jpg\"><img decoding=\"async\" class=\"fl-photo-img wp-image-7137 size-full\" src=\"\/wp-content\/uploads\/2025\/09\/a4132b2b399abbac.webp\" alt=\"Przetwarzanie CNN, czyszczenie chemiczne, pow\u0142oka CVD\" \/><\/div>\n<\/div>\n<\/div>\n<\/div>\n<div class=\"fl-module fl-module-photo fl-node-665d307ce02e6\" data-animation-delay=\"0.0\" data-node=\"665d307ce02e6\">\n<div class=\"fl-module-content fl-node-content\">\n<div class=\"fl-photo fl-photo-align-center\">\n<div class=\"fl-photo-content fl-photo-img-jpg\"><img decoding=\"async\" class=\"fl-photo-img wp-image-7139\" src=\"\/wp-content\/uploads\/2025\/09\/b07f222c0ec0ab8d.webp\" alt=\"Nasza us\u0142uga\" \/><\/div>\n<\/div>\n<\/div>\n<\/div>\n<\/div>\n<\/div>\n<\/div>\n<\/div>\n<\/div>\n<\/div>\n<\/div>","protected":false},"excerpt":{"rendered":"<p>Silicon carbide is a new type of ceramics with high cost performance and excellent material properties. Due to features like high strength and hardness, high temperature resistance, great thermal conductivity and chemical corrosion resistance, Silicon Carbide can almost withstand all chemical medium. Therefore, SiC are widely used in oil mining, chemical, machinery and airspace, even nuclear energy and the military have their special demands on SIC. Some normal application we can offer are seal rings for pump, valve and protective armor etc.<\/p>","protected":false},"featured_media":924,"comment_status":"closed","ping_status":"closed","template":"","meta":[],"product_brand":[],"product_cat":[16,18],"product_tag":[84,82,83,85],"class_list":{"0":"post-2310","1":"product","2":"type-product","3":"status-publish","4":"has-post-thumbnail","6":"product_cat-cvd-sic","7":"product_cat-sic-epitaxial-parts","8":"product_tag-cvd-sic","9":"product_tag-sic-coated-graphite","10":"product_tag-sic-coated-graphite-carrier-for-solar-wafer","11":"product_tag-sic-epitaxial-parts","13":"first","14":"instock","15":"product-type-simple"},"_links":{"self":[{"href":"https:\/\/www.cn-semiconductorparts.com\/pl\/wp-json\/wp\/v2\/product\/2310","targetHints":{"allow":["GET"]}}],"collection":[{"href":"https:\/\/www.cn-semiconductorparts.com\/pl\/wp-json\/wp\/v2\/product"}],"about":[{"href":"https:\/\/www.cn-semiconductorparts.com\/pl\/wp-json\/wp\/v2\/types\/product"}],"replies":[{"embeddable":true,"href":"https:\/\/www.cn-semiconductorparts.com\/pl\/wp-json\/wp\/v2\/comments?post=2310"}],"wp:featuredmedia":[{"embeddable":true,"href":"https:\/\/www.cn-semiconductorparts.com\/pl\/wp-json\/wp\/v2\/media\/924"}],"wp:attachment":[{"href":"https:\/\/www.cn-semiconductorparts.com\/pl\/wp-json\/wp\/v2\/media?parent=2310"}],"wp:term":[{"taxonomy":"product_brand","embeddable":true,"href":"https:\/\/www.cn-semiconductorparts.com\/pl\/wp-json\/wp\/v2\/product_brand?post=2310"},{"taxonomy":"product_cat","embeddable":true,"href":"https:\/\/www.cn-semiconductorparts.com\/pl\/wp-json\/wp\/v2\/product_cat?post=2310"},{"taxonomy":"product_tag","embeddable":true,"href":"https:\/\/www.cn-semiconductorparts.com\/pl\/wp-json\/wp\/v2\/product_tag?post=2310"}],"curies":[{"name":"WP","href":"https:\/\/api.w.org\/{rel}","templated":true}]}}