{"id":2317,"date":"2025-09-11T13:34:00","date_gmt":"2025-09-11T05:34:00","guid":{"rendered":"https:\/\/weitai2.globaldeepsea.site\/product\/sic-coated-susceptor-for-deep-uv-led\/"},"modified":"2026-04-29T15:27:26","modified_gmt":"2026-04-29T07:27:26","slug":"sic-coated-susceptor-for-deep-uv-led","status":"publish","type":"product","link":"https:\/\/www.cn-semiconductorparts.com\/pl\/product\/sic-coated-susceptor-for-deep-uv-led\/","title":{"rendered":"SiC Coated Susceptor for Deep UV-LED"},"content":{"rendered":"<div class=\"fl-builder-content fl-builder-content-1435 fl-builder-content-primary fl-builder-global-templates-locked\" data-post-id=\"1435\">\n<div class=\"fl-row fl-row-full-width fl-row-bg-none fl-node-647d905a58d38\" data-node=\"647d905a58d38\">\n<div class=\"fl-row-content-wrap\">\n<div class=\"fl-row-content fl-row-full-width fl-node-content\">\n<div class=\"fl-col-group fl-node-647d905a590c5\" data-node=\"647d905a590c5\">\n<div class=\"fl-col fl-node-647d905a59105\" style=\"width: 100%\" data-node=\"647d905a59105\">\n<div class=\"fl-col-content fl-node-content\">\n<div class=\"fl-module fl-module-heading fl-node-647d905a59142 pro_tit\" data-animation-delay=\"0.0\" data-node=\"647d905a59142\">\n<div class=\"fl-module-content fl-node-content\">\n<h3 class=\"fl-heading\"><span class=\"fl-heading-text\">Opis<\/span><\/h3>\n<p>&nbsp;<\/p>\n<\/div>\n<p>&nbsp;<\/p>\n<\/div>\n<p>&nbsp;<\/p>\n<\/div>\n<p>&nbsp;<\/p>\n<\/div>\n<p>&nbsp;<\/p>\n<\/div>\n<div class=\"fl-col-group fl-node-647d905a59237\" data-node=\"647d905a59237\">\n<div class=\"fl-col fl-node-647d905a59275\" style=\"width: 100%\" data-node=\"647d905a59275\">\n<div class=\"fl-col-content fl-node-content\">\n<div class=\"fl-module fl-module-rich-text fl-node-647d905a592b2\" data-animation-delay=\"0.0\" data-node=\"647d905a592b2\">\n<div class=\"fl-module-content fl-node-content\">\n<div class=\"fl-rich-text\">\n<p>Our company provides SiC coating process services by CVD method on the surface of graphite, ceramics and other materials, so that special gases containing carbon and silicon react at high temperature to obtain high purity SiC molecules, molecules deposited on the surface of the coated materials, forming SIC protective layer.<\/p>\n<p>&nbsp;<\/p>\n<\/div>\n<p>&nbsp;<\/p>\n<\/div>\n<p>&nbsp;<\/p>\n<\/div>\n<p>&nbsp;<\/p>\n<\/div>\n<p>&nbsp;<\/p>\n<\/div>\n<p>&nbsp;<\/p>\n<\/div>\n<div class=\"fl-col-group fl-node-647d93083add8\" data-node=\"647d93083add8\">\n<div class=\"fl-col fl-node-647d93083af70 fl-col-small\" style=\"width: 33.33%\" data-node=\"647d93083af70\">\n<div class=\"fl-col-content fl-node-content\">\n<div class=\"fl-module fl-module-rich-text fl-node-647d931917804\" data-animation-delay=\"0.0\" data-node=\"647d931917804\">\n<div class=\"fl-module-content fl-node-content\">\n<div class=\"fl-rich-text\">\n<p><img decoding=\"async\" src=\"\/wp-content\/uploads\/2025\/09\/81ef1037a635ac70.webp\" alt=\"6\"><\/p>\n<p>&nbsp;<\/p>\n<\/div>\n<p>&nbsp;<\/p>\n<\/div>\n<p>&nbsp;<\/p>\n<\/div>\n<p>&nbsp;<\/p>\n<\/div>\n<p>&nbsp;<\/p>\n<\/div>\n<div class=\"fl-col fl-node-647d931c128ca fl-col-small\" style=\"width: 33.33%\" data-node=\"647d931c128ca\">\n<div class=\"fl-col-content fl-node-content\">\n<div class=\"fl-module fl-module-rich-text fl-node-648fb7e1e91ba\" data-animation-delay=\"0.0\" data-node=\"648fb7e1e91ba\">\n<div class=\"fl-module-content fl-node-content\">\n<div class=\"fl-rich-text\">\n<p><img decoding=\"async\" src=\"\/wp-content\/uploads\/2025\/09\/acc3d22735eaea2a.webp\" alt=\"UV-LED-1\"><\/p>\n<p>&nbsp;<\/p>\n<\/div>\n<p>&nbsp;<\/p>\n<\/div>\n<p>&nbsp;<\/p>\n<\/div>\n<p>&nbsp;<\/p>\n<\/div>\n<p>&nbsp;<\/p>\n<\/div>\n<div class=\"fl-col fl-node-648fb7e406e7d fl-col-small\" style=\"width: 33.33%\" data-node=\"648fb7e406e7d\">\n<div class=\"fl-col-content fl-node-content\">\n<div class=\"fl-module fl-module-rich-text fl-node-647d93083ac99\" data-animation-delay=\"0.0\" data-node=\"647d93083ac99\">\n<div class=\"fl-module-content fl-node-content\">\n<div class=\"fl-rich-text\">\n<p><img decoding=\"async\" src=\"\/wp-content\/uploads\/2025\/09\/1ad89d34f2faa18f.webp\" alt=\"UV-LED-2\"><\/p>\n<p>&nbsp;<\/p>\n<\/div>\n<p>&nbsp;<\/p>\n<\/div>\n<p>&nbsp;<\/p>\n<\/div>\n<p>&nbsp;<\/p>\n<\/div>\n<p>&nbsp;<\/p>\n<\/div>\n<p>&nbsp;<\/p>\n<\/div>\n<p>&nbsp;<\/p>\n<\/div>\n<p>&nbsp;<\/p>\n<\/div>\n<p>&nbsp;<\/p>\n<\/div>\n<div class=\"fl-row fl-row-full-width fl-row-bg-none fl-node-648fb4ba2889a\" data-node=\"648fb4ba2889a\">\n<div class=\"fl-row-content-wrap\">\n<div class=\"fl-row-content fl-row-full-width fl-node-content\">\n<div class=\"fl-col-group fl-node-648fb4ba28d3e\" data-node=\"648fb4ba28d3e\">\n<div class=\"fl-col fl-node-648fb4ba28d7c\" style=\"width: 100%\" data-node=\"648fb4ba28d7c\">\n<div class=\"fl-col-content fl-node-content\">\n<div class=\"fl-module fl-module-heading fl-node-648fb4ba28dba pro_tit\" data-animation-delay=\"0.0\" data-node=\"648fb4ba28dba\">\n<div class=\"fl-module-content fl-node-content\">\n<h3 class=\"fl-heading\"><span class=\"fl-heading-text\">Main Features<\/span><\/h3>\n<p>&nbsp;<\/p>\n<\/div>\n<p>&nbsp;<\/p>\n<\/div>\n<p>&nbsp;<\/p>\n<\/div>\n<p>&nbsp;<\/p>\n<\/div>\n<p>&nbsp;<\/p>\n<\/div>\n<div class=\"fl-col-group fl-node-648fb4ba28df8\" data-node=\"648fb4ba28df8\">\n<div class=\"fl-col fl-node-648fb4ba28e36\" style=\"width: 100%\" data-node=\"648fb4ba28e36\">\n<div class=\"fl-col-content fl-node-content\">\n<div class=\"fl-module fl-module-rich-text fl-node-648fb4ba28e73\" data-animation-delay=\"0.0\" data-node=\"648fb4ba28e73\">\n<div class=\"fl-module-content fl-node-content\">\n<div class=\"fl-rich-text\">\n<p>1. High temperature oxidation resistance:&nbsp;the oxidation resistance is still very good when the temperature is as high as 1600 C.<br \/>2. High purity : made by chemical vapor deposition under high temperature chlorination condition.<br \/>3. Erosion resistance: high hardness, compact surface, fine particles.<br \/>4. Corrosion resistance: acid, alkali, salt and organic reagents.<\/p>\n<p>&nbsp;<\/p>\n<\/div>\n<p>&nbsp;<\/p>\n<\/div>\n<p>&nbsp;<\/p>\n<\/div>\n<p>&nbsp;<\/p>\n<\/div>\n<p>&nbsp;<\/p>\n<\/div>\n<p>&nbsp;<\/p>\n<\/div>\n<p>&nbsp;<\/p>\n<\/div>\n<p>&nbsp;<\/p>\n<\/div>\n<p>&nbsp;<\/p>\n<\/div>\n<div class=\"fl-row fl-row-full-width fl-row-bg-none fl-node-648fb4d3e9930\" data-node=\"648fb4d3e9930\">\n<div class=\"fl-row-content-wrap\">\n<div class=\"fl-row-content fl-row-full-width fl-node-content\">\n<div class=\"fl-col-group fl-node-648fb4d3e9c52\" data-node=\"648fb4d3e9c52\">\n<div class=\"fl-col fl-node-648fb4d3e9c91\" style=\"width: 100%\" data-node=\"648fb4d3e9c91\">\n<div class=\"fl-col-content fl-node-content\">\n<div class=\"fl-module fl-module-heading fl-node-648fb4d3e9cce pro_tit\" data-animation-delay=\"0.0\" data-node=\"648fb4d3e9cce\">\n<div class=\"fl-module-content fl-node-content\">\n<h3 class=\"fl-heading\"><span class=\"fl-heading-text\">Main Specifications of CVD-SIC Coating<\/span><\/h3>\n<p>&nbsp;<\/p>\n<\/div>\n<p>&nbsp;<\/p>\n<\/div>\n<p>&nbsp;<\/p>\n<\/div>\n<p>&nbsp;<\/p>\n<\/div>\n<p>&nbsp;<\/p>\n<\/div>\n<div class=\"fl-col-group fl-node-648fb4d3e9d0c\" data-node=\"648fb4d3e9d0c\">\n<div class=\"fl-col fl-node-648fb4d3e9d4b\" style=\"width: 100%\" data-node=\"648fb4d3e9d4b\">\n<div class=\"fl-col-content fl-node-content\">\n<div class=\"fl-module fl-module-rich-text fl-node-648fb4d3e9d89\" data-animation-delay=\"0.0\" data-node=\"648fb4d3e9d89\">\n<div class=\"fl-module-content fl-node-content\">\n<div class=\"fl-rich-text\">\n<table border=\"0\" cellspacing=\"0\">\n<tbody>\n<tr>\n<td colspan=\"3\" valign=\"center\" width=\"100.0000%\">SiC-CVD Properties<\/td>\n<\/tr>\n<tr>\n<td valign=\"center\" width=\"30.8800%\">Crystal Structure<\/td>\n<td colspan=\"2\" valign=\"center\" width=\"69.1000%\">FCC&nbsp;&beta;&nbsp;phase<\/td>\n<\/tr>\n<tr>\n<td valign=\"center\" width=\"30.8800%\">G\u0119sto\u015b\u0107<\/td>\n<td valign=\"center\" width=\"30.2400%\">g\/cm&nbsp;&sup3;<\/td>\n<td valign=\"center\" width=\"38.8400%\">3.21<\/td>\n<\/tr>\n<tr>\n<td valign=\"center\" width=\"30.8800%\">Hardness<\/td>\n<td valign=\"center\" width=\"30.2400%\">Vickers hardness<\/td>\n<td valign=\"center\" width=\"38.8400%\">2500<\/td>\n<\/tr>\n<tr>\n<td valign=\"center\" width=\"30.8800%\">Grain Size<\/td>\n<td valign=\"center\" width=\"30.2400%\">&mu;m<\/td>\n<td valign=\"center\" width=\"38.8400%\">2~10<\/td>\n<\/tr>\n<tr>\n<td valign=\"center\" width=\"30.8800%\">Chemical Purity<\/td>\n<td valign=\"center\" width=\"30.2400%\">%<\/td>\n<td valign=\"bottom\" width=\"38.8400%\">99.99995<\/td>\n<\/tr>\n<tr>\n<td valign=\"center\" width=\"30.8800%\">Heat Capacity<\/td>\n<td valign=\"center\" width=\"30.2400%\">J&middot;kg-1&nbsp;&middot;K-1<\/td>\n<td valign=\"bottom\" width=\"38.8400%\">640<\/td>\n<\/tr>\n<tr>\n<td valign=\"center\" width=\"30.8800%\">Sublimation Temperature<\/td>\n<td valign=\"center\" width=\"30.2400%\">\u2103<\/td>\n<td valign=\"bottom\" width=\"38.8400%\">2700<\/td>\n<\/tr>\n<tr>\n<td valign=\"center\" width=\"30.8800%\">Felexural Strength<\/td>\n<td valign=\"center\" width=\"30.2400%\">MPa&nbsp; (RT 4-point)<\/td>\n<td valign=\"bottom\" width=\"38.8400%\">415<\/td>\n<\/tr>\n<tr>\n<td valign=\"center\" width=\"30.8800%\">Young&#8217; s Modulus<\/td>\n<td valign=\"center\" width=\"30.2400%\">Gpa (4pt bend, 1300\u2103)<\/td>\n<td valign=\"bottom\" width=\"38.8400%\">430<\/td>\n<\/tr>\n<tr>\n<td valign=\"center\" width=\"30.8800%\">Thermal Expansion (C.T.E)<\/td>\n<td valign=\"center\" width=\"30.2400%\">10-6K-1<\/td>\n<td valign=\"bottom\" width=\"38.8400%\">4.5<\/td>\n<\/tr>\n<tr>\n<td valign=\"center\" width=\"30.8800%\">Przewodno\u015b\u0107 cieplna<\/td>\n<td valign=\"center\" width=\"30.2400%\">(W\/mK)<\/td>\n<td valign=\"bottom\" width=\"38.8400%\">300<\/td>\n<\/tr>\n<\/tbody>\n<\/table>\n<\/div>\n<p>&nbsp;<\/p>\n<\/div>\n<p>&nbsp;<\/p>\n<\/div>\n<p>&nbsp;<\/p>\n<\/div>\n<p>&nbsp;<\/p>\n<\/div>\n<p>&nbsp;<\/p>\n<\/div>\n<div class=\"fl-col-group fl-node-661749439e903\" data-node=\"661749439e903\">\n<div class=\"fl-col fl-node-661749439eaea\" style=\"width: 100%\" data-node=\"661749439eaea\">\n<div class=\"fl-col-content fl-node-content\">\n<div class=\"fl-module fl-module-photo fl-node-661749439e768\" data-animation-delay=\"0.0\" data-node=\"661749439e768\">\n<div class=\"fl-module-content fl-node-content\">\n<div class=\"fl-photo fl-photo-align-center\">\n<div class=\"fl-photo-content fl-photo-img-jpg\"><img decoding=\"async\" class=\"fl-photo-img wp-image-7286\" src=\"\/wp-content\/uploads\/2025\/09\/b1dd0bcab1675ff4.webp\" alt=\"Miejsce pracy p\u00f3\u0142cesy\"><\/div>\n<p>&nbsp;<\/p>\n<\/div>\n<p>&nbsp;<\/p>\n<\/div>\n<p>&nbsp;<\/p>\n<\/div>\n<div class=\"fl-module fl-module-photo fl-node-66174952aac6f\" data-animation-delay=\"0.0\" data-node=\"66174952aac6f\">\n<div class=\"fl-module-content fl-node-content\">\n<div class=\"fl-photo fl-photo-align-center\">\n<div class=\"fl-photo-content fl-photo-img-jpg\"><img decoding=\"async\" class=\"fl-photo-img wp-image-7287\" src=\"\/wp-content\/uploads\/2025\/09\/2b946d2b4b61306d.webp\" alt=\"P\u00f3\u0142cera robocza miejsce 2\"><\/div>\n<p>&nbsp;<\/p>\n<\/div>\n<p>&nbsp;<\/p>\n<\/div>\n<p>&nbsp;<\/p>\n<\/div>\n<div class=\"fl-module fl-module-photo fl-node-6617495106e06\" data-animation-delay=\"0.0\" data-node=\"6617495106e06\">\n<div class=\"fl-module-content fl-node-content\">\n<div class=\"fl-photo fl-photo-align-center\">\n<div class=\"fl-photo-content fl-photo-img-jpg\"><img decoding=\"async\" class=\"fl-photo-img wp-image-7288\" src=\"\/wp-content\/uploads\/2025\/09\/081b6529d68ead23.webp\" alt=\"Maszyna sprz\u0119tu\"><\/div>\n<p>&nbsp;<\/p>\n<\/div>\n<p>&nbsp;<\/p>\n<\/div>\n<p>&nbsp;<\/p>\n<\/div>\n<div class=\"fl-module fl-module-photo fl-node-6617494feb0e0\" data-animation-delay=\"0.0\" data-node=\"6617494feb0e0\">\n<div class=\"fl-module-content fl-node-content\">\n<div class=\"fl-photo fl-photo-align-center\">\n<div class=\"fl-photo-content fl-photo-img-jpg\"><img decoding=\"async\" class=\"fl-photo-img wp-image-7289\" src=\"\/wp-content\/uploads\/2025\/09\/a4132b2b399abbac.webp\" alt=\"Przetwarzanie CNN, czyszczenie chemiczne, pow\u0142oka CVD\"><\/div>\n<p>&nbsp;<\/p>\n<\/div>\n<p>&nbsp;<\/p>\n<\/div>\n<p>&nbsp;<\/p>\n<\/div>\n<div class=\"fl-module fl-module-photo fl-node-6617494ea8078\" data-animation-delay=\"0.0\" data-node=\"6617494ea8078\">\n<div class=\"fl-module-content fl-node-content\">\n<div class=\"fl-photo fl-photo-align-center\">\n<div class=\"fl-photo-content fl-photo-img-jpg\"><img decoding=\"async\" class=\"fl-photo-img wp-image-7290\" src=\"\/wp-content\/uploads\/2025\/09\/b07f222c0ec0ab8d.webp\" alt=\"Nasza us\u0142uga\"><\/div>\n<p>&nbsp;<\/p>\n<\/div>\n<p>&nbsp;<\/p>\n<\/div>\n<p>&nbsp;<\/p>\n<\/div>\n<p>&nbsp;<\/p>\n<\/div>\n<p>&nbsp;<\/p>\n<\/div>\n<p>&nbsp;<\/p>\n<\/div>\n<p>&nbsp;<\/p>\n<\/div>\n<p>&nbsp;<\/p>\n<\/div>\n<p>&nbsp;<\/p>\n<\/div>\n<\/div>","protected":false},"excerpt":{"rendered":"<p>Semicera&nbsp;Energy Technology Co., Ltd. is a leading supplier of advanced semiconductor ceramics. Our main products include: Silicon carbide etched discs, silicon carbide boat trailers, silicon carbide wafer ships (PV &amp; Semiconductor), silicon carbide furnace tubes, silicon carbide cantilever paddles, silicon carbide chuck, silicon carbide beams, as well as CVD SiC coatings and TaC coatings.<\/p>\n<p>The products are mainly used in the semiconductor and photovoltaic industries, such as crystal growth, epitaxy, etching, packaging, coating and diffusion furnace equipment.<\/p>","protected":false},"featured_media":4554,"comment_status":"closed","ping_status":"open","template":"","meta":[],"product_brand":[],"product_cat":[16,17],"product_tag":[],"class_list":{"0":"post-2317","1":"product","2":"type-product","3":"status-publish","4":"has-post-thumbnail","6":"product_cat-cvd-sic","7":"product_cat-si-epitaxial-parts","9":"first","10":"instock","11":"product-type-simple"},"_links":{"self":[{"href":"https:\/\/www.cn-semiconductorparts.com\/pl\/wp-json\/wp\/v2\/product\/2317","targetHints":{"allow":["GET"]}}],"collection":[{"href":"https:\/\/www.cn-semiconductorparts.com\/pl\/wp-json\/wp\/v2\/product"}],"about":[{"href":"https:\/\/www.cn-semiconductorparts.com\/pl\/wp-json\/wp\/v2\/types\/product"}],"replies":[{"embeddable":true,"href":"https:\/\/www.cn-semiconductorparts.com\/pl\/wp-json\/wp\/v2\/comments?post=2317"}],"wp:featuredmedia":[{"embeddable":true,"href":"https:\/\/www.cn-semiconductorparts.com\/pl\/wp-json\/wp\/v2\/media\/4554"}],"wp:attachment":[{"href":"https:\/\/www.cn-semiconductorparts.com\/pl\/wp-json\/wp\/v2\/media?parent=2317"}],"wp:term":[{"taxonomy":"product_brand","embeddable":true,"href":"https:\/\/www.cn-semiconductorparts.com\/pl\/wp-json\/wp\/v2\/product_brand?post=2317"},{"taxonomy":"product_cat","embeddable":true,"href":"https:\/\/www.cn-semiconductorparts.com\/pl\/wp-json\/wp\/v2\/product_cat?post=2317"},{"taxonomy":"product_tag","embeddable":true,"href":"https:\/\/www.cn-semiconductorparts.com\/pl\/wp-json\/wp\/v2\/product_tag?post=2317"}],"curies":[{"name":"WP","href":"https:\/\/api.w.org\/{rel}","templated":true}]}}