{"id":2318,"date":"2025-09-11T13:34:00","date_gmt":"2025-09-11T05:34:00","guid":{"rendered":"https:\/\/weitai2.globaldeepsea.site\/product\/silicon-carbide-sic-coated-heaters\/"},"modified":"2026-04-29T15:27:27","modified_gmt":"2026-04-29T07:27:27","slug":"silicon-carbide-sic-coated-heaters","status":"publish","type":"product","link":"https:\/\/www.cn-semiconductorparts.com\/pl\/product\/silicon-carbide-sic-coated-heaters\/","title":{"rendered":"Grzejniki powlekane z w\u0119glikiem silikonowym"},"content":{"rendered":"<div class=\"fl-builder-content fl-builder-content-1473 fl-builder-content-primary fl-builder-global-templates-locked\" data-post-id=\"1473\">\n<div class=\"fl-row fl-row-full-width fl-row-bg-none fl-node-647d905a58d38\" data-node=\"647d905a58d38\">\n<div class=\"fl-row-content-wrap\">\n<div class=\"fl-row-content fl-row-full-width fl-node-content\">\n<div class=\"fl-col-group fl-node-647d905a590c5\" data-node=\"647d905a590c5\">\n<div class=\"fl-col fl-node-647d905a59105\" style=\"width: 100%\" data-node=\"647d905a59105\">\n<div class=\"fl-col-content fl-node-content\">\n<div class=\"fl-module fl-module-heading fl-node-647d905a59142 pro_tit\" data-animation-delay=\"0.0\" data-node=\"647d905a59142\">\n<div class=\"fl-module-content fl-node-content\">\n<h3 class=\"fl-heading\"><span class=\"fl-heading-text\">Opis<\/span><\/h3>\n<p>&nbsp;<\/p>\n<\/div>\n<p>&nbsp;<\/p>\n<\/div>\n<p>&nbsp;<\/p>\n<\/div>\n<p>&nbsp;<\/p>\n<\/div>\n<p>&nbsp;<\/p>\n<\/div>\n<div class=\"fl-col-group fl-node-647d905a59237\" data-node=\"647d905a59237\">\n<div class=\"fl-col fl-node-647d905a59275\" style=\"width: 100%\" data-node=\"647d905a59275\">\n<div class=\"fl-col-content fl-node-content\">\n<div class=\"fl-module fl-module-rich-text fl-node-647d905a592b2\" data-animation-delay=\"0.0\" data-node=\"647d905a592b2\">\n<div class=\"fl-module-content fl-node-content\">\n<div class=\"fl-rich-text\">\n<p>Our company provides SiC coating process services by CVD method on the surface of graphite, ceramics and other materials, so that special gases containing carbon and silicon react at high temperature to obtain high purity SiC molecules, molecules deposited on the surface of the coated materials, forming SIC protective layer.<\/p>\n<p>&nbsp;<\/p>\n<\/div>\n<p>&nbsp;<\/p>\n<\/div>\n<p>&nbsp;<\/p>\n<\/div>\n<p>&nbsp;<\/p>\n<\/div>\n<p>&nbsp;<\/p>\n<\/div>\n<p>&nbsp;<\/p>\n<\/div>\n<div class=\"fl-col-group fl-node-647d93083add8\" data-node=\"647d93083add8\">\n<div class=\"fl-col fl-node-647d93083af70 fl-col-small\" style=\"width: 33.33%\" data-node=\"647d93083af70\">\n<div class=\"fl-col-content fl-node-content\">\n<div class=\"fl-module fl-module-photo fl-node-66e40cf9345fb\" data-animation-delay=\"0.0\" data-node=\"66e40cf9345fb\">\n<div class=\"fl-module-content fl-node-content\">\n<div class=\"fl-photo fl-photo-align-center\">\n<div class=\"fl-photo-content fl-photo-img-jpg\"><img decoding=\"async\" class=\"fl-photo-img wp-image-10762\" src=\"\/wp-content\/uploads\/2025\/09\/63a002489e5c4d65.webp\" alt=\"SiC Heating Element (17)\"><\/div>\n<p>&nbsp;<\/p>\n<\/div>\n<p>&nbsp;<\/p>\n<\/div>\n<p>&nbsp;<\/p>\n<\/div>\n<p>&nbsp;<\/p>\n<\/div>\n<p>&nbsp;<\/p>\n<\/div>\n<div class=\"fl-col fl-node-647d931c128ca fl-col-small\" style=\"width: 33.33%\" data-node=\"647d931c128ca\">\n<div class=\"fl-col-content fl-node-content\">\n<div class=\"fl-module fl-module-photo fl-node-66e40922a0a80\" data-animation-delay=\"0.0\" data-node=\"66e40922a0a80\">\n<div class=\"fl-module-content fl-node-content\">\n<div class=\"fl-photo fl-photo-align-center\">\n<div class=\"fl-photo-content fl-photo-img-jpg\"><img decoding=\"async\" class=\"fl-photo-img wp-image-10761\" src=\"\/wp-content\/uploads\/2025\/09\/ad1a60b32f857ee5.webp\" alt=\"SiC Heating Element (22)\"><\/div>\n<p>&nbsp;<\/p>\n<\/div>\n<p>&nbsp;<\/p>\n<\/div>\n<p>&nbsp;<\/p>\n<\/div>\n<p>&nbsp;<\/p>\n<\/div>\n<p>&nbsp;<\/p>\n<\/div>\n<div class=\"fl-col fl-node-648fbe52070f6 fl-col-small\" style=\"width: 33.33%\" data-node=\"648fbe52070f6\">\n<div class=\"fl-col-content fl-node-content\">\n<div class=\"fl-module fl-module-photo fl-node-66e40d81f410e\" data-animation-delay=\"0.0\" data-node=\"66e40d81f410e\">\n<div class=\"fl-module-content fl-node-content\">\n<div class=\"fl-photo fl-photo-align-center\">\n<div class=\"fl-photo-content fl-photo-img-jpg\"><img decoding=\"async\" class=\"fl-photo-img wp-image-10763\" src=\"\/wp-content\/uploads\/2025\/09\/a3ad258413375966.webp\" alt=\"SiC Heating Element (23)\"><\/div>\n<p>&nbsp;<\/p>\n<\/div>\n<p>&nbsp;<\/p>\n<\/div>\n<p>&nbsp;<\/p>\n<\/div>\n<p>&nbsp;<\/p>\n<\/div>\n<p>&nbsp;<\/p>\n<\/div>\n<p>&nbsp;<\/p>\n<\/div>\n<p>&nbsp;<\/p>\n<\/div>\n<p>&nbsp;<\/p>\n<\/div>\n<p>&nbsp;<\/p>\n<\/div>\n<div class=\"fl-row fl-row-full-width fl-row-bg-none fl-node-648fba461e867\" data-node=\"648fba461e867\">\n<div class=\"fl-row-content-wrap\">\n<div class=\"fl-row-content fl-row-full-width fl-node-content\">\n<div class=\"fl-col-group fl-node-648fba461ec36\" data-node=\"648fba461ec36\">\n<div class=\"fl-col fl-node-648fba461ec75\" style=\"width: 100%\" data-node=\"648fba461ec75\">\n<div class=\"fl-col-content fl-node-content\">\n<div class=\"fl-module fl-module-heading fl-node-648fba461ecb2 pro_tit\" data-animation-delay=\"0.0\" data-node=\"648fba461ecb2\">\n<div class=\"fl-module-content fl-node-content\">\n<h3 class=\"fl-heading\"><span class=\"fl-heading-text\">Main Features<\/span><\/h3>\n<p>&nbsp;<\/p>\n<\/div>\n<p>&nbsp;<\/p>\n<\/div>\n<p>&nbsp;<\/p>\n<\/div>\n<p>&nbsp;<\/p>\n<\/div>\n<p>&nbsp;<\/p>\n<\/div>\n<div class=\"fl-col-group fl-node-648fba461ecf0\" data-node=\"648fba461ecf0\">\n<div class=\"fl-col fl-node-648fba461ed2e\" style=\"width: 100%\" data-node=\"648fba461ed2e\">\n<div class=\"fl-col-content fl-node-content\">\n<div class=\"fl-module fl-module-rich-text fl-node-648fba461ed6b\" data-animation-delay=\"0.0\" data-node=\"648fba461ed6b\">\n<div class=\"fl-module-content fl-node-content\">\n<div class=\"fl-rich-text\">\n<p>1. High temperature oxidation resistance:<br \/>the oxidation resistance is still very good when the temperature is as high as 1600 C.<br \/>2. High purity: made by chemical vapor deposition under high temperature chlorination condition.<br \/>3. Erosion resistance: high hardness, compact surface, fine particles.<br \/>4. Corrosion resistance: acid, alkali, salt and organic reagents.<\/p>\n<p>&nbsp;<\/p>\n<\/div>\n<p>&nbsp;<\/p>\n<\/div>\n<p>&nbsp;<\/p>\n<\/div>\n<p>&nbsp;<\/p>\n<\/div>\n<p>&nbsp;<\/p>\n<\/div>\n<p>&nbsp;<\/p>\n<\/div>\n<p>&nbsp;<\/p>\n<\/div>\n<p>&nbsp;<\/p>\n<\/div>\n<p>&nbsp;<\/p>\n<\/div>\n<div class=\"fl-row fl-row-full-width fl-row-bg-none fl-node-648fb4d3e9930\" data-node=\"648fb4d3e9930\">\n<div class=\"fl-row-content-wrap\">\n<div class=\"fl-row-content fl-row-full-width fl-node-content\">\n<div class=\"fl-col-group fl-node-648fb4d3e9c52\" data-node=\"648fb4d3e9c52\">\n<div class=\"fl-col fl-node-648fb4d3e9c91\" style=\"width: 100%\" data-node=\"648fb4d3e9c91\">\n<div class=\"fl-col-content fl-node-content\">\n<div class=\"fl-module fl-module-heading fl-node-648fb4d3e9cce pro_tit\" data-animation-delay=\"0.0\" data-node=\"648fb4d3e9cce\">\n<div class=\"fl-module-content fl-node-content\">\n<h3 class=\"fl-heading\"><span class=\"fl-heading-text\">Main Specifications of CVD-SIC Coating<\/span><\/h3>\n<p>&nbsp;<\/p>\n<\/div>\n<p>&nbsp;<\/p>\n<\/div>\n<p>&nbsp;<\/p>\n<\/div>\n<p>&nbsp;<\/p>\n<\/div>\n<p>&nbsp;<\/p>\n<\/div>\n<div class=\"fl-col-group fl-node-648fb4d3e9d0c\" data-node=\"648fb4d3e9d0c\">\n<div class=\"fl-col fl-node-648fb4d3e9d4b\" style=\"width: 100%\" data-node=\"648fb4d3e9d4b\">\n<div class=\"fl-col-content fl-node-content\">\n<div class=\"fl-module fl-module-rich-text fl-node-648fb4d3e9d89\" data-animation-delay=\"0.0\" data-node=\"648fb4d3e9d89\">\n<div class=\"fl-module-content fl-node-content\">\n<div class=\"fl-rich-text\">\n<table border=\"0\" cellspacing=\"0\">\n<tbody>\n<tr>\n<td colspan=\"3\" valign=\"center\">\n<p align=\"center\">SiC-CVD Properties<\/p>\n<\/td>\n<\/tr>\n<tr>\n<td valign=\"center\">Crystal Structure<\/td>\n<td colspan=\"2\" valign=\"center\">FCC&nbsp;&beta;&nbsp;phase<\/td>\n<\/tr>\n<tr>\n<td valign=\"center\">G\u0119sto\u015b\u0107<\/td>\n<td valign=\"center\">g\/cm&nbsp;&sup3;<\/td>\n<td valign=\"center\">3.21<\/td>\n<\/tr>\n<tr>\n<td valign=\"center\">Hardness<\/td>\n<td valign=\"center\">Vickers hardness<\/td>\n<td valign=\"center\">2500<\/td>\n<\/tr>\n<tr>\n<td valign=\"center\">Grain Size<\/td>\n<td valign=\"center\">&mu;m<\/td>\n<td valign=\"center\">2~10<\/td>\n<\/tr>\n<tr>\n<td valign=\"center\">Chemical Purity<\/td>\n<td valign=\"center\">%<\/td>\n<td valign=\"bottom\">99.99995<\/td>\n<\/tr>\n<tr>\n<td valign=\"center\">Heat Capacity<\/td>\n<td valign=\"center\">J&middot;kg-1&nbsp;&middot;K-1<\/td>\n<td valign=\"bottom\">640<\/td>\n<\/tr>\n<tr>\n<td valign=\"center\">Sublimation Temperature<\/td>\n<td valign=\"center\">\u2103<\/td>\n<td valign=\"bottom\">2700<\/td>\n<\/tr>\n<tr>\n<td valign=\"center\">Felexural Strength<\/td>\n<td valign=\"center\">MPa&nbsp; (RT 4-point)<\/td>\n<td valign=\"bottom\">415<\/td>\n<\/tr>\n<tr>\n<td valign=\"center\">Young&rsquo; s Modulus<\/td>\n<td valign=\"center\">Gpa (4pt bend, 1300\u2103)<\/td>\n<td valign=\"bottom\">430<\/td>\n<\/tr>\n<tr>\n<td valign=\"center\">Thermal Expansion (C.T.E)<\/td>\n<td valign=\"center\">10-6K-1<\/td>\n<td valign=\"bottom\">4.5<\/td>\n<\/tr>\n<tr>\n<td valign=\"center\">Przewodno\u015b\u0107 cieplna<\/td>\n<td valign=\"center\">(W\/mK)<\/td>\n<td valign=\"bottom\">300<\/td>\n<\/tr>\n<\/tbody>\n<\/table>\n<\/div>\n<p>&nbsp;<\/p>\n<\/div>\n<p>&nbsp;<\/p>\n<\/div>\n<p>&nbsp;<\/p>\n<\/div>\n<p>&nbsp;<\/p>\n<\/div>\n<p>&nbsp;<\/p>\n<\/div>\n<p>&nbsp;<\/p>\n<\/div>\n<p>&nbsp;<\/p>\n<\/div>\n<p>&nbsp;<\/p>\n<\/div>\n<div class=\"fl-row fl-row-full-width fl-row-bg-none fl-node-648fb8ca2b18a\" data-node=\"648fb8ca2b18a\">\n<div class=\"fl-row-content-wrap\">\n<div class=\"fl-row-content fl-row-full-width fl-node-content\">\n<div class=\"fl-col-group fl-node-66e40d10ca0f3\" data-node=\"66e40d10ca0f3\">\n<div class=\"fl-col fl-node-66e40d10ca50b\" style=\"width: 100%\" data-node=\"66e40d10ca50b\">\n<div class=\"fl-col-content fl-node-content\">\n<div class=\"fl-module fl-module-photo fl-node-66e408f930832\" data-animation-delay=\"0.0\" data-node=\"66e408f930832\">\n<div class=\"fl-module-content fl-node-content\">\n<div class=\"fl-photo fl-photo-align-center\">\n<div class=\"fl-photo-content fl-photo-img-jpg\"><img decoding=\"async\" class=\"fl-photo-img wp-image-9038\" src=\"\/wp-content\/uploads\/2025\/09\/b1dd0bcab1675ff4.webp\" alt=\"Miejsce pracy p\u00f3\u0142cesy\"><\/div>\n<p>&nbsp;<\/p>\n<\/div>\n<p>&nbsp;<\/p>\n<\/div>\n<p>&nbsp;<\/p>\n<\/div>\n<div class=\"fl-module fl-module-photo fl-node-66e408f930963\" data-animation-delay=\"0.0\" data-node=\"66e408f930963\">\n<div class=\"fl-module-content fl-node-content\">\n<div class=\"fl-photo fl-photo-align-center\">\n<div class=\"fl-photo-content fl-photo-img-jpg\"><img decoding=\"async\" class=\"fl-photo-img wp-image-9037\" src=\"\/wp-content\/uploads\/2025\/09\/2b946d2b4b61306d.webp\" alt=\"P\u00f3\u0142cera robocza miejsce 2\"><\/div>\n<p>&nbsp;<\/p>\n<\/div>\n<p>&nbsp;<\/p>\n<\/div>\n<p>&nbsp;<\/p>\n<\/div>\n<div class=\"fl-module fl-module-photo fl-node-66e408f93091d\" data-animation-delay=\"0.0\" data-node=\"66e408f93091d\">\n<div class=\"fl-module-content fl-node-content\">\n<div class=\"fl-photo fl-photo-align-center\">\n<div class=\"fl-photo-content fl-photo-img-jpg\"><img decoding=\"async\" class=\"fl-photo-img wp-image-9034 size-full\" src=\"\/wp-content\/uploads\/2025\/09\/081b6529d68ead23.webp\" alt=\"Maszyna sprz\u0119tu\"><\/div>\n<p>&nbsp;<\/p>\n<\/div>\n<p>&nbsp;<\/p>\n<\/div>\n<p>&nbsp;<\/p>\n<\/div>\n<div class=\"fl-module fl-module-photo fl-node-66e408f930905\" data-animation-delay=\"0.0\" data-node=\"66e408f930905\">\n<div class=\"fl-module-content fl-node-content\">\n<div class=\"fl-photo fl-photo-align-center\">\n<div class=\"fl-photo-content fl-photo-img-jpg\"><img decoding=\"async\" class=\"fl-photo-img wp-image-9033\" src=\"\/wp-content\/uploads\/2025\/09\/a4132b2b399abbac.webp\" alt=\"Przetwarzanie CNN, czyszczenie chemiczne, pow\u0142oka CVD\"><\/div>\n<p>&nbsp;<\/p>\n<\/div>\n<p>&nbsp;<\/p>\n<\/div>\n<p>&nbsp;<\/p>\n<\/div>\n<div class=\"fl-module fl-module-photo fl-node-66e408f9308c0\" data-animation-delay=\"0.0\" data-node=\"66e408f9308c0\">\n<div class=\"fl-module-content fl-node-content\">\n<div class=\"fl-photo fl-photo-align-center\">\n<div class=\"fl-photo-content fl-photo-img-jpg\"><img decoding=\"async\" class=\"fl-photo-img wp-image-9036\" src=\"\/wp-content\/uploads\/2025\/09\/2190bb9ce5c1d546.webp\" alt=\"Semicera Ware House\"><\/div>\n<p>&nbsp;<\/p>\n<\/div>\n<p>&nbsp;<\/p>\n<\/div>\n<p>&nbsp;<\/p>\n<\/div>\n<div class=\"fl-module fl-module-photo fl-node-66e408f93087a\" data-animation-delay=\"0.0\" data-node=\"66e408f93087a\">\n<div class=\"fl-module-content fl-node-content\">\n<div class=\"fl-photo fl-photo-align-center\">\n<div class=\"fl-photo-content fl-photo-img-jpg\"><img decoding=\"async\" class=\"fl-photo-img wp-image-9035\" src=\"\/wp-content\/uploads\/2025\/09\/b07f222c0ec0ab8d.webp\" alt=\"Nasza us\u0142uga\"><\/div>\n<p>&nbsp;<\/p>\n<\/div>\n<p>&nbsp;<\/p>\n<\/div>\n<p>&nbsp;<\/p>\n<\/div>\n<p>&nbsp;<\/p>\n<\/div>\n<p>&nbsp;<\/p>\n<\/div>\n<p>&nbsp;<\/p>\n<\/div>\n<p>&nbsp;<\/p>\n<\/div>\n<p>&nbsp;<\/p>\n<\/div>\n<p>&nbsp;<\/p>\n<\/div>\n<\/div>","protected":false},"excerpt":{"rendered":"<p>Silicon carbide heater is coated with metal oxide, that is, far infrared paint silicon carbide plate as a radiation element, in the element hole (or groove) into the electric heating wire, in the bottom of the silicon carbide plate put thicker insulation, refractory, heat insulation material, and then installed on the metal shell, the terminal can be used to connect the power supply.<\/p>\n<p>When the far infrared ray of the silicon carbide heater radiates to the object, it can absorb, reflect and pass through. The heated and dried material absorbs far-infrared radiation energy at a certain depth of internal and surface molecules at the same time, producing a self-heating effect, so that the solvent or water molecules evaporate and heat evenly, thus avoiding deformation and qualitative change due to different degrees of thermal expansion, so that the appearance of the material, physical and mechanical properties, fastness and color remain intact.<\/p>","protected":false},"featured_media":4555,"comment_status":"closed","ping_status":"open","template":"","meta":[],"product_brand":[],"product_cat":[64,24],"product_tag":[],"class_list":{"0":"post-2318","1":"product","2":"type-product","3":"status-publish","4":"has-post-thumbnail","6":"product_cat-sic-heating-element","7":"product_cat-silicon-carbide-ceramic","9":"first","10":"instock","11":"product-type-simple"},"_links":{"self":[{"href":"https:\/\/www.cn-semiconductorparts.com\/pl\/wp-json\/wp\/v2\/product\/2318","targetHints":{"allow":["GET"]}}],"collection":[{"href":"https:\/\/www.cn-semiconductorparts.com\/pl\/wp-json\/wp\/v2\/product"}],"about":[{"href":"https:\/\/www.cn-semiconductorparts.com\/pl\/wp-json\/wp\/v2\/types\/product"}],"replies":[{"embeddable":true,"href":"https:\/\/www.cn-semiconductorparts.com\/pl\/wp-json\/wp\/v2\/comments?post=2318"}],"wp:featuredmedia":[{"embeddable":true,"href":"https:\/\/www.cn-semiconductorparts.com\/pl\/wp-json\/wp\/v2\/media\/4555"}],"wp:attachment":[{"href":"https:\/\/www.cn-semiconductorparts.com\/pl\/wp-json\/wp\/v2\/media?parent=2318"}],"wp:term":[{"taxonomy":"product_brand","embeddable":true,"href":"https:\/\/www.cn-semiconductorparts.com\/pl\/wp-json\/wp\/v2\/product_brand?post=2318"},{"taxonomy":"product_cat","embeddable":true,"href":"https:\/\/www.cn-semiconductorparts.com\/pl\/wp-json\/wp\/v2\/product_cat?post=2318"},{"taxonomy":"product_tag","embeddable":true,"href":"https:\/\/www.cn-semiconductorparts.com\/pl\/wp-json\/wp\/v2\/product_tag?post=2318"}],"curies":[{"name":"WP","href":"https:\/\/api.w.org\/{rel}","templated":true}]}}