{"id":2320,"date":"2025-09-11T13:34:00","date_gmt":"2025-09-11T05:34:00","guid":{"rendered":"https:\/\/weitai2.globaldeepsea.site\/product\/semiconductor-mocvd-substrate-heater-mocvd-heating-element\/"},"modified":"2026-04-29T15:27:28","modified_gmt":"2026-04-29T07:27:28","slug":"semiconductor-mocvd-substrate-heater-mocvd-heating-element","status":"publish","type":"product","link":"https:\/\/www.cn-semiconductorparts.com\/pl\/product\/semiconductor-mocvd-substrate-heater-mocvd-heating-element\/","title":{"rendered":"P\u00f3\u0142przewodnikowy element grzejnika podgrzewacza MOCVD"},"content":{"rendered":"<div class=\"fl-builder-content fl-builder-content-1500 fl-builder-content-primary fl-builder-global-templates-locked\" data-post-id=\"1500\">\n<div class=\"fl-row fl-row-full-width fl-row-bg-none fl-node-647d905a58d38\" data-node=\"647d905a58d38\">\n<div class=\"fl-row-content-wrap\">\n<div class=\"fl-row-content fl-row-full-width fl-node-content\">\n<div class=\"fl-col-group fl-node-647d905a590c5\" data-node=\"647d905a590c5\">\n<div class=\"fl-col fl-node-647d905a59105\" style=\"width: 100%\" data-node=\"647d905a59105\">\n<div class=\"fl-col-content fl-node-content\">\n<div class=\"fl-module fl-module-heading fl-node-647d905a59142 pro_tit\" data-animation-delay=\"0.0\" data-node=\"647d905a59142\">\n<div class=\"fl-module-content fl-node-content\">\n<h3 class=\"fl-heading\"><span class=\"fl-heading-text\">Opis<\/span><\/h3>\n<p>&nbsp;<\/p>\n<\/div>\n<p>&nbsp;<\/p>\n<\/div>\n<p>&nbsp;<\/p>\n<\/div>\n<p>&nbsp;<\/p>\n<\/div>\n<p>&nbsp;<\/p>\n<\/div>\n<div class=\"fl-col-group fl-node-647d905a59237\" data-node=\"647d905a59237\">\n<div class=\"fl-col fl-node-647d905a59275\" style=\"width: 100%\" data-node=\"647d905a59275\">\n<div class=\"fl-col-content fl-node-content\">\n<div class=\"fl-module fl-module-rich-text fl-node-647d905a592b2\" data-animation-delay=\"0.0\" data-node=\"647d905a592b2\">\n<div class=\"fl-module-content fl-node-content\">\n<div class=\"fl-rich-text\">\n<p>Grze\u017anik pod\u0142o\u017ca MOCVD, elementy grzewcze dla MOCVD<br \/>Grzejnik grafitu:<br \/>Sk\u0142adniki grafitowe grzewcze s\u0105 stosowane w piecu wysokotemperaturowym o temperaturze osi\u0105gni\u0119tym 2200 stopni w \u015brodowisku pr\u00f3\u017cniowym i 3000 stopni w odwa\u017cnym i wstawionym \u015brodowisku gazowym.<\/p>\n<p>&nbsp;<\/p>\n<\/div>\n<p>&nbsp;<\/p>\n<\/div>\n<p>&nbsp;<\/p>\n<\/div>\n<p>&nbsp;<\/p>\n<\/div>\n<p>&nbsp;<\/p>\n<\/div>\n<p>&nbsp;<\/p>\n<\/div>\n<div class=\"fl-col-group fl-node-647d93083add8\" data-node=\"647d93083add8\">\n<div class=\"fl-col fl-node-647d93083af70 fl-col-small\" style=\"width: 33.33%\" data-node=\"647d93083af70\">\n<div class=\"fl-col-content fl-node-content\">\n<div class=\"fl-module fl-module-rich-text fl-node-647d931917804\" data-animation-delay=\"0.0\" data-node=\"647d931917804\">\n<div class=\"fl-module-content fl-node-content\">\n<div class=\"fl-rich-text\">\n<p><img decoding=\"async\" class=\"alignnone size-full wp-image-1504\" src=\"\/wp-content\/uploads\/2025\/09\/10ce61107c3f0522.webp\" alt=\"MOCVD-Substrate-Heater-Heating-Elements-For-MOCVD2-300x300\"><\/p>\n<p>&nbsp;<\/p>\n<\/div>\n<p>&nbsp;<\/p>\n<\/div>\n<p>&nbsp;<\/p>\n<\/div>\n<p>&nbsp;<\/p>\n<\/div>\n<p>&nbsp;<\/p>\n<\/div>\n<div class=\"fl-col fl-node-647d931c128ca fl-col-small\" style=\"width: 33.33%\" data-node=\"647d931c128ca\">\n<div class=\"fl-col-content fl-node-content\">\n<div class=\"fl-module fl-module-rich-text fl-node-648fbe4fd9eea\" data-animation-delay=\"0.0\" data-node=\"648fbe4fd9eea\">\n<div class=\"fl-module-content fl-node-content\">\n<div class=\"fl-rich-text\">\n<p><img decoding=\"async\" class=\"alignnone size-medium wp-image-1505\" src=\"\/wp-content\/uploads\/2025\/09\/1fe7e1709cf12c6c.webp\" alt=\"MOCVD-Substrate-Heater-Heating-Elements-For-MOCVD3-300x300\"><\/p>\n<p>&nbsp;<\/p>\n<\/div>\n<p>&nbsp;<\/p>\n<\/div>\n<p>&nbsp;<\/p>\n<\/div>\n<p>&nbsp;<\/p>\n<\/div>\n<p>&nbsp;<\/p>\n<\/div>\n<div class=\"fl-col fl-node-648fbe52070f6 fl-col-small\" style=\"width: 33.33%\" data-node=\"648fbe52070f6\">\n<div class=\"fl-col-content fl-node-content\">\n<div class=\"fl-module fl-module-rich-text fl-node-647d93083ac99\" data-animation-delay=\"0.0\" data-node=\"647d93083ac99\">\n<div class=\"fl-module-content fl-node-content\">\n<div class=\"fl-rich-text\">\n<p><img decoding=\"async\" class=\"alignnone size-medium wp-image-1506\" src=\"\/wp-content\/uploads\/2025\/09\/d92d56442332b937.webp\" alt=\"MOCVD-Substrate-Heater-Heating-Elements-For-MOCVD-300x300\"><\/p>\n<p>&nbsp;<\/p>\n<\/div>\n<p>&nbsp;<\/p>\n<\/div>\n<p>&nbsp;<\/p>\n<\/div>\n<p>&nbsp;<\/p>\n<\/div>\n<p>&nbsp;<\/p>\n<\/div>\n<p>&nbsp;<\/p>\n<\/div>\n<p>&nbsp;<\/p>\n<\/div>\n<p>&nbsp;<\/p>\n<\/div>\n<p>&nbsp;<\/p>\n<\/div>\n<div class=\"fl-row fl-row-full-width fl-row-bg-none fl-node-648fba461e867\" data-node=\"648fba461e867\">\n<div class=\"fl-row-content-wrap\">\n<div class=\"fl-row-content fl-row-full-width fl-node-content\">\n<div class=\"fl-col-group fl-node-648fba461ec36\" data-node=\"648fba461ec36\">\n<div class=\"fl-col fl-node-648fba461ec75\" style=\"width: 100%\" data-node=\"648fba461ec75\">\n<div class=\"fl-col-content fl-node-content\">\n<div class=\"fl-module fl-module-heading fl-node-648fba461ecb2 pro_tit\" data-animation-delay=\"0.0\" data-node=\"648fba461ecb2\">\n<div class=\"fl-module-content fl-node-content\">\n<h3 class=\"fl-heading\"><span class=\"fl-heading-text\">G\u0142\u00f3wne cechy grzejnika grafitu<\/span><\/h3>\n<p>&nbsp;<\/p>\n<\/div>\n<p>&nbsp;<\/p>\n<\/div>\n<p>&nbsp;<\/p>\n<\/div>\n<p>&nbsp;<\/p>\n<\/div>\n<p>&nbsp;<\/p>\n<\/div>\n<div class=\"fl-col-group fl-node-648fba461ecf0\" data-node=\"648fba461ecf0\">\n<div class=\"fl-col fl-node-648fba461ed2e\" style=\"width: 100%\" data-node=\"648fba461ed2e\">\n<div class=\"fl-col-content fl-node-content\">\n<div class=\"fl-module fl-module-rich-text fl-node-648fba461ed6b\" data-animation-delay=\"0.0\" data-node=\"648fba461ed6b\">\n<div class=\"fl-module-content fl-node-content\">\n<div class=\"fl-rich-text\">\n<p>1. Jedno\u015bciowo\u015b\u0107 struktury grzewczej.<br \/>2. Dobra przewodno\u015b\u0107 elektryczna i wysokie obci\u0105\u017cenie elektryczne.<br \/>3. Odporno\u015b\u0107 na korozj\u0119.<br \/>4. Niedok\u0142adno\u015b\u0107.<br \/>5. Wysoka czysto\u015b\u0107 chemiczna.<br \/>6. Wysoka wytrzyma\u0142o\u015b\u0107 mechaniczna.<br \/>Zalet\u0105 jest energooszcz\u0119dno\u015b\u0107, wysoka warto\u015b\u0107 i niska konserwacja.<br \/>Mo\u017cemy wytwarza\u0107 przeciwutlenienie i d\u0142ug\u0105 \u017cywotno\u015b\u0107 tygla grafitow\u0105, form\u0119 grafitow\u0105 i wszystkie cz\u0119\u015bci grzejnika grafitu.<\/p>\n<p>&nbsp;<\/p>\n<\/div>\n<p>&nbsp;<\/p>\n<\/div>\n<p>&nbsp;<\/p>\n<\/div>\n<p>&nbsp;<\/p>\n<\/div>\n<p>&nbsp;<\/p>\n<\/div>\n<p>&nbsp;<\/p>\n<\/div>\n<p>&nbsp;<\/p>\n<\/div>\n<p>&nbsp;<\/p>\n<\/div>\n<p>&nbsp;<\/p>\n<\/div>\n<div class=\"fl-row fl-row-full-width fl-row-bg-none fl-node-648fbfc304265\" data-node=\"648fbfc304265\">\n<div class=\"fl-row-content-wrap\">\n<div class=\"fl-row-content fl-row-full-width fl-node-content\">\n<div class=\"fl-col-group fl-node-648fbfc30484f\" data-node=\"648fbfc30484f\">\n<div class=\"fl-col fl-node-648fbfc30488e\" style=\"width: 100%\" data-node=\"648fbfc30488e\">\n<div class=\"fl-col-content fl-node-content\">\n<div class=\"fl-module fl-module-heading fl-node-648fbfc3048cc pro_tit\" data-animation-delay=\"0.0\" data-node=\"648fbfc3048cc\">\n<div class=\"fl-module-content fl-node-content\">\n<h3 class=\"fl-heading\"><span class=\"fl-heading-text\">Chemical&nbsp;&nbsp;Graphite<\/span><\/h3>\n<p>&nbsp;<\/p>\n<\/div>\n<p>&nbsp;<\/p>\n<\/div>\n<p>&nbsp;<\/p>\n<\/div>\n<p>&nbsp;<\/p>\n<\/div>\n<p>&nbsp;<\/p>\n<\/div>\n<div class=\"fl-col-group fl-node-648fbfc30490b\" data-node=\"648fbfc30490b\">\n<div class=\"fl-col fl-node-648fbfc304948\" style=\"width: 100%\" data-node=\"648fbfc304948\">\n<div class=\"fl-col-content fl-node-content\">\n<div class=\"fl-module fl-module-rich-text fl-node-648fbfc304986\" data-animation-delay=\"0.0\" data-node=\"648fbfc304986\">\n<div class=\"fl-module-content fl-node-content\">\n<div class=\"fl-rich-text\">\n<p>Zaleta: Op\u00f3r wysokiej temperatury<br \/>Zastosowanie: MOCVD\/Piec pr\u00f3\u017cniowy\/strefa gor\u0105ca<br \/>G\u0119sto\u015b\u0107 luzem: 1,68-1,91 g\/cm3<br \/>Flexural strength:&nbsp;30-46Mpa<br \/>Resistivity:7-12&mu;&Omega;m<\/p>\n<p>&nbsp;<\/p>\n<\/div>\n<p>&nbsp;<\/p>\n<\/div>\n<p>&nbsp;<\/p>\n<\/div>\n<p>&nbsp;<\/p>\n<\/div>\n<p>&nbsp;<\/p>\n<\/div>\n<p>&nbsp;<\/p>\n<\/div>\n<p>&nbsp;<\/p>\n<\/div>\n<p>&nbsp;<\/p>\n<\/div>\n<p>&nbsp;<\/p>\n<\/div>\n<div class=\"fl-row fl-row-full-width fl-row-bg-none fl-node-648fb4d3e9930\" data-node=\"648fb4d3e9930\">\n<div class=\"fl-row-content-wrap\">\n<div class=\"fl-row-content fl-row-full-width fl-node-content\">\n<div class=\"fl-col-group fl-node-648fb4d3e9c52\" data-node=\"648fb4d3e9c52\">\n<div class=\"fl-col fl-node-648fb4d3e9c91\" style=\"width: 100%\" data-node=\"648fb4d3e9c91\">\n<div class=\"fl-col-content fl-node-content\">\n<div class=\"fl-module fl-module-heading fl-node-648fb4d3e9cce pro_tit\" data-animation-delay=\"0.0\" data-node=\"648fb4d3e9cce\">\n<div class=\"fl-module-content fl-node-content\">\n<h3 class=\"fl-heading\"><span class=\"fl-heading-text\">G\u0142\u00f3wne parametry grzejnika grafitu<\/span><\/h3>\n<p>&nbsp;<\/p>\n<\/div>\n<p>&nbsp;<\/p>\n<\/div>\n<p>&nbsp;<\/p>\n<\/div>\n<p>&nbsp;<\/p>\n<\/div>\n<p>&nbsp;<\/p>\n<\/div>\n<div class=\"fl-col-group fl-node-648fb4d3e9d0c\" data-node=\"648fb4d3e9d0c\">\n<div class=\"fl-col fl-node-648fb4d3e9d4b\" style=\"width: 100%\" data-node=\"648fb4d3e9d4b\">\n<div class=\"fl-col-content fl-node-content\">\n<div class=\"fl-module fl-module-rich-text fl-node-648fb4d3e9d89\" data-animation-delay=\"0.0\" data-node=\"648fb4d3e9d89\">\n<div class=\"fl-module-content fl-node-content\">\n<div class=\"fl-rich-text\">\n<table border=\"1\" cellspacing=\"0\">\n<tbody>\n<tr>\n<td valign=\"center\" width=\"308\">Specyfikacja techniczna<\/td>\n<td valign=\"center\" width=\"271\">VET-M3<\/td>\n<\/tr>\n<tr>\n<td valign=\"center\" width=\"308\">G\u0119sto\u015b\u0107 luzem (g\/cm3)<\/td>\n<td valign=\"center\" width=\"271\">&ge;1.85<\/td>\n<\/tr>\n<tr>\n<td valign=\"center\" width=\"308\">Tre\u015b\u0107 popio\u0142u (PPM)<\/td>\n<td valign=\"center\" width=\"271\">&le;500<\/td>\n<\/tr>\n<tr>\n<td valign=\"center\" width=\"308\">Twardo\u015b\u0107 brzegu<\/td>\n<td valign=\"center\" width=\"271\">&ge;45<\/td>\n<\/tr>\n<tr>\n<td valign=\"center\" width=\"308\">Specific Resistance (&mu;.&Omega;.m)<\/td>\n<td valign=\"center\" width=\"271\">&le;12<\/td>\n<\/tr>\n<tr>\n<td valign=\"center\" width=\"308\">Si\u0142a zginania (MPA)<\/td>\n<td valign=\"center\" width=\"271\">&ge;40<\/td>\n<\/tr>\n<tr>\n<td valign=\"center\" width=\"308\">Wytrzyma\u0142o\u015b\u0107 na \u015bciskanie (MPA)<\/td>\n<td valign=\"center\" width=\"271\">&ge;70<\/td>\n<\/tr>\n<tr>\n<td valign=\"center\" width=\"308\">Max. Grain Size (&mu;m)<\/td>\n<td valign=\"center\" width=\"271\">&le;43<\/td>\n<\/tr>\n<tr>\n<td valign=\"center\" width=\"308\">Coefficient of Thermal Expansion Mm\/&deg;C<\/td>\n<td valign=\"center\" width=\"271\">&le;4.4*10-6<\/td>\n<\/tr>\n<\/tbody>\n<\/table>\n<p>Grze\u017anik grafitu do pieca elektrycznego ma w\u0142a\u015bciwo\u015bci odporno\u015bci na ciep\u0142o, odporno\u015b\u0107 na utlenianie, dobr\u0105 przewodno\u015b\u0107 elektryczn\u0105 i lepsz\u0105 intensywno\u015b\u0107 mechaniczn\u0105. Mo\u017cemy pomie\u015bci\u0107 r\u00f3\u017cne rodzaje grzejnika grafitu zgodnie z projektami klient\u00f3w.<\/p>\n<p>&nbsp;<\/p>\n<\/div>\n<p>&nbsp;<\/p>\n<\/div>\n<p>&nbsp;<\/p>\n<\/div>\n<p>&nbsp;<\/p>\n<\/div>\n<p>&nbsp;<\/p>\n<\/div>\n<p>&nbsp;<\/p>\n<\/div>\n<p>&nbsp;<\/p>\n<\/div>\n<p>&nbsp;<\/p>\n<\/div>\n<p>&nbsp;<\/p>\n<\/div>\n<div class=\"fl-row fl-row-full-width fl-row-bg-none fl-node-648fbd68e42fa\" data-node=\"648fbd68e42fa\">\n<div class=\"fl-row-content-wrap\">\n<div class=\"fl-row-content fl-row-full-width fl-node-content\">\n<div class=\"fl-col-group fl-node-648fbd68e468b\" data-node=\"648fbd68e468b\">\n<div class=\"fl-col fl-node-648fbd68e46cb\" style=\"width: 100%\" data-node=\"648fbd68e46cb\">\n<div class=\"fl-col-content fl-node-content\">\n<div class=\"fl-module fl-module-heading fl-node-648fbd68e470a pro_tit\" data-animation-delay=\"0.0\" data-node=\"648fbd68e470a\">\n<div class=\"fl-module-content fl-node-content\">\n<h3 class=\"fl-heading\"><span class=\"fl-heading-text\">Profil firmy<\/span><\/h3>\n<p>&nbsp;<\/p>\n<\/div>\n<p>&nbsp;<\/p>\n<\/div>\n<p>&nbsp;<\/p>\n<\/div>\n<p>&nbsp;<\/p>\n<\/div>\n<p>&nbsp;<\/p>\n<\/div>\n<div class=\"fl-col-group fl-node-648fbd68e4749\" data-node=\"648fbd68e4749\">\n<div class=\"fl-col fl-node-648fbd68e4786\" style=\"width: 100%\" data-node=\"648fbd68e4786\">\n<div class=\"fl-col-content fl-node-content\">\n<div class=\"fl-module fl-module-rich-text fl-node-648fbd68e47c4\" data-animation-delay=\"0.0\" data-node=\"648fbd68e47c4\">\n<div class=\"fl-module-content fl-node-content\">\n<div class=\"fl-rich-text\">\n<p><img decoding=\"async\" src=\"\/wp-content\/uploads\/2025\/09\/c0f20e4b64645c4c.webp\" alt=\"oko\u0142o (3)\"><br \/>Weitai Energy Technology Co., Ltd. jest wiod\u0105cym dostawc\u0105 zaawansowanej ceramiki p\u00f3\u0142przewodnik\u00f3w i jedynym producentem w Chinach, kt\u00f3ry mo\u017ce jednocze\u015bnie zapewni\u0107 ceramik\u0119 w\u0119glik\u00f3w krzemowych o du\u017cej czysto\u015bci (zw\u0142aszcza rekrystalizowana SIC) i powlekania CVD SIC. Ponadto nasza firma jest r\u00f3wnie\u017c zaanga\u017cowana w dziedziny ceramiczne, takie jak glin\u0119, azotek aluminiowy, cyrkon i azotek krzemowy itp.<\/p>\n<p>Nasze g\u0142\u00f3wne produkty, w tym: krzemowy trawnik z w\u0119glika, \u0142\u00f3d\u017a z w\u0119glik\u00f3w krzemowych, \u0142\u00f3d\u017a waflowa z w\u0119glik\u00f3w krzemowych (fotowoltaiczna i p\u00f3\u0142przewodnik), belka krzemowa, belka krzemowa i krzemowa \u0142\u00f3dka. Produkty stosowane g\u0142\u00f3wnie w bran\u017cach p\u00f3\u0142przewodnik\u00f3w i fotowoltaicznych, takich jak sprz\u0119t do wzrostu kryszta\u0142\u00f3w, epitaxy, trawienia, opakowania, powlekania i piec\u00f3w dyfuzyjnych itp.<\/p>\n<p>Nasza firma ma pe\u0142ny sprz\u0119t produkcyjny, taki jak formowanie, spiekanie, przetwarzanie, sprz\u0119t do powlekania itp., Kt\u00f3re mog\u0105 wype\u0142ni\u0107 wszystkie niezb\u0119dne linki produkcji produktu i mie\u0107 wi\u0119ksz\u0105 kontrol\u0119 jako\u015bci produktu; Optymalny plan produkcji mo\u017cna wybra\u0107 zgodnie z potrzebami produktu, co powoduje ni\u017csze koszty i zapewnianie klientom bardziej konkurencyjnych produkt\u00f3w; Mo\u017cemy elastycznie i skutecznie planowa\u0107 produkcj\u0119 na podstawie wymaga\u0144 dostarczania zam\u00f3wie\u0144 oraz w po\u0142\u0105czeniu z systemami zarz\u0105dzania zam\u00f3wieniami online, zapewniaj\u0105c klientom szybszy i bardziej gwarantowany czas dostawy.<br \/><img decoding=\"async\" src=\"\/wp-content\/uploads\/2025\/09\/69b82796b651ede7.webp\" alt=\"Guijiao\"><\/p>\n<p>&nbsp;<\/p>\n<\/div>\n<p>&nbsp;<\/p>\n<\/div>\n<p>&nbsp;<\/p>\n<\/div>\n<p>&nbsp;<\/p>\n<\/div>\n<p>&nbsp;<\/p>\n<\/div>\n<p>&nbsp;<\/p>\n<\/div>\n<p>&nbsp;<\/p>\n<\/div>\n<p>&nbsp;<\/p>\n<\/div>\n<p>&nbsp;<\/p>\n<\/div>\n<\/div>","protected":false},"excerpt":{"rendered":"<p>Semicera&rsquo;s Semiconductor MOCVD Substrate Heater and MOCVD Heating Element are designed for high-performance applications in Metal-Organic Chemical Vapor Deposition (MOCVD) processes. These advanced heating solutions provide precise temperature control, excellent thermal stability, and uniform heat distribution, ensuring optimal conditions for semiconductor and LED production. With Semicera&rsquo;s high-quality materials, you can rely on consistent performance, durability, and efficiency in your MOCVD substrate heating process, enhancing overall production quality.<\/p>","protected":false},"featured_media":4557,"comment_status":"closed","ping_status":"open","template":"","meta":[],"product_brand":[],"product_cat":[64,24],"product_tag":[],"class_list":{"0":"post-2320","1":"product","2":"type-product","3":"status-publish","4":"has-post-thumbnail","6":"product_cat-sic-heating-element","7":"product_cat-silicon-carbide-ceramic","9":"first","10":"instock","11":"product-type-simple"},"_links":{"self":[{"href":"https:\/\/www.cn-semiconductorparts.com\/pl\/wp-json\/wp\/v2\/product\/2320","targetHints":{"allow":["GET"]}}],"collection":[{"href":"https:\/\/www.cn-semiconductorparts.com\/pl\/wp-json\/wp\/v2\/product"}],"about":[{"href":"https:\/\/www.cn-semiconductorparts.com\/pl\/wp-json\/wp\/v2\/types\/product"}],"replies":[{"embeddable":true,"href":"https:\/\/www.cn-semiconductorparts.com\/pl\/wp-json\/wp\/v2\/comments?post=2320"}],"wp:featuredmedia":[{"embeddable":true,"href":"https:\/\/www.cn-semiconductorparts.com\/pl\/wp-json\/wp\/v2\/media\/4557"}],"wp:attachment":[{"href":"https:\/\/www.cn-semiconductorparts.com\/pl\/wp-json\/wp\/v2\/media?parent=2320"}],"wp:term":[{"taxonomy":"product_brand","embeddable":true,"href":"https:\/\/www.cn-semiconductorparts.com\/pl\/wp-json\/wp\/v2\/product_brand?post=2320"},{"taxonomy":"product_cat","embeddable":true,"href":"https:\/\/www.cn-semiconductorparts.com\/pl\/wp-json\/wp\/v2\/product_cat?post=2320"},{"taxonomy":"product_tag","embeddable":true,"href":"https:\/\/www.cn-semiconductorparts.com\/pl\/wp-json\/wp\/v2\/product_tag?post=2320"}],"curies":[{"name":"WP","href":"https:\/\/api.w.org\/{rel}","templated":true}]}}