{"id":2324,"date":"2025-09-11T05:34:00","date_gmt":"2025-09-11T05:34:00","guid":{"rendered":"https:\/\/weitai2.globaldeepsea.site\/product\/high-quality-tantalum-carbide-tac-coating\/"},"modified":"2026-04-29T15:27:52","modified_gmt":"2026-04-29T07:27:52","slug":"high-quality-tantalum-carbide-tac-coating","status":"publish","type":"product","link":"https:\/\/www.cn-semiconductorparts.com\/pl\/product\/high-quality-tantalum-carbide-tac-coating\/","title":{"rendered":"Wysokiej jako\u015bci pow\u0142oka z w\u0119glikiem tantalu (TAC)"},"content":{"rendered":"<p><?xml encoding=\"utf-8\" ?><\/p>\n<div class=\"fl-builder-content fl-builder-content-1690 fl-builder-content-primary fl-builder-global-templates-locked\" data-post-id=\"1690\">\n<div class=\"fl-row fl-row-full-width fl-row-bg-none fl-node-65dd9a8b948e6\" data-node=\"65dd9a8b948e6\">\n<div class=\"fl-row-content-wrap\">\n<div class=\"fl-row-content fl-row-full-width fl-node-content\">\n<div class=\"fl-col-group fl-node-65dd9a8b949c3\" data-node=\"65dd9a8b949c3\">\n<div class=\"fl-col fl-node-65dd9a8b94a02\" data-node=\"65dd9a8b94a02\" style=\"width: 100%;\">\n<div class=\"fl-col-content fl-node-content\">\n<div class=\"fl-module fl-module-rich-text fl-node-65dd9a8b94a41\" data-animation-delay=\"0.0\" data-node=\"65dd9a8b94a41\">\n<div class=\"fl-module-content fl-node-content\">\n<div class=\"fl-rich-text\">\n<p><span style=\"font-family: 'Segoe UI';\">Semicera zapewnia specjalistyczne pow\u0142oki w\u0119glika tantalu (TAC) dla r\u00f3\u017cnych element\u00f3w i no\u015bnik\u00f3w.<\/span>&nbsp;Semicera leading coating process enables tantalum carbide (TaC) coatings to achieve high purity, high temperature stability and high chemical tolerance, improving product quality of SIC\/GAN crystals and EPI layers (Graphite coated TaC susceptor), and extending the life of key reactor components. The use of tantalum carbide TaC coating is to solve the edge problem and improve the quality of crystal growth, and Semicera has breakthrough solved the tantalum carbide coating technology (CVD), reaching the international advanced level.<\/p>\n<div id=\"gtx-trans\" style=\"position: absolute; left: 588px; top: 27px;\">&nbsp;<\/div>\n<\/p><\/div>\n<\/p><\/div>\n<\/p><\/div>\n<\/p><\/div>\n<\/p><\/div>\n<\/p><\/div>\n<div class=\"fl-col-group fl-node-65dd9a8b94db5\" data-node=\"65dd9a8b94db5\">\n<div class=\"fl-col fl-node-65dd9a8b94df5\" data-node=\"65dd9a8b94df5\" style=\"width: 100%;\">\n<div class=\"fl-col-content fl-node-content\">\n<div class=\"fl-module fl-module-rich-text fl-node-65dd9a8b94e33\" data-animation-delay=\"0.0\" data-node=\"65dd9a8b94e33\">\n<div class=\"fl-module-content fl-node-content\">\n<div class=\"fl-rich-text\">\n<p>After years of development, Semicera has conquered the technology of CVD TaC with the joint efforts of the R&amp;D department. Defects are easy to occur in the growth process of SiC wafers, but after using TaC, the difference is significant. Below is a comparison of wafers with and without TaC, as well as Semicera&#8217; parts for single crystal growth&nbsp;<\/p>\n<div id=\"gtx-trans\" style=\"position: absolute; left: 4px; top: 42.8906px;\">&nbsp;<\/div>\n<\/p><\/div>\n<\/p><\/div>\n<\/p><\/div>\n<\/p><\/div>\n<\/p><\/div>\n<\/p><\/div>\n<div class=\"fl-col-group fl-node-65dd9a8b951e2\" data-node=\"65dd9a8b951e2\">\n<div class=\"fl-col fl-node-65dd9a8b952dd fl-col-small\" data-node=\"65dd9a8b952dd\" style=\"width: 50%;\">\n<div class=\"fl-col-content fl-node-content\">\n<div class=\"fl-module fl-module-photo fl-node-65dd9a8b95260\" data-animation-delay=\"0.0\" data-node=\"65dd9a8b95260\">\n<div class=\"fl-module-content fl-node-content\">\n<div class=\"fl-photo fl-photo-align-center\" itemscope=\"\" itemtype=\"http:\/\/schema.org\/ImageObject\">\n<div class=\"fl-photo-content fl-photo-img-jpg\"> <img decoding=\"async\" alt=\"b917b6b4-7572-47fe-9074-24d33288257c\" class=\"fl-photo-img wp-image-6551\" itemprop=\"image\" src=\"\/wp-content\/uploads\/2025\/09\/4237e668f8b30dd0.webp\"> <\/div>\n<\/p><\/div>\n<\/p><\/div>\n<\/p><\/div>\n<div class=\"fl-module fl-module-heading fl-node-65dd9a8b9535b\" data-animation-delay=\"0.0\" data-node=\"65dd9a8b9535b\">\n<div class=\"fl-module-content fl-node-content\">\n<h3 class=\"fl-heading\">  TaC coated part for growth single crystal  <\/h3>\n<\/p><\/div>\n<\/p><\/div>\n<\/p><\/div>\n<\/p><\/div>\n<div class=\"fl-col fl-node-65dd9a8b95221 fl-col-small\" data-node=\"65dd9a8b95221\" style=\"width: 50%;\">\n<div class=\"fl-col-content fl-node-content\">\n<div class=\"fl-module fl-module-photo fl-node-65dd9a8b9529e\" data-animation-delay=\"0.0\" data-node=\"65dd9a8b9529e\">\n<div class=\"fl-module-content fl-node-content\">\n<div class=\"fl-photo fl-photo-align-center\" itemscope=\"\" itemtype=\"http:\/\/schema.org\/ImageObject\">\n<div class=\"fl-photo-content fl-photo-img-jpg\"> <img decoding=\"async\" alt=\"Przeciwko ci\u015bnieniowej pow\u0142oka z w\u0119glikiem tantalu_ chroni sprz\u0119t przed zu\u017cyciem i korozj\u0105.\" class=\"fl-photo-img wp-image-6556\" itemprop=\"image\" src=\"\/wp-content\/uploads\/2025\/09\/b649860e6c3b4d4c.webp\"> <\/div>\n<\/p><\/div>\n<\/p><\/div>\n<\/p><\/div>\n<div class=\"fl-module fl-module-heading fl-node-65dd9a8b9531c\" data-animation-delay=\"0.0\" data-node=\"65dd9a8b9531c\">\n<div class=\"fl-module-content fl-node-content\">\n<h3 class=\"fl-heading\">  TaC coated graphite ring  <\/h3>\n<\/p><\/div>\n<\/p><\/div>\n<\/p><\/div>\n<\/p><\/div>\n<\/p><\/div>\n<div class=\"fl-col-group fl-node-65dd9a8b94c7a\" data-node=\"65dd9a8b94c7a\">\n<div class=\"fl-col fl-node-65dd9a8b94d76 fl-col-small\" data-node=\"65dd9a8b94d76\" style=\"width: 50%;\">\n<div class=\"fl-col-content fl-node-content\">\n<div class=\"fl-module fl-module-photo fl-node-65dd9a8b94cf9\" data-animation-delay=\"0.0\" data-node=\"65dd9a8b94cf9\">\n<div class=\"fl-module-content fl-node-content\">\n<div class=\"fl-photo fl-photo-align-center\" itemscope=\"\" itemtype=\"http:\/\/schema.org\/ImageObject\">\n<div class=\"fl-photo-content fl-photo-img-png\"> <img decoding=\"async\" alt=\"&#24494;&#20449;&#22270;&#29255;_20240227150045\" class=\"fl-photo-img wp-image-6621\" itemprop=\"image\" src=\"\/wp-content\/uploads\/2025\/09\/2cd49ccb4cfabe42.webp\"> <\/div>\n<\/p><\/div>\n<\/p><\/div>\n<\/p><\/div>\n<div class=\"fl-module fl-module-heading fl-node-65dd9a8b94feb\" data-animation-delay=\"0.0\" data-node=\"65dd9a8b94feb\">\n<div class=\"fl-module-content fl-node-content\">\n<h3 class=\"fl-heading\"> <span class=\"fl-heading-text\">z TAC i bez<\/span> <\/h3>\n<\/p><\/div>\n<\/p><\/div>\n<\/p><\/div>\n<\/p><\/div>\n<div class=\"fl-col fl-node-65dd9a8b94cb9 fl-col-small\" data-node=\"65dd9a8b94cb9\" style=\"width: 50%;\">\n<div class=\"fl-col-content fl-node-content\">\n<div class=\"fl-module fl-module-photo fl-node-65dd9a8b94d38\" data-animation-delay=\"0.0\" data-node=\"65dd9a8b94d38\">\n<div class=\"fl-module-content fl-node-content\">\n<div class=\"fl-photo fl-photo-align-center\" itemscope=\"\" itemtype=\"http:\/\/schema.org\/ImageObject\">\n<div class=\"fl-photo-content fl-photo-img-png\"> <img decoding=\"async\" alt=\"&#24494;&#20449;&#22270;&#29255;_20240227150053\" class=\"fl-photo-img wp-image-6620\" itemprop=\"image\" src=\"\/wp-content\/uploads\/2025\/09\/a0422af12a1b298a.webp\"> <\/div>\n<\/p><\/div>\n<\/p><\/div>\n<\/p><\/div>\n<div class=\"fl-module fl-module-heading fl-node-65dd9a8b94fac\" data-animation-delay=\"0.0\" data-node=\"65dd9a8b94fac\">\n<div class=\"fl-module-content fl-node-content\">\n<h3 class=\"fl-heading\"> <span class=\"fl-heading-text\">Po u\u017cyciu TAC (po prawej)<\/span> <\/h3>\n<\/p><\/div>\n<\/p><\/div>\n<\/p><\/div>\n<\/p><\/div>\n<\/p><\/div>\n<div class=\"fl-col-group fl-node-65dd9a8b94eb1\" data-node=\"65dd9a8b94eb1\">\n<div class=\"fl-col fl-node-65dd9a8b94ef0\" data-node=\"65dd9a8b94ef0\" style=\"width: 100%;\">\n<div class=\"fl-col-content fl-node-content\">\n<div class=\"fl-module fl-module-rich-text fl-node-65dd9a8b94e72\" data-animation-delay=\"0.0\" data-node=\"65dd9a8b94e72\">\n<div class=\"fl-module-content fl-node-content\">\n<div class=\"fl-rich-text\">\n<p>Ponadto \u017cywotno\u015b\u0107 us\u0142ug powlekania TAC Semicera jest d\u0142u\u017csza i bardziej odporna na wysok\u0105 temperatur\u0119 ni\u017c powlekanie SIC. Po d\u0142ugim czasie laboratoryjnych danych pomiarowych nasz TAC mo\u017ce dzia\u0142a\u0107 przez d\u0142ugi czas w maksymalnie 2300 stopni Celsjusza. Oto niekt\u00f3re z naszych pr\u00f3bek:<\/p>\n<\/p><\/div>\n<\/p><\/div>\n<\/p><\/div>\n<\/p><\/div>\n<\/p><\/div>\n<\/p><\/div>\n<div class=\"fl-col-group fl-node-65dd9a8b9502a\" data-node=\"65dd9a8b9502a\">\n<div class=\"fl-col fl-node-65dd9a8b95126 fl-col-small\" data-node=\"65dd9a8b95126\" style=\"width: 50%;\">\n<div class=\"fl-col-content fl-node-content\">\n<div class=\"fl-module fl-module-photo fl-node-65dd9a8b950a8\" data-animation-delay=\"0.0\" data-node=\"65dd9a8b950a8\">\n<div class=\"fl-module-content fl-node-content\">\n<div class=\"fl-photo fl-photo-align-center\" itemscope=\"\" itemtype=\"http:\/\/schema.org\/ImageObject\">\n<div class=\"fl-photo-content fl-photo-img-png\"> <img decoding=\"async\" alt=\"3 (2)\" class=\"fl-photo-img wp-image-6555\" itemprop=\"image\" src=\"\/wp-content\/uploads\/2025\/09\/0ec1a5c315fd7be4.webp\"> <\/div>\n<\/p><\/div>\n<\/p><\/div>\n<\/p><\/div>\n<div class=\"fl-module fl-module-heading fl-node-65dd9a8b951a4\" data-animation-delay=\"0.0\" data-node=\"65dd9a8b951a4\">\n<div class=\"fl-module-content fl-node-content\">\n<h3 class=\"fl-heading\">  TAC powlekana podatnik  <\/h3>\n<\/p><\/div>\n<\/p><\/div>\n<\/p><\/div>\n<\/p><\/div>\n<div class=\"fl-col fl-node-65dd9a8b95069 fl-col-small\" data-node=\"65dd9a8b95069\" style=\"width: 50%;\">\n<div class=\"fl-col-content fl-node-content\">\n<div class=\"fl-module fl-module-photo fl-node-65dd9a8b950e7\" data-animation-delay=\"0.0\" data-node=\"65dd9a8b950e7\">\n<div class=\"fl-module-content fl-node-content\">\n<div class=\"fl-photo fl-photo-align-center\" itemscope=\"\" itemtype=\"http:\/\/schema.org\/ImageObject\">\n<div class=\"fl-photo-content fl-photo-img-jpg\"> <img decoding=\"async\" alt=\"Innowacyjna Technologia powlekania z w\u0119glikiem tantalu_ Zwi\u0119kszenie twardo\u015bci materia\u0142u i oporno\u015b\u0107 w wysokiej temperaturze\" class=\"fl-photo-img wp-image-6552\" itemprop=\"image\" src=\"\/wp-content\/uploads\/2025\/09\/e4cefcad53c59428.webp\"> <\/div>\n<\/p><\/div>\n<\/p><\/div>\n<\/p><\/div>\n<div class=\"fl-module fl-module-heading fl-node-65dd9a8b95165\" data-animation-delay=\"0.0\" data-node=\"65dd9a8b95165\">\n<div class=\"fl-module-content fl-node-content\">\n<h3 class=\"fl-heading\">  Graphite with TaC coated carrier  <\/h3>\n<\/p><\/div>\n<\/p><\/div>\n<\/p><\/div>\n<\/p><\/div>\n<\/p><\/div>\n<div class=\"fl-col-group fl-node-65dd9a8b94bfd\" data-node=\"65dd9a8b94bfd\">\n<div class=\"fl-col fl-node-65dd9a8b94c3c\" data-node=\"65dd9a8b94c3c\" style=\"width: 100%;\">\n<div class=\"fl-col-content fl-node-content\">\n<div class=\"fl-module fl-module-photo fl-node-65dd9a8b94b7b\" data-animation-delay=\"0.0\" data-node=\"65dd9a8b94b7b\">\n<div class=\"fl-module-content fl-node-content\">\n<div class=\"fl-photo fl-photo-align-center\" itemscope=\"\" itemtype=\"http:\/\/schema.org\/ImageObject\">\n<div class=\"fl-photo-content fl-photo-img-jpg\"> <img decoding=\"async\" alt=\"&#24494;&#20449;&#25130;&#22270;_20240227145010\" class=\"fl-photo-img wp-image-6617\" itemprop=\"image\" src=\"\/wp-content\/uploads\/2025\/09\/a78744c3b6b5d143.webp\"> <\/div>\n<\/p><\/div>\n<\/p><\/div>\n<\/p><\/div>\n<div class=\"fl-module fl-module-heading fl-node-65dd9a8b94bbe\" data-animation-delay=\"0.0\" data-node=\"65dd9a8b94bbe\">\n<div class=\"fl-module-content fl-node-content\">\n<h3 class=\"fl-heading\"> <span class=\"fl-heading-text\">(A) Schemat schematu urz\u0105dzenia uprawnego SIC pojedynczego krystalicznego wlewki metod\u0105 PVT (B) Top TAC powlekany wspornik nasion (w tym nasiona SIC) (C) Pokryty grafitowy pier\u015bcie\u0144 z powleczonym TAC<\/span> <\/h3>\n<\/p><\/div>\n<\/p><\/div>\n<\/p><\/div>\n<\/p><\/div>\n<\/p><\/div>\n<div class=\"fl-col-group fl-node-65dd9a8b94f2e\" data-node=\"65dd9a8b94f2e\">\n<div class=\"fl-col fl-node-65dd9a8b94f6d\" data-node=\"65dd9a8b94f6d\" style=\"width: 100%;\">\n<div class=\"fl-col-content fl-node-content\">\n<div class=\"fl-module fl-module-photo fl-node-65dd9a8b94a80\" data-animation-delay=\"0.0\" data-node=\"65dd9a8b94a80\">\n<div class=\"fl-module-content fl-node-content\">\n<div class=\"fl-photo fl-photo-align-center\" itemscope=\"\" itemtype=\"http:\/\/schema.org\/ImageObject\">\n<div class=\"fl-photo-content fl-photo-img-png\"> <img decoding=\"async\" alt=\"ZDFVZCFV\" class=\"fl-photo-img wp-image-1695\" itemprop=\"image\" src=\"\/wp-content\/uploads\/2025\/09\/3af45f659235a2b7.webp\"> <\/div>\n<\/p><\/div>\n<\/p><\/div>\n<\/p><\/div>\n<\/p><\/div>\n<\/p><\/div>\n<\/p><\/div>\n<div class=\"fl-col-group fl-node-65dd9a8b94904\" data-node=\"65dd9a8b94904\">\n<div class=\"fl-col fl-node-65dd9a8b94944\" data-node=\"65dd9a8b94944\" style=\"width: 100%;\">\n<div class=\"fl-col-content fl-node-content\">\n<div class=\"fl-module fl-module-photo fl-node-65dd9a8b94984\" data-animation-delay=\"0.0\" data-node=\"65dd9a8b94984\">\n<div class=\"fl-module-content fl-node-content\">\n<div class=\"fl-photo fl-photo-align-center\" itemscope=\"\" itemtype=\"http:\/\/schema.org\/ImageObject\">\n<div class=\"fl-photo-content fl-photo-img-png\"> <img decoding=\"async\" alt=\"G\u0142\u00f3wna funkcja\" class=\"fl-photo-img wp-image-1693\" itemprop=\"image\" src=\"\/wp-content\/uploads\/2025\/09\/5ef7704e93891c45.webp\"> <\/div>\n<\/p><\/div>\n<\/p><\/div>\n<\/p><\/div>\n<\/p><\/div>\n<\/p><\/div>\n<\/p><\/div>\n<div class=\"fl-col-group fl-node-65dd9a8b94abf\" data-node=\"65dd9a8b94abf\">\n<div class=\"fl-col fl-node-65dd9a8b94afd\" data-node=\"65dd9a8b94afd\" style=\"width: 100%;\">\n<div class=\"fl-col-content fl-node-content\">\n<div class=\"fl-module fl-module-photo fl-node-65dd9a8b94b3c\" data-animation-delay=\"0.0\" data-node=\"65dd9a8b94b3c\">\n<div class=\"fl-module-content fl-node-content\">\n<div class=\"fl-photo fl-photo-align-center\" itemscope=\"\" itemtype=\"http:\/\/schema.org\/ImageObject\">\n<div class=\"fl-photo-content fl-photo-img-jpg\"> <img decoding=\"async\" alt=\"Miejsce pracy p\u00f3\u0142cesy\" class=\"fl-photo-img wp-image-7286\" itemprop=\"image\" src=\"\/wp-content\/uploads\/2025\/09\/b1dd0bcab1675ff4.webp\"> <\/div>\n<\/p><\/div>\n<\/p><\/div>\n<\/p><\/div>\n<div class=\"fl-module fl-module-photo fl-node-6617600999cbc\" data-animation-delay=\"0.0\" data-node=\"6617600999cbc\">\n<div class=\"fl-module-content fl-node-content\">\n<div class=\"fl-photo fl-photo-align-center\" itemscope=\"\" itemtype=\"http:\/\/schema.org\/ImageObject\">\n<div class=\"fl-photo-content fl-photo-img-jpg\"> <img decoding=\"async\" alt=\"P\u00f3\u0142cera robocza miejsce 2\" class=\"fl-photo-img wp-image-7287\" itemprop=\"image\" src=\"\/wp-content\/uploads\/2025\/09\/2b946d2b4b61306d.webp\"> <\/div>\n<\/p><\/div>\n<\/p><\/div>\n<\/p><\/div>\n<div class=\"fl-module fl-module-photo fl-node-66176008c6670\" data-animation-delay=\"0.0\" data-node=\"66176008c6670\">\n<div class=\"fl-module-content fl-node-content\">\n<div class=\"fl-photo fl-photo-align-center\" itemscope=\"\" itemtype=\"http:\/\/schema.org\/ImageObject\">\n<div class=\"fl-photo-content fl-photo-img-jpg\"> <img decoding=\"async\" alt=\"Maszyna sprz\u0119tu\" class=\"fl-photo-img wp-image-7288\" itemprop=\"image\" src=\"\/wp-content\/uploads\/2025\/09\/081b6529d68ead23.webp\"> <\/div>\n<\/p><\/div>\n<\/p><\/div>\n<\/p><\/div>\n<div class=\"fl-module fl-module-photo fl-node-6617600806ad6\" data-animation-delay=\"0.0\" data-node=\"6617600806ad6\">\n<div class=\"fl-module-content fl-node-content\">\n<div class=\"fl-photo fl-photo-align-center\" itemscope=\"\" itemtype=\"http:\/\/schema.org\/ImageObject\">\n<div class=\"fl-photo-content fl-photo-img-jpg\"> <img decoding=\"async\" alt=\"Przetwarzanie CNN, czyszczenie chemiczne, pow\u0142oka CVD\" class=\"fl-photo-img wp-image-7289\" itemprop=\"image\" src=\"\/wp-content\/uploads\/2025\/09\/a4132b2b399abbac.webp\"> <\/div>\n<\/p><\/div>\n<\/p><\/div>\n<\/p><\/div>\n<div class=\"fl-module fl-module-photo fl-node-661760072d114\" data-animation-delay=\"0.0\" data-node=\"661760072d114\">\n<div class=\"fl-module-content fl-node-content\">\n<div class=\"fl-photo fl-photo-align-center\" itemscope=\"\" itemtype=\"http:\/\/schema.org\/ImageObject\">\n<div class=\"fl-photo-content fl-photo-img-jpg\"> <img decoding=\"async\" alt=\"Nasza us\u0142uga\" class=\"fl-photo-img wp-image-7290\" itemprop=\"image\" src=\"\/wp-content\/uploads\/2025\/09\/b07f222c0ec0ab8d.webp\"> <\/div>\n<\/p><\/div>\n<\/p><\/div>\n<\/p><\/div>\n<\/p><\/div>\n<\/p><\/div>\n<\/p><\/div>\n<\/p><\/div>\n<\/p><\/div>\n<\/p><\/div>\n<\/div>","protected":false},"excerpt":{"rendered":"<p><?xml encoding=\"utf-8\" ?><\/p>\n<p>Semicera&rsquo;s TaC coating offers exceptional high-temperature stability, surpassing SiC, withstanding up to 2300&#8451;. Ideal for aerospace and third-generation semiconductor single crystal growth, it provides corrosion, oxidation, and wear resistance. Choose Semicera for top-tier factory manufacturing and quality.<\/p>","protected":false},"featured_media":897,"comment_status":"closed","ping_status":"open","template":"","meta":[],"product_brand":[],"product_cat":[37],"product_tag":[],"class_list":{"0":"post-2324","1":"product","2":"type-product","3":"status-publish","4":"has-post-thumbnail","6":"product_cat-cvd-tac-coating","8":"first","9":"instock","10":"product-type-simple"},"_links":{"self":[{"href":"https:\/\/www.cn-semiconductorparts.com\/pl\/wp-json\/wp\/v2\/product\/2324","targetHints":{"allow":["GET"]}}],"collection":[{"href":"https:\/\/www.cn-semiconductorparts.com\/pl\/wp-json\/wp\/v2\/product"}],"about":[{"href":"https:\/\/www.cn-semiconductorparts.com\/pl\/wp-json\/wp\/v2\/types\/product"}],"replies":[{"embeddable":true,"href":"https:\/\/www.cn-semiconductorparts.com\/pl\/wp-json\/wp\/v2\/comments?post=2324"}],"wp:featuredmedia":[{"embeddable":true,"href":"https:\/\/www.cn-semiconductorparts.com\/pl\/wp-json\/wp\/v2\/media\/897"}],"wp:attachment":[{"href":"https:\/\/www.cn-semiconductorparts.com\/pl\/wp-json\/wp\/v2\/media?parent=2324"}],"wp:term":[{"taxonomy":"product_brand","embeddable":true,"href":"https:\/\/www.cn-semiconductorparts.com\/pl\/wp-json\/wp\/v2\/product_brand?post=2324"},{"taxonomy":"product_cat","embeddable":true,"href":"https:\/\/www.cn-semiconductorparts.com\/pl\/wp-json\/wp\/v2\/product_cat?post=2324"},{"taxonomy":"product_tag","embeddable":true,"href":"https:\/\/www.cn-semiconductorparts.com\/pl\/wp-json\/wp\/v2\/product_tag?post=2324"}],"curies":[{"name":"WP","href":"https:\/\/api.w.org\/{rel}","templated":true}]}}