{"id":1306,"date":"2025-09-11T05:28:18","date_gmt":"2025-09-11T05:28:18","guid":{"rendered":"https:\/\/weitai2.globaldeepsea.site\/product\/high-purity-cvd-silicon-carbide-raw-material\/"},"modified":"2026-04-29T15:34:25","modified_gmt":"2026-04-29T07:34:25","slug":"high-purity-cvd-silicon-carbide-raw-material","status":"publish","type":"product","link":"https:\/\/www.cn-semiconductorparts.com\/pt\/product\/high-purity-cvd-silicon-carbide-raw-material\/","title":{"rendered":"Mat\u00e9ria -prima de carboneto de sil\u00edcio CVD de alta pureza CVD"},"content":{"rendered":"<div class=\"fl-builder-content fl-builder-content-11932 fl-builder-content-primary fl-builder-global-templates-locked\" data-post-id=\"11932\">\n<div class=\"fl-row fl-row-full-width fl-row-bg-none fl-node-67650921cc385\" data-node=\"67650921cc385\">\n<div class=\"fl-row-content-wrap\">\n<div class=\"fl-row-content fl-row-full-width fl-node-content\">\n<div class=\"fl-col-group fl-node-67650921cd21e\" data-node=\"67650921cd21e\">\n<div class=\"fl-col fl-node-67650921cd3ff\" data-node=\"67650921cd3ff\" style=\"width: 100%;\">\n<div class=\"fl-col-content fl-node-content\">\n<div class=\"fl-module fl-module-rich-text fl-node-6765093a6ffdd\" data-animation-delay=\"0.0\" data-node=\"6765093a6ffdd\">\n<div class=\"fl-module-content fl-node-content\">\n<div class=\"fl-rich-text\">\n<p><span style=\"font-family: arial, helvetica, sans-serif; font-size: medium;\">A mat\u00e9ria-prima cvd sic de alta pureza por semicera \u00e9 um material avan\u00e7ado projetado para uso em aplica\u00e7\u00f5es de alto desempenho que requerem estabilidade t\u00e9rmica excepcional, dureza e propriedades el\u00e9tricas. Feito de carboneto de sil\u00edcio de deposi\u00e7\u00e3o de vapor qu\u00edmico de alta qualidade (CVD), essa mat\u00e9ria-prima fornece pureza e consist\u00eancia superiores, tornando-o ideal para fabrica\u00e7\u00e3o de semicondutores, revestimentos de alta temperatura e outras aplica\u00e7\u00f5es industriais de precis\u00e3o.<\/span><\/p>\n<p><span style=\"font-family: arial, helvetica, sans-serif; font-size: medium;\">A mat\u00e9ria -prima CVD SIC de alta pureza da Semicera \u00e9 conhecida por sua excelente resist\u00eancia ao desgaste, oxida\u00e7\u00e3o e choque t\u00e9rmico, garantindo um desempenho confi\u00e1vel, mesmo nos ambientes mais exigentes. Seja usado na produ\u00e7\u00e3o de dispositivos semicondutores, ferramentas abrasivas ou revestimentos avan\u00e7ados, esse material fornece uma base s\u00f3lida para aplica\u00e7\u00f5es de alto desempenho que exigem os mais altos padr\u00f5es de pureza e precis\u00e3o.<\/span><\/p>\n<p><span style=\"font-family: arial, helvetica, sans-serif; font-size: medium;\">Com a mat\u00e9ria -prima CVD SIC de alta pureza da Semicera, os fabricantes podem obter qualidade superior do produto e efici\u00eancia operacional. Este material suporta uma variedade de ind\u00fastrias, da eletr\u00f4nica \u00e0 energia, oferecendo durabilidade e desempenho que \u00e9 inigual\u00e1vel.<\/span><\/p>\n<\/p><\/div>\n<\/p><\/div>\n<\/p><\/div>\n<\/p><\/div>\n<\/p><\/div>\n<\/p><\/div>\n<div class=\"fl-col-group fl-node-6765096df1ea1\" data-node=\"6765096df1ea1\">\n<div class=\"fl-col fl-node-6765096df202c fl-col-small\" data-node=\"6765096df202c\" style=\"width: 50%;\">\n<div class=\"fl-col-content fl-node-content\">\n<div class=\"fl-module fl-module-rich-text fl-node-6765096df1d65\" data-animation-delay=\"0.0\" data-node=\"6765096df1d65\">\n<div class=\"fl-module-content fl-node-content\">\n<div class=\"fl-rich-text\">\n<h2><span style=\"font-family: arial, helvetica, sans-serif; font-size: medium;\">Mat\u00e9rias-primas de carboneto de sil\u00edcio de alta pureza semicera t\u00eam as seguintes caracter\u00edsticas:<\/span><\/h2>\n<p><span style=\"font-family: arial, helvetica, sans-serif; font-size: medium;\">\u00a0 \u00a0\u25aa\u00a0 <strong>Alta pureza:<\/strong> Conte\u00fado de impureza extremamente baixo, garantindo a confiabilidade do dispositivo.<\/span><\/p>\n<p><span style=\"font-family: arial, helvetica, sans-serif; font-size: medium;\">\u00a0 \u00a0\u25aa\u00a0<strong>\u00a0Alta cristalinidade:<\/strong> Estrutura cristalina perfeita, que \u00e9 prop\u00edcia a melhorar o desempenho do dispositivo.<\/span><\/p>\n<p><span style=\"font-family: arial, helvetica, sans-serif; font-size: medium;\">\u00a0 \u00a0\u25aa\u00a0\u00a0<strong>Baixa densidade de defeitos:<\/strong> pequeno n\u00famero de defeitos, reduzindo a corrente de vazamento do dispositivo.<\/span><\/p>\n<p><span style=\"font-family: arial, helvetica, sans-serif; font-size: medium;\">\u00a0 \u00a0\u25aa\u00a0\u00a0<strong>Tamanho grande:<\/strong> Os substratos de carboneto de sil\u00edcio de tamanho grande podem ser fornecidos para atender \u00e0s necessidades de diferentes clientes.<\/span><\/p>\n<p><span style=\"font-family: arial, helvetica, sans-serif; font-size: medium;\">\u00a0 \u00a0\u25aa\u00a0\u00a0<strong>Servi\u00e7o personalizado:<\/strong> Diferentes tipos e especifica\u00e7\u00f5es dos materiais de carboneto de sil\u00edcio podem ser personalizados de acordo com as necessidades dos clientes.<\/span><\/p>\n<\/p><\/div>\n<\/p><\/div>\n<\/p><\/div>\n<\/p><\/div>\n<\/p><\/div>\n<div class=\"fl-col fl-node-67650d8ccf42e fl-col-small\" data-node=\"67650d8ccf42e\" style=\"width: 50%;\">\n<div class=\"fl-col-content fl-node-content\">\n<div class=\"fl-module fl-module-photo fl-node-67650921cc235\" data-animation-delay=\"0.0\" data-node=\"67650921cc235\">\n<div class=\"fl-module-content fl-node-content\">\n<div class=\"fl-photo fl-photo-align-center\" itemscope=\"\" itemtype=\"http:\/\/schema.org\/ImageObject\">\n<div class=\"fl-photo-content fl-photo-img-jpg\"> <img decoding=\"async\" alt=\"U_107204252_192496881 &amp; FM_30 &amp; APP_106 &amp; F_JPEG\" class=\"fl-photo-img wp-image-11937 size-full\" itemprop=\"image\" src=\"\/wp-content\/uploads\/2025\/09\/77c59f0d22598972.webp\"> <\/img><\/div>\n<\/p><\/div>\n<\/p><\/div>\n<\/p><\/div>\n<\/p><\/div>\n<\/p><\/div>\n<\/p><\/div>\n<div class=\"fl-col-group fl-node-67650a2877f09\" data-node=\"67650a2877f09\">\n<div class=\"fl-col fl-node-67650a2878193\" data-node=\"67650a2878193\" style=\"width: 100%;\">\n<div class=\"fl-col-content fl-node-content\">\n<div class=\"fl-module fl-module-rich-text fl-node-676509fd190ca\" data-animation-delay=\"0.0\" data-node=\"676509fd190ca\">\n<div class=\"fl-module-content fl-node-content\">\n<div class=\"fl-rich-text\">\n<p><strong><span style=\"font-family: arial, helvetica, sans-serif; font-size: medium;\">Vantagens do produto<\/span><\/strong><\/p>\n<p><span style=\"font-family: arial, helvetica, sans-serif; font-size: medium;\"><strong>\u00a0 \u00a0\u25aa\u00a0 BandGap amplo:<\/strong> O carboneto de sil\u00edcio possui uma caracter\u00edstica ampla de bandGAP, que permite ter um excelente desempenho em ambientes agressivos, como alta temperatura, alta press\u00e3o e alta frequ\u00eancia.<\/span><\/p>\n<p><span style=\"font-family: arial, helvetica, sans-serif; font-size: medium;\"><strong><strong>\u00a0 \u00a0\u25aa\u00a0\u00a0<\/strong>Alta tens\u00e3o de ruptura:<\/strong> Os dispositivos de carboneto de sil\u00edcio t\u00eam uma tens\u00e3o de ruptura mais alta e podem fabricar dispositivos de maior pot\u00eancia.<\/span><\/p>\n<p><span style=\"font-family: arial, helvetica, sans-serif; font-size: medium;\"><strong><strong>\u00a0 \u00a0\u25aa\u00a0\u00a0<\/strong>Alta condutividade t\u00e9rmica:<\/strong> O carboneto de sil\u00edcio possui excelente condutividade t\u00e9rmica, que \u00e9 prop\u00edcia \u00e0 dissipa\u00e7\u00e3o de calor do dispositivo.<\/span><\/p>\n<p><span style=\"font-family: arial, helvetica, sans-serif; font-size: medium;\"><strong><strong>\u00a0 \u00a0\u25aa\u00a0\u00a0<\/strong>Alta mobilidade de el\u00e9trons:<\/strong> Os dispositivos de carboneto de sil\u00edcio t\u00eam uma maior mobilidade de el\u00e9trons, que pode aumentar a frequ\u00eancia operacional do dispositivo.<\/span><\/p>\n<\/p><\/div>\n<\/p><\/div>\n<\/p><\/div>\n<\/p><\/div>\n<\/p><\/div>\n<\/p><\/div>\n<\/p><\/div>\n<\/p><\/div>\n<\/p><\/div>\n<div class=\"fl-row fl-row-full-width fl-row-bg-none fl-node-67650a3ab0a7b\" data-node=\"67650a3ab0a7b\">\n<div class=\"fl-row-content-wrap\">\n<div class=\"fl-row-content fl-row-full-width fl-node-content\">\n<div class=\"fl-col-group fl-node-67650a3ab0abf\" data-node=\"67650a3ab0abf\">\n<div class=\"fl-col fl-node-67650a3ab0b03\" data-node=\"67650a3ab0b03\" style=\"width: 100%;\">\n<div class=\"fl-col-content fl-node-content\">\n<div class=\"fl-module fl-module-photo fl-node-67650a3ab0b44\" data-animation-delay=\"0.0\" data-node=\"67650a3ab0b44\">\n<div class=\"fl-module-content fl-node-content\">\n<div class=\"fl-photo fl-photo-align-center\" itemscope=\"\" itemtype=\"http:\/\/schema.org\/ImageObject\">\n<div class=\"fl-photo-content fl-photo-img-jpg\"> <img decoding=\"async\" alt=\"Local de trabalho semicera\" class=\"fl-photo-img wp-image-9038\" itemprop=\"image\" src=\"\/wp-content\/uploads\/2025\/09\/b1dd0bcab1675ff4.webp\"> <\/img><\/div>\n<\/p><\/div>\n<\/p><\/div>\n<\/p><\/div>\n<div class=\"fl-module fl-module-photo fl-node-67650a3ab0c89\" data-animation-delay=\"0.0\" data-node=\"67650a3ab0c89\">\n<div class=\"fl-module-content fl-node-content\">\n<div class=\"fl-photo fl-photo-align-center\" itemscope=\"\" itemtype=\"http:\/\/schema.org\/ImageObject\">\n<div class=\"fl-photo-content fl-photo-img-jpg\"> <img decoding=\"async\" alt=\"Local de trabalho semicera 2\" class=\"fl-photo-img wp-image-9037\" itemprop=\"image\" src=\"\/wp-content\/uploads\/2025\/09\/2b946d2b4b61306d.webp\"> <\/img><\/div>\n<\/p><\/div>\n<\/p><\/div>\n<\/p><\/div>\n<div class=\"fl-module fl-module-photo fl-node-67650a3ab0c4a\" data-animation-delay=\"0.0\" data-node=\"67650a3ab0c4a\">\n<div class=\"fl-module-content fl-node-content\">\n<div class=\"fl-photo fl-photo-align-center\" itemscope=\"\" itemtype=\"http:\/\/schema.org\/ImageObject\">\n<div class=\"fl-photo-content fl-photo-img-jpg\"> <img decoding=\"async\" alt=\"M\u00e1quina de equipamentos\" class=\"fl-photo-img wp-image-9034 size-full\" itemprop=\"image\" src=\"\/wp-content\/uploads\/2025\/09\/081b6529d68ead23.webp\"> <\/img><\/div>\n<\/p><\/div>\n<\/p><\/div>\n<\/p><\/div>\n<div class=\"fl-module fl-module-photo fl-node-67650a3ab0c09\" data-animation-delay=\"0.0\" data-node=\"67650a3ab0c09\">\n<div class=\"fl-module-content fl-node-content\">\n<div class=\"fl-photo fl-photo-align-center\" itemscope=\"\" itemtype=\"http:\/\/schema.org\/ImageObject\">\n<div class=\"fl-photo-content fl-photo-img-jpg\"> <img decoding=\"async\" alt=\"Processamento da CNN, limpeza qu\u00edmica, revestimento de CVD\" class=\"fl-photo-img wp-image-9033\" itemprop=\"image\" src=\"\/wp-content\/uploads\/2025\/09\/a4132b2b399abbac.webp\"> <\/img><\/div>\n<\/p><\/div>\n<\/p><\/div>\n<\/p><\/div>\n<div class=\"fl-module fl-module-photo fl-node-67650a3ab0bc7\" data-animation-delay=\"0.0\" data-node=\"67650a3ab0bc7\">\n<div class=\"fl-module-content fl-node-content\">\n<div class=\"fl-photo fl-photo-align-center\" itemscope=\"\" itemtype=\"http:\/\/schema.org\/ImageObject\">\n<div class=\"fl-photo-content fl-photo-img-jpg\"> <img decoding=\"async\" alt=\"Ware House Semicera\" class=\"fl-photo-img wp-image-9036\" itemprop=\"image\" src=\"\/wp-content\/uploads\/2025\/09\/2190bb9ce5c1d546.webp\"> <\/img><\/div>\n<\/p><\/div>\n<\/p><\/div>\n<\/p><\/div>\n<div class=\"fl-module fl-module-photo fl-node-67650a3ab0b86\" data-animation-delay=\"0.0\" data-node=\"67650a3ab0b86\">\n<div class=\"fl-module-content fl-node-content\">\n<div class=\"fl-photo fl-photo-align-center\" itemscope=\"\" itemtype=\"http:\/\/schema.org\/ImageObject\">\n<div class=\"fl-photo-content fl-photo-img-jpg\"> <img decoding=\"async\" alt=\"Nosso servi\u00e7o\" class=\"fl-photo-img wp-image-9035\" itemprop=\"image\" src=\"\/wp-content\/uploads\/2025\/09\/b07f222c0ec0ab8d.webp\"> <\/img><\/div>\n<\/p><\/div>\n<\/p><\/div>\n<\/p><\/div>\n<\/p><\/div>\n<\/p><\/div>\n<\/p><\/div>\n<\/p><\/div>\n<\/p><\/div>\n<\/p><\/div>\n<\/div>","protected":false},"excerpt":{"rendered":"<p>A mat\u00e9ria-prima de carboneto de sil\u00edcio CVD de alta pureza semicera \u00e9 um material semicondutor com excelente desempenho. \u00c9 preparado por deposi\u00e7\u00e3o de vapor qu\u00edmico (DCV) e possui excelentes caracter\u00edsticas, como alta pureza, alto grau de moldagem e baixa densidade de defeitos. \u00c9 um material b\u00e1sico ideal para fabricar dispositivos de carboneto de sil\u00edcio de alto desempenho.<\/p>","protected":false},"featured_media":484,"comment_status":"closed","ping_status":"open","template":"","meta":[],"product_brand":[],"product_cat":[15],"product_tag":[],"class_list":{"0":"post-1306","1":"product","2":"type-product","3":"status-publish","4":"has-post-thumbnail","6":"product_cat-uncategorized","8":"first","9":"instock","10":"product-type-simple"},"_links":{"self":[{"href":"https:\/\/www.cn-semiconductorparts.com\/pt\/wp-json\/wp\/v2\/product\/1306","targetHints":{"allow":["GET"]}}],"collection":[{"href":"https:\/\/www.cn-semiconductorparts.com\/pt\/wp-json\/wp\/v2\/product"}],"about":[{"href":"https:\/\/www.cn-semiconductorparts.com\/pt\/wp-json\/wp\/v2\/types\/product"}],"replies":[{"embeddable":true,"href":"https:\/\/www.cn-semiconductorparts.com\/pt\/wp-json\/wp\/v2\/comments?post=1306"}],"wp:featuredmedia":[{"embeddable":true,"href":"https:\/\/www.cn-semiconductorparts.com\/pt\/wp-json\/wp\/v2\/media\/484"}],"wp:attachment":[{"href":"https:\/\/www.cn-semiconductorparts.com\/pt\/wp-json\/wp\/v2\/media?parent=1306"}],"wp:term":[{"taxonomy":"product_brand","embeddable":true,"href":"https:\/\/www.cn-semiconductorparts.com\/pt\/wp-json\/wp\/v2\/product_brand?post=1306"},{"taxonomy":"product_cat","embeddable":true,"href":"https:\/\/www.cn-semiconductorparts.com\/pt\/wp-json\/wp\/v2\/product_cat?post=1306"},{"taxonomy":"product_tag","embeddable":true,"href":"https:\/\/www.cn-semiconductorparts.com\/pt\/wp-json\/wp\/v2\/product_tag?post=1306"}],"curies":[{"name":"wp","href":"https:\/\/api.w.org\/{rel}","templated":true}]}}