{"id":1309,"date":"2025-09-11T05:28:18","date_gmt":"2025-09-11T05:28:18","guid":{"rendered":"https:\/\/weitai2.globaldeepsea.site\/product\/plastic-silicon-carbide-ceramics\/"},"modified":"2026-04-29T15:34:26","modified_gmt":"2026-04-29T07:34:26","slug":"plastic-silicon-carbide-ceramics","status":"publish","type":"product","link":"https:\/\/www.cn-semiconductorparts.com\/pt\/product\/plastic-silicon-carbide-ceramics\/","title":{"rendered":"Cer\u00e2mica de carboneto de sil\u00edcio de pl\u00e1stico"},"content":{"rendered":"<div class=\"fl-builder-content fl-builder-content-11639 fl-builder-content-primary fl-builder-global-templates-locked\" data-post-id=\"11639\">\n<div class=\"fl-row fl-row-full-width fl-row-bg-none fl-node-6736ad4fd6144\" data-node=\"6736ad4fd6144\">\n<div class=\"fl-row-content-wrap\">\n<div class=\"fl-row-content fl-row-full-width fl-node-content\">\n<div class=\"fl-col-group fl-node-6736ad4fd6ea0\" data-node=\"6736ad4fd6ea0\">\n<div class=\"fl-col fl-node-6736ad4fd7028\" data-node=\"6736ad4fd7028\" style=\"width: 100%;\">\n<div class=\"fl-col-content fl-node-content\">\n<div class=\"fl-module fl-module-rich-text fl-node-6736ad4fd5ffb\" data-animation-delay=\"0.0\" data-node=\"6736ad4fd5ffb\">\n<div class=\"fl-module-content fl-node-content\">\n<div class=\"fl-rich-text\">\n<p><span style=\"font-family: arial, helvetica, sans-serif; font-size: medium;\">A cer\u00e2mica de carboneto de sil\u00edcio de Pl\u00e1stico da Semicera combina a durabilidade e a for\u00e7a do carboneto de sil\u00edcio (SIC) com a versatilidade e flexibilidade de comp\u00f3sitos baseados em pl\u00e1stico. Esses materiais inovadores s\u00e3o projetados para oferecer desempenho excepcional em aplica\u00e7\u00f5es que requerem alta resist\u00eancia ao desgaste, estabilidade t\u00e9rmica superior e resist\u00eancia mec\u00e2nica. A cer\u00e2mica de carboneto de sil\u00edcio de pl\u00e1stico \u00e9 uma solu\u00e7\u00e3o \u00fanica para ind\u00fastrias que exigem um material confi\u00e1vel capaz de suportar condi\u00e7\u00f5es extremas, tornando -as uma escolha ideal para aplica\u00e7\u00f5es semicondutores, automotivas e industriais.<\/span><\/p>\n<p><strong><span style=\"font-family: arial, helvetica, sans-serif; font-size: medium;\">Desempenho avan\u00e7ado de cer\u00e2mica de carboneto de sil\u00edcio de pl\u00e1stico<\/span><\/strong><br \/><span style=\"font-family: arial, helvetica, sans-serif; font-size: medium;\">A cer\u00e2mica de carboneto de silicone de Pl\u00e1stico da Semicera \u00e9 especialmente projetada para suportar altas temperaturas, ambientes corrosivos e estresse mec\u00e2nico. A combina\u00e7\u00e3o exclusiva da dureza do carboneto de sil\u00edcio e das capacidades de moldagem de pl\u00e1stico resulta em um material que oferece excelente resist\u00eancia ao desgaste, alta condutividade t\u00e9rmica e baixa expans\u00e3o t\u00e9rmica. Isso torna a cer\u00e2mica de carboneto de sil\u00edcio de pl\u00e1stico o material perfeito para componentes que precisam executar em condi\u00e7\u00f5es adversas, mantendo precis\u00e3o e estabilidade.<\/span><\/p>\n<p><span style=\"font-family: arial, helvetica, sans-serif; font-size: medium;\">Essas cer\u00e2micas exibem for\u00e7a e rigidez not\u00e1veis, tornando -as ideais para aplica\u00e7\u00f5es onde os materiais tradicionais podem falhar. A flexibilidade dos comp\u00f3sitos pl\u00e1sticos permite uma f\u00e1cil moldagem em formas complexas, tornando a cer\u00e2mica de carboneto de sil\u00edcio pl\u00e1stico adequado para uma ampla gama de aplica\u00e7\u00f5es personalizadas em v\u00e1rios setores, desde a fabrica\u00e7\u00e3o de semicondutores at\u00e9 os componentes automotivos e aeroespaciais de alto desempenho.<\/span><\/p>\n<p><strong><span style=\"font-family: arial, helvetica, sans-serif; font-size: medium;\">Aplica\u00e7\u00f5es na ind\u00fastria de semicondutores<\/span><\/strong><br \/><span style=\"font-family: arial, helvetica, sans-serif; font-size: medium;\">Na ind\u00fastria de semicondutores, a cer\u00e2mica de carboneto de sil\u00edcio de pl\u00e1stico est\u00e1 ganhando aten\u00e7\u00e3o crescente por sua capacidade de melhorar o desempenho nas principais aplica\u00e7\u00f5es. Essas cer\u00e2micas s\u00e3o particularmente \u00fateis na fabrica\u00e7\u00e3o de ferramentas e componentes de alta precis\u00e3o que requerem estabilidade de alta resist\u00eancia e t\u00e9rmica. A alta condutividade t\u00e9rmica do SiC ajuda a dissipar o calor nos processos sens\u00edveis de semicondutores, o que \u00e9 fundamental para manter a integridade e o desempenho do dispositivo. A cer\u00e2mica de carboneto de sil\u00edcio de pl\u00e1stico tamb\u00e9m \u00e9 usada em equipamentos de manuseio e processamento de wafers, fornecendo um material confi\u00e1vel e dur\u00e1vel para o transporte e suporte de bolachas de sil\u00edcio e outros substratos durante a fabrica\u00e7\u00e3o.<\/span><\/p>\n<p><span style=\"font-family: arial, helvetica, sans-serif; font-size: medium;\">Al\u00e9m disso, a excelente resist\u00eancia ao desgaste e baixo coeficiente de expans\u00e3o t\u00e9rmica de cer\u00e2mica de carboneto de sil\u00edcio pl\u00e1stico os tornam ideais para aplica\u00e7\u00f5es de semicondutores, onde a precis\u00e3o e a durabilidade a longo prazo s\u00e3o essenciais. Esses materiais podem ser usados \u200b\u200bem v\u00e1rios processos de semicondutores, incluindo grava\u00e7\u00e3o, deposi\u00e7\u00e3o e litografia, onde ajudam a reduzir o desgaste e melhorar a longevidade dos equipamentos de fabrica\u00e7\u00e3o.<\/span><\/p>\n<p><strong><span style=\"font-family: arial, helvetica, sans-serif; font-size: medium;\">Durabilidade e personaliza\u00e7\u00e3o<\/span><\/strong><br \/><span style=\"font-family: arial, helvetica, sans-serif; font-size: medium;\">A cer\u00e2mica de carboneto de sil\u00edcio de Pl\u00e1stico da Semicera est\u00e1 dispon\u00edvel em tamanhos e formas personaliz\u00e1veis, oferecendo flexibilidade para atender \u00e0s necessidades espec\u00edficas do setor. Seja para aplica\u00e7\u00f5es industriais gerais ou casos de uso altamente especializados, essas cer\u00e2micas fornecem durabilidade, for\u00e7a e gerenciamento t\u00e9rmico necess\u00e1rio para os ambientes mais exigentes. A capacidade de moldar o material em geometrias complexas o torna uma solu\u00e7\u00e3o inestim\u00e1vel para componentes personalizados em ferramentas de semicondutores, sistemas automotivos e al\u00e9m.<\/span><\/p>\n<\/p><\/div>\n<\/p><\/div>\n<\/p><\/div>\n<\/p><\/div>\n<\/p><\/div>\n<\/p><\/div>\n<\/p><\/div>\n<\/p><\/div>\n<\/p><\/div>\n<div class=\"fl-row fl-row-full-width fl-row-bg-none fl-node-6736ad5adc6d0\" data-node=\"6736ad5adc6d0\">\n<div class=\"fl-row-content-wrap\">\n<div class=\"fl-row-content fl-row-full-width fl-node-content\">\n<div class=\"fl-col-group fl-node-6736ad5adc716\" data-node=\"6736ad5adc716\">\n<div class=\"fl-col fl-node-6736ad5adc758\" data-node=\"6736ad5adc758\" style=\"width: 100%;\">\n<div class=\"fl-col-content fl-node-content\">\n<div class=\"fl-module fl-module-photo fl-node-6736ad5adc79a\" data-animation-delay=\"0.0\" data-node=\"6736ad5adc79a\">\n<div class=\"fl-module-content fl-node-content\">\n<div class=\"fl-photo fl-photo-align-center\" itemscope=\"\" itemtype=\"http:\/\/schema.org\/ImageObject\">\n<div class=\"fl-photo-content fl-photo-img-jpg\"> <img decoding=\"async\" alt=\"Local de trabalho semicera\" class=\"fl-photo-img wp-image-9038\" itemprop=\"image\" src=\"\/wp-content\/uploads\/2025\/09\/b1dd0bcab1675ff4.webp\"> <\/img><\/div>\n<\/p><\/div>\n<\/p><\/div>\n<\/p><\/div>\n<div class=\"fl-module fl-module-photo fl-node-6736ad5adc8e3\" data-animation-delay=\"0.0\" data-node=\"6736ad5adc8e3\">\n<div class=\"fl-module-content fl-node-content\">\n<div class=\"fl-photo fl-photo-align-center\" itemscope=\"\" itemtype=\"http:\/\/schema.org\/ImageObject\">\n<div class=\"fl-photo-content fl-photo-img-jpg\"> <img decoding=\"async\" alt=\"Local de trabalho semicera 2\" class=\"fl-photo-img wp-image-9037\" itemprop=\"image\" src=\"\/wp-content\/uploads\/2025\/09\/2b946d2b4b61306d.webp\"> <\/img><\/div>\n<\/p><\/div>\n<\/p><\/div>\n<\/p><\/div>\n<div class=\"fl-module fl-module-photo fl-node-6736ad5adc8a1\" data-animation-delay=\"0.0\" data-node=\"6736ad5adc8a1\">\n<div class=\"fl-module-content fl-node-content\">\n<div class=\"fl-photo fl-photo-align-center\" itemscope=\"\" itemtype=\"http:\/\/schema.org\/ImageObject\">\n<div class=\"fl-photo-content fl-photo-img-jpg\"> <img decoding=\"async\" alt=\"M\u00e1quina de equipamentos\" class=\"fl-photo-img wp-image-9034 size-full\" itemprop=\"image\" src=\"\/wp-content\/uploads\/2025\/09\/081b6529d68ead23.webp\"> <\/img><\/div>\n<\/p><\/div>\n<\/p><\/div>\n<\/p><\/div>\n<div class=\"fl-module fl-module-photo fl-node-6736ad5adc85f\" data-animation-delay=\"0.0\" data-node=\"6736ad5adc85f\">\n<div class=\"fl-module-content fl-node-content\">\n<div class=\"fl-photo fl-photo-align-center\" itemscope=\"\" itemtype=\"http:\/\/schema.org\/ImageObject\">\n<div class=\"fl-photo-content fl-photo-img-jpg\"> <img decoding=\"async\" alt=\"Processamento da CNN, limpeza qu\u00edmica, revestimento de CVD\" class=\"fl-photo-img wp-image-9033\" itemprop=\"image\" src=\"\/wp-content\/uploads\/2025\/09\/a4132b2b399abbac.webp\"> <\/img><\/div>\n<\/p><\/div>\n<\/p><\/div>\n<\/p><\/div>\n<div class=\"fl-module fl-module-photo fl-node-6736ad5adc81e\" data-animation-delay=\"0.0\" data-node=\"6736ad5adc81e\">\n<div class=\"fl-module-content fl-node-content\">\n<div class=\"fl-photo fl-photo-align-center\" itemscope=\"\" itemtype=\"http:\/\/schema.org\/ImageObject\">\n<div class=\"fl-photo-content fl-photo-img-jpg\"> <img decoding=\"async\" alt=\"Ware House Semicera\" class=\"fl-photo-img wp-image-9036\" itemprop=\"image\" src=\"\/wp-content\/uploads\/2025\/09\/2190bb9ce5c1d546.webp\"> <\/img><\/div>\n<\/p><\/div>\n<\/p><\/div>\n<\/p><\/div>\n<div class=\"fl-module fl-module-photo fl-node-6736ad5adc7dc\" data-animation-delay=\"0.0\" data-node=\"6736ad5adc7dc\">\n<div class=\"fl-module-content fl-node-content\">\n<div class=\"fl-photo fl-photo-align-center\" itemscope=\"\" itemtype=\"http:\/\/schema.org\/ImageObject\">\n<div class=\"fl-photo-content fl-photo-img-jpg\"> <img decoding=\"async\" alt=\"Nosso servi\u00e7o\" class=\"fl-photo-img wp-image-9035\" itemprop=\"image\" src=\"\/wp-content\/uploads\/2025\/09\/b07f222c0ec0ab8d.webp\"> <\/img><\/div>\n<\/p><\/div>\n<\/p><\/div>\n<\/p><\/div>\n<\/p><\/div>\n<\/p><\/div>\n<\/p><\/div>\n<\/p><\/div>\n<\/p><\/div>\n<\/p><\/div>\n<\/div>","protected":false},"excerpt":{"rendered":"<p>A cer\u00e2mica de carboneto de sil\u00edcio de Pl\u00e1stico da Semicera \u00e9 projetada para aplica\u00e7\u00f5es de alto desempenho, onde a durabilidade, a estabilidade t\u00e9rmica e a resist\u00eancia mec\u00e2nica s\u00e3o cr\u00edticas. Combinando as propriedades excepcionais do carboneto de sil\u00edcio (SIC) com a versatilidade dos comp\u00f3sitos pl\u00e1sticos, essas cer\u00e2micas fornecem uma solu\u00e7\u00e3o \u00fanica para ind\u00fastrias que requerem materiais que podem suportar ambientes extremos. A cer\u00e2mica de carboneto de sil\u00edcio de Pl\u00e1stico da Semicera oferece excelente resist\u00eancia ao desgaste, estabilidade de alta temperatura e resist\u00eancia superior, tornando-as ideais para aplica\u00e7\u00f5es exigentes em eletr\u00f4nica, automotiva e fabrica\u00e7\u00e3o industrial.<\/p>","protected":false},"featured_media":1037,"comment_status":"closed","ping_status":"open","template":"","meta":[],"product_brand":[],"product_cat":[27,26],"product_tag":[],"class_list":{"0":"post-1309","1":"product","2":"type-product","3":"status-publish","4":"has-post-thumbnail","6":"product_cat-si-wafer","7":"product_cat-wafer","9":"first","10":"instock","11":"product-type-simple"},"_links":{"self":[{"href":"https:\/\/www.cn-semiconductorparts.com\/pt\/wp-json\/wp\/v2\/product\/1309","targetHints":{"allow":["GET"]}}],"collection":[{"href":"https:\/\/www.cn-semiconductorparts.com\/pt\/wp-json\/wp\/v2\/product"}],"about":[{"href":"https:\/\/www.cn-semiconductorparts.com\/pt\/wp-json\/wp\/v2\/types\/product"}],"replies":[{"embeddable":true,"href":"https:\/\/www.cn-semiconductorparts.com\/pt\/wp-json\/wp\/v2\/comments?post=1309"}],"wp:featuredmedia":[{"embeddable":true,"href":"https:\/\/www.cn-semiconductorparts.com\/pt\/wp-json\/wp\/v2\/media\/1037"}],"wp:attachment":[{"href":"https:\/\/www.cn-semiconductorparts.com\/pt\/wp-json\/wp\/v2\/media?parent=1309"}],"wp:term":[{"taxonomy":"product_brand","embeddable":true,"href":"https:\/\/www.cn-semiconductorparts.com\/pt\/wp-json\/wp\/v2\/product_brand?post=1309"},{"taxonomy":"product_cat","embeddable":true,"href":"https:\/\/www.cn-semiconductorparts.com\/pt\/wp-json\/wp\/v2\/product_cat?post=1309"},{"taxonomy":"product_tag","embeddable":true,"href":"https:\/\/www.cn-semiconductorparts.com\/pt\/wp-json\/wp\/v2\/product_tag?post=1309"}],"curies":[{"name":"wp","href":"https:\/\/api.w.org\/{rel}","templated":true}]}}