{"id":1310,"date":"2025-09-11T05:28:18","date_gmt":"2025-09-11T05:28:18","guid":{"rendered":"https:\/\/weitai2.globaldeepsea.site\/product\/isostatic-pecvd-graphite-boat\/"},"modified":"2026-04-29T15:34:27","modified_gmt":"2026-04-29T07:34:27","slug":"isostatic-pecvd-graphite-boat","status":"publish","type":"product","link":"https:\/\/www.cn-semiconductorparts.com\/pt\/product\/isostatic-pecvd-graphite-boat\/","title":{"rendered":"Barco de grafite de pecvd isost\u00e1tico"},"content":{"rendered":"<div class=\"fl-builder-content fl-builder-content-11846 fl-builder-content-primary fl-builder-global-templates-locked\" data-post-id=\"11846\">\n<div class=\"fl-row fl-row-full-width fl-row-bg-none fl-node-675a4871b7297\" data-node=\"675a4871b7297\">\n<div class=\"fl-row-content-wrap\">\n<div class=\"fl-row-content fl-row-full-width fl-node-content\">\n<div class=\"fl-col-group fl-node-675a4871c16a7\" data-node=\"675a4871c16a7\">\n<div class=\"fl-col fl-node-675a4871c1961\" data-node=\"675a4871c1961\" style=\"width: 100%;\">\n<div class=\"fl-col-content fl-node-content\">\n<div class=\"fl-module fl-module-rich-text fl-node-675a4871b6fe8\" data-animation-delay=\"0.0\" data-node=\"675a4871b6fe8\">\n<div class=\"fl-module-content fl-node-content\">\n<div class=\"fl-rich-text\">\n<p><span style=\"font-family: arial, helvetica, sans-serif; font-size: medium;\">O barco de grafite PECVD semicera \u00e9 um produto de grafite de alta densidade e alta densidade projetado para suporte a wafer no processo PECVD (deposi\u00e7\u00e3o de vapor qu\u00edmico aprimorada no plasma). A Semicera usa a tecnologia de prensagem isost\u00e1tica avan\u00e7ada para garantir que o barco de grafite tenha excelente resist\u00eancia a alta temperatura, resist\u00eancia \u00e0 corros\u00e3o, estabilidade dimensional e boa condutividade t\u00e9rmica, que \u00e9 um consum\u00edvel indispens\u00e1vel no processo de fabrica\u00e7\u00e3o de semicondutores.<\/span><\/p>\n<p>\u00a0<\/p>\n<h2><span style=\"font-size: large;\"><strong><span style=\"font-family: arial, helvetica, sans-serif;\">O barco de grafite semicera isost\u00e1tico PECVD tem as seguintes vantagens:<\/span><\/strong><\/span><\/h2>\n<p><span style=\"font-family: arial, helvetica, sans-serif; font-size: medium;\">\u00a0 \u25aa\u00a0 Alta pureza: o material de grafite \u00e9 de alta pureza e baixo teor de impureza para evitar a contamina\u00e7\u00e3o da superf\u00edcie da wafer.<\/span><\/p>\n<p><span style=\"font-family: arial, helvetica, sans-serif; font-size: medium;\">\u00a0 \u25aa\u00a0\u00a0Alta densidade: alta densidade, alta resist\u00eancia mec\u00e2nica, pode suportar alta temperatura e alto ambiente a v\u00e1cuo.<\/span><\/p>\n<p><span style=\"font-family: arial, helvetica, sans-serif; font-size: medium;\">\u00a0 \u25aa\u00a0\u00a0Boa estabilidade dimensional: pequena mudan\u00e7a dimensional em alta temperatura para garantir a estabilidade do processo.<\/span><\/p>\n<p><span style=\"font-family: arial, helvetica, sans-serif; font-size: medium;\">\u00a0 \u25aa\u00a0\u00a0Excelente condutividade t\u00e9rmica: transfira efetivamente o calor para impedir o superaquecimento da bolas.<\/span><\/p>\n<p><span style=\"font-family: arial, helvetica, sans-serif; font-size: medium;\">\u00a0 \u25aa\u00a0\u00a0Forte resist\u00eancia \u00e0 corros\u00e3o: capaz de resistir \u00e0 eros\u00e3o por v\u00e1rios gases corrosivos e plasma.<\/span><\/p>\n<p>\u00a0<\/p>\n<table align=\"center\" border=\"0\" style=\"height: 50px; ; width: 750px;\">\n<tbody>\n<tr>\n<td style=\"text-align: center;\">\n<p><strong><span style=\"font-family: arial, helvetica, sans-serif; font-size: medium; color: #333333;\">Par\u00e2metro de desempenho<\/span><\/strong><\/p>\n<\/td>\n<td style=\"text-align: center;\"><strong><span style=\"font-family: arial, helvetica, sans-serif; font-size: medium; color: #333333;\">Semicera<\/span><\/strong><\/td>\n<td style=\"text-align: center;\"><strong><span style=\"font-family: arial, helvetica, sans-serif; font-size: medium; color: #333333;\">SGL R6510<\/span><\/strong><\/td>\n<td style=\"text-align: center;\"><strong><span style=\"font-family: arial, helvetica, sans-serif; font-size: medium; color: #333333;\">Par\u00e2metro de desempenho<\/span><\/strong><\/td>\n<\/tr>\n<tr>\n<td style=\"text-align: center;\"><span style=\"font-family: arial, helvetica, sans-serif; font-size: medium;\">Densidade em massa (g\/cm3)<\/span><\/td>\n<td style=\"text-align: center;\"><span style=\"font-family: arial, helvetica, sans-serif; font-size: medium;\">1.91<\/span><\/td>\n<td style=\"text-align: center;\"><span style=\"font-family: arial, helvetica, sans-serif; font-size: medium;\">1.83<\/span><\/td>\n<td style=\"text-align: center;\"><span style=\"font-family: arial, helvetica, sans-serif; font-size: medium;\">1.85<\/span><\/td>\n<\/tr>\n<tr>\n<td style=\"text-align: center;\"><span style=\"font-family: arial, helvetica, sans-serif; font-size: medium;\">For\u00e7a de flex\u00e3o (MPA)<\/span><\/td>\n<td style=\"text-align: center;\"><span style=\"font-family: arial, helvetica, sans-serif; font-size: medium;\">63<\/span><\/td>\n<td style=\"text-align: center;\"><span style=\"font-family: arial, helvetica, sans-serif; font-size: medium;\">60<\/span><\/td>\n<td style=\"text-align: center;\"><span style=\"font-family: arial, helvetica, sans-serif; font-size: medium;\">49<\/span><\/td>\n<\/tr>\n<tr>\n<td style=\"text-align: center;\"><span style=\"font-family: arial, helvetica, sans-serif; font-size: medium;\">For\u00e7a de compress\u00e3o (MPA)<\/span><\/td>\n<td style=\"text-align: center;\"><span style=\"font-family: arial, helvetica, sans-serif; font-size: medium;\">135<\/span><\/td>\n<td style=\"text-align: center;\"><span style=\"font-family: arial, helvetica, sans-serif; font-size: medium;\">130<\/span><\/td>\n<td style=\"text-align: center;\"><span style=\"font-family: arial, helvetica, sans-serif; font-size: medium;\">103<\/span><\/td>\n<\/tr>\n<tr>\n<td style=\"text-align: center;\"><span style=\"font-family: arial, helvetica, sans-serif; font-size: medium;\">Dureza da costa (HS)<\/span><\/td>\n<td style=\"text-align: center;\"><span style=\"font-family: arial, helvetica, sans-serif; font-size: medium;\">70<\/span><\/td>\n<td style=\"text-align: center;\"><span style=\"font-family: arial, helvetica, sans-serif; font-size: medium;\">64<\/span><\/td>\n<td style=\"text-align: center;\"><span style=\"font-family: arial, helvetica, sans-serif; font-size: medium;\">60<\/span><\/td>\n<\/tr>\n<tr>\n<td style=\"text-align: center;\"><span style=\"font-family: arial, helvetica, sans-serif; font-size: medium;\">Coeficiente de expans\u00e3o t\u00e9rmica \uff0810-6\/K\uff09\uff09<\/span><\/td>\n<td style=\"text-align: center;\"><span style=\"font-family: arial, helvetica, sans-serif; font-size: medium;\">85<\/span><\/td>\n<td style=\"text-align: center;\"><span style=\"font-family: arial, helvetica, sans-serif; font-size: medium;\">105<\/span><\/td>\n<td style=\"text-align: center;\"><span style=\"font-family: arial, helvetica, sans-serif; font-size: medium;\">130<\/span><\/td>\n<\/tr>\n<tr>\n<td style=\"text-align: center;\"><span style=\"font-family: arial, helvetica, sans-serif; font-size: medium;\">Coeficiente de expans\u00e3o t\u00e9rmica \uff0810-6\/K\uff09\uff09<\/span><\/td>\n<td style=\"text-align: center;\"><span style=\"font-family: arial, helvetica, sans-serif; font-size: medium;\">5.85<\/span><\/td>\n<td style=\"text-align: center;\"><span style=\"font-family: arial, helvetica, sans-serif; font-size: medium;\">4.2<\/span><\/td>\n<td style=\"text-align: center;\"><span style=\"font-family: arial, helvetica, sans-serif; font-size: medium;\">5.0<\/span><\/td>\n<\/tr>\n<tr>\n<td style=\"text-align: center;\"><span style=\"font-family: arial, helvetica, sans-serif; font-size: medium;\">Resistividade (\u03bc\u03c9m)<\/span><\/td>\n<td style=\"text-align: center;\"><span style=\"font-family: arial, helvetica, sans-serif; font-size: medium;\">11-13<\/span><\/td>\n<td style=\"text-align: center;\"><span style=\"font-family: arial, helvetica, sans-serif; font-size: medium;\">13<\/span><\/td>\n<td style=\"text-align: center;\"><span style=\"font-family: arial, helvetica, sans-serif; font-size: medium;\">10<\/span><\/td>\n<\/tr>\n<\/tbody>\n<\/table>\n<p>\u00a0<\/p>\n<p><span style=\"font-size: large;\"><strong><span style=\"font-family: arial, helvetica, sans-serif;\">Vantagens de nos escolher:<\/span><\/strong><\/span><br \/><span style=\"font-family: arial, helvetica, sans-serif; font-size: medium;\">\u00a0 \u25aa\u00a0\u00a0Sele\u00e7\u00e3o de material: os materiais de grafite de alta pureza s\u00e3o usados \u200b\u200bpara garantir a qualidade do produto.<\/span><br \/><span style=\"font-family: arial, helvetica, sans-serif; font-size: medium;\">\u00a0 \u25aa\u00a0\u00a0Tecnologia de processamento: a prensagem isost\u00e1tica \u00e9 usada para garantir a densidade e a uniformidade do produto.<\/span><br \/><span style=\"font-family: arial, helvetica, sans-serif; font-size: medium;\">\u00a0 \u25aa\u00a0\u00a0Personaliza\u00e7\u00e3o de tamanho: barcos de grafite de diferentes tamanhos e formas podem ser personalizados de acordo com as necessidades dos clientes.<\/span><br \/><span style=\"font-family: arial, helvetica, sans-serif; font-size: medium;\">\u00a0 \u25aa\u00a0\u00a0Tratamento de superf\u00edcie: S\u00e3o fornecidos uma variedade de m\u00e9todos de tratamento de superf\u00edcie, como revestimento de carboneto de sil\u00edcio, nitreto de boro, etc., para atender aos diferentes requisitos de processo.<\/span><\/p>\n<p>\u00a0<\/p>\n<\/p><\/div>\n<\/p><\/div>\n<\/p><\/div>\n<\/p><\/div>\n<\/p><\/div>\n<\/p><\/div>\n<div class=\"fl-col-group fl-node-675a4ba045b8d\" data-node=\"675a4ba045b8d\">\n<div class=\"fl-col fl-node-675a4bf1e509b fl-col-small\" data-node=\"675a4bf1e509b\" style=\"width: 50%;\">\n<div class=\"fl-col-content fl-node-content\">\n<div class=\"fl-module fl-module-photo fl-node-675a4ba045a32\" data-animation-delay=\"0.0\" data-node=\"675a4ba045a32\">\n<div class=\"fl-module-content fl-node-content\">\n<div class=\"fl-photo fl-photo-align-center\" itemscope=\"\" itemtype=\"http:\/\/schema.org\/ImageObject\">\n<div class=\"fl-photo-content fl-photo-img-jpg\"> <img decoding=\"async\" alt=\"Barco de grafite isost\u00e1tico\" class=\"fl-photo-img wp-image-11849\" itemprop=\"image\" src=\"\/wp-content\/uploads\/2025\/09\/ba10b118f16d181f.webp\"> <\/img><\/div>\n<\/p><\/div>\n<\/p><\/div>\n<\/p><\/div>\n<div class=\"fl-module fl-module-photo fl-node-675cec5d48727\" data-animation-delay=\"0.0\" data-node=\"675cec5d48727\">\n<div class=\"fl-module-content fl-node-content\">\n<div class=\"fl-photo fl-photo-align-center\" itemscope=\"\" itemtype=\"http:\/\/schema.org\/ImageObject\">\n<div class=\"fl-photo-content fl-photo-img-jpg\"> <img decoding=\"async\" alt=\"Barco de grafite isost\u00e1tico\" class=\"fl-photo-img wp-image-11849\" itemprop=\"image\" src=\"\/wp-content\/uploads\/2025\/09\/ba10b118f16d181f.webp\"> <\/img><\/div>\n<\/p><\/div>\n<\/p><\/div>\n<\/p><\/div>\n<\/p><\/div>\n<\/p><\/div>\n<div class=\"fl-col fl-node-675a4ba045d3e fl-col-small\" data-node=\"675a4ba045d3e\" style=\"width: 50%;\">\n<div class=\"fl-col-content fl-node-content\">\n<div class=\"fl-module fl-module-photo fl-node-675a4bef82002\" data-animation-delay=\"0.0\" data-node=\"675a4bef82002\">\n<div class=\"fl-module-content fl-node-content\">\n<div class=\"fl-photo fl-photo-align-center\" itemscope=\"\" itemtype=\"http:\/\/schema.org\/ImageObject\">\n<div class=\"fl-photo-content fl-photo-img-jpg\"> <img decoding=\"async\" alt=\"Barco de grafite isost\u00e1tico -2\" class=\"fl-photo-img wp-image-11851\" itemprop=\"image\" src=\"\/wp-content\/uploads\/2025\/09\/cbc3a2f9dc2ff4bc.webp\"> <\/img><\/div>\n<\/p><\/div>\n<\/p><\/div>\n<\/p><\/div>\n<\/p><\/div>\n<\/p><\/div>\n<\/p><\/div>\n<\/p><\/div>\n<\/p><\/div>\n<\/p><\/div>\n<div class=\"fl-row fl-row-full-width fl-row-bg-none fl-node-675a49b96bcbb\" data-node=\"675a49b96bcbb\">\n<div class=\"fl-row-content-wrap\">\n<div class=\"fl-row-content fl-row-full-width fl-node-content\">\n<div class=\"fl-col-group fl-node-675a49b96bcff\" data-node=\"675a49b96bcff\">\n<div class=\"fl-col fl-node-675a49b96bd3f\" data-node=\"675a49b96bd3f\" style=\"width: 100%;\">\n<div class=\"fl-col-content fl-node-content\">\n<div class=\"fl-module fl-module-photo fl-node-675a49b96bd88\" data-animation-delay=\"0.0\" data-node=\"675a49b96bd88\">\n<div class=\"fl-module-content fl-node-content\">\n<div class=\"fl-photo fl-photo-align-center\" itemscope=\"\" itemtype=\"http:\/\/schema.org\/ImageObject\">\n<div class=\"fl-photo-content fl-photo-img-jpg\"> <img decoding=\"async\" alt=\"Local de trabalho semicera\" class=\"fl-photo-img wp-image-9038\" itemprop=\"image\" src=\"\/wp-content\/uploads\/2025\/09\/b1dd0bcab1675ff4.webp\"> <\/img><\/div>\n<\/p><\/div>\n<\/p><\/div>\n<\/p><\/div>\n<div class=\"fl-module fl-module-photo fl-node-675a49b96bec8\" data-animation-delay=\"0.0\" data-node=\"675a49b96bec8\">\n<div class=\"fl-module-content fl-node-content\">\n<div class=\"fl-photo fl-photo-align-center\" itemscope=\"\" itemtype=\"http:\/\/schema.org\/ImageObject\">\n<div class=\"fl-photo-content fl-photo-img-jpg\"> <img decoding=\"async\" alt=\"Local de trabalho semicera 2\" class=\"fl-photo-img wp-image-9037\" itemprop=\"image\" src=\"\/wp-content\/uploads\/2025\/09\/2b946d2b4b61306d.webp\"> <\/img><\/div>\n<\/p><\/div>\n<\/p><\/div>\n<\/p><\/div>\n<div class=\"fl-module fl-module-photo fl-node-675a49b96be88\" data-animation-delay=\"0.0\" data-node=\"675a49b96be88\">\n<div class=\"fl-module-content fl-node-content\">\n<div class=\"fl-photo fl-photo-align-center\" itemscope=\"\" itemtype=\"http:\/\/schema.org\/ImageObject\">\n<div class=\"fl-photo-content fl-photo-img-jpg\"> <img decoding=\"async\" alt=\"M\u00e1quina de equipamentos\" class=\"fl-photo-img wp-image-9034 size-full\" itemprop=\"image\" src=\"\/wp-content\/uploads\/2025\/09\/081b6529d68ead23.webp\"> <\/img><\/div>\n<\/p><\/div>\n<\/p><\/div>\n<\/p><\/div>\n<div class=\"fl-module fl-module-photo fl-node-675a49b96be48\" data-animation-delay=\"0.0\" data-node=\"675a49b96be48\">\n<div class=\"fl-module-content fl-node-content\">\n<div class=\"fl-photo fl-photo-align-center\" itemscope=\"\" itemtype=\"http:\/\/schema.org\/ImageObject\">\n<div class=\"fl-photo-content fl-photo-img-jpg\"> <img decoding=\"async\" alt=\"Processamento da CNN, limpeza qu\u00edmica, revestimento de CVD\" class=\"fl-photo-img wp-image-9033\" itemprop=\"image\" src=\"\/wp-content\/uploads\/2025\/09\/a4132b2b399abbac.webp\"> <\/img><\/div>\n<\/p><\/div>\n<\/p><\/div>\n<\/p><\/div>\n<div class=\"fl-module fl-module-photo fl-node-675a49b96be08\" data-animation-delay=\"0.0\" data-node=\"675a49b96be08\">\n<div class=\"fl-module-content fl-node-content\">\n<div class=\"fl-photo fl-photo-align-center\" itemscope=\"\" itemtype=\"http:\/\/schema.org\/ImageObject\">\n<div class=\"fl-photo-content fl-photo-img-jpg\"> <img decoding=\"async\" alt=\"Ware House Semicera\" class=\"fl-photo-img wp-image-9036\" itemprop=\"image\" src=\"\/wp-content\/uploads\/2025\/09\/2190bb9ce5c1d546.webp\"> <\/img><\/div>\n<\/p><\/div>\n<\/p><\/div>\n<\/p><\/div>\n<div class=\"fl-module fl-module-photo fl-node-675a49b96bdc8\" data-animation-delay=\"0.0\" data-node=\"675a49b96bdc8\">\n<div class=\"fl-module-content fl-node-content\">\n<div class=\"fl-photo fl-photo-align-center\" itemscope=\"\" itemtype=\"http:\/\/schema.org\/ImageObject\">\n<div class=\"fl-photo-content fl-photo-img-jpg\"> <img decoding=\"async\" alt=\"Nosso servi\u00e7o\" class=\"fl-photo-img wp-image-9035\" itemprop=\"image\" src=\"\/wp-content\/uploads\/2025\/09\/b07f222c0ec0ab8d.webp\"\/> <\/div>\n<\/p><\/div>\n<\/p><\/div>\n<\/p><\/div>\n<\/p><\/div>\n<\/p><\/div>\n<\/p><\/div>\n<\/p><\/div>\n<\/p><\/div>\n<\/p><\/div>\n<\/div>","protected":false},"excerpt":{"rendered":"<p>O barco de grafite PECVD isost\u00e1tico \u00e9 amplamente utilizado em v\u00e1rios v\u00ednculos da fabrica\u00e7\u00e3o de semicondutores, como deposi\u00e7\u00e3o de filmes de polissil\u00edcio, deposi\u00e7\u00e3o de filmes de \u00f3xido, deposi\u00e7\u00e3o de filmes de nitreto, etc. Seu excelente desempenho o torna um transportador de bolacha ideal no processo PECVD.<\/p>","protected":false},"featured_media":639,"comment_status":"closed","ping_status":"open","template":"","meta":[],"product_brand":[],"product_cat":[23,21],"product_tag":[],"class_list":{"0":"post-1310","1":"product","2":"type-product","3":"status-publish","4":"has-post-thumbnail","6":"product_cat-lsotropic-graphite","7":"product_cat-specialty-graphite","9":"first","10":"instock","11":"product-type-simple"},"_links":{"self":[{"href":"https:\/\/www.cn-semiconductorparts.com\/pt\/wp-json\/wp\/v2\/product\/1310","targetHints":{"allow":["GET"]}}],"collection":[{"href":"https:\/\/www.cn-semiconductorparts.com\/pt\/wp-json\/wp\/v2\/product"}],"about":[{"href":"https:\/\/www.cn-semiconductorparts.com\/pt\/wp-json\/wp\/v2\/types\/product"}],"replies":[{"embeddable":true,"href":"https:\/\/www.cn-semiconductorparts.com\/pt\/wp-json\/wp\/v2\/comments?post=1310"}],"wp:featuredmedia":[{"embeddable":true,"href":"https:\/\/www.cn-semiconductorparts.com\/pt\/wp-json\/wp\/v2\/media\/639"}],"wp:attachment":[{"href":"https:\/\/www.cn-semiconductorparts.com\/pt\/wp-json\/wp\/v2\/media?parent=1310"}],"wp:term":[{"taxonomy":"product_brand","embeddable":true,"href":"https:\/\/www.cn-semiconductorparts.com\/pt\/wp-json\/wp\/v2\/product_brand?post=1310"},{"taxonomy":"product_cat","embeddable":true,"href":"https:\/\/www.cn-semiconductorparts.com\/pt\/wp-json\/wp\/v2\/product_cat?post=1310"},{"taxonomy":"product_tag","embeddable":true,"href":"https:\/\/www.cn-semiconductorparts.com\/pt\/wp-json\/wp\/v2\/product_tag?post=1310"}],"curies":[{"name":"wp","href":"https:\/\/api.w.org\/{rel}","templated":true}]}}