{"id":1313,"date":"2025-09-11T05:28:18","date_gmt":"2025-09-11T05:28:18","guid":{"rendered":"https:\/\/weitai2.globaldeepsea.site\/product\/rigid-felt-crucible\/"},"modified":"2026-04-29T15:34:28","modified_gmt":"2026-04-29T07:34:28","slug":"rigid-felt-crucible","status":"publish","type":"product","link":"https:\/\/www.cn-semiconductorparts.com\/pt\/product\/rigid-felt-crucible\/","title":{"rendered":"Sentiu -se r\u00edgido"},"content":{"rendered":"<div class=\"fl-builder-content fl-builder-content-11572 fl-builder-content-primary fl-builder-global-templates-locked\" data-post-id=\"11572\">\n<div class=\"fl-row fl-row-full-width fl-row-bg-none fl-node-672dbdf6e615c\" data-node=\"672dbdf6e615c\">\n<div class=\"fl-row-content-wrap\">\n<div class=\"fl-row-content fl-row-full-width fl-node-content\">\n<div class=\"fl-col-group fl-node-672dbe1f42783\" data-node=\"672dbe1f42783\">\n<div class=\"fl-col fl-node-672dbe1f42994\" data-node=\"672dbe1f42994\" style=\"width: 100%;\">\n<div class=\"fl-col-content fl-node-content\">\n<div class=\"fl-module fl-module-rich-text fl-node-672dbe1f425c4\" data-animation-delay=\"0.0\" data-node=\"672dbe1f425c4\">\n<div class=\"fl-module-content fl-node-content\">\n<div class=\"fl-rich-text\">\n<p><span style=\"font-family: arial, helvetica, sans-serif; font-size: medium;\">O crisol r\u00edgido de sentido por Semicera \u00e9 criado para atender \u00e0s necessidades exigentes de ambientes de alta temperatura, combinando durabilidade, excelente isolamento t\u00e9rmico e integridade estrutural. Feito de feltro r\u00edgido de alta qualidade, esse cadinho \u00e9 projetado para proporcionar estabilidade de calor e resist\u00eancia \u00e0 abras\u00e3o superior, garantindo confiabilidade e desempenho a longo prazo. Sua composi\u00e7\u00e3o de alta pureza e baixa condutividade t\u00e9rmica o tornam uma solu\u00e7\u00e3o ideal para ind\u00fastrias que requerem controle preciso de temperaturas extremas, incluindo fabrica\u00e7\u00e3o de semicondutores, metalurgia e processamento avan\u00e7ado de materiais.<\/span><\/p>\n<p><strong><span style=\"font-family: arial, helvetica, sans-serif; font-size: medium;\">Projetado com materiais avan\u00e7ados para desempenho ideal<\/span><\/strong><\/p>\n<p><span style=\"font-family: arial, helvetica, sans-serif; font-size: medium;\">O cadinho de feltro r\u00edgido semicera integra materiais especializados, como grafite isost\u00e1tica, grafite porosa e folha de grafite para melhorar a estabilidade do calor e minimizar a perda t\u00e9rmica. Esses materiais s\u00e3o conhecidos por sua alta pureza e resist\u00eancia a choque t\u00e9rmico excepcional, permitindo que o cadinho mantenha sua forma e for\u00e7a sob intenso calor. A combina\u00e7\u00e3o de feltro r\u00edgido e outros componentes avan\u00e7ados, como feltro macio e composto C\/C, fornece as propriedades de isolamento excepcional cadinho, reduzindo o risco de contamina\u00e7\u00e3o e desgaste em processos de alta precis\u00e3o.<\/span><\/p>\n<\/p><\/div>\n<\/p><\/div>\n<\/p><\/div>\n<\/p><\/div>\n<\/p><\/div>\n<\/p><\/div>\n<div class=\"fl-col-group fl-node-672dbdf6e61a1\" data-node=\"672dbdf6e61a1\">\n<div class=\"fl-col fl-node-672dbdf6e61e2\" data-node=\"672dbdf6e61e2\" style=\"width: 100%;\">\n<div class=\"fl-col-content fl-node-content\">\n<div class=\"fl-module fl-module-heading fl-node-672dbdf6e6265\" data-animation-delay=\"0.0\" data-node=\"672dbdf6e6265\">\n<div class=\"fl-module-content fl-node-content\">\n<h3 class=\"fl-heading\"> <span class=\"fl-heading-text\">Detalhes do produto<\/span> <\/h3>\n<\/p><\/div>\n<\/p><\/div>\n<div class=\"fl-module fl-module-rich-text fl-node-672dbdf6e6223\" data-animation-delay=\"0.0\" data-node=\"672dbdf6e6223\">\n<div class=\"fl-module-content fl-node-content\">\n<div class=\"fl-rich-text\">\n<table border=\"0\" cellspacing=\"0\">\n<tbody>\n<tr>\n<td valign=\"center\" width=\"337\">\n<p>Nome do produto<\/p>\n<\/td>\n<td valign=\"center\" width=\"330\">\n<p>Feel de grafite<\/p>\n<\/td>\n<\/tr>\n<tr>\n<td valign=\"center\" width=\"337\">\n<p>Composi\u00e7\u00e3o qu\u00edmica<\/p>\n<\/td>\n<td valign=\"center\" width=\"330\">\n<p>Fibra de carbono<\/p>\n<\/td>\n<\/tr>\n<tr>\n<td valign=\"center\" width=\"337\">\n<p>Densidade a granel<\/p>\n<\/td>\n<td valign=\"center\" width=\"330\">\n<p>0.12-0.14g\/cm3<\/p>\n<\/td>\n<\/tr>\n<tr>\n<td valign=\"center\" width=\"337\">\n<p>Teor de carbono<\/p>\n<\/td>\n<td valign=\"center\" width=\"330\">\n<p>&gt; = 99%<\/p>\n<\/td>\n<\/tr>\n<tr>\n<td valign=\"center\" width=\"337\">\n<p>Resist\u00eancia \u00e0 trac\u00e7\u00e3o<\/p>\n<\/td>\n<td valign=\"center\" width=\"330\">\n<p>0.14Mpa<\/p>\n<\/td>\n<\/tr>\n<tr>\n<td valign=\"center\" width=\"337\">\n<p>Condutividade t\u00e9rmica (1150 \u2103)<\/p>\n<\/td>\n<td valign=\"center\" width=\"330\">\n<p>0,08 ~ 0,14w\/mk<\/p>\n<\/td>\n<\/tr>\n<tr>\n<td valign=\"center\" width=\"337\">\n<p>Cinzas<\/p>\n<\/td>\n<td valign=\"center\" width=\"330\">\n<p>&lt;= 0,005%<\/p>\n<\/td>\n<\/tr>\n<tr>\n<td valign=\"center\" width=\"337\">\n<p>Estresse esmagador<\/p>\n<\/td>\n<td valign=\"center\" width=\"330\">\n<p>8-10N\/cm<\/p>\n<\/td>\n<\/tr>\n<tr>\n<td valign=\"center\" width=\"337\">\n<p>Grossura<\/p>\n<\/td>\n<td valign=\"center\" width=\"330\">\n<p>1-10mm<\/p>\n<\/td>\n<\/tr>\n<tr>\n<td valign=\"center\" width=\"337\">\n<p>Temperatura de processamento<\/p>\n<\/td>\n<td valign=\"center\" width=\"330\">\n<p>2500(\u2103)<\/p>\n<\/td>\n<\/tr>\n<\/tbody>\n<\/table><\/div>\n<\/p><\/div>\n<\/p><\/div>\n<\/p><\/div>\n<\/p><\/div>\n<\/p><\/div>\n<div class=\"fl-col-group fl-node-672dbdf6e65f3\" data-node=\"672dbdf6e65f3\">\n<div class=\"fl-col fl-node-672dbdf6e6634\" data-node=\"672dbdf6e6634\" style=\"width: 50.89%;\">\n<div class=\"fl-col-content fl-node-content\">\n<div class=\"fl-module fl-module-rich-text fl-node-672dbdf6e6678\" data-animation-delay=\"0.0\" data-node=\"672dbdf6e6678\">\n<div class=\"fl-module-content fl-node-content\">\n<div class=\"fl-rich-text\">\n<p><strong><span style=\"font-family: arial, helvetica, sans-serif; font-size: medium;\">Atualmente, existem quatro s\u00e9ries dispon\u00edveis para fornecer produtos brutos ou processados:<\/span><\/strong><br \/><span style=\"font-family: arial, helvetica, sans-serif; font-size: medium;\"><strong>Scrf:<\/strong> Fibra de fibra de grafite curada purificada, temperatura de tratamento t\u00e9rmico acima de 1900\u2103<\/span><br \/><span style=\"font-family: arial, helvetica, sans-serif; font-size: medium;\"><strong>Scrf-p:<\/strong> RGB altamente purificado Feel<\/span><br \/><span style=\"font-family: arial, helvetica, sans-serif; font-size: medium;\"><strong>Scrf-ltc:<\/strong> Felso de fibra de grafite solidificada purificada Felcida, temperatura de tratamento t\u00e9rmico acima de 1900 \u2103, com melhor desempenho de isolamento t\u00e9rmico<\/span><br \/><span style=\"font-family: arial, helvetica, sans-serif; font-size: medium;\"><strong>SCRF-LTC-P:<\/strong> RGB-LTC Hard Felt de RGB altamente purificado<\/span><\/p>\n<p><strong><span style=\"font-family: arial, helvetica, sans-serif; font-size: medium;\">Tamanho dispon\u00edvel:<\/span><\/strong><br \/><span style=\"font-family: arial, helvetica, sans-serif; font-size: medium;\">Placa: 1500*1800 (m\u00e1ximo) espessura 20-200mm<\/span><br \/><span style=\"font-family: arial, helvetica, sans-serif; font-size: medium;\">Tambor redondo: 1500*2000 (m\u00e1x) espessura 20-150mm<\/span><br \/><span style=\"font-family: arial, helvetica, sans-serif; font-size: medium;\">Tambor quadrado: 1500*1500*2000 (m\u00e1ximo) espessura 60-120mm<\/span><br \/><span style=\"font-family: arial, helvetica, sans-serif; font-size: medium;\">Faixa de temperatura aplicativa: 1250-2600<\/span><\/p>\n<\/p><\/div>\n<\/p><\/div>\n<\/p><\/div>\n<\/p><\/div>\n<\/p><\/div>\n<div class=\"fl-col fl-node-672dbdf6e6841 fl-col-small\" data-node=\"672dbdf6e6841\" style=\"width: 49.11%;\">\n<div class=\"fl-col-content fl-node-content\">\n<div class=\"fl-module fl-module-photo fl-node-672dbdf6e67bf\" data-animation-delay=\"0.0\" data-node=\"672dbdf6e67bf\">\n<div class=\"fl-module-content fl-node-content\">\n<div class=\"fl-photo fl-photo-align-center\" itemscope=\"\" itemtype=\"http:\/\/schema.org\/ImageObject\">\n<div class=\"fl-photo-content fl-photo-img-png\"> <img decoding=\"async\" alt=\"si-growth-882326\" class=\"fl-photo-img wp-image-11575\" itemprop=\"image\" src=\"\/wp-content\/uploads\/2025\/09\/152a8e9d596dbb3c.webp\"> <\/img><\/div>\n<\/p><\/div>\n<\/p><\/div>\n<\/p><\/div>\n<\/p><\/div>\n<\/p><\/div>\n<\/p><\/div>\n<div class=\"fl-col-group fl-node-672dbe52556d1\" data-node=\"672dbe52556d1\">\n<div class=\"fl-col fl-node-672dbe52558d5\" data-node=\"672dbe52558d5\" style=\"width: 100%;\">\n<div class=\"fl-col-content fl-node-content\">\n<div class=\"fl-module fl-module-rich-text fl-node-672dbe525552f\" data-animation-delay=\"0.0\" data-node=\"672dbe525552f\">\n<div class=\"fl-module-content fl-node-content\">\n<div class=\"fl-rich-text\">\n<p><strong><span style=\"font-family: arial, helvetica, sans-serif; font-size: medium;\">Aplica\u00e7\u00f5es na ind\u00fastria de semicondutores<\/span><\/strong><\/p>\n<p><span style=\"font-family: arial, helvetica, sans-serif; font-size: medium;\">Na ind\u00fastria de semicondutores, o cadinho r\u00edgido de semicera \u00e9 indispens\u00e1vel em processos de alta temperatura, como fabrica\u00e7\u00e3o de wafer, crescimento de cristais e deposi\u00e7\u00e3o de vapor qu\u00edmico. Seu material de feltro r\u00edgido de alta pureza garante um risco m\u00ednimo de contamina\u00e7\u00e3o, tornando-o adequado para ambientes de sala limpa e aplica\u00e7\u00f5es t\u00e9rmicas precisas. A durabilidade e a resist\u00eancia \u00e0 abras\u00e3o do Crucible s\u00e3o particularmente valiosas para equipamentos de semicondutores que sofrem ciclismo t\u00e9rmico frequente, pois ajuda a manter a consist\u00eancia e a efici\u00eancia do produto ao longo do tempo.<\/span><\/p>\n<p><span style=\"font-family: arial, helvetica, sans-serif; font-size: medium;\">Al\u00e9m disso, o cadinho de feltro r\u00edgido semicera serve como um componente -chave em processos que envolvem folhas de grafite, grafite porosa e comp\u00f3sitos C\/C usados \u200b\u200bna fabrica\u00e7\u00e3o de semicondutores, apoiando a integridade e a qualidade das bolachas e componentes semicondutores.<\/span><\/p>\n<p><strong><span style=\"font-family: arial, helvetica, sans-serif; font-size: medium;\">Resist\u00eancia ao calor excepcional e durabilidade do desgaste<\/span><\/strong><\/p>\n<p><span style=\"font-family: arial, helvetica, sans-serif; font-size: medium;\">Com sua alta estabilidade t\u00e9rmica e resist\u00eancia \u00e0 abras\u00e3o, o cadinho de feltro r\u00edgido pela Semicera \u00e9 constru\u00eddo para lidar com os ambientes mais exigentes com facilidade. Sua resili\u00eancia a calor extremo e condi\u00e7\u00f5es abrasivas garante que ele suporta o uso a longo prazo sem degrada\u00e7\u00e3o, tornando-o ideal para aplica\u00e7\u00f5es que requerem desempenho consistente de alta temperatura e baixa manuten\u00e7\u00e3o.<\/span><\/p>\n<p><strong><span style=\"font-family: arial, helvetica, sans-serif; font-size: medium;\">Solu\u00e7\u00e3o de alta pureza para processos industriais avan\u00e7ados<\/span><\/strong><\/p>\n<p><span style=\"font-family: arial, helvetica, sans-serif; font-size: medium;\">Projetado com os mais altos padr\u00f5es de pureza e desempenho, o Crucol de Felt Rigid Felt Rigcle fornece uma solu\u00e7\u00e3o confi\u00e1vel, dur\u00e1vel e de alto desempenho para ind\u00fastrias que exigem qualidade e durabilidade rigorosas. Desde as necessidades precisas da produ\u00e7\u00e3o de semicondutores at\u00e9 outras ind\u00fastrias de alta tecnologia que exigem controle t\u00e9rmico exato, esse cadinho foi projetado para aumentar a efici\u00eancia operacional e a qualidade do produto.<\/span><\/p>\n<p><span style=\"font-family: arial, helvetica, sans-serif; font-size: medium;\">Escolha o cadinho de feltro r\u00edgido por Semicera para estabilidade t\u00e9rmica avan\u00e7ada, resist\u00eancia \u00e0 abras\u00e3o e solu\u00e7\u00f5es de alta pureza em aplica\u00e7\u00f5es cr\u00edticas de alta temperatura.<\/span><\/p>\n<\/p><\/div>\n<\/p><\/div>\n<\/p><\/div>\n<\/p><\/div>\n<\/p><\/div>\n<\/p><\/div>\n<\/p><\/div>\n<\/p><\/div>\n<\/p><\/div>\n<div class=\"fl-row fl-row-full-width fl-row-bg-none fl-node-672dbe0a304c5\" data-node=\"672dbe0a304c5\">\n<div class=\"fl-row-content-wrap\">\n<div class=\"fl-row-content fl-row-full-width fl-node-content\">\n<div class=\"fl-col-group fl-node-672dbe0a30507\" data-node=\"672dbe0a30507\">\n<div class=\"fl-col fl-node-672dbe0a30532\" data-node=\"672dbe0a30532\" style=\"width: 100%;\">\n<div class=\"fl-col-content fl-node-content\">\n<div class=\"fl-module fl-module-photo fl-node-672dbe0a30571\" data-animation-delay=\"0.0\" data-node=\"672dbe0a30571\">\n<div class=\"fl-module-content fl-node-content\">\n<div class=\"fl-photo fl-photo-align-center\" itemscope=\"\" itemtype=\"http:\/\/schema.org\/ImageObject\">\n<div class=\"fl-photo-content fl-photo-img-jpg\"> <img decoding=\"async\" alt=\"Local de trabalho semicera\" class=\"fl-photo-img wp-image-9038\" itemprop=\"image\" src=\"\/wp-content\/uploads\/2025\/09\/b1dd0bcab1675ff4.webp\"> <\/img><\/div>\n<\/p><\/div>\n<\/p><\/div>\n<\/p><\/div>\n<div class=\"fl-module fl-module-photo fl-node-672dbe0a306ac\" data-animation-delay=\"0.0\" data-node=\"672dbe0a306ac\">\n<div class=\"fl-module-content fl-node-content\">\n<div class=\"fl-photo fl-photo-align-center\" itemscope=\"\" itemtype=\"http:\/\/schema.org\/ImageObject\">\n<div class=\"fl-photo-content fl-photo-img-jpg\"> <img decoding=\"async\" alt=\"Local de trabalho semicera 2\" class=\"fl-photo-img wp-image-9037\" itemprop=\"image\" src=\"\/wp-content\/uploads\/2025\/09\/2b946d2b4b61306d.webp\"> <\/img><\/div>\n<\/p><\/div>\n<\/p><\/div>\n<\/p><\/div>\n<div class=\"fl-module fl-module-photo fl-node-672dbe0a3066d\" data-animation-delay=\"0.0\" data-node=\"672dbe0a3066d\">\n<div class=\"fl-module-content fl-node-content\">\n<div class=\"fl-photo fl-photo-align-center\" itemscope=\"\" itemtype=\"http:\/\/schema.org\/ImageObject\">\n<div class=\"fl-photo-content fl-photo-img-jpg\"> <img decoding=\"async\" alt=\"M\u00e1quina de equipamentos\" class=\"fl-photo-img wp-image-9034 size-full\" itemprop=\"image\" src=\"\/wp-content\/uploads\/2025\/09\/081b6529d68ead23.webp\"> <\/img><\/div>\n<\/p><\/div>\n<\/p><\/div>\n<\/p><\/div>\n<div class=\"fl-module fl-module-photo fl-node-672dbe0a3062e\" data-animation-delay=\"0.0\" data-node=\"672dbe0a3062e\">\n<div class=\"fl-module-content fl-node-content\">\n<div class=\"fl-photo fl-photo-align-center\" itemscope=\"\" itemtype=\"http:\/\/schema.org\/ImageObject\">\n<div class=\"fl-photo-content fl-photo-img-jpg\"> <img decoding=\"async\" alt=\"Processamento da CNN, limpeza qu\u00edmica, revestimento de CVD\" class=\"fl-photo-img wp-image-9033\" itemprop=\"image\" src=\"\/wp-content\/uploads\/2025\/09\/a4132b2b399abbac.webp\"> <\/img><\/div>\n<\/p><\/div>\n<\/p><\/div>\n<\/p><\/div>\n<div class=\"fl-module fl-module-photo fl-node-672dbe0a305ef\" data-animation-delay=\"0.0\" data-node=\"672dbe0a305ef\">\n<div class=\"fl-module-content fl-node-content\">\n<div class=\"fl-photo fl-photo-align-center\" itemscope=\"\" itemtype=\"http:\/\/schema.org\/ImageObject\">\n<div class=\"fl-photo-content fl-photo-img-jpg\"> <img decoding=\"async\" alt=\"Ware House Semicera\" class=\"fl-photo-img wp-image-9036\" itemprop=\"image\" src=\"\/wp-content\/uploads\/2025\/09\/2190bb9ce5c1d546.webp\"> <\/img><\/div>\n<\/p><\/div>\n<\/p><\/div>\n<\/p><\/div>\n<div class=\"fl-module fl-module-photo fl-node-672dbe0a305b0\" data-animation-delay=\"0.0\" data-node=\"672dbe0a305b0\">\n<div class=\"fl-module-content fl-node-content\">\n<div class=\"fl-photo fl-photo-align-center\" itemscope=\"\" itemtype=\"http:\/\/schema.org\/ImageObject\">\n<div class=\"fl-photo-content fl-photo-img-jpg\"> <img decoding=\"async\" alt=\"Nosso servi\u00e7o\" class=\"fl-photo-img wp-image-9035\" itemprop=\"image\" src=\"\/wp-content\/uploads\/2025\/09\/b07f222c0ec0ab8d.webp\"> <\/img><\/div>\n<\/p><\/div>\n<\/p><\/div>\n<\/p><\/div>\n<\/p><\/div>\n<\/p><\/div>\n<\/p><\/div>\n<\/p><\/div>\n<\/p><\/div>\n<\/p><\/div>\n<\/div>","protected":false},"excerpt":{"rendered":"<p>O cadinho de feltro r\u00edgido da Semicera foi projetado para desempenho superior em aplica\u00e7\u00f5es de alta temperatura, oferecendo excelente isolamento t\u00e9rmico e integridade estrutural. Constru\u00eddo a partir de materiais de feltro r\u00edgidos de qualidade premium, este cadinho fornece resist\u00eancia ao calor confi\u00e1vel, baixa condutividade t\u00e9rmica e durabilidade excepcional, tornando-o ideal para processos em testes avan\u00e7ados de fabrica\u00e7\u00e3o e materiais.<\/p>","protected":false},"featured_media":665,"comment_status":"closed","ping_status":"open","template":"","meta":[],"product_brand":[],"product_cat":[29,30],"product_tag":[],"class_list":{"0":"post-1313","1":"product","2":"type-product","3":"status-publish","4":"has-post-thumbnail","6":"product_cat-carbon-fiber","7":"product_cat-hard-felt","9":"first","10":"instock","11":"product-type-simple"},"_links":{"self":[{"href":"https:\/\/www.cn-semiconductorparts.com\/pt\/wp-json\/wp\/v2\/product\/1313","targetHints":{"allow":["GET"]}}],"collection":[{"href":"https:\/\/www.cn-semiconductorparts.com\/pt\/wp-json\/wp\/v2\/product"}],"about":[{"href":"https:\/\/www.cn-semiconductorparts.com\/pt\/wp-json\/wp\/v2\/types\/product"}],"replies":[{"embeddable":true,"href":"https:\/\/www.cn-semiconductorparts.com\/pt\/wp-json\/wp\/v2\/comments?post=1313"}],"wp:featuredmedia":[{"embeddable":true,"href":"https:\/\/www.cn-semiconductorparts.com\/pt\/wp-json\/wp\/v2\/media\/665"}],"wp:attachment":[{"href":"https:\/\/www.cn-semiconductorparts.com\/pt\/wp-json\/wp\/v2\/media?parent=1313"}],"wp:term":[{"taxonomy":"product_brand","embeddable":true,"href":"https:\/\/www.cn-semiconductorparts.com\/pt\/wp-json\/wp\/v2\/product_brand?post=1313"},{"taxonomy":"product_cat","embeddable":true,"href":"https:\/\/www.cn-semiconductorparts.com\/pt\/wp-json\/wp\/v2\/product_cat?post=1313"},{"taxonomy":"product_tag","embeddable":true,"href":"https:\/\/www.cn-semiconductorparts.com\/pt\/wp-json\/wp\/v2\/product_tag?post=1313"}],"curies":[{"name":"wp","href":"https:\/\/api.w.org\/{rel}","templated":true}]}}