{"id":1322,"date":"2025-09-11T05:28:25","date_gmt":"2025-09-11T05:28:25","guid":{"rendered":"https:\/\/weitai2.globaldeepsea.site\/product\/linbo3-bonding-wafer\/"},"modified":"2026-04-29T15:34:16","modified_gmt":"2026-04-29T07:34:16","slug":"linbo3-bonding-wafer","status":"publish","type":"product","link":"https:\/\/www.cn-semiconductorparts.com\/pt\/product\/linbo3-bonding-wafer\/","title":{"rendered":"LINBO3 WABERNA DE LINHA"},"content":{"rendered":"<div class=\"fl-builder-content fl-builder-content-11502 fl-builder-content-primary fl-builder-global-templates-locked\" data-post-id=\"11502\">\n<div class=\"fl-row fl-row-full-width fl-row-bg-none fl-node-672b264497692\" data-node=\"672b264497692\">\n<div class=\"fl-row-content-wrap\">\n<div class=\"fl-row-content fl-row-full-width fl-node-content\">\n<div class=\"fl-col-group fl-node-672b264fa3879\" data-node=\"672b264fa3879\">\n<div class=\"fl-col fl-node-672b264fa3a15\" data-node=\"672b264fa3a15\" style=\"width: 100%;\">\n<div class=\"fl-col-content fl-node-content\">\n<div class=\"fl-module fl-module-rich-text fl-node-672b264fa372a\" data-animation-delay=\"0.0\" data-node=\"672b264fa372a\">\n<div class=\"fl-module-content fl-node-content\">\n<div class=\"fl-rich-text\">\n<p><span style=\"font-family: arial, helvetica, sans-serif; font-size: medium;\">A bolacha de liga\u00e7\u00e3o Linbo3 da Semicera foi projetada para atender \u00e0s altas demandas da fabrica\u00e7\u00e3o avan\u00e7ada de semicondutores. Com suas propriedades excepcionais, incluindo resist\u00eancia ao desgaste superior, alta estabilidade t\u00e9rmica e excelente pureza, essa bolacha \u00e9 ideal para uso em aplica\u00e7\u00f5es que requerem precis\u00e3o e desempenho de longa dura\u00e7\u00e3o.<\/span><\/p>\n<p><span style=\"font-family: arial, helvetica, sans-serif; font-size: medium;\">Na ind\u00fastria de semicondutores, as bolachas de liga\u00e7\u00e3o de Linbo3 s\u00e3o comumente usadas para unir camadas finas em dispositivos optoeletr\u00f4nicos, sensores e ICs avan\u00e7ados. Eles s\u00e3o particularmente valorizados em fot\u00f4nicos e MEMS (sistemas micro-eletromec\u00e2nicos) devido \u00e0s suas excelentes propriedades diel\u00e9tricas e capacidade de suportar condi\u00e7\u00f5es operacionais severas. A bolacha de liga\u00e7\u00e3o Linbo3 da Semicera \u00e9 projetada para suportar a liga\u00e7\u00e3o precisa da camada, aumentando o desempenho geral e a confiabilidade dos dispositivos semicondutores.<\/span><\/p>\n<\/p><\/div>\n<\/p><\/div>\n<\/p><\/div>\n<div class=\"fl-module fl-module-rich-text fl-node-672b2e209de3c\" data-animation-delay=\"0.0\" data-node=\"672b2e209de3c\">\n<div class=\"fl-module-content fl-node-content\">\n<div class=\"fl-rich-text\">\n<table align=\"center\" border=\"0\">\n<tbody>\n<tr>\n<td colspan=\"2\" style=\"text-align: center;\"><strong><span style=\"font-family: arial, helvetica, sans-serif; font-size: small; color: #000000;\">Propriedades t\u00e9rmicas e el\u00e9tricas de Linbo3<\/span><\/strong><\/td>\n<\/tr>\n<tr>\n<td style=\"text-align: center;\"><span style=\"font-family: arial, helvetica, sans-serif; font-size: small;\">Ponto de fus\u00e3o<\/span><\/td>\n<td style=\"text-align: center;\"><span style=\"font-family: arial, helvetica, sans-serif; font-size: small;\">1250\u00a0\u2103<\/span><\/td>\n<\/tr>\n<tr>\n<td style=\"text-align: center;\"><span style=\"font-family: arial, helvetica, sans-serif; font-size: small;\">Temperatura Curie<\/span><\/td>\n<td style=\"text-align: center;\"><span style=\"font-family: arial, helvetica, sans-serif; font-size: small;\">1140\u00a0\u2103<\/span><\/td>\n<\/tr>\n<tr>\n<td style=\"text-align: center;\"><span style=\"font-family: arial, helvetica, sans-serif; font-size: small;\">Condutividade t\u00e9rmica<\/span><\/td>\n<td style=\"text-align: center;\"><span style=\"font-family: arial, helvetica, sans-serif; font-size: small;\">38 w\/m\/k @ 25\u00a0\u2103<\/span><\/td>\n<\/tr>\n<tr>\n<td style=\"text-align: center;\"><span style=\"font-family: arial, helvetica, sans-serif; font-size: small;\">Coeficiente de expans\u00e3o t\u00e9rmica (@ 25 \u00b0 C)<\/span><\/td>\n<td style=\"text-align: center;\">\n<p><span style=\"font-family: arial, helvetica, sans-serif; font-size: small;\">\/\/A \uff0c 2,0 \u00d7 10<sup>-6<\/sup>\u00a0\/K<\/span><\/p>\n<p><span style=\"font-family: arial, helvetica, sans-serif; font-size: small;\">\/\/C \uff0c 2,2 \u00d7 10<sup>-6<\/sup>\u00a0\/K<\/span><\/p>\n<\/td>\n<\/tr>\n<tr>\n<td style=\"text-align: center;\"><span style=\"font-family: arial, helvetica, sans-serif; font-size: small;\">Resistividade<\/span><\/td>\n<td style=\"text-align: center;\"><span style=\"font-family: arial, helvetica, sans-serif; font-size: small;\">2 \u00d7 10<sup>-6<\/sup>\u00a0\u03a9 \u00b7 cm @ 200\u00a0\u2103<\/span><\/td>\n<\/tr>\n<tr>\n<td style=\"text-align: center;\"><span style=\"font-family: arial, helvetica, sans-serif; font-size: small;\">Constante diel\u00e9trica<\/span><\/td>\n<td style=\"text-align: center;\">\n<p><span style=\"font-family: arial, helvetica, sans-serif; font-size: small;\">Es11\/e0 = 43 \uff0c et11\/e0 = 78<\/span><\/p>\n<p><span style=\"font-family: arial, helvetica, sans-serif; font-size: small;\">Es33\/e0 = 28 \uff0c et33\/e0 = 2<\/span><\/p>\n<\/td>\n<\/tr>\n<tr>\n<td style=\"text-align: center;\"><span style=\"font-family: arial, helvetica, sans-serif; font-size: small;\">Constante piezoel\u00e9trica<\/span><\/td>\n<td style=\"text-align: center;\">\n<p><span style=\"font-family: arial, helvetica, sans-serif; font-size: small;\">D<sub>22<\/sub>=2,04 \u00d7 10<sup>-11<\/sup>\u00a0C\/n\u00a0<\/span><\/p>\n<p><span style=\"font-family: arial, helvetica, sans-serif; font-size: small;\">D<sub>33<\/sub>=19.22 \u00d7 10<sup>-11<\/sup>\u00a0C\/n<\/span><\/p>\n<\/td>\n<\/tr>\n<tr>\n<td style=\"text-align: center;\"><span style=\"font-family: arial, helvetica, sans-serif; font-size: small;\">Coeficiente eletro-\u00f3ptico<\/span><\/td>\n<td style=\"text-align: center;\">\n<p><span style=\"font-family: arial, helvetica, sans-serif; font-size: small;\">Ct<sub>33<\/sub>=32 pm\/v \uff0c \u03b3s<sub>33<\/sub>=31 pm\/v \uff0c\u00a0<\/span><\/p>\n<p><span style=\"font-family: arial, helvetica, sans-serif; font-size: small;\">Ct<sub>31<\/sub>=22:00\/V \uff0c \u03b3s<sub>31<\/sub>=20h6\/V \uff0c<\/span><\/p>\n<p><span style=\"font-family: arial, helvetica, sans-serif; font-size: small;\">Ct<sub>22<\/sub>=18h8\/v \uff0c \u03b3s<sub>22<\/sub>=15h4\/v \uff0c<\/span><\/p>\n<\/td>\n<\/tr>\n<tr>\n<td style=\"text-align: center;\">\n<p><span style=\"font-family: arial, helvetica, sans-serif; font-size: small;\">Tens\u00e3o de meia onda, dc<\/span><br \/><span style=\"font-family: arial, helvetica, sans-serif; font-size: small;\">Campo el\u00e9trico \/\/ z, luz \u22a5 z;<\/span><br \/><span style=\"font-family: arial, helvetica, sans-serif; font-size: small;\">Campo el\u00e9trico \/\/ x ou y, luz \u22a5 z<\/span><\/p>\n<\/td>\n<td style=\"text-align: center;\">\n<p><span style=\"font-family: arial, helvetica, sans-serif; font-size: small;\">3,03 KV<\/span><\/p>\n<p><span style=\"font-family: arial, helvetica, sans-serif; font-size: small;\">4.02 KV<\/span><\/p>\n<\/td>\n<\/tr>\n<\/tbody>\n<\/table><\/div>\n<\/p><\/div>\n<\/p><\/div>\n<div class=\"fl-module fl-module-rich-text fl-node-672b2dab877c9\" data-animation-delay=\"0.0\" data-node=\"672b2dab877c9\">\n<div class=\"fl-module-content fl-node-content\">\n<div class=\"fl-rich-text\">\n<p><span style=\"font-family: arial, helvetica, sans-serif; font-size: medium;\">Criados usando materiais de alta qualidade, a wafer de liga\u00e7\u00e3o Linbo3 garante confiabilidade consistente, mesmo em condi\u00e7\u00f5es extremas. Sua alta estabilidade t\u00e9rmica o torna particularmente adequado para ambientes envolvendo temperaturas elevadas, como as encontradas nos processos de epitaxia semicondutores. Al\u00e9m disso, a alta pureza da wafer garante a contamina\u00e7\u00e3o m\u00ednima, tornando -a uma escolha confi\u00e1vel para aplica\u00e7\u00f5es cr\u00edticas de semicondutores.<\/span><\/p>\n<p><span style=\"font-family: arial, helvetica, sans-serif; font-size: medium;\">Na Semicera, estamos comprometidos em fornecer solu\u00e7\u00f5es l\u00edderes do setor. Nossa bolacha de liga\u00e7\u00e3o Linbo3 oferece recursos de durabilidade incompar\u00e1vel e de alto desempenho para aplica\u00e7\u00f5es que requerem alta pureza, resist\u00eancia ao desgaste e estabilidade t\u00e9rmica. Seja para produ\u00e7\u00e3o avan\u00e7ada de semicondutores ou outras tecnologias especializadas, esta bolacha serve como um componente essencial para a fabrica\u00e7\u00e3o de dispositivos de ponta.<\/span><\/p>\n<\/p><\/div>\n<\/p><\/div>\n<\/p><\/div>\n<\/p><\/div>\n<\/p><\/div>\n<\/p><\/div>\n<div class=\"fl-col-group fl-node-672b31381f62e\" data-node=\"672b31381f62e\">\n<div class=\"fl-col fl-node-672b31381f9c8\" data-node=\"672b31381f9c8\" style=\"width: 100%;\">\n<div class=\"fl-col-content fl-node-content\"> <\/div>\n<\/p><\/div>\n<\/p><\/div>\n<div class=\"fl-col-group fl-node-672b2644976d7\" data-node=\"672b2644976d7\">\n<div class=\"fl-col fl-node-672b264497719\" data-node=\"672b264497719\" style=\"width: 100%;\">\n<div class=\"fl-col-content fl-node-content\">\n<div class=\"fl-module fl-module-photo fl-node-672b26449775b\" data-animation-delay=\"0.0\" data-node=\"672b26449775b\">\n<div class=\"fl-module-content fl-node-content\">\n<div class=\"fl-photo fl-photo-align-center\" itemscope=\"\" itemtype=\"http:\/\/schema.org\/ImageObject\">\n<div class=\"fl-photo-content fl-photo-img-jpg\"> <img decoding=\"async\" alt=\"Local de trabalho semicera\" class=\"fl-photo-img wp-image-9038\" itemprop=\"image\" src=\"\/wp-content\/uploads\/2025\/09\/b1dd0bcab1675ff4.webp\"> <\/img><\/div>\n<\/p><\/div>\n<\/p><\/div>\n<\/p><\/div>\n<div class=\"fl-module fl-module-photo fl-node-672b2644978a6\" data-animation-delay=\"0.0\" data-node=\"672b2644978a6\">\n<div class=\"fl-module-content fl-node-content\">\n<div class=\"fl-photo fl-photo-align-center\" itemscope=\"\" itemtype=\"http:\/\/schema.org\/ImageObject\">\n<div class=\"fl-photo-content fl-photo-img-jpg\"> <img decoding=\"async\" alt=\"Local de trabalho semicera 2\" class=\"fl-photo-img wp-image-9037\" itemprop=\"image\" src=\"\/wp-content\/uploads\/2025\/09\/2b946d2b4b61306d.webp\"> <\/img><\/div>\n<\/p><\/div>\n<\/p><\/div>\n<\/p><\/div>\n<div class=\"fl-module fl-module-photo fl-node-672b264497863\" data-animation-delay=\"0.0\" data-node=\"672b264497863\">\n<div class=\"fl-module-content fl-node-content\">\n<div class=\"fl-photo fl-photo-align-center\" itemscope=\"\" itemtype=\"http:\/\/schema.org\/ImageObject\">\n<div class=\"fl-photo-content fl-photo-img-jpg\"> <img decoding=\"async\" alt=\"M\u00e1quina de equipamentos\" class=\"fl-photo-img wp-image-9034 size-full\" itemprop=\"image\" src=\"\/wp-content\/uploads\/2025\/09\/081b6529d68ead23.webp\"> <\/img><\/div>\n<\/p><\/div>\n<\/p><\/div>\n<\/p><\/div>\n<div class=\"fl-module fl-module-photo fl-node-672b264497820\" data-animation-delay=\"0.0\" data-node=\"672b264497820\">\n<div class=\"fl-module-content fl-node-content\">\n<div class=\"fl-photo fl-photo-align-center\" itemscope=\"\" itemtype=\"http:\/\/schema.org\/ImageObject\">\n<div class=\"fl-photo-content fl-photo-img-jpg\"> <img decoding=\"async\" alt=\"Processamento da CNN, limpeza qu\u00edmica, revestimento de CVD\" class=\"fl-photo-img wp-image-9033\" itemprop=\"image\" src=\"\/wp-content\/uploads\/2025\/09\/a4132b2b399abbac.webp\"> <\/img><\/div>\n<\/p><\/div>\n<\/p><\/div>\n<\/p><\/div>\n<div class=\"fl-module fl-module-photo fl-node-672b2644977de\" data-animation-delay=\"0.0\" data-node=\"672b2644977de\">\n<div class=\"fl-module-content fl-node-content\">\n<div class=\"fl-photo fl-photo-align-center\" itemscope=\"\" itemtype=\"http:\/\/schema.org\/ImageObject\">\n<div class=\"fl-photo-content fl-photo-img-jpg\"> <img decoding=\"async\" alt=\"Ware House Semicera\" class=\"fl-photo-img wp-image-9036\" itemprop=\"image\" src=\"\/wp-content\/uploads\/2025\/09\/2190bb9ce5c1d546.webp\"> <\/img><\/div>\n<\/p><\/div>\n<\/p><\/div>\n<\/p><\/div>\n<div class=\"fl-module fl-module-photo fl-node-672b26449779d\" data-animation-delay=\"0.0\" data-node=\"672b26449779d\">\n<div class=\"fl-module-content fl-node-content\">\n<div class=\"fl-photo fl-photo-align-center\" itemscope=\"\" itemtype=\"http:\/\/schema.org\/ImageObject\">\n<div class=\"fl-photo-content fl-photo-img-jpg\"> <img decoding=\"async\" alt=\"Nosso servi\u00e7o\" class=\"fl-photo-img wp-image-9035\" itemprop=\"image\" src=\"\/wp-content\/uploads\/2025\/09\/b07f222c0ec0ab8d.webp\"> <\/img><\/div>\n<\/p><\/div>\n<\/p><\/div>\n<\/p><\/div>\n<\/p><\/div>\n<\/p><\/div>\n<\/p><\/div>\n<\/p><\/div>\n<\/p><\/div>\n<\/p><\/div>\n<\/div>","protected":false},"excerpt":{"rendered":"<p>O cristal de niobato de l\u00edtio possui excelentes propriedades eletro-\u00f3pticas, acosto-\u00f3pticas, piezoel\u00e9tricas e n\u00e3o lineares. O cristal de niobato de l\u00edtio \u00e9 um cristal multifuncional importante com boas propriedades \u00f3pticas n\u00e3o lineares e um grande coeficiente \u00f3ptico n\u00e3o linear; Tamb\u00e9m pode obter correspond\u00eancia de fase n\u00e3o cr\u00edtica. Como cristal eletro-\u00f3ptico, ele tem sido usado como um importante material de guia de ondas \u00f3ptico; Como um cristal piezoel\u00e9trico, ele pode ser usado para produzir filtros de serra de m\u00e9dia e baixa frequ\u00eancia, transdutores ultrass\u00f4nicos resistentes a alta temperatura de alta temperatura, etc. Os materiais de niobato de l\u00edtio dopados tamb\u00e9m s\u00e3o amplamente utilizados.<\/p>","protected":false},"featured_media":1036,"comment_status":"closed","ping_status":"open","template":"","meta":[],"product_brand":[],"product_cat":[36,26],"product_tag":[],"class_list":{"0":"post-1322","1":"product","2":"type-product","3":"status-publish","4":"has-post-thumbnail","6":"product_cat-sin-substrate","7":"product_cat-wafer","9":"first","10":"instock","11":"product-type-simple"},"_links":{"self":[{"href":"https:\/\/www.cn-semiconductorparts.com\/pt\/wp-json\/wp\/v2\/product\/1322","targetHints":{"allow":["GET"]}}],"collection":[{"href":"https:\/\/www.cn-semiconductorparts.com\/pt\/wp-json\/wp\/v2\/product"}],"about":[{"href":"https:\/\/www.cn-semiconductorparts.com\/pt\/wp-json\/wp\/v2\/types\/product"}],"replies":[{"embeddable":true,"href":"https:\/\/www.cn-semiconductorparts.com\/pt\/wp-json\/wp\/v2\/comments?post=1322"}],"wp:featuredmedia":[{"embeddable":true,"href":"https:\/\/www.cn-semiconductorparts.com\/pt\/wp-json\/wp\/v2\/media\/1036"}],"wp:attachment":[{"href":"https:\/\/www.cn-semiconductorparts.com\/pt\/wp-json\/wp\/v2\/media?parent=1322"}],"wp:term":[{"taxonomy":"product_brand","embeddable":true,"href":"https:\/\/www.cn-semiconductorparts.com\/pt\/wp-json\/wp\/v2\/product_brand?post=1322"},{"taxonomy":"product_cat","embeddable":true,"href":"https:\/\/www.cn-semiconductorparts.com\/pt\/wp-json\/wp\/v2\/product_cat?post=1322"},{"taxonomy":"product_tag","embeddable":true,"href":"https:\/\/www.cn-semiconductorparts.com\/pt\/wp-json\/wp\/v2\/product_tag?post=1322"}],"curies":[{"name":"wp","href":"https:\/\/api.w.org\/{rel}","templated":true}]}}