{"id":1323,"date":"2025-09-11T05:28:25","date_gmt":"2025-09-11T05:28:25","guid":{"rendered":"https:\/\/weitai2.globaldeepsea.site\/product\/solid-sic-focus-ring\/"},"modified":"2025-09-24T16:03:59","modified_gmt":"2025-09-24T08:03:59","slug":"solid-sic-focus-ring","status":"publish","type":"product","link":"https:\/\/www.cn-semiconductorparts.com\/pt\/product\/solid-sic-focus-ring\/","title":{"rendered":"Anel de foco s\u00f3lido sic"},"content":{"rendered":"<p><?xml encoding=\"utf-8\" ?><\/p>\n<div class=\"fl-builder-content fl-builder-content-11465 fl-builder-content-primary fl-builder-global-templates-locked\" data-post-id=\"11465\">\n<div class=\"fl-row fl-row-full-width fl-row-bg-none fl-node-672acf8128b49\" data-node=\"672acf8128b49\">\n<div class=\"fl-row-content-wrap\">\n<div class=\"fl-row-content fl-row-full-width fl-node-content\">\n<div class=\"fl-col-group fl-node-672ad1be1d20e\" data-node=\"672ad1be1d20e\">\n<div class=\"fl-col fl-node-672ad1be1d3b8\" data-node=\"672ad1be1d3b8\" style=\"width: 100%;\">\n<div class=\"fl-col-content fl-node-content\">\n<div class=\"fl-module fl-module-rich-text fl-node-672ad1be1d0a8\" data-animation-delay=\"0.0\" data-node=\"672ad1be1d0a8\">\n<div class=\"fl-module-content fl-node-content\">\n<div class=\"fl-rich-text\">\n<p><span style=\"font-family: arial, helvetica, sans-serif; font-size: medium;\">The Solid SiC Focus Ring from Semicera is a cutting-edge component designed to meet the demands of advanced semiconductor manufacturing. Made from high-purity Silicon Carbide (SiC), this focus ring is ideal for a wide range of applications in the semiconductor industry, especially in CVD SiC processes, plasma etching, and ICP RIE (Inductively Coupled Plasma Reactive Ion Etching). Known for its exceptional wear resistance, high thermal stability, and purity, it ensures long-lasting performance in high-stress environments.<\/span><\/p>\n<p><span style=\"font-family: arial, helvetica, sans-serif; font-size: medium;\">In semiconductor wafer processing, Solid SiC Focus Rings are crucial in maintaining precise etching during dry etching and wafer etching applications. The SiC focus ring assists in focusing the plasma during processes such as plasma etching machine operations, making it indispensable for etching of silicon wafers. The solid SiC material offers unparalleled resistance to erosion, ensuring the longevity of your equipment and minimizing downtime, which is essential for maintaining high throughput in semiconductor fabrication.<\/span><\/p>\n<p><span style=\"font-family: arial, helvetica, sans-serif; font-size: medium;\">The Solid SiC Focus Ring from Semicera is engineered to withstand extreme temperatures and aggressive chemicals commonly encountered in the semiconductor industry. It is specifically crafted for use in high-precision tasks such as CVD SiC coatings, where purity and durability are paramount. With excellent resistance to thermal shock, this product ensures consistent and stable performance under the harshest conditions, including exposure to high temperatures during wafer etching processes.<\/span><\/p>\n<\/p><\/div>\n<\/p><\/div>\n<\/p><\/div>\n<\/p><\/div>\n<\/p><\/div>\n<\/p><\/div>\n<div class=\"fl-col-group fl-node-672ad229c6f65\" data-node=\"672ad229c6f65\">\n<div class=\"fl-col fl-node-672ad229c71a0\" data-node=\"672ad229c71a0\" style=\"width: 100%;\">\n<div class=\"fl-col-content fl-node-content\">\n<div class=\"fl-module fl-module-photo fl-node-672acf92a5534\" data-animation-delay=\"0.0\" data-node=\"672acf92a5534\">\n<div class=\"fl-module-content fl-node-content\">\n<div class=\"fl-photo fl-photo-align-center\" itemscope=\"\" itemtype=\"http:\/\/schema.org\/ImageObject\">\n<div class=\"fl-photo-content fl-photo-img-jpg\"> <img decoding=\"async\" alt=\"about-focus-ring-81956\" class=\"fl-photo-img wp-image-11487\" itemprop=\"image\" src=\"\/wp-content\/uploads\/2025\/09\/4fd5ea183f713e11.webp\"> <\/div>\n<\/p><\/div>\n<\/p><\/div>\n<\/p><\/div>\n<\/p><\/div>\n<\/p><\/div>\n<\/p><\/div>\n<div class=\"fl-col-group fl-node-672adb2ce81f0\" data-node=\"672adb2ce81f0\">\n<div class=\"fl-col fl-node-672adb2ce83ce\" data-node=\"672adb2ce83ce\" style=\"width: 100%;\">\n<div class=\"fl-col-content fl-node-content\">\n<div class=\"fl-module fl-module-rich-text fl-node-672adb2ce8083\" data-animation-delay=\"0.0\" data-node=\"672adb2ce8083\">\n<div class=\"fl-module-content fl-node-content\">\n<div class=\"fl-rich-text\">\n<p><span style=\"font-family: arial, helvetica, sans-serif; font-size: medium;\">In semiconductor applications, where precision and reliability are key, the Solid SiC Focus Ring plays a pivotal role in enhancing the overall efficiency of etching processes. Its robust, high-performance design makes it the perfect choice for industries requiring high-purity components that perform under extreme conditions. Whether used in&nbsp;CVD SiC ring&nbsp;applications or as part of the plasma etching process, Semicera&#8217;s Solid SiC Focus Ring helps optimize your equipment&#8217;s performance, offering the longevity and reliability your production processes demand.<\/span><\/p>\n<\/p><\/div>\n<\/p><\/div>\n<\/p><\/div>\n<\/p><\/div>\n<\/p><\/div>\n<\/p><\/div>\n<div class=\"fl-col-group fl-node-672ad23a3c963\" data-node=\"672ad23a3c963\">\n<div class=\"fl-col fl-node-672ad246ea549 fl-col-small\" data-node=\"672ad246ea549\" style=\"width: 50%;\">\n<div class=\"fl-col-content fl-node-content\">\n<div class=\"fl-module fl-module-rich-text fl-node-672ad1e0e3dc2\" data-animation-delay=\"0.0\" data-node=\"672ad1e0e3dc2\">\n<div class=\"fl-module-content fl-node-content\">\n<div class=\"fl-rich-text\">\n<p><strong><span style=\"font-family: arial, helvetica, sans-serif; font-size: medium;\">Principais recursos:<\/span><\/strong><\/p>\n<p><span style=\"font-family: arial, helvetica, sans-serif; font-size: medium;\">&nbsp; &nbsp; &bull; Superior wear resistance and high thermal stability<\/span><br \/><span style=\"font-family: arial, helvetica, sans-serif; font-size: medium;\">&nbsp; &nbsp;&nbsp;&bull;&nbsp;High-purity Solid SiC material for extended lifespan<\/span><br \/><span style=\"font-family: arial, helvetica, sans-serif; font-size: medium;\">&nbsp; &nbsp;&nbsp;&bull;&nbsp;Ideal for plasma etching, ICP RIE, and dry etching applications<\/span><br \/><span style=\"font-family: arial, helvetica, sans-serif; font-size: medium;\">&nbsp; &nbsp;&nbsp;&bull;&nbsp;Perfect for wafer etching, especially in CVD SiC processes<\/span><br \/><span style=\"font-family: arial, helvetica, sans-serif; font-size: medium;\">&nbsp; &nbsp;&nbsp;&bull;&nbsp;Reliable performance in extreme environments and high temperatures<\/span><br \/><span style=\"font-family: arial, helvetica, sans-serif; font-size: medium;\">&nbsp; &nbsp;&nbsp;&bull;&nbsp;Ensures precision and efficiency in etching of silicon wafers<\/span><\/p>\n<\/p><\/div>\n<\/p><\/div>\n<\/p><\/div>\n<\/p><\/div>\n<\/p><\/div>\n<div class=\"fl-col fl-node-672ad23a3cbf7 fl-col-small\" data-node=\"672ad23a3cbf7\" style=\"width: 50%;\">\n<div class=\"fl-col-content fl-node-content\">\n<div class=\"fl-module fl-module-rich-text fl-node-672adae2576df\" data-animation-delay=\"0.0\" data-node=\"672adae2576df\">\n<div class=\"fl-module-content fl-node-content\">\n<div class=\"fl-rich-text\">\n<p><span style=\"font-family: arial, helvetica, sans-serif; font-size: medium;\"><strong>Aplica\u00e7\u00f5es:<\/strong><\/span><\/p>\n<p><span style=\"font-family: arial, helvetica, sans-serif; font-size: medium;\">&nbsp; &nbsp; &bull;&nbsp;CVD SiC processes in semiconductor manufacturing<\/span><br \/><span style=\"font-family: arial, helvetica, sans-serif; font-size: medium;\">&nbsp; &nbsp; &bull;&nbsp;Plasma etching and ICP RIE systems<\/span><br \/><span style=\"font-family: arial, helvetica, sans-serif; font-size: medium;\">&nbsp; &nbsp; &bull;&nbsp;Dry etching and wafer etching processes<\/span><br \/><span style=\"font-family: arial, helvetica, sans-serif; font-size: medium;\">&nbsp; &nbsp; &bull;&nbsp;Etching and deposition in plasma etching machines<\/span><br \/><span style=\"font-family: arial, helvetica, sans-serif; font-size: medium;\">&nbsp; &nbsp; &bull;&nbsp;Precision components for wafer rings and CVD SiC rings<\/span><\/p>\n<\/p><\/div>\n<\/p><\/div>\n<\/p><\/div>\n<\/p><\/div>\n<\/p><\/div>\n<\/p><\/div>\n<div class=\"fl-col-group fl-node-672ada350df06\" data-node=\"672ada350df06\">\n<div class=\"fl-col fl-node-672ada82797ef fl-col-small\" data-node=\"672ada82797ef\" style=\"width: 50%;\">\n<div class=\"fl-col-content fl-node-content\">\n<div class=\"fl-module fl-module-photo fl-node-672ada350dd8a\" data-animation-delay=\"0.0\" data-node=\"672ada350dd8a\">\n<div class=\"fl-module-content fl-node-content\">\n<div class=\"fl-photo fl-photo-align-center\" itemscope=\"\" itemtype=\"http:\/\/schema.org\/ImageObject\">\n<div class=\"fl-photo-content fl-photo-img-png\"> <img decoding=\"async\" alt=\"&#22270;&#29255; 109\" class=\"fl-photo-img wp-image-11492 size-thumbnail\" itemprop=\"image\" src=\"\/wp-content\/uploads\/2025\/09\/8a445c4b966d83ae.webp\"> <\/div>\n<\/p><\/div>\n<\/p><\/div>\n<\/p><\/div>\n<div class=\"fl-module fl-module-heading fl-node-672ada897795f\" data-animation-delay=\"0.0\" data-node=\"672ada897795f\">\n<div class=\"fl-module-content fl-node-content\">\n<h3 class=\"fl-heading\"> <span class=\"fl-heading-text\">Morfologia microsc\u00f3pica da superf\u00edcie CVD SiC<\/span> <\/h3>\n<\/p><\/div>\n<\/p><\/div>\n<\/p><\/div>\n<\/p><\/div>\n<div class=\"fl-col fl-node-672ada350e0c4 fl-col-small\" data-node=\"672ada350e0c4\" style=\"width: 50%;\">\n<div class=\"fl-col-content fl-node-content\">\n<div class=\"fl-module fl-module-photo fl-node-672ada7fbb734\" data-animation-delay=\"0.0\" data-node=\"672ada7fbb734\">\n<div class=\"fl-module-content fl-node-content\">\n<div class=\"fl-photo fl-photo-align-center\" itemscope=\"\" itemtype=\"http:\/\/schema.org\/ImageObject\">\n<div class=\"fl-photo-content fl-photo-img-png\"> <img decoding=\"async\" alt=\"&#22270;&#29255; 110\" class=\"fl-photo-img wp-image-11493 size-thumbnail\" itemprop=\"image\" src=\"\/wp-content\/uploads\/2025\/09\/08bf9468b15bc5b9.webp\"> <\/div>\n<\/p><\/div>\n<\/p><\/div>\n<\/p><\/div>\n<div class=\"fl-module fl-module-heading fl-node-672ada938a726\" data-animation-delay=\"0.0\" data-node=\"672ada938a726\">\n<div class=\"fl-module-content fl-node-content\">\n<h3 class=\"fl-heading\"> <span class=\"fl-heading-text\">Morfologia microsc\u00f3pica da se\u00e7\u00e3o transversal de CVD sic<\/span> <\/h3>\n<\/p><\/div>\n<\/p><\/div>\n<\/p><\/div>\n<\/p><\/div>\n<\/p><\/div>\n<div class=\"fl-col-group fl-node-672adabf9db7e\" data-node=\"672adabf9db7e\">\n<div class=\"fl-col fl-node-672adabf9de1c\" data-node=\"672adabf9de1c\" style=\"width: 100%;\">\n<div class=\"fl-col-content fl-node-content\">\n<div class=\"fl-module fl-module-photo fl-node-672ad265718f2\" data-animation-delay=\"0.0\" data-node=\"672ad265718f2\">\n<div class=\"fl-module-content fl-node-content\">\n<div class=\"fl-photo fl-photo-align-center\" itemscope=\"\" itemtype=\"http:\/\/schema.org\/ImageObject\">\n<div class=\"fl-photo-content fl-photo-img-png\"> <img decoding=\"async\" alt=\"&#22270;&#29255; 108\" class=\"fl-photo-img wp-image-11491\" itemprop=\"image\" src=\"\/wp-content\/uploads\/2025\/09\/2b9935a202e0288e.webp\"> <\/div>\n<\/p><\/div>\n<\/p><\/div>\n<\/p><\/div>\n<\/p><\/div>\n<\/p><\/div>\n<\/p><\/div>\n<div class=\"fl-col-group fl-node-672acf8128b8d\" data-node=\"672acf8128b8d\">\n<div class=\"fl-col fl-node-672acf8128bce\" data-node=\"672acf8128bce\" style=\"width: 100%;\">\n<div class=\"fl-col-content fl-node-content\">\n<div class=\"fl-module fl-module-photo fl-node-672acf8128c16\" data-animation-delay=\"0.0\" data-node=\"672acf8128c16\">\n<div class=\"fl-module-content fl-node-content\">\n<div class=\"fl-photo fl-photo-align-center\" itemscope=\"\" itemtype=\"http:\/\/schema.org\/ImageObject\">\n<div class=\"fl-photo-content fl-photo-img-jpg\"> <img decoding=\"async\" alt=\"Local de trabalho semicera\" class=\"fl-photo-img wp-image-9038\" itemprop=\"image\" src=\"\/wp-content\/uploads\/2025\/09\/b1dd0bcab1675ff4.webp\"> <\/div>\n<\/p><\/div>\n<\/p><\/div>\n<\/p><\/div>\n<div class=\"fl-module fl-module-photo fl-node-672acf8128d59\" data-animation-delay=\"0.0\" data-node=\"672acf8128d59\">\n<div class=\"fl-module-content fl-node-content\">\n<div class=\"fl-photo fl-photo-align-center\" itemscope=\"\" itemtype=\"http:\/\/schema.org\/ImageObject\">\n<div class=\"fl-photo-content fl-photo-img-jpg\"> <img decoding=\"async\" alt=\"Local de trabalho semicera 2\" class=\"fl-photo-img wp-image-9037\" itemprop=\"image\" src=\"\/wp-content\/uploads\/2025\/09\/2b946d2b4b61306d.webp\"> <\/div>\n<\/p><\/div>\n<\/p><\/div>\n<\/p><\/div>\n<div class=\"fl-module fl-module-photo fl-node-672acf8128d18\" data-animation-delay=\"0.0\" data-node=\"672acf8128d18\">\n<div class=\"fl-module-content fl-node-content\">\n<div class=\"fl-photo fl-photo-align-center\" itemscope=\"\" itemtype=\"http:\/\/schema.org\/ImageObject\">\n<div class=\"fl-photo-content fl-photo-img-jpg\"> <img decoding=\"async\" alt=\"M\u00e1quina de equipamentos\" class=\"fl-photo-img wp-image-9034 size-full\" itemprop=\"image\" src=\"\/wp-content\/uploads\/2025\/09\/081b6529d68ead23.webp\"> <\/div>\n<\/p><\/div>\n<\/p><\/div>\n<\/p><\/div>\n<div class=\"fl-module fl-module-photo fl-node-672acf8128cd8\" data-animation-delay=\"0.0\" data-node=\"672acf8128cd8\">\n<div class=\"fl-module-content fl-node-content\">\n<div class=\"fl-photo fl-photo-align-center\" itemscope=\"\" itemtype=\"http:\/\/schema.org\/ImageObject\">\n<div class=\"fl-photo-content fl-photo-img-jpg\"> <img decoding=\"async\" alt=\"Processamento da CNN, limpeza qu\u00edmica, revestimento de CVD\" class=\"fl-photo-img wp-image-9033\" itemprop=\"image\" src=\"\/wp-content\/uploads\/2025\/09\/a4132b2b399abbac.webp\"> <\/div>\n<\/p><\/div>\n<\/p><\/div>\n<\/p><\/div>\n<div class=\"fl-module fl-module-photo fl-node-672acf8128c98\" data-animation-delay=\"0.0\" data-node=\"672acf8128c98\">\n<div class=\"fl-module-content fl-node-content\">\n<div class=\"fl-photo fl-photo-align-center\" itemscope=\"\" itemtype=\"http:\/\/schema.org\/ImageObject\">\n<div class=\"fl-photo-content fl-photo-img-jpg\"> <img decoding=\"async\" alt=\"Ware House Semicera\" class=\"fl-photo-img wp-image-9036\" itemprop=\"image\" src=\"\/wp-content\/uploads\/2025\/09\/2190bb9ce5c1d546.webp\"> <\/div>\n<\/p><\/div>\n<\/p><\/div>\n<\/p><\/div>\n<div class=\"fl-module fl-module-photo fl-node-672acf8128c57\" data-animation-delay=\"0.0\" data-node=\"672acf8128c57\">\n<div class=\"fl-module-content fl-node-content\">\n<div class=\"fl-photo fl-photo-align-center\" itemscope=\"\" itemtype=\"http:\/\/schema.org\/ImageObject\">\n<div class=\"fl-photo-content fl-photo-img-jpg\"> <img decoding=\"async\" alt=\"Nosso servi\u00e7o\" class=\"fl-photo-img wp-image-9035\" itemprop=\"image\" src=\"\/wp-content\/uploads\/2025\/09\/b07f222c0ec0ab8d.webp\"> <\/div>\n<\/p><\/div>\n<\/p><\/div>\n<\/p><\/div>\n<\/p><\/div>\n<\/p><\/div>\n<\/p><\/div>\n<\/p><\/div>\n<\/p><\/div>\n<\/p><\/div>\n<\/div>","protected":false},"excerpt":{"rendered":"<p><?xml encoding=\"utf-8\" ?><\/p>\n<p>Semicera&rsquo;s SiC Etch Rings are designed for high-performance semiconductor etching applications with exceptional durability and precision. Made from high-purity silicon carbide (SiC), this etch ring excels in plasma etching, dry etching, and wafer etching processes. Semicera&rsquo;s advanced manufacturing process ensures that this ring provides excellent wear resistance and thermal stability even in the most demanding environments. We look forward to being your long-term partner in China.<\/p>","protected":false},"featured_media":856,"comment_status":"closed","ping_status":"open","template":"","meta":[],"product_brand":[],"product_cat":[16,18],"product_tag":[],"class_list":{"0":"post-1323","1":"product","2":"type-product","3":"status-publish","4":"has-post-thumbnail","6":"product_cat-cvd-sic","7":"product_cat-sic-epitaxial-parts","9":"first","10":"instock","11":"product-type-simple"},"_links":{"self":[{"href":"https:\/\/www.cn-semiconductorparts.com\/pt\/wp-json\/wp\/v2\/product\/1323","targetHints":{"allow":["GET"]}}],"collection":[{"href":"https:\/\/www.cn-semiconductorparts.com\/pt\/wp-json\/wp\/v2\/product"}],"about":[{"href":"https:\/\/www.cn-semiconductorparts.com\/pt\/wp-json\/wp\/v2\/types\/product"}],"replies":[{"embeddable":true,"href":"https:\/\/www.cn-semiconductorparts.com\/pt\/wp-json\/wp\/v2\/comments?post=1323"}],"wp:featuredmedia":[{"embeddable":true,"href":"https:\/\/www.cn-semiconductorparts.com\/pt\/wp-json\/wp\/v2\/media\/856"}],"wp:attachment":[{"href":"https:\/\/www.cn-semiconductorparts.com\/pt\/wp-json\/wp\/v2\/media?parent=1323"}],"wp:term":[{"taxonomy":"product_brand","embeddable":true,"href":"https:\/\/www.cn-semiconductorparts.com\/pt\/wp-json\/wp\/v2\/product_brand?post=1323"},{"taxonomy":"product_cat","embeddable":true,"href":"https:\/\/www.cn-semiconductorparts.com\/pt\/wp-json\/wp\/v2\/product_cat?post=1323"},{"taxonomy":"product_tag","embeddable":true,"href":"https:\/\/www.cn-semiconductorparts.com\/pt\/wp-json\/wp\/v2\/product_tag?post=1323"}],"curies":[{"name":"wp","href":"https:\/\/api.w.org\/{rel}","templated":true}]}}