{"id":1329,"date":"2025-09-11T05:28:25","date_gmt":"2025-09-11T05:28:25","guid":{"rendered":"https:\/\/weitai2.globaldeepsea.site\/product\/reinforced-c-c-composite\/"},"modified":"2026-04-29T15:34:19","modified_gmt":"2026-04-29T07:34:19","slug":"reinforced-c-c-composite","status":"publish","type":"product","link":"https:\/\/www.cn-semiconductorparts.com\/pt\/product\/reinforced-c-c-composite\/","title":{"rendered":"Composto C\/C refor\u00e7ado"},"content":{"rendered":"<div class=\"fl-builder-content fl-builder-content-11434 fl-builder-content-primary fl-builder-global-templates-locked\" data-post-id=\"11434\">\n<div class=\"fl-row fl-row-full-width fl-row-bg-none fl-node-67209520940f2\" data-node=\"67209520940f2\">\n<div class=\"fl-row-content-wrap\">\n<div class=\"fl-row-content fl-row-full-width fl-node-content\">\n<div class=\"fl-col-group fl-node-6720952094469\" data-node=\"6720952094469\">\n<div class=\"fl-col fl-node-67209520944ac\" data-node=\"67209520944ac\" style=\"width: 100%;\">\n<div class=\"fl-col-content fl-node-content\">\n<div class=\"fl-module fl-module-rich-text fl-node-672095209428e\" data-animation-delay=\"0.0\" data-node=\"672095209428e\">\n<div class=\"fl-module-content fl-node-content\">\n<div class=\"fl-rich-text\">\n<p><b>Comp\u00f3sitos de carbono:<\/b><\/p>\n<p data-section=\"0\">Os comp\u00f3sitos de carbono\/carbono s\u00e3o comp\u00f3sitos de matriz de carbono refor\u00e7ados pelas fibras de carbono e seus tecidos. Com baixa densidade (&lt;2,0g\/cm3), alta resist\u00eancia, alto m\u00f3dulo espec\u00edfico, alta condutividade t\u00e9rmica, baixo coeficiente de expans\u00e3o, bom desempenho de atrito, boa resist\u00eancia ao choque t\u00e9rmico, alta estabilidade dimensional, est\u00e1 agora na aplica\u00e7\u00e3o de mais de 1650 \u2103, a temperatura mais alta te\u00f3rica at\u00e9 2600 \u2103, portanto, \u00e9 considerada uma alta de 1650 \u2103, a mais alta a temperatura te\u00f3rica de 2600 \u2103, \u00e9 considerada uma alta de 1650 \u2103.<\/p>\n<\/p><\/div>\n<\/p><\/div>\n<\/p><\/div>\n<\/p><\/div>\n<\/p><\/div>\n<\/p><\/div>\n<div class=\"fl-col-group fl-node-672095e7bc277\" data-node=\"672095e7bc277\">\n<div class=\"fl-col fl-node-672095e7bc448\" data-node=\"672095e7bc448\" style=\"width: 100%;\">\n<div class=\"fl-col-content fl-node-content\">\n<div class=\"fl-module fl-module-rich-text fl-node-672095e7bc114\" data-animation-delay=\"0.0\" data-node=\"672095e7bc114\">\n<div class=\"fl-module-content fl-node-content\">\n<div class=\"fl-rich-text\">\n<p><span style=\"font-family: arial, helvetica, sans-serif; font-size: medium;\">The Reinforced C\/C Composite from Semicera represents the forefront of material technology, combining lightweight characteristics with exceptional strength and thermal stability. This innovative composite is engineered for high-performance applications in industries such as aerospace, automotive, and semiconductor manufacturing.<\/span><\/p>\n<p><span style=\"font-family: arial, helvetica, sans-serif; font-size: medium;\">At Semicera, we utilize advanced carbon fiber reinforcement to enhance the structural integrity of our C\/C composites, ensuring they can withstand extreme temperatures and mechanical stress. The result is a material that excels in applications requiring durability and reliability.<\/span><\/p>\n<p><span style=\"font-family: arial, helvetica, sans-serif; font-size: medium;\">With its outstanding properties, the Reinforced C\/C Composite is an ideal choice for critical components, offering superior performance without compromising weight. Trust Semicera to provide cutting-edge solutions that meet your demanding industrial requirements.<\/span><\/p>\n<\/p><\/div>\n<\/p><\/div>\n<\/p><\/div>\n<\/p><\/div>\n<\/p><\/div>\n<\/p><\/div>\n<div class=\"fl-col-group fl-node-672095209413b\" data-node=\"672095209413b\">\n<div class=\"fl-col fl-node-6720952094180\" data-node=\"6720952094180\" style=\"width: 100%;\">\n<div class=\"fl-col-content fl-node-content\">\n<div class=\"fl-module fl-module-rich-text fl-node-67209520941c4\" data-animation-delay=\"0.0\" data-node=\"67209520941c4\">\n<div class=\"fl-module-content fl-node-content\">\n<div class=\"fl-rich-text\">\n<table border=\"0\" cellspacing=\"0\">\n<tbody>\n<tr>\n<td colspan=\"3\" valign=\"center\" width=\"615\">\n<p align=\"center\"><b>Dados t\u00e9cnicos de composto de carbono\/carbono<\/b><\/p>\n<\/td>\n<td valign=\"center\" width=\"10\">\n<p>\u00a0<\/p>\n<\/td>\n<\/tr>\n<tr>\n<td valign=\"center\" width=\"205\">\n<p>\u00cdndice<\/p>\n<\/td>\n<td valign=\"center\" width=\"126\">\n<p align=\"center\">Unidade<\/p>\n<\/td>\n<td valign=\"center\" width=\"283\">\n<p align=\"center\">Valor<\/p>\n<\/td>\n<td valign=\"center\" width=\"10\">\n<p>\u00a0<\/p>\n<\/td>\n<\/tr>\n<tr>\n<td valign=\"center\" width=\"205\">\n<p>Densidade a granel<\/p>\n<\/td>\n<td valign=\"center\" width=\"126\">\n<p align=\"center\">g\/cm3<\/p>\n<\/td>\n<td valign=\"center\" width=\"283\">\n<p align=\"center\">1.40~1.50<\/p>\n<\/td>\n<td valign=\"center\" width=\"10\">\n<p>\u00a0<\/p>\n<\/td>\n<\/tr>\n<tr>\n<td valign=\"center\" width=\"205\">\n<p>Teor de carbono<\/p>\n<\/td>\n<td valign=\"center\" width=\"126\">\n<p align=\"center\">%<\/p>\n<\/td>\n<td valign=\"center\" width=\"283\">\n<p align=\"center\">\u226598.5~99.9<\/p>\n<\/td>\n<td valign=\"center\" width=\"10\">\n<p>\u00a0<\/p>\n<\/td>\n<\/tr>\n<tr>\n<td valign=\"center\" width=\"205\">\n<p>Cinzas<\/p>\n<\/td>\n<td valign=\"center\" width=\"126\">\n<p align=\"center\">Ppm<\/p>\n<\/td>\n<td valign=\"center\" width=\"283\">\n<p align=\"center\">\u226465<\/p>\n<\/td>\n<td valign=\"center\" width=\"10\">\n<p>\u00a0<\/p>\n<\/td>\n<\/tr>\n<tr>\n<td valign=\"center\" width=\"205\">\n<p>Condutividade t\u00e9rmica (1150 \u2103)<\/p>\n<\/td>\n<td valign=\"center\" width=\"126\">\n<p align=\"center\">W\/mk<\/p>\n<\/td>\n<td valign=\"center\" width=\"283\">\n<p align=\"center\">10~30<\/p>\n<\/td>\n<td valign=\"center\" width=\"10\">\n<p>\u00a0<\/p>\n<\/td>\n<\/tr>\n<tr>\n<td valign=\"center\" width=\"205\">\n<p>Resist\u00eancia \u00e0 trac\u00e7\u00e3o<\/p>\n<\/td>\n<td valign=\"center\" width=\"126\">\n<p align=\"center\">MPA<\/p>\n<\/td>\n<td valign=\"center\" width=\"283\">\n<p align=\"center\">90~130<\/p>\n<\/td>\n<td valign=\"center\" width=\"10\">\n<p>\u00a0<\/p>\n<\/td>\n<\/tr>\n<tr>\n<td valign=\"center\" width=\"205\">\n<p>For\u00e7a de flex\u00e3o<\/p>\n<\/td>\n<td valign=\"center\" width=\"126\">\n<p align=\"center\">MPA<\/p>\n<\/td>\n<td valign=\"center\" width=\"283\">\n<p align=\"center\">100~150<\/p>\n<\/td>\n<td valign=\"center\" width=\"10\">\n<p>\u00a0<\/p>\n<\/td>\n<\/tr>\n<tr>\n<td valign=\"center\" width=\"205\">\n<p>For\u00e7a de compress\u00e3o<\/p>\n<\/td>\n<td valign=\"center\" width=\"126\">\n<p align=\"center\">MPA<\/p>\n<\/td>\n<td valign=\"center\" width=\"283\">\n<p align=\"center\">130~170<\/p>\n<\/td>\n<td valign=\"center\" width=\"10\">\n<p>\u00a0<\/p>\n<\/td>\n<\/tr>\n<tr>\n<td valign=\"center\" width=\"205\">\n<p>For\u00e7a de cisalhamento<\/p>\n<\/td>\n<td valign=\"center\" width=\"126\">\n<p align=\"center\">MPA<\/p>\n<\/td>\n<td valign=\"center\" width=\"283\">\n<p align=\"center\">50~60<\/p>\n<\/td>\n<td valign=\"center\" width=\"10\">\n<p>\u00a0<\/p>\n<\/td>\n<\/tr>\n<tr>\n<td valign=\"center\" width=\"205\">\n<p>For\u00e7a de cisalhamento interlaminar<\/p>\n<\/td>\n<td valign=\"center\" width=\"126\">\n<p align=\"center\">MPA<\/p>\n<\/td>\n<td valign=\"center\" width=\"283\">\n<p align=\"center\">\u226513<\/p>\n<\/td>\n<td valign=\"center\" width=\"10\">\n<p>\u00a0<\/p>\n<\/td>\n<\/tr>\n<tr>\n<td valign=\"center\" width=\"205\">\n<p>Resistividade el\u00e9trica<\/p>\n<\/td>\n<td valign=\"center\" width=\"126\">\n<p align=\"center\">\u03a9.mm2\/m<\/p>\n<\/td>\n<td valign=\"center\" width=\"283\">\n<p align=\"center\">30~43<\/p>\n<\/td>\n<td valign=\"center\" width=\"10\">\n<p>\u00a0<\/p>\n<\/td>\n<\/tr>\n<tr>\n<td valign=\"center\" width=\"205\">\n<p>Coeficiente de expans\u00e3o t\u00e9rmica<\/p>\n<\/td>\n<td valign=\"center\" width=\"126\">\n<p align=\"center\">106\/K<\/p>\n<\/td>\n<td valign=\"center\" width=\"283\">\n<p align=\"center\">0.3~1.2<\/p>\n<\/td>\n<td valign=\"center\" width=\"10\">\n<p>\u00a0<\/p>\n<\/td>\n<\/tr>\n<tr>\n<td valign=\"center\" width=\"205\">\n<p>Temperatura de processamento<\/p>\n<\/td>\n<td valign=\"center\" width=\"126\">\n<p align=\"center\">\u2103<\/p>\n<\/td>\n<td valign=\"center\" width=\"283\">\n<p align=\"center\">\u22652400\u2103<\/p>\n<\/td>\n<td valign=\"center\" width=\"10\">\n<p>\u00a0<\/p>\n<\/td>\n<\/tr>\n<tr>\n<td colspan=\"3\" rowspan=\"2\" valign=\"center\" width=\"615\">\n<p>Qualidade militar, deposi\u00e7\u00e3o de forno de deposi\u00e7\u00e3o de vapor qu\u00edmico completo, importa\u00e7\u00e3o de fibra de carbono Toray T700 tric\u00f4 de agulha 3D pr\u00e9-tecido<br \/>Especifica\u00e7\u00f5es do material: di\u00e2metro externo m\u00e1ximo 2000 mm, espessura da parede 8-25mm, altura 1600 mm<\/p>\n<\/td>\n<td valign=\"center\">\n<p>\u00a0<\/p>\n<\/td>\n<\/tr>\n<tr>\n<td valign=\"center\">\u00a0<\/td>\n<\/tr>\n<\/tbody>\n<\/table><\/div>\n<\/p><\/div>\n<\/p><\/div>\n<\/p><\/div>\n<\/p><\/div>\n<\/p><\/div>\n<div class=\"fl-col-group fl-node-67209520942d3\" data-node=\"67209520942d3\">\n<div class=\"fl-col fl-node-6720952094317 fl-col-small\" data-node=\"6720952094317\" style=\"width: 50%;\">\n<div class=\"fl-col-content fl-node-content\">\n<div class=\"fl-module fl-module-rich-text fl-node-6720952094207\" data-animation-delay=\"0.0\" data-node=\"6720952094207\">\n<div class=\"fl-module-content fl-node-content\">\n<div class=\"fl-rich-text\">\n<p>Pode ser amplamente utilizado no ambiente de alta temperatura de v\u00e1rias estrutura, aquecedor e vaso. Comparado com os materiais de engenharia tradicionais, o composto de carbono tem as seguintes vantagens:<\/p>\n<p>1) alta resist\u00eancia<\/p>\n<p>2) alta temperatura at\u00e9 2000\u2103<\/p>\n<p>3) Resist\u00eancia ao choque t\u00e9rmico<\/p>\n<p>4) baixo coeficiente de expans\u00e3o t\u00e9rmica<\/p>\n<p>5) Pequena capacidade t\u00e9rmica<\/p>\n<p>6) Excelente resist\u00eancia \u00e0 corros\u00e3o e resist\u00eancia \u00e0 radia\u00e7\u00e3o<\/p>\n<\/p><\/div>\n<\/p><\/div>\n<\/p><\/div>\n<\/p><\/div>\n<\/p><\/div>\n<div class=\"fl-col fl-node-672095209435b fl-col-small\" data-node=\"672095209435b\" style=\"width: 50%;\">\n<div class=\"fl-col-content fl-node-content\">\n<div class=\"fl-module fl-module-photo fl-node-672095431f244\" data-animation-delay=\"0.0\" data-node=\"672095431f244\">\n<div class=\"fl-module-content fl-node-content\">\n<div class=\"fl-photo fl-photo-align-center\" itemscope=\"\" itemtype=\"http:\/\/schema.org\/ImageObject\">\n<div class=\"fl-photo-content fl-photo-img-png\"> <img decoding=\"async\" alt=\"Reinforced carbon-carbon composite-2\" class=\"fl-photo-img wp-image-11435\" itemprop=\"image\" src=\"\/wp-content\/uploads\/2025\/09\/e936e19ebf6a864d.webp\"> <\/img><\/div>\n<\/p><\/div>\n<\/p><\/div>\n<\/p><\/div>\n<\/p><\/div>\n<\/p><\/div>\n<\/p><\/div>\n<div class=\"fl-col-group fl-node-672095209439e\" data-node=\"672095209439e\">\n<div class=\"fl-col fl-node-67209520943e1 fl-col-small\" data-node=\"67209520943e1\" style=\"width: 50%;\">\n<div class=\"fl-col-content fl-node-content\">\n<div class=\"fl-module fl-module-photo fl-node-6720959099167\" data-animation-delay=\"0.0\" data-node=\"6720959099167\">\n<div class=\"fl-module-content fl-node-content\">\n<div class=\"fl-photo fl-photo-align-center\" itemscope=\"\" itemtype=\"http:\/\/schema.org\/ImageObject\">\n<div class=\"fl-photo-content fl-photo-img-png\"> <img decoding=\"async\" alt=\"carbon fiber felt\" class=\"fl-photo-img wp-image-11438\" itemprop=\"image\" src=\"\/wp-content\/uploads\/2025\/09\/d616aa32b6090b54.webp\"> <\/img><\/div>\n<\/p><\/div>\n<\/p><\/div>\n<\/p><\/div>\n<\/p><\/div>\n<\/p><\/div>\n<div class=\"fl-col fl-node-67209578c5385 fl-col-small\" data-node=\"67209578c5385\" style=\"width: 50%;\">\n<div class=\"fl-col-content fl-node-content\">\n<div class=\"fl-module fl-module-rich-text fl-node-672095209424b\" data-animation-delay=\"0.0\" data-node=\"672095209424b\">\n<div class=\"fl-module-content fl-node-content\">\n<div class=\"fl-rich-text\">\n<p><b>Aplicativo:<\/b><br \/>1. Aeroespacial. Devido ao material composto, tem boa estabilidade t\u00e9rmica, alta resist\u00eancia e rigidez espec\u00edficas. Pode ser usado para fabricar freios a aeronaves, asa e fuselagem, antena de sat\u00e9lite e uma estrutura de suporte, asa solar e concha, concha de foguete grande portadora, casca do motor, etc.<\/p>\n<p>2. A ind\u00fastria automobil\u00edstica.<\/p>\n<p>3. O campo m\u00e9dico.<\/p>\n<p>4. Isolamento de calor<\/p>\n<p>5. Unidade de aquecimento<\/p>\n<p>6. Insulula\u00e7\u00e3o de raios<\/p>\n<\/p><\/div>\n<\/p><\/div>\n<\/p><\/div>\n<\/p><\/div>\n<\/p><\/div>\n<\/p><\/div>\n<\/p><\/div>\n<\/p><\/div>\n<\/p><\/div>\n<div class=\"fl-row fl-row-full-width fl-row-bg-none fl-node-6720952f38efc\" data-node=\"6720952f38efc\">\n<div class=\"fl-row-content-wrap\">\n<div class=\"fl-row-content fl-row-full-width fl-node-content\">\n<div class=\"fl-col-group fl-node-6720952f38f3f\" data-node=\"6720952f38f3f\">\n<div class=\"fl-col fl-node-6720952f38f7f\" data-node=\"6720952f38f7f\" style=\"width: 100%;\">\n<div class=\"fl-col-content fl-node-content\">\n<div class=\"fl-module fl-module-photo fl-node-6720952f38fbf\" data-animation-delay=\"0.0\" data-node=\"6720952f38fbf\">\n<div class=\"fl-module-content fl-node-content\">\n<div class=\"fl-photo fl-photo-align-center\" itemscope=\"\" itemtype=\"http:\/\/schema.org\/ImageObject\">\n<div class=\"fl-photo-content fl-photo-img-jpg\"> <img decoding=\"async\" alt=\"Local de trabalho semicera\" class=\"fl-photo-img wp-image-9038\" itemprop=\"image\" src=\"\/wp-content\/uploads\/2025\/09\/b1dd0bcab1675ff4.webp\"> <\/img><\/div>\n<\/p><\/div>\n<\/p><\/div>\n<\/p><\/div>\n<div class=\"fl-module fl-module-photo fl-node-6720952f390fb\" data-animation-delay=\"0.0\" data-node=\"6720952f390fb\">\n<div class=\"fl-module-content fl-node-content\">\n<div class=\"fl-photo fl-photo-align-center\" itemscope=\"\" itemtype=\"http:\/\/schema.org\/ImageObject\">\n<div class=\"fl-photo-content fl-photo-img-jpg\"> <img decoding=\"async\" alt=\"Local de trabalho semicera 2\" class=\"fl-photo-img wp-image-9037\" itemprop=\"image\" src=\"\/wp-content\/uploads\/2025\/09\/2b946d2b4b61306d.webp\"> <\/img><\/div>\n<\/p><\/div>\n<\/p><\/div>\n<\/p><\/div>\n<div class=\"fl-module fl-module-photo fl-node-6720952f390bc\" data-animation-delay=\"0.0\" data-node=\"6720952f390bc\">\n<div class=\"fl-module-content fl-node-content\">\n<div class=\"fl-photo fl-photo-align-center\" itemscope=\"\" itemtype=\"http:\/\/schema.org\/ImageObject\">\n<div class=\"fl-photo-content fl-photo-img-jpg\"> <img decoding=\"async\" alt=\"M\u00e1quina de equipamentos\" class=\"fl-photo-img wp-image-9034 size-full\" itemprop=\"image\" src=\"\/wp-content\/uploads\/2025\/09\/081b6529d68ead23.webp\"> <\/img><\/div>\n<\/p><\/div>\n<\/p><\/div>\n<\/p><\/div>\n<div class=\"fl-module fl-module-photo fl-node-6720952f3907d\" data-animation-delay=\"0.0\" data-node=\"6720952f3907d\">\n<div class=\"fl-module-content fl-node-content\">\n<div class=\"fl-photo fl-photo-align-center\" itemscope=\"\" itemtype=\"http:\/\/schema.org\/ImageObject\">\n<div class=\"fl-photo-content fl-photo-img-jpg\"> <img decoding=\"async\" alt=\"Processamento da CNN, limpeza qu\u00edmica, revestimento de CVD\" class=\"fl-photo-img wp-image-9033\" itemprop=\"image\" src=\"\/wp-content\/uploads\/2025\/09\/a4132b2b399abbac.webp\"> <\/img><\/div>\n<\/p><\/div>\n<\/p><\/div>\n<\/p><\/div>\n<div class=\"fl-module fl-module-photo fl-node-6720952f3903d\" data-animation-delay=\"0.0\" data-node=\"6720952f3903d\">\n<div class=\"fl-module-content fl-node-content\">\n<div class=\"fl-photo fl-photo-align-center\" itemscope=\"\" itemtype=\"http:\/\/schema.org\/ImageObject\">\n<div class=\"fl-photo-content fl-photo-img-jpg\"> <img decoding=\"async\" alt=\"Ware House Semicera\" class=\"fl-photo-img wp-image-9036\" itemprop=\"image\" src=\"\/wp-content\/uploads\/2025\/09\/2190bb9ce5c1d546.webp\"> <\/img><\/div>\n<\/p><\/div>\n<\/p><\/div>\n<\/p><\/div>\n<div class=\"fl-module fl-module-photo fl-node-6720952f38ffe\" data-animation-delay=\"0.0\" data-node=\"6720952f38ffe\">\n<div class=\"fl-module-content fl-node-content\">\n<div class=\"fl-photo fl-photo-align-center\" itemscope=\"\" itemtype=\"http:\/\/schema.org\/ImageObject\">\n<div class=\"fl-photo-content fl-photo-img-jpg\"> <img decoding=\"async\" alt=\"Nosso servi\u00e7o\" class=\"fl-photo-img wp-image-9035\" itemprop=\"image\" src=\"\/wp-content\/uploads\/2025\/09\/b07f222c0ec0ab8d.webp\"> <\/img><\/div>\n<\/p><\/div>\n<\/p><\/div>\n<\/p><\/div>\n<\/p><\/div>\n<\/p><\/div>\n<\/p><\/div>\n<\/p><\/div>\n<\/p><\/div>\n<\/p><\/div>\n<\/div>","protected":false},"excerpt":{"rendered":"<p>Reinforced C\/C Composites This advanced composite material has strength and versatility. Reinforced C\/C composites are designed to improve performance in a variety of industrial applications and unleash the power of innovation. Every component of Semicera has superior quality and unparalleled durability that you can trust. We look forward to being your long-term partner in China.<\/p>","protected":false},"featured_media":534,"comment_status":"closed","ping_status":"open","template":"","meta":[],"product_brand":[],"product_cat":[20,19],"product_tag":[],"class_list":{"0":"post-1329","1":"product","2":"type-product","3":"status-publish","4":"has-post-thumbnail","6":"product_cat-other-quartz-parts","7":"product_cat-quartz","9":"first","10":"instock","11":"product-type-simple"},"_links":{"self":[{"href":"https:\/\/www.cn-semiconductorparts.com\/pt\/wp-json\/wp\/v2\/product\/1329","targetHints":{"allow":["GET"]}}],"collection":[{"href":"https:\/\/www.cn-semiconductorparts.com\/pt\/wp-json\/wp\/v2\/product"}],"about":[{"href":"https:\/\/www.cn-semiconductorparts.com\/pt\/wp-json\/wp\/v2\/types\/product"}],"replies":[{"embeddable":true,"href":"https:\/\/www.cn-semiconductorparts.com\/pt\/wp-json\/wp\/v2\/comments?post=1329"}],"wp:featuredmedia":[{"embeddable":true,"href":"https:\/\/www.cn-semiconductorparts.com\/pt\/wp-json\/wp\/v2\/media\/534"}],"wp:attachment":[{"href":"https:\/\/www.cn-semiconductorparts.com\/pt\/wp-json\/wp\/v2\/media?parent=1329"}],"wp:term":[{"taxonomy":"product_brand","embeddable":true,"href":"https:\/\/www.cn-semiconductorparts.com\/pt\/wp-json\/wp\/v2\/product_brand?post=1329"},{"taxonomy":"product_cat","embeddable":true,"href":"https:\/\/www.cn-semiconductorparts.com\/pt\/wp-json\/wp\/v2\/product_cat?post=1329"},{"taxonomy":"product_tag","embeddable":true,"href":"https:\/\/www.cn-semiconductorparts.com\/pt\/wp-json\/wp\/v2\/product_tag?post=1329"}],"curies":[{"name":"wp","href":"https:\/\/api.w.org\/{rel}","templated":true}]}}