{"id":1356,"date":"2025-09-11T05:28:39","date_gmt":"2025-09-11T05:28:39","guid":{"rendered":"https:\/\/weitai2.globaldeepsea.site\/product\/tac-coating-guide-rings\/"},"modified":"2025-09-24T16:03:57","modified_gmt":"2025-09-24T08:03:57","slug":"tac-coating-guide-rings","status":"publish","type":"product","link":"https:\/\/www.cn-semiconductorparts.com\/pt\/product\/tac-coating-guide-rings\/","title":{"rendered":"TaC Coating Guide Rings"},"content":{"rendered":"<p><?xml encoding=\"utf-8\" ?><\/p>\n<div class=\"fl-builder-content fl-builder-content-11020 fl-builder-content-primary fl-builder-global-templates-locked\" data-post-id=\"11020\">\n<div class=\"fl-row fl-row-full-width fl-row-bg-none fl-node-66f4d4ebec5f6\" data-node=\"66f4d4ebec5f6\">\n<div class=\"fl-row-content-wrap\">\n<div class=\"fl-row-content fl-row-full-width fl-node-content\">\n<div class=\"fl-col-group fl-node-66f4d4ebec6f2\" data-node=\"66f4d4ebec6f2\">\n<div class=\"fl-col fl-node-66f4d4ebec730\" data-node=\"66f4d4ebec730\" style=\"width: 100%;\">\n<div class=\"fl-col-content fl-node-content\">\n<div class=\"fl-module fl-module-rich-text fl-node-66f4d4ebec76e\" data-animation-delay=\"0.0\" data-node=\"66f4d4ebec76e\">\n<div class=\"fl-module-content fl-node-content\">\n<div class=\"fl-rich-text\">\n<p><span style=\"font-family: arial, helvetica, sans-serif; font-size: medium;\">Semicera&#8217;s TaC Coating Guide Rings are an innovative product designed to meet the challenges of high temperature and corrosive atmospheres using the latest CVD coating technology. The Tantalum Carbide material we use combines excellent wear and corrosion resistance, making these guide rings perform well under harsh conditions.<\/span><\/p>\n<p><span style=\"font-family: arial, helvetica, sans-serif; font-size: medium;\">Our TaC Coating Guide Rings provide good chemical inertness in extreme working environments, ensuring that there will be no material degradation under the influence of high temperature and corrosive gases. This feature makes Semicera&#8217;s guide rings ideal for semiconductor manufacturing, chemical and other demanding industrial applications.<\/span><\/p>\n<p><span style=\"font-family: arial, helvetica, sans-serif; font-size: medium;\">With Semicera&#8217;s TaC Coating Guide Rings, customers can enjoy a long-lasting and durable solution that significantly improves production efficiency. Each guide ring undergoes strict quality control to ensure that it meets the highest industry standards. Our goal is to help customers achieve higher stability and reliability in their applications through continuous technological innovation.<\/span><\/p>\n<p><span style=\"font-family: arial, helvetica, sans-serif; font-size: medium;\">Choosing Semicera&#8217;s TaC Coating Guide Rings, you will get a product that can maintain excellent performance in high temperature and corrosive environments, pushing your industrial applications to higher standards.<\/span><\/p>\n<div id=\"gtx-trans\" style=\"position: absolute; left: 194px; top: 111.453px;\">&nbsp;<\/div>\n<\/p><\/div>\n<\/p><\/div>\n<\/p><\/div>\n<\/p><\/div>\n<\/p><\/div>\n<\/p><\/div>\n<div class=\"fl-col-group fl-node-66f4d4ebeca1b\" data-node=\"66f4d4ebeca1b\">\n<div class=\"fl-col fl-node-66f4d4ebecb13 fl-col-small\" data-node=\"66f4d4ebecb13\" style=\"width: 50%;\">\n<div class=\"fl-col-content fl-node-content\">\n<div class=\"fl-module fl-module-photo fl-node-66f4d4ebeca97\" data-animation-delay=\"0.0\" data-node=\"66f4d4ebeca97\">\n<div class=\"fl-module-content fl-node-content\">\n<div class=\"fl-photo fl-photo-align-center\" itemscope=\"\" itemtype=\"http:\/\/schema.org\/ImageObject\">\n<div class=\"fl-photo-content fl-photo-img-jpg\"> <img decoding=\"async\" alt=\"Alta efici\u00eancia Tantalum Carbide Coating_ Melhora a efici\u00eancia da produ\u00e7\u00e3o industrial e reduz os custos de manuten\u00e7\u00e3o da imagem apresentada\" class=\"fl-photo-img wp-image-7305 size-thumbnail\" itemprop=\"image\" src=\"\/wp-content\/uploads\/2025\/09\/0c4e2486991c9804.webp\"> <\/div>\n<\/p><\/div>\n<\/p><\/div>\n<\/p><\/div>\n<div class=\"fl-module fl-module-heading fl-node-66f4d4ebecb8f\" data-animation-delay=\"0.0\" data-node=\"66f4d4ebecb8f\">\n<div class=\"fl-module-content fl-node-content\">\n<h3 class=\"fl-heading\">  Parte tac para crescimento \u00fanico cristal  <\/h3>\n<\/p><\/div>\n<\/p><\/div>\n<\/p><\/div>\n<\/p><\/div>\n<div class=\"fl-col fl-node-66f4d4ebeca59 fl-col-small\" data-node=\"66f4d4ebeca59\" style=\"width: 50%;\">\n<div class=\"fl-col-content fl-node-content\">\n<div class=\"fl-module fl-module-photo fl-node-66f4d4ebecad5\" data-animation-delay=\"0.0\" data-node=\"66f4d4ebecad5\">\n<div class=\"fl-module-content fl-node-content\">\n<div class=\"fl-photo fl-photo-align-center\" itemscope=\"\" itemtype=\"http:\/\/schema.org\/ImageObject\">\n<div class=\"fl-photo-content fl-photo-img-jpg\"> <img decoding=\"async\" alt=\"Coating de carboneto de Tantalum Antiwea\" class=\"fl-photo-img wp-image-6556 size-thumbnail\" itemprop=\"image\" src=\"\/wp-content\/uploads\/2025\/09\/3358ccbc0dafe7b5.webp\"> <\/div>\n<\/p><\/div>\n<\/p><\/div>\n<\/p><\/div>\n<div class=\"fl-module fl-module-heading fl-node-66f4d4ebecb51\" data-animation-delay=\"0.0\" data-node=\"66f4d4ebecb51\">\n<div class=\"fl-module-content fl-node-content\">\n<h3 class=\"fl-heading\">  Grafite com anel revestido com TAC  <\/h3>\n<\/p><\/div>\n<\/p><\/div>\n<\/p><\/div>\n<\/p><\/div>\n<\/p><\/div>\n<div class=\"fl-col-group fl-node-66f4d4ebec866\" data-node=\"66f4d4ebec866\">\n<div class=\"fl-col fl-node-66f4d4ebec961 fl-col-small\" data-node=\"66f4d4ebec961\" style=\"width: 50%;\">\n<div class=\"fl-col-content fl-node-content\">\n<div class=\"fl-module fl-module-photo fl-node-66f4d4ebec8e5\" data-animation-delay=\"0.0\" data-node=\"66f4d4ebec8e5\">\n<div class=\"fl-module-content fl-node-content\">\n<div class=\"fl-photo fl-photo-align-center\" itemscope=\"\" itemtype=\"http:\/\/schema.org\/ImageObject\">\n<div class=\"fl-photo-content fl-photo-img-png\"> <img decoding=\"async\" alt=\"&#24494;&#20449;&#22270;&#29255;_20240227150045\" class=\"fl-photo-img wp-image-6621\" itemprop=\"image\" src=\"\/wp-content\/uploads\/2025\/09\/7f66597ee3a8b10a.webp\"> <\/div>\n<\/p><\/div>\n<\/p><\/div>\n<\/p><\/div>\n<div class=\"fl-module fl-module-heading fl-node-66f4d4ebec9dd\" data-animation-delay=\"0.0\" data-node=\"66f4d4ebec9dd\">\n<div class=\"fl-module-content fl-node-content\">\n<h3 class=\"fl-heading\"> <span class=\"fl-heading-text\">com e sem TAC<\/span> <\/h3>\n<\/p><\/div>\n<\/p><\/div>\n<\/p><\/div>\n<\/p><\/div>\n<div class=\"fl-col fl-node-66f4d4ebec8a5 fl-col-small\" data-node=\"66f4d4ebec8a5\" style=\"width: 50%;\">\n<div class=\"fl-col-content fl-node-content\">\n<div class=\"fl-module fl-module-photo fl-node-66f4d4ebec923\" data-animation-delay=\"0.0\" data-node=\"66f4d4ebec923\">\n<div class=\"fl-module-content fl-node-content\">\n<div class=\"fl-photo fl-photo-align-center\" itemscope=\"\" itemtype=\"http:\/\/schema.org\/ImageObject\">\n<div class=\"fl-photo-content fl-photo-img-png\"> <img decoding=\"async\" alt=\"&#24494;&#20449;&#22270;&#29255;_20240227150053\" class=\"fl-photo-img wp-image-6620 size-thumbnail\" itemprop=\"image\" src=\"\/wp-content\/uploads\/2025\/09\/b13df0bf24464be4.webp\"> <\/div>\n<\/p><\/div>\n<\/p><\/div>\n<\/p><\/div>\n<div class=\"fl-module fl-module-heading fl-node-66f4d4ebec99f\" data-animation-delay=\"0.0\" data-node=\"66f4d4ebec99f\">\n<div class=\"fl-module-content fl-node-content\">\n<h3 class=\"fl-heading\"> <span class=\"fl-heading-text\">Depois de usar o TAC (\u00e0 direita)<\/span> <\/h3>\n<\/p><\/div>\n<\/p><\/div>\n<\/p><\/div>\n<\/p><\/div>\n<\/p><\/div>\n<div class=\"fl-col-group fl-node-66f4d4ebeccc6\" data-node=\"66f4d4ebeccc6\">\n<div class=\"fl-col fl-node-66f4d4ebecd0e\" data-node=\"66f4d4ebecd0e\" style=\"width: 100%;\">\n<div class=\"fl-col-content fl-node-content\">\n<div class=\"fl-module fl-module-photo fl-node-66f4d4ebecd4e\" data-animation-delay=\"0.0\" data-node=\"66f4d4ebecd4e\">\n<div class=\"fl-module-content fl-node-content\">\n<div class=\"fl-photo fl-photo-align-center\" itemscope=\"\" itemtype=\"http:\/\/schema.org\/ImageObject\">\n<div class=\"fl-photo-content fl-photo-img-png\"> <img decoding=\"async\" alt=\"0(1)\" class=\"fl-photo-img wp-image-6851\" itemprop=\"image\" src=\"\/wp-content\/uploads\/2025\/09\/474f2973c811b4a2.webp\"> <\/div>\n<\/p><\/div>\n<\/p><\/div>\n<\/p><\/div>\n<\/p><\/div>\n<\/p><\/div>\n<\/p><\/div>\n<div class=\"fl-col-group fl-node-66f4d4ebec637\" data-node=\"66f4d4ebec637\">\n<div class=\"fl-col fl-node-66f4d4ebec676\" data-node=\"66f4d4ebec676\" style=\"width: 100%;\">\n<div class=\"fl-col-content fl-node-content\">\n<div class=\"fl-module fl-module-photo fl-node-66f4d4ebec6b4\" data-animation-delay=\"0.0\" data-node=\"66f4d4ebec6b4\">\n<div class=\"fl-module-content fl-node-content\">\n<div class=\"fl-photo fl-photo-align-center\" itemscope=\"\" itemtype=\"http:\/\/schema.org\/ImageObject\">\n<div class=\"fl-photo-content fl-photo-img-jpg\"> <img decoding=\"async\" alt=\"Local de trabalho semicera\" class=\"fl-photo-img wp-image-7286\" itemprop=\"image\" src=\"\/wp-content\/uploads\/2025\/09\/b1dd0bcab1675ff4.webp\"> <\/div>\n<\/p><\/div>\n<\/p><\/div>\n<\/p><\/div>\n<\/p><\/div>\n<\/p><\/div>\n<\/p><\/div>\n<div class=\"fl-col-group fl-node-66f4d4ebec7ac\" data-node=\"66f4d4ebec7ac\">\n<div class=\"fl-col fl-node-66f4d4ebec7ea\" data-node=\"66f4d4ebec7ea\" style=\"width: 100%;\">\n<div class=\"fl-col-content fl-node-content\">\n<div class=\"fl-module fl-module-photo fl-node-66f4d4ebec828\" data-animation-delay=\"0.0\" data-node=\"66f4d4ebec828\">\n<div class=\"fl-module-content fl-node-content\">\n<div class=\"fl-photo fl-photo-align-center\" itemscope=\"\" itemtype=\"http:\/\/schema.org\/ImageObject\">\n<div class=\"fl-photo-content fl-photo-img-jpg\"> <img decoding=\"async\" alt=\"Local de trabalho semicera 2\" class=\"fl-photo-img wp-image-7287\" itemprop=\"image\" src=\"\/wp-content\/uploads\/2025\/09\/2b946d2b4b61306d.webp\"> <\/div>\n<\/p><\/div>\n<\/p><\/div>\n<\/p><\/div>\n<div class=\"fl-module fl-module-photo fl-node-66f4d4ebecc87\" data-animation-delay=\"0.0\" data-node=\"66f4d4ebecc87\">\n<div class=\"fl-module-content fl-node-content\">\n<div class=\"fl-photo fl-photo-align-center\" itemscope=\"\" itemtype=\"http:\/\/schema.org\/ImageObject\">\n<div class=\"fl-photo-content fl-photo-img-jpg\"> <img decoding=\"async\" alt=\"M\u00e1quina de equipamentos\" class=\"fl-photo-img wp-image-7288\" itemprop=\"image\" src=\"\/wp-content\/uploads\/2025\/09\/081b6529d68ead23.webp\"> <\/div>\n<\/p><\/div>\n<\/p><\/div>\n<\/p><\/div>\n<div class=\"fl-module fl-module-photo fl-node-66f4d4ebecbcc\" data-animation-delay=\"0.0\" data-node=\"66f4d4ebecbcc\">\n<div class=\"fl-module-content fl-node-content\">\n<div class=\"fl-photo fl-photo-align-center\" itemscope=\"\" itemtype=\"http:\/\/schema.org\/ImageObject\">\n<div class=\"fl-photo-content fl-photo-img-jpg\"> <img decoding=\"async\" alt=\"Ware House Semicera\" class=\"fl-photo-img wp-image-7140\" itemprop=\"image\" src=\"\/wp-content\/uploads\/2025\/09\/2190bb9ce5c1d546.webp\"> <\/div>\n<\/p><\/div>\n<\/p><\/div>\n<\/p><\/div>\n<div class=\"fl-module fl-module-photo fl-node-66f4d4ebecc49\" data-animation-delay=\"0.0\" data-node=\"66f4d4ebecc49\">\n<div class=\"fl-module-content fl-node-content\">\n<div class=\"fl-photo fl-photo-align-center\" itemscope=\"\" itemtype=\"http:\/\/schema.org\/ImageObject\">\n<div class=\"fl-photo-content fl-photo-img-jpg\"> <img decoding=\"async\" alt=\"Processamento da CNN, limpeza qu\u00edmica, revestimento de CVD\" class=\"fl-photo-img wp-image-7289\" itemprop=\"image\" src=\"\/wp-content\/uploads\/2025\/09\/a4132b2b399abbac.webp\"> <\/div>\n<\/p><\/div>\n<\/p><\/div>\n<\/p><\/div>\n<div class=\"fl-module fl-module-photo fl-node-66f4d4ebecc0b\" data-animation-delay=\"0.0\" data-node=\"66f4d4ebecc0b\">\n<div class=\"fl-module-content fl-node-content\">\n<div class=\"fl-photo fl-photo-align-center\" itemscope=\"\" itemtype=\"http:\/\/schema.org\/ImageObject\">\n<div class=\"fl-photo-content fl-photo-img-jpg\"> <img decoding=\"async\" alt=\"Nosso servi\u00e7o\" class=\"fl-photo-img wp-image-7290\" itemprop=\"image\" src=\"\/wp-content\/uploads\/2025\/09\/b07f222c0ec0ab8d.webp\"> <\/div>\n<\/p><\/div>\n<\/p><\/div>\n<\/p><\/div>\n<\/p><\/div>\n<\/p><\/div>\n<\/p><\/div>\n<\/p><\/div>\n<\/p><\/div>\n<\/p><\/div>\n<\/div>","protected":false},"excerpt":{"rendered":"<p><?xml encoding=\"utf-8\" ?><\/p>\n<p>Semicera&rsquo;s TaC Coated Guide Rings is a premium product designed for extreme working conditions. It uses advanced TaC coating technology to provide excellent chemical inertness and thermal stability to ensure excellent performance in high temperature and corrosive environments. It is an ideal choice for semiconductor manufacturing.<\/p>","protected":false},"featured_media":927,"comment_status":"closed","ping_status":"open","template":"","meta":[],"product_brand":[],"product_cat":[45,24],"product_tag":[],"class_list":{"0":"post-1356","1":"product","2":"type-product","3":"status-publish","4":"has-post-thumbnail","6":"product_cat-silicon-carbide-boat","7":"product_cat-silicon-carbide-ceramic","9":"first","10":"instock","11":"product-type-simple"},"_links":{"self":[{"href":"https:\/\/www.cn-semiconductorparts.com\/pt\/wp-json\/wp\/v2\/product\/1356","targetHints":{"allow":["GET"]}}],"collection":[{"href":"https:\/\/www.cn-semiconductorparts.com\/pt\/wp-json\/wp\/v2\/product"}],"about":[{"href":"https:\/\/www.cn-semiconductorparts.com\/pt\/wp-json\/wp\/v2\/types\/product"}],"replies":[{"embeddable":true,"href":"https:\/\/www.cn-semiconductorparts.com\/pt\/wp-json\/wp\/v2\/comments?post=1356"}],"wp:featuredmedia":[{"embeddable":true,"href":"https:\/\/www.cn-semiconductorparts.com\/pt\/wp-json\/wp\/v2\/media\/927"}],"wp:attachment":[{"href":"https:\/\/www.cn-semiconductorparts.com\/pt\/wp-json\/wp\/v2\/media?parent=1356"}],"wp:term":[{"taxonomy":"product_brand","embeddable":true,"href":"https:\/\/www.cn-semiconductorparts.com\/pt\/wp-json\/wp\/v2\/product_brand?post=1356"},{"taxonomy":"product_cat","embeddable":true,"href":"https:\/\/www.cn-semiconductorparts.com\/pt\/wp-json\/wp\/v2\/product_cat?post=1356"},{"taxonomy":"product_tag","embeddable":true,"href":"https:\/\/www.cn-semiconductorparts.com\/pt\/wp-json\/wp\/v2\/product_tag?post=1356"}],"curies":[{"name":"wp","href":"https:\/\/api.w.org\/{rel}","templated":true}]}}