{"id":1435,"date":"2025-09-11T05:29:06","date_gmt":"2025-09-11T05:29:06","guid":{"rendered":"https:\/\/weitai2.globaldeepsea.site\/product\/silicon-carbide-coated-graphite-wafer-carriers\/"},"modified":"2026-04-29T15:33:29","modified_gmt":"2026-04-29T07:33:29","slug":"silicon-carbide-coated-graphite-wafer-carriers","status":"publish","type":"product","link":"https:\/\/www.cn-semiconductorparts.com\/pt\/product\/silicon-carbide-coated-graphite-wafer-carriers\/","title":{"rendered":"Transportadores de wafer de grafite revestidos com carboneto de sil\u00edcio"},"content":{"rendered":"<div class=\"fl-builder-content fl-builder-content-9746 fl-builder-content-primary fl-builder-global-templates-locked\" data-post-id=\"9746\">\n<div class=\"fl-row fl-row-full-width fl-row-bg-none fl-node-66a7580c8216a\" data-node=\"66a7580c8216a\">\n<div class=\"fl-row-content-wrap\">\n<div class=\"fl-row-content fl-row-full-width fl-node-content\">\n<div class=\"fl-col-group fl-node-66a7580c821af\" data-node=\"66a7580c821af\">\n<div class=\"fl-col fl-node-66a7580c821f1\" data-node=\"66a7580c821f1\" style=\"width: 100%;\">\n<div class=\"fl-col-content fl-node-content\">\n<div class=\"fl-module fl-module-heading fl-node-66a7580c82232 pro_tit\" data-animation-delay=\"0.0\" data-node=\"66a7580c82232\">\n<div class=\"fl-module-content fl-node-content\">\n<h3 class=\"fl-heading\"> <span class=\"fl-heading-text\">Descri\u00e7\u00e3o<\/span> <\/h3>\n<\/p><\/div>\n<\/p><\/div>\n<\/p><\/div>\n<\/p><\/div>\n<\/p><\/div>\n<div class=\"fl-col-group fl-node-66a7580c82273\" data-node=\"66a7580c82273\">\n<div class=\"fl-col fl-node-66a7580c822b4\" data-node=\"66a7580c822b4\" style=\"width: 100%;\">\n<div class=\"fl-col-content fl-node-content\">\n<div class=\"fl-module fl-module-rich-text fl-node-66a7580c822f5\" data-animation-delay=\"0.0\" data-node=\"66a7580c822f5\">\n<div class=\"fl-module-content fl-node-content\">\n<div class=\"fl-rich-text\">\n<p>Os portadores de wafer semicorex com revestimento SiC fornecem estabilidade e condutividade t\u00e9rmica excepcionais, garantindo distribui\u00e7\u00e3o uniforme de calor durante os processos de DCV, crucial para as caracter\u00edsticas de filme fino e revestimento de alta qualidade.<\/p>\n<\/p><\/div>\n<\/p><\/div>\n<\/p><\/div>\n<div class=\"fl-module fl-module-heading fl-node-66a759835e976 pro_tit\" data-animation-delay=\"0.0\" data-node=\"66a759835e976\">\n<div class=\"fl-module-content fl-node-content\">\n<h3 class=\"fl-heading\"> <span class=\"fl-heading-text\">Principais recursos:<\/span> <\/h3>\n<\/p><\/div>\n<\/p><\/div>\n<div class=\"fl-module fl-module-rich-text fl-node-66a7590bc4695\" data-animation-delay=\"0.0\" data-node=\"66a7590bc4695\">\n<div class=\"fl-module-content fl-node-content\">\n<div class=\"fl-rich-text\">\n<p><strong>1. Excelente estabilidade t\u00e9rmica e condutividade<\/strong> Nossos portadores de bolacha revestidos com SIC se destacam na manuten\u00e7\u00e3o de temperaturas est\u00e1veis \u200b\u200be consistentes, cruciais para os processos de CVD. Isso garante distribui\u00e7\u00e3o uniforme de calor, levando \u00e0 qualidade fina de filmes finos e revestimento.<\/p>\n<p><strong>2. Fabrica\u00e7\u00e3o de precis\u00e3o<\/strong> Cada transportador de wafer \u00e9 fabricado com padr\u00f5es exigentes, garantindo espessura uniforme e suavidade da superf\u00edcie. Essa precis\u00e3o \u00e9 vital para alcan\u00e7ar taxas de deposi\u00e7\u00e3o consistentes e propriedades de filme em v\u00e1rias bolachas, aumentando a qualidade geral da fabrica\u00e7\u00e3o.<\/p>\n<p><strong>3. Barreira de impureza<\/strong> O revestimento do SiC atua como uma barreira imperme\u00e1vel, impedindo a difus\u00e3o de impurezas do suscetador na bolacha. Isso minimiza os riscos de contamina\u00e7\u00e3o, o que \u00e9 cr\u00edtico para a produ\u00e7\u00e3o de dispositivos semicondutores de alta pureza.<\/p>\n<p><strong>4. Durabilidade e efici\u00eancia de custos<\/strong> A constru\u00e7\u00e3o robusta e o revestimento SiC aumentam a durabilidade dos portadores de wafer, reduzindo a frequ\u00eancia das substitui\u00e7\u00f5es de suscetores. Isso leva a menores custos de manuten\u00e7\u00e3o e tempo de inatividade minimizado, aumentando a efici\u00eancia das opera\u00e7\u00f5es de fabrica\u00e7\u00e3o de semicondutores.<\/p>\n<p><strong>5. Op\u00e7\u00f5es de personaliza\u00e7\u00e3o<\/strong> Os portadores de wafer de semicorex com revestimento SiC podem ser personalizados para atender aos requisitos espec\u00edficos do processo, incluindo varia\u00e7\u00f5es de tamanho, forma e espessura do revestimento. Essa flexibilidade permite a otimiza\u00e7\u00e3o do suscetador para atender \u00e0s demandas \u00fanicas de diferentes processos de fabrica\u00e7\u00e3o de semicondutores. As op\u00e7\u00f5es de personaliza\u00e7\u00e3o permitem o desenvolvimento de projetos de susceptores adaptados para aplica\u00e7\u00f5es especializadas, como fabrica\u00e7\u00e3o ou pesquisa de alto volume, garantindo o desempenho ideal para casos de uso espec\u00edficos.<\/p>\n<\/p><\/div>\n<\/p><\/div>\n<\/p><\/div>\n<\/p><\/div>\n<\/p><\/div>\n<\/p><\/div>\n<\/p><\/div>\n<\/p><\/div>\n<\/p><\/div>\n<div class=\"fl-row fl-row-full-width fl-row-bg-none fl-node-66a7580c8247b\" data-node=\"66a7580c8247b\">\n<div class=\"fl-row-content-wrap\">\n<div class=\"fl-row-content fl-row-full-width fl-node-content\">\n<div class=\"fl-col-group fl-node-66a7580c824bd\" data-node=\"66a7580c824bd\">\n<div class=\"fl-col fl-node-66a7580c824ff\" data-node=\"66a7580c824ff\" style=\"width: 100%;\">\n<div class=\"fl-col-content fl-node-content\">\n<div class=\"fl-module fl-module-heading fl-node-66a7580c82540 pro_tit\" data-animation-delay=\"0.0\" data-node=\"66a7580c82540\">\n<div class=\"fl-module-content fl-node-content\">\n<h3 class=\"fl-heading\"> <span class=\"fl-heading-text\">Aplica\u00e7\u00f5es:<\/span> <\/h3>\n<\/p><\/div>\n<\/p><\/div>\n<\/p><\/div>\n<\/p><\/div>\n<\/p><\/div>\n<div class=\"fl-col-group fl-node-66a7580c82581\" data-node=\"66a7580c82581\">\n<div class=\"fl-col fl-node-66a7580c825c2\" data-node=\"66a7580c825c2\" style=\"width: 100%;\">\n<div class=\"fl-col-content fl-node-content\">\n<div class=\"fl-module fl-module-rich-text fl-node-66a7580c82603\" data-animation-delay=\"0.0\" data-node=\"66a7580c82603\">\n<div class=\"fl-module-content fl-node-content\">\n<div class=\"fl-rich-text\">\n<p>Os transportadores semicera de bolacha com revestimento SiC s\u00e3o ideais para:<\/p>\n<p>\u2022\u00a0Crescimento epitaxial de materiais semicondutores<\/p>\n<p>\u2022\u00a0Processos de deposi\u00e7\u00e3o de vapor qu\u00edmico (CVD)<\/p>\n<p>\u2022\u00a0Produ\u00e7\u00e3o de bolachas de semicondutores de alta qualidade<\/p>\n<p>\u2022\u00a0Aplica\u00e7\u00f5es avan\u00e7adas de fabrica\u00e7\u00e3o de semicondutores<\/p>\n<\/p><\/div>\n<\/p><\/div>\n<\/p><\/div>\n<\/p><\/div>\n<\/p><\/div>\n<\/p><\/div>\n<\/p><\/div>\n<\/p><\/div>\n<\/p><\/div>\n<div class=\"fl-row fl-row-full-width fl-row-bg-none fl-node-66a7580c82644\" data-node=\"66a7580c82644\">\n<div class=\"fl-row-content-wrap\">\n<div class=\"fl-row-content fl-row-full-width fl-node-content\">\n<div class=\"fl-col-group fl-node-66a7580c82684\" data-node=\"66a7580c82684\">\n<div class=\"fl-col fl-node-66a7580c826c6\" data-node=\"66a7580c826c6\" style=\"width: 100%;\">\n<div class=\"fl-col-content fl-node-content\">\n<div class=\"fl-module fl-module-heading fl-node-66a7580c82706 pro_tit\" data-animation-delay=\"0.0\" data-node=\"66a7580c82706\">\n<div class=\"fl-module-content fl-node-content\">\n<h3 class=\"fl-heading\"> <span class=\"fl-heading-text\">Especifica\u00e7\u00f5es t\u00e9cnicas:<\/span> <\/h3>\n<\/p><\/div>\n<\/p><\/div>\n<\/p><\/div>\n<\/p><\/div>\n<\/p><\/div>\n<div class=\"fl-col-group fl-node-66a758d34a177\" data-node=\"66a758d34a177\">\n<div class=\"fl-col fl-node-66a758d34a390\" data-node=\"66a758d34a390\" style=\"width: 100%;\">\n<div class=\"fl-col-content fl-node-content\">\n<div class=\"fl-module fl-module-photo fl-node-66a758d349fe7\" data-animation-delay=\"0.0\" data-node=\"66a758d349fe7\">\n<div class=\"fl-module-content fl-node-content\">\n<div class=\"fl-photo fl-photo-align-center\" itemscope=\"\" itemtype=\"http:\/\/schema.org\/ImageObject\">\n<div class=\"fl-photo-content fl-photo-img-jpg\"> <img decoding=\"async\" alt=\"WeChat ScreenShot_20240wert729144258\" class=\"fl-photo-img wp-image-9723\" itemprop=\"image\" src=\"\/wp-content\/uploads\/2025\/09\/f4f3abcce1fbe002.webp\"> <\/img><\/div>\n<\/p><\/div>\n<\/p><\/div>\n<\/p><\/div>\n<\/p><\/div>\n<\/p><\/div>\n<\/p><\/div>\n<\/p><\/div>\n<\/p><\/div>\n<\/p><\/div>\n<div class=\"fl-row fl-row-full-width fl-row-bg-none fl-node-66a75814aac90\" data-node=\"66a75814aac90\">\n<div class=\"fl-row-content-wrap\">\n<div class=\"fl-row-content fl-row-full-width fl-node-content\">\n<div class=\"fl-col-group fl-node-66a75814aacd3\" data-node=\"66a75814aacd3\">\n<div class=\"fl-col fl-node-66a75814aad18\" data-node=\"66a75814aad18\" style=\"width: 100%;\">\n<div class=\"fl-col-content fl-node-content\">\n<div class=\"fl-module fl-module-photo fl-node-66a75814aad58\" data-animation-delay=\"0.0\" data-node=\"66a75814aad58\">\n<div class=\"fl-module-content fl-node-content\">\n<div class=\"fl-photo fl-photo-align-center\" itemscope=\"\" itemtype=\"http:\/\/schema.org\/ImageObject\">\n<div class=\"fl-photo-content fl-photo-img-jpg\"> <img decoding=\"async\" alt=\"Local de trabalho semicera\" class=\"fl-photo-img wp-image-9038\" itemprop=\"image\" src=\"\/wp-content\/uploads\/2025\/09\/b1dd0bcab1675ff4.webp\"> <\/img><\/div>\n<\/p><\/div>\n<\/p><\/div>\n<\/p><\/div>\n<div class=\"fl-module fl-module-photo fl-node-66a75814aae9f\" data-animation-delay=\"0.0\" data-node=\"66a75814aae9f\">\n<div class=\"fl-module-content fl-node-content\">\n<div class=\"fl-photo fl-photo-align-center\" itemscope=\"\" itemtype=\"http:\/\/schema.org\/ImageObject\">\n<div class=\"fl-photo-content fl-photo-img-jpg\"> <img decoding=\"async\" alt=\"Local de trabalho semicera 2\" class=\"fl-photo-img wp-image-9037\" itemprop=\"image\" src=\"\/wp-content\/uploads\/2025\/09\/2b946d2b4b61306d.webp\"> <\/img><\/div>\n<\/p><\/div>\n<\/p><\/div>\n<\/p><\/div>\n<div class=\"fl-module fl-module-photo fl-node-66a75814aae60\" data-animation-delay=\"0.0\" data-node=\"66a75814aae60\">\n<div class=\"fl-module-content fl-node-content\">\n<div class=\"fl-photo fl-photo-align-center\" itemscope=\"\" itemtype=\"http:\/\/schema.org\/ImageObject\">\n<div class=\"fl-photo-content fl-photo-img-jpg\"> <img decoding=\"async\" alt=\"M\u00e1quina de equipamentos\" class=\"fl-photo-img wp-image-9034 size-full\" itemprop=\"image\" src=\"\/wp-content\/uploads\/2025\/09\/081b6529d68ead23.webp\"> <\/img><\/div>\n<\/p><\/div>\n<\/p><\/div>\n<\/p><\/div>\n<div class=\"fl-module fl-module-photo fl-node-66a75814aae21\" data-animation-delay=\"0.0\" data-node=\"66a75814aae21\">\n<div class=\"fl-module-content fl-node-content\">\n<div class=\"fl-photo fl-photo-align-center\" itemscope=\"\" itemtype=\"http:\/\/schema.org\/ImageObject\">\n<div class=\"fl-photo-content fl-photo-img-jpg\"> <img decoding=\"async\" alt=\"Processamento da CNN, limpeza qu\u00edmica, revestimento de CVD\" class=\"fl-photo-img wp-image-9033\" itemprop=\"image\" src=\"\/wp-content\/uploads\/2025\/09\/a4132b2b399abbac.webp\"> <\/img><\/div>\n<\/p><\/div>\n<\/p><\/div>\n<\/p><\/div>\n<div class=\"fl-module fl-module-photo fl-node-66a75814aadd9\" data-animation-delay=\"0.0\" data-node=\"66a75814aadd9\">\n<div class=\"fl-module-content fl-node-content\">\n<div class=\"fl-photo fl-photo-align-center\" itemscope=\"\" itemtype=\"http:\/\/schema.org\/ImageObject\">\n<div class=\"fl-photo-content fl-photo-img-jpg\"> <img decoding=\"async\" alt=\"Ware House Semicera\" class=\"fl-photo-img wp-image-9036\" itemprop=\"image\" src=\"\/wp-content\/uploads\/2025\/09\/2190bb9ce5c1d546.webp\"> <\/img><\/div>\n<\/p><\/div>\n<\/p><\/div>\n<\/p><\/div>\n<div class=\"fl-module fl-module-photo fl-node-66a75814aad98\" data-animation-delay=\"0.0\" data-node=\"66a75814aad98\">\n<div class=\"fl-module-content fl-node-content\">\n<div class=\"fl-photo fl-photo-align-center\" itemscope=\"\" itemtype=\"http:\/\/schema.org\/ImageObject\">\n<div class=\"fl-photo-content fl-photo-img-jpg\"> <img decoding=\"async\" alt=\"Nosso servi\u00e7o\" class=\"fl-photo-img wp-image-9035\" itemprop=\"image\" src=\"\/wp-content\/uploads\/2025\/09\/b07f222c0ec0ab8d.webp\"> <\/img><\/div>\n<\/p><\/div>\n<\/p><\/div>\n<\/p><\/div>\n<\/p><\/div>\n<\/p><\/div>\n<\/p><\/div>\n<\/p><\/div>\n<\/p><\/div>\n<\/p><\/div>\n<\/div>","protected":false},"excerpt":{"rendered":"<p>As transportadoras de wafer de grafite revestidas com carboneto de silicone semicera e semicondutor oferecem resist\u00eancia excepcional e estabilidade t\u00e9rmica para manuseio de bolacha. Escolha Semicera para transportadoras de alto desempenho com tecnologia avan\u00e7ada de revestimento SIC, garantindo maior durabilidade e efici\u00eancia em aplica\u00e7\u00f5es de semicondutores.<\/p>","protected":false},"featured_media":645,"comment_status":"closed","ping_status":"open","template":"","meta":[],"product_brand":[],"product_cat":[16,18],"product_tag":[],"class_list":{"0":"post-1435","1":"product","2":"type-product","3":"status-publish","4":"has-post-thumbnail","6":"product_cat-cvd-sic","7":"product_cat-sic-epitaxial-parts","9":"first","10":"instock","11":"product-type-simple"},"_links":{"self":[{"href":"https:\/\/www.cn-semiconductorparts.com\/pt\/wp-json\/wp\/v2\/product\/1435","targetHints":{"allow":["GET"]}}],"collection":[{"href":"https:\/\/www.cn-semiconductorparts.com\/pt\/wp-json\/wp\/v2\/product"}],"about":[{"href":"https:\/\/www.cn-semiconductorparts.com\/pt\/wp-json\/wp\/v2\/types\/product"}],"replies":[{"embeddable":true,"href":"https:\/\/www.cn-semiconductorparts.com\/pt\/wp-json\/wp\/v2\/comments?post=1435"}],"wp:featuredmedia":[{"embeddable":true,"href":"https:\/\/www.cn-semiconductorparts.com\/pt\/wp-json\/wp\/v2\/media\/645"}],"wp:attachment":[{"href":"https:\/\/www.cn-semiconductorparts.com\/pt\/wp-json\/wp\/v2\/media?parent=1435"}],"wp:term":[{"taxonomy":"product_brand","embeddable":true,"href":"https:\/\/www.cn-semiconductorparts.com\/pt\/wp-json\/wp\/v2\/product_brand?post=1435"},{"taxonomy":"product_cat","embeddable":true,"href":"https:\/\/www.cn-semiconductorparts.com\/pt\/wp-json\/wp\/v2\/product_cat?post=1435"},{"taxonomy":"product_tag","embeddable":true,"href":"https:\/\/www.cn-semiconductorparts.com\/pt\/wp-json\/wp\/v2\/product_tag?post=1435"}],"curies":[{"name":"wp","href":"https:\/\/api.w.org\/{rel}","templated":true}]}}