{"id":1437,"date":"2025-09-11T05:29:06","date_gmt":"2025-09-11T05:29:06","guid":{"rendered":"https:\/\/weitai2.globaldeepsea.site\/product\/sic-coating-graphite-wafer-susceptor\/"},"modified":"2026-04-29T15:33:30","modified_gmt":"2026-04-29T07:33:30","slug":"sic-coating-graphite-wafer-susceptor","status":"publish","type":"product","link":"https:\/\/www.cn-semiconductorparts.com\/pt\/product\/sic-coating-graphite-wafer-susceptor\/","title":{"rendered":"SiC Coating Graphite Wafer Susceptor"},"content":{"rendered":"<div class=\"fl-builder-content fl-builder-content-9739 fl-builder-content-primary fl-builder-global-templates-locked\" data-post-id=\"9739\">\n<div class=\"fl-row fl-row-full-width fl-row-bg-none fl-node-66a74f4d34cf0\" data-node=\"66a74f4d34cf0\">\n<div class=\"fl-row-content-wrap\">\n<div class=\"fl-row-content fl-row-full-width fl-node-content\">\n<div class=\"fl-col-group fl-node-66a74f4d34d34\" data-node=\"66a74f4d34d34\">\n<div class=\"fl-col fl-node-66a74f4d34d76\" data-node=\"66a74f4d34d76\" style=\"width: 100%;\">\n<div class=\"fl-col-content fl-node-content\">\n<div class=\"fl-module fl-module-heading fl-node-66a74f4d34db7 pro_tit\" data-animation-delay=\"0.0\" data-node=\"66a74f4d34db7\">\n<div class=\"fl-module-content fl-node-content\">\n<h3 class=\"fl-heading\"> <span class=\"fl-heading-text\">Descri\u00e7\u00e3o<\/span> <\/h3>\n<\/p><\/div>\n<\/p><\/div>\n<div class=\"fl-module fl-module-rich-text fl-node-66a74f4d34e7a\" data-animation-delay=\"0.0\" data-node=\"66a74f4d34e7a\">\n<div class=\"fl-module-content fl-node-content\">\n<div class=\"fl-rich-text\">\n<p>Semicera&#8217;s SiC Wafer Susceptors for MOCVD (Metal-Organic Chemical Vapor Deposition) are engineered to meet the exacting demands of epitaxial deposition processes. Utilizing high-quality Silicon Carbide (SiC), these susceptors offer unparalleled durability and performance in high-temperature and corrosive environments, ensuring the precise and efficient growth of semiconductor materials.<\/p>\n<\/p><\/div>\n<\/p><\/div>\n<\/p><\/div>\n<div class=\"fl-module fl-module-heading fl-node-66a750770d5b8 pro_tit\" data-animation-delay=\"0.0\" data-node=\"66a750770d5b8\">\n<div class=\"fl-module-content fl-node-content\">\n<h3 class=\"fl-heading\"> <span class=\"fl-heading-text\">Principais recursos:<\/span> <\/h3>\n<\/p><\/div>\n<\/p><\/div>\n<\/p><\/div>\n<\/p><\/div>\n<\/p><\/div>\n<div class=\"fl-col-group fl-node-66a74f4d34df8\" data-node=\"66a74f4d34df8\">\n<div class=\"fl-col fl-node-66a74f4d34e39\" data-node=\"66a74f4d34e39\" style=\"width: 100%;\">\n<div class=\"fl-col-content fl-node-content\">\n<div class=\"fl-module fl-module-rich-text fl-node-66a750879fca9\" data-animation-delay=\"0.0\" data-node=\"66a750879fca9\">\n<div class=\"fl-module-content fl-node-content\">\n<div class=\"fl-rich-text\">\n<p><strong>1. Superior Material Properties<\/strong> Constructed from high-grade SiC, our wafer susceptors exhibit exceptional thermal conductivity and chemical resistance. These properties enable them to withstand the extreme conditions of MOCVD processes, including high temperatures and corrosive gases, ensuring longevity and reliable performance.<\/p>\n<p><strong>2. Precision in Epitaxial Deposition<\/strong> The precise engineering of our SiC Wafer Susceptors ensures uniform temperature distribution across the wafer surface, facilitating consistent and high-quality epitaxial layer growth. This precision is critical for producing semiconductors with optimal electrical properties.<\/p>\n<p><strong>3. Enhanced Durability<\/strong> The robust SiC material provides excellent resistance to wear and degradation, even under continuous exposure to harsh process environments. This durability reduces the frequency of susceptor replacements, minimizing downtime and operational costs.<\/p>\n<\/p><\/div>\n<\/p><\/div>\n<\/p><\/div>\n<\/p><\/div>\n<\/p><\/div>\n<\/p><\/div>\n<\/p><\/div>\n<\/p><\/div>\n<\/p><\/div>\n<div class=\"fl-row fl-row-full-width fl-row-bg-none fl-node-66a74f4d3500b\" data-node=\"66a74f4d3500b\">\n<div class=\"fl-row-content-wrap\">\n<div class=\"fl-row-content fl-row-full-width fl-node-content\">\n<div class=\"fl-col-group fl-node-66a74f4d3504d\" data-node=\"66a74f4d3504d\">\n<div class=\"fl-col fl-node-66a74f4d3508e\" data-node=\"66a74f4d3508e\" style=\"width: 100%;\">\n<div class=\"fl-col-content fl-node-content\">\n<div class=\"fl-module fl-module-heading fl-node-66a74f4d350cf pro_tit\" data-animation-delay=\"0.0\" data-node=\"66a74f4d350cf\">\n<div class=\"fl-module-content fl-node-content\">\n<h3 class=\"fl-heading\"> <span class=\"fl-heading-text\">Applications\uff1a<\/span> <\/h3>\n<\/p><\/div>\n<\/p><\/div>\n<\/p><\/div>\n<\/p><\/div>\n<\/p><\/div>\n<div class=\"fl-col-group fl-node-66a74f4d3510f\" data-node=\"66a74f4d3510f\">\n<div class=\"fl-col fl-node-66a74f4d35151\" data-node=\"66a74f4d35151\" style=\"width: 100%;\">\n<div class=\"fl-col-content fl-node-content\">\n<div class=\"fl-module fl-module-rich-text fl-node-66a74f4d35191\" data-animation-delay=\"0.0\" data-node=\"66a74f4d35191\">\n<div class=\"fl-module-content fl-node-content\">\n<div class=\"fl-rich-text\">\n<p>Semicera&#8217;s SiC Wafer Susceptors for MOCVD are ideally suited for:<\/p>\n<p>\u2022\u00a0Crescimento epitaxial de materiais semicondutores<\/p>\n<p>\u2022\u00a0High-temperature MOCVD processes<\/p>\n<p>\u2022\u00a0Production of GaN, AlN, and other compound semiconductors<\/p>\n<p>\u2022\u00a0Aplica\u00e7\u00f5es avan\u00e7adas de fabrica\u00e7\u00e3o de semicondutores<\/p>\n<\/p><\/div>\n<\/p><\/div>\n<\/p><\/div>\n<\/p><\/div>\n<\/p><\/div>\n<\/p><\/div>\n<\/p><\/div>\n<\/p><\/div>\n<\/p><\/div>\n<div class=\"fl-row fl-row-full-width fl-row-bg-none fl-node-66a74f4d351d2\" data-node=\"66a74f4d351d2\">\n<div class=\"fl-row-content-wrap\">\n<div class=\"fl-row-content fl-row-full-width fl-node-content\">\n<div class=\"fl-col-group fl-node-66a74f4d35213\" data-node=\"66a74f4d35213\">\n<div class=\"fl-col fl-node-66a74f4d35255\" data-node=\"66a74f4d35255\" style=\"width: 100%;\">\n<div class=\"fl-col-content fl-node-content\">\n<div class=\"fl-module fl-module-heading fl-node-66a74f4d35295 pro_tit\" data-animation-delay=\"0.0\" data-node=\"66a74f4d35295\">\n<div class=\"fl-module-content fl-node-content\">\n<h3 class=\"fl-heading\"> <span class=\"fl-heading-text\">Main Specifications of CVD-SIC Coatings:<\/span> <\/h3>\n<\/p><\/div>\n<\/p><\/div>\n<\/p><\/div>\n<\/p><\/div>\n<\/p><\/div>\n<div class=\"fl-col-group fl-node-66a74f8252297\" data-node=\"66a74f8252297\">\n<div class=\"fl-col fl-node-66a74f825249b\" data-node=\"66a74f825249b\" style=\"width: 100%;\">\n<div class=\"fl-col-content fl-node-content\">\n<div class=\"fl-module fl-module-photo fl-node-66a74f8252113\" data-animation-delay=\"0.0\" data-node=\"66a74f8252113\">\n<div class=\"fl-module-content fl-node-content\">\n<div class=\"fl-photo fl-photo-align-center\" itemscope=\"\" itemtype=\"http:\/\/schema.org\/ImageObject\">\n<div class=\"fl-photo-content fl-photo-img-jpg\"> <img decoding=\"async\" alt=\"WeChat ScreenShot_20240wert729144258\" class=\"fl-photo-img wp-image-9723\" itemprop=\"image\" src=\"\/wp-content\/uploads\/2025\/09\/f4f3abcce1fbe002.webp\"> <\/img><\/div>\n<\/p><\/div>\n<\/p><\/div>\n<\/p><\/div>\n<\/p><\/div>\n<\/p><\/div>\n<\/p><\/div>\n<\/p><\/div>\n<\/p><\/div>\n<\/p><\/div>\n<div class=\"fl-row fl-row-full-width fl-row-bg-none fl-node-66a74f4d356fc\" data-node=\"66a74f4d356fc\">\n<div class=\"fl-row-content-wrap\">\n<div class=\"fl-row-content fl-row-full-width fl-node-content\">\n<div class=\"fl-col-group fl-node-66a74f4d35740\" data-node=\"66a74f4d35740\">\n<div class=\"fl-col fl-node-66a74f4d35780\" data-node=\"66a74f4d35780\" style=\"width: 100%;\">\n<div class=\"fl-col-content fl-node-content\">\n<div class=\"fl-module fl-module-heading fl-node-66a74f4d357c0 pro_tit\" data-animation-delay=\"0.0\" data-node=\"66a74f4d357c0\">\n<div class=\"fl-module-content fl-node-content\">\n<h3 class=\"fl-heading\"> <span class=\"fl-heading-text\">Benefits:<\/span> <\/h3>\n<\/p><\/div>\n<\/p><\/div>\n<\/p><\/div>\n<\/p><\/div>\n<\/p><\/div>\n<div class=\"fl-col-group fl-node-66a74f4d357ff\" data-node=\"66a74f4d357ff\">\n<div class=\"fl-col fl-node-66a74f4d3583f\" data-node=\"66a74f4d3583f\" style=\"width: 100%;\">\n<div class=\"fl-col-content fl-node-content\">\n<div class=\"fl-module fl-module-rich-text fl-node-66a74f4d3587f\" data-animation-delay=\"0.0\" data-node=\"66a74f4d3587f\">\n<div class=\"fl-module-content fl-node-content\">\n<div class=\"fl-rich-text\">\n<p><strong><strong>\u2022\u00a0<\/strong>High Precision<\/strong>: Ensures uniform and high-quality epitaxial growth.<\/p>\n<p><strong><strong>\u2022\u00a0<\/strong>Long-Lasting Performance<\/strong>: Exceptional durability reduces replacement frequency.<\/p>\n<p><strong>\u2022 Cost-Efficiency<\/strong>: Minimizes operational costs through reduced downtime and maintenance.<\/p>\n<p>\u2022\u00a0<strong>Versatility<\/strong>: Customizable to fit various MOCVD process requirements.<\/p>\n<\/p><\/div>\n<\/p><\/div>\n<\/p><\/div>\n<\/p><\/div>\n<\/p><\/div>\n<\/p><\/div>\n<\/p><\/div>\n<\/p><\/div>\n<\/p><\/div>\n<div class=\"fl-row fl-row-full-width fl-row-bg-none fl-node-66a74f6524631\" data-node=\"66a74f6524631\">\n<div class=\"fl-row-content-wrap\">\n<div class=\"fl-row-content fl-row-full-width fl-node-content\">\n<div class=\"fl-col-group fl-node-66a74f6524672\" data-node=\"66a74f6524672\">\n<div class=\"fl-col fl-node-66a74f65246b1\" data-node=\"66a74f65246b1\" style=\"width: 100%;\">\n<div class=\"fl-col-content fl-node-content\">\n<div class=\"fl-module fl-module-photo fl-node-66a74f65246ef\" data-animation-delay=\"0.0\" data-node=\"66a74f65246ef\">\n<div class=\"fl-module-content fl-node-content\">\n<div class=\"fl-photo fl-photo-align-center\" itemscope=\"\" itemtype=\"http:\/\/schema.org\/ImageObject\">\n<div class=\"fl-photo-content fl-photo-img-jpg\"> <img decoding=\"async\" alt=\"Local de trabalho semicera\" class=\"fl-photo-img wp-image-9038\" itemprop=\"image\" src=\"\/wp-content\/uploads\/2025\/09\/b1dd0bcab1675ff4.webp\"> <\/img><\/div>\n<\/p><\/div>\n<\/p><\/div>\n<\/p><\/div>\n<div class=\"fl-module fl-module-photo fl-node-66a74f6524834\" data-animation-delay=\"0.0\" data-node=\"66a74f6524834\">\n<div class=\"fl-module-content fl-node-content\">\n<div class=\"fl-photo fl-photo-align-center\" itemscope=\"\" itemtype=\"http:\/\/schema.org\/ImageObject\">\n<div class=\"fl-photo-content fl-photo-img-jpg\"> <img decoding=\"async\" alt=\"Local de trabalho semicera 2\" class=\"fl-photo-img wp-image-9037\" itemprop=\"image\" src=\"\/wp-content\/uploads\/2025\/09\/2b946d2b4b61306d.webp\"> <\/img><\/div>\n<\/p><\/div>\n<\/p><\/div>\n<\/p><\/div>\n<div class=\"fl-module fl-module-photo fl-node-66a74f65247f6\" data-animation-delay=\"0.0\" data-node=\"66a74f65247f6\">\n<div class=\"fl-module-content fl-node-content\">\n<div class=\"fl-photo fl-photo-align-center\" itemscope=\"\" itemtype=\"http:\/\/schema.org\/ImageObject\">\n<div class=\"fl-photo-content fl-photo-img-jpg\"> <img decoding=\"async\" alt=\"M\u00e1quina de equipamentos\" class=\"fl-photo-img wp-image-9034 size-full\" itemprop=\"image\" src=\"\/wp-content\/uploads\/2025\/09\/081b6529d68ead23.webp\"> <\/img><\/div>\n<\/p><\/div>\n<\/p><\/div>\n<\/p><\/div>\n<div class=\"fl-module fl-module-photo fl-node-66a74f65247b8\" data-animation-delay=\"0.0\" data-node=\"66a74f65247b8\">\n<div class=\"fl-module-content fl-node-content\">\n<div class=\"fl-photo fl-photo-align-center\" itemscope=\"\" itemtype=\"http:\/\/schema.org\/ImageObject\">\n<div class=\"fl-photo-content fl-photo-img-jpg\"> <img decoding=\"async\" alt=\"Processamento da CNN, limpeza qu\u00edmica, revestimento de CVD\" class=\"fl-photo-img wp-image-9033\" itemprop=\"image\" src=\"\/wp-content\/uploads\/2025\/09\/a4132b2b399abbac.webp\"> <\/img><\/div>\n<\/p><\/div>\n<\/p><\/div>\n<\/p><\/div>\n<div class=\"fl-module fl-module-photo fl-node-66a74f652477a\" data-animation-delay=\"0.0\" data-node=\"66a74f652477a\">\n<div class=\"fl-module-content fl-node-content\">\n<div class=\"fl-photo fl-photo-align-center\" itemscope=\"\" itemtype=\"http:\/\/schema.org\/ImageObject\">\n<div class=\"fl-photo-content fl-photo-img-jpg\"> <img decoding=\"async\" alt=\"Ware House Semicera\" class=\"fl-photo-img wp-image-9036\" itemprop=\"image\" src=\"\/wp-content\/uploads\/2025\/09\/2190bb9ce5c1d546.webp\"> <\/img><\/div>\n<\/p><\/div>\n<\/p><\/div>\n<\/p><\/div>\n<div class=\"fl-module fl-module-photo fl-node-66a74f652472e\" data-animation-delay=\"0.0\" data-node=\"66a74f652472e\">\n<div class=\"fl-module-content fl-node-content\">\n<div class=\"fl-photo fl-photo-align-center\" itemscope=\"\" itemtype=\"http:\/\/schema.org\/ImageObject\">\n<div class=\"fl-photo-content fl-photo-img-jpg\"> <img decoding=\"async\" alt=\"Nosso servi\u00e7o\" class=\"fl-photo-img wp-image-9035\" itemprop=\"image\" src=\"\/wp-content\/uploads\/2025\/09\/b07f222c0ec0ab8d.webp\"> <\/img><\/div>\n<\/p><\/div>\n<\/p><\/div>\n<\/p><\/div>\n<\/p><\/div>\n<\/p><\/div>\n<\/p><\/div>\n<\/p><\/div>\n<\/p><\/div>\n<\/p><\/div>\n<\/div>","protected":false},"excerpt":{"rendered":"<p>Semicera Semiconductor\u2019s SiC Coating Graphite Wafer Susceptor delivers superior thermal performance and durability for wafer processing. Rely on Semicera for advanced SiC-coated susceptors designed to enhance efficiency and reliability in semiconductor applications.<\/p>","protected":false},"featured_media":707,"comment_status":"closed","ping_status":"open","template":"","meta":[],"product_brand":[],"product_cat":[37],"product_tag":[],"class_list":{"0":"post-1437","1":"product","2":"type-product","3":"status-publish","4":"has-post-thumbnail","6":"product_cat-cvd-tac-coating","8":"first","9":"instock","10":"product-type-simple"},"_links":{"self":[{"href":"https:\/\/www.cn-semiconductorparts.com\/pt\/wp-json\/wp\/v2\/product\/1437","targetHints":{"allow":["GET"]}}],"collection":[{"href":"https:\/\/www.cn-semiconductorparts.com\/pt\/wp-json\/wp\/v2\/product"}],"about":[{"href":"https:\/\/www.cn-semiconductorparts.com\/pt\/wp-json\/wp\/v2\/types\/product"}],"replies":[{"embeddable":true,"href":"https:\/\/www.cn-semiconductorparts.com\/pt\/wp-json\/wp\/v2\/comments?post=1437"}],"wp:featuredmedia":[{"embeddable":true,"href":"https:\/\/www.cn-semiconductorparts.com\/pt\/wp-json\/wp\/v2\/media\/707"}],"wp:attachment":[{"href":"https:\/\/www.cn-semiconductorparts.com\/pt\/wp-json\/wp\/v2\/media?parent=1437"}],"wp:term":[{"taxonomy":"product_brand","embeddable":true,"href":"https:\/\/www.cn-semiconductorparts.com\/pt\/wp-json\/wp\/v2\/product_brand?post=1437"},{"taxonomy":"product_cat","embeddable":true,"href":"https:\/\/www.cn-semiconductorparts.com\/pt\/wp-json\/wp\/v2\/product_cat?post=1437"},{"taxonomy":"product_tag","embeddable":true,"href":"https:\/\/www.cn-semiconductorparts.com\/pt\/wp-json\/wp\/v2\/product_tag?post=1437"}],"curies":[{"name":"wp","href":"https:\/\/api.w.org\/{rel}","templated":true}]}}