{"id":1453,"date":"2025-09-11T05:29:13","date_gmt":"2025-09-11T05:29:13","guid":{"rendered":"https:\/\/weitai2.globaldeepsea.site\/product\/silicon-carbide-ceramics-sic-seal-ring\/"},"modified":"2025-09-11T05:29:13","modified_gmt":"2025-09-11T05:29:13","slug":"silicon-carbide-ceramics-sic-seal-ring","status":"publish","type":"product","link":"https:\/\/www.cn-semiconductorparts.com\/pt\/product\/silicon-carbide-ceramics-sic-seal-ring\/","title":{"rendered":"Anel de veda\u00e7\u00e3o de cer\u00e2mica de carboneto de sil\u00edcio (sic)"},"content":{"rendered":"<div class=\"fl-builder-content fl-builder-content-9390 fl-builder-content-primary fl-builder-global-templates-locked\" data-post-id=\"9390\">\n<div class=\"fl-row fl-row-full-width fl-row-bg-none fl-node-6687ac73c639f\" data-node=\"6687ac73c639f\">\n<div class=\"fl-row-content-wrap\">\n<div class=\"fl-row-content fl-row-full-width fl-node-content\">\n<div class=\"fl-col-group fl-node-6687ac73c63e2\" data-node=\"6687ac73c63e2\">\n<div class=\"fl-col fl-node-6687ac73c6424\" data-node=\"6687ac73c6424\" style=\"width: 100%;\">\n<div class=\"fl-col-content fl-node-content\">\n<div class=\"fl-module fl-module-rich-text fl-node-6687ac73c6465\" data-animation-delay=\"0.0\" data-node=\"6687ac73c6465\">\n<div class=\"fl-module-content fl-node-content\">\n<div class=\"fl-rich-text\">\n<p>O anel de veda\u00e7\u00e3o de cer\u00e2mica de carboneto de sil\u00edcio (SIC) \u00e9 um elemento de veda\u00e7\u00e3o feito de material de cer\u00e2mica de carboneto de sil\u00edcio e usado em aplica\u00e7\u00f5es de veda\u00e7\u00e3o mec\u00e2nica. O anel de veda\u00e7\u00e3o de cer\u00e2mica de carboneto de sil\u00edcio (SIC) usa o carboneto de sil\u00edcio como seu componente principal e possui excelentes propriedades f\u00edsicas e qu\u00edmicas, por isso \u00e9 amplamente utilizado em v\u00e1rios campos industriais que requerem veda\u00e7\u00e3o de alto desempenho.<\/p>\n<p>O carboneto de sil\u00edcio \u00e9 um novo tipo de cer\u00e2mica com desempenho de alto custo e excelentes propriedades materiais. Devido a caracter\u00edsticas como alta resist\u00eancia e dureza, alta resist\u00eancia \u00e0 temperatura, grande condutividade t\u00e9rmica e resist\u00eancia \u00e0 corros\u00e3o qu\u00edmica, o carboneto de sil\u00edcio pode quase suportar todo o meio qu\u00edmico. Portanto, o SIC \u00e9 amplamente utilizado na minera\u00e7\u00e3o de petr\u00f3leo, qu\u00edmica, m\u00e1quinas e espa\u00e7o a\u00e9reo, at\u00e9 a energia nuclear e os militares t\u00eam suas demandas especiais ao SIC. Alguma aplica\u00e7\u00e3o normal que podemos oferecer s\u00e3o an\u00e9is de veda\u00e7\u00e3o para bomba, v\u00e1lvula e armadura de prote\u00e7\u00e3o etc.<\/p>\n<p><span style=\"font-family: 'Segoe UI';\">Pode fazer estruturas muito complexas;\u00a0<\/span><span style=\"font-family: 'Segoe UI';\">Pode ser usado em 1400 \u2103;\u00a0<\/span><span style=\"font-family: 'Segoe UI';\">Alta dureza, muito resistente ao desgaste;\u00a0<\/span><span style=\"font-family: 'Segoe UI';\">Alta resist\u00eancia \u00e0 corros\u00e3o; Podemos projetar e fabricar de acordo com o seu tamanho espec\u00edfico.<\/span><\/p>\n<\/p><\/div>\n<\/p><\/div>\n<\/p><\/div>\n<\/p><\/div>\n<\/p><\/div>\n<\/p><\/div>\n<div class=\"fl-col-group fl-node-6687ac73c666f\" data-node=\"6687ac73c666f\">\n<div class=\"fl-col fl-node-6687ad018b6e8 fl-col-small\" data-node=\"6687ad018b6e8\" style=\"width: 50%;\">\n<div class=\"fl-col-content fl-node-content\">\n<div class=\"fl-module fl-module-photo fl-node-6687ac9d4f90a\" data-animation-delay=\"0.0\" data-node=\"6687ac9d4f90a\">\n<div class=\"fl-module-content fl-node-content\">\n<div class=\"fl-photo fl-photo-align-center\" itemscope=\"\" itemtype=\"http:\/\/schema.org\/ImageObject\">\n<div class=\"fl-photo-content fl-photo-img-png\"> <img decoding=\"async\" alt=\"Figura 16\" class=\"fl-photo-img wp-image-9395\" itemprop=\"image\" src=\"\/wp-content\/uploads\/2025\/09\/b0da0b54542f7e6f.webp\"> <\/img><\/div>\n<\/p><\/div>\n<\/p><\/div>\n<\/p><\/div>\n<\/p><\/div>\n<\/p><\/div>\n<div class=\"fl-col fl-node-6687ac73c66b0 fl-col-small\" data-node=\"6687ac73c66b0\" style=\"width: 50%;\">\n<div class=\"fl-col-content fl-node-content\">\n<div class=\"fl-module fl-module-photo fl-node-6687ac73c66f1\" data-animation-delay=\"0.0\" data-node=\"6687ac73c66f1\">\n<div class=\"fl-module-content fl-node-content\">\n<div class=\"fl-photo fl-photo-align-center\" itemscope=\"\" itemtype=\"http:\/\/schema.org\/ImageObject\">\n<div class=\"fl-photo-content fl-photo-img-png\"> <img decoding=\"async\" alt=\"Figura 18\" class=\"fl-photo-img wp-image-9396\" itemprop=\"image\" src=\"\/wp-content\/uploads\/2025\/09\/dc8d8f65b269a2b7.webp\"> <\/img><\/div>\n<\/p><\/div>\n<\/p><\/div>\n<\/p><\/div>\n<\/p><\/div>\n<\/p><\/div>\n<\/p><\/div>\n<div class=\"fl-col-group fl-node-6687ac73c64a6\" data-node=\"6687ac73c64a6\">\n<div class=\"fl-col fl-node-6687ac73c64e8\" data-node=\"6687ac73c64e8\" style=\"width: 100%;\">\n<div class=\"fl-col-content fl-node-content\">\n<div class=\"fl-module fl-module-rich-text fl-node-6687ac73c6529\" data-animation-delay=\"0.0\" data-node=\"6687ac73c6529\">\n<div class=\"fl-module-content fl-node-content\">\n<div class=\"fl-rich-text\">\n<p>Principais caracter\u00edsticas:<\/p>\n<p>1. Resist\u00eancia ao desgaste: a cer\u00e2mica do carboneto de sil\u00edcio tem dureza extremamente alta e excelente resist\u00eancia ao desgaste. Ele pode manter uma longa vida \u00fatil em condi\u00e7\u00f5es de alta velocidade e alto atrito, reduzindo o risco de falha de desgaste e veda\u00e7\u00e3o.<\/p>\n<p>2. Resist\u00eancia \u00e0 corros\u00e3o: a cer\u00e2mica do carboneto de sil\u00edcio tem excelente resist\u00eancia \u00e0 corros\u00e3o e pode resistir \u00e0 eros\u00e3o por \u00e1cidos, \u00e1lcalis, solventes e muitos meios corrosivos. Isso torna os selos de carboneto de sil\u00edcio adequados para as necessidades de veda\u00e7\u00e3o em v\u00e1rios ambientes corrosivos.<\/p>\n<p>3. Estabilidade de alta temperatura: a cer\u00e2mica do carboneto de sil\u00edcio pode manter sua estrutura e estabilidade de desempenho em condi\u00e7\u00f5es de alta temperatura. Pode suportar altas temperaturas de milhares de graus Celsius, por isso tem um bom desempenho em aplica\u00e7\u00f5es de veda\u00e7\u00e3o de alta temperatura.<\/p>\n<p>4. Coeficiente de baixo atrito: a cer\u00e2mica de carboneto de sil\u00edcio tem um coeficiente de baixo atrito, que reduz a gera\u00e7\u00e3o de atrito e calor, reduz a perda e o desgaste de energia e melhora a efici\u00eancia de veda\u00e7\u00e3o.<\/p>\n<p>5. Excelente desempenho de veda\u00e7\u00e3o: os an\u00e9is de veda\u00e7\u00e3o de cer\u00e2mica de carboneto de sil\u00edcio podem proporcionar desempenho confi\u00e1vel de veda\u00e7\u00e3o, impedir efetivamente a entrada de vazamentos e impurezas m\u00e9dios na \u00e1rea de veda\u00e7\u00e3o e garantir a opera\u00e7\u00e3o segura do equipamento.<\/p>\n<\/p><\/div>\n<\/p><\/div>\n<\/p><\/div>\n<\/p><\/div>\n<\/p><\/div>\n<\/p><\/div>\n<\/p><\/div>\n<\/p><\/div>\n<\/p><\/div>\n<div class=\"fl-row fl-row-full-width fl-row-bg-none fl-node-6687ad281b4f8\" data-node=\"6687ad281b4f8\">\n<div class=\"fl-row-content-wrap\">\n<div class=\"fl-row-content fl-row-full-width fl-node-content\">\n<div class=\"fl-col-group fl-node-6687ad281b53e\" data-node=\"6687ad281b53e\">\n<div class=\"fl-col fl-node-6687ad281b582\" data-node=\"6687ad281b582\" style=\"width: 100%;\">\n<div class=\"fl-col-content fl-node-content\">\n<div class=\"fl-module fl-module-photo fl-node-6687ad281b5c3\" data-animation-delay=\"0.0\" data-node=\"6687ad281b5c3\">\n<div class=\"fl-module-content fl-node-content\">\n<div class=\"fl-photo fl-photo-align-center\" itemscope=\"\" itemtype=\"http:\/\/schema.org\/ImageObject\">\n<div class=\"fl-photo-content fl-photo-img-jpg\"> <img decoding=\"async\" alt=\"Local de trabalho semicera\" class=\"fl-photo-img wp-image-9038\" itemprop=\"image\" src=\"\/wp-content\/uploads\/2025\/09\/b1dd0bcab1675ff4.webp\"> <\/img><\/div>\n<\/p><\/div>\n<\/p><\/div>\n<\/p><\/div>\n<div class=\"fl-module fl-module-photo fl-node-6687ad281b70e\" data-animation-delay=\"0.0\" data-node=\"6687ad281b70e\">\n<div class=\"fl-module-content fl-node-content\">\n<div class=\"fl-photo fl-photo-align-center\" itemscope=\"\" itemtype=\"http:\/\/schema.org\/ImageObject\">\n<div class=\"fl-photo-content fl-photo-img-jpg\"> <img decoding=\"async\" alt=\"Local de trabalho semicera 2\" class=\"fl-photo-img wp-image-9037\" itemprop=\"image\" src=\"\/wp-content\/uploads\/2025\/09\/2b946d2b4b61306d.webp\"> <\/img><\/div>\n<\/p><\/div>\n<\/p><\/div>\n<\/p><\/div>\n<div class=\"fl-module fl-module-photo fl-node-6687ad281b6cd\" data-animation-delay=\"0.0\" data-node=\"6687ad281b6cd\">\n<div class=\"fl-module-content fl-node-content\">\n<div class=\"fl-photo fl-photo-align-center\" itemscope=\"\" itemtype=\"http:\/\/schema.org\/ImageObject\">\n<div class=\"fl-photo-content fl-photo-img-jpg\"> <img decoding=\"async\" alt=\"M\u00e1quina de equipamentos\" class=\"fl-photo-img wp-image-9034 size-full\" itemprop=\"image\" src=\"\/wp-content\/uploads\/2025\/09\/081b6529d68ead23.webp\"> <\/img><\/div>\n<\/p><\/div>\n<\/p><\/div>\n<\/p><\/div>\n<div class=\"fl-module fl-module-photo fl-node-6687ad281b687\" data-animation-delay=\"0.0\" data-node=\"6687ad281b687\">\n<div class=\"fl-module-content fl-node-content\">\n<div class=\"fl-photo fl-photo-align-center\" itemscope=\"\" itemtype=\"http:\/\/schema.org\/ImageObject\">\n<div class=\"fl-photo-content fl-photo-img-jpg\"> <img decoding=\"async\" alt=\"Processamento da CNN, limpeza qu\u00edmica, revestimento de CVD\" class=\"fl-photo-img wp-image-9033\" itemprop=\"image\" src=\"\/wp-content\/uploads\/2025\/09\/a4132b2b399abbac.webp\"> <\/img><\/div>\n<\/p><\/div>\n<\/p><\/div>\n<\/p><\/div>\n<div class=\"fl-module fl-module-photo fl-node-6687ad281b646\" data-animation-delay=\"0.0\" data-node=\"6687ad281b646\">\n<div class=\"fl-module-content fl-node-content\">\n<div class=\"fl-photo fl-photo-align-center\" itemscope=\"\" itemtype=\"http:\/\/schema.org\/ImageObject\">\n<div class=\"fl-photo-content fl-photo-img-jpg\"> <img decoding=\"async\" alt=\"Ware House Semicera\" class=\"fl-photo-img wp-image-9036\" itemprop=\"image\" src=\"\/wp-content\/uploads\/2025\/09\/2190bb9ce5c1d546.webp\"\/> <\/div>\n<\/p><\/div>\n<\/p><\/div>\n<\/p><\/div>\n<div class=\"fl-module fl-module-photo fl-node-6687ad281b604\" data-animation-delay=\"0.0\" data-node=\"6687ad281b604\">\n<div class=\"fl-module-content fl-node-content\">\n<div class=\"fl-photo fl-photo-align-center\" itemscope=\"\" itemtype=\"http:\/\/schema.org\/ImageObject\">\n<div class=\"fl-photo-content fl-photo-img-jpg\"> <img decoding=\"async\" alt=\"Nosso servi\u00e7o\" class=\"fl-photo-img wp-image-9035\" itemprop=\"image\" src=\"\/wp-content\/uploads\/2025\/09\/b07f222c0ec0ab8d.webp\"\/> <\/div>\n<\/p><\/div>\n<\/p><\/div>\n<\/p><\/div>\n<\/p><\/div>\n<\/p><\/div>\n<\/p><\/div>\n<\/p><\/div>\n<\/p><\/div>\n<\/p><\/div>\n<\/div>","protected":false},"excerpt":{"rendered":"<p>O anel de veda\u00e7\u00e3o de cer\u00e2mica de carboneto de sil\u00edcio (SiC) \u00e9 um elemento de veda\u00e7\u00e3o de alto desempenho com resist\u00eancia ao desgaste, resist\u00eancia \u00e0 corros\u00e3o e estabilidade de alta temperatura. Eles desempenham um papel importante no campo industrial, fornecendo desempenho confi\u00e1vel de veda\u00e7\u00e3o e protegendo o equipamento contra vazamentos e desgaste.<\/p>","protected":false},"featured_media":874,"comment_status":"closed","ping_status":"open","template":"","meta":[],"product_brand":[],"product_cat":[25,24],"product_tag":[],"class_list":{"0":"post-1453","1":"product","2":"type-product","3":"status-publish","4":"has-post-thumbnail","6":"product_cat-more-sic-product","7":"product_cat-silicon-carbide-ceramic","9":"first","10":"instock","11":"product-type-simple"},"_links":{"self":[{"href":"https:\/\/www.cn-semiconductorparts.com\/pt\/wp-json\/wp\/v2\/product\/1453","targetHints":{"allow":["GET"]}}],"collection":[{"href":"https:\/\/www.cn-semiconductorparts.com\/pt\/wp-json\/wp\/v2\/product"}],"about":[{"href":"https:\/\/www.cn-semiconductorparts.com\/pt\/wp-json\/wp\/v2\/types\/product"}],"replies":[{"embeddable":true,"href":"https:\/\/www.cn-semiconductorparts.com\/pt\/wp-json\/wp\/v2\/comments?post=1453"}],"wp:featuredmedia":[{"embeddable":true,"href":"https:\/\/www.cn-semiconductorparts.com\/pt\/wp-json\/wp\/v2\/media\/874"}],"wp:attachment":[{"href":"https:\/\/www.cn-semiconductorparts.com\/pt\/wp-json\/wp\/v2\/media?parent=1453"}],"wp:term":[{"taxonomy":"product_brand","embeddable":true,"href":"https:\/\/www.cn-semiconductorparts.com\/pt\/wp-json\/wp\/v2\/product_brand?post=1453"},{"taxonomy":"product_cat","embeddable":true,"href":"https:\/\/www.cn-semiconductorparts.com\/pt\/wp-json\/wp\/v2\/product_cat?post=1453"},{"taxonomy":"product_tag","embeddable":true,"href":"https:\/\/www.cn-semiconductorparts.com\/pt\/wp-json\/wp\/v2\/product_tag?post=1453"}],"curies":[{"name":"wp","href":"https:\/\/api.w.org\/{rel}","templated":true}]}}