{"id":1458,"date":"2025-09-11T05:29:13","date_gmt":"2025-09-11T05:29:13","guid":{"rendered":"https:\/\/weitai2.globaldeepsea.site\/product\/sic-ceramic-rollers\/"},"modified":"2025-09-11T05:29:14","modified_gmt":"2025-09-11T05:29:14","slug":"sic-ceramic-rollers","status":"publish","type":"product","link":"https:\/\/www.cn-semiconductorparts.com\/pt\/product\/sic-ceramic-rollers\/","title":{"rendered":"Rolos de cer\u00e2mica sic"},"content":{"rendered":"<div class=\"fl-builder-content fl-builder-content-9283 fl-builder-content-primary fl-builder-global-templates-locked\" data-post-id=\"9283\">\n<div class=\"fl-row fl-row-full-width fl-row-bg-none fl-node-66851d3a6bdfc\" data-node=\"66851d3a6bdfc\">\n<div class=\"fl-row-content-wrap\">\n<div class=\"fl-row-content fl-row-full-width fl-node-content\">\n<div class=\"fl-col-group fl-node-66851da101419\" data-node=\"66851da101419\">\n<div class=\"fl-col fl-node-66851da1016a7\" data-node=\"66851da1016a7\" style=\"width: 100%;\">\n<div class=\"fl-col-content fl-node-content\">\n<div class=\"fl-module fl-module-rich-text fl-node-66851d3a6c07c\" data-animation-delay=\"0.0\" data-node=\"66851d3a6c07c\">\n<div class=\"fl-module-content fl-node-content\">\n<div class=\"fl-rich-text\">\n<p>Os rolos de cer\u00e2mica do SiC t\u00eam excelente resist\u00eancia ao desgaste e podem suportar alta press\u00e3o e atrito sem perder a qualidade da superf\u00edcie. Sua dureza \u00e9 pr\u00f3xima da de diamante, o que permite reduzir efetivamente o desgaste do contato com materiais de metal e prolongar a vida \u00fatil do rolo. O baixo coeficiente de atrito dos rolos de cer\u00e2mica SiC tamb\u00e9m reduz a perda de energia e a gera\u00e7\u00e3o de calor, melhorando a efici\u00eancia da produ\u00e7\u00e3o.<\/p>\n<p>Al\u00e9m disso, os rolos de cer\u00e2mica SiC t\u00eam excelente resist\u00eancia \u00e0 alta temperatura. Ele pode operar de forma est\u00e1vel em ambientes de alta temperatura sem suavizar ou deforma\u00e7\u00e3o. Isso torna os rolos de cer\u00e2mica SiC muito adequados para processos de processamento de alta temperatura, como rolamento a quente de metal e fundi\u00e7\u00e3o cont\u00ednua, garantindo que os rolos mantenham excelente desempenho e estabilidade dimensional sob temperaturas extremas.<\/p>\n<p>Os rolos de cer\u00e2mica do SiC tamb\u00e9m t\u00eam excelente resist\u00eancia \u00e0 corros\u00e3o. Pode resistir \u00e0 eros\u00e3o de produtos qu\u00edmicos como \u00e1cidos, \u00e1lcalis, solventes e gases corrosivos, mantendo o acabamento da superf\u00edcie e a funcionalidade dos rolos. Isso faz com que os rolos de cer\u00e2mica do SiC tenham um bom desempenho em aplica\u00e7\u00f5es como processamento qu\u00edmico e eletroplica\u00e7\u00e3o, prolongando a vida \u00fatil do equipamento e melhorando a qualidade da produ\u00e7\u00e3o.<\/p>\n<p>As caracter\u00edsticas leves dos rolos de cer\u00e2mica do SiC oferecem excelentes caracter\u00edsticas inerciais e recursos de redu\u00e7\u00e3o de vibra\u00e7\u00e3o, reduzindo assim a vibra\u00e7\u00e3o e o ru\u00eddo, melhorando a estabilidade do equipamento e o conforto operacional. Suas dimens\u00f5es precisas e superf\u00edcie plana garantem a estabilidade e a suavidade do rolo, fornecendo excelentes resultados para processos de metalworking e impress\u00e3o.<\/p>\n<\/p><\/div>\n<\/p><\/div>\n<\/p><\/div>\n<\/p><\/div>\n<\/p><\/div>\n<\/p><\/div>\n<div class=\"fl-col-group fl-node-66851d3a6be3f\" data-node=\"66851d3a6be3f\">\n<div class=\"fl-col fl-node-66851d3a6bf7e\" data-node=\"66851d3a6bf7e\" style=\"width: 100%;\">\n<div class=\"fl-col-content fl-node-content\">\n<div class=\"fl-module fl-module-photo fl-node-66851d3a6bfbe\" data-animation-delay=\"0.0\" data-node=\"66851d3a6bfbe\">\n<div class=\"fl-module-content fl-node-content\">\n<div class=\"fl-photo fl-photo-align-center\" itemscope=\"\" itemtype=\"http:\/\/schema.org\/ImageObject\">\n<div class=\"fl-photo-content fl-photo-img-png\"> <img decoding=\"async\" alt=\"Rolos de cer\u00e2mica sic - c\u00f3pia\" class=\"fl-photo-img wp-image-9286\" itemprop=\"image\" src=\"\/wp-content\/uploads\/2025\/09\/7c2ee77c8e71ef98.webp\"> <\/img><\/div>\n<\/p><\/div>\n<\/p><\/div>\n<\/p><\/div>\n<\/p><\/div>\n<\/p><\/div>\n<\/p><\/div>\n<div class=\"fl-col-group fl-node-66851d3a6c0bc\" data-node=\"66851d3a6c0bc\">\n<div class=\"fl-col fl-node-66851d3a6c0fc\" data-node=\"66851d3a6c0fc\" style=\"width: 100%;\">\n<div class=\"fl-col-content fl-node-content\">\n<div class=\"fl-module fl-module-rich-text fl-node-66851d3a6c03d\" data-animation-delay=\"0.0\" data-node=\"66851d3a6c03d\">\n<div class=\"fl-module-content fl-node-content\">\n<div class=\"fl-rich-text\">\n<p data-section=\"0\">Rolo de carboneto de sil\u00edcio sinterizado sem press\u00e3o, Produtos de cer\u00e2mica de carboneto de sil\u00edcio sinterizado por press\u00e3o atmosf\u00e9rica, o uso de p\u00f3 de carboneto de sil\u00edcio de alta pureza de alta pureza, sinterizado a 2450 \u2103 Alta temperatura, carboneto de silicone n\u00e3o mais de 99.11, como densidade do produto \u22653.10g\/CM3.<\/p>\n<p data-section=\"2\">\u25ba Conte\u00fado de carboneto de sil\u00edcio - \u226599%;<\/p>\n<p data-section=\"4\">\u25ba Resist\u00eancia a alta temperatura - uso normal em 1800 \u2103;<\/p>\n<p data-section=\"6\">\u25ba Alta condutividade t\u00e9rmica - compar\u00e1vel \u00e0 condutividade t\u00e9rmica de materiais de grafite;<\/p>\n<p data-section=\"8\">\u25ba Alta dureza - dureza, segundo apenas para diamante, nitreto de boro c\u00fabico;<\/p>\n<p data-section=\"10\">\u25ba Resist\u00eancia \u00e0 corros\u00e3o - O \u00e1cido forte e os \u00e1lcalis n\u00e3o apresentam corros\u00e3o, a resist\u00eancia \u00e0 corros\u00e3o \u00e9 melhor que o carboneto de tungst\u00eanio e a alumina;<\/p>\n<p data-section=\"12\">\u25ba Peso leve - densidade 3,10g\/cm3, pr\u00f3ximo ao alum\u00ednio;<\/p>\n<p data-section=\"14\">\u25ba Nenhuma deforma\u00e7\u00e3o - coeficiente muito pequeno de expans\u00e3o t\u00e9rmica;<\/p>\n<p data-section=\"16\">\u25ba Resist\u00eancia ao choque t\u00e9rmico - O material pode suportar mudan\u00e7as r\u00e1pidas de temperatura, resist\u00eancia ao choque t\u00e9rmico, resist\u00eancia ao frio e calor, desempenho est\u00e1vel.<\/p>\n<\/p><\/div>\n<\/p><\/div>\n<\/p><\/div>\n<\/p><\/div>\n<\/p><\/div>\n<\/p><\/div>\n<div class=\"fl-col-group fl-node-66851d3a6bebf\" data-node=\"66851d3a6bebf\">\n<div class=\"fl-col fl-node-66851d3a6beff fl-col-has-cols\" data-node=\"66851d3a6beff\" style=\"width: 100%;\">\n<div class=\"fl-col-content fl-node-content\">\n<div class=\"fl-module fl-module-heading fl-node-66851d3a6bf3f\" data-animation-delay=\"0.0\" data-node=\"66851d3a6bf3f\">\n<div class=\"fl-module-content fl-node-content\">\n<h3 class=\"fl-heading\"> <span class=\"fl-heading-text\">Par\u00e2metros t\u00e9cnicos:<\/span> <\/h3>\n<\/p><\/div>\n<\/p><\/div>\n<div class=\"fl-col-group fl-node-66851d3a6c13c fl-col-group-nested\" data-node=\"66851d3a6c13c\">\n<div class=\"fl-col fl-node-66851d3a6bffd\" data-node=\"66851d3a6bffd\" style=\"width: 100%;\">\n<div class=\"fl-col-content fl-node-content\">\n<div class=\"fl-module fl-module-photo fl-node-66851d3a6c23c\" data-animation-delay=\"0.0\" data-node=\"66851d3a6c23c\">\n<div class=\"fl-module-content fl-node-content\">\n<div class=\"fl-photo fl-photo-align-center\" itemscope=\"\" itemtype=\"http:\/\/schema.org\/ImageObject\">\n<div class=\"fl-photo-content fl-photo-img-png\"> <img decoding=\"async\" alt=\"Par\u00e2metros de carboneto de sil\u00edcio\" class=\"fl-photo-img wp-image-3336\" itemprop=\"image\" src=\"\/wp-content\/uploads\/2025\/09\/f34bdb8e2db1ea64.webp\"> <\/img><\/div>\n<\/p><\/div>\n<\/p><\/div>\n<\/p><\/div>\n<\/p><\/div>\n<\/p><\/div>\n<\/p><\/div>\n<\/p><\/div>\n<\/p><\/div>\n<\/p><\/div>\n<\/p><\/div>\n<\/p><\/div>\n<\/p><\/div>\n<div class=\"fl-row fl-row-full-width fl-row-bg-none fl-node-66851dcf05c1d\" data-node=\"66851dcf05c1d\">\n<div class=\"fl-row-content-wrap\">\n<div class=\"fl-row-content fl-row-full-width fl-node-content\">\n<div class=\"fl-col-group fl-node-66851dcf05c63\" data-node=\"66851dcf05c63\">\n<div class=\"fl-col fl-node-66851dcf05ca4\" data-node=\"66851dcf05ca4\" style=\"width: 100%;\">\n<div class=\"fl-col-content fl-node-content\">\n<div class=\"fl-module fl-module-photo fl-node-66851dcf05ce4\" data-animation-delay=\"0.0\" data-node=\"66851dcf05ce4\">\n<div class=\"fl-module-content fl-node-content\">\n<div class=\"fl-photo fl-photo-align-center\" itemscope=\"\" itemtype=\"http:\/\/schema.org\/ImageObject\">\n<div class=\"fl-photo-content fl-photo-img-jpg\"> <img decoding=\"async\" alt=\"Local de trabalho semicera\" class=\"fl-photo-img wp-image-9038\" itemprop=\"image\" src=\"\/wp-content\/uploads\/2025\/09\/b1dd0bcab1675ff4.webp\"> <\/img><\/div>\n<\/p><\/div>\n<\/p><\/div>\n<\/p><\/div>\n<div class=\"fl-module fl-module-photo fl-node-66851dcf05e23\" data-animation-delay=\"0.0\" data-node=\"66851dcf05e23\">\n<div class=\"fl-module-content fl-node-content\">\n<div class=\"fl-photo fl-photo-align-center\" itemscope=\"\" itemtype=\"http:\/\/schema.org\/ImageObject\">\n<div class=\"fl-photo-content fl-photo-img-jpg\"> <img decoding=\"async\" alt=\"Local de trabalho semicera 2\" class=\"fl-photo-img wp-image-9037\" itemprop=\"image\" src=\"\/wp-content\/uploads\/2025\/09\/2b946d2b4b61306d.webp\"> <\/img><\/div>\n<\/p><\/div>\n<\/p><\/div>\n<\/p><\/div>\n<div class=\"fl-module fl-module-photo fl-node-66851dcf05de4\" data-animation-delay=\"0.0\" data-node=\"66851dcf05de4\">\n<div class=\"fl-module-content fl-node-content\">\n<div class=\"fl-photo fl-photo-align-center\" itemscope=\"\" itemtype=\"http:\/\/schema.org\/ImageObject\">\n<div class=\"fl-photo-content fl-photo-img-jpg\"> <img decoding=\"async\" alt=\"M\u00e1quina de equipamentos\" class=\"fl-photo-img wp-image-9034 size-full\" itemprop=\"image\" src=\"\/wp-content\/uploads\/2025\/09\/081b6529d68ead23.webp\"> <\/img><\/div>\n<\/p><\/div>\n<\/p><\/div>\n<\/p><\/div>\n<div class=\"fl-module fl-module-photo fl-node-66851dcf05da4\" data-animation-delay=\"0.0\" data-node=\"66851dcf05da4\">\n<div class=\"fl-module-content fl-node-content\">\n<div class=\"fl-photo fl-photo-align-center\" itemscope=\"\" itemtype=\"http:\/\/schema.org\/ImageObject\">\n<div class=\"fl-photo-content fl-photo-img-jpg\"> <img decoding=\"async\" alt=\"Processamento da CNN, limpeza qu\u00edmica, revestimento de CVD\" class=\"fl-photo-img wp-image-9033\" itemprop=\"image\" src=\"\/wp-content\/uploads\/2025\/09\/a4132b2b399abbac.webp\"> <\/img><\/div>\n<\/p><\/div>\n<\/p><\/div>\n<\/p><\/div>\n<div class=\"fl-module fl-module-photo fl-node-66851dcf05d64\" data-animation-delay=\"0.0\" data-node=\"66851dcf05d64\">\n<div class=\"fl-module-content fl-node-content\">\n<div class=\"fl-photo fl-photo-align-center\" itemscope=\"\" itemtype=\"http:\/\/schema.org\/ImageObject\">\n<div class=\"fl-photo-content fl-photo-img-jpg\"> <img decoding=\"async\" alt=\"Ware House Semicera\" class=\"fl-photo-img wp-image-9036\" itemprop=\"image\" src=\"\/wp-content\/uploads\/2025\/09\/2190bb9ce5c1d546.webp\"> <\/img><\/div>\n<\/p><\/div>\n<\/p><\/div>\n<\/p><\/div>\n<div class=\"fl-module fl-module-photo fl-node-66851dcf05d24\" data-animation-delay=\"0.0\" data-node=\"66851dcf05d24\">\n<div class=\"fl-module-content fl-node-content\">\n<div class=\"fl-photo fl-photo-align-center\" itemscope=\"\" itemtype=\"http:\/\/schema.org\/ImageObject\">\n<div class=\"fl-photo-content fl-photo-img-jpg\"> <img decoding=\"async\" alt=\"Nosso servi\u00e7o\" class=\"fl-photo-img wp-image-9035\" itemprop=\"image\" src=\"\/wp-content\/uploads\/2025\/09\/b07f222c0ec0ab8d.webp\"> <\/img><\/div>\n<\/p><\/div>\n<\/p><\/div>\n<\/p><\/div>\n<\/p><\/div>\n<\/p><\/div>\n<\/p><\/div>\n<\/p><\/div>\n<\/p><\/div>\n<\/p><\/div>\n<\/div>","protected":false},"excerpt":{"rendered":"<p>O SiC Ceramic Rollers \u00e9 um rolo de alto desempenho amplamente utilizado nas ind\u00fastrias de processamento e impress\u00e3o de metal. Os rolos de cer\u00e2mica do SiC atra\u00edram muita aten\u00e7\u00e3o para suas excelentes propriedades f\u00edsicas e qu\u00edmicas e podem fornecer excelente resist\u00eancia ao desgaste, resist\u00eancia \u00e0 alta temperatura e resist\u00eancia \u00e0 corros\u00e3o.<\/p>","protected":false},"featured_media":813,"comment_status":"closed","ping_status":"open","template":"","meta":[],"product_brand":[],"product_cat":[58,24],"product_tag":[],"class_list":{"0":"post-1458","1":"product","2":"type-product","3":"status-publish","4":"has-post-thumbnail","6":"product_cat-sic-furnace-tube","7":"product_cat-silicon-carbide-ceramic","9":"first","10":"instock","11":"product-type-simple"},"_links":{"self":[{"href":"https:\/\/www.cn-semiconductorparts.com\/pt\/wp-json\/wp\/v2\/product\/1458","targetHints":{"allow":["GET"]}}],"collection":[{"href":"https:\/\/www.cn-semiconductorparts.com\/pt\/wp-json\/wp\/v2\/product"}],"about":[{"href":"https:\/\/www.cn-semiconductorparts.com\/pt\/wp-json\/wp\/v2\/types\/product"}],"replies":[{"embeddable":true,"href":"https:\/\/www.cn-semiconductorparts.com\/pt\/wp-json\/wp\/v2\/comments?post=1458"}],"wp:featuredmedia":[{"embeddable":true,"href":"https:\/\/www.cn-semiconductorparts.com\/pt\/wp-json\/wp\/v2\/media\/813"}],"wp:attachment":[{"href":"https:\/\/www.cn-semiconductorparts.com\/pt\/wp-json\/wp\/v2\/media?parent=1458"}],"wp:term":[{"taxonomy":"product_brand","embeddable":true,"href":"https:\/\/www.cn-semiconductorparts.com\/pt\/wp-json\/wp\/v2\/product_brand?post=1458"},{"taxonomy":"product_cat","embeddable":true,"href":"https:\/\/www.cn-semiconductorparts.com\/pt\/wp-json\/wp\/v2\/product_cat?post=1458"},{"taxonomy":"product_tag","embeddable":true,"href":"https:\/\/www.cn-semiconductorparts.com\/pt\/wp-json\/wp\/v2\/product_tag?post=1458"}],"curies":[{"name":"wp","href":"https:\/\/api.w.org\/{rel}","templated":true}]}}