{"id":1461,"date":"2025-09-11T05:29:13","date_gmt":"2025-09-11T05:29:13","guid":{"rendered":"https:\/\/weitai2.globaldeepsea.site\/product\/high-purity-pyrolytic-carbon-coated-rigid-felt-ring\/"},"modified":"2026-04-29T15:33:23","modified_gmt":"2026-04-29T07:33:23","slug":"high-purity-pyrolytic-carbon-coated-rigid-felt-ring","status":"publish","type":"product","link":"https:\/\/www.cn-semiconductorparts.com\/pt\/product\/high-purity-pyrolytic-carbon-coated-rigid-felt-ring\/","title":{"rendered":"Anel de feltro r\u00edgido com revestimento de carbono pirol\u00edtico de alta pureza"},"content":{"rendered":"<div class=\"fl-builder-content fl-builder-content-9244 fl-builder-content-primary fl-builder-global-templates-locked\" data-post-id=\"9244\">\n<div class=\"fl-row fl-row-full-width fl-row-bg-none fl-node-667fc4e5bb7c5\" data-node=\"667fc4e5bb7c5\">\n<div class=\"fl-row-content-wrap\">\n<div class=\"fl-row-content fl-row-full-width fl-node-content\">\n<div class=\"fl-col-group fl-node-667fc4e5bb809\" data-node=\"667fc4e5bb809\">\n<div class=\"fl-col fl-node-667fc4e5bb84b\" data-node=\"667fc4e5bb84b\" style=\"width: 100%;\">\n<div class=\"fl-col-content fl-node-content\">\n<div class=\"fl-module fl-module-rich-text fl-node-667fc4e5bb993\" data-animation-delay=\"0.0\" data-node=\"667fc4e5bb993\">\n<div class=\"fl-module-content fl-node-content\">\n<div class=\"fl-rich-text\">\n<p>The main function of the pyrolytic carbon coated high purity hard felt ring is to provide excellent sealing performance and thermal protection. It can be used in various high temperature equipment and processes, such as high temperature furnaces, burners, petrochemical process units, etc. The material can effectively isolate and prevent the leakage of high temperature gases, liquids or solids, and can resist chemical corrosion and wear.<\/p>\n<\/p><\/div>\n<\/p><\/div>\n<\/p><\/div>\n<div class=\"fl-module fl-module-rich-text fl-node-667fc5004eaa9\" data-animation-delay=\"0.0\" data-node=\"667fc5004eaa9\">\n<div class=\"fl-module-content fl-node-content\">\n<div class=\"fl-rich-text\">\n<div><span style=\"font-family: \u5fae\u8f6f\u96c5\u9ed1;\">Pyrolytic carbon coating is a thin layer of pyrolytic carbon coated on the surface of highly purified isostatic\u00a0<\/span><span style=\"font-family: \u5fae\u8f6f\u96c5\u9ed1;\">grafite usando a tecnologia de deposi\u00e7\u00e3o de vapor qu\u00edmico (CVD). Tem alta densidade, alta pureza e anisotr\u00f3pico\u00a0<\/span><span style=\"font-family: \u5fae\u8f6f\u96c5\u9ed1;\">Propriedades t\u00e9rmicas, el\u00e9tricas, magn\u00e9ticas e mec\u00e2nicas.<\/span><\/div>\n<\/p><\/div>\n<\/p><\/div>\n<\/p><\/div>\n<\/p><\/div>\n<\/p><\/div>\n<\/p><\/div>\n<div class=\"fl-col-group fl-node-667fc4e5bb8cf\" data-node=\"667fc4e5bb8cf\">\n<div class=\"fl-col fl-node-667fc4e5bb910\" data-node=\"667fc4e5bb910\" style=\"width: 100%;\">\n<div class=\"fl-col-content fl-node-content\">\n<div class=\"fl-module fl-module-heading fl-node-667fc4e5bb951\" data-animation-delay=\"0.0\" data-node=\"667fc4e5bb951\">\n<div class=\"fl-module-content fl-node-content\">\n<h3 class=\"fl-heading\"> <span class=\"fl-heading-text\">Main Features:<\/span> <\/h3>\n<\/p><\/div>\n<\/p><\/div>\n<div class=\"fl-module fl-module-rich-text fl-node-667fc4e5bb88e\" data-animation-delay=\"0.0\" data-node=\"667fc4e5bb88e\">\n<div class=\"fl-module-content fl-node-content\">\n<div class=\"fl-rich-text\">\n<div><span style=\"font-family: \u5fae\u8f6f\u96c5\u9ed1;\">1. A superf\u00edcie \u00e9 densa e livre de poros.<\/span><\/div>\n<div>\n<div>\u00a0<\/div>\n<div><span style=\"font-family: \u5fae\u8f6f\u96c5\u9ed1;\">2. Alta pureza, conte\u00fado total de impureza &lt;20ppm,<\/span><span style=\"font-family: \u5fae\u8f6f\u96c5\u9ed1;\">Boa travessura.<\/span><\/div>\n<div>\u00a0<\/div>\n<div>3.\u00a0<span style=\"font-family: \u5fae\u8f6f\u96c5\u9ed1;\">Alta resist\u00eancia \u00e0 temperatura, a for\u00e7a aumenta com o aumento da temperatura de uso, atingindo o mais alto\u00a0<\/span><span style=\"font-family: \u5fae\u8f6f\u96c5\u9ed1;\">valor em 2750 \u2103, sublima\u00e7\u00e3o em 3600 \u2103.<\/span><\/div>\n<div>\u00a0<\/div>\n<div>4.\u00a0<span style=\"font-family: \u5fae\u8f6f\u96c5\u9ed1;\">M\u00f3dulo el\u00e1stico baixo, alta condutividade t\u00e9rmica, baixo coeficiente de expans\u00e3o t\u00e9rmica,\u00a0<\/span><span style=\"font-family: \u5fae\u8f6f\u96c5\u9ed1;\">e excelente resist\u00eancia ao choque t\u00e9rmico.<\/span><\/div>\n<div>\u00a0<\/div>\n<div>5.\u00a0<span style=\"font-family: \u5fae\u8f6f\u96c5\u9ed1;\">Boa estabilidade qu\u00edmica, resistente a reagentes \u00e1cidos, \u00e1lcalis, sal e org\u00e2nicos, e tem\u00a0<\/span><span style=\"font-family: \u5fae\u8f6f\u96c5\u9ed1;\">Sem efeito nos metais fundidos, esc\u00f3ria e outros meios corrosivos. N\u00e3o oxida\u00a0<\/span><span style=\"font-family: \u5fae\u8f6f\u96c5\u9ed1;\">significativamente na atmosfera abaixo de 400 \u2103, e a taxa de oxida\u00e7\u00e3o significativamente\u00a0<\/span><span style=\"font-family: \u5fae\u8f6f\u96c5\u9ed1;\">Aumenta a 800 \u2103.<\/span><\/div>\n<div>\n<div>\u00a0<\/div>\n<div><span style=\"font-family: \u5fae\u8f6f\u96c5\u9ed1;\">6. Sem liberar g\u00e1s em altas temperaturas, ele pode manter um v\u00e1cuo de\u00a0<\/span><span style=\"font-family: \u5fae\u8f6f\u96c5\u9ed1;\">10-7mmHg por volta de 1800 \u2103.<\/span><\/div>\n<\/p><\/div>\n<\/p><\/div>\n<\/p><\/div>\n<\/p><\/div>\n<\/p><\/div>\n<\/p><\/div>\n<\/p><\/div>\n<\/p><\/div>\n<div class=\"fl-col-group fl-node-667fc4e5bba15\" data-node=\"667fc4e5bba15\">\n<div class=\"fl-col fl-node-667fc4e5bba57\" data-node=\"667fc4e5bba57\" style=\"width: 100%;\">\n<div class=\"fl-col-content fl-node-content\">\n<div class=\"fl-module fl-module-heading fl-node-667fc4e5bb9d4\" data-animation-delay=\"0.0\" data-node=\"667fc4e5bb9d4\">\n<div class=\"fl-module-content fl-node-content\">\n<h3 class=\"fl-heading\"> <span class=\"fl-heading-text\">ProductApplication:<\/span> <\/h3>\n<\/p><\/div>\n<\/p><\/div>\n<div class=\"fl-module fl-module-rich-text fl-node-667fc4e5bba98\" data-animation-delay=\"0.0\" data-node=\"667fc4e5bba98\">\n<div class=\"fl-module-content fl-node-content\">\n<div class=\"fl-rich-text\">\n<div><span style=\"font-family: \u5fae\u8f6f\u96c5\u9ed1;\">1. Merretimento cadinho para evapora\u00e7\u00e3o em\u00a0<\/span><span style=\"font-family: \u5fae\u8f6f\u96c5\u9ed1;\">Ind\u00fastria de semicondutores.<\/span><\/div>\n<div>\n<div>\u00a0<\/div>\n<div><span style=\"font-family: \u5fae\u8f6f\u96c5\u9ed1;\">2. Port\u00e3o de tubo eletr\u00f4nico de alta pot\u00eancia.<\/span><\/div>\n<div>\n<div>\u00a0<\/div>\n<div><span style=\"font-family: \u5fae\u8f6f\u96c5\u9ed1;\">3. Pincele que entra em contato com o regulador de tens\u00e3o.<\/span><\/div>\n<div>\n<div>\u00a0<\/div>\n<div><span style=\"font-family: \u5fae\u8f6f\u96c5\u9ed1;\">4. Monocromador de grafite para raios-X e n\u00eautrons.<\/span><\/div>\n<div>\n<div>\u00a0<\/div>\n<div><span style=\"font-family: \u5fae\u8f6f\u96c5\u9ed1;\">5. V\u00e1rias formas de substratos de grafite e<\/span><span style=\"font-family: \u5fae\u8f6f\u96c5\u9ed1;\">revestimento do tubo de absor\u00e7\u00e3o at\u00f4mica.<\/span><\/div>\n<\/p><\/div>\n<\/p><\/div>\n<\/p><\/div>\n<\/p><\/div>\n<\/p><\/div>\n<\/p><\/div>\n<\/p><\/div>\n<\/p><\/div>\n<\/p><\/div>\n<\/p><\/div>\n<div class=\"fl-col-group fl-node-667fc4e5bbad9\" data-node=\"667fc4e5bbad9\">\n<div class=\"fl-col fl-node-667fc4e5bbb1a\" data-node=\"667fc4e5bbb1a\" style=\"width: 100%;\">\n<div class=\"fl-col-content fl-node-content\">\n<div class=\"fl-module fl-module-photo fl-node-667fc4e5bbb5b\" data-animation-delay=\"0.0\" data-node=\"667fc4e5bbb5b\">\n<div class=\"fl-module-content fl-node-content\">\n<div class=\"fl-photo fl-photo-align-center\" itemscope=\"\" itemtype=\"http:\/\/schema.org\/ImageObject\">\n<div class=\"fl-photo-content fl-photo-img-png\"> <img decoding=\"async\" alt=\"foto\" class=\"fl-photo-img wp-image-9239\" itemprop=\"image\" src=\"\/wp-content\/uploads\/2025\/09\/f0a1f70226f1e210.webp\"> <\/img><\/div>\n<\/p><\/div>\n<\/p><\/div>\n<\/p><\/div>\n<div class=\"fl-module fl-module-heading fl-node-667fc4e5bbb9c\" data-animation-delay=\"0.0\" data-node=\"667fc4e5bbb9c\">\n<div class=\"fl-module-content fl-node-content\">\n<h3 class=\"fl-heading\"> <span class=\"fl-heading-text\">Efeito de revestimento de carbono pirol\u00edtico sob um microsc\u00f3pio 500x, com superf\u00edcie intacta e selada.<\/span> <\/h3>\n<\/p><\/div>\n<\/p><\/div>\n<\/p><\/div>\n<\/p><\/div>\n<\/p><\/div>\n<\/p><\/div>\n<\/p><\/div>\n<\/p><\/div>\n<div class=\"fl-row fl-row-full-width fl-row-bg-none fl-node-667fc4e5bbbe6\" data-node=\"667fc4e5bbbe6\">\n<div class=\"fl-row-content-wrap\">\n<div class=\"fl-row-content fl-row-full-width fl-node-content\">\n<div class=\"fl-col-group fl-node-667fc4e5bbc27\" data-node=\"667fc4e5bbc27\">\n<div class=\"fl-col fl-node-667fc4e5bbc6f\" data-node=\"667fc4e5bbc6f\" style=\"width: 100%;\">\n<div class=\"fl-col-content fl-node-content\">\n<div class=\"fl-module fl-module-photo fl-node-667fc4e5bbcb1\" data-animation-delay=\"0.0\" data-node=\"667fc4e5bbcb1\">\n<div class=\"fl-module-content fl-node-content\">\n<div class=\"fl-photo fl-photo-align-center\" itemscope=\"\" itemtype=\"http:\/\/schema.org\/ImageObject\">\n<div class=\"fl-photo-content fl-photo-img-jpg\"> <img decoding=\"async\" alt=\"Local de trabalho semicera\" class=\"fl-photo-img wp-image-9038\" itemprop=\"image\" src=\"\/wp-content\/uploads\/2025\/09\/b1dd0bcab1675ff4.webp\"> <\/img><\/div>\n<\/p><\/div>\n<\/p><\/div>\n<\/p><\/div>\n<div class=\"fl-module fl-module-photo fl-node-667fc4e5bbdf7\" data-animation-delay=\"0.0\" data-node=\"667fc4e5bbdf7\">\n<div class=\"fl-module-content fl-node-content\">\n<div class=\"fl-photo fl-photo-align-center\" itemscope=\"\" itemtype=\"http:\/\/schema.org\/ImageObject\">\n<div class=\"fl-photo-content fl-photo-img-jpg\"> <img decoding=\"async\" alt=\"Local de trabalho semicera 2\" class=\"fl-photo-img wp-image-9037\" itemprop=\"image\" src=\"\/wp-content\/uploads\/2025\/09\/2b946d2b4b61306d.webp\"> <\/img><\/div>\n<\/p><\/div>\n<\/p><\/div>\n<\/p><\/div>\n<div class=\"fl-module fl-module-photo fl-node-667fc4e5bbdb5\" data-animation-delay=\"0.0\" data-node=\"667fc4e5bbdb5\">\n<div class=\"fl-module-content fl-node-content\">\n<div class=\"fl-photo fl-photo-align-center\" itemscope=\"\" itemtype=\"http:\/\/schema.org\/ImageObject\">\n<div class=\"fl-photo-content fl-photo-img-jpg\"> <img decoding=\"async\" alt=\"M\u00e1quina de equipamentos\" class=\"fl-photo-img wp-image-9034 size-full\" itemprop=\"image\" src=\"\/wp-content\/uploads\/2025\/09\/081b6529d68ead23.webp\"> <\/img><\/div>\n<\/p><\/div>\n<\/p><\/div>\n<\/p><\/div>\n<div class=\"fl-module fl-module-photo fl-node-667fc4e5bbd74\" data-animation-delay=\"0.0\" data-node=\"667fc4e5bbd74\">\n<div class=\"fl-module-content fl-node-content\">\n<div class=\"fl-photo fl-photo-align-center\" itemscope=\"\" itemtype=\"http:\/\/schema.org\/ImageObject\">\n<div class=\"fl-photo-content fl-photo-img-jpg\"> <img decoding=\"async\" alt=\"Processamento da CNN, limpeza qu\u00edmica, revestimento de CVD\" class=\"fl-photo-img wp-image-9033\" itemprop=\"image\" src=\"\/wp-content\/uploads\/2025\/09\/a4132b2b399abbac.webp\"> <\/img><\/div>\n<\/p><\/div>\n<\/p><\/div>\n<\/p><\/div>\n<div class=\"fl-module fl-module-photo fl-node-667fc4e5bbd33\" data-animation-delay=\"0.0\" data-node=\"667fc4e5bbd33\">\n<div class=\"fl-module-content fl-node-content\">\n<div class=\"fl-photo fl-photo-align-center\" itemscope=\"\" itemtype=\"http:\/\/schema.org\/ImageObject\">\n<div class=\"fl-photo-content fl-photo-img-jpg\"> <img decoding=\"async\" alt=\"Ware House Semicera\" class=\"fl-photo-img wp-image-9036\" itemprop=\"image\" src=\"\/wp-content\/uploads\/2025\/09\/2190bb9ce5c1d546.webp\"> <\/img><\/div>\n<\/p><\/div>\n<\/p><\/div>\n<\/p><\/div>\n<div class=\"fl-module fl-module-photo fl-node-667fc4e5bbcf2\" data-animation-delay=\"0.0\" data-node=\"667fc4e5bbcf2\">\n<div class=\"fl-module-content fl-node-content\">\n<div class=\"fl-photo fl-photo-align-center\" itemscope=\"\" itemtype=\"http:\/\/schema.org\/ImageObject\">\n<div class=\"fl-photo-content fl-photo-img-jpg\"> <img decoding=\"async\" alt=\"Nosso servi\u00e7o\" class=\"fl-photo-img wp-image-9035\" itemprop=\"image\" src=\"\/wp-content\/uploads\/2025\/09\/b07f222c0ec0ab8d.webp\"> <\/img><\/div>\n<\/p><\/div>\n<\/p><\/div>\n<\/p><\/div>\n<\/p><\/div>\n<\/p><\/div>\n<\/p><\/div>\n<\/p><\/div>\n<\/p><\/div>\n<\/p><\/div>\n<\/div>","protected":false},"excerpt":{"rendered":"<p>Semicera\u2019s High-Purity Pyrolytic Carbon Coated Rigid Felt Ring features\u00a0a robust combination of advanced pyrolytic carbon coating and high-quality rigid felt material, delivering superior heat and corrosion resistance. This innovative component is essential for semiconductor and high-temperature applications, providing exceptional performance and durability. Semicera ensures that each ring meets the highest standards for temperature control and material longevity, making it ideal for demanding industrial environments.<\/p>","protected":false},"featured_media":989,"comment_status":"closed","ping_status":"open","template":"","meta":[],"product_brand":[],"product_cat":[58,24],"product_tag":[],"class_list":{"0":"post-1461","1":"product","2":"type-product","3":"status-publish","4":"has-post-thumbnail","6":"product_cat-sic-furnace-tube","7":"product_cat-silicon-carbide-ceramic","9":"first","10":"instock","11":"product-type-simple"},"_links":{"self":[{"href":"https:\/\/www.cn-semiconductorparts.com\/pt\/wp-json\/wp\/v2\/product\/1461","targetHints":{"allow":["GET"]}}],"collection":[{"href":"https:\/\/www.cn-semiconductorparts.com\/pt\/wp-json\/wp\/v2\/product"}],"about":[{"href":"https:\/\/www.cn-semiconductorparts.com\/pt\/wp-json\/wp\/v2\/types\/product"}],"replies":[{"embeddable":true,"href":"https:\/\/www.cn-semiconductorparts.com\/pt\/wp-json\/wp\/v2\/comments?post=1461"}],"wp:featuredmedia":[{"embeddable":true,"href":"https:\/\/www.cn-semiconductorparts.com\/pt\/wp-json\/wp\/v2\/media\/989"}],"wp:attachment":[{"href":"https:\/\/www.cn-semiconductorparts.com\/pt\/wp-json\/wp\/v2\/media?parent=1461"}],"wp:term":[{"taxonomy":"product_brand","embeddable":true,"href":"https:\/\/www.cn-semiconductorparts.com\/pt\/wp-json\/wp\/v2\/product_brand?post=1461"},{"taxonomy":"product_cat","embeddable":true,"href":"https:\/\/www.cn-semiconductorparts.com\/pt\/wp-json\/wp\/v2\/product_cat?post=1461"},{"taxonomy":"product_tag","embeddable":true,"href":"https:\/\/www.cn-semiconductorparts.com\/pt\/wp-json\/wp\/v2\/product_tag?post=1461"}],"curies":[{"name":"wp","href":"https:\/\/api.w.org\/{rel}","templated":true}]}}