{"id":1462,"date":"2025-09-11T05:29:13","date_gmt":"2025-09-11T05:29:13","guid":{"rendered":"https:\/\/weitai2.globaldeepsea.site\/product\/silicon-carbide-ceramic-tube\/"},"modified":"2025-09-11T05:29:16","modified_gmt":"2025-09-11T05:29:16","slug":"silicon-carbide-ceramic-tube","status":"publish","type":"product","link":"https:\/\/www.cn-semiconductorparts.com\/pt\/product\/silicon-carbide-ceramic-tube\/","title":{"rendered":"Tubo de cer\u00e2mica de carboneto de sil\u00edcio"},"content":{"rendered":"<div class=\"fl-builder-content fl-builder-content-9358 fl-builder-content-primary fl-builder-global-templates-locked\" data-post-id=\"9358\">\n<div class=\"fl-row fl-row-full-width fl-row-bg-none fl-node-66879f32402fa\" data-node=\"66879f32402fa\">\n<div class=\"fl-row-content-wrap\">\n<div class=\"fl-row-content fl-row-full-width fl-node-content\">\n<div class=\"fl-col-group fl-node-66879f324033e\" data-node=\"66879f324033e\">\n<div class=\"fl-col fl-node-66879f324037f\" data-node=\"66879f324037f\" style=\"width: 100%;\">\n<div class=\"fl-col-content fl-node-content\">\n<div class=\"fl-module fl-module-rich-text fl-node-66879f324057e\" data-animation-delay=\"0.0\" data-node=\"66879f324057e\">\n<div class=\"fl-module-content fl-node-content\">\n<div class=\"fl-rich-text\">\n<p>O tubo de cer\u00e2mica de carboneto de sil\u00edcio tem excelente estabilidade de alta temperatura e pode manter sua estrutura e desempenho em ambientes de temperatura extremamente alta. Ele pode suportar altas temperaturas at\u00e9 milhares de graus Celsius, por isso tem uma ampla gama de usos em aplica\u00e7\u00f5es de alta temperatura. Al\u00e9m disso, o tubo de cer\u00e2mica de carboneto de sil\u00edcio tamb\u00e9m possui boa condutividade t\u00e9rmica e pode efetivamente conduzir calor, fazendo com que ele desempenhe um papel importante no campo do manejo t\u00e9rmico e a dissipa\u00e7\u00e3o de calor.<\/p>\n<p>O tubo cer\u00e2mico de carboneto de sil\u00edcio tamb\u00e9m exibe excelente estabilidade qu\u00edmica e resist\u00eancia \u00e0 corros\u00e3o. Tem boa resist\u00eancia a muitos \u00e1cidos, \u00e1lcalis e outros produtos qu\u00edmicos, tornando-o amplamente utilizado em processos qu\u00edmicos, ambientes corrosivos e tratamento \u00e1cido-base. Al\u00e9m disso, o tubo de cer\u00e2mica de carboneto de sil\u00edcio tamb\u00e9m possui um baixo coeficiente de expans\u00e3o t\u00e9rmica, o que permite manter uma boa estabilidade quando a temperatura muda.<\/p>\n<p>O tubo de cer\u00e2mica de carboneto de sil\u00edcio possui uma ampla gama de aplica\u00e7\u00f5es em muitas ind\u00fastrias. Em fornos de alta temperatura, equipamentos de tratamento t\u00e9rmico e queimadores, o tubo de cer\u00e2mica de carboneto de sil\u00edcio pode ser usado como interno do forno, materiais refrat\u00e1rios e materiais de isolamento t\u00e9rmico. Na ind\u00fastria qu\u00edmica, ela pode ser usada para pipelines, reatores e tanques de armazenamento para meios corrosivos. Al\u00e9m disso, o tubo de cer\u00e2mica de carboneto de sil\u00edcio tamb\u00e9m \u00e9 amplamente utilizado na fabrica\u00e7\u00e3o de semicondutores, ind\u00fastria solar, equipamentos eletr\u00f4nicos e aeroespacial.<\/p>\n<\/p><\/div>\n<\/p><\/div>\n<\/p><\/div>\n<\/p><\/div>\n<\/p><\/div>\n<\/p><\/div>\n<div class=\"fl-col-group fl-node-66879f32405bd\" data-node=\"66879f32405bd\">\n<div class=\"fl-col fl-node-6687a0d805e1d fl-col-small\" data-node=\"6687a0d805e1d\" style=\"width: 49.78%;\">\n<div class=\"fl-col-content fl-node-content\">\n<div class=\"fl-module fl-module-photo fl-node-66879f32404be\" data-animation-delay=\"0.0\" data-node=\"66879f32404be\">\n<div class=\"fl-module-content fl-node-content\">\n<div class=\"fl-photo fl-photo-align-center\" itemscope=\"\" itemtype=\"http:\/\/schema.org\/ImageObject\">\n<div class=\"fl-photo-content fl-photo-img-png\"> <img decoding=\"async\" alt=\"Tubo de cer\u00e2mica de carboneto de sil\u00edcio (3)\" class=\"fl-photo-img wp-image-9371\" itemprop=\"image\" src=\"\/wp-content\/uploads\/2025\/09\/d55d9ba421154a39.webp\"> <\/img><\/div>\n<\/p><\/div>\n<\/p><\/div>\n<\/p><\/div>\n<\/p><\/div>\n<\/p><\/div>\n<div class=\"fl-col fl-node-66879f32405fd\" data-node=\"66879f32405fd\" style=\"width: 50.22%;\">\n<div class=\"fl-col-content fl-node-content\">\n<div class=\"fl-module fl-module-rich-text fl-node-66879f324053e\" data-animation-delay=\"0.0\" data-node=\"66879f324053e\">\n<div class=\"fl-module-content fl-node-content\">\n<div class=\"fl-rich-text\">\n<p>Forma e tamanho podem ser personalizados de acordo com os requisitos<\/p>\n<p>HUDENDADE muito alta (HV10): 22.2 (GPA)<\/p>\n<p>Densidade muito baixa (3,10-3,20 g\/cm\u00b3)<\/p>\n<p>Em temperaturas de at\u00e9 1400 \u2103, o sic pode at\u00e9 manter sua for\u00e7a<\/p>\n<p>Devido \u00e0 sua estabilidade qu\u00edmica e f\u00edsica, o SiC tem alta resist\u00eancia \u00e0 dureza e corros\u00e3o.<\/p>\n<\/p><\/div>\n<\/p><\/div>\n<\/p><\/div>\n<\/p><\/div>\n<\/p><\/div>\n<\/p><\/div>\n<div class=\"fl-col-group fl-node-66879f324067c\" data-node=\"66879f324067c\">\n<div class=\"fl-col fl-node-66879f32406bc\" data-node=\"66879f32406bc\" style=\"width: 100%;\">\n<div class=\"fl-col-content fl-node-content\">\n<div class=\"fl-module fl-module-gallery fl-node-66879f32406fe\" data-animation-delay=\"0.0\" data-node=\"66879f32406fe\">\n<div class=\"fl-module-content fl-node-content\">\n<div class=\"fl-mosaicflow\">\n<div class=\"fl-mosaicflow-content\">\n<div class=\"fl-mosaicflow-item\">\n<div class=\"fl-photo fl-photo-align-center\" itemscope=\"\" itemtype=\"http:\/\/schema.org\/ImageObject\">\n<div class=\"fl-photo-content fl-photo-img-png\"> <a href=\"\/pt\/uploads\/Silicon-carbide-ceramic-tube-11.webp\/\" itemprop=\"url\" target=\"_self\"> <img decoding=\"async\" alt=\"Tubo de cer\u00e2mica de carboneto de sil\u00edcio (1)\" class=\"fl-photo-img wp-image-9369\" itemprop=\"image\" src=\"\/wp-content\/uploads\/2025\/09\/0f140fb8cca2115b.webp\"> <\/img><\/a> <\/div>\n<\/p><\/div>\n<\/p><\/div>\n<div class=\"fl-mosaicflow-item\">\n<div class=\"fl-photo fl-photo-align-center\" itemscope=\"\" itemtype=\"http:\/\/schema.org\/ImageObject\">\n<div class=\"fl-photo-content fl-photo-img-png\"> <a href=\"\/pt\/uploads\/Silicon-carbide-ceramic-tube-21.webp\/\" itemprop=\"url\" target=\"_self\"> <img decoding=\"async\" alt=\"Tubo de cer\u00e2mica de carboneto de sil\u00edcio (2)\" class=\"fl-photo-img wp-image-9370\" itemprop=\"image\" src=\"\/wp-content\/uploads\/2025\/09\/82a546b3e21e36f9.webp\"> <\/img><\/a> <\/div>\n<\/p><\/div>\n<\/p><\/div>\n<\/p><\/div>\n<div class=\"fl-clear\"><\/div>\n<\/p><\/div>\n<\/p><\/div>\n<\/p><\/div>\n<\/p><\/div>\n<\/p><\/div>\n<\/p><\/div>\n<\/p><\/div>\n<\/p><\/div>\n<\/p><\/div>\n<div class=\"fl-row fl-row-full-width fl-row-bg-none fl-node-6687a12431887\" data-node=\"6687a12431887\">\n<div class=\"fl-row-content-wrap\">\n<div class=\"fl-row-content fl-row-full-width fl-node-content\">\n<div class=\"fl-col-group fl-node-6687a124318d0\" data-node=\"6687a124318d0\">\n<div class=\"fl-col fl-node-6687a12431913\" data-node=\"6687a12431913\" style=\"width: 100%;\">\n<div class=\"fl-col-content fl-node-content\">\n<div class=\"fl-module fl-module-photo fl-node-6687a12431954\" data-animation-delay=\"0.0\" data-node=\"6687a12431954\">\n<div class=\"fl-module-content fl-node-content\">\n<div class=\"fl-photo fl-photo-align-center\" itemscope=\"\" itemtype=\"http:\/\/schema.org\/ImageObject\">\n<div class=\"fl-photo-content fl-photo-img-jpg\"> <img decoding=\"async\" alt=\"Local de trabalho semicera\" class=\"fl-photo-img wp-image-9038\" itemprop=\"image\" src=\"\/wp-content\/uploads\/2025\/09\/b1dd0bcab1675ff4.webp\"> <\/img><\/div>\n<\/p><\/div>\n<\/p><\/div>\n<\/p><\/div>\n<div class=\"fl-module fl-module-photo fl-node-6687a12431a9a\" data-animation-delay=\"0.0\" data-node=\"6687a12431a9a\">\n<div class=\"fl-module-content fl-node-content\">\n<div class=\"fl-photo fl-photo-align-center\" itemscope=\"\" itemtype=\"http:\/\/schema.org\/ImageObject\">\n<div class=\"fl-photo-content fl-photo-img-jpg\"> <img decoding=\"async\" alt=\"Local de trabalho semicera 2\" class=\"fl-photo-img wp-image-9037\" itemprop=\"image\" src=\"\/wp-content\/uploads\/2025\/09\/2b946d2b4b61306d.webp\"> <\/img><\/div>\n<\/p><\/div>\n<\/p><\/div>\n<\/p><\/div>\n<div class=\"fl-module fl-module-photo fl-node-6687a12431a59\" data-animation-delay=\"0.0\" data-node=\"6687a12431a59\">\n<div class=\"fl-module-content fl-node-content\">\n<div class=\"fl-photo fl-photo-align-center\" itemscope=\"\" itemtype=\"http:\/\/schema.org\/ImageObject\">\n<div class=\"fl-photo-content fl-photo-img-jpg\"> <img decoding=\"async\" alt=\"M\u00e1quina de equipamentos\" class=\"fl-photo-img wp-image-9034 size-full\" itemprop=\"image\" src=\"\/wp-content\/uploads\/2025\/09\/081b6529d68ead23.webp\"> <\/img><\/div>\n<\/p><\/div>\n<\/p><\/div>\n<\/p><\/div>\n<div class=\"fl-module fl-module-photo fl-node-6687a12431a18\" data-animation-delay=\"0.0\" data-node=\"6687a12431a18\">\n<div class=\"fl-module-content fl-node-content\">\n<div class=\"fl-photo fl-photo-align-center\" itemscope=\"\" itemtype=\"http:\/\/schema.org\/ImageObject\">\n<div class=\"fl-photo-content fl-photo-img-jpg\"> <img decoding=\"async\" alt=\"Processamento da CNN, limpeza qu\u00edmica, revestimento de CVD\" class=\"fl-photo-img wp-image-9033\" itemprop=\"image\" src=\"\/wp-content\/uploads\/2025\/09\/a4132b2b399abbac.webp\"\/> <\/div>\n<\/p><\/div>\n<\/p><\/div>\n<\/p><\/div>\n<div class=\"fl-module fl-module-photo fl-node-6687a124319d7\" data-animation-delay=\"0.0\" data-node=\"6687a124319d7\">\n<div class=\"fl-module-content fl-node-content\">\n<div class=\"fl-photo fl-photo-align-center\" itemscope=\"\" itemtype=\"http:\/\/schema.org\/ImageObject\">\n<div class=\"fl-photo-content fl-photo-img-jpg\"> <img decoding=\"async\" alt=\"Ware House Semicera\" class=\"fl-photo-img wp-image-9036\" itemprop=\"image\" src=\"\/wp-content\/uploads\/2025\/09\/2190bb9ce5c1d546.webp\"\/> <\/div>\n<\/p><\/div>\n<\/p><\/div>\n<\/p><\/div>\n<div class=\"fl-module fl-module-photo fl-node-6687a12431995\" data-animation-delay=\"0.0\" data-node=\"6687a12431995\">\n<div class=\"fl-module-content fl-node-content\">\n<div class=\"fl-photo fl-photo-align-center\" itemscope=\"\" itemtype=\"http:\/\/schema.org\/ImageObject\">\n<div class=\"fl-photo-content fl-photo-img-jpg\"> <img decoding=\"async\" alt=\"Nosso servi\u00e7o\" class=\"fl-photo-img wp-image-9035\" itemprop=\"image\" src=\"\/wp-content\/uploads\/2025\/09\/b07f222c0ec0ab8d.webp\"\/> <\/div>\n<\/p><\/div>\n<\/p><\/div>\n<\/p><\/div>\n<\/p><\/div>\n<\/p><\/div>\n<\/p><\/div>\n<\/p><\/div>\n<\/p><\/div>\n<\/p><\/div>\n<\/div>","protected":false},"excerpt":{"rendered":"<p>O tubo cer\u00e2mico de carboneto de sil\u00edcio \u00e9 um material de cer\u00e2mica tubular com carboneto de sil\u00edcio (sic) como o componente principal. \u00c9 um material de cer\u00e2mica tubular com estabilidade de alta temperatura, estabilidade qu\u00edmica e boa condutividade t\u00e9rmica. O tubo de cer\u00e2mica de carboneto de sil\u00edcio \u00e9 amplamente utilizado nos campos de alta temperatura, corros\u00e3o qu\u00edmica e manejo t\u00e9rmico e desempenha um papel importante.<\/p>","protected":false},"featured_media":900,"comment_status":"closed","ping_status":"open","template":"","meta":[],"product_brand":[],"product_cat":[25,24],"product_tag":[],"class_list":{"0":"post-1462","1":"product","2":"type-product","3":"status-publish","4":"has-post-thumbnail","6":"product_cat-more-sic-product","7":"product_cat-silicon-carbide-ceramic","9":"first","10":"instock","11":"product-type-simple"},"_links":{"self":[{"href":"https:\/\/www.cn-semiconductorparts.com\/pt\/wp-json\/wp\/v2\/product\/1462","targetHints":{"allow":["GET"]}}],"collection":[{"href":"https:\/\/www.cn-semiconductorparts.com\/pt\/wp-json\/wp\/v2\/product"}],"about":[{"href":"https:\/\/www.cn-semiconductorparts.com\/pt\/wp-json\/wp\/v2\/types\/product"}],"replies":[{"embeddable":true,"href":"https:\/\/www.cn-semiconductorparts.com\/pt\/wp-json\/wp\/v2\/comments?post=1462"}],"wp:featuredmedia":[{"embeddable":true,"href":"https:\/\/www.cn-semiconductorparts.com\/pt\/wp-json\/wp\/v2\/media\/900"}],"wp:attachment":[{"href":"https:\/\/www.cn-semiconductorparts.com\/pt\/wp-json\/wp\/v2\/media?parent=1462"}],"wp:term":[{"taxonomy":"product_brand","embeddable":true,"href":"https:\/\/www.cn-semiconductorparts.com\/pt\/wp-json\/wp\/v2\/product_brand?post=1462"},{"taxonomy":"product_cat","embeddable":true,"href":"https:\/\/www.cn-semiconductorparts.com\/pt\/wp-json\/wp\/v2\/product_cat?post=1462"},{"taxonomy":"product_tag","embeddable":true,"href":"https:\/\/www.cn-semiconductorparts.com\/pt\/wp-json\/wp\/v2\/product_tag?post=1462"}],"curies":[{"name":"wp","href":"https:\/\/api.w.org\/{rel}","templated":true}]}}