{"id":1475,"date":"2025-09-11T05:29:19","date_gmt":"2025-09-11T05:29:19","guid":{"rendered":"https:\/\/weitai2.globaldeepsea.site\/product\/tantalum-carbide-planetary-disk\/"},"modified":"2026-04-29T15:33:12","modified_gmt":"2026-04-29T07:33:12","slug":"tantalum-carbide-planetary-disk","status":"publish","type":"product","link":"https:\/\/www.cn-semiconductorparts.com\/pt\/product\/tantalum-carbide-planetary-disk\/","title":{"rendered":"Disco planet\u00e1rio de carboneto tantalum"},"content":{"rendered":"<p><?xml encoding=\"utf-8\" ?><\/p>\n<div class=\"fl-builder-content fl-builder-content-9172 fl-builder-content-primary fl-builder-global-templates-locked\" data-post-id=\"9172\">\n<div class=\"fl-row fl-row-full-width fl-row-bg-none fl-node-667554173530b\" data-node=\"667554173530b\">\n<div class=\"fl-row-content-wrap\">\n<div class=\"fl-row-content fl-row-full-width fl-node-content\">\n<div class=\"fl-col-group fl-node-6675541735419\" data-node=\"6675541735419\">\n<div class=\"fl-col fl-node-6675541735459\" data-node=\"6675541735459\" style=\"width: 100%;\">\n<div class=\"fl-col-content fl-node-content\">\n<div class=\"fl-module fl-module-rich-text fl-node-66755417354a0\" data-animation-delay=\"0.0\" data-node=\"66755417354a0\">\n<div class=\"fl-module-content fl-node-content\">\n<div class=\"fl-rich-text\">\n<p><span style=\"font-family: 'Segoe UI';\">A Semicera fornece revestimentos especializados de carboneto de t\u00e2ntalo (TAC) para v\u00e1rios componentes e transportadores.<\/span>&nbsp;Semicera leading coating process enables tantalum carbide (TaC) coatings to achieve high purity, high temperature stability and high chemical tolerance, improving product quality of SIC\/GAN crystals and EPI layers (Graphite coated TaC susceptor), and extending the life of key reactor components. The use of tantalum carbide TaC coating is to solve the edge problem and improve the quality of crystal growth, and Semicera has breakthrough solved the tantalum carbide coating technology (CVD), reaching the international advanced level.<\/p>\n<div id=\"gtx-trans\" style=\"position: absolute; left: 194px; top: 111.453px;\">&nbsp;<\/div>\n<\/p><\/div>\n<\/p><\/div>\n<\/p><\/div>\n<\/p><\/div>\n<\/p><\/div>\n<\/p><\/div>\n<div class=\"fl-col-group fl-node-66755417356e6\" data-node=\"66755417356e6\">\n<div class=\"fl-col fl-node-6675541735726\" data-node=\"6675541735726\" style=\"width: 100%;\">\n<div class=\"fl-col-content fl-node-content\">\n<div class=\"fl-module fl-module-rich-text fl-node-66755420d98cf\" data-animation-delay=\"0.0\" data-node=\"66755420d98cf\">\n<div class=\"fl-module-content fl-node-content\">\n<div class=\"fl-rich-text\">\n<p>The working principle of tantalum carbide planetary disc is similar to that of planetary gear transmission, in which the planetary disc acts as an intermediate driving element and realizes power transmission and motion control by meshing with the inner and outer gears. The planetary disc usually has multiple tooth grooves that mesh with the inner and outer gears to achieve smooth transmission and high torque output.<\/p>\n<\/p><\/div>\n<\/p><\/div>\n<\/p><\/div>\n<\/p><\/div>\n<\/p><\/div>\n<\/p><\/div>\n<div class=\"fl-col-group fl-node-6675541735a2b\" data-node=\"6675541735a2b\">\n<div class=\"fl-col fl-node-6675541735b2c fl-col-small\" data-node=\"6675541735b2c\" style=\"width: 50%;\">\n<div class=\"fl-col-content fl-node-content\">\n<div class=\"fl-module fl-module-photo fl-node-6675541735aac\" data-animation-delay=\"0.0\" data-node=\"6675541735aac\">\n<div class=\"fl-module-content fl-node-content\">\n<div class=\"fl-photo fl-photo-align-center\" itemscope=\"\" itemtype=\"http:\/\/schema.org\/ImageObject\">\n<div class=\"fl-photo-content fl-photo-img-jpg\"> <img decoding=\"async\" alt=\"Alta efici\u00eancia Tantalum Carbide Coating_ Melhora a efici\u00eancia da produ\u00e7\u00e3o industrial e reduz os custos de manuten\u00e7\u00e3o da imagem apresentada\" class=\"fl-photo-img wp-image-7305 size-thumbnail\" itemprop=\"image\" src=\"\/wp-content\/uploads\/2025\/09\/0c4e2486991c9804.webp\"> <\/div>\n<\/p><\/div>\n<\/p><\/div>\n<\/p><\/div>\n<div class=\"fl-module fl-module-heading fl-node-6675541735bad\" data-animation-delay=\"0.0\" data-node=\"6675541735bad\">\n<div class=\"fl-module-content fl-node-content\">\n<h3 class=\"fl-heading\">  Parte tac para crescimento \u00fanico cristal  <\/h3>\n<\/p><\/div>\n<\/p><\/div>\n<\/p><\/div>\n<\/p><\/div>\n<div class=\"fl-col fl-node-6675541735a6c fl-col-small\" data-node=\"6675541735a6c\" style=\"width: 50%;\">\n<div class=\"fl-col-content fl-node-content\">\n<div class=\"fl-module fl-module-photo fl-node-6675541735aec\" data-animation-delay=\"0.0\" data-node=\"6675541735aec\">\n<div class=\"fl-module-content fl-node-content\">\n<div class=\"fl-photo fl-photo-align-center\" itemscope=\"\" itemtype=\"http:\/\/schema.org\/ImageObject\">\n<div class=\"fl-photo-content fl-photo-img-jpg\"> <img decoding=\"async\" alt=\"Coating de carboneto de Tantalum Antiwea\" class=\"fl-photo-img wp-image-6556 size-thumbnail\" itemprop=\"image\" src=\"\/wp-content\/uploads\/2025\/09\/3358ccbc0dafe7b5.webp\"> <\/div>\n<\/p><\/div>\n<\/p><\/div>\n<\/p><\/div>\n<div class=\"fl-module fl-module-heading fl-node-6675541735b6d\" data-animation-delay=\"0.0\" data-node=\"6675541735b6d\">\n<div class=\"fl-module-content fl-node-content\">\n<h3 class=\"fl-heading\">  Grafite com anel revestido com TAC  <\/h3>\n<\/p><\/div>\n<\/p><\/div>\n<\/p><\/div>\n<\/p><\/div>\n<\/p><\/div>\n<div class=\"fl-col-group fl-node-66755417355a4\" data-node=\"66755417355a4\">\n<div class=\"fl-col fl-node-66755417356a6 fl-col-small\" data-node=\"66755417356a6\" style=\"width: 50%;\">\n<div class=\"fl-col-content fl-node-content\">\n<div class=\"fl-module fl-module-photo fl-node-6675541735625\" data-animation-delay=\"0.0\" data-node=\"6675541735625\">\n<div class=\"fl-module-content fl-node-content\">\n<div class=\"fl-photo fl-photo-align-center\" itemscope=\"\" itemtype=\"http:\/\/schema.org\/ImageObject\">\n<div class=\"fl-photo-content fl-photo-img-png\"> <img decoding=\"async\" alt=\"&#24494;&#20449;&#22270;&#29255;_20240227150045\" class=\"fl-photo-img wp-image-6621\" itemprop=\"image\" src=\"\/wp-content\/uploads\/2025\/09\/7f66597ee3a8b10a.webp\"> <\/div>\n<\/p><\/div>\n<\/p><\/div>\n<\/p><\/div>\n<div class=\"fl-module fl-module-heading fl-node-66755417358a9\" data-animation-delay=\"0.0\" data-node=\"66755417358a9\">\n<div class=\"fl-module-content fl-node-content\">\n<h3 class=\"fl-heading\"> <span class=\"fl-heading-text\">com e sem TAC<\/span> <\/h3>\n<\/p><\/div>\n<\/p><\/div>\n<\/p><\/div>\n<\/p><\/div>\n<div class=\"fl-col fl-node-66755417355e4 fl-col-small\" data-node=\"66755417355e4\" style=\"width: 50%;\">\n<div class=\"fl-col-content fl-node-content\">\n<div class=\"fl-module fl-module-photo fl-node-6675541735665\" data-animation-delay=\"0.0\" data-node=\"6675541735665\">\n<div class=\"fl-module-content fl-node-content\">\n<div class=\"fl-photo fl-photo-align-center\" itemscope=\"\" itemtype=\"http:\/\/schema.org\/ImageObject\">\n<div class=\"fl-photo-content fl-photo-img-png\"> <img decoding=\"async\" alt=\"&#24494;&#20449;&#22270;&#29255;_20240227150053\" class=\"fl-photo-img wp-image-6620 size-thumbnail\" itemprop=\"image\" src=\"\/wp-content\/uploads\/2025\/09\/b13df0bf24464be4.webp\"> <\/div>\n<\/p><\/div>\n<\/p><\/div>\n<\/p><\/div>\n<div class=\"fl-module fl-module-heading fl-node-6675541735868\" data-animation-delay=\"0.0\" data-node=\"6675541735868\">\n<div class=\"fl-module-content fl-node-content\">\n<h3 class=\"fl-heading\"> <span class=\"fl-heading-text\">Depois de usar o TAC (\u00e0 direita)<\/span> <\/h3>\n<\/p><\/div>\n<\/p><\/div>\n<\/p><\/div>\n<\/p><\/div>\n<\/p><\/div>\n<div class=\"fl-col-group fl-node-66755498c015a\" data-node=\"66755498c015a\">\n<div class=\"fl-col fl-node-66755498c048a\" data-node=\"66755498c048a\" style=\"width: 100%;\">\n<div class=\"fl-col-content fl-node-content\">\n<div class=\"fl-module fl-module-rich-text fl-node-667554887b273\" data-animation-delay=\"0.0\" data-node=\"667554887b273\">\n<div class=\"fl-module-content fl-node-content\">\n<div class=\"fl-rich-text\">\n<p>The characteristics of tantalum carbide planetary disc are as follows:<\/p>\n<p>1. Wear resistance: Tantalum carbide material has extremely high hardness and wear resistance, can maintain good durability under high load and high-speed movement conditions, and reduce wear and friction loss.<\/p>\n<p>2. High temperature stability: Tantalum carbide has excellent high temperature stability and can run for a long time in high temperature environment without damage, which is suitable for high temperature processes and applications.<\/p>\n<p>3. Low friction coefficient: The surface of tantalum carbide has a low friction coefficient, which reduces energy loss and heat generation during transmission and improves transmission efficiency.<\/p>\n<p>4. High precision and stability: Tantalum carbide planetary discs are manufactured with fine craftsmanship, high precision and stability, and can achieve precise transmission and position control.<\/p>\n<\/p><\/div>\n<\/p><\/div>\n<\/p><\/div>\n<\/p><\/div>\n<\/p><\/div>\n<\/p><\/div>\n<div class=\"fl-col-group fl-node-66755417357e7\" data-node=\"66755417357e7\">\n<div class=\"fl-col fl-node-6675541735827\" data-node=\"6675541735827\" style=\"width: 100%;\">\n<div class=\"fl-col-content fl-node-content\">\n<div class=\"fl-module fl-module-rich-text fl-node-66755417357a7\" data-animation-delay=\"0.0\" data-node=\"66755417357a7\">\n<div class=\"fl-module-content fl-node-content\">\n<div class=\"fl-rich-text\">\n<p>Moreover, Semicera&#8217;s TaC-coated products&nbsp;exhibit a longer service life and greater high-temperature resistance compared to <b>SiC coatings.<\/b>&nbsp;Laboratory measurements have demonstrated that our TaC coatings&nbsp;can consistently perform at temperatures up to 2300 degrees Celsius for extended periods. Below are some examples of our samples:<\/p>\n<div id=\"gtx-trans\" style=\"position: absolute; left: 1221px; top: 26px;\">&nbsp;<\/div>\n<\/p><\/div>\n<\/p><\/div>\n<\/p><\/div>\n<\/p><\/div>\n<\/p><\/div>\n<\/p><\/div>\n<div class=\"fl-col-group fl-node-66755417358e9\" data-node=\"66755417358e9\">\n<div class=\"fl-col fl-node-66755417359eb fl-col-small\" data-node=\"66755417359eb\" style=\"width: 50%;\">\n<div class=\"fl-col-content fl-node-content\">\n<div class=\"fl-module fl-module-photo fl-node-6675541735969\" data-animation-delay=\"0.0\" data-node=\"6675541735969\">\n<div class=\"fl-module-content fl-node-content\">\n<div class=\"fl-photo fl-photo-align-center\" itemscope=\"\" itemtype=\"http:\/\/schema.org\/ImageObject\">\n<div class=\"fl-photo-content fl-photo-img-png\"> <img decoding=\"async\" alt=\"3\" class=\"fl-photo-img wp-image-8245\" itemprop=\"image\" src=\"\/wp-content\/uploads\/2025\/09\/c934e5dc4964ad7b.webp\"> <\/div>\n<\/p><\/div>\n<\/p><\/div>\n<\/p><\/div>\n<div class=\"fl-module fl-module-heading fl-node-6675541735db7\" data-animation-delay=\"0.0\" data-node=\"6675541735db7\">\n<div class=\"fl-module-content fl-node-content\">\n<h3 class=\"fl-heading\">  Susceptador revestido com TAC  <\/h3>\n<\/p><\/div>\n<\/p><\/div>\n<\/p><\/div>\n<\/p><\/div>\n<div class=\"fl-col fl-node-6675541735929 fl-col-small\" data-node=\"6675541735929\" style=\"width: 50%;\">\n<div class=\"fl-col-content fl-node-content\">\n<div class=\"fl-module fl-module-photo fl-node-66755417359aa\" data-animation-delay=\"0.0\" data-node=\"66755417359aa\">\n<div class=\"fl-module-content fl-node-content\">\n<div class=\"fl-photo fl-photo-align-center\" itemscope=\"\" itemtype=\"http:\/\/schema.org\/ImageObject\">\n<div class=\"fl-photo-content fl-photo-img-png\"> <img decoding=\"async\" alt=\"4\" class=\"fl-photo-img wp-image-8246\" itemprop=\"image\" src=\"\/wp-content\/uploads\/2025\/09\/288e78622a58bce1.webp\"> <\/div>\n<\/p><\/div>\n<\/p><\/div>\n<\/p><\/div>\n<div class=\"fl-module fl-module-heading fl-node-6675541735df7\" data-animation-delay=\"0.0\" data-node=\"6675541735df7\">\n<div class=\"fl-module-content fl-node-content\">\n<h3 class=\"fl-heading\">  Grafite com reator revestido com TAC  <\/h3>\n<\/p><\/div>\n<\/p><\/div>\n<\/p><\/div>\n<\/p><\/div>\n<\/p><\/div>\n<div class=\"fl-col-group fl-node-6675541735cf7\" data-node=\"6675541735cf7\">\n<div class=\"fl-col fl-node-6675541735d37\" data-node=\"6675541735d37\" style=\"width: 100%;\">\n<div class=\"fl-col-content fl-node-content\">\n<div class=\"fl-module fl-module-photo fl-node-6675541735d77\" data-animation-delay=\"0.0\" data-node=\"6675541735d77\">\n<div class=\"fl-module-content fl-node-content\">\n<div class=\"fl-photo fl-photo-align-center\" itemscope=\"\" itemtype=\"http:\/\/schema.org\/ImageObject\">\n<div class=\"fl-photo-content fl-photo-img-png\"> <img decoding=\"async\" alt=\"0(1)\" class=\"fl-photo-img wp-image-6851\" itemprop=\"image\" src=\"\/wp-content\/uploads\/2025\/09\/474f2973c811b4a2.webp\"> <\/div>\n<\/p><\/div>\n<\/p><\/div>\n<\/p><\/div>\n<\/p><\/div>\n<\/p><\/div>\n<\/p><\/div>\n<div class=\"fl-col-group fl-node-6675541735354\" data-node=\"6675541735354\">\n<div class=\"fl-col fl-node-6675541735398\" data-node=\"6675541735398\" style=\"width: 100%;\">\n<div class=\"fl-col-content fl-node-content\">\n<div class=\"fl-module fl-module-photo fl-node-66755417353d9\" data-animation-delay=\"0.0\" data-node=\"66755417353d9\">\n<div class=\"fl-module-content fl-node-content\">\n<div class=\"fl-photo fl-photo-align-center\" itemscope=\"\" itemtype=\"http:\/\/schema.org\/ImageObject\">\n<div class=\"fl-photo-content fl-photo-img-jpg\"> <img decoding=\"async\" alt=\"Local de trabalho semicera\" class=\"fl-photo-img wp-image-7286\" itemprop=\"image\" src=\"\/wp-content\/uploads\/2025\/09\/b1dd0bcab1675ff4.webp\"> <\/div>\n<\/p><\/div>\n<\/p><\/div>\n<\/p><\/div>\n<\/p><\/div>\n<\/p><\/div>\n<\/p><\/div>\n<div class=\"fl-col-group fl-node-66755417354e2\" data-node=\"66755417354e2\">\n<div class=\"fl-col fl-node-6675541735523\" data-node=\"6675541735523\" style=\"width: 100%;\">\n<div class=\"fl-col-content fl-node-content\">\n<div class=\"fl-module fl-module-photo fl-node-6675541735564\" data-animation-delay=\"0.0\" data-node=\"6675541735564\">\n<div class=\"fl-module-content fl-node-content\">\n<div class=\"fl-photo fl-photo-align-center\" itemscope=\"\" itemtype=\"http:\/\/schema.org\/ImageObject\">\n<div class=\"fl-photo-content fl-photo-img-jpg\"> <img decoding=\"async\" alt=\"Local de trabalho semicera 2\" class=\"fl-photo-img wp-image-7287\" itemprop=\"image\" src=\"\/wp-content\/uploads\/2025\/09\/2b946d2b4b61306d.webp\"> <\/div>\n<\/p><\/div>\n<\/p><\/div>\n<\/p><\/div>\n<div class=\"fl-module fl-module-photo fl-node-6675541735cb7\" data-animation-delay=\"0.0\" data-node=\"6675541735cb7\">\n<div class=\"fl-module-content fl-node-content\">\n<div class=\"fl-photo fl-photo-align-center\" itemscope=\"\" itemtype=\"http:\/\/schema.org\/ImageObject\">\n<div class=\"fl-photo-content fl-photo-img-jpg\"> <img decoding=\"async\" alt=\"M\u00e1quina de equipamentos\" class=\"fl-photo-img wp-image-7288\" itemprop=\"image\" src=\"\/wp-content\/uploads\/2025\/09\/081b6529d68ead23.webp\"> <\/div>\n<\/p><\/div>\n<\/p><\/div>\n<\/p><\/div>\n<div class=\"fl-module fl-module-photo fl-node-6675541735bee\" data-animation-delay=\"0.0\" data-node=\"6675541735bee\">\n<div class=\"fl-module-content fl-node-content\">\n<div class=\"fl-photo fl-photo-align-center\" itemscope=\"\" itemtype=\"http:\/\/schema.org\/ImageObject\">\n<div class=\"fl-photo-content fl-photo-img-jpg\"> <img decoding=\"async\" alt=\"Ware House Semicera\" class=\"fl-photo-img wp-image-7140\" itemprop=\"image\" src=\"\/wp-content\/uploads\/2025\/09\/2190bb9ce5c1d546.webp\"> <\/div>\n<\/p><\/div>\n<\/p><\/div>\n<\/p><\/div>\n<div class=\"fl-module fl-module-photo fl-node-6675541735c77\" data-animation-delay=\"0.0\" data-node=\"6675541735c77\">\n<div class=\"fl-module-content fl-node-content\">\n<div class=\"fl-photo fl-photo-align-center\" itemscope=\"\" itemtype=\"http:\/\/schema.org\/ImageObject\">\n<div class=\"fl-photo-content fl-photo-img-jpg\"> <img decoding=\"async\" alt=\"Processamento da CNN, limpeza qu\u00edmica, revestimento de CVD\" class=\"fl-photo-img wp-image-7289\" itemprop=\"image\" src=\"\/wp-content\/uploads\/2025\/09\/a4132b2b399abbac.webp\"> <\/div>\n<\/p><\/div>\n<\/p><\/div>\n<\/p><\/div>\n<div class=\"fl-module fl-module-photo fl-node-6675541735c2e\" data-animation-delay=\"0.0\" data-node=\"6675541735c2e\">\n<div class=\"fl-module-content fl-node-content\">\n<div class=\"fl-photo fl-photo-align-center\" itemscope=\"\" itemtype=\"http:\/\/schema.org\/ImageObject\">\n<div class=\"fl-photo-content fl-photo-img-jpg\"> <img decoding=\"async\" alt=\"Nosso servi\u00e7o\" class=\"fl-photo-img wp-image-7290\" itemprop=\"image\" src=\"\/wp-content\/uploads\/2025\/09\/b07f222c0ec0ab8d.webp\"> <\/div>\n<\/p><\/div>\n<\/p><\/div>\n<\/p><\/div>\n<\/p><\/div>\n<\/p><\/div>\n<\/p><\/div>\n<\/p><\/div>\n<\/p><\/div>\n<\/p><\/div>\n<\/div>","protected":false},"excerpt":{"rendered":"<p><?xml encoding=\"utf-8\" ?><\/p>\n<p>The Tantalum carbide planetary disc from Semicera is a critical component in semiconductor epitaxy furnaces and is known for its exceptional wear resistance, high hardness, and thermal stability. Widely used in precision instruments, aerospace, and semiconductor manufacturing, this disc ensures superior performance and durability. Semicera semiconductors guarantee the highest quality and reliability in high-precision mechanical transmission systems.<\/p>","protected":false},"featured_media":769,"comment_status":"closed","ping_status":"open","template":"","meta":[],"product_brand":[],"product_cat":[37],"product_tag":[],"class_list":{"0":"post-1475","1":"product","2":"type-product","3":"status-publish","4":"has-post-thumbnail","6":"product_cat-cvd-tac-coating","8":"first","9":"instock","10":"product-type-simple"},"_links":{"self":[{"href":"https:\/\/www.cn-semiconductorparts.com\/pt\/wp-json\/wp\/v2\/product\/1475","targetHints":{"allow":["GET"]}}],"collection":[{"href":"https:\/\/www.cn-semiconductorparts.com\/pt\/wp-json\/wp\/v2\/product"}],"about":[{"href":"https:\/\/www.cn-semiconductorparts.com\/pt\/wp-json\/wp\/v2\/types\/product"}],"replies":[{"embeddable":true,"href":"https:\/\/www.cn-semiconductorparts.com\/pt\/wp-json\/wp\/v2\/comments?post=1475"}],"wp:featuredmedia":[{"embeddable":true,"href":"https:\/\/www.cn-semiconductorparts.com\/pt\/wp-json\/wp\/v2\/media\/769"}],"wp:attachment":[{"href":"https:\/\/www.cn-semiconductorparts.com\/pt\/wp-json\/wp\/v2\/media?parent=1475"}],"wp:term":[{"taxonomy":"product_brand","embeddable":true,"href":"https:\/\/www.cn-semiconductorparts.com\/pt\/wp-json\/wp\/v2\/product_brand?post=1475"},{"taxonomy":"product_cat","embeddable":true,"href":"https:\/\/www.cn-semiconductorparts.com\/pt\/wp-json\/wp\/v2\/product_cat?post=1475"},{"taxonomy":"product_tag","embeddable":true,"href":"https:\/\/www.cn-semiconductorparts.com\/pt\/wp-json\/wp\/v2\/product_tag?post=1475"}],"curies":[{"name":"wp","href":"https:\/\/api.w.org\/{rel}","templated":true}]}}