{"id":1477,"date":"2025-09-11T05:29:19","date_gmt":"2025-09-11T05:29:19","guid":{"rendered":"https:\/\/weitai2.globaldeepsea.site\/product\/rtp-cvd-sic-ring\/"},"modified":"2026-04-29T15:33:13","modified_gmt":"2026-04-29T07:33:13","slug":"rtp-cvd-sic-ring","status":"publish","type":"product","link":"https:\/\/www.cn-semiconductorparts.com\/pt\/product\/rtp-cvd-sic-ring\/","title":{"rendered":"RTP CVD SIC ANEL"},"content":{"rendered":"<p><?xml encoding=\"utf-8\" ?><\/p>\n<div class=\"fl-builder-content fl-builder-content-9199 fl-builder-content-primary fl-builder-global-templates-locked\" data-post-id=\"9199\">\n<div class=\"fl-row fl-row-full-width fl-row-bg-none fl-node-667682043af53\" data-node=\"667682043af53\">\n<div class=\"fl-row-content-wrap\">\n<div class=\"fl-row-content fl-row-full-width fl-node-content\">\n<div class=\"fl-col-group fl-node-667682043af97\" data-node=\"667682043af97\">\n<div class=\"fl-col fl-node-667682043afd9\" data-node=\"667682043afd9\" style=\"width: 100%;\">\n<div class=\"fl-col-content fl-node-content\">\n<div class=\"fl-module fl-module-icon fl-node-667682043b01b\" data-animation-delay=\"0.0\" data-node=\"667682043b01b\">\n<div class=\"fl-module-content fl-node-content\">\n<div class=\"fl-icon-wrap\"> <span class=\"fl-icon\"> <i class=\"fa fa-align-justify\"><\/i> <\/span> <\/p>\n<div class=\"fl-icon-text\">\n<p style=\"text-align: left;\"><strong><span style=\"color: #1182cc;\">Por que o anel de grava\u00e7\u00e3o de carboneto de sil\u00edcio \u00e9?<\/span><\/strong><\/p>\n<\/p><\/div>\n<\/p><\/div>\n<\/p><\/div>\n<\/p><\/div>\n<div class=\"fl-module fl-module-separator fl-node-667682043b05c\" data-animation-delay=\"0.0\" data-node=\"667682043b05c\">\n<div class=\"fl-module-content fl-node-content\">\n<div class=\"fl-separator\"><\/div>\n<\/p><\/div>\n<\/p><\/div>\n<div class=\"fl-module fl-module-rich-text fl-node-667682043b19d\" data-animation-delay=\"0.0\" data-node=\"667682043b19d\">\n<div class=\"fl-module-content fl-node-content\">\n<div class=\"fl-rich-text\">\n<p>RTP CVD SiC rings are widely used in industrial and scientific fields in high temperature and corrosive environments. It plays an important role in semiconductor manufacturing, optoelectronics, precision machinery and chemical industry. Specific applications include:<\/p>\n<p>1. Semiconductor manufacturing: RTP CVD SiC rings can be used for heating and cooling of semiconductor equipment, providing stable temperature control and ensuring the accuracy and consistency of the process.<\/p>\n<p>2. Optoelectronics: Due to its excellent thermal conductivity and high temperature resistance, RTP CVD SiC rings can be used as support and heat dissipation materials for lasers, fiber optic communication equipment and optical components.<\/p>\n<p>3. M\u00e1quinas de precis\u00e3o: RTP CVD SiC pode ser usado para instrumentos e equipamentos de precis\u00e3o em ambientes de alta temperatura e corrosivos, como fornos de alta temperatura, dispositivos de v\u00e1cuo e reatores qu\u00edmicos.<\/p>\n<p>4. Ind\u00fastria qu\u00edmica: devido \u00e0 sua resist\u00eancia \u00e0 corros\u00e3o e estabilidade qu\u00edmica, os an\u00e9is RTP CVD SiC podem ser usados \u200b\u200bem recipientes, tubos e reatores em rea\u00e7\u00f5es qu\u00edmicas e processos catal\u00edticos.<\/p>\n<div id=\"gtx-trans\" style=\"position: absolute; left: 643px; top: 41.7812px;\">&nbsp;<\/div>\n<\/p><\/div>\n<\/p><\/div>\n<\/p><\/div>\n<\/p><\/div>\n<\/p><\/div>\n<\/p><\/div>\n<\/p><\/div>\n<\/p><\/div>\n<\/p><\/div>\n<div class=\"fl-row fl-row-full-width fl-row-bg-none fl-node-67122b6345a41\" data-node=\"67122b6345a41\">\n<div class=\"fl-row-content-wrap\">\n<div class=\"fl-row-content fl-row-full-width fl-node-content\">\n<div class=\"fl-col-group fl-node-67122b6351263\" data-node=\"67122b6351263\">\n<div class=\"fl-col fl-node-67122b82ca88d fl-col-small\" data-node=\"67122b82ca88d\" style=\"width: 33.33%;\">\n<div class=\"fl-col-content fl-node-content\">\n<div class=\"fl-module fl-module-heading fl-node-67122b6345343\" data-animation-delay=\"0.0\" data-node=\"67122b6345343\">\n<div class=\"fl-module-content fl-node-content\">\n<h3 class=\"fl-heading\"> <span class=\"fl-heading-text\">Sistema epi<\/span> <\/h3>\n<\/p><\/div>\n<\/p><\/div>\n<div class=\"fl-module fl-module-photo fl-node-671237bc1137c\" data-animation-delay=\"0.0\" data-node=\"671237bc1137c\">\n<div class=\"fl-module-content fl-node-content\">\n<div class=\"fl-photo fl-photo-align-center\" itemscope=\"\" itemtype=\"http:\/\/schema.org\/ImageObject\">\n<div class=\"fl-photo-content fl-photo-img-png\"> <img decoding=\"async\" alt=\"Sistema epi\" class=\"fl-photo-img wp-image-11329\" itemprop=\"image\" src=\"\/wp-content\/uploads\/2025\/09\/9f0f4df6b43d5afa.webp\"> <\/div>\n<\/p><\/div>\n<\/p><\/div>\n<\/p><\/div>\n<\/p><\/div>\n<\/p><\/div>\n<div class=\"fl-col fl-node-67122b63516ce fl-col-small\" data-node=\"67122b63516ce\" style=\"width: 33.33%;\">\n<div class=\"fl-col-content fl-node-content\">\n<div class=\"fl-module fl-module-heading fl-node-67122b8066284\" data-animation-delay=\"0.0\" data-node=\"67122b8066284\">\n<div class=\"fl-module-content fl-node-content\">\n<h3 class=\"fl-heading\"> <span class=\"fl-heading-text\">Sistema RTP<\/span> <\/h3>\n<\/p><\/div>\n<\/p><\/div>\n<div class=\"fl-module fl-module-photo fl-node-67122e23b4a00\" data-animation-delay=\"0.0\" data-node=\"67122e23b4a00\">\n<div class=\"fl-module-content fl-node-content\">\n<div class=\"fl-photo fl-photo-align-center\" itemscope=\"\" itemtype=\"http:\/\/schema.org\/ImageObject\">\n<div class=\"fl-photo-content fl-photo-img-png\"> <img decoding=\"async\" alt=\"Sistema RTP\" class=\"fl-photo-img wp-image-11330\" itemprop=\"image\" src=\"\/wp-content\/uploads\/2025\/09\/1b98ac85306997f7.webp\"> <\/div>\n<\/p><\/div>\n<\/p><\/div>\n<\/p><\/div>\n<\/p><\/div>\n<\/p><\/div>\n<div class=\"fl-col fl-node-67122b869e681 fl-col-small\" data-node=\"67122b869e681\" style=\"width: 33.33%;\">\n<div class=\"fl-col-content fl-node-content\">\n<div class=\"fl-module fl-module-heading fl-node-67122b7eeebbe\" data-animation-delay=\"0.0\" data-node=\"67122b7eeebbe\">\n<div class=\"fl-module-content fl-node-content\">\n<h3 class=\"fl-heading\"> <span class=\"fl-heading-text\">Sistema CVD<\/span> <\/h3>\n<\/p><\/div>\n<\/p><\/div>\n<div class=\"fl-module fl-module-photo fl-node-671233da6e798\" data-animation-delay=\"0.0\" data-node=\"671233da6e798\">\n<div class=\"fl-module-content fl-node-content\">\n<div class=\"fl-photo fl-photo-align-center\" itemscope=\"\" itemtype=\"http:\/\/schema.org\/ImageObject\">\n<div class=\"fl-photo-content fl-photo-img-png\"> <img decoding=\"async\" alt=\"Sistema CVD\" class=\"fl-photo-img wp-image-11331\" itemprop=\"image\" src=\"\/wp-content\/uploads\/2025\/09\/d723e80a7d161e7b.webp\"> <\/div>\n<\/p><\/div>\n<\/p><\/div>\n<\/p><\/div>\n<\/p><\/div>\n<\/p><\/div>\n<\/p><\/div>\n<\/p><\/div>\n<\/p><\/div>\n<\/p><\/div>\n<div class=\"fl-row fl-row-full-width fl-row-bg-none fl-node-667682043b2a3\" data-node=\"667682043b2a3\">\n<div class=\"fl-row-content-wrap\">\n<div class=\"fl-row-content fl-row-full-width fl-node-content\">\n<div class=\"fl-col-group fl-node-667682043b2e2\" data-node=\"667682043b2e2\">\n<div class=\"fl-col fl-node-667682043b321\" data-node=\"667682043b321\" style=\"width: 53.89%;\">\n<div class=\"fl-col-content fl-node-content\">\n<div class=\"fl-module fl-module-rich-text fl-node-667682043b965\" data-animation-delay=\"0.0\" data-node=\"667682043b965\">\n<div class=\"fl-module-content fl-node-content\">\n<div class=\"fl-rich-text\">\n<p><strong>Desempenho do produto:<\/strong><\/p>\n<p><span style=\"font-family: arial, helvetica, sans-serif; font-size: medium;\">1. Conhe\u00e7a o processo abaixo de 28nm<\/span><\/p>\n<p><span style=\"font-family: arial, helvetica, sans-serif; font-size: medium;\">2. Resist\u00eancia \u00e0 super corros\u00e3o<\/span><\/p>\n<p><span style=\"font-family: arial, helvetica, sans-serif; font-size: medium;\">3. Desempenho super limpo<\/span><\/p>\n<p><span style=\"font-family: arial, helvetica, sans-serif; font-size: medium;\">4. Super dureza<\/span><\/p>\n<p><span style=\"font-family: arial, helvetica, sans-serif; font-size: medium;\">5. Alta densidade<\/span><\/p>\n<p><span style=\"font-family: arial, helvetica, sans-serif; font-size: medium;\">6. Resist\u00eancia a alta temperatura<\/span><\/p>\n<p><span style=\"font-family: arial, helvetica, sans-serif; font-size: medium;\">7. Resist\u00eancia ao desgaste<\/span><\/p>\n<\/p><\/div>\n<\/p><\/div>\n<\/p><\/div>\n<\/p><\/div>\n<\/p><\/div>\n<div class=\"fl-col fl-node-667682043b360 fl-col-small\" data-node=\"667682043b360\" style=\"width: 46.11%;\">\n<div class=\"fl-col-content fl-node-content\">\n<div class=\"fl-module fl-module-photo fl-node-667682043b220\" data-animation-delay=\"0.0\" data-node=\"667682043b220\">\n<div class=\"fl-module-content fl-node-content\">\n<div class=\"fl-photo fl-photo-align-center\" itemscope=\"\" itemtype=\"http:\/\/schema.org\/ImageObject\">\n<div class=\"fl-photo-content fl-photo-img-jpg\"> <img decoding=\"async\" alt=\"Equipamento de produ\u00e7\u00e3o de quartzo 4\" class=\"fl-photo-img wp-image-6839\" itemprop=\"image\" src=\"\/wp-content\/uploads\/2025\/09\/7b546b956fad1698.webp\"> <\/div>\n<\/p><\/div>\n<\/p><\/div>\n<\/p><\/div>\n<\/p><\/div>\n<\/p><\/div>\n<\/p><\/div>\n<\/p><\/div>\n<\/p><\/div>\n<\/p><\/div>\n<div class=\"fl-row fl-row-full-width fl-row-bg-none fl-node-667682043ba70\" data-node=\"667682043ba70\">\n<div class=\"fl-row-content-wrap\">\n<div class=\"fl-row-content fl-row-full-width fl-node-content\">\n<div class=\"fl-col-group fl-node-6712391dd5f2b\" data-node=\"6712391dd5f2b\">\n<div class=\"fl-col fl-node-6712391dd6233\" data-node=\"6712391dd6233\" style=\"width: 100%;\">\n<div class=\"fl-col-content fl-node-content\">\n<div class=\"fl-module fl-module-rich-text fl-node-667682043b4d7\" data-animation-delay=\"0.0\" data-node=\"667682043b4d7\">\n<div class=\"fl-module-content fl-node-content\">\n<div class=\"fl-rich-text\">\n<p><strong><span style=\"font-family: arial, helvetica, sans-serif; font-size: medium;\">Aplica\u00e7\u00e3o do produto:&nbsp;<\/span><\/strong><\/p>\n<p><span style=\"font-family: arial, helvetica, sans-serif; font-size: medium;\">Os materiais de carboneto de sil\u00edcio t\u00eam as caracter\u00edsticas de alta dureza, resist\u00eancia ao desgaste, resist\u00eancia \u00e0 corros\u00e3o e estabilidade de alta temperatura. Os produtos com excelente desempenho abrangente s\u00e3o amplamente utilizados nos processos de grava\u00e7\u00e3o a seco e TF\/difus\u00e3o.<\/span><\/p>\n<\/p><\/div>\n<\/p><\/div>\n<\/p><\/div>\n<\/p><\/div>\n<\/p><\/div>\n<\/p><\/div>\n<div class=\"fl-col-group fl-node-667682043bab1\" data-node=\"667682043bab1\">\n<div class=\"fl-col fl-node-671238c4ba184 fl-col-small\" data-node=\"671238c4ba184\" style=\"width: 50%;\">\n<div class=\"fl-col-content fl-node-content\">\n<div class=\"fl-module fl-module-rich-text fl-node-671238c060c1b\" data-animation-delay=\"0.0\" data-node=\"671238c060c1b\">\n<div class=\"fl-module-content fl-node-content\">\n<div class=\"fl-rich-text\">\n<p><strong><span style=\"font-family: arial, helvetica, sans-serif; font-size: medium;\">Desempenho do produto:<\/span><\/strong><\/p>\n<p><span style=\"font-family: arial, helvetica, sans-serif; font-size: medium;\">1. Conhe\u00e7a o processo abaixo de 28nm<\/span><\/p>\n<p><span style=\"font-family: arial, helvetica, sans-serif; font-size: medium;\">2. Resist\u00eancia \u00e0 super corros\u00e3o<\/span><\/p>\n<p><span style=\"font-family: arial, helvetica, sans-serif; font-size: medium;\">3. Desempenho super limpo<\/span><\/p>\n<p><span style=\"font-family: arial, helvetica, sans-serif; font-size: medium;\">4. Super dureza<\/span><\/p>\n<p><span style=\"font-family: arial, helvetica, sans-serif; font-size: medium;\">5. Alta densidade<\/span><\/p>\n<p><span style=\"font-family: arial, helvetica, sans-serif; font-size: medium;\">6. Resist\u00eancia a alta temperatura<\/span><\/p>\n<p><span style=\"font-family: arial, helvetica, sans-serif; font-size: medium;\">7. Resist\u00eancia ao desgaste<\/span><\/p>\n<\/p><\/div>\n<\/p><\/div>\n<\/p><\/div>\n<\/p><\/div>\n<\/p><\/div>\n<div class=\"fl-col fl-node-671238a233880 fl-col-small\" data-node=\"671238a233880\" style=\"width: 50%;\">\n<div class=\"fl-col-content fl-node-content\">\n<div class=\"fl-module fl-module-photo fl-node-67123894bd755\" data-animation-delay=\"0.0\" data-node=\"67123894bd755\">\n<div class=\"fl-module-content fl-node-content\">\n<div class=\"fl-photo fl-photo-align-center\" itemscope=\"\" itemtype=\"http:\/\/schema.org\/ImageObject\">\n<div class=\"fl-photo-content fl-photo-img-jpg\"> <img decoding=\"async\" alt=\"&#24494;&#20449;&#25130;&#22270;_20241018182920\" class=\"fl-photo-img wp-image-11332\" itemprop=\"image\" src=\"\/wp-content\/uploads\/2025\/09\/cc266b7fe3b6913d.webp\"> <\/div>\n<\/p><\/div>\n<\/p><\/div>\n<\/p><\/div>\n<div class=\"fl-module fl-module-photo fl-node-6712389fa9ca3\" data-animation-delay=\"0.0\" data-node=\"6712389fa9ca3\">\n<div class=\"fl-module-content fl-node-content\">\n<div class=\"fl-photo fl-photo-align-center\" itemscope=\"\" itemtype=\"http:\/\/schema.org\/ImageObject\">\n<div class=\"fl-photo-content fl-photo-img-jpg\"> <img decoding=\"async\" alt=\"&#24494;&#20449;&#25130;&#22270;_20241018182909\" class=\"fl-photo-img wp-image-11333\" itemprop=\"image\" src=\"\/wp-content\/uploads\/2025\/09\/5a32e9b6bc6a1198.webp\"> <\/div>\n<\/p><\/div>\n<\/p><\/div>\n<\/p><\/div>\n<\/p><\/div>\n<\/p><\/div>\n<\/p><\/div>\n<\/p><\/div>\n<\/p><\/div>\n<\/p><\/div>\n<div class=\"fl-row fl-row-full-width fl-row-bg-none fl-node-6712393eb839a\" data-node=\"6712393eb839a\">\n<div class=\"fl-row-content-wrap\">\n<div class=\"fl-row-content fl-row-full-width fl-node-content\">\n<div class=\"fl-col-group fl-node-6712393ebe496\" data-node=\"6712393ebe496\">\n<div class=\"fl-col fl-node-671239422361b fl-col-small\" data-node=\"671239422361b\" style=\"width: 50%;\">\n<div class=\"fl-col-content fl-node-content\">\n<div class=\"fl-module fl-module-rich-text fl-node-6712256b3d704\" data-animation-delay=\"0.0\" data-node=\"6712256b3d704\">\n<div class=\"fl-module-content fl-node-content\">\n<div class=\"fl-rich-text\">\n<p><span style=\"font-family: arial, helvetica, sans-serif; font-size: medium;\"><strong>Desenvolvimento de processos compostos:<\/strong><\/span><\/p>\n<p><span style=\"font-family: arial, helvetica, sans-serif; font-size: medium;\">&nbsp; &nbsp;&bull;&nbsp;&nbsp;Graphite +SiC Coating<\/span><\/p>\n<p><span style=\"font-family: arial, helvetica, sans-serif; font-size: medium;\">&nbsp; &nbsp;&bull;&nbsp;&nbsp;Solide CVD&nbsp;SiC<\/span><\/p>\n<p><span style=\"font-family: arial, helvetica, sans-serif; font-size: medium;\">&nbsp; &nbsp;&bull;&nbsp;&nbsp;Sintered SiC+CVD<\/span><\/p>\n<p><span style=\"font-family: arial, helvetica, sans-serif; font-size: medium;\">&nbsp; &nbsp;&bull;&nbsp; SicSintered SiC<\/span><\/p>\n<\/p><\/div>\n<\/p><\/div>\n<\/p><\/div>\n<\/p><\/div>\n<\/p><\/div>\n<div class=\"fl-col fl-node-6712393ebe703 fl-col-small\" data-node=\"6712393ebe703\" style=\"width: 50%;\">\n<div class=\"fl-col-content fl-node-content\">\n<div class=\"fl-module fl-module-rich-text fl-node-6712257a1a50f\" data-animation-delay=\"0.0\" data-node=\"6712257a1a50f\">\n<div class=\"fl-module-content fl-node-content\">\n<div class=\"fl-rich-text\">\n<p><span style=\"font-family: arial, helvetica, sans-serif; font-size: medium;\"><b>Desenvolvimento de tipo de produto m\u00faltiplo:<\/b><\/span><\/p>\n<p><span style=\"font-family: arial, helvetica, sans-serif; font-size: medium;\">&nbsp; &nbsp;&bull;&nbsp;&nbsp;Ring<\/span><\/p>\n<p><span style=\"font-family: arial, helvetica, sans-serif; font-size: medium;\">&nbsp; &nbsp;&bull;&nbsp;&nbsp;Table<\/span><\/p>\n<p><span style=\"font-family: arial, helvetica, sans-serif; font-size: medium;\">&nbsp; &nbsp;&bull;&nbsp;&nbsp;Susceptor<\/span><\/p>\n<p><span style=\"font-family: arial, helvetica, sans-serif; font-size: medium;\">&nbsp; &nbsp;&bull;&nbsp;&nbsp;Shower Head<\/span><\/p>\n<\/p><\/div>\n<\/p><\/div>\n<\/p><\/div>\n<\/p><\/div>\n<\/p><\/div>\n<\/p><\/div>\n<\/p><\/div>\n<\/p><\/div>\n<\/p><\/div>\n<div class=\"fl-row fl-row-full-width fl-row-bg-none fl-node-667682043bdd2\" data-node=\"667682043bdd2\">\n<div class=\"fl-row-content-wrap\">\n<div class=\"fl-row-content fl-row-full-width fl-node-content\">\n<div class=\"fl-col-group fl-node-667682043be1b\" data-node=\"667682043be1b\">\n<div class=\"fl-col fl-node-667682043be62\" data-node=\"667682043be62\" style=\"width: 100%;\">\n<div class=\"fl-col-content fl-node-content\">\n<div class=\"fl-module fl-module-photo fl-node-667682043beed\" data-animation-delay=\"0.0\" data-node=\"667682043beed\">\n<div class=\"fl-module-content fl-node-content\">\n<div class=\"fl-photo fl-photo-align-center\" itemscope=\"\" itemtype=\"http:\/\/schema.org\/ImageObject\">\n<div class=\"fl-photo-content fl-photo-img-jpg\"> <img decoding=\"async\" alt=\"Local de trabalho semicera\" class=\"fl-photo-img wp-image-6907\" itemprop=\"image\" src=\"\/wp-content\/uploads\/2025\/09\/a06702dd6fb7929d.webp\"> <\/div>\n<\/p><\/div>\n<\/p><\/div>\n<\/p><\/div>\n<div class=\"fl-module fl-module-photo fl-node-667682043bf32\" data-animation-delay=\"0.0\" data-node=\"667682043bf32\">\n<div class=\"fl-module-content fl-node-content\">\n<div class=\"fl-photo fl-photo-align-center\" itemscope=\"\" itemtype=\"http:\/\/schema.org\/ImageObject\">\n<div class=\"fl-photo-content fl-photo-img-jpg\"> <img decoding=\"async\" alt=\"Local de trabalho semicera 2\" class=\"fl-photo-img wp-image-6908\" itemprop=\"image\" src=\"\/wp-content\/uploads\/2025\/09\/53e1b77ee8000be6.webp\"> <\/div>\n<\/p><\/div>\n<\/p><\/div>\n<\/p><\/div>\n<div class=\"fl-module fl-module-photo fl-node-667682043bea8\" data-animation-delay=\"0.0\" data-node=\"667682043bea8\">\n<div class=\"fl-module-content fl-node-content\">\n<div class=\"fl-photo fl-photo-align-center\" itemscope=\"\" itemtype=\"http:\/\/schema.org\/ImageObject\">\n<div class=\"fl-photo-content fl-photo-img-jpg\"> <img decoding=\"async\" alt=\"Ware House Semicera\" class=\"fl-photo-img wp-image-6906\" itemprop=\"image\" src=\"\/wp-content\/uploads\/2025\/09\/4608428f797801ae.webp\"> <\/div>\n<\/p><\/div>\n<\/p><\/div>\n<\/p><\/div>\n<\/p><\/div>\n<\/p><\/div>\n<\/p><\/div>\n<div class=\"fl-col-group fl-node-667682043bf74\" data-node=\"667682043bf74\">\n<div class=\"fl-col fl-node-667682043bfb6\" data-node=\"667682043bfb6\" style=\"width: 100%;\">\n<div class=\"fl-col-content fl-node-content\">\n<div class=\"fl-module fl-module-photo fl-node-667682043bffa\" data-animation-delay=\"0.0\" data-node=\"667682043bffa\">\n<div class=\"fl-module-content fl-node-content\">\n<div class=\"fl-photo fl-photo-align-center\" itemscope=\"\" itemtype=\"http:\/\/schema.org\/ImageObject\">\n<div class=\"fl-photo-content fl-photo-img-jpg\"> <img decoding=\"async\" alt=\"M\u00e1quina de equipamentos\" class=\"fl-photo-img wp-image-6909\" itemprop=\"image\" src=\"\/wp-content\/uploads\/2025\/09\/fe4e4d07ffbc1d0b.webp\"> <\/div>\n<\/p><\/div>\n<\/p><\/div>\n<\/p><\/div>\n<div class=\"fl-module fl-module-photo fl-node-667682043c03b\" data-animation-delay=\"0.0\" data-node=\"667682043c03b\">\n<div class=\"fl-module-content fl-node-content\">\n<div class=\"fl-photo fl-photo-align-center\" itemscope=\"\" itemtype=\"http:\/\/schema.org\/ImageObject\">\n<div class=\"fl-photo-content fl-photo-img-jpg\"> <img decoding=\"async\" alt=\"Processamento da CNN, limpeza qu\u00edmica, revestimento de CVD\" class=\"fl-photo-img wp-image-6910\" itemprop=\"image\" src=\"\/wp-content\/uploads\/2025\/09\/bebab09fd7440fe1.webp\"> <\/div>\n<\/p><\/div>\n<\/p><\/div>\n<\/p><\/div>\n<div class=\"fl-module fl-module-photo fl-node-667682043c07d\" data-animation-delay=\"0.0\" data-node=\"667682043c07d\">\n<div class=\"fl-module-content fl-node-content\">\n<div class=\"fl-photo fl-photo-align-center\" itemscope=\"\" itemtype=\"http:\/\/schema.org\/ImageObject\">\n<div class=\"fl-photo-content fl-photo-img-jpg\"> <img decoding=\"async\" alt=\"Nosso servi\u00e7o\" class=\"fl-photo-img wp-image-6913\" itemprop=\"image\" src=\"\/wp-content\/uploads\/2025\/09\/d604c0eb39f22c6d.webp\"> <\/div>\n<\/p><\/div>\n<\/p><\/div>\n<\/p><\/div>\n<\/p><\/div>\n<\/p><\/div>\n<\/p><\/div>\n<\/p><\/div>\n<\/p><\/div>\n<\/p><\/div>\n<\/div>","protected":false},"excerpt":{"rendered":"<p><?xml encoding=\"utf-8\" ?><\/p>\n<p>Os an\u00e9is RTP CVD SiC s\u00e3o compostos principalmente de carboneto de sil\u00edcio (sic), cuja composi\u00e7\u00e3o qu\u00edmica e estrutura cristalina oferecem excelente desempenho. O carboneto de sil\u00edcio \u00e9 um material de cer\u00e2mica com alto ponto de fus\u00e3o, alta dureza e excelente resist\u00eancia \u00e0 corros\u00e3o. Ele exibe boa condutividade t\u00e9rmica e estabilidade qu\u00edmica em altas temperaturas e possui excelente resist\u00eancia mec\u00e2nica e resist\u00eancia ao desgaste.<\/p>","protected":false},"featured_media":1011,"comment_status":"closed","ping_status":"open","template":"","meta":[],"product_brand":[],"product_cat":[59,24],"product_tag":[],"class_list":{"0":"post-1477","1":"product","2":"type-product","3":"status-publish","4":"has-post-thumbnail","6":"product_cat-sic-robotic-arm","7":"product_cat-silicon-carbide-ceramic","9":"first","10":"instock","11":"product-type-simple"},"_links":{"self":[{"href":"https:\/\/www.cn-semiconductorparts.com\/pt\/wp-json\/wp\/v2\/product\/1477","targetHints":{"allow":["GET"]}}],"collection":[{"href":"https:\/\/www.cn-semiconductorparts.com\/pt\/wp-json\/wp\/v2\/product"}],"about":[{"href":"https:\/\/www.cn-semiconductorparts.com\/pt\/wp-json\/wp\/v2\/types\/product"}],"replies":[{"embeddable":true,"href":"https:\/\/www.cn-semiconductorparts.com\/pt\/wp-json\/wp\/v2\/comments?post=1477"}],"wp:featuredmedia":[{"embeddable":true,"href":"https:\/\/www.cn-semiconductorparts.com\/pt\/wp-json\/wp\/v2\/media\/1011"}],"wp:attachment":[{"href":"https:\/\/www.cn-semiconductorparts.com\/pt\/wp-json\/wp\/v2\/media?parent=1477"}],"wp:term":[{"taxonomy":"product_brand","embeddable":true,"href":"https:\/\/www.cn-semiconductorparts.com\/pt\/wp-json\/wp\/v2\/product_brand?post=1477"},{"taxonomy":"product_cat","embeddable":true,"href":"https:\/\/www.cn-semiconductorparts.com\/pt\/wp-json\/wp\/v2\/product_cat?post=1477"},{"taxonomy":"product_tag","embeddable":true,"href":"https:\/\/www.cn-semiconductorparts.com\/pt\/wp-json\/wp\/v2\/product_tag?post=1477"}],"curies":[{"name":"wp","href":"https:\/\/api.w.org\/{rel}","templated":true}]}}