{"id":1478,"date":"2025-09-11T05:29:19","date_gmt":"2025-09-11T05:29:19","guid":{"rendered":"https:\/\/weitai2.globaldeepsea.site\/product\/silicon-carbide-vacuum-chuck\/"},"modified":"2026-04-29T15:33:14","modified_gmt":"2026-04-29T07:33:14","slug":"silicon-carbide-vacuum-chuck","status":"publish","type":"product","link":"https:\/\/www.cn-semiconductorparts.com\/pt\/product\/silicon-carbide-vacuum-chuck\/","title":{"rendered":"Silicon Carbide Vacuum Chuck"},"content":{"rendered":"<p><?xml encoding=\"utf-8\" ?><\/p>\n<div class=\"fl-builder-content fl-builder-content-9050 fl-builder-content-primary fl-builder-global-templates-locked\" data-post-id=\"9050\">\n<div class=\"fl-row fl-row-full-width fl-row-bg-none fl-node-6674d2a959b16\" data-node=\"6674d2a959b16\">\n<div class=\"fl-row-content-wrap\">\n<div class=\"fl-row-content fl-row-full-width fl-node-content\">\n<div class=\"fl-col-group fl-node-6674d2a959b5a\" data-node=\"6674d2a959b5a\">\n<div class=\"fl-col fl-node-6674d2a959b9c\" data-node=\"6674d2a959b9c\" style=\"width: 100%;\">\n<div class=\"fl-col-content fl-node-content\">\n<div class=\"fl-module fl-module-rich-text fl-node-6674d2a959bdd\" data-animation-delay=\"0.0\" data-node=\"6674d2a959bdd\">\n<div class=\"fl-module-content fl-node-content\">\n<div class=\"fl-rich-text\">\n<p>Silicon carbide vacuum chuck is a key component used in semiconductor manufacturing and precision industrial applications for grabbing, handling and positioning thin and fragile workpieces such as wafers, glass substrates and optical components. It uses vacuum force to create negative pressure, allowing it to firmly adhere to the surface of the workpiece and release when needed. Silicon carbide vacuum chucks are widely used in semiconductor manufacturing, flat panel displays, optical manufacturing and other precision industrial fields. They can be used for operations such as wafer loading and transfer, substrate alignment, glass plate grabbing and handling, providing high-precision, high-stability and safe workpiece handling solutions.<\/p>\n<\/p><\/div>\n<\/p><\/div>\n<\/p><\/div>\n<div class=\"fl-module fl-module-rich-text fl-node-6674d70ef3bcd\" data-animation-delay=\"0.0\" data-node=\"6674d70ef3bcd\">\n<div class=\"fl-module-content fl-node-content\">\n<div class=\"fl-rich-text\">\n<p>The characteristics of silicon carbide vacuum chucks are as follows:<\/p>\n<p>1. High temperature resistance: Silicon carbide has excellent high temperature stability and can operate for a long time in a high temperature environment without damage, which is suitable for processes that require high temperature processing.<\/p>\n<p>2. High hardness and wear resistance: Silicon carbide has high hardness and can resist friction and wear, increasing the durability and life of the chuck.<\/p>\n<p>3. Excellent chemical inertness: Silicon carbide has high resistance to a variety of chemicals and solvents and can work stably in chemical environments.<\/p>\n<p>4. High vacuum sealing: Silicon carbide vacuum suction cups can provide reliable vacuum sealing, ensuring stable adsorption force and safe grasping of workpieces.<\/p>\n<\/p><\/div>\n<\/p><\/div>\n<\/p><\/div>\n<div class=\"fl-module fl-module-rich-text fl-node-6674d71426d35\" data-animation-delay=\"0.0\" data-node=\"6674d71426d35\">\n<div class=\"fl-module-content fl-node-content\">\n<div class=\"fl-rich-text\">\n<p>Somos capazes de projetar e fabricar de acordo com suas dimens\u00f5es espec\u00edficas, com boa qualidade e entrega razo\u00e1vel de tempo.&nbsp;<\/p>\n<div id=\"gtx-trans\" style=\"position: absolute; left: 31px; top: -18px;\">&nbsp;<\/div>\n<\/p><\/div>\n<\/p><\/div>\n<\/p><\/div>\n<\/p><\/div>\n<\/p><\/div>\n<\/p><\/div>\n<div class=\"fl-col-group fl-node-6674d2a959e68\" data-node=\"6674d2a959e68\">\n<div class=\"fl-col fl-node-6674d2a959ea9\" data-node=\"6674d2a959ea9\" style=\"width: 62.67%;\">\n<div class=\"fl-col-content fl-node-content\">\n<div class=\"fl-module fl-module-photo fl-node-6674d2a959e27\" data-animation-delay=\"0.0\" data-node=\"6674d2a959e27\">\n<div class=\"fl-module-content fl-node-content\">\n<div class=\"fl-photo fl-photo-align-center\" itemscope=\"\" itemtype=\"http:\/\/schema.org\/ImageObject\">\n<div class=\"fl-photo-content fl-photo-img-png\"> <img decoding=\"async\" alt=\"&#22270;&#29255; 1\" class=\"fl-photo-img wp-image-9053\" itemprop=\"image\" src=\"\/wp-content\/uploads\/2025\/09\/854401be05186aca.webp\"> <\/div>\n<\/p><\/div>\n<\/p><\/div>\n<\/p><\/div>\n<\/p><\/div>\n<\/p><\/div>\n<div class=\"fl-col fl-node-6674d2a959eea fl-col-small\" data-node=\"6674d2a959eea\" style=\"width: 37.33%;\">\n<div class=\"fl-col-content fl-node-content\">\n<div class=\"fl-module fl-module-heading fl-node-6674d2a959f6d\" data-animation-delay=\"0.0\" data-node=\"6674d2a959f6d\">\n<div class=\"fl-module-content fl-node-content\">\n<h3 class=\"fl-heading\"> <span class=\"fl-heading-text\">Advantages<\/span> <\/h3>\n<\/p><\/div>\n<\/p><\/div>\n<div class=\"fl-module fl-module-rich-text fl-node-6674d2a959ce1\" data-animation-delay=\"0.0\" data-node=\"6674d2a959ce1\">\n<div class=\"fl-module-content fl-node-content\">\n<div class=\"fl-rich-text\">\n<p>Resist\u00eancia a oxida\u00e7\u00e3o de alta temperatura<\/p>\n<p>Excelente resist\u00eancia \u00e0 corros\u00e3o<\/p>\n<p>Boa resist\u00eancia \u00e0 abras\u00e3o<\/p>\n<p>Alto coeficiente de condutividade t\u00e9rmica<\/p>\n<p>Auto-lubrifica\u00e7\u00e3o, baixa densidade<\/p>\n<p>Alta dureza<\/p>\n<p>Design personalizado.<\/p>\n<\/p><\/div>\n<\/p><\/div>\n<\/p><\/div>\n<\/p><\/div>\n<\/p><\/div>\n<\/p><\/div>\n<div class=\"fl-col-group fl-node-6674d2a959c1e\" data-node=\"6674d2a959c1e\">\n<div class=\"fl-col fl-node-6674d2a959c5f\" data-node=\"6674d2a959c5f\" style=\"width: 100%;\">\n<div class=\"fl-col-content fl-node-content\">\n<div class=\"fl-module fl-module-heading fl-node-6674d2a959f2b\" data-animation-delay=\"0.0\" data-node=\"6674d2a959f2b\">\n<div class=\"fl-module-content fl-node-content\">\n<h3 class=\"fl-heading\"> <span class=\"fl-heading-text\">Applications<\/span> <\/h3>\n<\/p><\/div>\n<\/p><\/div>\n<div class=\"fl-module fl-module-rich-text fl-node-6674d2a959ca0\" data-animation-delay=\"0.0\" data-node=\"6674d2a959ca0\">\n<div class=\"fl-module-content fl-node-content\">\n<div class=\"fl-rich-text\">\n<p><span style=\"font-family: Calibri;\">-Campo resistente ao desgaste: bucha, placa, bico de areia, forro de ciclone, barril de moagem, etc.\u2026<\/span><\/p>\n<p><span style=\"font-family: Calibri;\">-Campo de alta temperatura: laje SiC, tubo do forno de extin\u00e7\u00e3o, tubo radiante, cadinho, elemento de aquecimento, rolo, feixe, trocador de calor, tubo de ar frio, bico de queimador, tubo de prote\u00e7\u00e3o de termoples, barco sic, estrutura do carro do forno, setter, etc.<\/span><\/p>\n<p><span style=\"font-family: Calibri;\">-Campo de balas militar<\/span><\/p>\n<p><span style=\"font-family: Calibri;\">-Semicondutor de carboneto de sil\u00edcio: barco de bolacha sic, chuck sic, sic paddle, cassete sic, tubo de difus\u00e3o sic, garfo de wafer, placa de suc\u00e7\u00e3o, guia, etc.<\/span><\/p>\n<p><span style=\"font-family: Calibri;\">-Campo de veda\u00e7\u00e3o de carboneto de sil\u00edcio: todos os tipos de anel de veda\u00e7\u00e3o, rolamento, bucha, etc.<\/span><\/p>\n<p><span style=\"font-family: Calibri;\">-Campo fotovoltaico: remar em cantilever, barril de moagem, rolo de carboneto de sil\u00edcio, etc.<\/span><\/p>\n<p><span style=\"font-family: Calibri;\">-Campo da bateria de l\u00edtio<\/span><\/p>\n<\/p><\/div>\n<\/p><\/div>\n<\/p><\/div>\n<\/p><\/div>\n<\/p><\/div>\n<\/p><\/div>\n<div class=\"fl-col-group fl-node-6674d2cc127d1\" data-node=\"6674d2cc127d1\">\n<div class=\"fl-col fl-node-6674d2cc12a55\" data-node=\"6674d2cc12a55\" style=\"width: 100%;\">\n<div class=\"fl-col-content fl-node-content\">\n<div class=\"fl-module fl-module-photo fl-node-6674d2c467168\" data-animation-delay=\"0.0\" data-node=\"6674d2c467168\">\n<div class=\"fl-module-content fl-node-content\">\n<div class=\"fl-photo fl-photo-align-center\" itemscope=\"\" itemtype=\"http:\/\/schema.org\/ImageObject\">\n<div class=\"fl-photo-content fl-photo-img-jpg\"> <img decoding=\"async\" alt=\"Local de trabalho semicera\" class=\"fl-photo-img wp-image-9038\" itemprop=\"image\" src=\"\/wp-content\/uploads\/2025\/09\/b1dd0bcab1675ff4.webp\"> <\/div>\n<\/p><\/div>\n<\/p><\/div>\n<\/p><\/div>\n<\/p><\/div>\n<\/p><\/div>\n<\/p><\/div>\n<\/p><\/div>\n<\/p><\/div>\n<\/p><\/div>\n<div class=\"fl-row fl-row-full-width fl-row-bg-none fl-node-6674d2c4670a0\" data-node=\"6674d2c4670a0\">\n<div class=\"fl-row-content-wrap\">\n<div class=\"fl-row-content fl-row-full-width fl-node-content\">\n<div class=\"fl-col-group fl-node-6674d2c4670e5\" data-node=\"6674d2c4670e5\">\n<div class=\"fl-col fl-node-6674d2c467127\" data-node=\"6674d2c467127\" style=\"width: 100%;\">\n<div class=\"fl-col-content fl-node-content\">\n<div class=\"fl-module fl-module-photo fl-node-6674d2c4672af\" data-animation-delay=\"0.0\" data-node=\"6674d2c4672af\">\n<div class=\"fl-module-content fl-node-content\">\n<div class=\"fl-photo fl-photo-align-center\" itemscope=\"\" itemtype=\"http:\/\/schema.org\/ImageObject\">\n<div class=\"fl-photo-content fl-photo-img-jpg\"> <img decoding=\"async\" alt=\"Local de trabalho semicera 2\" class=\"fl-photo-img wp-image-9037\" itemprop=\"image\" src=\"\/wp-content\/uploads\/2025\/09\/2b946d2b4b61306d.webp\"> <\/div>\n<\/p><\/div>\n<\/p><\/div>\n<\/p><\/div>\n<div class=\"fl-module fl-module-photo fl-node-6674d2c46726d\" data-animation-delay=\"0.0\" data-node=\"6674d2c46726d\">\n<div class=\"fl-module-content fl-node-content\">\n<div class=\"fl-photo fl-photo-align-center\" itemscope=\"\" itemtype=\"http:\/\/schema.org\/ImageObject\">\n<div class=\"fl-photo-content fl-photo-img-jpg\"> <img decoding=\"async\" alt=\"M\u00e1quina de equipamentos\" class=\"fl-photo-img wp-image-9034 size-full\" itemprop=\"image\" src=\"\/wp-content\/uploads\/2025\/09\/081b6529d68ead23.webp\"> <\/div>\n<\/p><\/div>\n<\/p><\/div>\n<\/p><\/div>\n<div class=\"fl-module fl-module-photo fl-node-6674d2c46722c\" data-animation-delay=\"0.0\" data-node=\"6674d2c46722c\">\n<div class=\"fl-module-content fl-node-content\">\n<div class=\"fl-photo fl-photo-align-center\" itemscope=\"\" itemtype=\"http:\/\/schema.org\/ImageObject\">\n<div class=\"fl-photo-content fl-photo-img-jpg\"> <img decoding=\"async\" alt=\"Processamento da CNN, limpeza qu\u00edmica, revestimento de CVD\" class=\"fl-photo-img wp-image-9033\" itemprop=\"image\" src=\"\/wp-content\/uploads\/2025\/09\/a4132b2b399abbac.webp\"> <\/div>\n<\/p><\/div>\n<\/p><\/div>\n<\/p><\/div>\n<div class=\"fl-module fl-module-photo fl-node-6674d2c4671ea\" data-animation-delay=\"0.0\" data-node=\"6674d2c4671ea\">\n<div class=\"fl-module-content fl-node-content\">\n<div class=\"fl-photo fl-photo-align-center\" itemscope=\"\" itemtype=\"http:\/\/schema.org\/ImageObject\">\n<div class=\"fl-photo-content fl-photo-img-jpg\"> <img decoding=\"async\" alt=\"Ware House Semicera\" class=\"fl-photo-img wp-image-9036\" itemprop=\"image\" src=\"\/wp-content\/uploads\/2025\/09\/2190bb9ce5c1d546.webp\"> <\/div>\n<\/p><\/div>\n<\/p><\/div>\n<\/p><\/div>\n<div class=\"fl-module fl-module-photo fl-node-6674d2c4671a9\" data-animation-delay=\"0.0\" data-node=\"6674d2c4671a9\">\n<div class=\"fl-module-content fl-node-content\">\n<div class=\"fl-photo fl-photo-align-center\" itemscope=\"\" itemtype=\"http:\/\/schema.org\/ImageObject\">\n<div class=\"fl-photo-content fl-photo-img-jpg\"> <img decoding=\"async\" alt=\"Nosso servi\u00e7o\" class=\"fl-photo-img wp-image-9035\" itemprop=\"image\" src=\"\/wp-content\/uploads\/2025\/09\/b07f222c0ec0ab8d.webp\"> <\/div>\n<\/p><\/div>\n<\/p><\/div>\n<\/p><\/div>\n<\/p><\/div>\n<\/p><\/div>\n<\/p><\/div>\n<\/p><\/div>\n<\/p><\/div>\n<\/p><\/div>\n<\/div>","protected":false},"excerpt":{"rendered":"<p><?xml encoding=\"utf-8\" ?><\/p>\n<p>Silicon Carbide Vacuum Chuck and Wafer Handling Arm is formed by isostatic pressing process and high temperature sintering. The external dimensions, thickness and shapes can be finished according to the user&rsquo;s design drawings to meet the user&rsquo;s specific requirements.<\/p>","protected":false},"featured_media":1142,"comment_status":"closed","ping_status":"open","template":"","meta":[],"product_brand":[],"product_cat":[24,60],"product_tag":[],"class_list":{"0":"post-1478","1":"product","2":"type-product","3":"status-publish","4":"has-post-thumbnail","6":"product_cat-silicon-carbide-ceramic","7":"product_cat-silicon-carbide-chuck","9":"first","10":"instock","11":"product-type-simple"},"_links":{"self":[{"href":"https:\/\/www.cn-semiconductorparts.com\/pt\/wp-json\/wp\/v2\/product\/1478","targetHints":{"allow":["GET"]}}],"collection":[{"href":"https:\/\/www.cn-semiconductorparts.com\/pt\/wp-json\/wp\/v2\/product"}],"about":[{"href":"https:\/\/www.cn-semiconductorparts.com\/pt\/wp-json\/wp\/v2\/types\/product"}],"replies":[{"embeddable":true,"href":"https:\/\/www.cn-semiconductorparts.com\/pt\/wp-json\/wp\/v2\/comments?post=1478"}],"wp:featuredmedia":[{"embeddable":true,"href":"https:\/\/www.cn-semiconductorparts.com\/pt\/wp-json\/wp\/v2\/media\/1142"}],"wp:attachment":[{"href":"https:\/\/www.cn-semiconductorparts.com\/pt\/wp-json\/wp\/v2\/media?parent=1478"}],"wp:term":[{"taxonomy":"product_brand","embeddable":true,"href":"https:\/\/www.cn-semiconductorparts.com\/pt\/wp-json\/wp\/v2\/product_brand?post=1478"},{"taxonomy":"product_cat","embeddable":true,"href":"https:\/\/www.cn-semiconductorparts.com\/pt\/wp-json\/wp\/v2\/product_cat?post=1478"},{"taxonomy":"product_tag","embeddable":true,"href":"https:\/\/www.cn-semiconductorparts.com\/pt\/wp-json\/wp\/v2\/product_tag?post=1478"}],"curies":[{"name":"wp","href":"https:\/\/api.w.org\/{rel}","templated":true}]}}