{"id":1479,"date":"2025-09-11T05:29:19","date_gmt":"2025-09-11T05:29:19","guid":{"rendered":"https:\/\/weitai2.globaldeepsea.site\/product\/wafer-handling-arm\/"},"modified":"2026-04-29T15:33:14","modified_gmt":"2026-04-29T07:33:14","slug":"wafer-handling-arm","status":"publish","type":"product","link":"https:\/\/www.cn-semiconductorparts.com\/pt\/product\/wafer-handling-arm\/","title":{"rendered":"Bra\u00e7o de manuseio de bolacha"},"content":{"rendered":"<p><?xml encoding=\"utf-8\" ?><\/p>\n<div class=\"fl-builder-content fl-builder-content-9055 fl-builder-content-primary fl-builder-global-templates-locked\" data-post-id=\"9055\">\n<div class=\"fl-row fl-row-full-width fl-row-bg-none fl-node-6674d382eb469\" data-node=\"6674d382eb469\">\n<div class=\"fl-row-content-wrap\">\n<div class=\"fl-row-content fl-row-full-width fl-node-content\">\n<div class=\"fl-col-group fl-node-6674d382eb62c\" data-node=\"6674d382eb62c\">\n<div class=\"fl-col fl-node-6674d382eb66b\" data-node=\"6674d382eb66b\" style=\"width: 100%;\">\n<div class=\"fl-col-content fl-node-content\">\n<div class=\"fl-module fl-module-rich-text fl-node-6674d382eb7b4\" data-animation-delay=\"0.0\" data-node=\"6674d382eb7b4\">\n<div class=\"fl-module-content fl-node-content\">\n<div class=\"fl-rich-text\">\n<p>Wafer handling arm is a key equipment used in the semiconductor manufacturing process to handle, transfer and position wafers. It usually consists of a robotic arm, a gripper and a control system, with precise movement and positioning capabilities. Wafer handling arms are widely used in various links in semiconductor manufacturing, including process steps such as wafer loading, cleaning, thin film deposition, etching, lithography and inspection. Its precision, reliability and automation capabilities are essential to ensure the quality, efficiency and consistency of the production process.<\/p>\n<\/p><\/div>\n<\/p><\/div>\n<\/p><\/div>\n<\/p><\/div>\n<\/p><\/div>\n<\/p><\/div>\n<div class=\"fl-col-group fl-node-6674d5b56e7fc\" data-node=\"6674d5b56e7fc\">\n<div class=\"fl-col fl-node-6674d5b56ea72\" data-node=\"6674d5b56ea72\" style=\"width: 100%;\">\n<div class=\"fl-col-content fl-node-content\">\n<div class=\"fl-module fl-module-rich-text fl-node-6674d4f619c1a\" data-animation-delay=\"0.0\" data-node=\"6674d4f619c1a\">\n<div class=\"fl-module-content fl-node-content\">\n<div class=\"fl-rich-text\">\n<p>As principais fun\u00e7\u00f5es do bra\u00e7o de manuseio de bolacha incluem:<\/p>\n<p>1. Transfer\u00eancia de wafer: O bra\u00e7o de manuseio de bolacha \u00e9 capaz de transferir com precis\u00e3o as bolachas de um local para outro, como levar as bolachas de um rack de armazenamento e coloc\u00e1 -las em um dispositivo de processamento.<\/p>\n<p>2. Posicionamento e orienta\u00e7\u00e3o: o bra\u00e7o de manuseio de bolacha \u00e9 capaz de posicionar e orientar com precis\u00e3o a bolacha para garantir o alinhamento e a posi\u00e7\u00e3o corretos para as opera\u00e7\u00f5es subsequentes de processamento ou medi\u00e7\u00e3o.<\/p>\n<p>3. Aperta\u00e7\u00e3o e libera\u00e7\u00e3o: os bra\u00e7os de manuseio de bolacha geralmente est\u00e3o equipados com garras que podem prender as bolachas com seguran\u00e7a e liber\u00e1 -las quando necess\u00e1rio para garantir transfer\u00eancia e manuseio seguros de bolachas.<\/p>\n<p>4 Controle automatizado: O bra\u00e7o de manuseio de bolacha est\u00e1 equipado com um sistema de controle avan\u00e7ado que pode executar automaticamente sequ\u00eancias de a\u00e7\u00e3o predeterminadas, melhorar a efici\u00eancia da produ\u00e7\u00e3o e reduzir os erros humanos.<\/p>\n<\/p><\/div>\n<\/p><\/div>\n<\/p><\/div>\n<\/p><\/div>\n<\/p><\/div>\n<\/p><\/div>\n<div class=\"fl-col-group fl-node-6674d382eb733\" data-node=\"6674d382eb733\">\n<div class=\"fl-col fl-node-6674d3ec96d5a\" data-node=\"6674d3ec96d5a\" style=\"width: 51.45%;\">\n<div class=\"fl-col-content fl-node-content\">\n<div class=\"fl-module fl-module-photo fl-node-6674d382eb6eb\" data-animation-delay=\"0.0\" data-node=\"6674d382eb6eb\">\n<div class=\"fl-module-content fl-node-content\">\n<div class=\"fl-photo fl-photo-align-center\" itemscope=\"\" itemtype=\"http:\/\/schema.org\/ImageObject\">\n<div class=\"fl-photo-content fl-photo-img-png\"> <img decoding=\"async\" alt=\"Bra\u00e7o de processamento de \u00e1gua do bra\u00e7o\" class=\"fl-photo-img wp-image-9056 size-full\" itemprop=\"image\" src=\"\/wp-content\/uploads\/2025\/09\/321e8bfe3614856f.webp\"> <\/div>\n<\/p><\/div>\n<\/p><\/div>\n<\/p><\/div>\n<\/p><\/div>\n<\/p><\/div>\n<div class=\"fl-col fl-node-6674d382eb774 fl-col-small\" data-node=\"6674d382eb774\" style=\"width: 48.55%;\">\n<div class=\"fl-col-content fl-node-content\">\n<div class=\"fl-module fl-module-rich-text fl-node-6674d61e271cb\" data-animation-delay=\"0.0\" data-node=\"6674d61e271cb\">\n<div class=\"fl-module-content fl-node-content\">\n<div class=\"fl-rich-text\">\n<p>Caracter\u00edsticas e vantagens<\/p>\n<p>1.Precise Dimens\u00f5es e estabilidade t\u00e9rmica.<\/p>\n<p>2. Alta rigidez espec\u00edfica e excelente uniformidade t\u00e9rmica, o uso a longo prazo n\u00e3o \u00e9 f\u00e1cil de dobrar a deforma\u00e7\u00e3o.<\/p>\n<p>3. Tem uma superf\u00edcie lisa e boa resist\u00eancia ao desgaste, manuseando com seguran\u00e7a o chip sem contamina\u00e7\u00e3o por part\u00edculas.<\/p>\n<p>4.Silicon carbide resistivity in 106-108&Omega;, non-magnetic, in line with anti-ESD specification requirements; It can prevent the accumulation of static electricity on the surface of the chip.<\/p>\n<p>5. Boa condutividade t\u00e9rmica, baixo coeficiente de expans\u00e3o.<\/p>\n<\/p><\/div>\n<\/p><\/div>\n<\/p><\/div>\n<\/p><\/div>\n<\/p><\/div>\n<\/p><\/div>\n<\/p><\/div>\n<\/p><\/div>\n<\/p><\/div>\n<div class=\"fl-row fl-row-full-width fl-row-bg-none fl-node-6674d3cf76764\" data-node=\"6674d3cf76764\">\n<div class=\"fl-row-content-wrap\">\n<div class=\"fl-row-content fl-row-full-width fl-node-content\">\n<div class=\"fl-col-group fl-node-6674d3cf767a7\" data-node=\"6674d3cf767a7\">\n<div class=\"fl-col fl-node-6674d3cf767e9\" data-node=\"6674d3cf767e9\" style=\"width: 100%;\">\n<div class=\"fl-col-content fl-node-content\">\n<div class=\"fl-module fl-module-photo fl-node-6674d3cf7682b\" data-animation-delay=\"0.0\" data-node=\"6674d3cf7682b\">\n<div class=\"fl-module-content fl-node-content\">\n<div class=\"fl-photo fl-photo-align-center\" itemscope=\"\" itemtype=\"http:\/\/schema.org\/ImageObject\">\n<div class=\"fl-photo-content fl-photo-img-jpg\"> <img decoding=\"async\" alt=\"Local de trabalho semicera\" class=\"fl-photo-img wp-image-9038\" itemprop=\"image\" src=\"\/wp-content\/uploads\/2025\/09\/b1dd0bcab1675ff4.webp\"> <\/div>\n<\/p><\/div>\n<\/p><\/div>\n<\/p><\/div>\n<div class=\"fl-module fl-module-photo fl-node-6674d3cf76971\" data-animation-delay=\"0.0\" data-node=\"6674d3cf76971\">\n<div class=\"fl-module-content fl-node-content\">\n<div class=\"fl-photo fl-photo-align-center\" itemscope=\"\" itemtype=\"http:\/\/schema.org\/ImageObject\">\n<div class=\"fl-photo-content fl-photo-img-jpg\"> <img decoding=\"async\" alt=\"Local de trabalho semicera 2\" class=\"fl-photo-img wp-image-9037\" itemprop=\"image\" src=\"\/wp-content\/uploads\/2025\/09\/2b946d2b4b61306d.webp\"> <\/div>\n<\/p><\/div>\n<\/p><\/div>\n<\/p><\/div>\n<div class=\"fl-module fl-module-photo fl-node-6674d3cf76930\" data-animation-delay=\"0.0\" data-node=\"6674d3cf76930\">\n<div class=\"fl-module-content fl-node-content\">\n<div class=\"fl-photo fl-photo-align-center\" itemscope=\"\" itemtype=\"http:\/\/schema.org\/ImageObject\">\n<div class=\"fl-photo-content fl-photo-img-jpg\"> <img decoding=\"async\" alt=\"M\u00e1quina de equipamentos\" class=\"fl-photo-img wp-image-9034 size-full\" itemprop=\"image\" src=\"\/wp-content\/uploads\/2025\/09\/081b6529d68ead23.webp\"> <\/div>\n<\/p><\/div>\n<\/p><\/div>\n<\/p><\/div>\n<div class=\"fl-module fl-module-photo fl-node-6674d3cf768ee\" data-animation-delay=\"0.0\" data-node=\"6674d3cf768ee\">\n<div class=\"fl-module-content fl-node-content\">\n<div class=\"fl-photo fl-photo-align-center\" itemscope=\"\" itemtype=\"http:\/\/schema.org\/ImageObject\">\n<div class=\"fl-photo-content fl-photo-img-jpg\"> <img decoding=\"async\" alt=\"Processamento da CNN, limpeza qu\u00edmica, revestimento de CVD\" class=\"fl-photo-img wp-image-9033\" itemprop=\"image\" src=\"\/wp-content\/uploads\/2025\/09\/a4132b2b399abbac.webp\"> <\/div>\n<\/p><\/div>\n<\/p><\/div>\n<\/p><\/div>\n<div class=\"fl-module fl-module-photo fl-node-6674d3cf768ae\" data-animation-delay=\"0.0\" data-node=\"6674d3cf768ae\">\n<div class=\"fl-module-content fl-node-content\">\n<div class=\"fl-photo fl-photo-align-center\" itemscope=\"\" itemtype=\"http:\/\/schema.org\/ImageObject\">\n<div class=\"fl-photo-content fl-photo-img-jpg\"> <img decoding=\"async\" alt=\"Ware House Semicera\" class=\"fl-photo-img wp-image-9036\" itemprop=\"image\" src=\"\/wp-content\/uploads\/2025\/09\/2190bb9ce5c1d546.webp\"> <\/div>\n<\/p><\/div>\n<\/p><\/div>\n<\/p><\/div>\n<div class=\"fl-module fl-module-photo fl-node-6674d3cf7686c\" data-animation-delay=\"0.0\" data-node=\"6674d3cf7686c\">\n<div class=\"fl-module-content fl-node-content\">\n<div class=\"fl-photo fl-photo-align-center\" itemscope=\"\" itemtype=\"http:\/\/schema.org\/ImageObject\">\n<div class=\"fl-photo-content fl-photo-img-jpg\"> <img decoding=\"async\" alt=\"Nosso servi\u00e7o\" class=\"fl-photo-img wp-image-9035\" itemprop=\"image\" src=\"\/wp-content\/uploads\/2025\/09\/b07f222c0ec0ab8d.webp\"> <\/div>\n<\/p><\/div>\n<\/p><\/div>\n<\/p><\/div>\n<\/p><\/div>\n<\/p><\/div>\n<\/p><\/div>\n<\/p><\/div>\n<\/p><\/div>\n<\/p><\/div>\n<\/div>","protected":false},"excerpt":{"rendered":"<p><?xml encoding=\"utf-8\" ?><\/p>\n<p>Silicon Carbide Vacuum Chuck and Wafer Handling Arm is formed by isostatic pressing process and high temperature sintering. The external dimensions, thickness and shapes can be finished according to the user&rsquo;s design drawings to meet the user&rsquo;s specific requirements.<\/p>","protected":false},"featured_media":1147,"comment_status":"closed","ping_status":"open","template":"","meta":[],"product_brand":[],"product_cat":[37],"product_tag":[],"class_list":{"0":"post-1479","1":"product","2":"type-product","3":"status-publish","4":"has-post-thumbnail","6":"product_cat-cvd-tac-coating","8":"first","9":"instock","10":"product-type-simple"},"_links":{"self":[{"href":"https:\/\/www.cn-semiconductorparts.com\/pt\/wp-json\/wp\/v2\/product\/1479","targetHints":{"allow":["GET"]}}],"collection":[{"href":"https:\/\/www.cn-semiconductorparts.com\/pt\/wp-json\/wp\/v2\/product"}],"about":[{"href":"https:\/\/www.cn-semiconductorparts.com\/pt\/wp-json\/wp\/v2\/types\/product"}],"replies":[{"embeddable":true,"href":"https:\/\/www.cn-semiconductorparts.com\/pt\/wp-json\/wp\/v2\/comments?post=1479"}],"wp:featuredmedia":[{"embeddable":true,"href":"https:\/\/www.cn-semiconductorparts.com\/pt\/wp-json\/wp\/v2\/media\/1147"}],"wp:attachment":[{"href":"https:\/\/www.cn-semiconductorparts.com\/pt\/wp-json\/wp\/v2\/media?parent=1479"}],"wp:term":[{"taxonomy":"product_brand","embeddable":true,"href":"https:\/\/www.cn-semiconductorparts.com\/pt\/wp-json\/wp\/v2\/product_brand?post=1479"},{"taxonomy":"product_cat","embeddable":true,"href":"https:\/\/www.cn-semiconductorparts.com\/pt\/wp-json\/wp\/v2\/product_cat?post=1479"},{"taxonomy":"product_tag","embeddable":true,"href":"https:\/\/www.cn-semiconductorparts.com\/pt\/wp-json\/wp\/v2\/product_tag?post=1479"}],"curies":[{"name":"wp","href":"https:\/\/api.w.org\/{rel}","templated":true}]}}