{"id":1516,"date":"2025-09-11T05:29:33","date_gmt":"2025-09-11T05:29:33","guid":{"rendered":"https:\/\/weitai2.globaldeepsea.site\/product\/quoted-price-for-silicon-carbide-sic-graphite-crucible-for-melting-aluminum-brass-and-zinc\/"},"modified":"2026-04-29T15:32:55","modified_gmt":"2026-04-29T07:32:55","slug":"quoted-price-for-silicon-carbide-sic-graphite-crucible-for-melting-aluminum-brass-and-zinc","status":"publish","type":"product","link":"https:\/\/www.cn-semiconductorparts.com\/pt\/product\/quoted-price-for-silicon-carbide-sic-graphite-crucible-for-melting-aluminum-brass-and-zinc\/","title":{"rendered":"Pre\u00e7o citado para o carboneto de sil\u00edcio SiC Graphite Crucible para derreter lat\u00e3o de alum\u00ednio e zinco"},"content":{"rendered":"","protected":false},"excerpt":{"rendered":"<p>WeiTai EnergyTechnology Co., Ltd.is a leading supplier specializing in wafer and advanced semiconductor consumables.We are dedicated to providing high-quality, reliable, and innovative products to semiconductor manufacturing,photovoltaic industryand other related fields.Our product line includes SiC\/TaC coated graphite products and ceramic products, encompassing various materials such as silicon carbide, silicon nitreto e \u00f3xido de alum\u00ednio e etc. Como fornecedor confi\u00e1vel, entendemos a import\u00e2ncia dos consum\u00edveis no processo de fabrica\u00e7\u00e3o e estamos comprometidos em fornecer produtos que atendam aos padr\u00f5es da mais alta qualidade para atender \u00e0s necessidades de nossos clientes.<\/p>","protected":false},"featured_media":1019,"comment_status":"closed","ping_status":"open","template":"","meta":[],"product_brand":[],"product_cat":[15],"product_tag":[],"class_list":{"0":"post-1516","1":"product","2":"type-product","3":"status-publish","4":"has-post-thumbnail","6":"product_cat-uncategorized","8":"first","9":"instock","10":"product-type-simple"},"_links":{"self":[{"href":"https:\/\/www.cn-semiconductorparts.com\/pt\/wp-json\/wp\/v2\/product\/1516","targetHints":{"allow":["GET"]}}],"collection":[{"href":"https:\/\/www.cn-semiconductorparts.com\/pt\/wp-json\/wp\/v2\/product"}],"about":[{"href":"https:\/\/www.cn-semiconductorparts.com\/pt\/wp-json\/wp\/v2\/types\/product"}],"replies":[{"embeddable":true,"href":"https:\/\/www.cn-semiconductorparts.com\/pt\/wp-json\/wp\/v2\/comments?post=1516"}],"wp:featuredmedia":[{"embeddable":true,"href":"https:\/\/www.cn-semiconductorparts.com\/pt\/wp-json\/wp\/v2\/media\/1019"}],"wp:attachment":[{"href":"https:\/\/www.cn-semiconductorparts.com\/pt\/wp-json\/wp\/v2\/media?parent=1516"}],"wp:term":[{"taxonomy":"product_brand","embeddable":true,"href":"https:\/\/www.cn-semiconductorparts.com\/pt\/wp-json\/wp\/v2\/product_brand?post=1516"},{"taxonomy":"product_cat","embeddable":true,"href":"https:\/\/www.cn-semiconductorparts.com\/pt\/wp-json\/wp\/v2\/product_cat?post=1516"},{"taxonomy":"product_tag","embeddable":true,"href":"https:\/\/www.cn-semiconductorparts.com\/pt\/wp-json\/wp\/v2\/product_tag?post=1516"}],"curies":[{"name":"wp","href":"https:\/\/api.w.org\/{rel}","templated":true}]}}