{"id":1527,"date":"2025-09-11T05:29:33","date_gmt":"2025-09-11T05:29:33","guid":{"rendered":"https:\/\/weitai2.globaldeepsea.site\/product\/supply-oem-customized-silicon-carbide-sleeve-for-oil-shaft-mechanism\/"},"modified":"2026-04-29T15:33:00","modified_gmt":"2026-04-29T07:33:00","slug":"supply-oem-customized-silicon-carbide-sleeve-for-oil-shaft-mechanism","status":"publish","type":"product","link":"https:\/\/www.cn-semiconductorparts.com\/pt\/product\/supply-oem-customized-silicon-carbide-sleeve-for-oil-shaft-mechanism\/","title":{"rendered":"Suprimento OEM de manga de carboneto de sil\u00edcio OEM para mecanismo de eixo de \u00f3leo"},"content":{"rendered":"","protected":false},"excerpt":{"rendered":"<p>Descubra an\u00e9is de veda\u00e7\u00e3o de grafite siliconizados avan\u00e7ados da Semicera, projetados para aumentar a efici\u00eancia em aplica\u00e7\u00f5es industriais. Com suas capacidades superiores de veda\u00e7\u00e3o, baixo coeficiente de atrito e excelente estabilidade dimensional, nossos produtos permitem veda\u00e7\u00e3o precisa e reduzir a perda de energia, melhorando a efici\u00eancia operacional geral.<\/p>","protected":false},"featured_media":1202,"comment_status":"closed","ping_status":"open","template":"","meta":[],"product_brand":[],"product_cat":[15],"product_tag":[],"class_list":{"0":"post-1527","1":"product","2":"type-product","3":"status-publish","4":"has-post-thumbnail","6":"product_cat-uncategorized","8":"first","9":"instock","10":"product-type-simple"},"_links":{"self":[{"href":"https:\/\/www.cn-semiconductorparts.com\/pt\/wp-json\/wp\/v2\/product\/1527","targetHints":{"allow":["GET"]}}],"collection":[{"href":"https:\/\/www.cn-semiconductorparts.com\/pt\/wp-json\/wp\/v2\/product"}],"about":[{"href":"https:\/\/www.cn-semiconductorparts.com\/pt\/wp-json\/wp\/v2\/types\/product"}],"replies":[{"embeddable":true,"href":"https:\/\/www.cn-semiconductorparts.com\/pt\/wp-json\/wp\/v2\/comments?post=1527"}],"wp:featuredmedia":[{"embeddable":true,"href":"https:\/\/www.cn-semiconductorparts.com\/pt\/wp-json\/wp\/v2\/media\/1202"}],"wp:attachment":[{"href":"https:\/\/www.cn-semiconductorparts.com\/pt\/wp-json\/wp\/v2\/media?parent=1527"}],"wp:term":[{"taxonomy":"product_brand","embeddable":true,"href":"https:\/\/www.cn-semiconductorparts.com\/pt\/wp-json\/wp\/v2\/product_brand?post=1527"},{"taxonomy":"product_cat","embeddable":true,"href":"https:\/\/www.cn-semiconductorparts.com\/pt\/wp-json\/wp\/v2\/product_cat?post=1527"},{"taxonomy":"product_tag","embeddable":true,"href":"https:\/\/www.cn-semiconductorparts.com\/pt\/wp-json\/wp\/v2\/product_tag?post=1527"}],"curies":[{"name":"wp","href":"https:\/\/api.w.org\/{rel}","templated":true}]}}