{"id":1546,"date":"2025-09-11T05:29:39","date_gmt":"2025-09-11T05:29:39","guid":{"rendered":"https:\/\/weitai2.globaldeepsea.site\/product\/price-sheet-for-precision-processing-pressureless-sintering-silicon-carbide-ceramic-crucible-wall-polishing-laboratory-use-of-small-oil-cup\/"},"modified":"2026-04-29T15:32:51","modified_gmt":"2026-04-29T07:32:51","slug":"price-sheet-for-precision-processing-pressureless-sintering-silicon-carbide-ceramic-crucible-wall-polishing-laboratory-use-of-small-oil-cup","status":"publish","type":"product","link":"https:\/\/www.cn-semiconductorparts.com\/pt\/product\/price-sheet-for-precision-processing-pressureless-sintering-silicon-carbide-ceramic-crucible-wall-polishing-laboratory-use-of-small-oil-cup\/","title":{"rendered":"Price Sheet for Precision Processing Pressureless Sintering Silicon Carbide Ceramic Crucible Wall Polishing Laboratory Use of Small Oil Cup"},"content":{"rendered":"","protected":false},"excerpt":{"rendered":"<p>WeiTai EnergyTechnology Co., Ltd.is a leading supplier specializing in wafer and advanced semiconductor consumables.We are dedicated to providing high-quality, reliable, and innovative products to semiconductor manufacturing,photovoltaic industryand other related fields.Our product line includes SiC\/TaC coated graphite products and ceramic products, encompassing various materials such as silicon carbide, silicon nitreto e \u00f3xido de alum\u00ednio e etc. Como fornecedor confi\u00e1vel, entendemos a import\u00e2ncia dos consum\u00edveis no processo de fabrica\u00e7\u00e3o e estamos comprometidos em fornecer produtos que atendam aos padr\u00f5es da mais alta qualidade para atender \u00e0s necessidades de nossos clientes.<\/p>","protected":false},"featured_media":1019,"comment_status":"closed","ping_status":"open","template":"","meta":[],"product_brand":[],"product_cat":[15],"product_tag":[],"class_list":{"0":"post-1546","1":"product","2":"type-product","3":"status-publish","4":"has-post-thumbnail","6":"product_cat-uncategorized","8":"first","9":"instock","10":"product-type-simple"},"_links":{"self":[{"href":"https:\/\/www.cn-semiconductorparts.com\/pt\/wp-json\/wp\/v2\/product\/1546","targetHints":{"allow":["GET"]}}],"collection":[{"href":"https:\/\/www.cn-semiconductorparts.com\/pt\/wp-json\/wp\/v2\/product"}],"about":[{"href":"https:\/\/www.cn-semiconductorparts.com\/pt\/wp-json\/wp\/v2\/types\/product"}],"replies":[{"embeddable":true,"href":"https:\/\/www.cn-semiconductorparts.com\/pt\/wp-json\/wp\/v2\/comments?post=1546"}],"wp:featuredmedia":[{"embeddable":true,"href":"https:\/\/www.cn-semiconductorparts.com\/pt\/wp-json\/wp\/v2\/media\/1019"}],"wp:attachment":[{"href":"https:\/\/www.cn-semiconductorparts.com\/pt\/wp-json\/wp\/v2\/media?parent=1546"}],"wp:term":[{"taxonomy":"product_brand","embeddable":true,"href":"https:\/\/www.cn-semiconductorparts.com\/pt\/wp-json\/wp\/v2\/product_brand?post=1546"},{"taxonomy":"product_cat","embeddable":true,"href":"https:\/\/www.cn-semiconductorparts.com\/pt\/wp-json\/wp\/v2\/product_cat?post=1546"},{"taxonomy":"product_tag","embeddable":true,"href":"https:\/\/www.cn-semiconductorparts.com\/pt\/wp-json\/wp\/v2\/product_tag?post=1546"}],"curies":[{"name":"wp","href":"https:\/\/api.w.org\/{rel}","templated":true}]}}