{"id":1678,"date":"2025-09-11T05:30:25","date_gmt":"2025-09-11T05:30:25","guid":{"rendered":"https:\/\/weitai2.globaldeepsea.site\/product\/oem-factory-for-rayon-based-soft-graphite-felt-fiber-felt-processing\/"},"modified":"2026-04-29T15:31:50","modified_gmt":"2026-04-29T07:31:50","slug":"oem-factory-for-rayon-based-soft-graphite-felt-fiber-felt-processing","status":"publish","type":"product","link":"https:\/\/www.cn-semiconductorparts.com\/pt\/product\/oem-factory-for-rayon-based-soft-graphite-felt-fiber-felt-processing\/","title":{"rendered":"OEM Factory for Rayon Based Soft Graphite Felt Fiber Felt Processing"},"content":{"rendered":"","protected":false},"excerpt":{"rendered":"<p>A Semicera Energy Technology Co., Ltd. \u00e9 um fornecedor l\u00edder de cer\u00e2mica avan\u00e7ada de semicondutores e o \u00fanico fabricante na China que pode simultaneamente fornecer cer\u00e2mica de carboneto de sil\u00edcio de alta pureza (especialmente telonizada) e revestimento CVD sic. Al\u00e9m disso, nossa empresa tamb\u00e9m est\u00e1 comprometida com campos de cer\u00e2mica, como alumina, nitreto de alum\u00ednio, zirc\u00f4nia e nitreto de sil\u00edcio, etc.<\/p>","protected":false},"featured_media":1059,"comment_status":"closed","ping_status":"open","template":"","meta":[],"product_brand":[],"product_cat":[15],"product_tag":[],"class_list":{"0":"post-1678","1":"product","2":"type-product","3":"status-publish","4":"has-post-thumbnail","6":"product_cat-uncategorized","8":"first","9":"instock","10":"product-type-simple"},"_links":{"self":[{"href":"https:\/\/www.cn-semiconductorparts.com\/pt\/wp-json\/wp\/v2\/product\/1678","targetHints":{"allow":["GET"]}}],"collection":[{"href":"https:\/\/www.cn-semiconductorparts.com\/pt\/wp-json\/wp\/v2\/product"}],"about":[{"href":"https:\/\/www.cn-semiconductorparts.com\/pt\/wp-json\/wp\/v2\/types\/product"}],"replies":[{"embeddable":true,"href":"https:\/\/www.cn-semiconductorparts.com\/pt\/wp-json\/wp\/v2\/comments?post=1678"}],"wp:featuredmedia":[{"embeddable":true,"href":"https:\/\/www.cn-semiconductorparts.com\/pt\/wp-json\/wp\/v2\/media\/1059"}],"wp:attachment":[{"href":"https:\/\/www.cn-semiconductorparts.com\/pt\/wp-json\/wp\/v2\/media?parent=1678"}],"wp:term":[{"taxonomy":"product_brand","embeddable":true,"href":"https:\/\/www.cn-semiconductorparts.com\/pt\/wp-json\/wp\/v2\/product_brand?post=1678"},{"taxonomy":"product_cat","embeddable":true,"href":"https:\/\/www.cn-semiconductorparts.com\/pt\/wp-json\/wp\/v2\/product_cat?post=1678"},{"taxonomy":"product_tag","embeddable":true,"href":"https:\/\/www.cn-semiconductorparts.com\/pt\/wp-json\/wp\/v2\/product_tag?post=1678"}],"curies":[{"name":"wp","href":"https:\/\/api.w.org\/{rel}","templated":true}]}}