{"id":1691,"date":"2025-09-11T05:30:25","date_gmt":"2025-09-11T05:30:25","guid":{"rendered":"https:\/\/weitai2.globaldeepsea.site\/product\/excellent-quality-factory-supply-silicon-carbide-sic-heating-element\/"},"modified":"2026-04-29T15:31:55","modified_gmt":"2026-04-29T07:31:55","slug":"excellent-quality-factory-supply-silicon-carbide-sic-heating-element","status":"publish","type":"product","link":"https:\/\/www.cn-semiconductorparts.com\/pt\/product\/excellent-quality-factory-supply-silicon-carbide-sic-heating-element\/","title":{"rendered":"Excellent quality Factory Supply Silicon Carbide (SiC) Heating Element"},"content":{"rendered":"","protected":false},"excerpt":{"rendered":"<p>Novos aquecedores otimizados com toda a constru\u00e7\u00e3o de metais podem restringir a deforma\u00e7\u00e3o com alta temperatura. Este Makesthem possui muitas vantagens em uso, como: alta repetibilidade, alta uniformidade \uff0c alta confiabilidade e alta compatibilidade.<\/p>","protected":false},"featured_media":566,"comment_status":"closed","ping_status":"open","template":"","meta":[],"product_brand":[],"product_cat":[15],"product_tag":[],"class_list":{"0":"post-1691","1":"product","2":"type-product","3":"status-publish","4":"has-post-thumbnail","6":"product_cat-uncategorized","8":"first","9":"instock","10":"product-type-simple"},"_links":{"self":[{"href":"https:\/\/www.cn-semiconductorparts.com\/pt\/wp-json\/wp\/v2\/product\/1691","targetHints":{"allow":["GET"]}}],"collection":[{"href":"https:\/\/www.cn-semiconductorparts.com\/pt\/wp-json\/wp\/v2\/product"}],"about":[{"href":"https:\/\/www.cn-semiconductorparts.com\/pt\/wp-json\/wp\/v2\/types\/product"}],"replies":[{"embeddable":true,"href":"https:\/\/www.cn-semiconductorparts.com\/pt\/wp-json\/wp\/v2\/comments?post=1691"}],"wp:featuredmedia":[{"embeddable":true,"href":"https:\/\/www.cn-semiconductorparts.com\/pt\/wp-json\/wp\/v2\/media\/566"}],"wp:attachment":[{"href":"https:\/\/www.cn-semiconductorparts.com\/pt\/wp-json\/wp\/v2\/media?parent=1691"}],"wp:term":[{"taxonomy":"product_brand","embeddable":true,"href":"https:\/\/www.cn-semiconductorparts.com\/pt\/wp-json\/wp\/v2\/product_brand?post=1691"},{"taxonomy":"product_cat","embeddable":true,"href":"https:\/\/www.cn-semiconductorparts.com\/pt\/wp-json\/wp\/v2\/product_cat?post=1691"},{"taxonomy":"product_tag","embeddable":true,"href":"https:\/\/www.cn-semiconductorparts.com\/pt\/wp-json\/wp\/v2\/product_tag?post=1691"}],"curies":[{"name":"wp","href":"https:\/\/api.w.org\/{rel}","templated":true}]}}