{"id":1779,"date":"2025-09-11T05:30:58","date_gmt":"2025-09-11T05:30:58","guid":{"rendered":"https:\/\/weitai2.globaldeepsea.site\/product\/high-reputation-high-purity-quartz-boat-customized-quartz-boat-high-purity-quartz-boat\/"},"modified":"2026-04-29T15:31:09","modified_gmt":"2026-04-29T07:31:09","slug":"high-reputation-high-purity-quartz-boat-customized-quartz-boat-high-purity-quartz-boat","status":"publish","type":"product","link":"https:\/\/www.cn-semiconductorparts.com\/pt\/product\/high-reputation-high-purity-quartz-boat-customized-quartz-boat-high-purity-quartz-boat\/","title":{"rendered":"High reputation High Purity Quartz Boat, Customized Quartz Boat, High Purity Quartz Boat"},"content":{"rendered":"","protected":false},"excerpt":{"rendered":"<p>No processo de fabrica\u00e7\u00e3o semicondutores de IC, geralmente \u00e9 necess\u00e1rio usar uma ferramenta para transfer\u00eancia, limpeza e processamento de chips, a ferramenta que carrega o chip \u00e9 geralmente chamada de barco de wafer, que ser\u00e1 fornecido com v\u00e1rios slots de wafer, cada slot de wafer \u00e9 usado para colocar uma bolacha. No processo de fabrica\u00e7\u00e3o das bolachas de semicondutores, o processo de difus\u00e3o do tubo do forno \u00e9 um dos processos b\u00e1sicos. No processo de difus\u00e3o, v\u00e1rias bolachas s\u00e3o colocadas pela primeira vez em um barco de cristal de quartzo e, em seguida, o barco de cristal de quartzo \u00e9 colocado no tubo do forno para fabrica\u00e7\u00e3o de lote.<\/p>","protected":false},"featured_media":630,"comment_status":"closed","ping_status":"open","template":"","meta":[],"product_brand":[],"product_cat":[15],"product_tag":[],"class_list":{"0":"post-1779","1":"product","2":"type-product","3":"status-publish","4":"has-post-thumbnail","6":"product_cat-uncategorized","8":"first","9":"instock","10":"product-type-simple"},"_links":{"self":[{"href":"https:\/\/www.cn-semiconductorparts.com\/pt\/wp-json\/wp\/v2\/product\/1779","targetHints":{"allow":["GET"]}}],"collection":[{"href":"https:\/\/www.cn-semiconductorparts.com\/pt\/wp-json\/wp\/v2\/product"}],"about":[{"href":"https:\/\/www.cn-semiconductorparts.com\/pt\/wp-json\/wp\/v2\/types\/product"}],"replies":[{"embeddable":true,"href":"https:\/\/www.cn-semiconductorparts.com\/pt\/wp-json\/wp\/v2\/comments?post=1779"}],"wp:featuredmedia":[{"embeddable":true,"href":"https:\/\/www.cn-semiconductorparts.com\/pt\/wp-json\/wp\/v2\/media\/630"}],"wp:attachment":[{"href":"https:\/\/www.cn-semiconductorparts.com\/pt\/wp-json\/wp\/v2\/media?parent=1779"}],"wp:term":[{"taxonomy":"product_brand","embeddable":true,"href":"https:\/\/www.cn-semiconductorparts.com\/pt\/wp-json\/wp\/v2\/product_brand?post=1779"},{"taxonomy":"product_cat","embeddable":true,"href":"https:\/\/www.cn-semiconductorparts.com\/pt\/wp-json\/wp\/v2\/product_cat?post=1779"},{"taxonomy":"product_tag","embeddable":true,"href":"https:\/\/www.cn-semiconductorparts.com\/pt\/wp-json\/wp\/v2\/product_tag?post=1779"}],"curies":[{"name":"wp","href":"https:\/\/api.w.org\/{rel}","templated":true}]}}