{"id":1806,"date":"2025-09-11T05:31:05","date_gmt":"2025-09-11T05:31:05","guid":{"rendered":"https:\/\/weitai2.globaldeepsea.site\/product\/factory-supplied-made-in-china-high-hardness-sic-ceramic-grinding-barrel\/"},"modified":"2026-04-29T15:31:04","modified_gmt":"2026-04-29T07:31:04","slug":"factory-supplied-made-in-china-high-hardness-sic-ceramic-grinding-barrel","status":"publish","type":"product","link":"https:\/\/www.cn-semiconductorparts.com\/pt\/product\/factory-supplied-made-in-china-high-hardness-sic-ceramic-grinding-barrel\/","title":{"rendered":"F\u00e1brica fornecida feita na China alta dureza sic cer\u00e2mica barril"},"content":{"rendered":"","protected":false},"excerpt":{"rendered":"<p>A Weitai oferece uma gama abrangente de suscetores e componentes de grafite projetados para v\u00e1rios reatores de epitaxia. Atrav\u00e9s de parcerias estrat\u00e9gicas com OEMs l\u00edderes do setor, ampla experi\u00eancia em materiais e recursos avan\u00e7ados de fabrica\u00e7\u00e3o, a Weitai fornece projetos personalizados para atender aos requisitos espec\u00edficos da sua aplica\u00e7\u00e3o. Nosso compromisso com a excel\u00eancia garante que voc\u00ea receba solu\u00e7\u00f5es ideais para as necessidades do reator de epitaxia.<\/p>","protected":false},"featured_media":1221,"comment_status":"closed","ping_status":"open","template":"","meta":[],"product_brand":[],"product_cat":[15],"product_tag":[],"class_list":{"0":"post-1806","1":"product","2":"type-product","3":"status-publish","4":"has-post-thumbnail","6":"product_cat-uncategorized","8":"first","9":"instock","10":"product-type-simple"},"_links":{"self":[{"href":"https:\/\/www.cn-semiconductorparts.com\/pt\/wp-json\/wp\/v2\/product\/1806","targetHints":{"allow":["GET"]}}],"collection":[{"href":"https:\/\/www.cn-semiconductorparts.com\/pt\/wp-json\/wp\/v2\/product"}],"about":[{"href":"https:\/\/www.cn-semiconductorparts.com\/pt\/wp-json\/wp\/v2\/types\/product"}],"replies":[{"embeddable":true,"href":"https:\/\/www.cn-semiconductorparts.com\/pt\/wp-json\/wp\/v2\/comments?post=1806"}],"wp:featuredmedia":[{"embeddable":true,"href":"https:\/\/www.cn-semiconductorparts.com\/pt\/wp-json\/wp\/v2\/media\/1221"}],"wp:attachment":[{"href":"https:\/\/www.cn-semiconductorparts.com\/pt\/wp-json\/wp\/v2\/media?parent=1806"}],"wp:term":[{"taxonomy":"product_brand","embeddable":true,"href":"https:\/\/www.cn-semiconductorparts.com\/pt\/wp-json\/wp\/v2\/product_brand?post=1806"},{"taxonomy":"product_cat","embeddable":true,"href":"https:\/\/www.cn-semiconductorparts.com\/pt\/wp-json\/wp\/v2\/product_cat?post=1806"},{"taxonomy":"product_tag","embeddable":true,"href":"https:\/\/www.cn-semiconductorparts.com\/pt\/wp-json\/wp\/v2\/product_tag?post=1806"}],"curies":[{"name":"wp","href":"https:\/\/api.w.org\/{rel}","templated":true}]}}