{"id":1807,"date":"2025-09-11T05:31:05","date_gmt":"2025-09-11T05:31:05","guid":{"rendered":"https:\/\/weitai2.globaldeepsea.site\/product\/wholesale-odm-made-in-china-corrosion-resistant-sisic-wear-resistant-barrel\/"},"modified":"2026-04-29T15:31:04","modified_gmt":"2026-04-29T07:31:04","slug":"wholesale-odm-made-in-china-corrosion-resistant-sisic-wear-resistant-barrel","status":"publish","type":"product","link":"https:\/\/www.cn-semiconductorparts.com\/pt\/product\/wholesale-odm-made-in-china-corrosion-resistant-sisic-wear-resistant-barrel\/","title":{"rendered":"Wholesale ODM Made in China Corrosion-Resistant Sisic Wear-Resistant Barrel"},"content":{"rendered":"","protected":false},"excerpt":{"rendered":"<p>A Weitai oferece uma gama abrangente de suscetores e componentes de grafite projetados para v\u00e1rios reatores de epitaxia. Atrav\u00e9s de parcerias estrat\u00e9gicas com OEMs l\u00edderes do setor, ampla experi\u00eancia em materiais e recursos avan\u00e7ados de fabrica\u00e7\u00e3o, a Weitai fornece projetos personalizados para atender aos requisitos espec\u00edficos da sua aplica\u00e7\u00e3o. Nosso compromisso com a excel\u00eancia garante que voc\u00ea receba solu\u00e7\u00f5es ideais para as necessidades do reator de epitaxia.<\/p>","protected":false},"featured_media":1168,"comment_status":"closed","ping_status":"open","template":"","meta":[],"product_brand":[],"product_cat":[15],"product_tag":[],"class_list":{"0":"post-1807","1":"product","2":"type-product","3":"status-publish","4":"has-post-thumbnail","6":"product_cat-uncategorized","8":"first","9":"instock","10":"product-type-simple"},"_links":{"self":[{"href":"https:\/\/www.cn-semiconductorparts.com\/pt\/wp-json\/wp\/v2\/product\/1807","targetHints":{"allow":["GET"]}}],"collection":[{"href":"https:\/\/www.cn-semiconductorparts.com\/pt\/wp-json\/wp\/v2\/product"}],"about":[{"href":"https:\/\/www.cn-semiconductorparts.com\/pt\/wp-json\/wp\/v2\/types\/product"}],"replies":[{"embeddable":true,"href":"https:\/\/www.cn-semiconductorparts.com\/pt\/wp-json\/wp\/v2\/comments?post=1807"}],"wp:featuredmedia":[{"embeddable":true,"href":"https:\/\/www.cn-semiconductorparts.com\/pt\/wp-json\/wp\/v2\/media\/1168"}],"wp:attachment":[{"href":"https:\/\/www.cn-semiconductorparts.com\/pt\/wp-json\/wp\/v2\/media?parent=1807"}],"wp:term":[{"taxonomy":"product_brand","embeddable":true,"href":"https:\/\/www.cn-semiconductorparts.com\/pt\/wp-json\/wp\/v2\/product_brand?post=1807"},{"taxonomy":"product_cat","embeddable":true,"href":"https:\/\/www.cn-semiconductorparts.com\/pt\/wp-json\/wp\/v2\/product_cat?post=1807"},{"taxonomy":"product_tag","embeddable":true,"href":"https:\/\/www.cn-semiconductorparts.com\/pt\/wp-json\/wp\/v2\/product_tag?post=1807"}],"curies":[{"name":"wp","href":"https:\/\/api.w.org\/{rel}","templated":true}]}}