{"id":1826,"date":"2025-09-11T05:31:12","date_gmt":"2025-09-11T05:31:12","guid":{"rendered":"https:\/\/weitai2.globaldeepsea.site\/product\/china-new-product-silicon-carbide-cantilever-paddle-silicon-carbide-sic-cantiliver-beam\/"},"modified":"2026-04-29T15:30:55","modified_gmt":"2026-04-29T07:30:55","slug":"china-new-product-silicon-carbide-cantilever-paddle-silicon-carbide-sic-cantiliver-beam","status":"publish","type":"product","link":"https:\/\/www.cn-semiconductorparts.com\/pt\/product\/china-new-product-silicon-carbide-cantilever-paddle-silicon-carbide-sic-cantiliver-beam\/","title":{"rendered":"China New Product Silicon Carbide Cantilever Paddle\/ Silicon Carbide Sic Cantiliver Beam"},"content":{"rendered":"","protected":false},"excerpt":{"rendered":"<p>Silicon carbide paddle, also known as silicon carbide cantilever paddle, silicon carbide cantilever beam is a kind of silicon carbide ceramic products after 1850\u2103 high temperature sintering, but high temperature sintering silicon carbide ceramic is a special ceramic products, by fine particles \u03b1-SiC and additives pressed into a blank, in contact with liquid silicon at high temperature, carbon in the blank and Infiltra\u00e7\u00e3o da rea\u00e7\u00e3o SI, a forma\u00e7\u00e3o de \u03b2-SIC e combinada com \u03b1-SiC, o sil\u00edcio livre encheu a porosidade, de modo a obter materiais cer\u00e2micos de alta densidade; Possui v\u00e1rias propriedades superiores da cer\u00e2mica industrial.<\/p>","protected":false},"featured_media":916,"comment_status":"closed","ping_status":"open","template":"","meta":[],"product_brand":[],"product_cat":[15],"product_tag":[],"class_list":{"0":"post-1826","1":"product","2":"type-product","3":"status-publish","4":"has-post-thumbnail","6":"product_cat-uncategorized","8":"first","9":"instock","10":"product-type-simple"},"_links":{"self":[{"href":"https:\/\/www.cn-semiconductorparts.com\/pt\/wp-json\/wp\/v2\/product\/1826","targetHints":{"allow":["GET"]}}],"collection":[{"href":"https:\/\/www.cn-semiconductorparts.com\/pt\/wp-json\/wp\/v2\/product"}],"about":[{"href":"https:\/\/www.cn-semiconductorparts.com\/pt\/wp-json\/wp\/v2\/types\/product"}],"replies":[{"embeddable":true,"href":"https:\/\/www.cn-semiconductorparts.com\/pt\/wp-json\/wp\/v2\/comments?post=1826"}],"wp:featuredmedia":[{"embeddable":true,"href":"https:\/\/www.cn-semiconductorparts.com\/pt\/wp-json\/wp\/v2\/media\/916"}],"wp:attachment":[{"href":"https:\/\/www.cn-semiconductorparts.com\/pt\/wp-json\/wp\/v2\/media?parent=1826"}],"wp:term":[{"taxonomy":"product_brand","embeddable":true,"href":"https:\/\/www.cn-semiconductorparts.com\/pt\/wp-json\/wp\/v2\/product_brand?post=1826"},{"taxonomy":"product_cat","embeddable":true,"href":"https:\/\/www.cn-semiconductorparts.com\/pt\/wp-json\/wp\/v2\/product_cat?post=1826"},{"taxonomy":"product_tag","embeddable":true,"href":"https:\/\/www.cn-semiconductorparts.com\/pt\/wp-json\/wp\/v2\/product_tag?post=1826"}],"curies":[{"name":"wp","href":"https:\/\/api.w.org\/{rel}","templated":true}]}}