{"id":1996,"date":"2025-09-11T05:32:13","date_gmt":"2025-09-11T05:32:13","guid":{"rendered":"https:\/\/weitai2.globaldeepsea.site\/product\/silicon-carbide-boat-wafer-boat\/"},"modified":"2026-04-29T15:29:37","modified_gmt":"2026-04-29T07:29:37","slug":"silicon-carbide-boat-wafer-boat","status":"publish","type":"product","link":"https:\/\/www.cn-semiconductorparts.com\/pt\/product\/silicon-carbide-boat-wafer-boat\/","title":{"rendered":"Silicon Carbide Boat Wafer Boat"},"content":{"rendered":"<p><?xml encoding=\"utf-8\" ?><\/p>\n<div class=\"fl-builder-content fl-builder-content-5888 fl-builder-content-primary fl-builder-global-templates-locked\" data-post-id=\"5888\">\n<div class=\"fl-row fl-row-full-width fl-row-bg-none fl-node-66260d4deb389\" data-node=\"66260d4deb389\">\n<div class=\"fl-row-content-wrap\">\n<div class=\"fl-row-content fl-row-full-width fl-node-content\">\n<div class=\"fl-col-group fl-node-66260d4deba55\" data-node=\"66260d4deba55\">\n<div class=\"fl-col fl-node-66260d4debbe7\" data-node=\"66260d4debbe7\" style=\"width: 100%;\">\n<div class=\"fl-col-content fl-node-content\">\n<div class=\"fl-module fl-module-rich-text fl-node-66260d4decdd2\" data-animation-delay=\"0.0\" data-node=\"66260d4decdd2\">\n<div class=\"fl-module-content fl-node-content\">\n<div class=\"fl-rich-text\">\n<p>Our solutions are commonly regarded and trusted by users and can fulfill continuously developing financial and social demands for Popular Design for Silicon Carbide Boat Holder SiC Cantilever Paddle for Semiconductor Wafer Loading System, If possible, be sure to send your needs with a detailed list including the style\/item and quantity you require. We will then deliver our greatest price ranges to you.<br \/> Our solutions are commonly regarded and trusted by users and can fulfill continuously developing financial and social demands for China Refractory Silicon Carbide and Silicon Carbide Ceramics, We have now been perfectly devoted to the design, R&amp;D, manufacture, sale and service of hair goods during 10 years of development. We&#8217;ve introduced and are making full use of internationally advanced technology and equipment, with advantages of skilled workers. &#8220;Dedicated to providing reliable customer service&#8221; is our aim. We have been sincerely looking forward to establishing business relationships with friends from at home and abroad.<\/p>\n<p>Silicon carbide is a new type of ceramics with high cost performance and excellent material properties.&nbsp;Due to features like high strength and hardness, high temperature resistance, great thermal conductivity and chemical corrosion resistance, Silicon Carbide can almost withstand all chemical medium. Therefore, SiC are widely used in oil mining, chemical, machinery and airspace, even nuclear energy and the military have their special demands on SiC. Some normal application we can offer are seal rings for pump, valve and protective armor etc.<\/p>\n<p>Somos capazes de projetar e fabricar de acordo com suas dimens\u00f5es espec\u00edficas, com boa qualidade e entrega razo\u00e1vel de tempo.&nbsp;<\/p>\n<p><img decoding=\"async\" alt=\"Barco de bolacha de carboneto de sil\u00edcio (3)\" itemprop=\"image\" src=\"\/wp-content\/uploads\/2025\/09\/846c76935e22d2b4.webp\"><br \/> <img decoding=\"async\" alt=\"Barco de bolacha de carboneto de sil\u00edcio (6)\" itemprop=\"image\" src=\"\/wp-content\/uploads\/2025\/09\/af1aa64a1ed13da5.webp\"><\/p>\n<p>Advantages:<\/p>\n<p>Resist\u00eancia a oxida\u00e7\u00e3o de alta temperatura<\/p>\n<p>Excelente resist\u00eancia \u00e0 corros\u00e3o<\/p>\n<p>Boa resist\u00eancia \u00e0 abras\u00e3o<\/p>\n<p>Alto coeficiente de condutividade t\u00e9rmica<br \/>Auto-lubrifica\u00e7\u00e3o, baixa densidade<br \/>Alta dureza<br \/>Design personalizado.<\/p>\n<p style=\"text-align: center;\">&nbsp;<\/p>\n<p>Aplica\u00e7\u00f5es:<\/p>\n<p>-Campo resistente ao desgaste: bucha, placa, bico de areia, forro de ciclone, barril de moagem, etc.\u2026<\/p>\n<p>-Campo de alta temperatura: laje de sic, tubo de forno de extin\u00e7\u00e3o, tubo radiante, cadinho, elemento de aquecimento, rolo, feixe, trocador de calor, tubo de ar frio, bico de queimador, tubo de prote\u00e7\u00e3o de termoples, barco sic, estrutura do carro do forno, setter, etc.<\/p>\n<p>-Campo de balas militar<\/p>\n<p>-Semicondutor de carboneto de sil\u00edcio: barco de bolacha sic, chuck sic, sic paddle, cassete sic, tubo de difus\u00e3o sic, garfo de wafer, placa de suc\u00e7\u00e3o, guia, etc.<\/p>\n<p>-Campo de veda\u00e7\u00e3o de carboneto de sil\u00edcio: todos os tipos de anel de veda\u00e7\u00e3o, rolamento, bucha, etc.<\/p>\n<p>-Campo fotovoltaico: remar em cantilever, barril de moagem, rolo de carboneto de sil\u00edcio, etc.<\/p>\n<p>-Campo da bateria de l\u00edtio<\/p>\n<p><img decoding=\"async\" alt=\"Barco de bolacha de carboneto de sil\u00edcio (7)\" itemprop=\"image\" src=\"\/wp-content\/uploads\/2025\/09\/317499210fbbc90d.webp\"><\/p>\n<h3>Par\u00e2metros t\u00e9cnicos<\/h3>\n<p><img decoding=\"async\" alt=\"&#30899;&#21270;&#30789;&#21442;&#25968;\" itemprop=\"image\" src=\"\/wp-content\/uploads\/2025\/09\/f34bdb8e2db1ea64.webp\"><\/p>\n<p>Our solutions are commonly regarded and trusted by users and can fulfill continuously developing financial and social demands for Popular Design for Silicon Carbide Boat Holder Sic Cantilever Paddle for Semiconductor Wafer Loading System, If possible, be sure to send your needs with a detailed list including the style\/item and quantity you require. We will then deliver our greatest price ranges to you.<br \/> Popular Design for China Refractory Silicon Carbide and Silicon Carbide Ceramics, We have now been perfectly devoted to the design, R&amp;D, manufacture, sale and service of hair goods during 10 years of development. We&#8217;ve introduced and are making full use of internationally advanced technology and equipment, with advantages of skilled workers. &#8220;Dedicated to providing reliable customer service&#8221; is our aim. We have been sincerely looking forward to establishing business relationships with friends from at home and abroad.<\/p>\n<\/p><\/div>\n<\/p><\/div>\n<\/p><\/div>\n<\/p><\/div>\n<\/p><\/div>\n<\/p><\/div>\n<\/p><\/div>\n<\/p><\/div>\n<\/p><\/div>\n<\/div>","protected":false},"excerpt":{"rendered":"<p><?xml encoding=\"utf-8\" ?><\/p>\n<p>Semicera&rsquo;s Silicon Carbide Boat Wafer Boat is engineered for high-performance wafer handling in semiconductor and LED manufacturing. Made from high-quality silicon carbide, this wafer boat offers excellent thermal stability, chemical resistance, and durability at high temperatures. Designed for use in MOCVD, CVD, and other critical processes, Semicera&rsquo;s silicon carbide wafer boat ensures precise wafer alignment, uniform heat distribution, and reliable performance, enhancing overall production efficiency and quality.<\/p>","protected":false},"featured_media":824,"comment_status":"closed","ping_status":"open","template":"","meta":[],"product_brand":[],"product_cat":[15],"product_tag":[],"class_list":{"0":"post-1996","1":"product","2":"type-product","3":"status-publish","4":"has-post-thumbnail","6":"product_cat-uncategorized","8":"first","9":"instock","10":"product-type-simple"},"_links":{"self":[{"href":"https:\/\/www.cn-semiconductorparts.com\/pt\/wp-json\/wp\/v2\/product\/1996","targetHints":{"allow":["GET"]}}],"collection":[{"href":"https:\/\/www.cn-semiconductorparts.com\/pt\/wp-json\/wp\/v2\/product"}],"about":[{"href":"https:\/\/www.cn-semiconductorparts.com\/pt\/wp-json\/wp\/v2\/types\/product"}],"replies":[{"embeddable":true,"href":"https:\/\/www.cn-semiconductorparts.com\/pt\/wp-json\/wp\/v2\/comments?post=1996"}],"wp:featuredmedia":[{"embeddable":true,"href":"https:\/\/www.cn-semiconductorparts.com\/pt\/wp-json\/wp\/v2\/media\/824"}],"wp:attachment":[{"href":"https:\/\/www.cn-semiconductorparts.com\/pt\/wp-json\/wp\/v2\/media?parent=1996"}],"wp:term":[{"taxonomy":"product_brand","embeddable":true,"href":"https:\/\/www.cn-semiconductorparts.com\/pt\/wp-json\/wp\/v2\/product_brand?post=1996"},{"taxonomy":"product_cat","embeddable":true,"href":"https:\/\/www.cn-semiconductorparts.com\/pt\/wp-json\/wp\/v2\/product_cat?post=1996"},{"taxonomy":"product_tag","embeddable":true,"href":"https:\/\/www.cn-semiconductorparts.com\/pt\/wp-json\/wp\/v2\/product_tag?post=1996"}],"curies":[{"name":"wp","href":"https:\/\/api.w.org\/{rel}","templated":true}]}}