{"id":1997,"date":"2025-09-11T05:32:13","date_gmt":"2025-09-11T05:32:13","guid":{"rendered":"https:\/\/weitai2.globaldeepsea.site\/product\/reasonable-price-silicon-carbides-silicon-carbides-optical-materials-sic-mirrors-sic-lens-optical-sic\/"},"modified":"2026-04-29T15:29:37","modified_gmt":"2026-04-29T07:29:37","slug":"reasonable-price-silicon-carbides-silicon-carbides-optical-materials-sic-mirrors-sic-lens-optical-sic","status":"publish","type":"product","link":"https:\/\/www.cn-semiconductorparts.com\/pt\/product\/reasonable-price-silicon-carbides-silicon-carbides-optical-materials-sic-mirrors-sic-lens-optical-sic\/","title":{"rendered":"Carbonetes de sil\u00edcio de pre\u00e7o razo\u00e1vel\/carbonetos de sil\u00edcio\/espelhos \u00f3pticos\/lente sic\/sic\/sic \u00f3ptico"},"content":{"rendered":"","protected":false},"excerpt":{"rendered":"<p>Silicon carbide mirror,SIC mirror, silicon carbide ceramic mirror, lightweight mirror, Changchun Optical machine mirror, ceramic mirror is generally composed of billet body and surface optical reflection layer, billet body requirements to meet the requirements of the mirror mechanical, thermal and light sense of the structure, and optical layer material is required to be fine, dense, can be processed to high enough surface finish, And matching with the physical e propriedades qu\u00edmicas do corpo. Como os materiais Si e SiC t\u00eam um bom desempenho de correspond\u00eancia t\u00e9rmica e podem atender aos requisitos de precis\u00e3o de polimento \u00f3ptico, eles s\u00e3o comumente usados \u200b\u200bcomo revestimentos reflexivos \u00f3pticos na superf\u00edcie dos espelhos SiC.<\/p>","protected":false},"featured_media":762,"comment_status":"closed","ping_status":"open","template":"","meta":[],"product_brand":[],"product_cat":[15],"product_tag":[],"class_list":{"0":"post-1997","1":"product","2":"type-product","3":"status-publish","4":"has-post-thumbnail","6":"product_cat-uncategorized","8":"first","9":"instock","10":"product-type-simple"},"_links":{"self":[{"href":"https:\/\/www.cn-semiconductorparts.com\/pt\/wp-json\/wp\/v2\/product\/1997","targetHints":{"allow":["GET"]}}],"collection":[{"href":"https:\/\/www.cn-semiconductorparts.com\/pt\/wp-json\/wp\/v2\/product"}],"about":[{"href":"https:\/\/www.cn-semiconductorparts.com\/pt\/wp-json\/wp\/v2\/types\/product"}],"replies":[{"embeddable":true,"href":"https:\/\/www.cn-semiconductorparts.com\/pt\/wp-json\/wp\/v2\/comments?post=1997"}],"wp:featuredmedia":[{"embeddable":true,"href":"https:\/\/www.cn-semiconductorparts.com\/pt\/wp-json\/wp\/v2\/media\/762"}],"wp:attachment":[{"href":"https:\/\/www.cn-semiconductorparts.com\/pt\/wp-json\/wp\/v2\/media?parent=1997"}],"wp:term":[{"taxonomy":"product_brand","embeddable":true,"href":"https:\/\/www.cn-semiconductorparts.com\/pt\/wp-json\/wp\/v2\/product_brand?post=1997"},{"taxonomy":"product_cat","embeddable":true,"href":"https:\/\/www.cn-semiconductorparts.com\/pt\/wp-json\/wp\/v2\/product_cat?post=1997"},{"taxonomy":"product_tag","embeddable":true,"href":"https:\/\/www.cn-semiconductorparts.com\/pt\/wp-json\/wp\/v2\/product_tag?post=1997"}],"curies":[{"name":"wp","href":"https:\/\/api.w.org\/{rel}","templated":true}]}}