{"id":2038,"date":"2025-09-11T05:32:25","date_gmt":"2025-09-11T05:32:25","guid":{"rendered":"https:\/\/weitai2.globaldeepsea.site\/product\/high-quality-and-cost-effective-tantalum-carbide-tac-coating\/"},"modified":"2026-04-29T15:29:21","modified_gmt":"2026-04-29T07:29:21","slug":"high-quality-and-cost-effective-tantalum-carbide-tac-coating","status":"publish","type":"product","link":"https:\/\/www.cn-semiconductorparts.com\/pt\/product\/high-quality-and-cost-effective-tantalum-carbide-tac-coating\/","title":{"rendered":"Alta qualidade e revestimento de carboneto de Tantalum (TAC)"},"content":{"rendered":"<p><?xml encoding=\"utf-8\" ?><\/p>\n<div class=\"fl-builder-content fl-builder-content-5055 fl-builder-content-primary fl-builder-global-templates-locked\" data-post-id=\"5055\">\n<div class=\"fl-row fl-row-full-width fl-row-bg-none fl-node-65dd9a228985b\" data-node=\"65dd9a228985b\">\n<div class=\"fl-row-content-wrap\">\n<div class=\"fl-row-content fl-row-full-width fl-node-content\">\n<div class=\"fl-col-group fl-node-65dd9a228995c\" data-node=\"65dd9a228995c\">\n<div class=\"fl-col fl-node-65dd9a228999b\" data-node=\"65dd9a228999b\" style=\"width: 100%;\">\n<div class=\"fl-col-content fl-node-content\">\n<div class=\"fl-module fl-module-rich-text fl-node-65dd9a22899da\" data-animation-delay=\"0.0\" data-node=\"65dd9a22899da\">\n<div class=\"fl-module-content fl-node-content\">\n<div class=\"fl-rich-text\">\n<p><span style=\"font-family: 'Segoe UI';\">A Semicera fornece revestimentos especializados de carboneto de t\u00e2ntalo (TAC) para v\u00e1rios componentes e transportadores.<\/span>&nbsp;Semicera leading coating process enables tantalum carbide (TaC) coatings to achieve high purity, high temperature stability and high chemical tolerance, improving product quality of SIC\/GAN crystals and EPI layers (Graphite coated TaC susceptor), and extending the life of key reactor components. The use of tantalum carbide TaC coating is to solve the edge problem and improve the quality of crystal growth, and Semicera has breakthrough solved the tantalum carbide coating technology (CVD), reaching the international advanced level.<\/p>\n<div id=\"gtx-trans\" style=\"position: absolute; left: 649px; top: -17px;\">&nbsp;<\/div>\n<\/p><\/div>\n<\/p><\/div>\n<\/p><\/div>\n<\/p><\/div>\n<\/p><\/div>\n<\/p><\/div>\n<div class=\"fl-col-group fl-node-65dd9a2289d4d\" data-node=\"65dd9a2289d4d\">\n<div class=\"fl-col fl-node-65dd9a2289d8c\" data-node=\"65dd9a2289d8c\" style=\"width: 100%;\">\n<div class=\"fl-col-content fl-node-content\">\n<div class=\"fl-module fl-module-rich-text fl-node-65dd9a2289dcb\" data-animation-delay=\"0.0\" data-node=\"65dd9a2289dcb\">\n<div class=\"fl-module-content fl-node-content\">\n<div class=\"fl-rich-text\">\n<p>After years of development, Semicera has conquered the technology of CVD TaC with the joint efforts of the R&amp;D department. Defects are easy to occur in the growth process of SiC wafers, but after using TaC, the difference is significant. Below is a comparison of wafers with and without TaC, as well as Semicera&#8217; parts for single crystal growth&nbsp;<\/p>\n<\/p><\/div>\n<\/p><\/div>\n<\/p><\/div>\n<\/p><\/div>\n<\/p><\/div>\n<\/p><\/div>\n<div class=\"fl-col-group fl-node-65dd9a228a188\" data-node=\"65dd9a228a188\">\n<div class=\"fl-col fl-node-65dd9a228a283 fl-col-small\" data-node=\"65dd9a228a283\" style=\"width: 50%;\">\n<div class=\"fl-col-content fl-node-content\">\n<div class=\"fl-module fl-module-photo fl-node-65dd9a228a206\" data-animation-delay=\"0.0\" data-node=\"65dd9a228a206\">\n<div class=\"fl-module-content fl-node-content\">\n<div class=\"fl-photo fl-photo-align-center\" itemscope=\"\" itemtype=\"http:\/\/schema.org\/ImageObject\">\n<div class=\"fl-photo-content fl-photo-img-jpg\"> <img decoding=\"async\" alt=\"b917b6b4-7572-47fe-9074-24d33288257c\" class=\"fl-photo-img wp-image-6551\" itemprop=\"image\" src=\"\/wp-content\/uploads\/2025\/09\/4237e668f8b30dd0.webp\"> <\/div>\n<\/p><\/div>\n<\/p><\/div>\n<\/p><\/div>\n<div class=\"fl-module fl-module-heading fl-node-65dd9a228a301\" data-animation-delay=\"0.0\" data-node=\"65dd9a228a301\">\n<div class=\"fl-module-content fl-node-content\">\n<h3 class=\"fl-heading\">  Parte tac para crescimento \u00fanico cristal  <\/h3>\n<\/p><\/div>\n<\/p><\/div>\n<\/p><\/div>\n<\/p><\/div>\n<div class=\"fl-col fl-node-65dd9a228a1c7 fl-col-small\" data-node=\"65dd9a228a1c7\" style=\"width: 50%;\">\n<div class=\"fl-col-content fl-node-content\">\n<div class=\"fl-module fl-module-photo fl-node-65dd9a228a244\" data-animation-delay=\"0.0\" data-node=\"65dd9a228a244\">\n<div class=\"fl-module-content fl-node-content\">\n<div class=\"fl-photo fl-photo-align-center\" itemscope=\"\" itemtype=\"http:\/\/schema.org\/ImageObject\">\n<div class=\"fl-photo-content fl-photo-img-jpg\"> <img decoding=\"async\" alt=\"Coating de carboneto de Tantalum Antiwea\" class=\"fl-photo-img wp-image-6556\" itemprop=\"image\" src=\"\/wp-content\/uploads\/2025\/09\/b649860e6c3b4d4c.webp\"> <\/div>\n<\/p><\/div>\n<\/p><\/div>\n<\/p><\/div>\n<div class=\"fl-module fl-module-heading fl-node-65dd9a228a2c2\" data-animation-delay=\"0.0\" data-node=\"65dd9a228a2c2\">\n<div class=\"fl-module-content fl-node-content\">\n<h3 class=\"fl-heading\">  Grafite com anel revestido com TAC  <\/h3>\n<\/p><\/div>\n<\/p><\/div>\n<\/p><\/div>\n<\/p><\/div>\n<\/p><\/div>\n<div class=\"fl-col-group fl-node-65dd9a2289c12\" data-node=\"65dd9a2289c12\">\n<div class=\"fl-col fl-node-65dd9a2289d0e fl-col-small\" data-node=\"65dd9a2289d0e\" style=\"width: 50%;\">\n<div class=\"fl-col-content fl-node-content\">\n<div class=\"fl-module fl-module-photo fl-node-65dd9a2289c90\" data-animation-delay=\"0.0\" data-node=\"65dd9a2289c90\">\n<div class=\"fl-module-content fl-node-content\">\n<div class=\"fl-photo fl-photo-align-center\" itemscope=\"\" itemtype=\"http:\/\/schema.org\/ImageObject\">\n<div class=\"fl-photo-content fl-photo-img-png\"> <img decoding=\"async\" alt=\"&#24494;&#20449;&#22270;&#29255;_20240227150045\" class=\"fl-photo-img wp-image-6621\" itemprop=\"image\" src=\"\/wp-content\/uploads\/2025\/09\/2cd49ccb4cfabe42.webp\"> <\/div>\n<\/p><\/div>\n<\/p><\/div>\n<\/p><\/div>\n<div class=\"fl-module fl-module-heading fl-node-65dd9a2289f85\" data-animation-delay=\"0.0\" data-node=\"65dd9a2289f85\">\n<div class=\"fl-module-content fl-node-content\">\n<h3 class=\"fl-heading\"> <span class=\"fl-heading-text\">com e sem TAC<\/span> <\/h3>\n<\/p><\/div>\n<\/p><\/div>\n<\/p><\/div>\n<\/p><\/div>\n<div class=\"fl-col fl-node-65dd9a2289c51 fl-col-small\" data-node=\"65dd9a2289c51\" style=\"width: 50%;\">\n<div class=\"fl-col-content fl-node-content\">\n<div class=\"fl-module fl-module-photo fl-node-65dd9a2289ccf\" data-animation-delay=\"0.0\" data-node=\"65dd9a2289ccf\">\n<div class=\"fl-module-content fl-node-content\">\n<div class=\"fl-photo fl-photo-align-center\" itemscope=\"\" itemtype=\"http:\/\/schema.org\/ImageObject\">\n<div class=\"fl-photo-content fl-photo-img-png\"> <img decoding=\"async\" alt=\"&#24494;&#20449;&#22270;&#29255;_20240227150053\" class=\"fl-photo-img wp-image-6620\" itemprop=\"image\" src=\"\/wp-content\/uploads\/2025\/09\/a0422af12a1b298a.webp\"> <\/div>\n<\/p><\/div>\n<\/p><\/div>\n<\/p><\/div>\n<div class=\"fl-module fl-module-heading fl-node-65dd9a2289f46\" data-animation-delay=\"0.0\" data-node=\"65dd9a2289f46\">\n<div class=\"fl-module-content fl-node-content\">\n<h3 class=\"fl-heading\"> <span class=\"fl-heading-text\">Depois de usar o TAC (\u00e0 direita)<\/span> <\/h3>\n<\/p><\/div>\n<\/p><\/div>\n<\/p><\/div>\n<\/p><\/div>\n<\/p><\/div>\n<div class=\"fl-col-group fl-node-65dd9a2289e49\" data-node=\"65dd9a2289e49\">\n<div class=\"fl-col fl-node-65dd9a2289e89\" data-node=\"65dd9a2289e89\" style=\"width: 100%;\">\n<div class=\"fl-col-content fl-node-content\">\n<div class=\"fl-module fl-module-rich-text fl-node-65dd9a2289e0b\" data-animation-delay=\"0.0\" data-node=\"65dd9a2289e0b\">\n<div class=\"fl-module-content fl-node-content\">\n<div class=\"fl-rich-text\">\n<p>Al\u00e9m disso, a vida \u00fatil dos produtos de revestimento TAC da Semicera \u00e9 mais longa e mais resistente \u00e0 alta temperatura do que a do revestimento SiC. Ap\u00f3s muito tempo de dados de medi\u00e7\u00e3o de laborat\u00f3rio, nosso TAC pode trabalhar por um longo tempo a um m\u00e1ximo de 2300 graus Celsius. A seguir est\u00e3o algumas de nossas amostras:<\/p>\n<\/p><\/div>\n<\/p><\/div>\n<\/p><\/div>\n<\/p><\/div>\n<\/p><\/div>\n<\/p><\/div>\n<div class=\"fl-col-group fl-node-65dd9a2289fcd\" data-node=\"65dd9a2289fcd\">\n<div class=\"fl-col fl-node-65dd9a228a0ca fl-col-small\" data-node=\"65dd9a228a0ca\" style=\"width: 50%;\">\n<div class=\"fl-col-content fl-node-content\">\n<div class=\"fl-module fl-module-photo fl-node-65dd9a228a04b\" data-animation-delay=\"0.0\" data-node=\"65dd9a228a04b\">\n<div class=\"fl-module-content fl-node-content\">\n<div class=\"fl-photo fl-photo-align-center\" itemscope=\"\" itemtype=\"http:\/\/schema.org\/ImageObject\">\n<div class=\"fl-photo-content fl-photo-img-png\"> <img decoding=\"async\" alt=\"3 (2)\" class=\"fl-photo-img wp-image-6555\" itemprop=\"image\" src=\"\/wp-content\/uploads\/2025\/09\/0ec1a5c315fd7be4.webp\"> <\/div>\n<\/p><\/div>\n<\/p><\/div>\n<\/p><\/div>\n<div class=\"fl-module fl-module-heading fl-node-65dd9a228a149\" data-animation-delay=\"0.0\" data-node=\"65dd9a228a149\">\n<div class=\"fl-module-content fl-node-content\">\n<h3 class=\"fl-heading\">  Susceptador revestido com TAC  <\/h3>\n<\/p><\/div>\n<\/p><\/div>\n<\/p><\/div>\n<\/p><\/div>\n<div class=\"fl-col fl-node-65dd9a228a00c fl-col-small\" data-node=\"65dd9a228a00c\" style=\"width: 50%;\">\n<div class=\"fl-col-content fl-node-content\">\n<div class=\"fl-module fl-module-photo fl-node-65dd9a228a08b\" data-animation-delay=\"0.0\" data-node=\"65dd9a228a08b\">\n<div class=\"fl-module-content fl-node-content\">\n<div class=\"fl-photo fl-photo-align-center\" itemscope=\"\" itemtype=\"http:\/\/schema.org\/ImageObject\">\n<div class=\"fl-photo-content fl-photo-img-jpg\"> <img decoding=\"async\" alt=\"Tecnologia inovadora de revestimento de carboneto de tantalum\" class=\"fl-photo-img wp-image-6552\" itemprop=\"image\" src=\"\/wp-content\/uploads\/2025\/09\/e4cefcad53c59428.webp\"> <\/div>\n<\/p><\/div>\n<\/p><\/div>\n<\/p><\/div>\n<div class=\"fl-module fl-module-heading fl-node-65dd9a228a10a\" data-animation-delay=\"0.0\" data-node=\"65dd9a228a10a\">\n<div class=\"fl-module-content fl-node-content\">\n<h3 class=\"fl-heading\">  Grafite com reator revestido com TAC  <\/h3>\n<\/p><\/div>\n<\/p><\/div>\n<\/p><\/div>\n<\/p><\/div>\n<\/p><\/div>\n<div class=\"fl-col-group fl-node-65dd9a2289b93\" data-node=\"65dd9a2289b93\">\n<div class=\"fl-col fl-node-65dd9a2289bd2\" data-node=\"65dd9a2289bd2\" style=\"width: 100%;\">\n<div class=\"fl-col-content fl-node-content\">\n<div class=\"fl-module fl-module-photo fl-node-65dd9a2289b16\" data-animation-delay=\"0.0\" data-node=\"65dd9a2289b16\">\n<div class=\"fl-module-content fl-node-content\">\n<div class=\"fl-photo fl-photo-align-center\" itemscope=\"\" itemtype=\"http:\/\/schema.org\/ImageObject\">\n<div class=\"fl-photo-content fl-photo-img-jpg\"> <img decoding=\"async\" alt=\"&#24494;&#20449;&#25130;&#22270;_20240227145010\" class=\"fl-photo-img wp-image-6617\" itemprop=\"image\" src=\"\/wp-content\/uploads\/2025\/09\/a78744c3b6b5d143.webp\"> <\/div>\n<\/p><\/div>\n<\/p><\/div>\n<\/p><\/div>\n<div class=\"fl-module fl-module-heading fl-node-65dd9a2289b55\" data-animation-delay=\"0.0\" data-node=\"65dd9a2289b55\">\n<div class=\"fl-module-content fl-node-content\">\n<h3 class=\"fl-heading\"> <span class=\"fl-heading-text\">(a) Diagrama esquem\u00e1tico do dispositivo de cultivo de lingote de cristal \u00fanico sic por m\u00e9todo PVT (b) Suporte de semente revestido com TAC (incluindo semente de sic) (c) guia de grafite revestida com tac anel<\/span> <\/h3>\n<\/p><\/div>\n<\/p><\/div>\n<\/p><\/div>\n<\/p><\/div>\n<\/p><\/div>\n<div class=\"fl-col-group fl-node-65dd9a2289ec8\" data-node=\"65dd9a2289ec8\">\n<div class=\"fl-col fl-node-65dd9a2289f07\" data-node=\"65dd9a2289f07\" style=\"width: 100%;\">\n<div class=\"fl-col-content fl-node-content\">\n<div class=\"fl-module fl-module-photo fl-node-65dd9a2289a19\" data-animation-delay=\"0.0\" data-node=\"65dd9a2289a19\">\n<div class=\"fl-module-content fl-node-content\">\n<div class=\"fl-photo fl-photo-align-center\" itemscope=\"\" itemtype=\"http:\/\/schema.org\/ImageObject\">\n<div class=\"fl-photo-content fl-photo-img-png\"> <img decoding=\"async\" alt=\"Zdfvzcfv\" class=\"fl-photo-img wp-image-1695\" itemprop=\"image\" src=\"\/wp-content\/uploads\/2025\/09\/3af45f659235a2b7.webp\"> <\/div>\n<\/p><\/div>\n<\/p><\/div>\n<\/p><\/div>\n<\/p><\/div>\n<\/p><\/div>\n<\/p><\/div>\n<div class=\"fl-col-group fl-node-65dd9a228989e\" data-node=\"65dd9a228989e\">\n<div class=\"fl-col fl-node-65dd9a22898dd\" data-node=\"65dd9a22898dd\" style=\"width: 100%;\">\n<div class=\"fl-col-content fl-node-content\">\n<div class=\"fl-module fl-module-photo fl-node-65dd9a228991c\" data-animation-delay=\"0.0\" data-node=\"65dd9a228991c\">\n<div class=\"fl-module-content fl-node-content\">\n<div class=\"fl-photo fl-photo-align-center\" itemscope=\"\" itemtype=\"http:\/\/schema.org\/ImageObject\">\n<div class=\"fl-photo-content fl-photo-img-png\"> <img decoding=\"async\" alt=\"Recurso principal\" class=\"fl-photo-img wp-image-1693\" itemprop=\"image\" src=\"\/wp-content\/uploads\/2025\/09\/5ef7704e93891c45.webp\"> <\/div>\n<\/p><\/div>\n<\/p><\/div>\n<\/p><\/div>\n<\/p><\/div>\n<\/p><\/div>\n<\/p><\/div>\n<div class=\"fl-col-group fl-node-65dd9a2289a59\" data-node=\"65dd9a2289a59\">\n<div class=\"fl-col fl-node-65dd9a2289a98\" data-node=\"65dd9a2289a98\" style=\"width: 100%;\">\n<div class=\"fl-col-content fl-node-content\">\n<div class=\"fl-module fl-module-photo fl-node-65dd9a2289ad7\" data-animation-delay=\"0.0\" data-node=\"65dd9a2289ad7\">\n<div class=\"fl-module-content fl-node-content\">\n<div class=\"fl-photo fl-photo-align-center\" itemscope=\"\" itemtype=\"http:\/\/schema.org\/ImageObject\">\n<div class=\"fl-photo-content fl-photo-img-jpg\"> <img decoding=\"async\" alt=\"Local de trabalho semicera\" class=\"fl-photo-img wp-image-7286\" itemprop=\"image\" src=\"\/wp-content\/uploads\/2025\/09\/b1dd0bcab1675ff4.webp\"> <\/div>\n<\/p><\/div>\n<\/p><\/div>\n<\/p><\/div>\n<div class=\"fl-module fl-module-photo fl-node-66175ff8df387\" data-animation-delay=\"0.0\" data-node=\"66175ff8df387\">\n<div class=\"fl-module-content fl-node-content\">\n<div class=\"fl-photo fl-photo-align-center\" itemscope=\"\" itemtype=\"http:\/\/schema.org\/ImageObject\">\n<div class=\"fl-photo-content fl-photo-img-jpg\"> <img decoding=\"async\" alt=\"Local de trabalho semicera 2\" class=\"fl-photo-img wp-image-7287\" itemprop=\"image\" src=\"\/wp-content\/uploads\/2025\/09\/2b946d2b4b61306d.webp\"> <\/div>\n<\/p><\/div>\n<\/p><\/div>\n<\/p><\/div>\n<div class=\"fl-module fl-module-photo fl-node-66175ff81d71d\" data-animation-delay=\"0.0\" data-node=\"66175ff81d71d\">\n<div class=\"fl-module-content fl-node-content\">\n<div class=\"fl-photo fl-photo-align-center\" itemscope=\"\" itemtype=\"http:\/\/schema.org\/ImageObject\">\n<div class=\"fl-photo-content fl-photo-img-jpg\"> <img decoding=\"async\" alt=\"M\u00e1quina de equipamentos\" class=\"fl-photo-img wp-image-7288\" itemprop=\"image\" src=\"\/wp-content\/uploads\/2025\/09\/081b6529d68ead23.webp\"> <\/div>\n<\/p><\/div>\n<\/p><\/div>\n<\/p><\/div>\n<div class=\"fl-module fl-module-photo fl-node-66175ff748896\" data-animation-delay=\"0.0\" data-node=\"66175ff748896\">\n<div class=\"fl-module-content fl-node-content\">\n<div class=\"fl-photo fl-photo-align-center\" itemscope=\"\" itemtype=\"http:\/\/schema.org\/ImageObject\">\n<div class=\"fl-photo-content fl-photo-img-jpg\"> <img decoding=\"async\" alt=\"Processamento da CNN, limpeza qu\u00edmica, revestimento de CVD\" class=\"fl-photo-img wp-image-7289\" itemprop=\"image\" src=\"\/wp-content\/uploads\/2025\/09\/a4132b2b399abbac.webp\"> <\/div>\n<\/p><\/div>\n<\/p><\/div>\n<\/p><\/div>\n<div class=\"fl-module fl-module-photo fl-node-66175ff6662f4\" data-animation-delay=\"0.0\" data-node=\"66175ff6662f4\">\n<div class=\"fl-module-content fl-node-content\">\n<div class=\"fl-photo fl-photo-align-center\" itemscope=\"\" itemtype=\"http:\/\/schema.org\/ImageObject\">\n<div class=\"fl-photo-content fl-photo-img-jpg\"> <img decoding=\"async\" alt=\"Nosso servi\u00e7o\" class=\"fl-photo-img wp-image-7290\" itemprop=\"image\" src=\"\/wp-content\/uploads\/2025\/09\/b07f222c0ec0ab8d.webp\"> <\/div>\n<\/p><\/div>\n<\/p><\/div>\n<\/p><\/div>\n<\/p><\/div>\n<\/p><\/div>\n<\/p><\/div>\n<\/p><\/div>\n<\/p><\/div>\n<\/p><\/div>\n<\/div>","protected":false},"excerpt":{"rendered":"<p><?xml encoding=\"utf-8\" ?><\/p>\n<p>Porous tantalum carbide is mainly used for gas phase component filtration, adjusting local temperature gradient, guiding material flow direction, controlling leakage, etc. It can be used with another solid tantalum carbide (compact) or tantalum carbide coating from&nbsp;Semicera Technology to form local components with different flow conductance.<\/p>","protected":false},"featured_media":888,"comment_status":"closed","ping_status":"open","template":"","meta":[],"product_brand":[],"product_cat":[63,21],"product_tag":[],"class_list":{"0":"post-2038","1":"product","2":"type-product","3":"status-publish","4":"has-post-thumbnail","6":"product_cat-siliconized-graphite","7":"product_cat-specialty-graphite","9":"first","10":"instock","11":"product-type-simple"},"_links":{"self":[{"href":"https:\/\/www.cn-semiconductorparts.com\/pt\/wp-json\/wp\/v2\/product\/2038","targetHints":{"allow":["GET"]}}],"collection":[{"href":"https:\/\/www.cn-semiconductorparts.com\/pt\/wp-json\/wp\/v2\/product"}],"about":[{"href":"https:\/\/www.cn-semiconductorparts.com\/pt\/wp-json\/wp\/v2\/types\/product"}],"replies":[{"embeddable":true,"href":"https:\/\/www.cn-semiconductorparts.com\/pt\/wp-json\/wp\/v2\/comments?post=2038"}],"wp:featuredmedia":[{"embeddable":true,"href":"https:\/\/www.cn-semiconductorparts.com\/pt\/wp-json\/wp\/v2\/media\/888"}],"wp:attachment":[{"href":"https:\/\/www.cn-semiconductorparts.com\/pt\/wp-json\/wp\/v2\/media?parent=2038"}],"wp:term":[{"taxonomy":"product_brand","embeddable":true,"href":"https:\/\/www.cn-semiconductorparts.com\/pt\/wp-json\/wp\/v2\/product_brand?post=2038"},{"taxonomy":"product_cat","embeddable":true,"href":"https:\/\/www.cn-semiconductorparts.com\/pt\/wp-json\/wp\/v2\/product_cat?post=2038"},{"taxonomy":"product_tag","embeddable":true,"href":"https:\/\/www.cn-semiconductorparts.com\/pt\/wp-json\/wp\/v2\/product_tag?post=2038"}],"curies":[{"name":"wp","href":"https:\/\/api.w.org\/{rel}","templated":true}]}}