{"id":2076,"date":"2025-09-11T05:32:39","date_gmt":"2025-09-11T05:32:39","guid":{"rendered":"https:\/\/weitai2.globaldeepsea.site\/product\/half-parts-for-sic-epitaxial-equipment\/"},"modified":"2026-04-29T15:29:05","modified_gmt":"2026-04-29T07:29:05","slug":"half-parts-for-sic-epitaxial-equipment","status":"publish","type":"product","link":"https:\/\/www.cn-semiconductorparts.com\/pt\/product\/half-parts-for-sic-epitaxial-equipment\/","title":{"rendered":"Meias partes para equipamento epitaxial do SIC"},"content":{"rendered":"<p><?xml encoding=\"utf-8\" ?><\/p>\n<div class=\"fl-builder-content fl-builder-content-4556 fl-builder-content-primary fl-builder-global-templates-locked\" data-post-id=\"4556\">\n<div class=\"fl-row fl-row-full-width fl-row-bg-none fl-node-65226afb94499\" data-node=\"65226afb94499\">\n<div class=\"fl-row-content-wrap\">\n<div class=\"fl-row-content fl-row-full-width fl-node-content\">\n<div class=\"fl-col-group fl-node-65e2b8fcaa611\" data-node=\"65e2b8fcaa611\">\n<div class=\"fl-col fl-node-65e2b8fcaa7b6\" data-node=\"65e2b8fcaa7b6\" style=\"width: 100%;\">\n<div class=\"fl-col-content fl-node-content\">\n<div class=\"fl-module fl-module-rich-text fl-node-65e2b8fcaa4b5\" data-animation-delay=\"0.0\" data-node=\"65e2b8fcaa4b5\">\n<div class=\"fl-module-content fl-node-content\">\n<div class=\"fl-rich-text\">\n<p>SiC Coated Graphite Halfmoon Part is a key component used in semiconductor manufacturing processes, especially for SiC epitaxial equipment. We use our patented technology to make the halfmoon part with extremely high purity, good coating uniformity and an excellent service life, as well as high chemical resistance and thermal stability properties.<\/p>\n<div id=\"gtx-trans\" style=\"position: absolute; left: 204px; top: -18px;\">&nbsp;<\/div>\n<\/p><\/div>\n<\/p><\/div>\n<\/p><\/div>\n<\/p><\/div>\n<\/p><\/div>\n<\/p><\/div>\n<div class=\"fl-col-group fl-node-65226afb945a4\" data-node=\"65226afb945a4\">\n<div class=\"fl-col fl-node-65226afb945e7\" data-node=\"65226afb945e7\" style=\"width: 100%;\">\n<div class=\"fl-col-content fl-node-content\">\n<div class=\"fl-module fl-module-gallery fl-node-65226afb9462a\" data-animation-delay=\"0.0\" data-node=\"65226afb9462a\">\n<div class=\"fl-module-content fl-node-content\">\n<div class=\"fl-mosaicflow\">\n<div class=\"fl-mosaicflow-content\">\n<div class=\"fl-mosaicflow-item\">\n<div class=\"fl-photo fl-photo-align-center\" itemscope=\"\" itemtype=\"http:\/\/schema.org\/ImageObject\">\n<div class=\"fl-photo-content fl-photo-img-jpg\"> <a href=\"\/pt\/uploads\/cc932ca2.webp\/\" itemprop=\"url\" target=\"_self\"> <img decoding=\"async\" alt=\"&#24494;&#20449;&#22270;&#29255;_20231008160837\" class=\"fl-photo-img wp-image-4563\" itemprop=\"image\" src=\"\/wp-content\/uploads\/2025\/09\/74b262fa7e413429.webp\"> <\/a> <\/div>\n<\/p><\/div>\n<\/p><\/div>\n<div class=\"fl-mosaicflow-item\">\n<div class=\"fl-photo fl-photo-align-center\" itemscope=\"\" itemtype=\"http:\/\/schema.org\/ImageObject\">\n<div class=\"fl-photo-content fl-photo-img-jpg\"> <a href=\"\/pt\/uploads\/5bd7d1501.webp\/\" itemprop=\"url\" target=\"_self\"> <img decoding=\"async\" alt=\"&#24494;&#20449;&#22270;&#29255;_20231008160843\" class=\"fl-photo-img wp-image-4564\" itemprop=\"image\" src=\"\/wp-content\/uploads\/2025\/09\/499376af5af4cc2c.webp\"> <\/a> <\/div>\n<\/p><\/div>\n<\/p><\/div>\n<div class=\"fl-mosaicflow-item\">\n<div class=\"fl-photo fl-photo-align-center\" itemscope=\"\" itemtype=\"http:\/\/schema.org\/ImageObject\">\n<div class=\"fl-photo-content fl-photo-img-jpg\"> <a href=\"\/pt\/uploads\/23dc60c81.webp\/\" itemprop=\"url\" target=\"_self\"> <img decoding=\"async\" alt=\"&#24494;&#20449;&#22270;&#29255;_20231008160844\" class=\"fl-photo-img wp-image-4565\" itemprop=\"image\" src=\"\/wp-content\/uploads\/2025\/09\/d6bca61b74fd4d75.webp\"> <\/a> <\/div>\n<\/p><\/div>\n<\/p><\/div>\n<div class=\"fl-mosaicflow-item\">\n<div class=\"fl-photo fl-photo-align-center\" itemscope=\"\" itemtype=\"http:\/\/schema.org\/ImageObject\">\n<div class=\"fl-photo-content fl-photo-img-jpg\"> <a href=\"\/pt\/uploads\/a0f9a109.webp\/\" itemprop=\"url\" target=\"_self\"> <img decoding=\"async\" alt=\"&#24494;&#20449;&#22270;&#29255;_20231008160847\" class=\"fl-photo-img wp-image-4566\" itemprop=\"image\" src=\"\/wp-content\/uploads\/2025\/09\/aeda7be0e20419d5.webp\"> <\/a> <\/div>\n<\/p><\/div>\n<\/p><\/div>\n<\/p><\/div>\n<div class=\"fl-clear\"><\/div>\n<\/p><\/div>\n<\/p><\/div>\n<\/p><\/div>\n<\/p><\/div>\n<\/p><\/div>\n<\/p><\/div>\n<div class=\"fl-col-group fl-node-65226afb94984\" data-node=\"65226afb94984\">\n<div class=\"fl-col fl-node-65226afb949c9\" data-node=\"65226afb949c9\" style=\"width: 100%;\">\n<div class=\"fl-col-content fl-node-content\">\n<div class=\"fl-module fl-module-photo fl-node-65226afb94a0d\" data-animation-delay=\"0.0\" data-node=\"65226afb94a0d\">\n<div class=\"fl-module-content fl-node-content\">\n<div class=\"fl-photo fl-photo-align-center\" itemscope=\"\" itemtype=\"http:\/\/schema.org\/ImageObject\">\n<div class=\"fl-photo-content fl-photo-img-jpg\"> <img decoding=\"async\" alt=\"Local de trabalho semicera\" class=\"fl-photo-img wp-image-7286\" itemprop=\"image\" src=\"\/wp-content\/uploads\/2025\/09\/b1dd0bcab1675ff4.webp\"> <\/div>\n<\/p><\/div>\n<\/p><\/div>\n<\/p><\/div>\n<div class=\"fl-module fl-module-photo fl-node-661752a85b380\" data-animation-delay=\"0.0\" data-node=\"661752a85b380\">\n<div class=\"fl-module-content fl-node-content\">\n<div class=\"fl-photo fl-photo-align-center\" itemscope=\"\" itemtype=\"http:\/\/schema.org\/ImageObject\">\n<div class=\"fl-photo-content fl-photo-img-jpg\"> <img decoding=\"async\" alt=\"Local de trabalho semicera 2\" class=\"fl-photo-img wp-image-7287\" itemprop=\"image\" src=\"\/wp-content\/uploads\/2025\/09\/2b946d2b4b61306d.webp\"> <\/div>\n<\/p><\/div>\n<\/p><\/div>\n<\/p><\/div>\n<div class=\"fl-module fl-module-photo fl-node-661752a75d755\" data-animation-delay=\"0.0\" data-node=\"661752a75d755\">\n<div class=\"fl-module-content fl-node-content\">\n<div class=\"fl-photo fl-photo-align-center\" itemscope=\"\" itemtype=\"http:\/\/schema.org\/ImageObject\">\n<div class=\"fl-photo-content fl-photo-img-jpg\"> <img decoding=\"async\" alt=\"M\u00e1quina de equipamentos\" class=\"fl-photo-img wp-image-7288\" itemprop=\"image\" src=\"\/wp-content\/uploads\/2025\/09\/081b6529d68ead23.webp\"> <\/div>\n<\/p><\/div>\n<\/p><\/div>\n<\/p><\/div>\n<div class=\"fl-module fl-module-photo fl-node-661752a695050\" data-animation-delay=\"0.0\" data-node=\"661752a695050\">\n<div class=\"fl-module-content fl-node-content\">\n<div class=\"fl-photo fl-photo-align-center\" itemscope=\"\" itemtype=\"http:\/\/schema.org\/ImageObject\">\n<div class=\"fl-photo-content fl-photo-img-jpg\"> <img decoding=\"async\" alt=\"Processamento da CNN, limpeza qu\u00edmica, revestimento de CVD\" class=\"fl-photo-img wp-image-7289\" itemprop=\"image\" src=\"\/wp-content\/uploads\/2025\/09\/a4132b2b399abbac.webp\"> <\/div>\n<\/p><\/div>\n<\/p><\/div>\n<\/p><\/div>\n<div class=\"fl-module fl-module-photo fl-node-661752a5c96fa\" data-animation-delay=\"0.0\" data-node=\"661752a5c96fa\">\n<div class=\"fl-module-content fl-node-content\">\n<div class=\"fl-photo fl-photo-align-center\" itemscope=\"\" itemtype=\"http:\/\/schema.org\/ImageObject\">\n<div class=\"fl-photo-content fl-photo-img-jpg\"> <img decoding=\"async\" alt=\"Nosso servi\u00e7o\" class=\"fl-photo-img wp-image-7290\" itemprop=\"image\" src=\"\/wp-content\/uploads\/2025\/09\/b07f222c0ec0ab8d.webp\"> <\/div>\n<\/p><\/div>\n<\/p><\/div>\n<\/p><\/div>\n<\/p><\/div>\n<\/p><\/div>\n<\/p><\/div>\n<\/p><\/div>\n<\/p><\/div>\n<\/p><\/div>\n<\/div>","protected":false},"excerpt":{"rendered":"<p><?xml encoding=\"utf-8\" ?><\/p>\n<p>Pe\u00e7as de grafite revestidas com sic para equipamento epitaxial do sic.Product Introdu\u00e7\u00e3o e uso: tubo de quartzo conectado, pode passar g\u00e1s para acionar a rota\u00e7\u00e3o da base da bandeja, a localiza\u00e7\u00e3o da temperatura contolcionada do produto: na c\u00e2mara de rea\u00e7\u00e3o, n\u00e3o em contato direto com os produtos de wafermain a jusante: Mercado de dispositivos de energia:<\/p>","protected":false},"featured_media":777,"comment_status":"closed","ping_status":"open","template":"","meta":[],"product_brand":[],"product_cat":[64,24],"product_tag":[],"class_list":{"0":"post-2076","1":"product","2":"type-product","3":"status-publish","4":"has-post-thumbnail","6":"product_cat-sic-heating-element","7":"product_cat-silicon-carbide-ceramic","9":"first","10":"instock","11":"product-type-simple"},"_links":{"self":[{"href":"https:\/\/www.cn-semiconductorparts.com\/pt\/wp-json\/wp\/v2\/product\/2076","targetHints":{"allow":["GET"]}}],"collection":[{"href":"https:\/\/www.cn-semiconductorparts.com\/pt\/wp-json\/wp\/v2\/product"}],"about":[{"href":"https:\/\/www.cn-semiconductorparts.com\/pt\/wp-json\/wp\/v2\/types\/product"}],"replies":[{"embeddable":true,"href":"https:\/\/www.cn-semiconductorparts.com\/pt\/wp-json\/wp\/v2\/comments?post=2076"}],"wp:featuredmedia":[{"embeddable":true,"href":"https:\/\/www.cn-semiconductorparts.com\/pt\/wp-json\/wp\/v2\/media\/777"}],"wp:attachment":[{"href":"https:\/\/www.cn-semiconductorparts.com\/pt\/wp-json\/wp\/v2\/media?parent=2076"}],"wp:term":[{"taxonomy":"product_brand","embeddable":true,"href":"https:\/\/www.cn-semiconductorparts.com\/pt\/wp-json\/wp\/v2\/product_brand?post=2076"},{"taxonomy":"product_cat","embeddable":true,"href":"https:\/\/www.cn-semiconductorparts.com\/pt\/wp-json\/wp\/v2\/product_cat?post=2076"},{"taxonomy":"product_tag","embeddable":true,"href":"https:\/\/www.cn-semiconductorparts.com\/pt\/wp-json\/wp\/v2\/product_tag?post=2076"}],"curies":[{"name":"wp","href":"https:\/\/api.w.org\/{rel}","templated":true}]}}