{"id":2081,"date":"2025-09-11T05:32:39","date_gmt":"2025-09-11T05:32:39","guid":{"rendered":"https:\/\/weitai2.globaldeepsea.site\/product\/customizable-silicon-carbide-boat-semiconductor-photovoltaic-materials\/"},"modified":"2026-04-29T15:29:06","modified_gmt":"2026-04-29T07:29:06","slug":"customizable-silicon-carbide-boat-semiconductor-photovoltaic-materials","status":"publish","type":"product","link":"https:\/\/www.cn-semiconductorparts.com\/pt\/product\/customizable-silicon-carbide-boat-semiconductor-photovoltaic-materials\/","title":{"rendered":"Customizable silicon carbide boat semiconductor photovoltaic materials"},"content":{"rendered":"<div class=\"fl-builder-content fl-builder-content-4505 fl-builder-content-primary fl-builder-global-templates-locked\" data-post-id=\"4505\">\n<div class=\"fl-row fl-row-full-width fl-row-bg-none fl-node-665d2e2726b46\" data-node=\"665d2e2726b46\">\n<div class=\"fl-row-content-wrap\">\n<div class=\"fl-row-content fl-row-full-width fl-node-content\">\n<div class=\"fl-col-group fl-node-665d2e2726c19\" data-node=\"665d2e2726c19\">\n<div class=\"fl-col fl-node-665d2e2726c5e\" data-node=\"665d2e2726c5e\" style=\"width: 100%;\">\n<div class=\"fl-col-content fl-node-content\">\n<div class=\"fl-module fl-module-rich-text fl-node-665d2e2726ca3\" data-animation-delay=\"0.0\" data-node=\"665d2e2726ca3\">\n<div class=\"fl-module-content fl-node-content\">\n<div class=\"fl-rich-text\">\n<p>O carboneto de sil\u00edcio \u00e9 um novo tipo de cer\u00e2mica com desempenho de alto custo e excelentes propriedades materiais. Devido a caracter\u00edsticas como alta resist\u00eancia e dureza, alta resist\u00eancia \u00e0 temperatura, grande condutividade t\u00e9rmica e resist\u00eancia \u00e0 corros\u00e3o qu\u00edmica, o carboneto de sil\u00edcio pode quase suportar todo o meio qu\u00edmico. Portanto, o SIC \u00e9 amplamente utilizado na minera\u00e7\u00e3o de petr\u00f3leo, qu\u00edmica, m\u00e1quinas e espa\u00e7o a\u00e9reo, at\u00e9 a energia nuclear e os militares t\u00eam suas demandas especiais ao SIC. Alguma aplica\u00e7\u00e3o normal que podemos oferecer s\u00e3o an\u00e9is de veda\u00e7\u00e3o para bomba, v\u00e1lvula e armadura de prote\u00e7\u00e3o etc.<\/p>\n<p>Somos capazes de projetar e fabricar de acordo com suas dimens\u00f5es espec\u00edficas, com boa qualidade e entrega razo\u00e1vel de tempo.\u00a0<\/p>\n<\/p><\/div>\n<\/p><\/div>\n<\/p><\/div>\n<\/p><\/div>\n<\/p><\/div>\n<\/p><\/div>\n<div class=\"fl-col-group fl-node-665d2e2726dee\" data-node=\"665d2e2726dee\">\n<div class=\"fl-col fl-node-665d2e2726e31\" data-node=\"665d2e2726e31\" style=\"width: 100%;\">\n<div class=\"fl-col-content fl-node-content\">\n<div class=\"fl-module fl-module-heading fl-node-665d2e2726e74\" data-animation-delay=\"0.0\" data-node=\"665d2e2726e74\">\n<div class=\"fl-module-content fl-node-content\">\n<h3 class=\"fl-heading\"> <span class=\"fl-heading-text\">Par\u00e2metros t\u00e9cnicos:<\/span> <\/h3>\n<\/p><\/div>\n<\/p><\/div>\n<\/p><\/div>\n<\/p><\/div>\n<\/p><\/div>\n<div class=\"fl-col-group fl-node-665d2e2726d26\" data-node=\"665d2e2726d26\">\n<div class=\"fl-col fl-node-665d2e2726d68\" data-node=\"665d2e2726d68\" style=\"width: 100%;\">\n<div class=\"fl-col-content fl-node-content\">\n<div class=\"fl-module fl-module-photo fl-node-665d2e2726dab\" data-animation-delay=\"0.0\" data-node=\"665d2e2726dab\">\n<div class=\"fl-module-content fl-node-content\">\n<div class=\"fl-photo fl-photo-align-center\" itemscope=\"\" itemtype=\"http:\/\/schema.org\/ImageObject\">\n<div class=\"fl-photo-content fl-photo-img-png\"> <img decoding=\"async\" alt=\"Figura 2\" class=\"fl-photo-img wp-image-2332\" itemprop=\"image\" src=\"\/wp-content\/uploads\/2025\/09\/d989e2953820a92d.webp\"> <\/img><\/div>\n<\/p><\/div>\n<\/p><\/div>\n<\/p><\/div>\n<\/p><\/div>\n<\/p><\/div>\n<\/p><\/div>\n<div class=\"fl-col-group fl-node-665d2e2726eba\" data-node=\"665d2e2726eba\">\n<div class=\"fl-col fl-node-665d2e2726eff\" data-node=\"665d2e2726eff\" style=\"width: 100%;\">\n<div class=\"fl-col-content fl-node-content\">\n<div class=\"fl-module fl-module-heading fl-node-665d2e2726bd3\" data-animation-delay=\"0.0\" data-node=\"665d2e2726bd3\">\n<div class=\"fl-module-content fl-node-content\">\n<h3 class=\"fl-heading\"> <span class=\"fl-heading-text\">Material Datasheet<\/span> <\/h3>\n<\/p><\/div>\n<\/p><\/div>\n<\/p><\/div>\n<\/p><\/div>\n<\/p><\/div>\n<div class=\"fl-col-group fl-node-665d2e2726f45\" data-node=\"665d2e2726f45\">\n<div class=\"fl-col fl-node-665d2e272715f\" data-node=\"665d2e272715f\" style=\"width: 100%;\">\n<div class=\"fl-col-content fl-node-content\">\n<div class=\"fl-module fl-module-rich-text fl-node-665d2e2726b8d\" data-animation-delay=\"0.0\" data-node=\"665d2e2726b8d\">\n<div class=\"fl-module-content fl-node-content\">\n<div class=\"fl-rich-text\">\n<table border=\"0\" cellspacing=\"0\">\n<tbody>\n<tr>\n<td valign=\"center\" width=\"373\">\n<p><span style=\"font-family: Calibri; color: #000000;\">\u6750\u6599Material<\/span><\/p>\n<\/td>\n<td valign=\"center\" width=\"294\">\n<p><span style=\"color: #000000;\">R-SiC<\/span><\/p>\n<\/td>\n<\/tr>\n<tr>\n<td valign=\"center\" width=\"373\">\n<p><span style=\"color: #000000;\"><span style=\"font-family: \u5b8b\u4f53;\">\u4f7f\u7528\u6e29\u5ea6<\/span><span style=\"font-family: Calibri;\">Working temperature (<\/span><span style=\"font-family: \u5b8b\u4f53;\">\u00b0<\/span><span style=\"font-family: Calibri;\">C)<\/span><\/span><\/p>\n<\/td>\n<td valign=\"center\" width=\"294\">\n<p><span style=\"color: #000000;\">1600\u00b0C (\u00a0<span style=\"font-family: \u5b8b\u4f53;\">\u6c27\u5316\u6c14\u6c1b<\/span><span style=\"font-family: Calibri;\">Oxidizing environment)<\/span><\/span><\/p>\n<p><span style=\"color: #000000;\">1700\u00b0C (\u00a0<span style=\"font-family: \u5b8b\u4f53;\">\u8fd8\u539f\u6c14\u6c1b<\/span><span style=\"font-family: Calibri;\">Reducing environment)<\/span><\/span><\/p>\n<\/td>\n<\/tr>\n<tr>\n<td valign=\"center\" width=\"373\">\n<p><span style=\"color: #000000;\">SiC<span style=\"font-family: \u5b8b\u4f53;\">\u542b\u91cf<\/span><span style=\"font-family: Calibri;\">SiC content (%)<\/span><\/span><\/p>\n<\/td>\n<td valign=\"center\" width=\"294\">\n<p><span style=\"color: #000000;\">&gt; 99<\/span><\/p>\n<\/td>\n<\/tr>\n<tr>\n<td valign=\"center\" width=\"373\">\n<p><span style=\"color: #000000;\"><span style=\"font-family: \u5b8b\u4f53;\">\u81ea\u7531<\/span><span style=\"font-family: Calibri;\">Si\u00a0<\/span><span style=\"font-family: \u5b8b\u4f53;\">\u542b\u91cf<\/span><span style=\"font-family: Calibri;\">Free Si content (%)<\/span><\/span><\/p>\n<\/td>\n<td valign=\"center\" width=\"294\">\n<p><span style=\"color: #000000;\">&lt; 0.1<\/span><\/p>\n<\/td>\n<\/tr>\n<tr>\n<td valign=\"center\" width=\"373\">\n<p><span style=\"color: #000000;\"><span style=\"font-family: \u5b8b\u4f53;\">\u4f53\u79ef\u5bc6\u5ea6<\/span><span style=\"font-family: Calibri;\">Densidade em massa (g\/cm3)<\/span><\/span><\/p>\n<\/td>\n<td valign=\"center\" width=\"294\">\n<p><span style=\"color: #000000;\">2.60-2.70<\/span><\/p>\n<\/td>\n<\/tr>\n<tr>\n<td valign=\"center\" width=\"373\">\n<p><span style=\"color: #000000;\"><span style=\"font-family: \u5b8b\u4f53;\">\u6c14\u5b54\u7387<\/span><span style=\"font-family: Calibri;\">Apparent porosity (%)<\/span><\/span><\/p>\n<\/td>\n<td valign=\"center\" width=\"294\">\n<p><span style=\"color: #000000;\">&lt; 16<\/span><\/p>\n<\/td>\n<\/tr>\n<tr>\n<td valign=\"center\" width=\"373\">\n<p><span style=\"color: #000000;\"><span style=\"font-family: \u5b8b\u4f53;\">\u6297\u538b\u5f3a\u5ea6<\/span><span style=\"font-family: Calibri;\">Crushing strength (MPa)<\/span><\/span><\/p>\n<\/td>\n<td valign=\"center\" width=\"294\">\n<p><span style=\"color: #000000;\">&gt; 600<\/span><\/p>\n<\/td>\n<\/tr>\n<tr>\n<td valign=\"center\" width=\"373\">\n<p><span style=\"color: #000000;\"><span style=\"font-family: \u5b8b\u4f53;\">\u5e38\u6e29\u6297\u5f2f\u5f3a\u5ea6<\/span><span style=\"font-family: Calibri;\">Cold bending strength (MPa)<\/span><\/span><\/p>\n<\/td>\n<td valign=\"center\" width=\"294\">\n<p><span style=\"color: #000000;\">80-90 (20\u00b0C)<\/span><\/p>\n<\/td>\n<\/tr>\n<tr>\n<td valign=\"center\" width=\"373\">\n<p><span style=\"color: #000000;\"><span style=\"font-family: \u5b8b\u4f53;\">\u9ad8\u6e29\u6297\u5f2f\u5f3a\u5ea6<\/span><span style=\"font-family: Calibri;\">Hot bending strength (MPa)<\/span><\/span><\/p>\n<\/td>\n<td valign=\"center\" width=\"294\">\n<p><span style=\"color: #000000;\">90-100 (1400\u00b0C)<\/span><\/p>\n<\/td>\n<\/tr>\n<tr>\n<td valign=\"center\" width=\"373\">\n<p><span style=\"font-family: \u5b8b\u4f53; color: #000000;\">\u70ed\u81a8\u80c0\u7cfb\u6570<\/span><\/p>\n<p><span style=\"color: #000000;\">Thermal expansion coefficient @1500\u00b0C (10-6\/\u00b0C)<\/span><\/p>\n<\/td>\n<td valign=\"center\" width=\"294\">\n<p><span style=\"color: #000000;\">4.70<\/span><\/p>\n<\/td>\n<\/tr>\n<tr>\n<td valign=\"center\" width=\"373\">\n<p><span style=\"color: #000000;\"><span style=\"font-family: \u5b8b\u4f53;\">\u5bfc\u70ed\u7cfb\u6570<\/span><span style=\"font-family: Calibri;\">Thermal conductivity @1200<\/span><span style=\"font-family: \u5b8b\u4f53;\">\u00b0<\/span><span style=\"font-family: Calibri;\">C (W\/m<\/span><span style=\"font-family: \u5b8b\u4f53;\">\u2022<\/span><span style=\"font-family: Calibri;\">K)<\/span><\/span><\/p>\n<\/td>\n<td valign=\"center\" width=\"294\">\n<p><span style=\"color: #000000;\">23<\/span><\/p>\n<\/td>\n<\/tr>\n<tr>\n<td valign=\"center\" width=\"373\">\n<p><span style=\"color: #000000;\"><span style=\"font-family: \u5b8b\u4f53;\">\u6768\u6c0f\u6a21\u91cf<\/span><span style=\"font-family: Calibri;\">Elastic modulus (GPa)<\/span><\/span><\/p>\n<\/td>\n<td valign=\"center\" width=\"294\">\n<p><span style=\"color: #000000;\">240<\/span><\/p>\n<\/td>\n<\/tr>\n<tr>\n<td valign=\"center\" width=\"373\">\n<p><span style=\"color: #000000;\"><span style=\"font-family: \u5b8b\u4f53;\">\u6297\u70ed\u9707\u6027<\/span><span style=\"font-family: Calibri;\">Resist\u00eancia ao choque t\u00e9rmico<\/span><\/span><\/p>\n<\/td>\n<td valign=\"center\" width=\"294\">\n<p><span style=\"color: #000000;\"><span style=\"font-family: \u5b8b\u4f53;\">\u5f88\u597d<\/span><span style=\"font-family: Calibri;\">Extremamente bom<\/span><\/span><\/p>\n<\/td>\n<\/tr>\n<\/tbody>\n<\/table><\/div>\n<\/p><\/div>\n<\/p><\/div>\n<\/p><\/div>\n<\/p><\/div>\n<\/p><\/div>\n<div class=\"fl-col-group fl-node-665d2e4400b83\" data-node=\"665d2e4400b83\">\n<div class=\"fl-col fl-node-665d2e4400ea5\" data-node=\"665d2e4400ea5\" style=\"width: 100%;\">\n<div class=\"fl-col-content fl-node-content\">\n<div class=\"fl-module fl-module-gallery fl-node-650be3860ae18\" data-animation-delay=\"0.0\" data-node=\"650be3860ae18\">\n<div class=\"fl-module-content fl-node-content\">\n<div class=\"fl-mosaicflow\">\n<div class=\"fl-mosaicflow-content\">\n<div class=\"fl-mosaicflow-item\">\n<div class=\"fl-photo fl-photo-align-center\" itemscope=\"\" itemtype=\"http:\/\/schema.org\/ImageObject\">\n<div class=\"fl-photo-content fl-photo-img-png\"> <a href=\"\/pt\/uploads\/Silicon-Carbide-Boat-32.webp\/\" itemprop=\"url\" target=\"_self\"> <img decoding=\"async\" alt=\"Silicon Carbide Boat (3)\" class=\"fl-photo-img wp-image-4523\" itemprop=\"image\" src=\"\/wp-content\/uploads\/2025\/09\/ed3edf790fcdb1b7.webp\"> <\/img><\/a> <\/div>\n<\/p><\/div>\n<\/p><\/div>\n<div class=\"fl-mosaicflow-item\">\n<div class=\"fl-photo fl-photo-align-center\" itemscope=\"\" itemtype=\"http:\/\/schema.org\/ImageObject\">\n<div class=\"fl-photo-content fl-photo-img-png\"> <a href=\"\/pt\/uploads\/Silicon-Carbide-Boat-4.webp\/\" itemprop=\"url\" target=\"_self\"> <img decoding=\"async\" alt=\"Silicon Carbide Boat (4)\" class=\"fl-photo-img wp-image-4524\" itemprop=\"image\" src=\"\/wp-content\/uploads\/2025\/09\/d48ebb8be5a8a3bb.webp\"> <\/img><\/a> <\/div>\n<\/p><\/div>\n<\/p><\/div>\n<\/p><\/div>\n<div class=\"fl-clear\"><\/div>\n<\/p><\/div>\n<\/p><\/div>\n<\/p><\/div>\n<\/p><\/div>\n<\/p><\/div>\n<\/p><\/div>\n<div class=\"fl-col-group fl-node-665d2e27271f1\" data-node=\"665d2e27271f1\">\n<div class=\"fl-col fl-node-665d2e272723f\" data-node=\"665d2e272723f\" style=\"width: 100%;\">\n<div class=\"fl-col-content fl-node-content\">\n<div class=\"fl-module fl-module-photo fl-node-665d2e2727294\" data-animation-delay=\"0.0\" data-node=\"665d2e2727294\">\n<div class=\"fl-module-content fl-node-content\">\n<div class=\"fl-photo fl-photo-align-center\" itemscope=\"\" itemtype=\"http:\/\/schema.org\/ImageObject\">\n<div class=\"fl-photo-content fl-photo-img-jpg\"> <img decoding=\"async\" alt=\"Local de trabalho semicera\" class=\"fl-photo-img wp-image-7142\" itemprop=\"image\" src=\"\/wp-content\/uploads\/2025\/09\/b1dd0bcab1675ff4.webp\"> <\/img><\/div>\n<\/p><\/div>\n<\/p><\/div>\n<\/p><\/div>\n<div class=\"fl-module fl-module-photo fl-node-665d2e27273a4\" data-animation-delay=\"0.0\" data-node=\"665d2e27273a4\">\n<div class=\"fl-module-content fl-node-content\">\n<div class=\"fl-photo fl-photo-align-center\" itemscope=\"\" itemtype=\"http:\/\/schema.org\/ImageObject\">\n<div class=\"fl-photo-content fl-photo-img-jpg\"> <img decoding=\"async\" alt=\"Local de trabalho semicera 2\" class=\"fl-photo-img wp-image-7141\" itemprop=\"image\" src=\"\/wp-content\/uploads\/2025\/09\/2b946d2b4b61306d.webp\"> <\/img><\/div>\n<\/p><\/div>\n<\/p><\/div>\n<\/p><\/div>\n<div class=\"fl-module fl-module-photo fl-node-665d2e2727361\" data-animation-delay=\"0.0\" data-node=\"665d2e2727361\">\n<div class=\"fl-module-content fl-node-content\">\n<div class=\"fl-photo fl-photo-align-center\" itemscope=\"\" itemtype=\"http:\/\/schema.org\/ImageObject\">\n<div class=\"fl-photo-content fl-photo-img-jpg\"> <img decoding=\"async\" alt=\"M\u00e1quina de equipamentos\" class=\"fl-photo-img wp-image-7138\" itemprop=\"image\" src=\"\/wp-content\/uploads\/2025\/09\/081b6529d68ead23.webp\"> <\/img><\/div>\n<\/p><\/div>\n<\/p><\/div>\n<\/p><\/div>\n<div class=\"fl-module fl-module-photo fl-node-665d2e272731d\" data-animation-delay=\"0.0\" data-node=\"665d2e272731d\">\n<div class=\"fl-module-content fl-node-content\">\n<div class=\"fl-photo fl-photo-align-center\" itemscope=\"\" itemtype=\"http:\/\/schema.org\/ImageObject\">\n<div class=\"fl-photo-content fl-photo-img-jpg\"> <img decoding=\"async\" alt=\"Processamento da CNN, limpeza qu\u00edmica, revestimento de CVD\" class=\"fl-photo-img wp-image-7137 size-full\" itemprop=\"image\" src=\"\/wp-content\/uploads\/2025\/09\/a4132b2b399abbac.webp\"> <\/img><\/div>\n<\/p><\/div>\n<\/p><\/div>\n<\/p><\/div>\n<div class=\"fl-module fl-module-photo fl-node-665d2e27272d9\" data-animation-delay=\"0.0\" data-node=\"665d2e27272d9\">\n<div class=\"fl-module-content fl-node-content\">\n<div class=\"fl-photo fl-photo-align-center\" itemscope=\"\" itemtype=\"http:\/\/schema.org\/ImageObject\">\n<div class=\"fl-photo-content fl-photo-img-jpg\"> <img decoding=\"async\" alt=\"Nosso servi\u00e7o\" class=\"fl-photo-img wp-image-7139\" itemprop=\"image\" src=\"\/wp-content\/uploads\/2025\/09\/b07f222c0ec0ab8d.webp\"> <\/img><\/div>\n<\/p><\/div>\n<\/p><\/div>\n<\/p><\/div>\n<\/p><\/div>\n<\/p><\/div>\n<\/p><\/div>\n<\/p><\/div>\n<\/p><\/div>\n<\/p><\/div>\n<\/div>","protected":false},"excerpt":{"rendered":"<p>Semicera EnergyTechnology Co., Ltd.is a leading supplier specializing in wafer and advanced semiconductor consumables.We are dedicated to providing high-quality, reliable, and innovative products to semiconductor manufacturing,photovoltaic industryand other related fields.Our product line includes SiC\/TaC coated graphite products and ceramic products, encompassing various materials such as silicon carbide, silicon nitride, and aluminum oxide and etc.As a trusted supplier, we understand the importance of consumables in the manufacturing process, and we are committed to delivering products that meet the highest quality standards to fulfill our customers\u2019 needs.<\/p>","protected":false},"featured_media":1024,"comment_status":"closed","ping_status":"open","template":"","meta":[],"product_brand":[],"product_cat":[64,24],"product_tag":[],"class_list":{"0":"post-2081","1":"product","2":"type-product","3":"status-publish","4":"has-post-thumbnail","6":"product_cat-sic-heating-element","7":"product_cat-silicon-carbide-ceramic","9":"first","10":"instock","11":"product-type-simple"},"_links":{"self":[{"href":"https:\/\/www.cn-semiconductorparts.com\/pt\/wp-json\/wp\/v2\/product\/2081","targetHints":{"allow":["GET"]}}],"collection":[{"href":"https:\/\/www.cn-semiconductorparts.com\/pt\/wp-json\/wp\/v2\/product"}],"about":[{"href":"https:\/\/www.cn-semiconductorparts.com\/pt\/wp-json\/wp\/v2\/types\/product"}],"replies":[{"embeddable":true,"href":"https:\/\/www.cn-semiconductorparts.com\/pt\/wp-json\/wp\/v2\/comments?post=2081"}],"wp:featuredmedia":[{"embeddable":true,"href":"https:\/\/www.cn-semiconductorparts.com\/pt\/wp-json\/wp\/v2\/media\/1024"}],"wp:attachment":[{"href":"https:\/\/www.cn-semiconductorparts.com\/pt\/wp-json\/wp\/v2\/media?parent=2081"}],"wp:term":[{"taxonomy":"product_brand","embeddable":true,"href":"https:\/\/www.cn-semiconductorparts.com\/pt\/wp-json\/wp\/v2\/product_brand?post=2081"},{"taxonomy":"product_cat","embeddable":true,"href":"https:\/\/www.cn-semiconductorparts.com\/pt\/wp-json\/wp\/v2\/product_cat?post=2081"},{"taxonomy":"product_tag","embeddable":true,"href":"https:\/\/www.cn-semiconductorparts.com\/pt\/wp-json\/wp\/v2\/product_tag?post=2081"}],"curies":[{"name":"wp","href":"https:\/\/api.w.org\/{rel}","templated":true}]}}