{"id":2103,"date":"2025-09-11T05:32:46","date_gmt":"2025-09-11T05:32:46","guid":{"rendered":"https:\/\/weitai2.globaldeepsea.site\/product\/2019-latest-design-high-temperature-silicon-carbide-ceramic-sic-ceramic-plate-for-oven\/"},"modified":"2026-04-29T15:28:59","modified_gmt":"2026-04-29T07:28:59","slug":"2019-latest-design-high-temperature-silicon-carbide-ceramic-sic-ceramic-plate-for-oven","status":"publish","type":"product","link":"https:\/\/www.cn-semiconductorparts.com\/pt\/product\/2019-latest-design-high-temperature-silicon-carbide-ceramic-sic-ceramic-plate-for-oven\/","title":{"rendered":"2019 Latest Design High Temperature\/Silicon Carbide Ceramic\/Sic Ceramic Plate for Oven"},"content":{"rendered":"","protected":false},"excerpt":{"rendered":"<p>WeiTai Energy Technology Co., Ltd. is a leading supplier specializing in wafer and advanced semiconductor consumables.We are dedicated to providing high-quality, reliable, and innovative products to semiconductor manufacturing,photovoltaic industryand other related fields.Our product line includes SiC\/TaC coated graphite products and ceramic products, encompassing various materials such as silicon carbide, silicon nitride, and \u00d3xido de alum\u00ednio e etc. Como fornecedor confi\u00e1vel, entendemos a import\u00e2ncia dos consum\u00edveis no processo de fabrica\u00e7\u00e3o e estamos comprometidos em fornecer produtos que atendam aos padr\u00f5es da mais alta qualidade para atender \u00e0s necessidades de nossos clientes.<\/p>","protected":false},"featured_media":973,"comment_status":"closed","ping_status":"open","template":"","meta":[],"product_brand":[],"product_cat":[15],"product_tag":[],"class_list":{"0":"post-2103","1":"product","2":"type-product","3":"status-publish","4":"has-post-thumbnail","6":"product_cat-uncategorized","8":"first","9":"instock","10":"product-type-simple"},"_links":{"self":[{"href":"https:\/\/www.cn-semiconductorparts.com\/pt\/wp-json\/wp\/v2\/product\/2103","targetHints":{"allow":["GET"]}}],"collection":[{"href":"https:\/\/www.cn-semiconductorparts.com\/pt\/wp-json\/wp\/v2\/product"}],"about":[{"href":"https:\/\/www.cn-semiconductorparts.com\/pt\/wp-json\/wp\/v2\/types\/product"}],"replies":[{"embeddable":true,"href":"https:\/\/www.cn-semiconductorparts.com\/pt\/wp-json\/wp\/v2\/comments?post=2103"}],"wp:featuredmedia":[{"embeddable":true,"href":"https:\/\/www.cn-semiconductorparts.com\/pt\/wp-json\/wp\/v2\/media\/973"}],"wp:attachment":[{"href":"https:\/\/www.cn-semiconductorparts.com\/pt\/wp-json\/wp\/v2\/media?parent=2103"}],"wp:term":[{"taxonomy":"product_brand","embeddable":true,"href":"https:\/\/www.cn-semiconductorparts.com\/pt\/wp-json\/wp\/v2\/product_brand?post=2103"},{"taxonomy":"product_cat","embeddable":true,"href":"https:\/\/www.cn-semiconductorparts.com\/pt\/wp-json\/wp\/v2\/product_cat?post=2103"},{"taxonomy":"product_tag","embeddable":true,"href":"https:\/\/www.cn-semiconductorparts.com\/pt\/wp-json\/wp\/v2\/product_tag?post=2103"}],"curies":[{"name":"wp","href":"https:\/\/api.w.org\/{rel}","templated":true}]}}