{"id":2123,"date":"2025-09-11T05:32:53","date_gmt":"2025-09-11T05:32:53","guid":{"rendered":"https:\/\/weitai2.globaldeepsea.site\/product\/high-quality-graphite-hard-felt-by-semicera-for-precision-cleaning-in-semiconductor-industry\/"},"modified":"2026-04-29T15:28:51","modified_gmt":"2026-04-29T07:28:51","slug":"high-quality-graphite-hard-felt-by-semicera-for-precision-cleaning-in-semiconductor-industry","status":"publish","type":"product","link":"https:\/\/www.cn-semiconductorparts.com\/pt\/product\/high-quality-graphite-hard-felt-by-semicera-for-precision-cleaning-in-semiconductor-industry\/","title":{"rendered":"Grafite de alta qualidade Feeld By Semicera para limpeza de precis\u00e3o na ind\u00fastria de semicondutores"},"content":{"rendered":"<p><?xml encoding=\"utf-8\" ?><\/p>\n<div class=\"fl-builder-content fl-builder-content-4251 fl-builder-content-primary fl-builder-global-templates-locked\" data-post-id=\"4251\">\n<div class=\"fl-row fl-row-full-width fl-row-bg-none fl-node-64fed2148a83d\" data-node=\"64fed2148a83d\">\n<div class=\"fl-row-content-wrap\">\n<div class=\"fl-row-content fl-row-full-width fl-node-content\">\n<div class=\"fl-col-group fl-node-64fed2148a87d\" data-node=\"64fed2148a87d\">\n<div class=\"fl-col fl-node-64fed2148a8bb\" data-node=\"64fed2148a8bb\" style=\"width: 100%;\">\n<div class=\"fl-col-content fl-node-content\">\n<div class=\"fl-module fl-module-heading fl-node-64fed2148a935\" data-animation-delay=\"0.0\" data-node=\"64fed2148a935\">\n<div class=\"fl-module-content fl-node-content\">\n<h3 class=\"fl-heading\"> <span class=\"fl-heading-text\">Detalhes do produto<\/span> <\/h3>\n<\/p><\/div>\n<\/p><\/div>\n<div class=\"fl-module fl-module-rich-text fl-node-64fed2148a8f8\" data-animation-delay=\"0.0\" data-node=\"64fed2148a8f8\">\n<div class=\"fl-module-content fl-node-content\">\n<div class=\"fl-rich-text\">\n<table border=\"0\" cellspacing=\"0\">\n<tbody>\n<tr>\n<td valign=\"center\" width=\"337\">\n<p>Nome do produto<\/p>\n<\/td>\n<td valign=\"center\" width=\"330\">\n<p>Feel de grafite<\/p>\n<\/td>\n<\/tr>\n<tr>\n<td valign=\"center\" width=\"337\">\n<p>Composi\u00e7\u00e3o qu\u00edmica<\/p>\n<\/td>\n<td valign=\"center\" width=\"330\">\n<p>Fibra de carbono<\/p>\n<\/td>\n<\/tr>\n<tr>\n<td valign=\"center\" width=\"337\">\n<p>Densidade a granel<\/p>\n<\/td>\n<td valign=\"center\" width=\"330\">\n<p>0.12-0.14g\/cm3<\/p>\n<\/td>\n<\/tr>\n<tr>\n<td valign=\"center\" width=\"337\">\n<p>Teor de carbono<\/p>\n<\/td>\n<td valign=\"center\" width=\"330\">\n<p>&gt; = 99%<\/p>\n<\/td>\n<\/tr>\n<tr>\n<td valign=\"center\" width=\"337\">\n<p>Resist\u00eancia \u00e0 trac\u00e7\u00e3o<\/p>\n<\/td>\n<td valign=\"center\" width=\"330\">\n<p>0.14Mpa<\/p>\n<\/td>\n<\/tr>\n<tr>\n<td valign=\"center\" width=\"337\">\n<p>Thermal conductivity(1150&#8451;)<\/p>\n<\/td>\n<td valign=\"center\" width=\"330\">\n<p>0,08 ~ 0,14w\/mk<\/p>\n<\/td>\n<\/tr>\n<tr>\n<td valign=\"center\" width=\"337\">\n<p>Cinzas<\/p>\n<\/td>\n<td valign=\"center\" width=\"330\">\n<p>&lt;= 0,005%<\/p>\n<\/td>\n<\/tr>\n<tr>\n<td valign=\"center\" width=\"337\">\n<p>Estresse esmagador<\/p>\n<\/td>\n<td valign=\"center\" width=\"330\">\n<p>8-10N\/cm<\/p>\n<\/td>\n<\/tr>\n<tr>\n<td valign=\"center\" width=\"337\">\n<p>Grossura<\/p>\n<\/td>\n<td valign=\"center\" width=\"330\">\n<p>1-10mm<\/p>\n<\/td>\n<\/tr>\n<tr>\n<td valign=\"center\" width=\"337\">\n<p>Temperatura de processamento<\/p>\n<\/td>\n<td valign=\"center\" width=\"330\">\n<p>2500(&#8451;)<\/p>\n<\/td>\n<\/tr>\n<\/tbody>\n<\/table><\/div>\n<\/p><\/div>\n<\/p><\/div>\n<\/p><\/div>\n<\/p><\/div>\n<\/p><\/div>\n<div class=\"fl-col-group fl-node-64fed2148a9eb\" data-node=\"64fed2148a9eb\">\n<div class=\"fl-col fl-node-64fed2148aa28 fl-col-small\" data-node=\"64fed2148aa28\" style=\"width: 50%;\">\n<div class=\"fl-col-content fl-node-content\">\n<div class=\"fl-module fl-module-rich-text fl-node-64fed2148a972\" data-animation-delay=\"0.0\" data-node=\"64fed2148a972\">\n<div class=\"fl-module-content fl-node-content\">\n<div class=\"fl-rich-text\">\n<p>Densidade do volume (g\/cm3): 0,22-0,28<br \/>Resist\u00eancia \u00e0 tra\u00e7\u00e3o (MPA): 2.5 (deforma\u00e7\u00e3o 5%)<br \/>Condutividade t\u00e9rmica (W\/MK): 0,15-0,25 (25) 0,40-0,45 (1400)<br \/>Resist\u00eancia espec\u00edfica (Ohm.cm): 0.18-0.22<br \/>Carbon Content (%): &ge;99<br \/>Ash Content (%): &le;0.6<br \/>Moisture Absorption (%): &le;1.6<br \/>Escala de purifica\u00e7\u00e3o: pureza Hight<br \/>Temperatura de processamento: 1450-2000<\/p>\n<\/p><\/div>\n<\/p><\/div>\n<\/p><\/div>\n<\/p><\/div>\n<\/p><\/div>\n<div class=\"fl-col fl-node-64fed2148aa4b fl-col-small\" data-node=\"64fed2148aa4b\" style=\"width: 50%;\">\n<div class=\"fl-col-content fl-node-content\">\n<div class=\"fl-module fl-module-rich-text fl-node-64fed2148a9ae\" data-animation-delay=\"0.0\" data-node=\"64fed2148a9ae\">\n<div class=\"fl-module-content fl-node-content\">\n<div class=\"fl-rich-text\">\n<p>Campos de aplica\u00e7\u00f5es:<br \/><span style=\"font-family: Calibri;\">&bull;Vacuum furnaces<\/span><br \/><span style=\"font-family: Calibri;\">&bull;Inert gas furnaces<\/span><br \/><span style=\"font-family: Calibri;\">&bull;Heat treatment&nbsp;<\/span>(endurecimento, carboniza\u00e7\u00e3o, brasagem, etc.)<br \/><span style=\"font-family: Calibri;\">&bull;Carbon fiber production<\/span><br \/><span style=\"font-family: Calibri;\">&bull;Hard metal production<\/span><br \/><span style=\"font-family: Calibri;\">&bull;Sintering applications<\/span><br \/><span style=\"font-family: Calibri;\">&bull;Technical ceramic production<\/span><br \/><span style=\"font-family: Calibri;\">&bull;CVD\/PVD coasting<\/span><\/p>\n<\/p><\/div>\n<\/p><\/div>\n<\/p><\/div>\n<\/p><\/div>\n<\/p><\/div>\n<\/p><\/div>\n<div class=\"fl-col-group fl-node-64fed2148aac4\" data-node=\"64fed2148aac4\">\n<div class=\"fl-col fl-node-64fed2148ab02\" data-node=\"64fed2148ab02\" style=\"width: 100%;\">\n<div class=\"fl-col-content fl-node-content\">\n<div class=\"fl-module fl-module-rich-text fl-node-64fed2148aa88\" data-animation-delay=\"0.0\" data-node=\"64fed2148aa88\">\n<div class=\"fl-module-content fl-node-content\">\n<div class=\"fl-rich-text\">\n<p>Tamanho dispon\u00edvel:<br \/>Placa: 1500*1800 (m\u00e1ximo) espessura 20-200mm<br \/>Tambor redondo: 1500*2000 (m\u00e1x) espessura 20-150mm<br \/>Tambor quadrado: 1500*1500*2000 (m\u00e1ximo) espessura 60-120mm<br \/>Faixa de temperatura aplicativa: 1250-2600<\/p>\n<\/p><\/div>\n<\/p><\/div>\n<\/p><\/div>\n<\/p><\/div>\n<\/p><\/div>\n<\/p><\/div>\n<div class=\"fl-col-group fl-node-64fed2148abf6\" data-node=\"64fed2148abf6\">\n<div class=\"fl-col fl-node-64fed2148ac33 fl-col-small\" data-node=\"64fed2148ac33\" style=\"width: 50%;\">\n<div class=\"fl-col-content fl-node-content\">\n<div class=\"fl-module fl-module-photo fl-node-64fed2148ac70\" data-animation-delay=\"0.0\" data-node=\"64fed2148ac70\">\n<div class=\"fl-module-content fl-node-content\">\n<div class=\"fl-photo fl-photo-align-center\" itemscope=\"\" itemtype=\"http:\/\/schema.org\/ImageObject\">\n<div class=\"fl-photo-content fl-photo-img-jpg\"> <img decoding=\"async\" alt=\"Feltro r\u00edgido (2)\" class=\"fl-photo-img wp-image-2398\" itemprop=\"image\" src=\"\/wp-content\/uploads\/2025\/09\/c89380726c765648.webp\"> <\/div>\n<\/p><\/div>\n<\/p><\/div>\n<\/p><\/div>\n<\/p><\/div>\n<\/p><\/div>\n<div class=\"fl-col fl-node-64fed2148ace9 fl-col-small\" data-node=\"64fed2148ace9\" style=\"width: 50%;\">\n<div class=\"fl-col-content fl-node-content\">\n<div class=\"fl-module fl-module-photo fl-node-64fed2148acad\" data-animation-delay=\"0.0\" data-node=\"64fed2148acad\">\n<div class=\"fl-module-content fl-node-content\">\n<div class=\"fl-photo fl-photo-align-center\" itemscope=\"\" itemtype=\"http:\/\/schema.org\/ImageObject\">\n<div class=\"fl-photo-content fl-photo-img-jpg\"> <img decoding=\"async\" alt=\"Feltro r\u00edgido (1)\" class=\"fl-photo-img wp-image-2394\" itemprop=\"image\" src=\"\/wp-content\/uploads\/2025\/09\/333a75ef420a7ab9.webp\"> <\/div>\n<\/p><\/div>\n<\/p><\/div>\n<\/p><\/div>\n<\/p><\/div>\n<\/p><\/div>\n<\/p><\/div>\n<div class=\"fl-col-group fl-node-64fed2148ab3f\" data-node=\"64fed2148ab3f\">\n<div class=\"fl-col fl-node-64fed2148ab7c\" data-node=\"64fed2148ab7c\" style=\"width: 100%;\">\n<div class=\"fl-col-content fl-node-content\">\n<div class=\"fl-module fl-module-photo fl-node-64fed2148abb9\" data-animation-delay=\"0.0\" data-node=\"64fed2148abb9\">\n<div class=\"fl-module-content fl-node-content\">\n<div class=\"fl-photo fl-photo-align-center\" itemscope=\"\" itemtype=\"http:\/\/schema.org\/ImageObject\">\n<div class=\"fl-photo-content fl-photo-img-png\"> <img decoding=\"async\" alt=\"sdfs\" class=\"fl-photo-img wp-image-2397\" itemprop=\"image\" src=\"\/wp-content\/uploads\/2025\/09\/26eb965d6cf57638.webp\"> <\/div>\n<\/p><\/div>\n<\/p><\/div>\n<\/p><\/div>\n<\/p><\/div>\n<\/p><\/div>\n<\/p><\/div>\n<div class=\"fl-col-group fl-node-661775edcb8b2\" data-node=\"661775edcb8b2\">\n<div class=\"fl-col fl-node-661775edcba8e\" data-node=\"661775edcba8e\" style=\"width: 100%;\">\n<div class=\"fl-col-content fl-node-content\">\n<div class=\"fl-module fl-module-rich-text fl-node-661775edcb743\" data-animation-delay=\"0.0\" data-node=\"661775edcb743\">\n<div class=\"fl-module-content fl-node-content\">\n<div class=\"fl-rich-text\">\n<\/p>\n<p><img decoding=\"async\" alt=\"M\u00e1quina de equipamentos\" class=\"size-full wp-image-7288 aligncenter\" src=\"\/wp-content\/uploads\/2025\/09\/081b6529d68ead23.webp\"><\/p>\n<\/p><\/div>\n<\/p><\/div>\n<\/p><\/div>\n<\/p><\/div>\n<\/p><\/div>\n<\/p><\/div>\n<\/p><\/div>\n<\/p><\/div>\n<\/p><\/div>\n<\/div>","protected":false},"excerpt":{"rendered":"<p><?xml encoding=\"utf-8\" ?><\/p>\n<p>Explore Semicera&rsquo;s high-quality graphite hard felt designed for precision cleaning in the semiconductor industry. Its advanced composition and meticulous craftsmanship enable effective removal of particles and contaminants, ensuring the highest level of cleanliness for critical processes.<\/p>","protected":false},"featured_media":533,"comment_status":"closed","ping_status":"open","template":"","meta":[],"product_brand":[],"product_cat":[29,30],"product_tag":[],"class_list":{"0":"post-2123","1":"product","2":"type-product","3":"status-publish","4":"has-post-thumbnail","6":"product_cat-carbon-fiber","7":"product_cat-hard-felt","9":"first","10":"instock","11":"product-type-simple"},"_links":{"self":[{"href":"https:\/\/www.cn-semiconductorparts.com\/pt\/wp-json\/wp\/v2\/product\/2123","targetHints":{"allow":["GET"]}}],"collection":[{"href":"https:\/\/www.cn-semiconductorparts.com\/pt\/wp-json\/wp\/v2\/product"}],"about":[{"href":"https:\/\/www.cn-semiconductorparts.com\/pt\/wp-json\/wp\/v2\/types\/product"}],"replies":[{"embeddable":true,"href":"https:\/\/www.cn-semiconductorparts.com\/pt\/wp-json\/wp\/v2\/comments?post=2123"}],"wp:featuredmedia":[{"embeddable":true,"href":"https:\/\/www.cn-semiconductorparts.com\/pt\/wp-json\/wp\/v2\/media\/533"}],"wp:attachment":[{"href":"https:\/\/www.cn-semiconductorparts.com\/pt\/wp-json\/wp\/v2\/media?parent=2123"}],"wp:term":[{"taxonomy":"product_brand","embeddable":true,"href":"https:\/\/www.cn-semiconductorparts.com\/pt\/wp-json\/wp\/v2\/product_brand?post=2123"},{"taxonomy":"product_cat","embeddable":true,"href":"https:\/\/www.cn-semiconductorparts.com\/pt\/wp-json\/wp\/v2\/product_cat?post=2123"},{"taxonomy":"product_tag","embeddable":true,"href":"https:\/\/www.cn-semiconductorparts.com\/pt\/wp-json\/wp\/v2\/product_tag?post=2123"}],"curies":[{"name":"wp","href":"https:\/\/api.w.org\/{rel}","templated":true}]}}