{"id":2126,"date":"2025-09-11T05:32:53","date_gmt":"2025-09-11T05:32:53","guid":{"rendered":"https:\/\/weitai2.globaldeepsea.site\/product\/carbon-and-graphite-soft-felt-2\/"},"modified":"2026-04-29T15:28:52","modified_gmt":"2026-04-29T07:28:52","slug":"carbon-and-graphite-soft-felt-2","status":"publish","type":"product","link":"https:\/\/www.cn-semiconductorparts.com\/pt\/product\/carbon-and-graphite-soft-felt-2\/","title":{"rendered":"Feltro macio de carbono e grafite"},"content":{"rendered":"<p><?xml encoding=\"utf-8\" ?><\/p>\n<div class=\"fl-builder-content fl-builder-content-4237 fl-builder-content-primary fl-builder-global-templates-locked\" data-post-id=\"4237\">\n<div class=\"fl-row fl-row-full-width fl-row-bg-none fl-node-657001fc7d5e6\" data-node=\"657001fc7d5e6\">\n<div class=\"fl-row-content-wrap\">\n<div class=\"fl-row-content fl-row-full-width fl-node-content\">\n<div class=\"fl-col-group fl-node-657001fc7d62a\" data-node=\"657001fc7d62a\">\n<div class=\"fl-col fl-node-657001fc7d66a\" data-node=\"657001fc7d66a\" style=\"width: 100%;\">\n<div class=\"fl-col-content fl-node-content\">\n<div class=\"fl-module fl-module-heading fl-node-657001fc7d6ea\" data-animation-delay=\"0.0\" data-node=\"657001fc7d6ea\">\n<div class=\"fl-module-content fl-node-content\">\n<h3 class=\"fl-heading\"> <span class=\"fl-heading-text\">Detalhes do produto<\/span> <\/h3>\n<\/p><\/div>\n<\/p><\/div>\n<div class=\"fl-module fl-module-rich-text fl-node-657001fc7d6aa\" data-animation-delay=\"0.0\" data-node=\"657001fc7d6aa\">\n<div class=\"fl-module-content fl-node-content\">\n<div class=\"fl-rich-text\">\n<table border=\"0\" cellspacing=\"0\">\n<tbody>\n<tr>\n<td valign=\"center\">\n<p>Nome do produto<\/p>\n<\/td>\n<td valign=\"center\">\n<p>Feel de grafite<\/p>\n<\/td>\n<\/tr>\n<tr>\n<td valign=\"center\">\n<p>Composi\u00e7\u00e3o qu\u00edmica<\/p>\n<\/td>\n<td valign=\"center\">\n<p>Fibra de carbono<\/p>\n<\/td>\n<\/tr>\n<tr>\n<td valign=\"center\">\n<p>Densidade a granel<\/p>\n<\/td>\n<td valign=\"center\">\n<p>0.12-0.14g\/cm3<\/p>\n<\/td>\n<\/tr>\n<tr>\n<td valign=\"center\">\n<p>Teor de carbono<\/p>\n<\/td>\n<td valign=\"center\">\n<p>&gt; = 99%<\/p>\n<\/td>\n<\/tr>\n<tr>\n<td valign=\"center\">\n<p>Resist\u00eancia \u00e0 trac\u00e7\u00e3o<\/p>\n<\/td>\n<td valign=\"center\">\n<p>0.14Mpa<\/p>\n<\/td>\n<\/tr>\n<tr>\n<td valign=\"center\">\n<p>Thermal conductivity(1150&#8451;)<\/p>\n<\/td>\n<td valign=\"center\">\n<p>0,08 ~ 0,14w\/mk<\/p>\n<\/td>\n<\/tr>\n<tr>\n<td valign=\"center\">\n<p>Cinzas<\/p>\n<\/td>\n<td valign=\"center\">\n<p>&lt;= 0,005%<\/p>\n<\/td>\n<\/tr>\n<tr>\n<td valign=\"center\">\n<p>Estresse esmagador<\/p>\n<\/td>\n<td valign=\"center\">\n<p>8-10N\/cm<\/p>\n<\/td>\n<\/tr>\n<tr>\n<td valign=\"center\">\n<p>Grossura<\/p>\n<\/td>\n<td valign=\"center\">\n<p>1-10mm<\/p>\n<\/td>\n<\/tr>\n<tr>\n<td valign=\"center\">\n<p>Temperatura de processamento<\/p>\n<\/td>\n<td valign=\"center\">\n<p>2500(&#8451;)<\/p>\n<\/td>\n<\/tr>\n<\/tbody>\n<\/table><\/div>\n<\/p><\/div>\n<\/p><\/div>\n<\/p><\/div>\n<\/p><\/div>\n<\/p><\/div>\n<div class=\"fl-col-group fl-node-657001fc7d86a\" data-node=\"657001fc7d86a\">\n<div class=\"fl-col fl-node-657001fc7d8ab\" data-node=\"657001fc7d8ab\" style=\"width: 100%;\">\n<div class=\"fl-col-content fl-node-content\">\n<div class=\"fl-module fl-module-rich-text fl-node-657001fc7d8ec\" data-animation-delay=\"0.0\" data-node=\"657001fc7d8ec\">\n<div class=\"fl-module-content fl-node-content\">\n<div class=\"fl-rich-text\">\n<p>Atualmente dispon\u00edvel em quatro especifica\u00e7\u00f5es, cada uma dispon\u00edvel em rolos, pe\u00e7as e tubos de feltro pr\u00e9-laminados:<br \/>SCSF: High purity graphite felt, better thermal conductivity, heat treatment temperature of more than 1900&#8451;<br \/>SCSF-P: Ultra-High Purity SCSF-B Feel de grafite<br \/>SCSF-v: High purity graphite felt, heat treatment temperature of more than 2650&#8451;, low thermal conductivity<br \/>SCSF-VP: Ultra-alta pureza SCSF-D Feel de grafite<\/p>\n<\/p><\/div>\n<\/p><\/div>\n<\/p><\/div>\n<\/p><\/div>\n<\/p><\/div>\n<\/p><\/div>\n<div class=\"fl-col-group fl-node-657001fc7d92c\" data-node=\"657001fc7d92c\">\n<div class=\"fl-col fl-node-657001fc7d96c\" data-node=\"657001fc7d96c\" style=\"width: 100%;\">\n<div class=\"fl-col-content fl-node-content\">\n<div class=\"fl-module fl-module-photo fl-node-657001fc7d9ad\" data-animation-delay=\"0.0\" data-node=\"657001fc7d9ad\">\n<div class=\"fl-module-content fl-node-content\">\n<div class=\"fl-photo fl-photo-align-center\" itemscope=\"\" itemtype=\"http:\/\/schema.org\/ImageObject\">\n<div class=\"fl-photo-content fl-photo-img-png\"> <img decoding=\"async\" alt=\"&#24494;&#20449;&#25130;&#22270;_20231206112113\" class=\"fl-photo-img wp-image-5393\" itemprop=\"image\" src=\"\/wp-content\/uploads\/2025\/09\/06bef272babefc1e.webp\"> <\/div>\n<\/p><\/div>\n<\/p><\/div>\n<\/p><\/div>\n<\/p><\/div>\n<\/p><\/div>\n<\/p><\/div>\n<div class=\"fl-col-group fl-node-657001fc7d9ec\" data-node=\"657001fc7d9ec\">\n<div class=\"fl-col fl-node-657001fc7da2d fl-col-small\" data-node=\"657001fc7da2d\" style=\"width: 50%;\">\n<div class=\"fl-col-content fl-node-content\">\n<div class=\"fl-module fl-module-rich-text fl-node-657001fc7d72a\" data-animation-delay=\"0.0\" data-node=\"657001fc7d72a\">\n<div class=\"fl-module-content fl-node-content\">\n<div class=\"fl-rich-text\">\n<p><strong>Propriedades :<\/strong><br \/>-Excelente estabilidade t\u00e9rmica<br \/>-Alta resist\u00eancia mec\u00e2nica<br \/>-Boa condutividade el\u00e9trica e t\u00e9rmica<br \/>-Excelente resist\u00eancia ao choque t\u00e9rmico e corros\u00e3o<br \/>-Alta pureza do material<br \/>-Alta capacidade de carga el\u00e9trica<br \/>-Perfil de temperatura uniforme<\/p>\n<\/p><\/div>\n<\/p><\/div>\n<\/p><\/div>\n<\/p><\/div>\n<\/p><\/div>\n<div class=\"fl-col fl-node-657001fc7da6d fl-col-small\" data-node=\"657001fc7da6d\" style=\"width: 50%;\">\n<div class=\"fl-col-content fl-node-content\">\n<div class=\"fl-module fl-module-photo fl-node-657001fc7daad\" data-animation-delay=\"0.0\" data-node=\"657001fc7daad\">\n<div class=\"fl-module-content fl-node-content\">\n<div class=\"fl-photo fl-photo-align-center\" itemscope=\"\" itemtype=\"http:\/\/schema.org\/ImageObject\">\n<div class=\"fl-photo-content fl-photo-img-png\"> <img decoding=\"async\" alt=\"&#24494;&#20449;&#25130;&#22270;_20231206112141\" class=\"fl-photo-img wp-image-5394\" itemprop=\"image\" src=\"\/wp-content\/uploads\/2025\/09\/c0fde29a528d2d7a.webp\"> <\/div>\n<\/p><\/div>\n<\/p><\/div>\n<\/p><\/div>\n<\/p><\/div>\n<\/p><\/div>\n<\/p><\/div>\n<div class=\"fl-col-group fl-node-657001fc7daed\" data-node=\"657001fc7daed\">\n<div class=\"fl-col fl-node-657001fc7dbac fl-col-small\" data-node=\"657001fc7dbac\" style=\"width: 50%;\">\n<div class=\"fl-col-content fl-node-content\">\n<div class=\"fl-module fl-module-photo fl-node-657001fc7db6c\" data-animation-delay=\"0.0\" data-node=\"657001fc7db6c\">\n<div class=\"fl-module-content fl-node-content\">\n<div class=\"fl-photo fl-photo-align-center\" itemscope=\"\" itemtype=\"http:\/\/schema.org\/ImageObject\">\n<div class=\"fl-photo-content fl-photo-img-png\"> <img decoding=\"async\" alt=\"Feel de grafite (1)\" class=\"fl-photo-img wp-image-5395\" itemprop=\"image\" src=\"\/wp-content\/uploads\/2025\/09\/998a0d4f5cbf8804.webp\"> <\/div>\n<\/p><\/div>\n<\/p><\/div>\n<\/p><\/div>\n<\/p><\/div>\n<\/p><\/div>\n<div class=\"fl-col fl-node-657001fc7db2d fl-col-small\" data-node=\"657001fc7db2d\" style=\"width: 50%;\">\n<div class=\"fl-col-content fl-node-content\">\n<div class=\"fl-module fl-module-rich-text fl-node-657001fc7d76a\" data-animation-delay=\"0.0\" data-node=\"657001fc7d76a\">\n<div class=\"fl-module-content fl-node-content\">\n<div class=\"fl-rich-text\">\n<p><strong>Campos de aplica\u00e7\u00f5es:<\/strong><br \/>-Fornos a v\u00e1cuo<br \/>-Fornos de g\u00e1s inerte<br \/>-Tratamento t\u00e9rmico<br \/>(endurecimento, carboniza\u00e7\u00e3o, brasagem, etc.)<br \/>-Produ\u00e7\u00e3o de fibra de carbono<br \/>-Produ\u00e7\u00e3o de metal duro<br \/>-Aplica\u00e7\u00f5es de sinteriza\u00e7\u00e3o<br \/>-Produ\u00e7\u00e3o de cer\u00e2mica t\u00e9cnica<br \/>-CVD\/PVD Costa<\/p>\n<\/p><\/div>\n<\/p><\/div>\n<\/p><\/div>\n<\/p><\/div>\n<\/p><\/div>\n<\/p><\/div>\n<div class=\"fl-col-group fl-node-657001fc7d7aa\" data-node=\"657001fc7d7aa\">\n<div class=\"fl-col fl-node-657001fc7d7ea\" data-node=\"657001fc7d7ea\" style=\"width: 100%;\">\n<div class=\"fl-col-content fl-node-content\">\n<div class=\"fl-module fl-module-gallery fl-node-657001fc7d82a\" data-animation-delay=\"0.0\" data-node=\"657001fc7d82a\">\n<div class=\"fl-module-content fl-node-content\">\n<div class=\"fl-mosaicflow\">\n<div class=\"fl-mosaicflow-content\">\n<div class=\"fl-mosaicflow-item\">\n<div class=\"fl-photo fl-photo-align-center\" itemscope=\"\" itemtype=\"http:\/\/schema.org\/ImageObject\">\n<div class=\"fl-photo-content fl-photo-img-jpg\"> <a href=\"\/pt\/uploads\/Soft-Felt-5.webp\/\" itemprop=\"url\" target=\"_self\"> <img decoding=\"async\" alt=\"Soft Felt (5)\" class=\"fl-photo-img wp-image-2364\" itemprop=\"image\" src=\"\/wp-content\/uploads\/2025\/09\/90023093f967c7bc.webp\"> <\/a> <\/div>\n<\/p><\/div>\n<\/p><\/div>\n<div class=\"fl-mosaicflow-item\">\n<div class=\"fl-photo fl-photo-align-center\" itemscope=\"\" itemtype=\"http:\/\/schema.org\/ImageObject\">\n<div class=\"fl-photo-content fl-photo-img-jpg\"> <a href=\"\/pt\/uploads\/Soft-Felt-7.webp\/\" itemprop=\"url\" target=\"_self\"> <img decoding=\"async\" alt=\"Soft Felt (7)\" class=\"fl-photo-img wp-image-2366\" itemprop=\"image\" src=\"\/wp-content\/uploads\/2025\/09\/4d2a0ce8de54e8af.webp\"> <\/a> <\/div>\n<\/p><\/div>\n<\/p><\/div>\n<div class=\"fl-mosaicflow-item\">\n<div class=\"fl-photo fl-photo-align-center\" itemscope=\"\" itemtype=\"http:\/\/schema.org\/ImageObject\">\n<div class=\"fl-photo-content fl-photo-img-jpg\"> <a href=\"\/pt\/uploads\/Soft-Felt-4.webp\/\" itemprop=\"url\" target=\"_self\"> <img decoding=\"async\" alt=\"Soft Felt (4)\" class=\"fl-photo-img wp-image-2367\" itemprop=\"image\" src=\"\/wp-content\/uploads\/2025\/09\/778e08640f4e2401.webp\"> <\/a> <\/div>\n<\/p><\/div>\n<\/p><\/div>\n<\/p><\/div>\n<div class=\"fl-clear\"><\/div>\n<\/p><\/div>\n<\/p><\/div>\n<\/p><\/div>\n<\/p><\/div>\n<\/p><\/div>\n<\/p><\/div>\n<div class=\"fl-col-group fl-node-66177475b89a2\" data-node=\"66177475b89a2\">\n<div class=\"fl-col fl-node-66177475b8b62\" data-node=\"66177475b8b62\" style=\"width: 100%;\">\n<div class=\"fl-col-content fl-node-content\">\n<div class=\"fl-module fl-module-rich-text fl-node-66177475b884f\" data-animation-delay=\"0.0\" data-node=\"66177475b884f\">\n<div class=\"fl-module-content fl-node-content\">\n<div class=\"fl-rich-text\">\n<p style=\"text-align: center;\">\n<p style=\"text-align: center;\"> &nbsp;&nbsp;&nbsp;<\/p>\n<p style=\"text-align: center;\">\n<\/p><\/div>\n<\/p><\/div>\n<\/p><\/div>\n<\/p><\/div>\n<\/p><\/div>\n<\/p><\/div>\n<\/p><\/div>\n<\/p><\/div>\n<\/p><\/div>\n<\/div>","protected":false},"excerpt":{"rendered":"<p><?xml encoding=\"utf-8\" ?><\/p>\n<p>Semicera&nbsp;EnergyTechnology Co., Ltd.is a leading supplier specializing in wafer and advanced semiconductor consumables.We are dedicated to providing high-quality, reliable, and innovative products to semiconductor manufacturing,photovoltaic industryand other related fields.Our product line includes SiC\/TaC coated graphite products and ceramic products, encompassing various materials such as silicon carbide, silicon nitride, and aluminum oxide and etc.As a trusted supplier, we understand the importance of consumables in the manufacturing process, and we are committed to delivering products that meet the highest quality standards to fulfill our customers&rsquo; needs.<\/p>","protected":false},"featured_media":811,"comment_status":"closed","ping_status":"open","template":"","meta":[],"product_brand":[],"product_cat":[29,43],"product_tag":[],"class_list":{"0":"post-2126","1":"product","2":"type-product","3":"status-publish","4":"has-post-thumbnail","6":"product_cat-carbon-fiber","7":"product_cat-soft-felt","9":"first","10":"instock","11":"product-type-simple"},"_links":{"self":[{"href":"https:\/\/www.cn-semiconductorparts.com\/pt\/wp-json\/wp\/v2\/product\/2126","targetHints":{"allow":["GET"]}}],"collection":[{"href":"https:\/\/www.cn-semiconductorparts.com\/pt\/wp-json\/wp\/v2\/product"}],"about":[{"href":"https:\/\/www.cn-semiconductorparts.com\/pt\/wp-json\/wp\/v2\/types\/product"}],"replies":[{"embeddable":true,"href":"https:\/\/www.cn-semiconductorparts.com\/pt\/wp-json\/wp\/v2\/comments?post=2126"}],"wp:featuredmedia":[{"embeddable":true,"href":"https:\/\/www.cn-semiconductorparts.com\/pt\/wp-json\/wp\/v2\/media\/811"}],"wp:attachment":[{"href":"https:\/\/www.cn-semiconductorparts.com\/pt\/wp-json\/wp\/v2\/media?parent=2126"}],"wp:term":[{"taxonomy":"product_brand","embeddable":true,"href":"https:\/\/www.cn-semiconductorparts.com\/pt\/wp-json\/wp\/v2\/product_brand?post=2126"},{"taxonomy":"product_cat","embeddable":true,"href":"https:\/\/www.cn-semiconductorparts.com\/pt\/wp-json\/wp\/v2\/product_cat?post=2126"},{"taxonomy":"product_tag","embeddable":true,"href":"https:\/\/www.cn-semiconductorparts.com\/pt\/wp-json\/wp\/v2\/product_tag?post=2126"}],"curies":[{"name":"wp","href":"https:\/\/api.w.org\/{rel}","templated":true}]}}