{"id":2128,"date":"2025-09-11T05:32:53","date_gmt":"2025-09-11T05:32:53","guid":{"rendered":"https:\/\/weitai2.globaldeepsea.site\/product\/high-temperature-resistant-carbon-carbon-composite-material-cfc-carbon-fiber\/"},"modified":"2026-04-29T15:28:53","modified_gmt":"2026-04-29T07:28:53","slug":"high-temperature-resistant-carbon-carbon-composite-material-cfc-carbon-fiber","status":"publish","type":"product","link":"https:\/\/www.cn-semiconductorparts.com\/pt\/product\/high-temperature-resistant-carbon-carbon-composite-material-cfc-carbon-fiber\/","title":{"rendered":"Material composto de carbono resistente a alta temperatura"},"content":{"rendered":"<p><?xml encoding=\"utf-8\" ?><\/p>\n<div class=\"fl-builder-content fl-builder-content-4224 fl-builder-content-primary fl-builder-global-templates-locked\" data-post-id=\"4224\">\n<div class=\"fl-row fl-row-full-width fl-row-bg-none fl-node-64feb30236fe4\" data-node=\"64feb30236fe4\">\n<div class=\"fl-row-content-wrap\">\n<div class=\"fl-row-content fl-row-full-width fl-node-content\">\n<div class=\"fl-col-group fl-node-64feb30237371\" data-node=\"64feb30237371\">\n<div class=\"fl-col fl-node-64feb302373b5\" data-node=\"64feb302373b5\" style=\"width: 100%;\">\n<div class=\"fl-col-content fl-node-content\">\n<div class=\"fl-module fl-module-rich-text fl-node-64feb30237197\" data-animation-delay=\"0.0\" data-node=\"64feb30237197\">\n<div class=\"fl-module-content fl-node-content\">\n<div class=\"fl-rich-text\">\n<p><b>Comp\u00f3sitos de carbono:<\/b><\/p>\n<p data-section=\"0\">Carbon\/carbon composites are carbon matrix composites reinforced by carbon fibers and their fabrics. With low density (&amp;lt; 2.0g\/cm3), high strength, high specific modulus, high thermal conductivity, low coefficient of expansion, good friction performance, good thermal shock resistance, high dimensional stability, is now in the application of more than 1650&#8451;, the highest theoretical temperature up to 2600&#8451;, so it is considered to be one of the most promising high temperature materials.<\/p>\n<\/p><\/div>\n<\/p><\/div>\n<\/p><\/div>\n<\/p><\/div>\n<\/p><\/div>\n<\/p><\/div>\n<div class=\"fl-col-group fl-node-64feb3023702a\" data-node=\"64feb3023702a\">\n<div class=\"fl-col fl-node-64feb3023706f\" data-node=\"64feb3023706f\" style=\"width: 100%;\">\n<div class=\"fl-col-content fl-node-content\">\n<div class=\"fl-module fl-module-rich-text fl-node-64feb302370ca\" data-animation-delay=\"0.0\" data-node=\"64feb302370ca\">\n<div class=\"fl-module-content fl-node-content\">\n<div class=\"fl-rich-text\">\n<table border=\"0\" cellspacing=\"0\">\n<tbody>\n<tr>\n<td colspan=\"3\" valign=\"center\" width=\"615\">\n<p align=\"center\"><b>Dados t\u00e9cnicos de composto de carbono\/carbono<\/b><\/p>\n<\/td>\n<td valign=\"center\" width=\"10\">\n<p>&nbsp;<\/p>\n<\/td>\n<\/tr>\n<tr>\n<td valign=\"center\" width=\"205\">\n<p>\u00cdndice<\/p>\n<\/td>\n<td valign=\"center\" width=\"126\">\n<p align=\"center\">Unidade<\/p>\n<\/td>\n<td valign=\"center\" width=\"283\">\n<p align=\"center\">Valor<\/p>\n<\/td>\n<td valign=\"center\" width=\"10\">\n<p>&nbsp;<\/p>\n<\/td>\n<\/tr>\n<tr>\n<td valign=\"center\" width=\"205\">\n<p>Densidade a granel<\/p>\n<\/td>\n<td valign=\"center\" width=\"126\">\n<p align=\"center\">g\/cm3<\/p>\n<\/td>\n<td valign=\"center\" width=\"283\">\n<p align=\"center\">1.40~1.50<\/p>\n<\/td>\n<td valign=\"center\" width=\"10\">\n<p>&nbsp;<\/p>\n<\/td>\n<\/tr>\n<tr>\n<td valign=\"center\" width=\"205\">\n<p>Teor de carbono<\/p>\n<\/td>\n<td valign=\"center\" width=\"126\">\n<p align=\"center\">%<\/p>\n<\/td>\n<td valign=\"center\" width=\"283\">\n<p align=\"center\">&ge;98.5~99.9<\/p>\n<\/td>\n<td valign=\"center\" width=\"10\">\n<p>&nbsp;<\/p>\n<\/td>\n<\/tr>\n<tr>\n<td valign=\"center\" width=\"205\">\n<p>Cinzas<\/p>\n<\/td>\n<td valign=\"center\" width=\"126\">\n<p align=\"center\">Ppm<\/p>\n<\/td>\n<td valign=\"center\" width=\"283\">\n<p align=\"center\">&le;65<\/p>\n<\/td>\n<td valign=\"center\" width=\"10\">\n<p>&nbsp;<\/p>\n<\/td>\n<\/tr>\n<tr>\n<td valign=\"center\" width=\"205\">\n<p>Thermal conductivity (1150&#8451;)<\/p>\n<\/td>\n<td valign=\"center\" width=\"126\">\n<p align=\"center\">W\/mk<\/p>\n<\/td>\n<td valign=\"center\" width=\"283\">\n<p align=\"center\">10~30<\/p>\n<\/td>\n<td valign=\"center\" width=\"10\">\n<p>&nbsp;<\/p>\n<\/td>\n<\/tr>\n<tr>\n<td valign=\"center\" width=\"205\">\n<p>Resist\u00eancia \u00e0 trac\u00e7\u00e3o<\/p>\n<\/td>\n<td valign=\"center\" width=\"126\">\n<p align=\"center\">MPA<\/p>\n<\/td>\n<td valign=\"center\" width=\"283\">\n<p align=\"center\">90~130<\/p>\n<\/td>\n<td valign=\"center\" width=\"10\">\n<p>&nbsp;<\/p>\n<\/td>\n<\/tr>\n<tr>\n<td valign=\"center\" width=\"205\">\n<p>For\u00e7a de flex\u00e3o<\/p>\n<\/td>\n<td valign=\"center\" width=\"126\">\n<p align=\"center\">MPA<\/p>\n<\/td>\n<td valign=\"center\" width=\"283\">\n<p align=\"center\">100~150<\/p>\n<\/td>\n<td valign=\"center\" width=\"10\">\n<p>&nbsp;<\/p>\n<\/td>\n<\/tr>\n<tr>\n<td valign=\"center\" width=\"205\">\n<p>For\u00e7a de compress\u00e3o<\/p>\n<\/td>\n<td valign=\"center\" width=\"126\">\n<p align=\"center\">MPA<\/p>\n<\/td>\n<td valign=\"center\" width=\"283\">\n<p align=\"center\">130~170<\/p>\n<\/td>\n<td valign=\"center\" width=\"10\">\n<p>&nbsp;<\/p>\n<\/td>\n<\/tr>\n<tr>\n<td valign=\"center\" width=\"205\">\n<p>For\u00e7a de cisalhamento<\/p>\n<\/td>\n<td valign=\"center\" width=\"126\">\n<p align=\"center\">MPA<\/p>\n<\/td>\n<td valign=\"center\" width=\"283\">\n<p align=\"center\">50~60<\/p>\n<\/td>\n<td valign=\"center\" width=\"10\">\n<p>&nbsp;<\/p>\n<\/td>\n<\/tr>\n<tr>\n<td valign=\"center\" width=\"205\">\n<p>For\u00e7a de cisalhamento interlaminar<\/p>\n<\/td>\n<td valign=\"center\" width=\"126\">\n<p align=\"center\">MPA<\/p>\n<\/td>\n<td valign=\"center\" width=\"283\">\n<p align=\"center\">&ge;13<\/p>\n<\/td>\n<td valign=\"center\" width=\"10\">\n<p>&nbsp;<\/p>\n<\/td>\n<\/tr>\n<tr>\n<td valign=\"center\" width=\"205\">\n<p>Resistividade el\u00e9trica<\/p>\n<\/td>\n<td valign=\"center\" width=\"126\">\n<p align=\"center\">&Omega;.mm2\/m<\/p>\n<\/td>\n<td valign=\"center\" width=\"283\">\n<p align=\"center\">30~43<\/p>\n<\/td>\n<td valign=\"center\" width=\"10\">\n<p>&nbsp;<\/p>\n<\/td>\n<\/tr>\n<tr>\n<td valign=\"center\" width=\"205\">\n<p>Coeficiente de expans\u00e3o t\u00e9rmica<\/p>\n<\/td>\n<td valign=\"center\" width=\"126\">\n<p align=\"center\">106\/K<\/p>\n<\/td>\n<td valign=\"center\" width=\"283\">\n<p align=\"center\">0.3~1.2<\/p>\n<\/td>\n<td valign=\"center\" width=\"10\">\n<p>&nbsp;<\/p>\n<\/td>\n<\/tr>\n<tr>\n<td valign=\"center\" width=\"205\">\n<p>Temperatura de processamento<\/p>\n<\/td>\n<td valign=\"center\" width=\"126\">\n<p align=\"center\">&#8451;<\/p>\n<\/td>\n<td valign=\"center\" width=\"283\">\n<p align=\"center\">&ge;2400&#8451;<\/p>\n<\/td>\n<td valign=\"center\" width=\"10\">\n<p>&nbsp;<\/p>\n<\/td>\n<\/tr>\n<tr>\n<td colspan=\"3\" rowspan=\"2\" valign=\"center\" width=\"615\">\n<p>Qualidade militar, deposi\u00e7\u00e3o de forno de deposi\u00e7\u00e3o de vapor qu\u00edmico completo, importa\u00e7\u00e3o de fibra de carbono Toray T700 tric\u00f4 de agulha 3D pr\u00e9-tecido<br \/>Especifica\u00e7\u00f5es do material: di\u00e2metro externo m\u00e1ximo 2000 mm, espessura da parede 8-25mm, altura 1600 mm<\/p>\n<\/td>\n<td valign=\"center\">\n<p>&nbsp;<\/p>\n<\/td>\n<\/tr>\n<tr>\n<td valign=\"center\">&nbsp;<\/td>\n<\/tr>\n<\/tbody>\n<\/table><\/div>\n<\/p><\/div>\n<\/p><\/div>\n<\/p><\/div>\n<\/p><\/div>\n<\/p><\/div>\n<div class=\"fl-col-group fl-node-64feb302371db\" data-node=\"64feb302371db\">\n<div class=\"fl-col fl-node-64feb3023721e fl-col-small\" data-node=\"64feb3023721e\" style=\"width: 50%;\">\n<div class=\"fl-col-content fl-node-content\">\n<div class=\"fl-module fl-module-rich-text fl-node-64feb30237110\" data-animation-delay=\"0.0\" data-node=\"64feb30237110\">\n<div class=\"fl-module-content fl-node-content\">\n<div class=\"fl-rich-text\">\n<p>Pode ser amplamente utilizado no ambiente de alta temperatura de v\u00e1rias estrutura, aquecedor e vaso. Comparado com os materiais de engenharia tradicionais, o composto de carbono tem as seguintes vantagens:<\/p>\n<p>1) alta resist\u00eancia<\/p>\n<p>2) High temperature up to 2000&#8451;<\/p>\n<p>3) Resist\u00eancia ao choque t\u00e9rmico<\/p>\n<p>4) baixo coeficiente de expans\u00e3o t\u00e9rmica<\/p>\n<p>5) Pequena capacidade t\u00e9rmica<\/p>\n<p>6) Excelente resist\u00eancia \u00e0 corros\u00e3o e resist\u00eancia \u00e0 radia\u00e7\u00e3o<\/p>\n<\/p><\/div>\n<\/p><\/div>\n<\/p><\/div>\n<\/p><\/div>\n<\/p><\/div>\n<div class=\"fl-col fl-node-64feb30237263 fl-col-small\" data-node=\"64feb30237263\" style=\"width: 50%;\">\n<div class=\"fl-col-content fl-node-content\">\n<div class=\"fl-module fl-module-rich-text fl-node-64feb30237154\" data-animation-delay=\"0.0\" data-node=\"64feb30237154\">\n<div class=\"fl-module-content fl-node-content\">\n<div class=\"fl-rich-text\">\n<p><b>Aplicativo:<\/b><br \/>1. Aeroespacial. Devido ao material composto, tem boa estabilidade t\u00e9rmica, alta resist\u00eancia e rigidez espec\u00edficas. Pode ser usado para fabricar freios a aeronaves, asa e fuselagem, antena de sat\u00e9lite e uma estrutura de suporte, asa solar e concha, concha de foguete grande portadora, casca do motor, etc.<\/p>\n<p>2. A ind\u00fastria automobil\u00edstica.<\/p>\n<p>3. O campo m\u00e9dico.<\/p>\n<p>4. Isolamento de calor<\/p>\n<p>5. Unidade de aquecimento<\/p>\n<p>6. Insulula\u00e7\u00e3o de raios<\/p>\n<\/p><\/div>\n<\/p><\/div>\n<\/p><\/div>\n<\/p><\/div>\n<\/p><\/div>\n<\/p><\/div>\n<div class=\"fl-col-group fl-node-64feb302372a7\" data-node=\"64feb302372a7\">\n<div class=\"fl-col fl-node-64feb302372ea\" data-node=\"64feb302372ea\" style=\"width: 100%;\">\n<div class=\"fl-col-content fl-node-content\">\n<div class=\"fl-module fl-module-gallery fl-node-64feb3023732e\" data-animation-delay=\"0.0\" data-node=\"64feb3023732e\">\n<div class=\"fl-module-content fl-node-content\">\n<div class=\"fl-mosaicflow\">\n<div class=\"fl-mosaicflow-content\">\n<div class=\"fl-mosaicflow-item\">\n<div class=\"fl-photo fl-photo-align-center\" itemscope=\"\" itemtype=\"http:\/\/schema.org\/ImageObject\">\n<div class=\"fl-photo-content fl-photo-img-jpg\"> <a href=\"\/pt\/uploads\/Main-015.webp\/\" itemprop=\"url\" target=\"_self\"> <img decoding=\"async\" alt=\"Main-01\" class=\"fl-photo-img wp-image-2412\" itemprop=\"image\" src=\"\/wp-content\/uploads\/2025\/09\/8b5bc07db6f86acd.webp\"> <\/a> <\/div>\n<\/p><\/div>\n<\/p><\/div>\n<div class=\"fl-mosaicflow-item\">\n<div class=\"fl-photo fl-photo-align-center\" itemscope=\"\" itemtype=\"http:\/\/schema.org\/ImageObject\">\n<div class=\"fl-photo-content fl-photo-img-jpg\"> <a href=\"\/pt\/uploads\/Main-022.webp\/\" itemprop=\"url\" target=\"_self\"> <img decoding=\"async\" alt=\"Main-02\" class=\"fl-photo-img wp-image-2413\" itemprop=\"image\" src=\"\/wp-content\/uploads\/2025\/09\/b8f96da4b9f6f20b.webp\"> <\/a> <\/div>\n<\/p><\/div>\n<\/p><\/div>\n<div class=\"fl-mosaicflow-item\">\n<div class=\"fl-photo fl-photo-align-center\" itemscope=\"\" itemtype=\"http:\/\/schema.org\/ImageObject\">\n<div class=\"fl-photo-content fl-photo-img-jpg\"> <a href=\"\/pt\/uploads\/Main-033.webp\/\" itemprop=\"url\" target=\"_self\"> <img decoding=\"async\" alt=\"Main-03\" class=\"fl-photo-img wp-image-2414\" itemprop=\"image\" src=\"\/wp-content\/uploads\/2025\/09\/5e9d5ea14306a866.webp\"> <\/a> <\/div>\n<\/p><\/div>\n<\/p><\/div>\n<\/p><\/div>\n<div class=\"fl-clear\"><\/div>\n<\/p><\/div>\n<\/p><\/div>\n<\/p><\/div>\n<\/p><\/div>\n<\/p><\/div>\n<\/p><\/div>\n<div class=\"fl-col-group fl-node-6617775393aa6\" data-node=\"6617775393aa6\">\n<div class=\"fl-col fl-node-6617775393c4d\" data-node=\"6617775393c4d\" style=\"width: 100%;\">\n<div class=\"fl-col-content fl-node-content\">\n<div class=\"fl-module fl-module-rich-text fl-node-6617775393965\" data-animation-delay=\"0.0\" data-node=\"6617775393965\">\n<div class=\"fl-module-content fl-node-content\">\n<div class=\"fl-rich-text\">\n<\/p><\/div>\n<\/p><\/div>\n<\/p><\/div>\n<\/p><\/div>\n<\/p><\/div>\n<\/p><\/div>\n<\/p><\/div>\n<\/p><\/div>\n<\/p><\/div>\n<\/div>","protected":false},"excerpt":{"rendered":"<p><?xml encoding=\"utf-8\" ?><\/p>\n<p>Semicera&nbsp;EnergyTechnology Co., Ltd.is a leading supplier specializing in wafer and advanced semiconductor consumables.We are dedicated to providing high-quality, reliable, and innovative products to semiconductor manufacturing,photovoltaic industryand other related fields.Our product line includes SiC\/TaC coated graphite products and ceramic products, encompassing various materials such as silicon carbide, silicon nitride, and aluminum oxide and etc.As a trusted supplier, we understand the importance of consumables in the manufacturing process, and we are committed to delivering products that meet the highest quality standards to fulfill our customers&rsquo; needs.<\/p>","protected":false},"featured_media":568,"comment_status":"closed","ping_status":"open","template":"","meta":[],"product_brand":[],"product_cat":[38,29],"product_tag":[],"class_list":{"0":"post-2128","1":"product","2":"type-product","3":"status-publish","4":"has-post-thumbnail","6":"product_cat-c-c-composite-cfc","7":"product_cat-carbon-fiber","9":"first","10":"instock","11":"product-type-simple"},"_links":{"self":[{"href":"https:\/\/www.cn-semiconductorparts.com\/pt\/wp-json\/wp\/v2\/product\/2128","targetHints":{"allow":["GET"]}}],"collection":[{"href":"https:\/\/www.cn-semiconductorparts.com\/pt\/wp-json\/wp\/v2\/product"}],"about":[{"href":"https:\/\/www.cn-semiconductorparts.com\/pt\/wp-json\/wp\/v2\/types\/product"}],"replies":[{"embeddable":true,"href":"https:\/\/www.cn-semiconductorparts.com\/pt\/wp-json\/wp\/v2\/comments?post=2128"}],"wp:featuredmedia":[{"embeddable":true,"href":"https:\/\/www.cn-semiconductorparts.com\/pt\/wp-json\/wp\/v2\/media\/568"}],"wp:attachment":[{"href":"https:\/\/www.cn-semiconductorparts.com\/pt\/wp-json\/wp\/v2\/media?parent=2128"}],"wp:term":[{"taxonomy":"product_brand","embeddable":true,"href":"https:\/\/www.cn-semiconductorparts.com\/pt\/wp-json\/wp\/v2\/product_brand?post=2128"},{"taxonomy":"product_cat","embeddable":true,"href":"https:\/\/www.cn-semiconductorparts.com\/pt\/wp-json\/wp\/v2\/product_cat?post=2128"},{"taxonomy":"product_tag","embeddable":true,"href":"https:\/\/www.cn-semiconductorparts.com\/pt\/wp-json\/wp\/v2\/product_tag?post=2128"}],"curies":[{"name":"wp","href":"https:\/\/api.w.org\/{rel}","templated":true}]}}