{"id":2161,"date":"2025-09-11T05:33:06","date_gmt":"2025-09-11T05:33:06","guid":{"rendered":"https:\/\/weitai2.globaldeepsea.site\/product\/uv-led-sic-coated-graphite-susceptor\/"},"modified":"2026-04-29T15:28:35","modified_gmt":"2026-04-29T07:28:35","slug":"uv-led-sic-coated-graphite-susceptor","status":"publish","type":"product","link":"https:\/\/www.cn-semiconductorparts.com\/pt\/product\/uv-led-sic-coated-graphite-susceptor\/","title":{"rendered":"Susceptor de grafite com revestimento de SIC LED UV"},"content":{"rendered":"","protected":false},"excerpt":{"rendered":"<p>A Semicera \u00e9 um fornecedor l\u00edder de cer\u00e2mica avan\u00e7ada de semicondutores. Our main products include: Silicon carbide etched discs, silicon carbide boat trailers, silicon carbide wafer ships (PV &amp; Semiconductor), silicon carbide furnace tubes, silicon carbide cantilever paddles, silicon carbide chuck, silicon carbide beams, as well as CVD SiC coatings and TaC coatings.The products are mainly used in the Ind\u00fastrias semicondutores e fotovoltaicas, como crescimento de cristais, epitaxia, gravura, embalagem, revestimento e equipamento de forno de difus\u00e3o.<\/p>","protected":false},"featured_media":691,"comment_status":"closed","ping_status":"open","template":"","meta":[],"product_brand":[],"product_cat":[15],"product_tag":[],"class_list":{"0":"post-2161","1":"product","2":"type-product","3":"status-publish","4":"has-post-thumbnail","6":"product_cat-uncategorized","8":"first","9":"instock","10":"product-type-simple"},"_links":{"self":[{"href":"https:\/\/www.cn-semiconductorparts.com\/pt\/wp-json\/wp\/v2\/product\/2161","targetHints":{"allow":["GET"]}}],"collection":[{"href":"https:\/\/www.cn-semiconductorparts.com\/pt\/wp-json\/wp\/v2\/product"}],"about":[{"href":"https:\/\/www.cn-semiconductorparts.com\/pt\/wp-json\/wp\/v2\/types\/product"}],"replies":[{"embeddable":true,"href":"https:\/\/www.cn-semiconductorparts.com\/pt\/wp-json\/wp\/v2\/comments?post=2161"}],"wp:featuredmedia":[{"embeddable":true,"href":"https:\/\/www.cn-semiconductorparts.com\/pt\/wp-json\/wp\/v2\/media\/691"}],"wp:attachment":[{"href":"https:\/\/www.cn-semiconductorparts.com\/pt\/wp-json\/wp\/v2\/media?parent=2161"}],"wp:term":[{"taxonomy":"product_brand","embeddable":true,"href":"https:\/\/www.cn-semiconductorparts.com\/pt\/wp-json\/wp\/v2\/product_brand?post=2161"},{"taxonomy":"product_cat","embeddable":true,"href":"https:\/\/www.cn-semiconductorparts.com\/pt\/wp-json\/wp\/v2\/product_cat?post=2161"},{"taxonomy":"product_tag","embeddable":true,"href":"https:\/\/www.cn-semiconductorparts.com\/pt\/wp-json\/wp\/v2\/product_tag?post=2161"}],"curies":[{"name":"wp","href":"https:\/\/api.w.org\/{rel}","templated":true}]}}