{"id":2183,"date":"2025-09-11T05:33:13","date_gmt":"2025-09-11T05:33:13","guid":{"rendered":"https:\/\/weitai2.globaldeepsea.site\/product\/high-quality-silicon-carbide-coated-heating-elements-for-mocvd\/"},"modified":"2026-04-29T15:28:27","modified_gmt":"2026-04-29T07:28:27","slug":"high-quality-silicon-carbide-coated-heating-elements-for-mocvd","status":"publish","type":"product","link":"https:\/\/www.cn-semiconductorparts.com\/pt\/product\/high-quality-silicon-carbide-coated-heating-elements-for-mocvd\/","title":{"rendered":"High Quality Silicon Carbide Coated Heating Elements For MOCVD"},"content":{"rendered":"<div class=\"fl-builder-content fl-builder-content-3711 fl-builder-content-primary fl-builder-global-templates-locked\" data-post-id=\"3711\">\n<div class=\"fl-row fl-row-full-width fl-row-bg-none fl-node-64ec51d85ea42\" data-node=\"64ec51d85ea42\">\n<div class=\"fl-row-content-wrap\">\n<div class=\"fl-row-content fl-row-full-width fl-node-content\">\n<div class=\"fl-col-group fl-node-64ec51d85ebe2\" data-node=\"64ec51d85ebe2\">\n<div class=\"fl-col fl-node-64ec51d85ec1f fl-col-small\" data-node=\"64ec51d85ec1f\" style=\"width: 50%;\">\n<div class=\"fl-col-content fl-node-content\">\n<div class=\"fl-module fl-module-rich-text fl-node-64ec51d85eb68\" data-animation-delay=\"0.0\" data-node=\"64ec51d85eb68\">\n<div class=\"fl-module-content fl-node-content\">\n<div class=\"fl-rich-text\">\n<p>Principais caracter\u00edsticas do aquecedor de grafite:<\/p>\n<p>1. Uniformidade da estrutura de aquecimento.<\/p>\n<p>2. Boa condutividade el\u00e9trica e alta carga el\u00e9trica.<\/p>\n<p>3. Resist\u00eancia \u00e0 corros\u00e3o.<\/p>\n<p>4. Inoxidizabilidade.<\/p>\n<p>5. Alta pureza qu\u00edmica.<\/p>\n<p>6. Alta resist\u00eancia mec\u00e2nica.<\/p>\n<p>A vantagem \u00e9 eficiente em termos de energia, alto valor e baixa manuten\u00e7\u00e3o. Podemos produzir antioxida\u00e7\u00e3o e cadinho de grafite de longa dura\u00e7\u00e3o, molde de grafite e todas as partes do aquecedor de grafite.<\/p>\n<\/p><\/div>\n<\/p><\/div>\n<\/p><\/div>\n<\/p><\/div>\n<\/p><\/div>\n<div class=\"fl-col fl-node-64ec51d85ec5c fl-col-small\" data-node=\"64ec51d85ec5c\" style=\"width: 50%;\">\n<div class=\"fl-col-content fl-node-content\">\n<div class=\"fl-module fl-module-photo fl-node-64ec51d85eba6\" data-animation-delay=\"0.0\" data-node=\"64ec51d85eba6\">\n<div class=\"fl-module-content fl-node-content\">\n<div class=\"fl-photo fl-photo-align-center\" itemscope=\"\" itemtype=\"http:\/\/schema.org\/ImageObject\">\n<div class=\"fl-photo-content fl-photo-img-png\"> <img decoding=\"async\" alt=\"Aquecedor de grafite (1) (1)\" class=\"fl-photo-img wp-image-2919\" itemprop=\"image\" src=\"\/wp-content\/uploads\/2025\/09\/a0e76a7468bc7adf.webp\"> <\/img><\/div>\n<\/p><\/div>\n<\/p><\/div>\n<\/p><\/div>\n<\/p><\/div>\n<\/p><\/div>\n<\/p><\/div>\n<div class=\"fl-col-group fl-node-64ec51d85ea81\" data-node=\"64ec51d85ea81\">\n<div class=\"fl-col fl-node-64ec51d85eabf\" data-node=\"64ec51d85eabf\" style=\"width: 100%;\">\n<div class=\"fl-col-content fl-node-content\">\n<div class=\"fl-module fl-module-heading fl-node-64ec51d85eb2b\" data-animation-delay=\"0.0\" data-node=\"64ec51d85eb2b\">\n<div class=\"fl-module-content fl-node-content\">\n<h3 class=\"fl-heading\"> <span class=\"fl-heading-text\">Principais par\u00e2metros do aquecedor de grafite<\/span> <\/h3>\n<\/p><\/div>\n<\/p><\/div>\n<div class=\"fl-module fl-module-rich-text fl-node-64ec51d85eafd\" data-animation-delay=\"0.0\" data-node=\"64ec51d85eafd\">\n<div class=\"fl-module-content fl-node-content\">\n<div class=\"fl-rich-text\">\n<table border=\"1\" cellspacing=\"0\">\n<tbody>\n<tr>\n<td valign=\"center\" width=\"398\">\n<p>Especifica\u00e7\u00e3o t\u00e9cnica<\/p>\n<\/td>\n<td valign=\"center\" width=\"281\">\n<p>VET-M3<\/p>\n<\/td>\n<\/tr>\n<tr>\n<td valign=\"center\">\n<p>Densidade em massa (g\/cm3)<\/p>\n<\/td>\n<td valign=\"center\">\n<p>\u22651.85<\/p>\n<\/td>\n<\/tr>\n<tr>\n<td valign=\"center\">\n<p>Conte\u00fado de cinzas (ppm)<\/p>\n<\/td>\n<td valign=\"center\">\n<p>\u2264500<\/p>\n<\/td>\n<\/tr>\n<tr>\n<td valign=\"center\">\n<p>Dureza da costa<\/p>\n<\/td>\n<td valign=\"center\">\n<p>\u226545<\/p>\n<\/td>\n<\/tr>\n<tr>\n<td valign=\"center\">\n<p>Resist\u00eancia espec\u00edfica (\u03bc.\u03c9.m)<\/p>\n<\/td>\n<td valign=\"center\">\n<p>\u226412<\/p>\n<\/td>\n<\/tr>\n<tr>\n<td valign=\"center\">\n<p>For\u00e7a de flex\u00e3o (MPA)<\/p>\n<\/td>\n<td valign=\"center\">\n<p>\u226540<\/p>\n<\/td>\n<\/tr>\n<tr>\n<td valign=\"center\">\n<p>For\u00e7a de compress\u00e3o (MPA)<\/p>\n<\/td>\n<td valign=\"center\">\n<p>\u226570<\/p>\n<\/td>\n<\/tr>\n<tr>\n<td valign=\"center\">\n<p>M\u00e1x. Tamanho de gr\u00e3o (\u03bcm)<\/p>\n<\/td>\n<td valign=\"center\">\n<p>\u226443<\/p>\n<\/td>\n<\/tr>\n<tr>\n<td valign=\"center\">\n<p>Coeficiente de expans\u00e3o t\u00e9rmica mm\/\u00b0 C<\/p>\n<\/td>\n<td valign=\"center\">\n<p>\u22644.4*10-6<\/p>\n<\/td>\n<\/tr>\n<\/tbody>\n<\/table><\/div>\n<\/p><\/div>\n<\/p><\/div>\n<\/p><\/div>\n<\/p><\/div>\n<\/p><\/div>\n<div class=\"fl-col-group fl-node-64ec51d85ec99\" data-node=\"64ec51d85ec99\">\n<div class=\"fl-col fl-node-64ec51d85ecd6\" data-node=\"64ec51d85ecd6\" style=\"width: 100%;\">\n<div class=\"fl-col-content fl-node-content\">\n<div class=\"fl-module fl-module-gallery fl-node-64ec51d85ed14\" data-animation-delay=\"0.0\" data-node=\"64ec51d85ed14\">\n<div class=\"fl-module-content fl-node-content\">\n<div class=\"fl-mosaicflow\">\n<div class=\"fl-mosaicflow-content\">\n<div class=\"fl-mosaicflow-item\">\n<div class=\"fl-photo fl-photo-align-center\" itemscope=\"\" itemtype=\"http:\/\/schema.org\/ImageObject\">\n<div class=\"fl-photo-content fl-photo-img-png\"> <a href=\"\/pt\/uploads\/Graphite-heater-5.webp\/\" itemprop=\"url\" target=\"_self\"> <img decoding=\"async\" alt=\"Aquecedor de grafite (5)\" class=\"fl-photo-img wp-image-2922\" itemprop=\"image\" src=\"\/wp-content\/uploads\/2025\/09\/0738970b27dc3b12.webp\"> <\/img><\/a> <\/div>\n<\/p><\/div>\n<\/p><\/div>\n<div class=\"fl-mosaicflow-item\">\n<div class=\"fl-photo fl-photo-align-center\" itemscope=\"\" itemtype=\"http:\/\/schema.org\/ImageObject\">\n<div class=\"fl-photo-content fl-photo-img-png\"> <a href=\"\/pt\/uploads\/Graphite-heater-6.webp\/\" itemprop=\"url\" target=\"_self\"> <img decoding=\"async\" alt=\"Aquecedor de grafite (6)\" class=\"fl-photo-img wp-image-2923\" itemprop=\"image\" src=\"\/wp-content\/uploads\/2025\/09\/6234125f7c2c154c.webp\"> <\/img><\/a> <\/div>\n<\/p><\/div>\n<\/p><\/div>\n<\/p><\/div>\n<div class=\"fl-clear\"><\/div>\n<\/p><\/div>\n<\/p><\/div>\n<\/p><\/div>\n<\/p><\/div>\n<\/p><\/div>\n<\/p><\/div>\n<\/p><\/div>\n<\/p><\/div>\n<\/p><\/div>\n<\/div>","protected":false},"excerpt":{"rendered":"<p>A Semicera \u00e9 um fornecedor l\u00edder especializado em wafer e consum\u00edveis avan\u00e7ados de semicondutores. We are dedicated to providing high-quality, reliable, and innovative products to semiconductor manufacturing, photovoltaic industry and other related fields.Our product line includes SiC\/TaC coated graphite products and ceramic products, encompassing various materials such as silicon carbide, silicon nitride, and aluminum oxide and etc.As a trusted supplier, we understand the importance of consumables in the manufacturing process, and we are committed to Entregar produtos que atendam aos padr\u00f5es da mais alta qualidade para atender \u00e0s necessidades de nossos clientes.<\/p>","protected":false},"featured_media":1105,"comment_status":"closed","ping_status":"open","template":"","meta":[],"product_brand":[],"product_cat":[25,24],"product_tag":[],"class_list":{"0":"post-2183","1":"product","2":"type-product","3":"status-publish","4":"has-post-thumbnail","6":"product_cat-more-sic-product","7":"product_cat-silicon-carbide-ceramic","9":"first","10":"instock","11":"product-type-simple"},"_links":{"self":[{"href":"https:\/\/www.cn-semiconductorparts.com\/pt\/wp-json\/wp\/v2\/product\/2183","targetHints":{"allow":["GET"]}}],"collection":[{"href":"https:\/\/www.cn-semiconductorparts.com\/pt\/wp-json\/wp\/v2\/product"}],"about":[{"href":"https:\/\/www.cn-semiconductorparts.com\/pt\/wp-json\/wp\/v2\/types\/product"}],"replies":[{"embeddable":true,"href":"https:\/\/www.cn-semiconductorparts.com\/pt\/wp-json\/wp\/v2\/comments?post=2183"}],"wp:featuredmedia":[{"embeddable":true,"href":"https:\/\/www.cn-semiconductorparts.com\/pt\/wp-json\/wp\/v2\/media\/1105"}],"wp:attachment":[{"href":"https:\/\/www.cn-semiconductorparts.com\/pt\/wp-json\/wp\/v2\/media?parent=2183"}],"wp:term":[{"taxonomy":"product_brand","embeddable":true,"href":"https:\/\/www.cn-semiconductorparts.com\/pt\/wp-json\/wp\/v2\/product_brand?post=2183"},{"taxonomy":"product_cat","embeddable":true,"href":"https:\/\/www.cn-semiconductorparts.com\/pt\/wp-json\/wp\/v2\/product_cat?post=2183"},{"taxonomy":"product_tag","embeddable":true,"href":"https:\/\/www.cn-semiconductorparts.com\/pt\/wp-json\/wp\/v2\/product_tag?post=2183"}],"curies":[{"name":"wp","href":"https:\/\/api.w.org\/{rel}","templated":true}]}}